{"id":5998,"date":"2024-02-08T11:39:39","date_gmt":"2024-02-08T16:39:39","guid":{"rendered":"https:\/\/floridalawyers360.com\/palm-bay\/"},"modified":"2024-03-14T00:24:52","modified_gmt":"2024-03-14T05:24:52","slug":"palm-bay","status":"publish","type":"page","link":"https:\/\/floridalawyers360.com\/es\/palm-bay\/","title":{"rendered":"Palm Bay"},"content":{"rendered":"<p>\u00bfFue usted es un ser querido herido debido a un accidente de coche, un accidente de trabajo, o sufren de una lesi\u00f3n personal en Palm Bay? Si es as\u00ed, p\u00f3ngase en contacto con los abogados de Florida Lawyers 360. Le trataremos como a una persona, no como a un n\u00famero, y trabajaremos con diligencia para conseguirle la indemnizaci\u00f3n que se merece.<\/p>\n<p>Nuestro bufete ha conseguido millones de d\u00f3lares para nuestros clientes. Perm\u00edtanos centrarnos en las compa\u00f1\u00edas de seguros para que usted pueda centrarse en mejorar. Estamos disponibles 24\/7, p\u00f3ngase en contacto con nosotros en cualquier momento para establecer su revisi\u00f3n inicial del caso gratis.<\/p>\n","protected":false},"excerpt":{"rendered":"<p>\u00bfFue usted es un ser querido herido debido a un accidente de coche, un accidente de trabajo, o sufren de una lesi\u00f3n personal en Palm Bay? Si es as\u00ed, p\u00f3ngase en contacto con los abogados de Florida Lawyers 360. Le trataremos como a una persona, no como a un n\u00famero, y trabajaremos con diligencia para [&hellip;]<\/p>\n","protected":false},"author":22,"featured_media":3462,"parent":0,"menu_order":0,"comment_status":"closed","ping_status":"closed","template":"","meta":{"_acf_changed":false,"anchor_text":"","footnotes":""},"categories":[],"tags":[],"class_list":["post-5998","page","type-page","status-publish","has-post-thumbnail","hentry"],"acf":[],"_links":{"self":[{"href":"https:\/\/floridalawyers360.com\/es\/wp-json\/wp\/v2\/pages\/5998","targetHints":{"allow":["GET"]}}],"collection":[{"href":"https:\/\/floridalawyers360.com\/es\/wp-json\/wp\/v2\/pages"}],"about":[{"href":"https:\/\/floridalawyers360.com\/es\/wp-json\/wp\/v2\/types\/page"}],"author":[{"embeddable":true,"href":"https:\/\/floridalawyers360.com\/es\/wp-json\/wp\/v2\/users\/22"}],"replies":[{"embeddable":true,"href":"https:\/\/floridalawyers360.com\/es\/wp-json\/wp\/v2\/comments?post=5998"}],"version-history":[{"count":1,"href":"https:\/\/floridalawyers360.com\/es\/wp-json\/wp\/v2\/pages\/5998\/revisions"}],"predecessor-version":[{"id":5999,"href":"https:\/\/floridalawyers360.com\/es\/wp-json\/wp\/v2\/pages\/5998\/revisions\/5999"}],"wp:featuredmedia":[{"embeddable":true,"href":"https:\/\/floridalawyers360.com\/es\/wp-json\/wp\/v2\/media\/3462"}],"wp:attachment":[{"href":"https:\/\/floridalawyers360.com\/es\/wp-json\/wp\/v2\/media?parent=5998"}],"wp:term":[{"taxonomy":"category","embeddable":true,"href":"https:\/\/floridalawyers360.com\/es\/wp-json\/wp\/v2\/categories?post=5998"},{"taxonomy":"post_tag","embeddable":true,"href":"https:\/\/floridalawyers360.com\/es\/wp-json\/wp\/v2\/tags?post=5998"}],"curies":[{"name":"wp","href":"https:\/\/api.w.org\/{rel}","templated":true}]}}