{"id":5995,"date":"2024-02-14T10:04:47","date_gmt":"2024-02-14T15:04:47","guid":{"rendered":"https:\/\/floridalawyers360.com\/orlando\/reporting-a-work-injury-in-orlando-fl\/"},"modified":"2024-03-21T01:18:21","modified_gmt":"2024-03-21T06:18:21","slug":"denuncia-de-un-accidente-laboral-en-orlando","status":"publish","type":"page","link":"https:\/\/floridalawyers360.com\/es\/orlando\/denuncia-de-un-accidente-laboral-en-orlando\/","title":{"rendered":"Denuncia de un accidente laboral"},"content":{"rendered":"<p>\u00bfDenunciar a una lesi\u00f3n de trabajo en Orlando? Orlando es uno de los mayores h\u00e1bitats laborales del Sunshine State. Tiene un mercado laboral en crecimiento con oportunidades en educaci\u00f3n, construcci\u00f3n y sanidad, as\u00ed como en turismo y hosteler\u00eda.<\/p>\n<p>Pero el inconveniente es que el potencial de lesiones de trabajo puede suceder tambi\u00e9n es frecuente.<\/p>\n<p>Si se lesiona debido a su trabajo, debe conocer las ventajas de denunciar un accidente laboral en Orlando. No hacerlo puede significar que no reciba ninguna prestaci\u00f3n o indemnizaci\u00f3n. Notificar un accidente de trabajo de forma inexacta puede ponerle en peligro de perder todo aquello para lo que pueda estar cualificado.<\/p>\n<p>Cuando usted sigue el procedimiento de notificaci\u00f3n correcta, puede obtener una compensaci\u00f3n monetaria o beneficios para cubrir la p\u00e9rdida de salario y gastos m\u00e9dicos mientras se recupera.<\/p>\n<p>Haga todo lo posible por presentar la denuncia correcta y eficazmente. Dada la importancia, debe ponerse en contacto con un abogado de compensaci\u00f3n de trabajadores de Orlando para informar sobre su lesi\u00f3n laboral.<\/p>\n<p>Llame a nuestros abogados expertos y comprometidos al <a href=\"tel:+19544487355\"><i class=\"fa fa-phone-alt\"><\/i>954-448-7355<\/a>.<\/p>\n\t\t<div data-elementor-type=\"section\" data-elementor-id=\"208\" class=\"elementor elementor-208\" data-elementor-post-type=\"elementor_library\">\n\t\t\t\t\t<section class=\"elementor-section elementor-top-section elementor-element elementor-element-485e576a elementor-section-boxed elementor-section-height-default elementor-section-height-default\" data-id=\"485e576a\" data-element_type=\"section\" data-e-type=\"section\">\n\t\t\t\t\t\t<div class=\"elementor-container elementor-column-gap-default\">\n\t\t\t\t\t<div class=\"elementor-column elementor-col-100 elementor-top-column elementor-element elementor-element-635c38c0\" data-id=\"635c38c0\" data-element_type=\"column\" data-e-type=\"column\">\n\t\t\t<div class=\"elementor-widget-wrap elementor-element-populated\">\n\t\t\t\t\t\t<div class=\"elementor-element elementor-element-3ba95c8a elementor-toc--minimized-on-tablet elementor-widget elementor-widget-table-of-contents\" data-id=\"3ba95c8a\" data-element_type=\"widget\" data-e-type=\"widget\" data-settings=\"{&quot;exclude_headings_by_selector&quot;:&quot;.toc-remove&quot;,&quot;headings_by_tags&quot;:[&quot;h2&quot;,&quot;h3&quot;],&quot;marker_view&quot;:&quot;numbers&quot;,&quot;no_headings_message&quot;:&quot;No se ha encontrado ning\\u00fan encabezado en esta p\\u00e1gina.&quot;,&quot;minimize_box&quot;:&quot;yes&quot;,&quot;minimized_on&quot;:&quot;tablet&quot;,&quot;hierarchical_view&quot;:&quot;yes&quot;,&quot;min_height&quot;:{&quot;unit&quot;:&quot;px&quot;,&quot;size&quot;:&quot;&quot;,&quot;sizes&quot;:[]},&quot;min_height_tablet&quot;:{&quot;unit&quot;:&quot;px&quot;,&quot;size&quot;:&quot;&quot;,&quot;sizes&quot;:[]},&quot;min_height_mobile&quot;:{&quot;unit&quot;:&quot;px&quot;,&quot;size&quot;:&quot;&quot;,&quot;sizes&quot;:[]}}\" data-widget_type=\"table-of-contents.default\">\n\t\t\t\t\t\t\t\t\t<div class=\"elementor-toc__header\">\n\t\t\t\t\t\t<div class=\"elementor-toc__header-title\">\n\t\t\t\tTable of Contents\t\t\t<\/div>\n\t\t\t\t\t\t\t\t\t\t<div class=\"elementor-toc__toggle-button elementor-toc__toggle-button--expand\" role=\"button\" tabindex=\"0\" aria-controls=\"elementor-toc__3ba95c8a\" aria-expanded=\"true\" aria-label=\"Abrir la tabla de contenidos\"><svg aria-hidden=\"true\" class=\"e-font-icon-svg e-fas-chevron-down\" viewBox=\"0 0 448 512\" xmlns=\"http:\/\/www.w3.org\/2000\/svg\"><path d=\"M207.029 381.476L12.686 187.132c-9.373-9.373-9.373-24.569 0-33.941l22.667-22.667c9.357-9.357 24.522-9.375 33.901-.04L224 284.505l154.745-154.021c9.379-9.335 24.544-9.317 33.901.04l22.667 22.667c9.373 9.373 9.373 24.569 0 33.941L240.971 381.476c-9.373 9.372-24.569 9.372-33.942 0z\"><\/path><\/svg><\/div>\n\t\t\t\t<div class=\"elementor-toc__toggle-button elementor-toc__toggle-button--collapse\" role=\"button\" tabindex=\"0\" aria-controls=\"elementor-toc__3ba95c8a\" aria-expanded=\"true\" aria-label=\"Cerrar la tabla de contenidos\"><svg aria-hidden=\"true\" class=\"e-font-icon-svg e-fas-chevron-up\" viewBox=\"0 0 448 512\" xmlns=\"http:\/\/www.w3.org\/2000\/svg\"><path d=\"M240.971 130.524l194.343 194.343c9.373 9.373 9.373 24.569 0 33.941l-22.667 22.667c-9.357 9.357-24.522 9.375-33.901.04L224 227.495 69.255 381.516c-9.379 9.335-24.544 9.317-33.901-.04l-22.667-22.667c-9.373-9.373-9.373-24.569 0-33.941L207.03 130.525c9.372-9.373 24.568-9.373 33.941-.001z\"><\/path><\/svg><\/div>\n\t\t\t\t\t<\/div>\n\t\t\t\t<div id=\"elementor-toc__3ba95c8a\" class=\"elementor-toc__body\">\n\t\t\t<div class=\"elementor-toc__spinner-container\">\n\t\t\t\t<svg class=\"elementor-toc__spinner eicon-animation-spin e-font-icon-svg e-eicon-loading\" aria-hidden=\"true\" viewBox=\"0 0 1000 1000\" xmlns=\"http:\/\/www.w3.org\/2000\/svg\"><path d=\"M500 975V858C696 858 858 696 858 500S696 142 500 142 142 304 142 500H25C25 237 238 25 500 25S975 237 975 500 763 975 500 975Z\"><\/path><\/svg>\t\t\t<\/div>\n\t\t<\/div>\n\t\t\t\t\t\t<\/div>\n\t\t\t\t\t<\/div>\n\t\t<\/div>\n\t\t\t\t\t<\/div>\n\t\t<\/section>\n\t\t\t\t<\/div>\n\t\t\n<h2>\u00bfCu\u00e1nto tiempo tengo en reportar una lesi\u00f3n de trabajo en Orlando, Florida?<\/h2>\n<p>Cuando se produce la lesi\u00f3n en el entorno de trabajo, usted est\u00e1 en un reloj. Usted tiene 30 d\u00edas para reportar la lesi\u00f3n. Reportar una lesi\u00f3n de trabajo en Orlando a su supervisor inmediatamente es el mejor curso.<\/p>\n<p>Es hipot\u00e9ticamente posible reportarlo despu\u00e9s de 30 d\u00edas, sin embargo, entonces usted habr\u00e1 desperdiciado parte de su per\u00edodo de calificaci\u00f3n para los beneficios, lo que significa que no obtendr\u00e1 cerca de lo mucho que podr\u00eda tener.<\/p>\n<p>Adem\u00e1s, informar de una lesi\u00f3n de trabajo en Orlando despu\u00e9s de 30 d\u00edas tambi\u00e9n hace que sea mucho m\u00e1s simple para su empleador u otras partes pertinentes para despedir a su caso, dej\u00e1ndole sin ning\u00fan tipo de beneficios u opciones.<\/p>\n<p>Lo mejor que puede hacer es informar de su accidente inmediatamente. Cuanto antes lo haga, m\u00e1s probabilidades tendr\u00e1 de que aprueben su solicitud.<\/p>\n<p>Incluso si se enfrenta a oposici\u00f3n, cuanto antes informe de su lesi\u00f3n y consiga que un abogado de compensaci\u00f3n de trabajadores de Orlando le ayude, antes podr\u00e1n empezar a desarrollar su caso al tiempo que limitan las defensas de la empresa.<\/p>\n<p><a href=\"https:\/\/floridalawyers360.com\/wp-content\/uploads\/2024\/02\/orlando-reporting-work-injury1-copy.webp\"><img fetchpriority=\"high\" decoding=\"async\" class=\"alignnone size-full wp-image-3029\" src=\"https:\/\/floridalawyers360.com\/wp-content\/uploads\/2024\/02\/orlando-reporting-work-injury1-copy.webp\" alt=\"Reporting a Work Injury in Orlando, FL\" width=\"500\" height=\"334\" srcset=\"https:\/\/floridalawyers360.com\/wp-content\/uploads\/2024\/02\/orlando-reporting-work-injury1-copy.webp 500w, https:\/\/floridalawyers360.com\/wp-content\/uploads\/2024\/02\/orlando-reporting-work-injury1-copy-300x200.webp 300w\" sizes=\"(max-width: 500px) 100vw, 500px\" \/><\/a><\/p>\n<h2>\u00bfA qui\u00e9n tengo que reportar una lesi\u00f3n en el trabajo?<\/h2>\n<p>En primer lugar, debe informar de una lesi\u00f3n laboral en Orlando a su supervisor inmediato en su lugar de trabajo. Posteriormente, informar\u00e1 a otras partes.<\/p>\n<h2>Responsabilidades de la empresa tras una lesi\u00f3n laboral<\/h2>\n<p>Cuando su empresa se entere de su lesi\u00f3n, debe ayudarle a buscar tratamiento de urgencia (si es necesario) y atenci\u00f3n m\u00e9dica para garantizar su bienestar y su salud. Tambi\u00e9n debe documentar el episodio y llevar a cabo una investigaci\u00f3n interna sobre lo ocurrido.<\/p>\n<p>Tu empresa debe informar de la lesi\u00f3n a su compa\u00f1\u00eda de seguros en un plazo m\u00e1ximo de 7 d\u00edas. La compa\u00f1\u00eda de seguros es responsable de enviarle un folleto en un plazo de 3 d\u00edas desde que su empresa se lo notifique.<\/p>\n<h2>Responsabilidad del trabajador tras una lesi\u00f3n laboral<\/h2>\n<p>Tus obligaciones empiezan por notificar a tu supervisor tu percance o lesi\u00f3n y buscar atenci\u00f3n m\u00e9dica. Cuando acudas al m\u00e9dico, aseg\u00farate de informarle de que se trata de un accidente laboral. Asimismo, rev\u00e9leles qui\u00e9n es su empleador y d\u00f3nde ocurri\u00f3.<\/p>\n<p>Tienen que documentarlo en sus registros.<\/p>\n<p>Tendr\u00e1s que notific\u00e1rselo a tu empresa una vez m\u00e1s, esta vez oficialmente. Sin embargo, esta vez podr\u00eda ser tu supervisor, ya que tienes que informar del incidente a la autoridad correcta dentro de tu organizaci\u00f3n. En la mayor\u00eda de los casos, se trata de Recursos Humanos.<\/p>\n<p>Haz este informe cara a cara si es posible, pero en caso de que no puedas acudir debido a tus lesiones, env\u00eda a un amigo, familiar o incluso abogado de tu confianza.<\/p>\n<p>Acomp\u00e1\u00f1alo de una notificaci\u00f3n por escrito de la que guardes un duplicado. Una vez m\u00e1s, en caso de que no puedas redactarlo o presentarlo t\u00fa mismo, puedes recurrir a amigos, familiares o un abogado.<\/p>\n<p>Aseg\u00farese de seguir todas las instrucciones y directrices de su m\u00e9dico. Si no lo haces, aunque sea en lo m\u00e1s m\u00ednimo, tu empleador o sus asesores legales y de seguros pueden utilizar esto en contra de tu reclamaci\u00f3n.<\/p>\n<p>Puedes lesionarte incluso en lugares aparentemente seguros, como caerte en el ba\u00f1o de una oficina que no ten\u00eda se\u00f1alizaci\u00f3n de suelo mojado. Aunque las lesiones no parezcan graves de inmediato, pueden empeorar con el tiempo.<\/p>\n<p>No espere un mes para descubrir que le faltar\u00e1 sueldo y perder la oportunidad de recuperar parte del mismo a trav\u00e9s de la compensaci\u00f3n de trabajadores. Es importante reportar una lesi\u00f3n de trabajo en Orlando r\u00e1pidamente.<\/p>\n<p><a href=\"https:\/\/floridalawyers360.com\/wp-content\/uploads\/2024\/02\/orlando-reporting-work-injury2-copy.webp\"><img decoding=\"async\" class=\"alignnone size-full wp-image-3028\" src=\"https:\/\/floridalawyers360.com\/wp-content\/uploads\/2024\/02\/orlando-reporting-work-injury2-copy.webp\" alt=\"Reporting a Work Injury - Accident report\" width=\"500\" height=\"334\" srcset=\"https:\/\/floridalawyers360.com\/wp-content\/uploads\/2024\/02\/orlando-reporting-work-injury2-copy.webp 500w, https:\/\/floridalawyers360.com\/wp-content\/uploads\/2024\/02\/orlando-reporting-work-injury2-copy-300x200.webp 300w\" sizes=\"(max-width: 500px) 100vw, 500px\" \/><\/a><\/p>\n<h2>Cont\u00e1ctenos al reportar una lesi\u00f3n laboral en Orlando<\/h2>\n<p>Orlando tiene muchos puestos de trabajo diversos, sin embargo, usted puede lesionarse haciendo cualquiera de ellos. Si usted se lesiona en el trabajo, un abogado con experiencia puede ayudarle a proteger sus derechos.<\/p>\n<p>Para asegurarse de que est\u00e1 reportando una lesi\u00f3n de trabajo en Orlando adecuadamente, consulte a uno de nuestro equipo en Florida Abogados 360 inmediatamente.<\/p>\n","protected":false},"excerpt":{"rendered":"<p>\u00bfDenunciar a una lesi\u00f3n de trabajo en Orlando? Orlando es uno de los mayores h\u00e1bitats laborales del Sunshine State. Tiene un mercado laboral en crecimiento con oportunidades en educaci\u00f3n, construcci\u00f3n y sanidad, as\u00ed como en turismo y hosteler\u00eda. Pero el inconveniente es que el potencial de lesiones de trabajo puede suceder tambi\u00e9n es frecuente. Si [&hellip;]<\/p>\n","protected":false},"author":22,"featured_media":0,"parent":5930,"menu_order":0,"comment_status":"closed","ping_status":"closed","template":"","meta":{"_acf_changed":false,"anchor_text":"","footnotes":""},"categories":[],"tags":[],"class_list":["post-5995","page","type-page","status-publish","hentry"],"acf":[],"_links":{"self":[{"href":"https:\/\/floridalawyers360.com\/es\/wp-json\/wp\/v2\/pages\/5995","targetHints":{"allow":["GET"]}}],"collection":[{"href":"https:\/\/floridalawyers360.com\/es\/wp-json\/wp\/v2\/pages"}],"about":[{"href":"https:\/\/floridalawyers360.com\/es\/wp-json\/wp\/v2\/types\/page"}],"author":[{"embeddable":true,"href":"https:\/\/floridalawyers360.com\/es\/wp-json\/wp\/v2\/users\/22"}],"replies":[{"embeddable":true,"href":"https:\/\/floridalawyers360.com\/es\/wp-json\/wp\/v2\/comments?post=5995"}],"version-history":[{"count":3,"href":"https:\/\/floridalawyers360.com\/es\/wp-json\/wp\/v2\/pages\/5995\/revisions"}],"predecessor-version":[{"id":6274,"href":"https:\/\/floridalawyers360.com\/es\/wp-json\/wp\/v2\/pages\/5995\/revisions\/6274"}],"up":[{"embeddable":true,"href":"https:\/\/floridalawyers360.com\/es\/wp-json\/wp\/v2\/pages\/5930"}],"wp:attachment":[{"href":"https:\/\/floridalawyers360.com\/es\/wp-json\/wp\/v2\/media?parent=5995"}],"wp:term":[{"taxonomy":"category","embeddable":true,"href":"https:\/\/floridalawyers360.com\/es\/wp-json\/wp\/v2\/categories?post=5995"},{"taxonomy":"post_tag","embeddable":true,"href":"https:\/\/floridalawyers360.com\/es\/wp-json\/wp\/v2\/tags?post=5995"}],"curies":[{"name":"wp","href":"https:\/\/api.w.org\/{rel}","templated":true}]}}