{"id":5992,"date":"2024-02-14T09:55:44","date_gmt":"2024-02-14T14:55:44","guid":{"rendered":"https:\/\/floridalawyers360.com\/orlando\/orlando-wrongful-death-lawyer\/"},"modified":"2024-03-20T00:38:13","modified_gmt":"2024-03-20T05:38:13","slug":"muerte-por-negligencia","status":"publish","type":"page","link":"https:\/\/floridalawyers360.com\/es\/orlando\/muerte-por-negligencia\/","title":{"rendered":"Muerte por negligencia"},"content":{"rendered":"<p>El estatuto de homicidio culposo de Florida contiene normas complejas llenas de excepciones y exclusiones. Esto a menudo resulta en aquellos que est\u00e1n profundamente heridos por la muerte de un ser querido no poder recuperar en una demanda por muerte injusta.<\/p>\n<p>Llame <a href=\"tel:+19544487355\"><i class=\"fa fa-phone-alt\"><\/i>954-448-7355<\/a> para aprender c\u00f3mo nuestros abogados de muerte injusta Orlando puede ayudarle a trav\u00e9s de este proceso. Nuestra firma de lesiones personales ofrece una consulta gratuita para revisar su caso y darle consejos sobre c\u00f3mo seguir adelante.<\/p>\n\t\t<div data-elementor-type=\"section\" data-elementor-id=\"208\" class=\"elementor elementor-208\" data-elementor-post-type=\"elementor_library\">\n\t\t\t\t\t<section class=\"elementor-section elementor-top-section elementor-element elementor-element-485e576a elementor-section-boxed elementor-section-height-default elementor-section-height-default\" data-id=\"485e576a\" data-element_type=\"section\" data-e-type=\"section\">\n\t\t\t\t\t\t<div class=\"elementor-container elementor-column-gap-default\">\n\t\t\t\t\t<div class=\"elementor-column elementor-col-100 elementor-top-column elementor-element elementor-element-635c38c0\" data-id=\"635c38c0\" data-element_type=\"column\" data-e-type=\"column\">\n\t\t\t<div class=\"elementor-widget-wrap elementor-element-populated\">\n\t\t\t\t\t\t<div class=\"elementor-element elementor-element-3ba95c8a elementor-toc--minimized-on-tablet elementor-widget elementor-widget-table-of-contents\" data-id=\"3ba95c8a\" data-element_type=\"widget\" data-e-type=\"widget\" data-settings=\"{&quot;exclude_headings_by_selector&quot;:&quot;.toc-remove&quot;,&quot;headings_by_tags&quot;:[&quot;h2&quot;,&quot;h3&quot;],&quot;marker_view&quot;:&quot;numbers&quot;,&quot;no_headings_message&quot;:&quot;No se ha encontrado ning\\u00fan encabezado en esta p\\u00e1gina.&quot;,&quot;minimize_box&quot;:&quot;yes&quot;,&quot;minimized_on&quot;:&quot;tablet&quot;,&quot;hierarchical_view&quot;:&quot;yes&quot;,&quot;min_height&quot;:{&quot;unit&quot;:&quot;px&quot;,&quot;size&quot;:&quot;&quot;,&quot;sizes&quot;:[]},&quot;min_height_tablet&quot;:{&quot;unit&quot;:&quot;px&quot;,&quot;size&quot;:&quot;&quot;,&quot;sizes&quot;:[]},&quot;min_height_mobile&quot;:{&quot;unit&quot;:&quot;px&quot;,&quot;size&quot;:&quot;&quot;,&quot;sizes&quot;:[]}}\" data-widget_type=\"table-of-contents.default\">\n\t\t\t\t\t\t\t\t\t<div class=\"elementor-toc__header\">\n\t\t\t\t\t\t<div class=\"elementor-toc__header-title\">\n\t\t\t\tTable of Contents\t\t\t<\/div>\n\t\t\t\t\t\t\t\t\t\t<div class=\"elementor-toc__toggle-button elementor-toc__toggle-button--expand\" role=\"button\" tabindex=\"0\" aria-controls=\"elementor-toc__3ba95c8a\" aria-expanded=\"true\" aria-label=\"Abrir la tabla de contenidos\"><svg aria-hidden=\"true\" class=\"e-font-icon-svg e-fas-chevron-down\" viewBox=\"0 0 448 512\" xmlns=\"http:\/\/www.w3.org\/2000\/svg\"><path d=\"M207.029 381.476L12.686 187.132c-9.373-9.373-9.373-24.569 0-33.941l22.667-22.667c9.357-9.357 24.522-9.375 33.901-.04L224 284.505l154.745-154.021c9.379-9.335 24.544-9.317 33.901.04l22.667 22.667c9.373 9.373 9.373 24.569 0 33.941L240.971 381.476c-9.373 9.372-24.569 9.372-33.942 0z\"><\/path><\/svg><\/div>\n\t\t\t\t<div class=\"elementor-toc__toggle-button elementor-toc__toggle-button--collapse\" role=\"button\" tabindex=\"0\" aria-controls=\"elementor-toc__3ba95c8a\" aria-expanded=\"true\" aria-label=\"Cerrar la tabla de contenidos\"><svg aria-hidden=\"true\" class=\"e-font-icon-svg e-fas-chevron-up\" viewBox=\"0 0 448 512\" xmlns=\"http:\/\/www.w3.org\/2000\/svg\"><path d=\"M240.971 130.524l194.343 194.343c9.373 9.373 9.373 24.569 0 33.941l-22.667 22.667c-9.357 9.357-24.522 9.375-33.901.04L224 227.495 69.255 381.516c-9.379 9.335-24.544 9.317-33.901-.04l-22.667-22.667c-9.373-9.373-9.373-24.569 0-33.941L207.03 130.525c9.372-9.373 24.568-9.373 33.941-.001z\"><\/path><\/svg><\/div>\n\t\t\t\t\t<\/div>\n\t\t\t\t<div id=\"elementor-toc__3ba95c8a\" class=\"elementor-toc__body\">\n\t\t\t<div class=\"elementor-toc__spinner-container\">\n\t\t\t\t<svg class=\"elementor-toc__spinner eicon-animation-spin e-font-icon-svg e-eicon-loading\" aria-hidden=\"true\" viewBox=\"0 0 1000 1000\" xmlns=\"http:\/\/www.w3.org\/2000\/svg\"><path d=\"M500 975V858C696 858 858 696 858 500S696 142 500 142 142 304 142 500H25C25 237 238 25 500 25S975 237 975 500 763 975 500 975Z\"><\/path><\/svg>\t\t\t<\/div>\n\t\t<\/div>\n\t\t\t\t\t\t<\/div>\n\t\t\t\t\t<\/div>\n\t\t<\/div>\n\t\t\t\t\t<\/div>\n\t\t<\/section>\n\t\t\t\t<\/div>\n\t\t\n<h2>\u00bfQui\u00e9n puede presentar una demanda por homicidio culposo en Orlando?<\/h2>\n<p>Hay dos categor\u00edas de posibles demandantes que pueden tener derecho a recuperar en una demanda por muerte injusta. La primera es el representante personal de la herencia, y \u00e9l o ella tiene derecho a presentar una demanda por muerte injusta contra la parte negligente.<\/p>\n<p>Los da\u00f1os y perjuicios de que dispone el representante personal de la sucesi\u00f3n son limitados y excluyen, en particular, el dolor y el sufrimiento. La segunda categor\u00eda de demandantes en una demanda por homicidio culposo son los supervivientes del fallecido.<\/p>\n<p>Uno de los supervivientes puede ser tambi\u00e9n el representante personal de la herencia, pero los supervivientes incluyen al c\u00f3nyuge y a los hijos del fallecido, a los padres del fallecido y a cualquier hermano o hermana que dependiera al menos parcialmente del fallecido para su manutenci\u00f3n o servicios.<\/p>\n<p>Los supervivientes pueden acceder a indemnizaciones m\u00e1s importantes, como da\u00f1os por p\u00e9rdida de consorcio y otros da\u00f1os no econ\u00f3micos.<\/p>\n<p><a href=\"https:\/\/floridalawyers360.com\/wp-content\/uploads\/2024\/02\/orlando-wrongful-death1-copy.webp\"><img fetchpriority=\"high\" decoding=\"async\" class=\"alignnone size-full wp-image-3051\" src=\"https:\/\/floridalawyers360.com\/wp-content\/uploads\/2024\/02\/orlando-wrongful-death1-copy.webp\" alt=\"Wrongful Death - funeral scene\" width=\"500\" height=\"334\" srcset=\"https:\/\/floridalawyers360.com\/wp-content\/uploads\/2024\/02\/orlando-wrongful-death1-copy.webp 500w, https:\/\/floridalawyers360.com\/wp-content\/uploads\/2024\/02\/orlando-wrongful-death1-copy-300x200.webp 300w\" sizes=\"(max-width: 500px) 100vw, 500px\" \/><\/a><\/p>\n<h2>Hay L\u00edmites en la Recuperaci\u00f3n Permitida por los Hijos en Acciones por Muerte Injusta<\/h2>\n<p>En Orlando, Florida, los hijos de cualquier edad pueden reclamar da\u00f1os y perjuicios por la p\u00e9rdida de la manutenci\u00f3n y los servicios del progenitor fallecido, desde la fecha en que se produjo la lesi\u00f3n hasta la fecha del fallecimiento. Los hijos menores tambi\u00e9n pueden recuperar la p\u00e9rdida de manutenci\u00f3n y servicios futuros.<\/p>\n<p>Si hay un c\u00f3nyuge superviviente, los hijos mayores de 25 a\u00f1os no pueden recibir indemnizaci\u00f3n por da\u00f1os y perjuicios por p\u00e9rdida de compa\u00f1\u00eda parental, p\u00e9rdida de instrucci\u00f3n y orientaci\u00f3n parental, o dolor y sufrimiento.<\/p>\n<p>Los hijos adultos tampoco pueden recibir indemnizaci\u00f3n por ninguna de estas categor\u00edas si el homicidio culposo es consecuencia de una negligencia m\u00e9dica.<\/p>\n<h2>Existen l\u00edmites a la indemnizaci\u00f3n permitida a los padres en las acciones por homicidio culposo<\/h2>\n<p>Si un hijo ten\u00eda 25 a\u00f1os o m\u00e1s cuando muri\u00f3, los padres no pueden reclamar da\u00f1os y perjuicios por dolor y sufrimiento, a menos que no haya otros supervivientes. Incluso si no hay otros supervivientes, tales da\u00f1os no pueden ser recuperados en casos de negligencia m\u00e9dica.<\/p>\n<p>Los padres de un hijo menor de 25 a\u00f1os pueden presentar una demanda por homicidio culposo y recuperar el valor de la manutenci\u00f3n y los servicios perdidos, el valor de la manutenci\u00f3n y los servicios futuros perdidos y los gastos m\u00e9dicos o funerarios del fallecido.<\/p>\n<p><a href=\"https:\/\/floridalawyers360.com\/wp-content\/uploads\/2024\/03\/Orlando-Wrongful-Death-Infographic-copy.webp\"><img decoding=\"async\" class=\"alignnone size-full wp-image-4834\" src=\"https:\/\/floridalawyers360.com\/wp-content\/uploads\/2024\/03\/Orlando-Wrongful-Death-Infographic-copy.webp\" alt=\"Orlando Wrongful Death Lawyer\" width=\"800\" height=\"1999\" srcset=\"https:\/\/floridalawyers360.com\/wp-content\/uploads\/2024\/03\/Orlando-Wrongful-Death-Infographic-copy.webp 800w, https:\/\/floridalawyers360.com\/wp-content\/uploads\/2024\/03\/Orlando-Wrongful-Death-Infographic-copy-120x300.webp 120w, https:\/\/floridalawyers360.com\/wp-content\/uploads\/2024\/03\/Orlando-Wrongful-Death-Infographic-copy-410x1024.webp 410w, https:\/\/floridalawyers360.com\/wp-content\/uploads\/2024\/03\/Orlando-Wrongful-Death-Infographic-copy-768x1919.webp 768w, https:\/\/floridalawyers360.com\/wp-content\/uploads\/2024\/03\/Orlando-Wrongful-Death-Infographic-copy-615x1536.webp 615w\" sizes=\"(max-width: 800px) 100vw, 800px\" \/><\/a><\/p>\n<h2>Otros factores que complican las demandas por homicidio culposo<\/h2>\n<p>Hay muchos otros factores que complican las demandas por homicidio culposo. Cuando hay cuestiones de derecho de familia como la intenci\u00f3n de casarse, la intenci\u00f3n de divorciarse, los ni\u00f1os nacidos p\u00f3stumamente, y toda una serie de otras situaciones de derecho de familia que pueden complicar las demandas por homicidio culposo.<\/p>\n<h2>\u00bfQu\u00e9 significan \u00abmanutenci\u00f3n\u00bb y \u00abservicios\u00bb?<\/h2>\n<p>La manutenci\u00f3n se define en el estatuto de homicidio culposo para incluir \u00abcontribuciones en especie, as\u00ed como dinero\u00bb. Los servicios se definen en el estatuto como \u00abtareas, normalmente de naturaleza dom\u00e9stica, realizadas regularmente por el difunto que supondr\u00e1n un gasto necesario para los supervivientes del difunto.<\/p>\n<p>Estos servicios pueden variar en funci\u00f3n de la identidad del difunto y del superviviente y se determinar\u00e1n seg\u00fan los hechos de cada caso.\u00bb<\/p>\n<p>Por manutenci\u00f3n y servicios se entiende, por tanto, el valor monetario de los servicios que usted pueda demostrar que el difunto le habr\u00eda prestado. Esto suele requerir el testimonio experto de un economista y, en general, estos da\u00f1os no suelen ser tan valiosos como los da\u00f1os por dolor y sufrimiento mental.<\/p>\n<p>Si usted ha perdido a un ser querido debido a la negligencia de alguien llame a nuestros abogados de lesiones personales al <a href=\"tel:+19544487355\"><i class=\"fa fa-phone-alt\"><\/i>954-448-7355<\/a> para obtener la experiencia que su caso necesita.<\/p>\n<p><a href=\"https:\/\/floridalawyers360.com\/wp-content\/uploads\/2024\/02\/orlando-wrongful-death2-copy.webp\"><img decoding=\"async\" class=\"alignnone size-full wp-image-3050\" src=\"https:\/\/floridalawyers360.com\/wp-content\/uploads\/2024\/02\/orlando-wrongful-death2-copy.webp\" alt=\"Orlando Wrongful Death Lawyer\" width=\"500\" height=\"334\" srcset=\"https:\/\/floridalawyers360.com\/wp-content\/uploads\/2024\/02\/orlando-wrongful-death2-copy.webp 500w, https:\/\/floridalawyers360.com\/wp-content\/uploads\/2024\/02\/orlando-wrongful-death2-copy-300x200.webp 300w\" sizes=\"(max-width: 500px) 100vw, 500px\" \/><\/a><\/p>\n<h2>P\u00f3ngase en contacto con nuestros abogados de muerte injusta<\/h2>\n<p>En tiempos de profunda p\u00e9rdida y tragedia, Florida Lawyers 360 se erige como un faro de apoyo para las familias que navegan las secuelas de la muerte injusta en Orlando.<\/p>\n<p>Con compasi\u00f3n, empat\u00eda y dedicaci\u00f3n inquebrantable, nuestro equipo de abogados experimentados se esfuerza por proporcionar consuelo y justicia a aquellos que han sufrido la devastadora p\u00e9rdida de un ser querido debido a la negligencia o mala conducta de otros.<\/p>\n<p>A trav\u00e9s de la defensa legal personalizada, la investigaci\u00f3n meticulosa, y la representaci\u00f3n firme, trabajamos incansablemente para que las partes responsables rindan cuentas y asegurar la compensaci\u00f3n y el cierre que nuestros clientes merecen.<\/p>\n<p>En Florida Lawyers 360, entendemos el profundo impacto de la muerte por negligencia, y estamos comprometidos a guiar a las familias a trav\u00e9s de este dif\u00edcil viaje con dignidad, respeto y compromiso inquebrantable con sus mejores intereses.<\/p>\n<p>Cont\u00e1ctenos hoy para discutir su caso y programar su revisi\u00f3n inicial gratuita.<\/p>\n","protected":false},"excerpt":{"rendered":"<p>El estatuto de homicidio culposo de Florida contiene normas complejas llenas de excepciones y exclusiones. Esto a menudo resulta en aquellos que est\u00e1n profundamente heridos por la muerte de un ser querido no poder recuperar en una demanda por muerte injusta. Llame para aprender c\u00f3mo nuestros abogados de muerte injusta Orlando puede ayudarle a trav\u00e9s [&hellip;]<\/p>\n","protected":false},"author":22,"featured_media":0,"parent":5930,"menu_order":0,"comment_status":"closed","ping_status":"closed","template":"","meta":{"_acf_changed":false,"anchor_text":"","footnotes":""},"categories":[],"tags":[],"class_list":["post-5992","page","type-page","status-publish","hentry"],"acf":[],"_links":{"self":[{"href":"https:\/\/floridalawyers360.com\/es\/wp-json\/wp\/v2\/pages\/5992","targetHints":{"allow":["GET"]}}],"collection":[{"href":"https:\/\/floridalawyers360.com\/es\/wp-json\/wp\/v2\/pages"}],"about":[{"href":"https:\/\/floridalawyers360.com\/es\/wp-json\/wp\/v2\/types\/page"}],"author":[{"embeddable":true,"href":"https:\/\/floridalawyers360.com\/es\/wp-json\/wp\/v2\/users\/22"}],"replies":[{"embeddable":true,"href":"https:\/\/floridalawyers360.com\/es\/wp-json\/wp\/v2\/comments?post=5992"}],"version-history":[{"count":2,"href":"https:\/\/floridalawyers360.com\/es\/wp-json\/wp\/v2\/pages\/5992\/revisions"}],"predecessor-version":[{"id":5994,"href":"https:\/\/floridalawyers360.com\/es\/wp-json\/wp\/v2\/pages\/5992\/revisions\/5994"}],"up":[{"embeddable":true,"href":"https:\/\/floridalawyers360.com\/es\/wp-json\/wp\/v2\/pages\/5930"}],"wp:attachment":[{"href":"https:\/\/floridalawyers360.com\/es\/wp-json\/wp\/v2\/media?parent=5992"}],"wp:term":[{"taxonomy":"category","embeddable":true,"href":"https:\/\/floridalawyers360.com\/es\/wp-json\/wp\/v2\/categories?post=5992"},{"taxonomy":"post_tag","embeddable":true,"href":"https:\/\/floridalawyers360.com\/es\/wp-json\/wp\/v2\/tags?post=5992"}],"curies":[{"name":"wp","href":"https:\/\/api.w.org\/{rel}","templated":true}]}}