{"id":5989,"date":"2024-02-14T09:53:54","date_gmt":"2024-02-14T14:53:54","guid":{"rendered":"https:\/\/floridalawyers360.com\/orlando\/orlando-workers-compensation-disputes\/"},"modified":"2024-03-20T00:36:14","modified_gmt":"2024-03-20T05:36:14","slug":"conflictos-laborales","status":"publish","type":"page","link":"https:\/\/floridalawyers360.com\/es\/orlando\/conflictos-laborales\/","title":{"rendered":"Conflictos laborales"},"content":{"rendered":"<p>\u00bfNecesita ayuda con Disputas de Compensaci\u00f3n Laboral en Orlando? Las lesiones relacionadas con el negocio pueden poner en riesgo su futuro monetario, alterando su vida y entrometi\u00e9ndose en sus planes de juego. El seguro de compensaci\u00f3n de trabajadores de Florida existe para ayudar a los empleados lesionados.<\/p>\n<p>Sin embargo, algunas compa\u00f1\u00edas de seguros y jefes pueden denegar casos v\u00e1lidos para recibir prestaciones. As\u00ed, no dan a los trabajadores lesionados una indemnizaci\u00f3n para cubrir sus visitas al m\u00e9dico o los gastos mensuales.<\/p>\n<p>Si usted se encuentra en esta situaci\u00f3n, nuestros abogados de compensaci\u00f3n laboral en Orlando pueden ayudarle. En Florida Lawyers 360, revisaremos cuidadosamente su caso para saber si podemos asegurarle la recuperaci\u00f3n de los beneficios. No hay costos por adelantado.<\/p>\n<p>Lucharemos por usted en caso de que su jefe no est\u00e9 dispuesto a pagar. P\u00f3ngase en contacto con nosotros hoy en <a href=\"tel:+19544487355\"><i class=\"fa fa-phone-alt\"><\/i>954-448-7355<\/a> para una consulta gratuita.<\/p>\n\t\t<div data-elementor-type=\"section\" data-elementor-id=\"208\" class=\"elementor elementor-208\" data-elementor-post-type=\"elementor_library\">\n\t\t\t\t\t<section class=\"elementor-section elementor-top-section elementor-element elementor-element-485e576a elementor-section-boxed elementor-section-height-default elementor-section-height-default\" data-id=\"485e576a\" data-element_type=\"section\" data-e-type=\"section\">\n\t\t\t\t\t\t<div class=\"elementor-container elementor-column-gap-default\">\n\t\t\t\t\t<div class=\"elementor-column elementor-col-100 elementor-top-column elementor-element elementor-element-635c38c0\" data-id=\"635c38c0\" data-element_type=\"column\" data-e-type=\"column\">\n\t\t\t<div class=\"elementor-widget-wrap elementor-element-populated\">\n\t\t\t\t\t\t<div class=\"elementor-element elementor-element-3ba95c8a elementor-toc--minimized-on-tablet elementor-widget elementor-widget-table-of-contents\" data-id=\"3ba95c8a\" data-element_type=\"widget\" data-e-type=\"widget\" data-settings=\"{&quot;exclude_headings_by_selector&quot;:&quot;.toc-remove&quot;,&quot;headings_by_tags&quot;:[&quot;h2&quot;,&quot;h3&quot;],&quot;marker_view&quot;:&quot;numbers&quot;,&quot;no_headings_message&quot;:&quot;No headings were found on this page.&quot;,&quot;minimize_box&quot;:&quot;yes&quot;,&quot;minimized_on&quot;:&quot;tablet&quot;,&quot;hierarchical_view&quot;:&quot;yes&quot;,&quot;min_height&quot;:{&quot;unit&quot;:&quot;px&quot;,&quot;size&quot;:&quot;&quot;,&quot;sizes&quot;:[]},&quot;min_height_tablet&quot;:{&quot;unit&quot;:&quot;px&quot;,&quot;size&quot;:&quot;&quot;,&quot;sizes&quot;:[]},&quot;min_height_mobile&quot;:{&quot;unit&quot;:&quot;px&quot;,&quot;size&quot;:&quot;&quot;,&quot;sizes&quot;:[]}}\" data-widget_type=\"table-of-contents.default\">\n\t\t\t\t\t\t\t\t\t<div class=\"elementor-toc__header\">\n\t\t\t\t\t\t<div class=\"elementor-toc__header-title\">\n\t\t\t\tTable of Contents\t\t\t<\/div>\n\t\t\t\t\t\t\t\t\t\t<div class=\"elementor-toc__toggle-button elementor-toc__toggle-button--expand\" role=\"button\" tabindex=\"0\" aria-controls=\"elementor-toc__3ba95c8a\" aria-expanded=\"true\" aria-label=\"Open table of contents\"><svg aria-hidden=\"true\" class=\"e-font-icon-svg e-fas-chevron-down\" viewBox=\"0 0 448 512\" xmlns=\"http:\/\/www.w3.org\/2000\/svg\"><path d=\"M207.029 381.476L12.686 187.132c-9.373-9.373-9.373-24.569 0-33.941l22.667-22.667c9.357-9.357 24.522-9.375 33.901-.04L224 284.505l154.745-154.021c9.379-9.335 24.544-9.317 33.901.04l22.667 22.667c9.373 9.373 9.373 24.569 0 33.941L240.971 381.476c-9.373 9.372-24.569 9.372-33.942 0z\"><\/path><\/svg><\/div>\n\t\t\t\t<div class=\"elementor-toc__toggle-button elementor-toc__toggle-button--collapse\" role=\"button\" tabindex=\"0\" aria-controls=\"elementor-toc__3ba95c8a\" aria-expanded=\"true\" aria-label=\"Close table of contents\"><svg aria-hidden=\"true\" class=\"e-font-icon-svg e-fas-chevron-up\" viewBox=\"0 0 448 512\" xmlns=\"http:\/\/www.w3.org\/2000\/svg\"><path d=\"M240.971 130.524l194.343 194.343c9.373 9.373 9.373 24.569 0 33.941l-22.667 22.667c-9.357 9.357-24.522 9.375-33.901.04L224 227.495 69.255 381.516c-9.379 9.335-24.544 9.317-33.901-.04l-22.667-22.667c-9.373-9.373-9.373-24.569 0-33.941L207.03 130.525c9.372-9.373 24.568-9.373 33.941-.001z\"><\/path><\/svg><\/div>\n\t\t\t\t\t<\/div>\n\t\t\t\t<div id=\"elementor-toc__3ba95c8a\" class=\"elementor-toc__body\">\n\t\t\t<div class=\"elementor-toc__spinner-container\">\n\t\t\t\t<svg class=\"elementor-toc__spinner eicon-animation-spin e-font-icon-svg e-eicon-loading\" aria-hidden=\"true\" viewBox=\"0 0 1000 1000\" xmlns=\"http:\/\/www.w3.org\/2000\/svg\"><path d=\"M500 975V858C696 858 858 696 858 500S696 142 500 142 142 304 142 500H25C25 237 238 25 500 25S975 237 975 500 763 975 500 975Z\"><\/path><\/svg>\t\t\t<\/div>\n\t\t<\/div>\n\t\t\t\t\t\t<\/div>\n\t\t\t\t\t<\/div>\n\t\t<\/div>\n\t\t\t\t\t<\/div>\n\t\t<\/section>\n\t\t\t\t<\/div>\n\t\t\n<h2>Cuestiones que subyacen a las disputas sobre indemnizaci\u00f3n por accidente laboral<\/h2>\n<p>Un profesional puede presentar una reclamaci\u00f3n de indemnizaci\u00f3n por gastos m\u00e9dicos y p\u00e9rdida de salario y prestaciones por incapacidad, pero la empresa puede impugnar la reclamaci\u00f3n. Hay varias razones por las que los jefes pueden examinar o negar el caso.<\/p>\n<p>Aqu\u00ed est\u00e1n algunas de las razones detr\u00e1s de disputas de compensaci\u00f3n de trabajadores de Orlando:<\/p>\n<h3>Situaci\u00f3n laboral<\/h3>\n<p>Algunos empleados pueden esperar a ser despedidos para presentar una demanda de indemnizaci\u00f3n por accidente de trabajo. Esto no es aconsejable. Si se lesiona en el trabajo, presente inmediatamente una reclamaci\u00f3n de indemnizaci\u00f3n por accidente laboral.<\/p>\n<h3>Local<\/h3>\n<p>La empresa puede reconocer que usted se lesion\u00f3, pero impugnar la reclamaci\u00f3n de compensaci\u00f3n de los trabajadores debido al lugar donde se produjo la lesi\u00f3n. En el caso de que la lesi\u00f3n no se produjo en el entorno de trabajo, hace que sea dif\u00edcil demostrar su elegibilidad para los beneficios.<\/p>\n<h3>Incumplimiento del plazo<\/h3>\n<p>Las compa\u00f1\u00edas de seguros podr\u00edan denegar las reclamaciones si los empleados no informan del incidente de inmediato. La ley espera que informes de las lesiones relacionadas con el trabajo en un breve plazo de tiempo. No se pase de la hora l\u00edmite.<\/p>\n<p>Debe informar r\u00e1pidamente de una lesi\u00f3n relacionada con el trabajo a su supervisor. Presenta tambi\u00e9n un parte de accidente de trabajo.<\/p>\n<h3>Sin testigos<\/h3>\n<p>Si no hay testigos, la compa\u00f1\u00eda de seguros o tu empresa pueden impugnar tu solicitud de indemnizaci\u00f3n por accidente de trabajo. Tienes que informar del percance a tu supervisor y cont\u00e1rselo a tus compa\u00f1eros de trabajo. Diles a todos exactamente lo mismo.<\/p>\n<p><a href=\"https:\/\/floridalawyers360.com\/wp-content\/uploads\/2024\/02\/orlando-wc-disputes2-copy.webp\"><img fetchpriority=\"high\" decoding=\"async\" class=\"alignnone size-full wp-image-3003\" src=\"https:\/\/floridalawyers360.com\/wp-content\/uploads\/2024\/02\/orlando-wc-disputes2-copy.webp\" alt=\"When it comes to workers' comp disputes, don't miss the deadline\" width=\"500\" height=\"334\" srcset=\"https:\/\/floridalawyers360.com\/wp-content\/uploads\/2024\/02\/orlando-wc-disputes2-copy.webp 500w, https:\/\/floridalawyers360.com\/wp-content\/uploads\/2024\/02\/orlando-wc-disputes2-copy-300x200.webp 300w\" sizes=\"(max-width: 500px) 100vw, 500px\" \/><\/a><\/p>\n<h2>Qu\u00e9 hacer si le deniegan la indemnizaci\u00f3n por accidente laboral en Florida<\/h2>\n<p>Las asociaciones de seguros y los supervisores deniegan las indemnizaciones de los trabajadores por diferentes motivos. En el caso de que su supervisor niega su garant\u00eda de compensaci\u00f3n a los trabajadores, no significa que usted no recibir\u00e1 beneficios. Hay algunas opciones de apelaci\u00f3n en el espacio de la Florida.<\/p>\n<p>Despu\u00e9s de presentar una petici\u00f3n de prestaciones ante la Oficina de Jueces de Reclamaciones de Indemnizaci\u00f3n (OJCC), \u00e9sta organizar\u00e1 una mediaci\u00f3n informativa. La mayor\u00eda de las disputas se resuelven a trav\u00e9s de la mediaci\u00f3n, pero si no, habr\u00e1 una audiencia previa al juicio.<\/p>\n<p>Usted debe llamar a nuestros abogados de disputas de compensaci\u00f3n de trabajadores una vez que reciba un aviso de que su caso ha sido negado. Discutiremos sus opciones, le ayudaremos con todo el papeleo necesario, y le dirigiremos con el proceso complicado.<\/p>\n<h2>Tipos de Disputas de Compensaci\u00f3n al Trabajador en Orlando<\/h2>\n<p>Aqu\u00ed est\u00e1n los dos tipos m\u00e1s comunes de disputas de compensaci\u00f3n de trabajadores de Orlando.<\/p>\n<h3>Disputas m\u00e9dicas<\/h3>\n<p>Se trata de disputas sobre hechos y opiniones m\u00e9dicas relacionadas con el tratamiento del trabajador lesionado. El resultado depende no s\u00f3lo de la contrataci\u00f3n del abogado adecuado, sino tambi\u00e9n de la voluntad del profesional m\u00e9dico de luchar por el tratamiento del trabajador lesionado.<\/p>\n<p>Las disputas m\u00e9dicas pueden implicar la denegaci\u00f3n de suministros m\u00e9dicos, la denegaci\u00f3n de servicios, la denegaci\u00f3n de terapia y la denegaci\u00f3n de cirug\u00eda.<\/p>\n<h3>Conflictos de confirmaci\u00f3n<\/h3>\n<p>A continuaci\u00f3n se exponen algunas cuestiones relacionadas con los conflictos de confirmaci\u00f3n:<\/p>\n<ul>\n<li><strong>La extensi\u00f3n de la lesi\u00f3n<\/strong> &#8211; si las lesiones afectan a diferentes partes del cuerpo o a la salud del trabajador.<\/li>\n<li><strong>El Salario Semanal Medio<\/strong> &#8211; conflictos sobre la cantidad de dinero que el profesional debe recibir mientras est\u00e1 en la compensaci\u00f3n de trabajadores.<\/li>\n<li><strong>Incapacidad<\/strong> &#8211; si las lesiones relacionadas con el trabajo causaron una p\u00e9rdida de ingresos.<\/li>\n<li><strong>Indemnizabilidad <\/strong>&#8211;\u00a0si las lesiones laborales cumplen los criterios de cobertura.<\/li>\n<\/ul>\n<p>&nbsp;<\/p>\n<p><a href=\"https:\/\/floridalawyers360.com\/wp-content\/uploads\/2024\/02\/orlando-wc-disputes1-copy.webp\"><img decoding=\"async\" class=\"alignnone size-full wp-image-3004\" src=\"https:\/\/floridalawyers360.com\/wp-content\/uploads\/2024\/02\/orlando-wc-disputes1-copy.webp\" alt=\"Workers' Compensation Disputes - facing a medical dispute\" width=\"500\" height=\"334\" srcset=\"https:\/\/floridalawyers360.com\/wp-content\/uploads\/2024\/02\/orlando-wc-disputes1-copy.webp 500w, https:\/\/floridalawyers360.com\/wp-content\/uploads\/2024\/02\/orlando-wc-disputes1-copy-300x200.webp 300w\" sizes=\"(max-width: 500px) 100vw, 500px\" \/><\/a><\/p>\n<h2>P\u00f3ngase en contacto con nosotros hoy para discutir sus disputas de compensaci\u00f3n de trabajadores de Orlando<\/h2>\n<p>Las disputas pueden surgir entre la empresa y los trabajadores en relaci\u00f3n con un reclamo de compensaci\u00f3n de trabajadores. Le sugerimos que contrate a un abogado calificado y dedicado si su empleador disputa o niega su reclamo.<\/p>\n<p>Elija los mejores abogados de disputas de compensaci\u00f3n de trabajadores en Orlando, Florida para guiarlo a trav\u00e9s del proceso. Su leg\u00edtimo defensor no permitir\u00e1 que la aseguradora de su empleador se aproveche de usted.<\/p>\n<p>Su abogado investigar\u00e1 su lesi\u00f3n, le ayudar\u00e1 a obtener atenci\u00f3n m\u00e9dica y se encargar\u00e1 de sus apelaciones.<\/p>\n<p>En Florida Lawyers 360, lucharemos por usted. Entendemos que las lesiones relacionadas con el trabajo pueden alterar su vida. Nos encargaremos del papeleo y nos aseguraremos de que cumpla con los plazos requeridos. Luchamos para ayudarle a recibir su compensaci\u00f3n laboral denegada.<\/p>\n<p>Comun\u00edquese con nosotros hoy para una evaluaci\u00f3n gratuita de su caso al <a href=\"tel:+19544487355\"><i class=\"fa fa-phone-alt\"><\/i>954-448-7355<\/a> para hablar sobre sus disputas de compensaci\u00f3n laboral en Orlando.<\/p>\n","protected":false},"excerpt":{"rendered":"<p>\u00bfNecesita ayuda con Disputas de Compensaci\u00f3n Laboral en Orlando? Las lesiones relacionadas con el negocio pueden poner en riesgo su futuro monetario, alterando su vida y entrometi\u00e9ndose en sus planes de juego. El seguro de compensaci\u00f3n de trabajadores de Florida existe para ayudar a los empleados lesionados. Sin embargo, algunas compa\u00f1\u00edas de seguros y jefes [&hellip;]<\/p>\n","protected":false},"author":22,"featured_media":0,"parent":5930,"menu_order":0,"comment_status":"closed","ping_status":"closed","template":"","meta":{"_acf_changed":false,"anchor_text":"","footnotes":""},"categories":[],"tags":[],"class_list":["post-5989","page","type-page","status-publish","hentry"],"acf":[],"_links":{"self":[{"href":"https:\/\/floridalawyers360.com\/es\/wp-json\/wp\/v2\/pages\/5989","targetHints":{"allow":["GET"]}}],"collection":[{"href":"https:\/\/floridalawyers360.com\/es\/wp-json\/wp\/v2\/pages"}],"about":[{"href":"https:\/\/floridalawyers360.com\/es\/wp-json\/wp\/v2\/types\/page"}],"author":[{"embeddable":true,"href":"https:\/\/floridalawyers360.com\/es\/wp-json\/wp\/v2\/users\/22"}],"replies":[{"embeddable":true,"href":"https:\/\/floridalawyers360.com\/es\/wp-json\/wp\/v2\/comments?post=5989"}],"version-history":[{"count":2,"href":"https:\/\/floridalawyers360.com\/es\/wp-json\/wp\/v2\/pages\/5989\/revisions"}],"predecessor-version":[{"id":5991,"href":"https:\/\/floridalawyers360.com\/es\/wp-json\/wp\/v2\/pages\/5989\/revisions\/5991"}],"up":[{"embeddable":true,"href":"https:\/\/floridalawyers360.com\/es\/wp-json\/wp\/v2\/pages\/5930"}],"wp:attachment":[{"href":"https:\/\/floridalawyers360.com\/es\/wp-json\/wp\/v2\/media?parent=5989"}],"wp:term":[{"taxonomy":"category","embeddable":true,"href":"https:\/\/floridalawyers360.com\/es\/wp-json\/wp\/v2\/categories?post=5989"},{"taxonomy":"post_tag","embeddable":true,"href":"https:\/\/floridalawyers360.com\/es\/wp-json\/wp\/v2\/tags?post=5989"}],"curies":[{"name":"wp","href":"https:\/\/api.w.org\/{rel}","templated":true}]}}