{"id":5986,"date":"2024-02-14T09:52:58","date_gmt":"2024-02-14T14:52:58","guid":{"rendered":"https:\/\/floridalawyers360.com\/orlando\/orlando-workers-compensation-claims-process\/"},"modified":"2024-03-21T01:17:39","modified_gmt":"2024-03-21T06:17:39","slug":"proceso-de-reclamacion-de-indemnizacion-por-accidente-laboral","status":"publish","type":"page","link":"https:\/\/floridalawyers360.com\/es\/orlando\/proceso-de-reclamacion-de-indemnizacion-por-accidente-laboral\/","title":{"rendered":"Reclamaci\u00f3n de indemnizaci\u00f3n proceso"},"content":{"rendered":"<p>\u00bfTratando de iniciar el Proceso de Reclamaci\u00f3n de Compensaci\u00f3n Laboral en Orlando? Cuando usted se lesiona en el lugar de trabajo, puede recibir compensaci\u00f3n por sus lesiones a trav\u00e9s del seguro de compensaci\u00f3n de trabajadores.<\/p>\n<p>Lidiar con un caso de compensaci\u00f3n de trabajadores por su cuenta puede a\u00f1adir m\u00e1s estr\u00e9s a lo que ya est\u00e1 pasando.<\/p>\n<p>Ese es el momento en que usted necesita hablar con un abogado de compensaci\u00f3n de trabajadores establecido en Orlando, FL sobre su caso. Su abogado le aconsejar\u00e1 sobre lo que necesita hacer para obtener la mayor compensaci\u00f3n por sus lesiones.<\/p>\n<p>Florida Lawyers 360 es su socio de confianza para la gesti\u00f3n de diversos tipos de demandas por lesiones, incluidos los casos de compensaci\u00f3n de trabajadores.<\/p>\n<p>Nuestro equipo de abogados experimentados y honestos ha trabajado en muchos casos de compensaci\u00f3n laboral y conoce los matices de las leyes de compensaci\u00f3n laboral de Florida. Le guiaremos a trav\u00e9s de todo el proceso de reclamaci\u00f3n de compensaci\u00f3n de trabajadores.<\/p>\n<p>Usted puede depender de nuestra firma cuando usted ha sido da\u00f1ado en el trabajo y planea proceder con una demanda de la compensacion de los trabajadores.<\/p>\n<p>Ll\u00e1menos al <a href=\"tel:+19544487355\"><i class=\"fa fa-phone-alt\"><\/i>954-448-7355<\/a> hoy para una consulta gratuita.<\/p>\n\t\t<div data-elementor-type=\"section\" data-elementor-id=\"208\" class=\"elementor elementor-208\" data-elementor-post-type=\"elementor_library\">\n\t\t\t\t\t<section class=\"elementor-section elementor-top-section elementor-element elementor-element-485e576a elementor-section-boxed elementor-section-height-default elementor-section-height-default\" data-id=\"485e576a\" data-element_type=\"section\" data-e-type=\"section\">\n\t\t\t\t\t\t<div class=\"elementor-container elementor-column-gap-default\">\n\t\t\t\t\t<div class=\"elementor-column elementor-col-100 elementor-top-column elementor-element elementor-element-635c38c0\" data-id=\"635c38c0\" data-element_type=\"column\" data-e-type=\"column\">\n\t\t\t<div class=\"elementor-widget-wrap elementor-element-populated\">\n\t\t\t\t\t\t<div class=\"elementor-element elementor-element-3ba95c8a elementor-toc--minimized-on-tablet elementor-widget elementor-widget-table-of-contents\" data-id=\"3ba95c8a\" data-element_type=\"widget\" data-e-type=\"widget\" data-settings=\"{&quot;exclude_headings_by_selector&quot;:&quot;.toc-remove&quot;,&quot;headings_by_tags&quot;:[&quot;h2&quot;,&quot;h3&quot;],&quot;marker_view&quot;:&quot;numbers&quot;,&quot;no_headings_message&quot;:&quot;No se ha encontrado ning\\u00fan encabezado en esta p\\u00e1gina.&quot;,&quot;minimize_box&quot;:&quot;yes&quot;,&quot;minimized_on&quot;:&quot;tablet&quot;,&quot;hierarchical_view&quot;:&quot;yes&quot;,&quot;min_height&quot;:{&quot;unit&quot;:&quot;px&quot;,&quot;size&quot;:&quot;&quot;,&quot;sizes&quot;:[]},&quot;min_height_tablet&quot;:{&quot;unit&quot;:&quot;px&quot;,&quot;size&quot;:&quot;&quot;,&quot;sizes&quot;:[]},&quot;min_height_mobile&quot;:{&quot;unit&quot;:&quot;px&quot;,&quot;size&quot;:&quot;&quot;,&quot;sizes&quot;:[]}}\" data-widget_type=\"table-of-contents.default\">\n\t\t\t\t\t\t\t\t\t<div class=\"elementor-toc__header\">\n\t\t\t\t\t\t<div class=\"elementor-toc__header-title\">\n\t\t\t\tTable of Contents\t\t\t<\/div>\n\t\t\t\t\t\t\t\t\t\t<div class=\"elementor-toc__toggle-button elementor-toc__toggle-button--expand\" role=\"button\" tabindex=\"0\" aria-controls=\"elementor-toc__3ba95c8a\" aria-expanded=\"true\" aria-label=\"Abrir la tabla de contenidos\"><svg aria-hidden=\"true\" class=\"e-font-icon-svg e-fas-chevron-down\" viewBox=\"0 0 448 512\" xmlns=\"http:\/\/www.w3.org\/2000\/svg\"><path d=\"M207.029 381.476L12.686 187.132c-9.373-9.373-9.373-24.569 0-33.941l22.667-22.667c9.357-9.357 24.522-9.375 33.901-.04L224 284.505l154.745-154.021c9.379-9.335 24.544-9.317 33.901.04l22.667 22.667c9.373 9.373 9.373 24.569 0 33.941L240.971 381.476c-9.373 9.372-24.569 9.372-33.942 0z\"><\/path><\/svg><\/div>\n\t\t\t\t<div class=\"elementor-toc__toggle-button elementor-toc__toggle-button--collapse\" role=\"button\" tabindex=\"0\" aria-controls=\"elementor-toc__3ba95c8a\" aria-expanded=\"true\" aria-label=\"Cerrar la tabla de contenidos\"><svg aria-hidden=\"true\" class=\"e-font-icon-svg e-fas-chevron-up\" viewBox=\"0 0 448 512\" xmlns=\"http:\/\/www.w3.org\/2000\/svg\"><path d=\"M240.971 130.524l194.343 194.343c9.373 9.373 9.373 24.569 0 33.941l-22.667 22.667c-9.357 9.357-24.522 9.375-33.901.04L224 227.495 69.255 381.516c-9.379 9.335-24.544 9.317-33.901-.04l-22.667-22.667c-9.373-9.373-9.373-24.569 0-33.941L207.03 130.525c9.372-9.373 24.568-9.373 33.941-.001z\"><\/path><\/svg><\/div>\n\t\t\t\t\t<\/div>\n\t\t\t\t<div id=\"elementor-toc__3ba95c8a\" class=\"elementor-toc__body\">\n\t\t\t<div class=\"elementor-toc__spinner-container\">\n\t\t\t\t<svg class=\"elementor-toc__spinner eicon-animation-spin e-font-icon-svg e-eicon-loading\" aria-hidden=\"true\" viewBox=\"0 0 1000 1000\" xmlns=\"http:\/\/www.w3.org\/2000\/svg\"><path d=\"M500 975V858C696 858 858 696 858 500S696 142 500 142 142 304 142 500H25C25 237 238 25 500 25S975 237 975 500 763 975 500 975Z\"><\/path><\/svg>\t\t\t<\/div>\n\t\t<\/div>\n\t\t\t\t\t\t<\/div>\n\t\t\t\t\t<\/div>\n\t\t<\/div>\n\t\t\t\t\t<\/div>\n\t\t<\/section>\n\t\t\t\t<\/div>\n\t\t\n<h2>\u00bfC\u00f3mo s\u00e9 si mi lesi\u00f3n est\u00e1 cubierta por una indemnizaci\u00f3n por accidente laboral?<\/h2>\n<p>Justo cuando un trabajador se lesiona mientras trabaja o desarrolla una enfermedad profesional, se considera una lesi\u00f3n de compensaci\u00f3n de trabajadores y est\u00e1 cubierta por el seguro de compensaci\u00f3n de trabajadores de la empresa.<\/p>\n<p>La mayor\u00eda de las heridas que se producen en el trabajo est\u00e1n cubiertas por el seguro de compensaci\u00f3n de los trabajadores, incluidas las enfermedades y los accidentes que se ven agravados por las actividades de trabajo, equipos y materiales.<\/p>\n<p>\u00c9stas son, al parecer, las lesiones m\u00e1s comunes relacionadas con el trabajo que suelen estar cubiertas por el seguro de accidentes de trabajo:<\/p>\n<ul>\n<li>Amputaciones que se producen en f\u00e1bricas y zonas industriales<\/li>\n<li>P\u00e9rdida de audici\u00f3n o lesiones oculares<\/li>\n<li>Lesiones por resbalones, ca\u00eddas y tropiezos<\/li>\n<li>Quemaduras y descargas el\u00e9ctricas<\/li>\n<li>Lesiones cerebrales traum\u00e1ticas<\/li>\n<li>Lesiones de rodilla, espalda y hombro<\/li>\n<li>Mesotelioma por exposici\u00f3n al amianto<\/li>\n<li>Lesiones causadas por herramientas y maquinaria defectuosas o peligrosas<\/li>\n<li>Afecciones pulmonares graves como el asma<\/li>\n<\/ul>\n<p>&nbsp;<\/p>\n<p>El tiempo es muy importante a la hora de presentar una demanda de indemnizaci\u00f3n por accidente laboral. El demandante tiene un n\u00famero limitado de d\u00edas para reportar el accidente y comenzar el proceso de reclamos de compensaci\u00f3n de trabajadores de Orlando para cobrar la indemnizaci\u00f3n.<\/p>\n<p><a href=\"https:\/\/floridalawyers360.com\/wp-content\/uploads\/2024\/02\/orlando-claim-process1-copy.webp\"><img fetchpriority=\"high\" decoding=\"async\" class=\"alignnone size-full wp-image-2997\" src=\"https:\/\/floridalawyers360.com\/wp-content\/uploads\/2024\/02\/orlando-claim-process1-copy.webp\" alt=\"Filing a claim with a workers' compensation lawyer\" width=\"500\" height=\"334\" srcset=\"https:\/\/floridalawyers360.com\/wp-content\/uploads\/2024\/02\/orlando-claim-process1-copy.webp 500w, https:\/\/floridalawyers360.com\/wp-content\/uploads\/2024\/02\/orlando-claim-process1-copy-300x200.webp 300w\" sizes=\"(max-width: 500px) 100vw, 500px\" \/><\/a><\/p>\n<p>El empleado debe reportar la lesi\u00f3n o confusi\u00f3n a la empresa o a su gerente cuando suceda. En el caso de que usted no reporte el reclamo de compensaci\u00f3n al trabajador de Orlando, la compa\u00f1\u00eda de seguros de compensaci\u00f3n al trabajador puede negar su caso.<\/p>\n<p>El seguro de compensacion al trabajador como regla no cubre<\/p>\n<ul>\n<li>Heridas de peleas<\/li>\n<li>Lesiones autoinfligidas<\/li>\n<li>Estr\u00e9s y otros trastornos mentales<\/li>\n<li>Lesiones sufridas durante conductas delictivas o bajo los efectos del alcohol o las drogas<\/li>\n<li>Lesiones que se producen al no seguir las directrices de seguridad en el trabajo<\/li>\n<\/ul>\n<p>&nbsp;<\/p>\n<p>Su abogado de accidentes de trabajo es la persona m\u00e1s indicada para evaluar su caso y determinar si sus heridas est\u00e1n cubiertas por el seguro de accidentes de trabajo.<\/p>\n<h2>\u00bfCu\u00e1nto tiempo tiene para presentar reclamaciones de compensaci\u00f3n de trabajadores en Florida?<\/h2>\n<p>Florida tiene algunos l\u00edmites de tiempo en cuanto al tiempo que el empleado necesita para reportar un reclamo de compensaci\u00f3n al trabajador. El empleado debe presentar una reclamaci\u00f3n de compensaci\u00f3n de trabajadores dentro de dos a\u00f1os desde el momento en que la lesi\u00f3n es descubierta o deber\u00eda haber sido descubierta.<\/p>\n<p>Lo antes posible, re\u00fana pruebas y testigos. El no reportar su reclamo de compensacion al trabajador antes de las exclusiones del limite de tiempo le impedira reportar un caso de compensacion al trabajador para obtener compensacion por sus heridas.<\/p>\n<h2>\u00bfC\u00f3mo Comenzar el Proceso de Reclamo de Compensaci\u00f3n Laboral en Orlando?<\/h2>\n<p>En el momento en que usted se lesiona, usted debe informar a su supervisor inmediatamente. Su reclamo puede ser negado si usted no reporta la lesi\u00f3n a su empleador dentro de 30 d\u00edas.<\/p>\n<p>Una vez notificado, su empleador debe informar de su reclamaci\u00f3n a la compa\u00f1\u00eda de seguros en un plazo de 7 d\u00edas. Si no lo hace, puede ponerse en contacto directamente con la compa\u00f1\u00eda de seguros. La investigaci\u00f3n de la compa\u00f1\u00eda de seguros puede incluir:<\/p>\n<ul>\n<li>Revisi\u00f3n de su historial m\u00e9dico<\/li>\n<li>Analizar su experiencia laboral, formaci\u00f3n y salario<\/li>\n<li>ordenar un reconocimiento m\u00e9dico para evaluar su estado de salud, y<\/li>\n<li>enviarle a una evaluaci\u00f3n de la capacidad funcional (una valoraci\u00f3n de su capacidad para realizar tareas laborales).<\/li>\n<\/ul>\n<p>&nbsp;<\/p>\n<p>Si aprueban su solicitud, empezar\u00e1 a recibir prestaciones. Pero las compa\u00f1\u00edas de seguros deniegan muchas solicitudes.<\/p>\n<p>Para apelar una denegaci\u00f3n, debe presentar una petici\u00f3n de prestaciones ante la Divisi\u00f3n de Compensaci\u00f3n de Trabajadores de Florida en el plazo de dos a\u00f1os desde su lesi\u00f3n o un a\u00f1o desde su \u00faltima p\u00e9rdida salarial o pago m\u00e9dico, lo que ocurra m\u00e1s tarde.<\/p>\n<p>Es importante que un abogado con experiencia le ayude con cualquier disputa relacionada con la compensaci\u00f3n de los trabajadores.<\/p>\n<p><a href=\"https:\/\/floridalawyers360.com\/wp-content\/uploads\/2024\/02\/orlando-claim-process2-copy.webp\"><img decoding=\"async\" class=\"alignnone size-full wp-image-2998\" src=\"https:\/\/floridalawyers360.com\/wp-content\/uploads\/2024\/02\/orlando-claim-process2-copy.webp\" alt=\"We will guide you through the workers' compensation claims process\" width=\"500\" height=\"334\" srcset=\"https:\/\/floridalawyers360.com\/wp-content\/uploads\/2024\/02\/orlando-claim-process2-copy.webp 500w, https:\/\/floridalawyers360.com\/wp-content\/uploads\/2024\/02\/orlando-claim-process2-copy-300x200.webp 300w\" sizes=\"(max-width: 500px) 100vw, 500px\" \/><\/a><\/p>\n<h2>Abogados de Compensaci\u00f3n de Trabajadores de Orlando ayudan con el proceso de reclamaciones<\/h2>\n<p>Precisamente cuando usted es da\u00f1ado en el curso de sus deberes de trabajo, usted puede recuperar compensaci\u00f3n a trav\u00e9s del seguro de compensaci\u00f3n de trabajadores de su empleador. El sistema de compensaci\u00f3n de trabajadores puede ser complicado y frustrante.<\/p>\n<p>Usted necesita utilizar el mejor abogado de compensaci\u00f3n de trabajadores en Orlando, Florida para presentar su caso. Llame a Florida Lawyers 360 hoy al <a href=\"tel:+19544487355\"><i class=\"fa fa-phone-alt\"><\/i>954-448-7355<\/a> y perm\u00edtanos ayudarle a navegar por todo el proceso de reclamaciones de compensaci\u00f3n de trabajadores.<\/p>\n","protected":false},"excerpt":{"rendered":"<p>\u00bfTratando de iniciar el Proceso de Reclamaci\u00f3n de Compensaci\u00f3n Laboral en Orlando? Cuando usted se lesiona en el lugar de trabajo, puede recibir compensaci\u00f3n por sus lesiones a trav\u00e9s del seguro de compensaci\u00f3n de trabajadores. Lidiar con un caso de compensaci\u00f3n de trabajadores por su cuenta puede a\u00f1adir m\u00e1s estr\u00e9s a lo que ya est\u00e1 [&hellip;]<\/p>\n","protected":false},"author":22,"featured_media":0,"parent":5930,"menu_order":0,"comment_status":"closed","ping_status":"closed","template":"","meta":{"_acf_changed":false,"anchor_text":"","footnotes":""},"categories":[],"tags":[],"class_list":["post-5986","page","type-page","status-publish","hentry"],"acf":[],"_links":{"self":[{"href":"https:\/\/floridalawyers360.com\/es\/wp-json\/wp\/v2\/pages\/5986","targetHints":{"allow":["GET"]}}],"collection":[{"href":"https:\/\/floridalawyers360.com\/es\/wp-json\/wp\/v2\/pages"}],"about":[{"href":"https:\/\/floridalawyers360.com\/es\/wp-json\/wp\/v2\/types\/page"}],"author":[{"embeddable":true,"href":"https:\/\/floridalawyers360.com\/es\/wp-json\/wp\/v2\/users\/22"}],"replies":[{"embeddable":true,"href":"https:\/\/floridalawyers360.com\/es\/wp-json\/wp\/v2\/comments?post=5986"}],"version-history":[{"count":3,"href":"https:\/\/floridalawyers360.com\/es\/wp-json\/wp\/v2\/pages\/5986\/revisions"}],"predecessor-version":[{"id":6273,"href":"https:\/\/floridalawyers360.com\/es\/wp-json\/wp\/v2\/pages\/5986\/revisions\/6273"}],"up":[{"embeddable":true,"href":"https:\/\/floridalawyers360.com\/es\/wp-json\/wp\/v2\/pages\/5930"}],"wp:attachment":[{"href":"https:\/\/floridalawyers360.com\/es\/wp-json\/wp\/v2\/media?parent=5986"}],"wp:term":[{"taxonomy":"category","embeddable":true,"href":"https:\/\/floridalawyers360.com\/es\/wp-json\/wp\/v2\/categories?post=5986"},{"taxonomy":"post_tag","embeddable":true,"href":"https:\/\/floridalawyers360.com\/es\/wp-json\/wp\/v2\/tags?post=5986"}],"curies":[{"name":"wp","href":"https:\/\/api.w.org\/{rel}","templated":true}]}}