{"id":5980,"date":"2024-02-14T09:51:15","date_gmt":"2024-02-14T14:51:15","guid":{"rendered":"https:\/\/floridalawyers360.com\/orlando\/orlando-uber-accident-lawyer\/"},"modified":"2024-03-21T01:23:21","modified_gmt":"2024-03-21T06:23:21","slug":"abogado-accidente-uber","status":"publish","type":"page","link":"https:\/\/floridalawyers360.com\/es\/orlando\/abogado-accidente-uber\/","title":{"rendered":"Accidente Uber"},"content":{"rendered":"<p>En las bulliciosas calles de Orlando, Florida, donde los servicios de viajes compartidos como Uber son frecuentes, los accidentes que involucran a estos veh\u00edculos son una desafortunada realidad.<\/p>\n<p>Cuando estos incidentes ocurren, las v\u00edctimas a menudo se encuentran abrumadas por las consecuencias, luchando con lesiones f\u00edsicas, angustia emocional y cargas financieras. En estos tiempos dif\u00edciles, la b\u00fasqueda de orientaci\u00f3n legal se convierte en imprescindible para garantizar una compensaci\u00f3n justa y la justicia.<\/p>\n<p>Florida Lawyers 360 se erige como un faro de apoyo para los afectados por accidentes de Uber en Orlando, ofreciendo asistencia jur\u00eddica integral adaptada a sus necesidades espec\u00edficas.<\/p>\n\t\t<div data-elementor-type=\"section\" data-elementor-id=\"208\" class=\"elementor elementor-208\" data-elementor-post-type=\"elementor_library\">\n\t\t\t\t\t<section class=\"elementor-section elementor-top-section elementor-element elementor-element-485e576a elementor-section-boxed elementor-section-height-default elementor-section-height-default\" data-id=\"485e576a\" data-element_type=\"section\" data-e-type=\"section\">\n\t\t\t\t\t\t<div class=\"elementor-container elementor-column-gap-default\">\n\t\t\t\t\t<div class=\"elementor-column elementor-col-100 elementor-top-column elementor-element elementor-element-635c38c0\" data-id=\"635c38c0\" data-element_type=\"column\" data-e-type=\"column\">\n\t\t\t<div class=\"elementor-widget-wrap elementor-element-populated\">\n\t\t\t\t\t\t<div class=\"elementor-element elementor-element-3ba95c8a elementor-toc--minimized-on-tablet elementor-widget elementor-widget-table-of-contents\" data-id=\"3ba95c8a\" data-element_type=\"widget\" data-e-type=\"widget\" data-settings=\"{&quot;exclude_headings_by_selector&quot;:&quot;.toc-remove&quot;,&quot;headings_by_tags&quot;:[&quot;h2&quot;,&quot;h3&quot;],&quot;marker_view&quot;:&quot;numbers&quot;,&quot;no_headings_message&quot;:&quot;No headings were found on this page.&quot;,&quot;minimize_box&quot;:&quot;yes&quot;,&quot;minimized_on&quot;:&quot;tablet&quot;,&quot;hierarchical_view&quot;:&quot;yes&quot;,&quot;min_height&quot;:{&quot;unit&quot;:&quot;px&quot;,&quot;size&quot;:&quot;&quot;,&quot;sizes&quot;:[]},&quot;min_height_tablet&quot;:{&quot;unit&quot;:&quot;px&quot;,&quot;size&quot;:&quot;&quot;,&quot;sizes&quot;:[]},&quot;min_height_mobile&quot;:{&quot;unit&quot;:&quot;px&quot;,&quot;size&quot;:&quot;&quot;,&quot;sizes&quot;:[]}}\" data-widget_type=\"table-of-contents.default\">\n\t\t\t\t\t\t\t\t\t<div class=\"elementor-toc__header\">\n\t\t\t\t\t\t<div class=\"elementor-toc__header-title\">\n\t\t\t\tTable of Contents\t\t\t<\/div>\n\t\t\t\t\t\t\t\t\t\t<div class=\"elementor-toc__toggle-button elementor-toc__toggle-button--expand\" role=\"button\" tabindex=\"0\" aria-controls=\"elementor-toc__3ba95c8a\" aria-expanded=\"true\" aria-label=\"Open table of contents\"><svg aria-hidden=\"true\" class=\"e-font-icon-svg e-fas-chevron-down\" viewBox=\"0 0 448 512\" xmlns=\"http:\/\/www.w3.org\/2000\/svg\"><path d=\"M207.029 381.476L12.686 187.132c-9.373-9.373-9.373-24.569 0-33.941l22.667-22.667c9.357-9.357 24.522-9.375 33.901-.04L224 284.505l154.745-154.021c9.379-9.335 24.544-9.317 33.901.04l22.667 22.667c9.373 9.373 9.373 24.569 0 33.941L240.971 381.476c-9.373 9.372-24.569 9.372-33.942 0z\"><\/path><\/svg><\/div>\n\t\t\t\t<div class=\"elementor-toc__toggle-button elementor-toc__toggle-button--collapse\" role=\"button\" tabindex=\"0\" aria-controls=\"elementor-toc__3ba95c8a\" aria-expanded=\"true\" aria-label=\"Close table of contents\"><svg aria-hidden=\"true\" class=\"e-font-icon-svg e-fas-chevron-up\" viewBox=\"0 0 448 512\" xmlns=\"http:\/\/www.w3.org\/2000\/svg\"><path d=\"M240.971 130.524l194.343 194.343c9.373 9.373 9.373 24.569 0 33.941l-22.667 22.667c-9.357 9.357-24.522 9.375-33.901.04L224 227.495 69.255 381.516c-9.379 9.335-24.544 9.317-33.901-.04l-22.667-22.667c-9.373-9.373-9.373-24.569 0-33.941L207.03 130.525c9.372-9.373 24.568-9.373 33.941-.001z\"><\/path><\/svg><\/div>\n\t\t\t\t\t<\/div>\n\t\t\t\t<div id=\"elementor-toc__3ba95c8a\" class=\"elementor-toc__body\">\n\t\t\t<div class=\"elementor-toc__spinner-container\">\n\t\t\t\t<svg class=\"elementor-toc__spinner eicon-animation-spin e-font-icon-svg e-eicon-loading\" aria-hidden=\"true\" viewBox=\"0 0 1000 1000\" xmlns=\"http:\/\/www.w3.org\/2000\/svg\"><path d=\"M500 975V858C696 858 858 696 858 500S696 142 500 142 142 304 142 500H25C25 237 238 25 500 25S975 237 975 500 763 975 500 975Z\"><\/path><\/svg>\t\t\t<\/div>\n\t\t<\/div>\n\t\t\t\t\t\t<\/div>\n\t\t\t\t\t<\/div>\n\t\t<\/div>\n\t\t\t\t\t<\/div>\n\t\t<\/section>\n\t\t\t\t<\/div>\n\t\t\n<h2>C\u00f3mo entender los accidentes de Uber<\/h2>\n<p>Los accidentes de Uber pueden ocurrir debido a varios factores, incluyendo negligencia del conductor, conducci\u00f3n imprudente, condiciones de la carretera o mal funcionamiento del veh\u00edculo. Estos accidentes pueden dar lugar a una serie de lesiones, desde contusiones leves a da\u00f1os catastr\u00f3ficos, impactando en la vida de las v\u00edctimas de manera profunda.<\/p>\n<p>Por otra parte, navegar por las complejidades legales que rodean a los accidentes de viajes compartidos requiere experiencia tanto en la ley de lesiones personales y las regulaciones espec\u00edficas que rigen empresas como Uber.<\/p>\n<h2>Qui\u00e9n tiene la culpa en los accidentes de Uber<\/h2>\n<p>Se necesita una investigaci\u00f3n para saber qui\u00e9n actu\u00f3 negligentemente en los accidentes de Uber\/Lyft, as\u00ed como en todos los dem\u00e1s accidentes. Si usted era el pasajero en el Uber\/Lyft y fue atropellado por otro veh\u00edculo, el conductor del otro veh\u00edculo ser\u00eda responsable de que su seguro pague por las lesiones.<\/p>\n<p>Pero, \u00bfqu\u00e9 pasa si usted es un pasajero en un veh\u00edculo que tiene un accidente y fue culpa de su conductor? \u00bfQui\u00e9n ser\u00eda responsable entonces?<\/p>\n<p><a href=\"https:\/\/floridalawyers360.com\/wp-content\/uploads\/2024\/03\/Orlando-Uber-Accident-Infographic-copy.webp\"><img fetchpriority=\"high\" decoding=\"async\" class=\"alignnone size-full wp-image-4828\" src=\"https:\/\/floridalawyers360.com\/wp-content\/uploads\/2024\/03\/Orlando-Uber-Accident-Infographic-copy.webp\" alt=\"Orlando Uber Accident Lawyer\" width=\"800\" height=\"2000\" srcset=\"https:\/\/floridalawyers360.com\/wp-content\/uploads\/2024\/03\/Orlando-Uber-Accident-Infographic-copy.webp 800w, https:\/\/floridalawyers360.com\/wp-content\/uploads\/2024\/03\/Orlando-Uber-Accident-Infographic-copy-120x300.webp 120w, https:\/\/floridalawyers360.com\/wp-content\/uploads\/2024\/03\/Orlando-Uber-Accident-Infographic-copy-410x1024.webp 410w, https:\/\/floridalawyers360.com\/wp-content\/uploads\/2024\/03\/Orlando-Uber-Accident-Infographic-copy-768x1920.webp 768w, https:\/\/floridalawyers360.com\/wp-content\/uploads\/2024\/03\/Orlando-Uber-Accident-Infographic-copy-614x1536.webp 614w\" sizes=\"(max-width: 800px) 100vw, 800px\" \/><\/a><\/p>\n<h2>Seguro de servicios de taxi\/Uber\/Lyft<\/h2>\n<p>Los conductores utilizan sus propios veh\u00edculos en taxis y viajes compartidos. Por eso, seg\u00fan la ley, los conductores est\u00e1n obligados a contratar un seguro de veh\u00edculo personal hasta los l\u00edmites legales. Si un conductor tiene un accidente mientras no est\u00e1 trabajando, su seguro ser\u00eda el que cubrir\u00eda el coste de los da\u00f1os.<\/p>\n<p>Sin embargo, Uber\/Lyft tambi\u00e9n est\u00e1n obligados a proporcionar un seguro a sus conductores. Por ejemplo, el seguro de la empresa de viajes compartidos cubrir\u00eda al conductor si tuviera un accidente mientras trabaja.<\/p>\n<p>Lo mismo ocurre con los taxistas: la compa\u00f1\u00eda de taxis proporcionar\u00eda la cobertura del seguro por cualquier lesi\u00f3n que se produjera durante el trabajo, tanto para el conductor como para los pasajeros.<\/p>\n<p>Aunque los conductores de taxi y Uber\/Lyft suelen considerarse contratistas independientes, varios tribunales han considerado que deben considerarse empleados. Y as\u00ed, bajo la teor\u00eda de la responsabilidad indirecta, la empresa del conductor de viaje compartido puede ser considerada responsable si usted decide emprender acciones legales contra un conductor.<\/p>\n<p>Si usted sufri\u00f3 un accidente y era conductor o pasajero de un taxi, ponerse en contacto con un abogado ser\u00eda su mejor opci\u00f3n para recuperar la m\u00e1xima cantidad posible por da\u00f1os y perjuicios.<\/p>\n<p>Si usted tiene preguntas sin respuesta despu\u00e9s de un accidente sobre la presentaci\u00f3n de una reclamaci\u00f3n, la cantidad de compensaci\u00f3n que podr\u00eda recibir, o cualquier otra cosa, p\u00f3ngase en contacto con un abogado con experiencia en la actualidad.<\/p>\n<h2>Apoyo Legal Integral<\/h2>\n<p>Florida Lawyers 360 se especializa en el manejo de casos de accidentes de Uber en Orlando, proporcionando a las v\u00edctimas apoyo legal integral desde la consulta inicial hasta la resoluci\u00f3n de sus reclamos. As\u00ed es como nuestra firma puede ayudar a las personas involucradas en accidentes de Uber:<\/p>\n<h3>Orientaci\u00f3n legal experta<\/h3>\n<p>Nuestros experimentados abogados poseen un profundo conocimiento de las leyes de lesiones personales de Florida y entienden los matices de la gesti\u00f3n de casos de accidentes de Uber. Proporcionamos orientaci\u00f3n experta sobre las opciones legales disponibles para las v\u00edctimas, lo que les permite tomar decisiones informadas.<\/p>\n<h3>Investigaci\u00f3n y recopilaci\u00f3n de pruebas<\/h3>\n<p>La construcci\u00f3n de un caso s\u00f3lido requiere una investigaci\u00f3n exhaustiva y la recopilaci\u00f3n de pruebas. Florida Lawyers 360 emplea a investigadores expertos que re\u00fanen pruebas cruciales como informes de accidentes, declaraciones de testigos y registros m\u00e9dicos para establecer la responsabilidad y los da\u00f1os.<\/p>\n<h3>Negociaci\u00f3n con las compa\u00f1\u00edas de seguros<\/h3>\n<p>Tratar con las compa\u00f1\u00edas de seguros puede ser desalentador, ya que a menudo tratan de minimizar los pagos o negar las reclamaciones por completo.<\/p>\n<p>Nuestro equipo legal maneja todas las comunicaciones y negociaciones con los ajustadores de seguros, asegurando que los derechos de nuestros clientes est\u00e9n protegidos y que reciban una compensaci\u00f3n justa por sus lesiones y p\u00e9rdidas.<\/p>\n<h3>Representaci\u00f3n en litigios<\/h3>\n<p>Si no se puede llegar a un acuerdo justo a trav\u00e9s de negociaciones, Florida Lawyers 360 est\u00e1 preparado para llevar el caso a los tribunales. Nuestros litigantes son abogados litigantes experimentados que defienden incansablemente los intereses de nuestros clientes en la sala del tribunal, esforz\u00e1ndose por lograr resultados favorables.<\/p>\n<h3>Apoyo compasivo<\/h3>\n<p>M\u00e1s all\u00e1 de la defensa legal, entendemos el impacto emocional que los accidentes de Uber pueden tener en las v\u00edctimas y sus familias. Florida Lawyers 360 proporciona apoyo compasivo durante todo el proceso legal, ofreciendo tranquilidad, orientaci\u00f3n y empat\u00eda en cada paso del camino.<\/p>\n<p><a href=\"https:\/\/floridalawyers360.com\/wp-content\/uploads\/2024\/02\/orlando-uber-acc2-copy.webp\"><img decoding=\"async\" class=\"alignnone size-full wp-image-3037\" src=\"https:\/\/floridalawyers360.com\/wp-content\/uploads\/2024\/02\/orlando-uber-acc2-copy.webp\" alt=\"A man using a ride sharing vehicle\" width=\"500\" height=\"334\" srcset=\"https:\/\/floridalawyers360.com\/wp-content\/uploads\/2024\/02\/orlando-uber-acc2-copy.webp 500w, https:\/\/floridalawyers360.com\/wp-content\/uploads\/2024\/02\/orlando-uber-acc2-copy-300x200.webp 300w\" sizes=\"(max-width: 500px) 100vw, 500px\" \/><\/a><\/p>\n<h2>Contacte a Nuestros Abogados de Accidentes de Uber Ahora Mismo<\/h2>\n<p>En las secuelas de un accidente de Uber en Orlando, FL, la b\u00fasqueda de asistencia legal de una empresa de renombre como Florida Abogados 360 puede hacer toda la diferencia en la obtenci\u00f3n de la compensaci\u00f3n y la justicia que se merece.<\/p>\n<p>Con nuestra experta orientaci\u00f3n legal, apoyo compasivo y dedicaci\u00f3n a los intereses de nuestros clientes, estamos listos para navegar las complejidades del sistema legal en su nombre, ayud\u00e1ndole a reconstruir su vida despu\u00e9s de una experiencia traum\u00e1tica.<\/p>\n<p>P\u00f3ngase en contacto con nuestros abogados de accidentes de Uber hoy en <a href=\"tel:+19544487355\"><i class=\"fa fa-phone-alt\"><\/i>954-448-7355<\/a>. Lucharemos por la compensaci\u00f3n que usted se merece.<\/p>\n","protected":false},"excerpt":{"rendered":"<p>En las bulliciosas calles de Orlando, Florida, donde los servicios de viajes compartidos como Uber son frecuentes, los accidentes que involucran a estos veh\u00edculos son una desafortunada realidad. Cuando estos incidentes ocurren, las v\u00edctimas a menudo se encuentran abrumadas por las consecuencias, luchando con lesiones f\u00edsicas, angustia emocional y cargas financieras. En estos tiempos dif\u00edciles, [&hellip;]<\/p>\n","protected":false},"author":22,"featured_media":0,"parent":5930,"menu_order":0,"comment_status":"closed","ping_status":"closed","template":"","meta":{"_acf_changed":false,"anchor_text":"","footnotes":""},"categories":[],"tags":[],"class_list":["post-5980","page","type-page","status-publish","hentry"],"acf":[],"_links":{"self":[{"href":"https:\/\/floridalawyers360.com\/es\/wp-json\/wp\/v2\/pages\/5980","targetHints":{"allow":["GET"]}}],"collection":[{"href":"https:\/\/floridalawyers360.com\/es\/wp-json\/wp\/v2\/pages"}],"about":[{"href":"https:\/\/floridalawyers360.com\/es\/wp-json\/wp\/v2\/types\/page"}],"author":[{"embeddable":true,"href":"https:\/\/floridalawyers360.com\/es\/wp-json\/wp\/v2\/users\/22"}],"replies":[{"embeddable":true,"href":"https:\/\/floridalawyers360.com\/es\/wp-json\/wp\/v2\/comments?post=5980"}],"version-history":[{"count":3,"href":"https:\/\/floridalawyers360.com\/es\/wp-json\/wp\/v2\/pages\/5980\/revisions"}],"predecessor-version":[{"id":6280,"href":"https:\/\/floridalawyers360.com\/es\/wp-json\/wp\/v2\/pages\/5980\/revisions\/6280"}],"up":[{"embeddable":true,"href":"https:\/\/floridalawyers360.com\/es\/wp-json\/wp\/v2\/pages\/5930"}],"wp:attachment":[{"href":"https:\/\/floridalawyers360.com\/es\/wp-json\/wp\/v2\/media?parent=5980"}],"wp:term":[{"taxonomy":"category","embeddable":true,"href":"https:\/\/floridalawyers360.com\/es\/wp-json\/wp\/v2\/categories?post=5980"},{"taxonomy":"post_tag","embeddable":true,"href":"https:\/\/floridalawyers360.com\/es\/wp-json\/wp\/v2\/tags?post=5980"}],"curies":[{"name":"wp","href":"https:\/\/api.w.org\/{rel}","templated":true}]}}