{"id":5976,"date":"2024-02-14T09:50:49","date_gmt":"2024-02-14T14:50:49","guid":{"rendered":"https:\/\/floridalawyers360.com\/orlando\/orlando-truck-accident-lawyer\/"},"modified":"2024-03-21T01:22:56","modified_gmt":"2024-03-21T06:22:56","slug":"abogado-de-accidentes-de-camion","status":"publish","type":"page","link":"https:\/\/floridalawyers360.com\/es\/orlando\/abogado-de-accidentes-de-camion\/","title":{"rendered":"Accidentes de cami\u00f3n"},"content":{"rendered":"<p>En ciudades bulliciosas como Orlando, Florida, las carreteras suelen estar abarrotadas de diversos veh\u00edculos, incluidos grandes camiones que transportan mercanc\u00edas por todo el estado y m\u00e1s all\u00e1.<\/p>\n<p>Mientras que estos camiones juegan un papel vital en la econom\u00eda, tambi\u00e9n plantean riesgos significativos en la carretera, dando lugar a accidentes de camiones que pueden causar consecuencias devastadoras.<\/p>\n<p>En las secuelas de un accidente de cami\u00f3n, las v\u00edctimas pueden encontrarse frente a enormes desaf\u00edos, incluyendo lesiones f\u00edsicas, traumas emocionales y cargas financieras. En medio de estas dificultades, la b\u00fasqueda de asistencia legal se convierte en crucial para garantizar una compensaci\u00f3n justa y la justicia.<\/p>\n<p>Florida Lawyer 360 se erige como un faro de apoyo para las personas involucradas en accidentes de camiones en Orlando, ofreciendo orientaci\u00f3n jur\u00eddica integral y representaci\u00f3n para navegar por las complejidades de estos casos.<\/p>\n<p>P\u00f3ngase en contacto con nuestro equipo legal hoy en <a href=\"tel:+19544487355\"><i class=\"fa fa-phone-alt\"><\/i>954-448-7355<\/a> para discutir su caso.<\/p>\n\t\t<div data-elementor-type=\"section\" data-elementor-id=\"208\" class=\"elementor elementor-208\" data-elementor-post-type=\"elementor_library\">\n\t\t\t\t\t<section class=\"elementor-section elementor-top-section elementor-element elementor-element-485e576a elementor-section-boxed elementor-section-height-default elementor-section-height-default\" data-id=\"485e576a\" data-element_type=\"section\" data-e-type=\"section\">\n\t\t\t\t\t\t<div class=\"elementor-container elementor-column-gap-default\">\n\t\t\t\t\t<div class=\"elementor-column elementor-col-100 elementor-top-column elementor-element elementor-element-635c38c0\" data-id=\"635c38c0\" data-element_type=\"column\" data-e-type=\"column\">\n\t\t\t<div class=\"elementor-widget-wrap elementor-element-populated\">\n\t\t\t\t\t\t<div class=\"elementor-element elementor-element-3ba95c8a elementor-toc--minimized-on-tablet elementor-widget elementor-widget-table-of-contents\" data-id=\"3ba95c8a\" data-element_type=\"widget\" data-e-type=\"widget\" data-settings=\"{&quot;exclude_headings_by_selector&quot;:&quot;.toc-remove&quot;,&quot;headings_by_tags&quot;:[&quot;h2&quot;,&quot;h3&quot;],&quot;marker_view&quot;:&quot;numbers&quot;,&quot;no_headings_message&quot;:&quot;No headings were found on this page.&quot;,&quot;minimize_box&quot;:&quot;yes&quot;,&quot;minimized_on&quot;:&quot;tablet&quot;,&quot;hierarchical_view&quot;:&quot;yes&quot;,&quot;min_height&quot;:{&quot;unit&quot;:&quot;px&quot;,&quot;size&quot;:&quot;&quot;,&quot;sizes&quot;:[]},&quot;min_height_tablet&quot;:{&quot;unit&quot;:&quot;px&quot;,&quot;size&quot;:&quot;&quot;,&quot;sizes&quot;:[]},&quot;min_height_mobile&quot;:{&quot;unit&quot;:&quot;px&quot;,&quot;size&quot;:&quot;&quot;,&quot;sizes&quot;:[]}}\" data-widget_type=\"table-of-contents.default\">\n\t\t\t\t\t\t\t\t\t<div class=\"elementor-toc__header\">\n\t\t\t\t\t\t<div class=\"elementor-toc__header-title\">\n\t\t\t\tTable of Contents\t\t\t<\/div>\n\t\t\t\t\t\t\t\t\t\t<div class=\"elementor-toc__toggle-button elementor-toc__toggle-button--expand\" role=\"button\" tabindex=\"0\" aria-controls=\"elementor-toc__3ba95c8a\" aria-expanded=\"true\" aria-label=\"Open table of contents\"><svg aria-hidden=\"true\" class=\"e-font-icon-svg e-fas-chevron-down\" viewBox=\"0 0 448 512\" xmlns=\"http:\/\/www.w3.org\/2000\/svg\"><path d=\"M207.029 381.476L12.686 187.132c-9.373-9.373-9.373-24.569 0-33.941l22.667-22.667c9.357-9.357 24.522-9.375 33.901-.04L224 284.505l154.745-154.021c9.379-9.335 24.544-9.317 33.901.04l22.667 22.667c9.373 9.373 9.373 24.569 0 33.941L240.971 381.476c-9.373 9.372-24.569 9.372-33.942 0z\"><\/path><\/svg><\/div>\n\t\t\t\t<div class=\"elementor-toc__toggle-button elementor-toc__toggle-button--collapse\" role=\"button\" tabindex=\"0\" aria-controls=\"elementor-toc__3ba95c8a\" aria-expanded=\"true\" aria-label=\"Close table of contents\"><svg aria-hidden=\"true\" class=\"e-font-icon-svg e-fas-chevron-up\" viewBox=\"0 0 448 512\" xmlns=\"http:\/\/www.w3.org\/2000\/svg\"><path d=\"M240.971 130.524l194.343 194.343c9.373 9.373 9.373 24.569 0 33.941l-22.667 22.667c-9.357 9.357-24.522 9.375-33.901.04L224 227.495 69.255 381.516c-9.379 9.335-24.544 9.317-33.901-.04l-22.667-22.667c-9.373-9.373-9.373-24.569 0-33.941L207.03 130.525c9.372-9.373 24.568-9.373 33.941-.001z\"><\/path><\/svg><\/div>\n\t\t\t\t\t<\/div>\n\t\t\t\t<div id=\"elementor-toc__3ba95c8a\" class=\"elementor-toc__body\">\n\t\t\t<div class=\"elementor-toc__spinner-container\">\n\t\t\t\t<svg class=\"elementor-toc__spinner eicon-animation-spin e-font-icon-svg e-eicon-loading\" aria-hidden=\"true\" viewBox=\"0 0 1000 1000\" xmlns=\"http:\/\/www.w3.org\/2000\/svg\"><path d=\"M500 975V858C696 858 858 696 858 500S696 142 500 142 142 304 142 500H25C25 237 238 25 500 25S975 237 975 500 763 975 500 975Z\"><\/path><\/svg>\t\t\t<\/div>\n\t\t<\/div>\n\t\t\t\t\t\t<\/div>\n\t\t\t\t\t<\/div>\n\t\t<\/div>\n\t\t\t\t\t<\/div>\n\t\t<\/section>\n\t\t\t\t<\/div>\n\t\t\n<h2>Entendiendo la Din\u00e1mica de los Accidentes de Camiones en Orlando<\/h2>\n<p>Orlando, con su extensa red de autopistas y carreteras interestatales, es uno de los principales centros de transporte de Florida. En consecuencia, la ciudad es testigo de un volumen considerable de tr\u00e1fico de camiones, lo que aumenta significativamente la probabilidad de accidentes.<\/p>\n<p>Los accidentes de camiones pueden ocurrir debido a varios factores, incluyendo la fatiga del conductor, fallos mec\u00e1nicos, carga inadecuada, conducci\u00f3n distra\u00edda o comportamiento imprudente. El gran tama\u00f1o y la disparidad de peso entre los camiones y los veh\u00edculos m\u00e1s peque\u00f1os amplifican la gravedad de las colisiones, a menudo resultando en lesiones catastr\u00f3ficas o muertes.<\/p>\n<p>Camiones comerciales en la Florida est\u00e1n legalmente autorizados a ser 75 pies de largo y llevar cargas de hasta 80.000 libras.<\/p>\n<p>Esto supera el peso de un coche de pasajeros promedio por lo menos 2o veces, y si hay una colisi\u00f3n entre estos dos veh\u00edculos, las personas en el interior del autom\u00f3vil est\u00e1n en un alto riesgo de ser heridos, y el propio autom\u00f3vil es probable que sea total.<\/p>\n<p>Los accidentes de cami\u00f3n suelen causar lesiones mucho m\u00e1s graves que los accidentes de autom\u00f3vil, y pueden dar lugar a discapacidades que alteran la vida, p\u00e9rdida de salarios, trauma emocional y monta\u00f1as de gastos m\u00e9dicos.<\/p>\n<p>Esto tambi\u00e9n puede poner una tensi\u00f3n extrema en los seres queridos de la v\u00edctima del accidente, que tienen que convertirse en cuidadores. Si un accidente con un cami\u00f3n causa la muerte, los familiares supervivientes sufren angustia emocional, p\u00e9rdida de compa\u00f1\u00eda y gastos funerarios.<\/p>\n<p>Tambi\u00e9n existe la p\u00e9rdida de un futuro flujo de ingresos para un hijo que depend\u00eda del fallecido.<\/p>\n<p><a href=\"https:\/\/floridalawyers360.com\/wp-content\/uploads\/2024\/02\/orlando-truck-acc1-copy.webp\"><img fetchpriority=\"high\" decoding=\"async\" class=\"alignnone size-full wp-image-3032\" src=\"https:\/\/floridalawyers360.com\/wp-content\/uploads\/2024\/02\/orlando-truck-acc1-copy.webp\" alt=\"Big rig trucks on the highway\" width=\"500\" height=\"334\" srcset=\"https:\/\/floridalawyers360.com\/wp-content\/uploads\/2024\/02\/orlando-truck-acc1-copy.webp 500w, https:\/\/floridalawyers360.com\/wp-content\/uploads\/2024\/02\/orlando-truck-acc1-copy-300x200.webp 300w\" sizes=\"(max-width: 500px) 100vw, 500px\" \/><\/a><\/p>\n<h2>Causas comunes y complejidades de los accidentes de cami\u00f3n<\/h2>\n<p>Las principales causas de los accidentes de camiones son la falta de atenci\u00f3n del conductor, la fatiga y la conducci\u00f3n agresiva. Conducir en estado de embriaguez, la falta de formaci\u00f3n adecuada, equipos defectuosos, y la conducci\u00f3n distra\u00edda son otras causas de accidentes de camiones.<\/p>\n<p>Sufrir una lesi\u00f3n corporal o la muerte de un ser querido como resultado de la conducci\u00f3n negligente o imprudente de un cami\u00f3n puede dar lugar a complicadas cuestiones de responsabilidad.<\/p>\n<p>Hay muchas leyes estatales y federales que los conductores de camiones y las empresas de transporte est\u00e1n obligados a cumplir, en relaci\u00f3n con el tama\u00f1o y el peso del cami\u00f3n, y las regulaciones que el conductor debe seguir en relaci\u00f3n con el n\u00famero de horas en la carretera, horas de sue\u00f1o, y otras normas para eliminar la fatiga del conductor.<\/p>\n<p>Debido a las complejas cuestiones de responsabilidad, la probabilidad de m\u00e1s de una parte responsable, y la probable gravedad de las lesiones sufridas por las personas heridas en accidentes con camiones grandes, es aconsejable contratar a un abogado con experiencia en accidentes de camiones en Orlando para perseguir su reclamo para usted.<\/p>\n<h2>\u00bfQu\u00e9 debe hacer tras un accidente con un cami\u00f3n?<\/h2>\n<p>Las lesiones corporales sufridas como consecuencia de un accidente de cami\u00f3n suelen ser bastante graves. Es importante obtener atenci\u00f3n m\u00e9dica una vez que abandone la escena del accidente. Antes de abandonar la escena del accidente, si usted es capaz, usted debe notificar a la polic\u00eda.<\/p>\n<p>Debe asegurarse de que se completa un informe del accidente que contenga toda la informaci\u00f3n relevante, incluyendo el empleador y la aseguradora del conductor del cami\u00f3n, con informaci\u00f3n de contacto.<\/p>\n<p>Tambi\u00e9n debe obtener las declaraciones de los testigos presenciales, as\u00ed como la informaci\u00f3n de contacto. Es importante fotografiar la escena del accidente, incluyendo cualquier escombro en la calzada, se\u00f1alizaci\u00f3n o condiciones meteorol\u00f3gicas que pudieran haber influido en el accidente en el que usted se vio envuelto.<\/p>\n<p>En el lugar del accidente debe solicitar al camionero los registros de viaje y de reparaciones, y ofrecerse a fotografiarlos si el camionero no quiere d\u00e1rselos. Esto le ayudar\u00e1 a determinar si el conductor cumpl\u00eda o no con todas las regulaciones de transporte impuestas por el estado de Florida y el gobierno federal.<\/p>\n<p>Despu\u00e9s de haber documentado adecuadamente, fotografiado, y otros memorialized la escena, usted debe buscar atenci\u00f3n m\u00e9dica.<\/p>\n<h2>\u00bfQu\u00e9 da\u00f1os se pueden recuperar?<\/h2>\n<p>Si usted ha sido lesionado en un accidente de cami\u00f3n, usted tiene derecho a recuperar sus da\u00f1os econ\u00f3micos por los costos relacionados con el accidente, incluyendo gastos m\u00e9dicos y salarios perdidos. Tambi\u00e9n puede recuperar los costes por p\u00e9rdidas no econ\u00f3micas, como el dolor y el sufrimiento.<\/p>\n<p>En los casos en que el conductor del cami\u00f3n conduc\u00eda imprudentemente o en estado de embriaguez, tambi\u00e9n puede ser capaz de recuperar los da\u00f1os punitivos, aunque la ley de Florida limita los da\u00f1os punitivos resultantes de accidentes automovil\u00edsticos a tres veces los da\u00f1os compensatorios, o $ 500,000.<\/p>\n<p>No importa lo que suceda en un accidente de cami\u00f3n, siempre debe consultar a un abogado con experiencia en accidentes automovil\u00edsticos en Orlando, FL.<\/p>\n<p><a href=\"https:\/\/floridalawyers360.com\/wp-content\/uploads\/2024\/03\/Orlando-Truck-Accident-Infographic-copy.webp\"><img decoding=\"async\" class=\"alignnone size-full wp-image-4825\" src=\"https:\/\/floridalawyers360.com\/wp-content\/uploads\/2024\/03\/Orlando-Truck-Accident-Infographic-copy.webp\" alt=\"Orlando Truck Accident Lawyer\" width=\"801\" height=\"2001\" srcset=\"https:\/\/floridalawyers360.com\/wp-content\/uploads\/2024\/03\/Orlando-Truck-Accident-Infographic-copy.webp 801w, https:\/\/floridalawyers360.com\/wp-content\/uploads\/2024\/03\/Orlando-Truck-Accident-Infographic-copy-120x300.webp 120w, https:\/\/floridalawyers360.com\/wp-content\/uploads\/2024\/03\/Orlando-Truck-Accident-Infographic-copy-410x1024.webp 410w, https:\/\/floridalawyers360.com\/wp-content\/uploads\/2024\/03\/Orlando-Truck-Accident-Infographic-copy-768x1919.webp 768w, https:\/\/floridalawyers360.com\/wp-content\/uploads\/2024\/03\/Orlando-Truck-Accident-Infographic-copy-615x1536.webp 615w\" sizes=\"(max-width: 801px) 100vw, 801px\" \/><\/a><\/p>\n<h2>El papel de Florida Lawyer 360 en ayudar a las v\u00edctimas de accidentes de camiones<\/h2>\n<p>Florida Lawyer 360 entiende los desaf\u00edos \u00fanicos que enfrentan las v\u00edctimas de accidentes de camiones en Orlando y se compromete a proporcionar apoyo compasivo e inquebrantable durante todo el proceso legal.<\/p>\n<p>Con un equipo de abogados especializados en lesiones personales, incluyendo accidentes de camiones, Florida Lawyer 360 ofrece servicios integrales adaptados a las necesidades individuales de cada cliente.<\/p>\n<h3>Investigaci\u00f3n y obtenci\u00f3n de pruebas<\/h3>\n<p>Inmediatamente despu\u00e9s de un accidente de cami\u00f3n, la obtenci\u00f3n de pruebas pertinentes es crucial para la construcci\u00f3n de un caso s\u00f3lido.<\/p>\n<p>Florida Lawyer 360 lleva a cabo una investigaci\u00f3n exhaustiva de las circunstancias que rodearon el accidente, recopilando pruebas como informes policiales, declaraciones de testigos, im\u00e1genes de vigilancia, datos de la caja negra y registros de mantenimiento.<\/p>\n<p>Este enfoque meticuloso ayuda a establecer la responsabilidad y fortalecer la reclamaci\u00f3n de indemnizaci\u00f3n del cliente.<\/p>\n<h3>Defensa Legal y Representaci\u00f3n<\/h3>\n<p>Una vez contratado, Florida Lawyer 360 proporciona representaci\u00f3n legal agresiva en nombre de las v\u00edctimas de accidentes de camiones. Nuestros abogados est\u00e1n bien versados en las complejidades de la ley de lesiones personales y est\u00e1n preparados para enfrentarse a las compa\u00f1\u00edas de seguros y abogados de la parte contraria para obtener la m\u00e1xima compensaci\u00f3n para nuestros clientes.<\/p>\n<p>Ya sea a trav\u00e9s de la negociaci\u00f3n o litigio, estamos dedicados a lograr resultados favorables que aborden los da\u00f1os f\u00edsicos, emocionales y financieros sufridos por nuestros clientes.<\/p>\n<h3>Consulta y colaboraci\u00f3n de expertos<\/h3>\n<p>En casos complejos de accidentes de camiones, el testimonio de expertos puede ser fundamental para establecer la responsabilidad y evaluar los da\u00f1os.<\/p>\n<p>Florida Lawyer 360 colabora con una red de expertos de confianza, incluyendo especialistas en reconstrucci\u00f3n de accidentes, profesionales m\u00e9dicos, economistas y expertos vocacionales, para proporcionar un apoyo integral a nuestros clientes.<\/p>\n<p>Estos expertos prestan su experiencia para analizar las pruebas, proporcionar opiniones profesionales, y testificar ante el tribunal si es necesario, reforzando la fuerza de las reclamaciones de nuestros clientes.<\/p>\n<h3>Apoyo y Orientaci\u00f3n Compasiva<\/h3>\n<p>M\u00e1s all\u00e1 de la defensa legal, Florida Lawyer 360 prioriza el bienestar de nuestros clientes, ofreciendo apoyo compasivo y orientaci\u00f3n a lo largo de su viaje de recuperaci\u00f3n.<\/p>\n<p>Entendemos la carga emocional de un accidente de cami\u00f3n y nos esforzamos por aliviar el estr\u00e9s de nuestros clientes mediante el manejo de todos los aspectos del proceso legal en su nombre. Nuestro equipo sigue siendo accesible y sensible para hacer frente a cualquier preocupaci\u00f3n o pregunta, asegurando que nuestros clientes se sientan apoyados en cada paso del camino.<\/p>\n<p><a href=\"https:\/\/floridalawyers360.com\/wp-content\/uploads\/2024\/02\/orlando-truck-acc2-copy.webp\"><img decoding=\"async\" class=\"alignnone size-full wp-image-3033\" src=\"https:\/\/floridalawyers360.com\/wp-content\/uploads\/2024\/02\/orlando-truck-acc2-copy.webp\" alt=\"Truck Accident on the freeway\" width=\"500\" height=\"334\" srcset=\"https:\/\/floridalawyers360.com\/wp-content\/uploads\/2024\/02\/orlando-truck-acc2-copy.webp 500w, https:\/\/floridalawyers360.com\/wp-content\/uploads\/2024\/02\/orlando-truck-acc2-copy-300x200.webp 300w\" sizes=\"(max-width: 500px) 100vw, 500px\" \/><\/a><\/p>\n<h2>Conclusi\u00f3n<\/h2>\n<p>Los accidentes de camiones en Orlando, FL, pueden tener consecuencias devastadoras para las v\u00edctimas y sus familias, provocando lesiones f\u00edsicas, traumas emocionales y dificultades financieras.<\/p>\n<p>En tiempos tan dif\u00edciles, la b\u00fasqueda de asistencia legal de una empresa de renombre como Florida Lawyer 360 puede hacer una diferencia significativa.<\/p>\n<p>Con nuestra experiencia, dedicaci\u00f3n y compromiso inquebrantable con la defensa del cliente, estamos listos para ayudar a las v\u00edctimas de accidentes de camiones a navegar por las complejidades del sistema legal y asegurar la compensaci\u00f3n que merecen.<\/p>\n<p>Si usted o un ser querido ha sido lesionado en un accidente de cami\u00f3n, no dude en ponerse en contacto con Florida Lawyer 360 en <a href=\"tel:+19544487355\"><i class=\"fa fa-phone-alt\"><\/i>954-448-7355<\/a> para una consulta confidencial y orientaci\u00f3n legal personalizada.<\/p>\n","protected":false},"excerpt":{"rendered":"<p>En ciudades bulliciosas como Orlando, Florida, las carreteras suelen estar abarrotadas de diversos veh\u00edculos, incluidos grandes camiones que transportan mercanc\u00edas por todo el estado y m\u00e1s all\u00e1. Mientras que estos camiones juegan un papel vital en la econom\u00eda, tambi\u00e9n plantean riesgos significativos en la carretera, dando lugar a accidentes de camiones que pueden causar consecuencias [&hellip;]<\/p>\n","protected":false},"author":22,"featured_media":0,"parent":5930,"menu_order":0,"comment_status":"closed","ping_status":"closed","template":"","meta":{"_acf_changed":false,"anchor_text":"","footnotes":""},"categories":[],"tags":[],"class_list":["post-5976","page","type-page","status-publish","hentry"],"acf":[],"_links":{"self":[{"href":"https:\/\/floridalawyers360.com\/es\/wp-json\/wp\/v2\/pages\/5976","targetHints":{"allow":["GET"]}}],"collection":[{"href":"https:\/\/floridalawyers360.com\/es\/wp-json\/wp\/v2\/pages"}],"about":[{"href":"https:\/\/floridalawyers360.com\/es\/wp-json\/wp\/v2\/types\/page"}],"author":[{"embeddable":true,"href":"https:\/\/floridalawyers360.com\/es\/wp-json\/wp\/v2\/users\/22"}],"replies":[{"embeddable":true,"href":"https:\/\/floridalawyers360.com\/es\/wp-json\/wp\/v2\/comments?post=5976"}],"version-history":[{"count":3,"href":"https:\/\/floridalawyers360.com\/es\/wp-json\/wp\/v2\/pages\/5976\/revisions"}],"predecessor-version":[{"id":6279,"href":"https:\/\/floridalawyers360.com\/es\/wp-json\/wp\/v2\/pages\/5976\/revisions\/6279"}],"up":[{"embeddable":true,"href":"https:\/\/floridalawyers360.com\/es\/wp-json\/wp\/v2\/pages\/5930"}],"wp:attachment":[{"href":"https:\/\/floridalawyers360.com\/es\/wp-json\/wp\/v2\/media?parent=5976"}],"wp:term":[{"taxonomy":"category","embeddable":true,"href":"https:\/\/floridalawyers360.com\/es\/wp-json\/wp\/v2\/categories?post=5976"},{"taxonomy":"post_tag","embeddable":true,"href":"https:\/\/floridalawyers360.com\/es\/wp-json\/wp\/v2\/tags?post=5976"}],"curies":[{"name":"wp","href":"https:\/\/api.w.org\/{rel}","templated":true}]}}