{"id":5973,"date":"2024-02-14T09:49:45","date_gmt":"2024-02-14T14:49:45","guid":{"rendered":"https:\/\/floridalawyers360.com\/orlando\/orlando-pedestrian-accident-lawyer\/"},"modified":"2024-03-21T01:22:30","modified_gmt":"2024-03-21T06:22:30","slug":"abogado-de-accidentes-de-peatones","status":"publish","type":"page","link":"https:\/\/floridalawyers360.com\/es\/orlando\/abogado-de-accidentes-de-peatones\/","title":{"rendered":"Accidentes de peatones"},"content":{"rendered":"<p>En Florida Lawyers 360, entendemos las complejidades involucradas en los casos de accidentes peatonales en Orlando, FL. Nuestros abogados poseen un profundo conocimiento de las leyes y reglamentos de la Florida que rigen la seguridad de los peatones y los accidentes de tr\u00e1fico.<\/p>\n<p>Investigamos meticulosamente cada caso, recopilando pruebas, consultando con expertos, y la construcci\u00f3n de una estrategia legal fuerte para perseguir la m\u00e1xima compensaci\u00f3n para nuestros clientes.<\/p>\n<p>Si usted o un ser querido ha sido v\u00edctima de un accidente peatonal, p\u00f3ngase en contacto con nuestro equipo legal hoy en <a href=\"tel:+19544487355\"><i class=\"fa fa-phone-alt\"><\/i>954-448-7355<\/a> para una consulta inicial gratuita.<\/p>\n\t\t<div data-elementor-type=\"section\" data-elementor-id=\"208\" class=\"elementor elementor-208\" data-elementor-post-type=\"elementor_library\">\n\t\t\t\t\t<section class=\"elementor-section elementor-top-section elementor-element elementor-element-485e576a elementor-section-boxed elementor-section-height-default elementor-section-height-default\" data-id=\"485e576a\" data-element_type=\"section\" data-e-type=\"section\">\n\t\t\t\t\t\t<div class=\"elementor-container elementor-column-gap-default\">\n\t\t\t\t\t<div class=\"elementor-column elementor-col-100 elementor-top-column elementor-element elementor-element-635c38c0\" data-id=\"635c38c0\" data-element_type=\"column\" data-e-type=\"column\">\n\t\t\t<div class=\"elementor-widget-wrap elementor-element-populated\">\n\t\t\t\t\t\t<div class=\"elementor-element elementor-element-3ba95c8a elementor-toc--minimized-on-tablet elementor-widget elementor-widget-table-of-contents\" data-id=\"3ba95c8a\" data-element_type=\"widget\" data-e-type=\"widget\" data-settings=\"{&quot;exclude_headings_by_selector&quot;:&quot;.toc-remove&quot;,&quot;headings_by_tags&quot;:[&quot;h2&quot;,&quot;h3&quot;],&quot;marker_view&quot;:&quot;numbers&quot;,&quot;no_headings_message&quot;:&quot;No se ha encontrado ning\\u00fan encabezado en esta p\\u00e1gina.&quot;,&quot;minimize_box&quot;:&quot;yes&quot;,&quot;minimized_on&quot;:&quot;tablet&quot;,&quot;hierarchical_view&quot;:&quot;yes&quot;,&quot;min_height&quot;:{&quot;unit&quot;:&quot;px&quot;,&quot;size&quot;:&quot;&quot;,&quot;sizes&quot;:[]},&quot;min_height_tablet&quot;:{&quot;unit&quot;:&quot;px&quot;,&quot;size&quot;:&quot;&quot;,&quot;sizes&quot;:[]},&quot;min_height_mobile&quot;:{&quot;unit&quot;:&quot;px&quot;,&quot;size&quot;:&quot;&quot;,&quot;sizes&quot;:[]}}\" data-widget_type=\"table-of-contents.default\">\n\t\t\t\t\t\t\t\t\t<div class=\"elementor-toc__header\">\n\t\t\t\t\t\t<div class=\"elementor-toc__header-title\">\n\t\t\t\tTable of Contents\t\t\t<\/div>\n\t\t\t\t\t\t\t\t\t\t<div class=\"elementor-toc__toggle-button elementor-toc__toggle-button--expand\" role=\"button\" tabindex=\"0\" aria-controls=\"elementor-toc__3ba95c8a\" aria-expanded=\"true\" aria-label=\"Abrir la tabla de contenidos\"><svg aria-hidden=\"true\" class=\"e-font-icon-svg e-fas-chevron-down\" viewBox=\"0 0 448 512\" xmlns=\"http:\/\/www.w3.org\/2000\/svg\"><path d=\"M207.029 381.476L12.686 187.132c-9.373-9.373-9.373-24.569 0-33.941l22.667-22.667c9.357-9.357 24.522-9.375 33.901-.04L224 284.505l154.745-154.021c9.379-9.335 24.544-9.317 33.901.04l22.667 22.667c9.373 9.373 9.373 24.569 0 33.941L240.971 381.476c-9.373 9.372-24.569 9.372-33.942 0z\"><\/path><\/svg><\/div>\n\t\t\t\t<div class=\"elementor-toc__toggle-button elementor-toc__toggle-button--collapse\" role=\"button\" tabindex=\"0\" aria-controls=\"elementor-toc__3ba95c8a\" aria-expanded=\"true\" aria-label=\"Cerrar la tabla de contenidos\"><svg aria-hidden=\"true\" class=\"e-font-icon-svg e-fas-chevron-up\" viewBox=\"0 0 448 512\" xmlns=\"http:\/\/www.w3.org\/2000\/svg\"><path d=\"M240.971 130.524l194.343 194.343c9.373 9.373 9.373 24.569 0 33.941l-22.667 22.667c-9.357 9.357-24.522 9.375-33.901.04L224 227.495 69.255 381.516c-9.379 9.335-24.544 9.317-33.901-.04l-22.667-22.667c-9.373-9.373-9.373-24.569 0-33.941L207.03 130.525c9.372-9.373 24.568-9.373 33.941-.001z\"><\/path><\/svg><\/div>\n\t\t\t\t\t<\/div>\n\t\t\t\t<div id=\"elementor-toc__3ba95c8a\" class=\"elementor-toc__body\">\n\t\t\t<div class=\"elementor-toc__spinner-container\">\n\t\t\t\t<svg class=\"elementor-toc__spinner eicon-animation-spin e-font-icon-svg e-eicon-loading\" aria-hidden=\"true\" viewBox=\"0 0 1000 1000\" xmlns=\"http:\/\/www.w3.org\/2000\/svg\"><path d=\"M500 975V858C696 858 858 696 858 500S696 142 500 142 142 304 142 500H25C25 237 238 25 500 25S975 237 975 500 763 975 500 975Z\"><\/path><\/svg>\t\t\t<\/div>\n\t\t<\/div>\n\t\t\t\t\t\t<\/div>\n\t\t\t\t\t<\/div>\n\t\t<\/div>\n\t\t\t\t\t<\/div>\n\t\t<\/section>\n\t\t\t\t<\/div>\n\t\t\n<h2>Navegando por el Paisaje de Accidentes de Peatones de Orlando: Comprender los riesgos<\/h2>\n<p>Seg\u00fan la Administraci\u00f3n Nacional de Seguridad del Tr\u00e1fico en Carreteras (NHTSA), hubo 4.735 peatones muertos en accidentes de tr\u00e1fico en 2013, y otros 66.000 peatones que resultaron heridos.<\/p>\n<p>Eso significa que, de media, un peat\u00f3n en este pa\u00eds result\u00f3 herido cada ocho minutos y muri\u00f3 cada dos horas en 2013. Por peat\u00f3n se entiende toda persona que camina, corre, hace footing, practica senderismo, est\u00e1 sentada o tumbada.<\/p>\n<p><a href=\"https:\/\/floridalawyers360.com\/wp-content\/uploads\/2024\/02\/orlando-pedestrian-acc1-copy.webp\"><img fetchpriority=\"high\" decoding=\"async\" class=\"alignnone size-full wp-image-3019\" src=\"https:\/\/floridalawyers360.com\/wp-content\/uploads\/2024\/02\/orlando-pedestrian-acc1-copy.webp\" alt=\"Pedestrians crossing the street\" width=\"500\" height=\"334\" srcset=\"https:\/\/floridalawyers360.com\/wp-content\/uploads\/2024\/02\/orlando-pedestrian-acc1-copy.webp 500w, https:\/\/floridalawyers360.com\/wp-content\/uploads\/2024\/02\/orlando-pedestrian-acc1-copy-300x200.webp 300w\" sizes=\"(max-width: 500px) 100vw, 500px\" \/><\/a><\/p>\n<h2>Orlando es m\u00e1s peligroso que otros lugares<\/h2>\n<p>En el informe Dangerous by Design de 2014, publicado por Smart Growth America, Orlando fue designada como el \u00e1rea metropolitana m\u00e1s peligrosa del pa\u00eds para los peatones.<\/p>\n<p>Es importante destacar que el estudio concluy\u00f3 que el 51 por ciento de los accidentes de peatones son causados por un conductor que no cedi\u00f3 el paso cuando la ley lo requer\u00eda.<\/p>\n<p>El estudio tambi\u00e9n concluy\u00f3 que el 74% (tres cuartas partes) de las colisiones en las que se ven implicados peatones que cruzan una calzada se producen en carreteras de cuatro o m\u00e1s carriles, y otro 24% en carreteras de varios carriles sin mediana.<\/p>\n<p>No queriendo conservar el primer puesto en este departamento, Orlando ha emprendido importantes esfuerzos para aumentar la seguridad de los peatones.<\/p>\n<p>MetroPlan Orlando ha reunido a planificadores de transporte, ingenieros, fuerzas del orden y ciudadanos para crear un plan de mejora de la seguridad de los peatones, denominado Plan de Acci\u00f3n para la Seguridad de los Peatones.<\/p>\n<p>En el marco de este plan, Orlando ha dado prioridad a la financiaci\u00f3n de soluciones de transporte que reduzcan las colisiones con peatones, y ha elaborado un conjunto completo de estrategias de ingenier\u00eda y aplicaci\u00f3n de la ley para que las fuerzas del orden y el gobierno local las pongan en pr\u00e1ctica.<\/p>\n<p>Smart Growth America lleg\u00f3 a la conclusi\u00f3n de que la seguridad de los peatones puede mejorarse instalando medianas e islas de refugio para reducir las colisiones de peatones a mitad de calle.<\/p>\n<p>Instalar alumbrado en corredores clave para reducir el n\u00famero de peatones fallecidos; e instalar pasos de peatones adicionales y mejorados en lugares sin se\u00f1ales, y eso es lo que pretende aplicar el Plan de Acci\u00f3n para la Seguridad de los Peatones.<\/p>\n<p><a href=\"https:\/\/floridalawyers360.com\/wp-content\/uploads\/2024\/03\/Orlando-Pedestrian-Accident-Infographic-copy.webp\"><img decoding=\"async\" class=\"alignnone size-full wp-image-4819\" src=\"https:\/\/floridalawyers360.com\/wp-content\/uploads\/2024\/03\/Orlando-Pedestrian-Accident-Infographic-copy.webp\" alt=\"Orlando Pedestrian Accident Lawyer\" width=\"801\" height=\"2001\" srcset=\"https:\/\/floridalawyers360.com\/wp-content\/uploads\/2024\/03\/Orlando-Pedestrian-Accident-Infographic-copy.webp 801w, https:\/\/floridalawyers360.com\/wp-content\/uploads\/2024\/03\/Orlando-Pedestrian-Accident-Infographic-copy-120x300.webp 120w, https:\/\/floridalawyers360.com\/wp-content\/uploads\/2024\/03\/Orlando-Pedestrian-Accident-Infographic-copy-410x1024.webp 410w, https:\/\/floridalawyers360.com\/wp-content\/uploads\/2024\/03\/Orlando-Pedestrian-Accident-Infographic-copy-768x1919.webp 768w, https:\/\/floridalawyers360.com\/wp-content\/uploads\/2024\/03\/Orlando-Pedestrian-Accident-Infographic-copy-615x1536.webp 615w\" sizes=\"(max-width: 801px) 100vw, 801px\" \/><\/a><\/p>\n<h2>\u00bfPor qu\u00e9 son tan frecuentes los accidentes de peatones?<\/h2>\n<p>Con el aumento de la conducci\u00f3n distra\u00edda como consecuencia de los mensajes de texto y otras distracciones relacionadas con el tel\u00e9fono m\u00f3vil, los peatones corren m\u00e1s peligro que nunca de resultar heridos en un accidente.<\/p>\n<p>Aunque los accidentes de peatones pueden ocurrir a cualquiera, son m\u00e1s frecuentes entre los ancianos y los ni\u00f1os. Los accidentes de peatones pueden provocar lesiones graves, incluyendo lesiones cerebrales traum\u00e1ticas, lesiones de la m\u00e9dula espinal, y roturas y fracturas graves.<\/p>\n<p>Si usted es un peat\u00f3n que result\u00f3 herido en un accidente automovil\u00edstico en Orlando porque un conductor no cedi\u00f3 el derecho de paso, no observ\u00f3 un paso de peatones, o estaba distra\u00eddo de otra manera, es posible que tenga que presentar una demanda contra el conductor negligente para ser debidamente compensado por sus lesiones.<\/p>\n<h2>\u00bfQu\u00e9 pueden hacer los peatones para reducir el riesgo de accidente?<\/h2>\n<p>Los peatones pueden tomar algunas medidas para reducir el riesgo de ser atropellado por un autom\u00f3vil. Los peatones siempre deben ejercer la m\u00e1xima precauci\u00f3n, especialmente en las intersecciones, ya que es donde los conductores son m\u00e1s propensos a no ceder el derecho de paso a los peatones cuando est\u00e1n tratando de hacer un giro.<\/p>\n<p>Los peatones tambi\u00e9n deben llevar una linterna o llevar ropa reflectante cuando caminen de noche, para aumentar su visibilidad ante los automovilistas en la carretera.<\/p>\n<h2>\u00bfQu\u00e9 ocurre si ya ha sufrido un accidente?<\/h2>\n<p>Si ya ha sufrido lesiones en un accidente como peat\u00f3n, o ha perdido a un ser querido en un accidente porque era un peat\u00f3n atropellado por un conductor, debe buscar asesoramiento legal.<\/p>\n<p>Las lesiones corporales relacionadas con los peatones suelen ser bastante graves, y en la mayor\u00eda de los casos ser\u00e1 necesario presentar una reclamaci\u00f3n contra el seguro del conductor culpable.<\/p>\n<p><a href=\"https:\/\/floridalawyers360.com\/wp-content\/uploads\/2024\/02\/orlando-pedestrian-acc2-copy.webp\"><img decoding=\"async\" class=\"alignnone size-full wp-image-3020\" src=\"https:\/\/floridalawyers360.com\/wp-content\/uploads\/2024\/02\/orlando-pedestrian-acc2-copy.webp\" alt=\"Orlando pedestrian Accident Lawyer\" width=\"500\" height=\"334\" srcset=\"https:\/\/floridalawyers360.com\/wp-content\/uploads\/2024\/02\/orlando-pedestrian-acc2-copy.webp 500w, https:\/\/floridalawyers360.com\/wp-content\/uploads\/2024\/02\/orlando-pedestrian-acc2-copy-300x200.webp 300w\" sizes=\"(max-width: 500px) 100vw, 500px\" \/><\/a><\/p>\n<h2>Ramificaciones legales y necesidad de defensa<\/h2>\n<p>Cuando se producen accidentes de peatones, las v\u00edctimas a menudo se enfrentan a un largo y arduo camino hacia la recuperaci\u00f3n. Los gastos m\u00e9dicos, la p\u00e9rdida de salarios y el trauma emocional pueden suponer una pesada carga para las personas y sus familias.<\/p>\n<p>La b\u00fasqueda de recursos legales es esencial para responsabilizar a las partes negligentes y obtener la compensaci\u00f3n necesaria para reconstruir sus vidas.<\/p>\n<h2>C\u00f3mo podemos ayudarle<\/h2>\n<p>Entendemos las leyes y el proceso legal cuando se trata de accidentes de peatones. He aqu\u00ed c\u00f3mo podemos ayudarle:<\/p>\n<h3>Representaci\u00f3n Legal Integral<\/h3>\n<p>En Florida Lawyers 360, entendemos las complejidades involucradas en los casos de accidentes de peatones. Nuestros abogados poseen un profundo conocimiento de las leyes y reglamentos de Florida que rigen la seguridad de los peatones y los accidentes de tr\u00e1fico.<\/p>\n<p>Investigamos meticulosamente cada caso, recopilamos pruebas, consultamos con expertos y construimos una estrategia legal s\u00f3lida para obtener la m\u00e1xima compensaci\u00f3n para nuestros clientes.<\/p>\n<h3>Navegando Reclamaciones de Seguros<\/h3>\n<p>Tratar con las compa\u00f1\u00edas de seguros puede ser abrumador, especialmente para las personas que se recuperan de accidentes de peatones. Los ajustadores de seguros pueden tratar de minimizar o negar las reclamaciones, dejando a las v\u00edctimas sinti\u00e9ndose impotentes y frustrados.<\/p>\n<p>Florida Lawyers 360 quita la carga de los hombros de nuestros clientes mediante el manejo de todas las comunicaciones y negociaciones con los proveedores de seguros.<\/p>\n<p>Luchamos incansablemente para asegurar que nuestros clientes reciban una compensaci\u00f3n justa por sus gastos m\u00e9dicos, p\u00e9rdida de ingresos, dolor y sufrimiento, y otros da\u00f1os.<\/p>\n<h3>Experiencia en litigios y defensa ante los tribunales<\/h3>\n<p>Mientras que muchos casos de accidentes de peatones pueden resolverse mediante la negociaci\u00f3n y el acuerdo, algunos pueden requerir litigios para lograr un resultado satisfactorio.<\/p>\n<p>Florida Lawyers 360 tiene un historial probado de \u00e9xito en los tribunales, con litigantes expertos que no tienen miedo de enfrentarse a las grandes compa\u00f1\u00edas de seguros y sus equipos legales.<\/p>\n<p>Defendemos celosamente los derechos de nuestros clientes, presentando argumentos y pruebas convincentes ante jurados y jueces para asegurar veredictos y acuerdos favorables.<\/p>\n<h3>Apoyamos a las v\u00edctimas en cada paso del camino<\/h3>\n<p>En Florida Lawyers 360, entendemos que los accidentes de peatones pueden tener un profundo impacto en las v\u00edctimas y sus familias. M\u00e1s all\u00e1 de proporcionar representaci\u00f3n legal experta, ofrecemos apoyo compasivo y orientaci\u00f3n a lo largo de todo el proceso legal.<\/p>\n<p>Nuestro equipo est\u00e1 disponible para responder preguntas, abordar preocupaciones y proporcionar actualizaciones sobre la evoluci\u00f3n del caso, lo que permite a nuestros clientes centrarse en su recuperaci\u00f3n y bienestar.<\/p>\n<p><a href=\"https:\/\/floridalawyers360.com\/wp-content\/uploads\/2024\/02\/orlando-pedestrian-acc3-copy.webp\"><img loading=\"lazy\" decoding=\"async\" class=\"alignnone size-full wp-image-3018\" src=\"https:\/\/floridalawyers360.com\/wp-content\/uploads\/2024\/02\/orlando-pedestrian-acc3-copy.webp\" alt=\"Victim of a pedestrian accident, contact Florida Lawyers 360 today\" width=\"500\" height=\"334\" srcset=\"https:\/\/floridalawyers360.com\/wp-content\/uploads\/2024\/02\/orlando-pedestrian-acc3-copy.webp 500w, https:\/\/floridalawyers360.com\/wp-content\/uploads\/2024\/02\/orlando-pedestrian-acc3-copy-300x200.webp 300w\" sizes=\"(max-width: 500px) 100vw, 500px\" \/><\/a><\/p>\n<h2>Conclusiones: Defensa de la seguridad y la justicia para los peatones<\/h2>\n<p>Los accidentes peatonales pueden tener consecuencias devastadoras para las v\u00edctimas y sus familias, pero no tienen que enfrentar las secuelas solos. Florida Lawyers 360 se dedica a proporcionar apoyo inquebrantable y representaci\u00f3n legal a las v\u00edctimas de accidentes peatonales en Orlando.<\/p>\n<p>Con nuestra experiencia, recursos y compromiso con la justicia, nos esforzamos por hacer una diferencia significativa en las vidas de los afectados por estos tr\u00e1gicos incidentes.<\/p>\n<p>Si usted o un ser querido ha sido lesionado en un accidente peatonal, p\u00f3ngase en contacto con Florida Lawyers 360 hoy para programar una consulta gratuita y aprender c\u00f3mo podemos ayudarle a obtener la compensaci\u00f3n y la justicia que se merece.<\/p>\n","protected":false},"excerpt":{"rendered":"<p>En Florida Lawyers 360, entendemos las complejidades involucradas en los casos de accidentes peatonales en Orlando, FL. Nuestros abogados poseen un profundo conocimiento de las leyes y reglamentos de la Florida que rigen la seguridad de los peatones y los accidentes de tr\u00e1fico. Investigamos meticulosamente cada caso, recopilando pruebas, consultando con expertos, y la construcci\u00f3n [&hellip;]<\/p>\n","protected":false},"author":22,"featured_media":0,"parent":5930,"menu_order":0,"comment_status":"closed","ping_status":"closed","template":"","meta":{"_acf_changed":false,"anchor_text":"","footnotes":""},"categories":[],"tags":[],"class_list":["post-5973","page","type-page","status-publish","hentry"],"acf":[],"_links":{"self":[{"href":"https:\/\/floridalawyers360.com\/es\/wp-json\/wp\/v2\/pages\/5973","targetHints":{"allow":["GET"]}}],"collection":[{"href":"https:\/\/floridalawyers360.com\/es\/wp-json\/wp\/v2\/pages"}],"about":[{"href":"https:\/\/floridalawyers360.com\/es\/wp-json\/wp\/v2\/types\/page"}],"author":[{"embeddable":true,"href":"https:\/\/floridalawyers360.com\/es\/wp-json\/wp\/v2\/users\/22"}],"replies":[{"embeddable":true,"href":"https:\/\/floridalawyers360.com\/es\/wp-json\/wp\/v2\/comments?post=5973"}],"version-history":[{"count":3,"href":"https:\/\/floridalawyers360.com\/es\/wp-json\/wp\/v2\/pages\/5973\/revisions"}],"predecessor-version":[{"id":6278,"href":"https:\/\/floridalawyers360.com\/es\/wp-json\/wp\/v2\/pages\/5973\/revisions\/6278"}],"up":[{"embeddable":true,"href":"https:\/\/floridalawyers360.com\/es\/wp-json\/wp\/v2\/pages\/5930"}],"wp:attachment":[{"href":"https:\/\/floridalawyers360.com\/es\/wp-json\/wp\/v2\/media?parent=5973"}],"wp:term":[{"taxonomy":"category","embeddable":true,"href":"https:\/\/floridalawyers360.com\/es\/wp-json\/wp\/v2\/categories?post=5973"},{"taxonomy":"post_tag","embeddable":true,"href":"https:\/\/floridalawyers360.com\/es\/wp-json\/wp\/v2\/tags?post=5973"}],"curies":[{"name":"wp","href":"https:\/\/api.w.org\/{rel}","templated":true}]}}