{"id":5963,"date":"2024-02-14T11:28:53","date_gmt":"2024-02-14T16:28:53","guid":{"rendered":"https:\/\/floridalawyers360.com\/orlando\/orlando-motorcycle-accident-lawyer\/"},"modified":"2024-03-21T01:22:04","modified_gmt":"2024-03-21T06:22:04","slug":"abogado-de-accidentes-de-moto","status":"publish","type":"page","link":"https:\/\/floridalawyers360.com\/es\/orlando\/abogado-de-accidentes-de-moto\/","title":{"rendered":"Accidentes de moto"},"content":{"rendered":"<p>Florida Lawyers 360 es una distinguida firma legal dedicada a proporcionar servicios legales integrales a las personas involucradas en diversos tipos de accidentes en toda la Florida.<\/p>\n<p>Especializada en casos de lesiones personales, la empresa ha ganado un reconocimiento significativo por su h\u00e1bil manejo de casos de accidentes de motocicleta en Orlando.<\/p>\n<p>Con una reputaci\u00f3n basada en la integridad, la compasi\u00f3n y el \u00e9xito, la empresa sigue haciendo una diferencia significativa en las vidas de los afectados por accidentes de motocicleta, un caso a la vez.<\/p>\n\t\t<div data-elementor-type=\"section\" data-elementor-id=\"208\" class=\"elementor elementor-208\" data-elementor-post-type=\"elementor_library\">\n\t\t\t\t\t<section class=\"elementor-section elementor-top-section elementor-element elementor-element-485e576a elementor-section-boxed elementor-section-height-default elementor-section-height-default\" data-id=\"485e576a\" data-element_type=\"section\" data-e-type=\"section\">\n\t\t\t\t\t\t<div class=\"elementor-container elementor-column-gap-default\">\n\t\t\t\t\t<div class=\"elementor-column elementor-col-100 elementor-top-column elementor-element elementor-element-635c38c0\" data-id=\"635c38c0\" data-element_type=\"column\" data-e-type=\"column\">\n\t\t\t<div class=\"elementor-widget-wrap elementor-element-populated\">\n\t\t\t\t\t\t<div class=\"elementor-element elementor-element-3ba95c8a elementor-toc--minimized-on-tablet elementor-widget elementor-widget-table-of-contents\" data-id=\"3ba95c8a\" data-element_type=\"widget\" data-e-type=\"widget\" data-settings=\"{&quot;exclude_headings_by_selector&quot;:&quot;.toc-remove&quot;,&quot;headings_by_tags&quot;:[&quot;h2&quot;,&quot;h3&quot;],&quot;marker_view&quot;:&quot;numbers&quot;,&quot;no_headings_message&quot;:&quot;No se ha encontrado ning\\u00fan encabezado en esta p\\u00e1gina.&quot;,&quot;minimize_box&quot;:&quot;yes&quot;,&quot;minimized_on&quot;:&quot;tablet&quot;,&quot;hierarchical_view&quot;:&quot;yes&quot;,&quot;min_height&quot;:{&quot;unit&quot;:&quot;px&quot;,&quot;size&quot;:&quot;&quot;,&quot;sizes&quot;:[]},&quot;min_height_tablet&quot;:{&quot;unit&quot;:&quot;px&quot;,&quot;size&quot;:&quot;&quot;,&quot;sizes&quot;:[]},&quot;min_height_mobile&quot;:{&quot;unit&quot;:&quot;px&quot;,&quot;size&quot;:&quot;&quot;,&quot;sizes&quot;:[]}}\" data-widget_type=\"table-of-contents.default\">\n\t\t\t\t\t\t\t\t\t<div class=\"elementor-toc__header\">\n\t\t\t\t\t\t<div class=\"elementor-toc__header-title\">\n\t\t\t\tTable of Contents\t\t\t<\/div>\n\t\t\t\t\t\t\t\t\t\t<div class=\"elementor-toc__toggle-button elementor-toc__toggle-button--expand\" role=\"button\" tabindex=\"0\" aria-controls=\"elementor-toc__3ba95c8a\" aria-expanded=\"true\" aria-label=\"Abrir la tabla de contenidos\"><svg aria-hidden=\"true\" class=\"e-font-icon-svg e-fas-chevron-down\" viewBox=\"0 0 448 512\" xmlns=\"http:\/\/www.w3.org\/2000\/svg\"><path d=\"M207.029 381.476L12.686 187.132c-9.373-9.373-9.373-24.569 0-33.941l22.667-22.667c9.357-9.357 24.522-9.375 33.901-.04L224 284.505l154.745-154.021c9.379-9.335 24.544-9.317 33.901.04l22.667 22.667c9.373 9.373 9.373 24.569 0 33.941L240.971 381.476c-9.373 9.372-24.569 9.372-33.942 0z\"><\/path><\/svg><\/div>\n\t\t\t\t<div class=\"elementor-toc__toggle-button elementor-toc__toggle-button--collapse\" role=\"button\" tabindex=\"0\" aria-controls=\"elementor-toc__3ba95c8a\" aria-expanded=\"true\" aria-label=\"Cerrar la tabla de contenidos\"><svg aria-hidden=\"true\" class=\"e-font-icon-svg e-fas-chevron-up\" viewBox=\"0 0 448 512\" xmlns=\"http:\/\/www.w3.org\/2000\/svg\"><path d=\"M240.971 130.524l194.343 194.343c9.373 9.373 9.373 24.569 0 33.941l-22.667 22.667c-9.357 9.357-24.522 9.375-33.901.04L224 227.495 69.255 381.516c-9.379 9.335-24.544 9.317-33.901-.04l-22.667-22.667c-9.373-9.373-9.373-24.569 0-33.941L207.03 130.525c9.372-9.373 24.568-9.373 33.941-.001z\"><\/path><\/svg><\/div>\n\t\t\t\t\t<\/div>\n\t\t\t\t<div id=\"elementor-toc__3ba95c8a\" class=\"elementor-toc__body\">\n\t\t\t<div class=\"elementor-toc__spinner-container\">\n\t\t\t\t<svg class=\"elementor-toc__spinner eicon-animation-spin e-font-icon-svg e-eicon-loading\" aria-hidden=\"true\" viewBox=\"0 0 1000 1000\" xmlns=\"http:\/\/www.w3.org\/2000\/svg\"><path d=\"M500 975V858C696 858 858 696 858 500S696 142 500 142 142 304 142 500H25C25 237 238 25 500 25S975 237 975 500 763 975 500 975Z\"><\/path><\/svg>\t\t\t<\/div>\n\t\t<\/div>\n\t\t\t\t\t\t<\/div>\n\t\t\t\t\t<\/div>\n\t\t<\/div>\n\t\t\t\t\t<\/div>\n\t\t<\/section>\n\t\t\t\t<\/div>\n\t\t\n<h2>Accidentes de moto en Florida<\/h2>\n<p>Florida es un estado popular para los entusiastas de las motocicletas para vivir y disfrutar de la conducci\u00f3n como un deporte y un hobby. Hay grandes atracciones como la Semana de la Moto de Daytona en Florida, y no se puede discutir que las motocicletas son una parte importante de la vida de Florida.<\/p>\n<p>La legislaci\u00f3n de Florida tambi\u00e9n atrae a los motoristas por sus laxas normas sobre el uso del casco. Los motoristas mayores de 21 a\u00f1os con cobertura de seguro adecuada no est\u00e1n obligados a llevar casco.<\/p>\n<p>Como probablemente se puede esperar, la ley que relaja los requisitos del casco en Florida, aprobada en 2002, ha coincidido con un repunte en el n\u00famero de lesiones en la cabeza y v\u00edctimas mortales de motocicletas en Florida.<\/p>\n<p>De 2001 a 2011, las lesiones en motocicletas en Florida aumentaron un 50%, y las v\u00edctimas mortales de motocicletas aumentaron casi un 90%, mientras que las v\u00edctimas mortales de tr\u00e1fico en general se han reducido en un 20% y las lesiones de tr\u00e1fico se han reducido en un 10%.<\/p>\n<p>En 2001, las muertes de motocicletas representaron aproximadamente el ocho por ciento de todas las muertes de tr\u00e1fico en el Estado, pero en 2008 ese porcentaje hab\u00eda aumentado al 17,8 por ciento.<\/p>\n<p>En 2013, los accidentes de motocicleta representaron s\u00f3lo el 3,1 por ciento de todos los accidentes de tr\u00e1fico, sin embargo, fueron responsables del 19,2 por ciento de las muertes de tr\u00e1fico. A partir de 2013, s\u00f3lo un poco m\u00e1s del 50 por ciento de los motociclistas de Florida usan casco.<\/p>\n<p><a href=\"https:\/\/floridalawyers360.com\/wp-content\/uploads\/2024\/02\/orlando-motorcycle-acc1-copy.webp\"><img fetchpriority=\"high\" decoding=\"async\" class=\"alignnone size-full wp-image-3015\" src=\"https:\/\/floridalawyers360.com\/wp-content\/uploads\/2024\/02\/orlando-motorcycle-acc1-copy.webp\" alt=\"Riding a motorcycle through the city\" width=\"500\" height=\"334\" srcset=\"https:\/\/floridalawyers360.com\/wp-content\/uploads\/2024\/02\/orlando-motorcycle-acc1-copy.webp 500w, https:\/\/floridalawyers360.com\/wp-content\/uploads\/2024\/02\/orlando-motorcycle-acc1-copy-300x200.webp 300w\" sizes=\"(max-width: 500px) 100vw, 500px\" \/><\/a><\/p>\n<h2>Factores que contribuyen a los accidentes de motocicleta<\/h2>\n<p>Hay muchos factores que contribuyen a los accidentes de motocicleta, incluyendo el fracaso de los conductores a mirar hacia fuera para los conductores de motocicletas, ya que entrar en la carretera, cambiar de carril, o de otra manera conducir en el tr\u00e1fico.<\/p>\n<p>Los conductores no ceden el paso a los motociclistas por varias razones. Algunos conductores no reconocen la presencia de la motocicleta por falta de atenci\u00f3n del conductor. Algunos conductores no calculan correctamente la distancia de aproximaci\u00f3n de la motocicleta.<\/p>\n<p>Algunos conductores se ven obstaculizados como consecuencia del resplandor del sol o de un parabrisas sucio.<\/p>\n<h2>Qu\u00e9 debe hacer tras un accidente de moto<\/h2>\n<p>Puede sufrir lesiones graves o estar en estado de shock tras un accidente de moto. Independientemente de c\u00f3mo se sienta, es muy importante que busque atenci\u00f3n m\u00e9dica lo antes posible. Esto aumentar\u00e1 la probabilidad de un pron\u00f3stico positivo.<\/p>\n<p>Puede que no tengas lesiones f\u00e1cilmente evidentes, pero muchas lesiones relacionadas con traumatismos craneoencef\u00e1licos tardan horas o d\u00edas en manifestarse por completo. Por eso debe acudir al m\u00e9dico o al hospital inmediatamente despu\u00e9s de abandonar el lugar del accidente, aunque se sienta bien.<\/p>\n<p>Antes de abandonar el lugar del accidente, si puedes hacerlo, llama a la polic\u00eda y rellena un parte de accidente. Deber\u00e1 tomar fotograf\u00edas de todos los veh\u00edculos implicados en el accidente y documentar la escena con la mayor atenci\u00f3n posible.<\/p>\n<p>Aseg\u00farate de guardar la moto en su estado actual para que pueda ser examinada por un perito de la compa\u00f1\u00eda de seguros, y aseg\u00farate de conservar toda la ropa y el equipo que llevabas en ese momento, sin lavar ni limpiar nada.<\/p>\n<p>Aseg\u00farate de fotografiar minuciosamente todas las lesiones f\u00edsicas y las marcas de la carretera, y de obtener la informaci\u00f3n de contacto de todos los testigos presentes en el lugar del accidente.<\/p>\n<p><a href=\"https:\/\/floridalawyers360.com\/wp-content\/uploads\/2024\/03\/Orlando-Motorcycle-Accident-Infographic-copy.webp\"><img decoding=\"async\" class=\"alignnone size-full wp-image-4816\" src=\"https:\/\/floridalawyers360.com\/wp-content\/uploads\/2024\/03\/Orlando-Motorcycle-Accident-Infographic-copy.webp\" alt=\"Orlando Motorcycle Accident Lawyer\" width=\"801\" height=\"2001\" srcset=\"https:\/\/floridalawyers360.com\/wp-content\/uploads\/2024\/03\/Orlando-Motorcycle-Accident-Infographic-copy.webp 801w, https:\/\/floridalawyers360.com\/wp-content\/uploads\/2024\/03\/Orlando-Motorcycle-Accident-Infographic-copy-120x300.webp 120w, https:\/\/floridalawyers360.com\/wp-content\/uploads\/2024\/03\/Orlando-Motorcycle-Accident-Infographic-copy-410x1024.webp 410w, https:\/\/floridalawyers360.com\/wp-content\/uploads\/2024\/03\/Orlando-Motorcycle-Accident-Infographic-copy-768x1919.webp 768w, https:\/\/floridalawyers360.com\/wp-content\/uploads\/2024\/03\/Orlando-Motorcycle-Accident-Infographic-copy-615x1536.webp 615w\" sizes=\"(max-width: 801px) 100vw, 801px\" \/><\/a><\/p>\n<h2>\u00bfC\u00f3mo puede ayudar un abogado de accidentes de motocicleta?<\/h2>\n<p>Florida Lawyers 360 entiende las complejidades asociadas con los accidentes de motocicleta. Con un equipo de abogados experimentados y versados en las leyes de lesiones personales de la Florida, la firma ofrece un apoyo invaluable a las v\u00edctimas que buscan justicia y compensaci\u00f3n leg\u00edtima.<\/p>\n<h3>Experiencia Legal y Representaci\u00f3n<\/h3>\n<p>Los abogados de Florida Lawyers 360 poseen una gran experiencia legal en el manejo de casos de accidentes de motocicleta.<\/p>\n<p>Ellos investigan diligentemente cada caso, recopilando pruebas, entrevistando testigos y consultando con expertos para construir una fuerte demanda en nombre de sus clientes.<\/p>\n<h3>Navegando Reclamaciones de Seguros<\/h3>\n<p>Tratar con las compa\u00f1\u00edas de seguros puede ser desalentador, especialmente para las v\u00edctimas de accidentes de motocicleta que enfrentan facturas m\u00e9dicas crecientes y gastos por da\u00f1os a la propiedad.<\/p>\n<p>Florida Lawyers 360 act\u00faa como un firme defensor, negociando con los proveedores de seguros para garantizar una compensaci\u00f3n justa por las p\u00e9rdidas de sus clientes.<\/p>\n<h3>Litigios y defensa en los tribunales<\/h3>\n<p>En los casos en los que no se puede llegar a un acuerdo justo fuera de los tribunales, Florida Lawyers 360 est\u00e1 preparada para llevar la lucha a los tribunales.<\/p>\n<p>Con experimentados abogados litigantes a la cabeza, la firma representa celosamente a sus clientes durante los juicios, esforz\u00e1ndose por asegurar resultados favorables y defender sus derechos ante la ley.<\/p>\n<h2>Contacte a Nuestro Abogado de Accidentes de Motocicleta en Orlando<\/h2>\n<p>Si usted fue lesionado en un accidente de motocicleta, usted debe contratar a un abogado de Orlando. Lesiones relacionadas con la motocicleta son a menudo graves o permanentes en la naturaleza, lo que significa que en muchos casos se presentar\u00e1 una demanda contra el conductor culpable.<\/p>\n<p>Cuanto m\u00e1s graves sean sus lesiones, m\u00e1s importante es que cuente con un asesor legal cualificado, que pueda asegurarse de que recibe toda la compensaci\u00f3n a la que tiene derecho seg\u00fan la ley.<\/p>\n<p>\u00a1P\u00f3ngase en contacto con Florida Lawyers 360 hoy en <a href=\"tel:+19544487355\"><i class=\"fa fa-phone-alt\"><\/i>954-448-7355<\/a>!<\/p>\n","protected":false},"excerpt":{"rendered":"<p>Florida Lawyers 360 es una distinguida firma legal dedicada a proporcionar servicios legales integrales a las personas involucradas en diversos tipos de accidentes en toda la Florida. Especializada en casos de lesiones personales, la empresa ha ganado un reconocimiento significativo por su h\u00e1bil manejo de casos de accidentes de motocicleta en Orlando. Con una reputaci\u00f3n [&hellip;]<\/p>\n","protected":false},"author":22,"featured_media":0,"parent":5930,"menu_order":0,"comment_status":"closed","ping_status":"closed","template":"","meta":{"_acf_changed":false,"anchor_text":"","footnotes":""},"categories":[],"tags":[],"class_list":["post-5963","page","type-page","status-publish","hentry"],"acf":[],"_links":{"self":[{"href":"https:\/\/floridalawyers360.com\/es\/wp-json\/wp\/v2\/pages\/5963","targetHints":{"allow":["GET"]}}],"collection":[{"href":"https:\/\/floridalawyers360.com\/es\/wp-json\/wp\/v2\/pages"}],"about":[{"href":"https:\/\/floridalawyers360.com\/es\/wp-json\/wp\/v2\/types\/page"}],"author":[{"embeddable":true,"href":"https:\/\/floridalawyers360.com\/es\/wp-json\/wp\/v2\/users\/22"}],"replies":[{"embeddable":true,"href":"https:\/\/floridalawyers360.com\/es\/wp-json\/wp\/v2\/comments?post=5963"}],"version-history":[{"count":3,"href":"https:\/\/floridalawyers360.com\/es\/wp-json\/wp\/v2\/pages\/5963\/revisions"}],"predecessor-version":[{"id":6277,"href":"https:\/\/floridalawyers360.com\/es\/wp-json\/wp\/v2\/pages\/5963\/revisions\/6277"}],"up":[{"embeddable":true,"href":"https:\/\/floridalawyers360.com\/es\/wp-json\/wp\/v2\/pages\/5930"}],"wp:attachment":[{"href":"https:\/\/floridalawyers360.com\/es\/wp-json\/wp\/v2\/media?parent=5963"}],"wp:term":[{"taxonomy":"category","embeddable":true,"href":"https:\/\/floridalawyers360.com\/es\/wp-json\/wp\/v2\/categories?post=5963"},{"taxonomy":"post_tag","embeddable":true,"href":"https:\/\/floridalawyers360.com\/es\/wp-json\/wp\/v2\/tags?post=5963"}],"curies":[{"name":"wp","href":"https:\/\/api.w.org\/{rel}","templated":true}]}}