{"id":5954,"date":"2024-02-14T09:49:15","date_gmt":"2024-02-14T14:49:15","guid":{"rendered":"https:\/\/floridalawyers360.com\/orlando\/orlando-maximum-medical-improvement\/"},"modified":"2024-03-20T00:37:34","modified_gmt":"2024-03-20T05:37:34","slug":"mejora-medica-maxima","status":"publish","type":"page","link":"https:\/\/floridalawyers360.com\/es\/orlando\/mejora-medica-maxima\/","title":{"rendered":"Mejora m\u00e9dica m\u00e1xima"},"content":{"rendered":"<p>\u00bfHa cumplido sus necesidades de Mejora M\u00e9dica M\u00e1xima en Orlando? Los beneficios de compensaci\u00f3n patronal para empleados en Florida est\u00e1n abiertos para aquellos que los necesiten.<\/p>\n<p>Pueden aplicarse a las personas que resultan gravemente heridas o discapacitadas, y recibir\u00e1n compensaci\u00f3n de varias maneras diferentes.<\/p>\n<p>Esto incluir\u00e1 reembolsos por medicamentos cl\u00ednicos, y tambi\u00e9n es probable que reciban un pago semanal. Sin embargo, estas ventajas tienen un l\u00edmite temporal, por lo que debe familiarizarse con las leyes.<\/p>\n<p>En el momento de presentar una solicitud de indemnizaci\u00f3n por accidente de trabajo, debe hacerlo de forma que presente de forma inequ\u00edvoca que est\u00e1 solicitando estas prestaciones. Esto combina la comprensi\u00f3n de lo que la mejor parte de la mejora cl\u00ednica de compensaci\u00f3n de los trabajadores en realidad propone.<\/p>\n<p>En el caso de que usted no tiene la menor idea de c\u00f3mo hacer esto, usted debe ponerse en contacto con nuestros abogados de compensaci\u00f3n de trabajadores de Orlando para que podamos ayudarle a trav\u00e9s de un esfuerzo conjunto.<\/p>\n<p>No dude en ponerse en contacto con nosotros en cualquier momento del d\u00eda o de la noche en <a href=\"tel:+19544487355\"><i class=\"fa fa-phone-alt\"><\/i>954-448-7355<\/a>.<\/p>\n\t\t<div data-elementor-type=\"section\" data-elementor-id=\"208\" class=\"elementor elementor-208\" data-elementor-post-type=\"elementor_library\">\n\t\t\t\t\t<section class=\"elementor-section elementor-top-section elementor-element elementor-element-485e576a elementor-section-boxed elementor-section-height-default elementor-section-height-default\" data-id=\"485e576a\" data-element_type=\"section\" data-e-type=\"section\">\n\t\t\t\t\t\t<div class=\"elementor-container elementor-column-gap-default\">\n\t\t\t\t\t<div class=\"elementor-column elementor-col-100 elementor-top-column elementor-element elementor-element-635c38c0\" data-id=\"635c38c0\" data-element_type=\"column\" data-e-type=\"column\">\n\t\t\t<div class=\"elementor-widget-wrap elementor-element-populated\">\n\t\t\t\t\t\t<div class=\"elementor-element elementor-element-3ba95c8a elementor-toc--minimized-on-tablet elementor-widget elementor-widget-table-of-contents\" data-id=\"3ba95c8a\" data-element_type=\"widget\" data-e-type=\"widget\" data-settings=\"{&quot;exclude_headings_by_selector&quot;:&quot;.toc-remove&quot;,&quot;headings_by_tags&quot;:[&quot;h2&quot;,&quot;h3&quot;],&quot;marker_view&quot;:&quot;numbers&quot;,&quot;no_headings_message&quot;:&quot;No se ha encontrado ning\\u00fan encabezado en esta p\\u00e1gina.&quot;,&quot;minimize_box&quot;:&quot;yes&quot;,&quot;minimized_on&quot;:&quot;tablet&quot;,&quot;hierarchical_view&quot;:&quot;yes&quot;,&quot;min_height&quot;:{&quot;unit&quot;:&quot;px&quot;,&quot;size&quot;:&quot;&quot;,&quot;sizes&quot;:[]},&quot;min_height_tablet&quot;:{&quot;unit&quot;:&quot;px&quot;,&quot;size&quot;:&quot;&quot;,&quot;sizes&quot;:[]},&quot;min_height_mobile&quot;:{&quot;unit&quot;:&quot;px&quot;,&quot;size&quot;:&quot;&quot;,&quot;sizes&quot;:[]}}\" data-widget_type=\"table-of-contents.default\">\n\t\t\t\t\t\t\t\t\t<div class=\"elementor-toc__header\">\n\t\t\t\t\t\t<div class=\"elementor-toc__header-title\">\n\t\t\t\tTable of Contents\t\t\t<\/div>\n\t\t\t\t\t\t\t\t\t\t<div class=\"elementor-toc__toggle-button elementor-toc__toggle-button--expand\" role=\"button\" tabindex=\"0\" aria-controls=\"elementor-toc__3ba95c8a\" aria-expanded=\"true\" aria-label=\"Abrir la tabla de contenidos\"><svg aria-hidden=\"true\" class=\"e-font-icon-svg e-fas-chevron-down\" viewBox=\"0 0 448 512\" xmlns=\"http:\/\/www.w3.org\/2000\/svg\"><path d=\"M207.029 381.476L12.686 187.132c-9.373-9.373-9.373-24.569 0-33.941l22.667-22.667c9.357-9.357 24.522-9.375 33.901-.04L224 284.505l154.745-154.021c9.379-9.335 24.544-9.317 33.901.04l22.667 22.667c9.373 9.373 9.373 24.569 0 33.941L240.971 381.476c-9.373 9.372-24.569 9.372-33.942 0z\"><\/path><\/svg><\/div>\n\t\t\t\t<div class=\"elementor-toc__toggle-button elementor-toc__toggle-button--collapse\" role=\"button\" tabindex=\"0\" aria-controls=\"elementor-toc__3ba95c8a\" aria-expanded=\"true\" aria-label=\"Cerrar la tabla de contenidos\"><svg aria-hidden=\"true\" class=\"e-font-icon-svg e-fas-chevron-up\" viewBox=\"0 0 448 512\" xmlns=\"http:\/\/www.w3.org\/2000\/svg\"><path d=\"M240.971 130.524l194.343 194.343c9.373 9.373 9.373 24.569 0 33.941l-22.667 22.667c-9.357 9.357-24.522 9.375-33.901.04L224 227.495 69.255 381.516c-9.379 9.335-24.544 9.317-33.901-.04l-22.667-22.667c-9.373-9.373-9.373-24.569 0-33.941L207.03 130.525c9.372-9.373 24.568-9.373 33.941-.001z\"><\/path><\/svg><\/div>\n\t\t\t\t\t<\/div>\n\t\t\t\t<div id=\"elementor-toc__3ba95c8a\" class=\"elementor-toc__body\">\n\t\t\t<div class=\"elementor-toc__spinner-container\">\n\t\t\t\t<svg class=\"elementor-toc__spinner eicon-animation-spin e-font-icon-svg e-eicon-loading\" aria-hidden=\"true\" viewBox=\"0 0 1000 1000\" xmlns=\"http:\/\/www.w3.org\/2000\/svg\"><path d=\"M500 975V858C696 858 858 696 858 500S696 142 500 142 142 304 142 500H25C25 237 238 25 500 25S975 237 975 500 763 975 500 975Z\"><\/path><\/svg>\t\t\t<\/div>\n\t\t<\/div>\n\t\t\t\t\t\t<\/div>\n\t\t\t\t\t<\/div>\n\t\t<\/div>\n\t\t\t\t\t<\/div>\n\t\t<\/section>\n\t\t\t\t<\/div>\n\t\t\n<h2>\u00bfQu\u00e9 es la Mejora M\u00e9dica M\u00e1xima (MMI)?<\/h2>\n<p>En el caso de que est\u00e9s recibiendo beneficios de compensaci\u00f3n al trabajador, y te est\u00e9s recuperando de tus heridas o enfermedad, hay un punto en el que llegar\u00e1s al final de los beneficios en el que te pagar\u00e1n por tu recuperaci\u00f3n.<\/p>\n<p>Esto se deduce como Mejora M\u00e9dica M\u00e1xima.<\/p>\n<p>En estos casos, se establecer\u00e1 que su infecci\u00f3n es equilibrada, sin embargo el experto no es convencional, por el experto cl\u00ednico atra\u00eddo con su caso, para percibir m\u00e1s o proceder con el progreso en su condici\u00f3n.<\/p>\n<p>Esto no puede recomendar que est\u00e1n debilitados, sin embargo, infiere c\u00f3mo son tan alucinante verdaderamente como pueden ser establecidos en lo que pas\u00f3.<\/p>\n<p>Por y por, el individuo puede obtener una calificaci\u00f3n de Incapacidad Parcial Permanente depende de la parte del cuerpo herido. El trabajador puede decidir percibir esta calificaci\u00f3n, a pesar de que pueden solicitar esta calificaci\u00f3n durante un m\u00e1ximo de dos a\u00f1os si hay un ajuste en su condici\u00f3n.<\/p>\n<p>Hacerlo as\u00ed, no obstante, puede ponerles en peligro de perder sus prestaciones. El maestro puede, comparativamente, poner limitaciones a este trabajador en funci\u00f3n de su estado. Pensando en estas limitaciones, pueden adem\u00e1s necesitar pensar en buscar un trabajo razonable.<\/p>\n<p>Precisamente cuando las personas aparecen en el punto de Orlando M\u00e1xima Mejor\u00eda M\u00e9dica, que pueden necesitar para considerar la soluci\u00f3n de sus trabajadores FL comp caso que puede necesitar un apoyo v\u00e1lido.<\/p>\n<p><a href=\"https:\/\/floridalawyers360.com\/wp-content\/uploads\/2024\/02\/orlando-mmi1-copy.webp\"><img fetchpriority=\"high\" decoding=\"async\" class=\"alignnone size-full wp-image-3013\" src=\"https:\/\/floridalawyers360.com\/wp-content\/uploads\/2024\/02\/orlando-mmi1-copy.webp\" alt=\"Injured worker that has reached maximum Medical Improvement\" width=\"500\" height=\"334\" srcset=\"https:\/\/floridalawyers360.com\/wp-content\/uploads\/2024\/02\/orlando-mmi1-copy.webp 500w, https:\/\/floridalawyers360.com\/wp-content\/uploads\/2024\/02\/orlando-mmi1-copy-300x200.webp 300w\" sizes=\"(max-width: 500px) 100vw, 500px\" \/><\/a><\/p>\n<h2>\u00bfQui\u00e9n determina cu\u00e1ndo el empleado ha alcanzado la mejor\u00eda m\u00e9dica m\u00e1xima de Orlando?<\/h2>\n<p>Considerando la evaluaci\u00f3n cl\u00ednica del experto comprometido con su caso, esta atestaci\u00f3n de Orlando Maximum Medical Improvement es la evaluaci\u00f3n del maestro del tema cl\u00ednico. Esto puede ser inseguro para el maestro que puede un poco m\u00e1s tarde perder sus beneficios de impedimento.<\/p>\n<p>No obstante, teniendo en cuenta la forma en que el experto ha hecho su certificaci\u00f3n sobre la capacidad del representante para mejorar, esto no incita regularmente el acabado de las prescripciones que han estado recibiendo.<\/p>\n<h2>\u00bfContin\u00faa el tratamiento m\u00e9dico despu\u00e9s de un diagn\u00f3stico MMI?<\/h2>\n<p>En la remota posibilidad de que el experto pistas que un especialista ha aparecido en Orlando M\u00e1xima Mejora M\u00e9dica, esto no induce que las terapias cl\u00ednicas se detendr\u00e1. Pueden seguir soportando visitas anuales maestro y, adem\u00e1s, ser atormentado por la ayuda del jefe.<\/p>\n<p>Todo esto ser\u00e1 pagado por la empresa, siempre y cuando sigan requiriendo este tratamiento propulsor. Es como manera no propone que las ventajas de la deficiencia de la substituci\u00f3n de la paga del experto en un sentido general paradas.<\/p>\n<p>Precisamente cuando un especialista se enfrenta a una circunstancia en la que la empresa ha impartido que pueden perder sus ventajas, la oportunidad ha aparecido a hablar con un abogado de compensaci\u00f3n de los trabajadores que es fundamentalmente competente en la ley de compensaci\u00f3n de los trabajadores de la Florida.<\/p>\n<p>Usted debe trabajar con un asesor legal de la remuneraci\u00f3n de los trabajadores de Florida para garantizar que sus beneficios est\u00e1n asegurados.<\/p>\n<h2>\u00bfQu\u00e9 pasa si no puede volver a trabajar y rendir al mismo nivel despu\u00e9s de su diagn\u00f3stico MMI?<\/h2>\n<p>Por y por, el maestro tiene la opci\u00f3n de sufrir lo que se conoce como un acuerdo Clincher. Esto interpreta que ellos pueden decidir hacer debido con una extensi\u00f3n espec\u00edfica de dinero efectivo desde que ellos han aparecido en la Mejora M\u00e9dica M\u00e1xima de Orlando.<\/p>\n<p>Tal trabajo que pueden esperar que deben realizar en un nivel espec\u00edfico, algo que no estar\u00e1 listo para hacer m\u00e1s.<\/p>\n<p>Esto puede incitar a la preparaci\u00f3n para diversos trabajos, y no obstante, el pago duradera de sus heridas a medida que avanzan a otra llamada para descubrir negocio apropiado.<\/p>\n<p>Cada desarrollo de esta correspondencia debe ser visto cuidadosamente, y el enfoque m\u00e1s ideal para manejar esto es trabajar con expertos que han ayudado a varios otros que estaban en condiciones comparativas.<\/p>\n<p><a href=\"https:\/\/floridalawyers360.com\/wp-content\/uploads\/2024\/02\/orlando-mmi2-copy.webp\"><img decoding=\"async\" class=\"alignnone size-full wp-image-3012\" src=\"https:\/\/floridalawyers360.com\/wp-content\/uploads\/2024\/02\/orlando-mmi2-copy.webp\" alt=\"Understanding Maximum Medical Improvement, medical diagnosis\" width=\"500\" height=\"334\" srcset=\"https:\/\/floridalawyers360.com\/wp-content\/uploads\/2024\/02\/orlando-mmi2-copy.webp 500w, https:\/\/floridalawyers360.com\/wp-content\/uploads\/2024\/02\/orlando-mmi2-copy-300x200.webp 300w\" sizes=\"(max-width: 500px) 100vw, 500px\" \/><\/a><\/p>\n<h2>Ll\u00e1menos hoy para entender su Orlando Mejora M\u00e9dica M\u00e1xima<\/h2>\n<p>Examinar el universo por casualidad incre\u00edble de la ley de Compensaci\u00f3n al Trabajador en la Florida puede ser exasperante, sobre todo si el experto ha contemplado que usted ha aparecido en la Mejora M\u00e9dica M\u00e1xima.<\/p>\n<p>En el caso de que usted no puede manejar su trabajo como lo hizo hasta ahora, o en la remota posibilidad de que usted necesita medicamentos de propulsi\u00f3n para su condici\u00f3n, se podr\u00eda esperar que usted debe buscar el desarrollo de buena fe para obtener sus beneficios.<\/p>\n<p>En el caso de que usted est\u00e1 en este punto de cruce, es valioso ponerse en contacto con un abogado de la Florida que le puede ayudar con su caso.<\/p>\n<p>En el caso de que usted no tiene idea de qu\u00e9 hacer, o en la remota posibilidad de que usted siente que sus beneficios en poco tiempo se excus\u00f3, p\u00f3ngase en contacto con nuestra Coalici\u00f3n de Abogados de Compensaci\u00f3n de Trabajadores oficina hoy para abusar de nuestra tendencia.<\/p>\n<p>Ll\u00e1menos hoy al <a href=\"tel:+19544487355\"><i class=\"fa fa-phone-alt\"><\/i>954-448-7355<\/a> para programar su revisi\u00f3n gratuita de su caso.<\/p>\n","protected":false},"excerpt":{"rendered":"<p>\u00bfHa cumplido sus necesidades de Mejora M\u00e9dica M\u00e1xima en Orlando? Los beneficios de compensaci\u00f3n patronal para empleados en Florida est\u00e1n abiertos para aquellos que los necesiten. Pueden aplicarse a las personas que resultan gravemente heridas o discapacitadas, y recibir\u00e1n compensaci\u00f3n de varias maneras diferentes. Esto incluir\u00e1 reembolsos por medicamentos cl\u00ednicos, y tambi\u00e9n es probable que [&hellip;]<\/p>\n","protected":false},"author":22,"featured_media":0,"parent":5930,"menu_order":0,"comment_status":"closed","ping_status":"closed","template":"","meta":{"_acf_changed":false,"anchor_text":"","footnotes":""},"categories":[],"tags":[],"class_list":["post-5954","page","type-page","status-publish","hentry"],"acf":[],"_links":{"self":[{"href":"https:\/\/floridalawyers360.com\/es\/wp-json\/wp\/v2\/pages\/5954","targetHints":{"allow":["GET"]}}],"collection":[{"href":"https:\/\/floridalawyers360.com\/es\/wp-json\/wp\/v2\/pages"}],"about":[{"href":"https:\/\/floridalawyers360.com\/es\/wp-json\/wp\/v2\/types\/page"}],"author":[{"embeddable":true,"href":"https:\/\/floridalawyers360.com\/es\/wp-json\/wp\/v2\/users\/22"}],"replies":[{"embeddable":true,"href":"https:\/\/floridalawyers360.com\/es\/wp-json\/wp\/v2\/comments?post=5954"}],"version-history":[{"count":2,"href":"https:\/\/floridalawyers360.com\/es\/wp-json\/wp\/v2\/pages\/5954\/revisions"}],"predecessor-version":[{"id":5956,"href":"https:\/\/floridalawyers360.com\/es\/wp-json\/wp\/v2\/pages\/5954\/revisions\/5956"}],"up":[{"embeddable":true,"href":"https:\/\/floridalawyers360.com\/es\/wp-json\/wp\/v2\/pages\/5930"}],"wp:attachment":[{"href":"https:\/\/floridalawyers360.com\/es\/wp-json\/wp\/v2\/media?parent=5954"}],"wp:term":[{"taxonomy":"category","embeddable":true,"href":"https:\/\/floridalawyers360.com\/es\/wp-json\/wp\/v2\/categories?post=5954"},{"taxonomy":"post_tag","embeddable":true,"href":"https:\/\/floridalawyers360.com\/es\/wp-json\/wp\/v2\/tags?post=5954"}],"curies":[{"name":"wp","href":"https:\/\/api.w.org\/{rel}","templated":true}]}}