{"id":5951,"date":"2024-02-14T09:48:42","date_gmt":"2024-02-14T14:48:42","guid":{"rendered":"https:\/\/floridalawyers360.com\/orlando\/orlando-dui-accident-lawyer\/"},"modified":"2024-03-21T01:21:38","modified_gmt":"2024-03-21T06:21:38","slug":"abogado-accidente-dui","status":"publish","type":"page","link":"https:\/\/floridalawyers360.com\/es\/orlando\/abogado-accidente-dui\/","title":{"rendered":"Accidente DUI"},"content":{"rendered":"<p>En la vibrante ciudad de Orlando, Florida, el ajetreo y el bullicio de la vida cotidiana a menudo se cruzan con eventos desafortunados como los accidentes de DUI. Estos incidentes no s\u00f3lo plantean riesgos significativos para la seguridad p\u00fablica, sino que tambi\u00e9n empujan a las personas en un torbellino de complejidades legales y confusi\u00f3n emocional.<\/p>\n<p>En medio de estos desaf\u00edos, la experiencia y la dedicaci\u00f3n de los profesionales del derecho, como los de la Florida Abogados 360 especializada en accidentes de DUI, se convierten en primordiales.<\/p>\n<p>Con su inquebrantable compromiso con la justicia, un enfoque compasivo, y un profundo conocimiento del panorama jur\u00eddico de la Florida, estos abogados sirven como pilares de apoyo para las personas que navegan por las secuelas de este tipo de eventos traum\u00e1ticos.<\/p>\n<p>P\u00f3ngase en contacto con nosotros hoy en <a href=\"tel:+19544487355\"><i class=\"fa fa-phone-alt\"><\/i>954-448-7355<\/a>.<\/p>\n\t\t<div data-elementor-type=\"section\" data-elementor-id=\"208\" class=\"elementor elementor-208\" data-elementor-post-type=\"elementor_library\">\n\t\t\t\t\t<section class=\"elementor-section elementor-top-section elementor-element elementor-element-485e576a elementor-section-boxed elementor-section-height-default elementor-section-height-default\" data-id=\"485e576a\" data-element_type=\"section\" data-e-type=\"section\">\n\t\t\t\t\t\t<div class=\"elementor-container elementor-column-gap-default\">\n\t\t\t\t\t<div class=\"elementor-column elementor-col-100 elementor-top-column elementor-element elementor-element-635c38c0\" data-id=\"635c38c0\" data-element_type=\"column\" data-e-type=\"column\">\n\t\t\t<div class=\"elementor-widget-wrap elementor-element-populated\">\n\t\t\t\t\t\t<div class=\"elementor-element elementor-element-3ba95c8a elementor-toc--minimized-on-tablet elementor-widget elementor-widget-table-of-contents\" data-id=\"3ba95c8a\" data-element_type=\"widget\" data-e-type=\"widget\" data-settings=\"{&quot;exclude_headings_by_selector&quot;:&quot;.toc-remove&quot;,&quot;headings_by_tags&quot;:[&quot;h2&quot;,&quot;h3&quot;],&quot;marker_view&quot;:&quot;numbers&quot;,&quot;no_headings_message&quot;:&quot;No headings were found on this page.&quot;,&quot;minimize_box&quot;:&quot;yes&quot;,&quot;minimized_on&quot;:&quot;tablet&quot;,&quot;hierarchical_view&quot;:&quot;yes&quot;,&quot;min_height&quot;:{&quot;unit&quot;:&quot;px&quot;,&quot;size&quot;:&quot;&quot;,&quot;sizes&quot;:[]},&quot;min_height_tablet&quot;:{&quot;unit&quot;:&quot;px&quot;,&quot;size&quot;:&quot;&quot;,&quot;sizes&quot;:[]},&quot;min_height_mobile&quot;:{&quot;unit&quot;:&quot;px&quot;,&quot;size&quot;:&quot;&quot;,&quot;sizes&quot;:[]}}\" data-widget_type=\"table-of-contents.default\">\n\t\t\t\t\t\t\t\t\t<div class=\"elementor-toc__header\">\n\t\t\t\t\t\t<div class=\"elementor-toc__header-title\">\n\t\t\t\tTable of Contents\t\t\t<\/div>\n\t\t\t\t\t\t\t\t\t\t<div class=\"elementor-toc__toggle-button elementor-toc__toggle-button--expand\" role=\"button\" tabindex=\"0\" aria-controls=\"elementor-toc__3ba95c8a\" aria-expanded=\"true\" aria-label=\"Open table of contents\"><svg aria-hidden=\"true\" class=\"e-font-icon-svg e-fas-chevron-down\" viewBox=\"0 0 448 512\" xmlns=\"http:\/\/www.w3.org\/2000\/svg\"><path d=\"M207.029 381.476L12.686 187.132c-9.373-9.373-9.373-24.569 0-33.941l22.667-22.667c9.357-9.357 24.522-9.375 33.901-.04L224 284.505l154.745-154.021c9.379-9.335 24.544-9.317 33.901.04l22.667 22.667c9.373 9.373 9.373 24.569 0 33.941L240.971 381.476c-9.373 9.372-24.569 9.372-33.942 0z\"><\/path><\/svg><\/div>\n\t\t\t\t<div class=\"elementor-toc__toggle-button elementor-toc__toggle-button--collapse\" role=\"button\" tabindex=\"0\" aria-controls=\"elementor-toc__3ba95c8a\" aria-expanded=\"true\" aria-label=\"Close table of contents\"><svg aria-hidden=\"true\" class=\"e-font-icon-svg e-fas-chevron-up\" viewBox=\"0 0 448 512\" xmlns=\"http:\/\/www.w3.org\/2000\/svg\"><path d=\"M240.971 130.524l194.343 194.343c9.373 9.373 9.373 24.569 0 33.941l-22.667 22.667c-9.357 9.357-24.522 9.375-33.901.04L224 227.495 69.255 381.516c-9.379 9.335-24.544 9.317-33.901-.04l-22.667-22.667c-9.373-9.373-9.373-24.569 0-33.941L207.03 130.525c9.372-9.373 24.568-9.373 33.941-.001z\"><\/path><\/svg><\/div>\n\t\t\t\t\t<\/div>\n\t\t\t\t<div id=\"elementor-toc__3ba95c8a\" class=\"elementor-toc__body\">\n\t\t\t<div class=\"elementor-toc__spinner-container\">\n\t\t\t\t<svg class=\"elementor-toc__spinner eicon-animation-spin e-font-icon-svg e-eicon-loading\" aria-hidden=\"true\" viewBox=\"0 0 1000 1000\" xmlns=\"http:\/\/www.w3.org\/2000\/svg\"><path d=\"M500 975V858C696 858 858 696 858 500S696 142 500 142 142 304 142 500H25C25 237 238 25 500 25S975 237 975 500 763 975 500 975Z\"><\/path><\/svg>\t\t\t<\/div>\n\t\t<\/div>\n\t\t\t\t\t\t<\/div>\n\t\t\t\t\t<\/div>\n\t\t<\/div>\n\t\t\t\t\t<\/div>\n\t\t<\/section>\n\t\t\t\t<\/div>\n\t\t\n<h2>Entendiendo los Accidentes de DUI en Orlando, FL<\/h2>\n<p>Orlando, conocida por sus parques tem\u00e1ticos, la cultura vibrante, y la pr\u00f3spera industria del turismo, por desgracia, lucha con el flagelo de los accidentes de DUI como muchas otras ciudades a trav\u00e9s de los Estados Unidos.<\/p>\n<p>A pesar de los rigurosos esfuerzos de aplicaci\u00f3n y campa\u00f1as de sensibilizaci\u00f3n, la conducci\u00f3n bajo los efectos del alcohol sigue siendo un problema persistente, lo que resulta en lesiones, muertes y grandes da\u00f1os a la propiedad.<\/p>\n<p>En las secuelas de un accidente de DUI, las personas se encuentran luchando con una mir\u00edada de desaf\u00edos, incluyendo los procedimientos legales, reclamaciones de seguros, y los posibles cargos criminales.<\/p>\n<p>Las repercusiones de tales incidentes se extienden mucho m\u00e1s all\u00e1 del \u00e1mbito f\u00edsico, a menudo causando angustia emocional, tensi\u00f3n financiera, y las consecuencias a largo plazo para todas las partes involucradas.<\/p>\n<h2>La diferencia entre un accidente de coche y un accidente de DUI<\/h2>\n<p>Los accidentes por conducir ebrio son diferentes de otros accidentes de coche en dos aspectos principales. En primer lugar, conducir en estado de ebriedad, o conducir bajo la influencia (DUI) es ilegal en Orlando (y en todas partes en los Estados Unidos). Por lo tanto, conducir ebrio es un asunto penal y un asunto civil.<\/p>\n<p>Conducir ebrio se considera autom\u00e1ticamente negligencia, ya que fue una decisi\u00f3n consciente de violar la ley.<\/p>\n<p>Para ser acusado de DUI en Florida, el contenido de alcohol en sangre (BAC) del conductor debe ser de 0,08 por ciento o m\u00e1s para los conductores de 21 a\u00f1os o m\u00e1s; 0,04 por ciento o m\u00e1s para los conductores comerciales; y 0,02 por ciento para los conductores menores de 21 a\u00f1os.<\/p>\n<p>Si alguien es condenado por DUI en Florida, no hay sentencia minima de carcel, aunque existe la posibilidad de una sentencia de seis a nueve meses dependiendo del BAC del conductor. Tambi\u00e9n hay una multa de entre $500 y $2000, as\u00ed como cincuenta horas de servicio comunitario por un primer delito.<\/p>\n<p>Las condiciones de la sentencia tambi\u00e9n pueden incluir un programa de tratamiento residencial o un per\u00edodo de libertad condicional.<\/p>\n<p>La compa\u00f1\u00eda de seguros del conductor ebrio puede seguir siendo reacia a pagar su reclamaci\u00f3n, por lo que es posible que tenga que presentar una demanda por lesiones personales para recuperar los da\u00f1os sufridos por un conductor ebrio.<\/p>\n<p>Esto nos lleva a la segunda gran diferencia entre otras reclamaciones por accidentes de coche y los accidentes por conducci\u00f3n bajo los efectos del alcohol: la posibilidad de da\u00f1os punitivos para las v\u00edctimas de lesiones.<\/p>\n<p><a href=\"https:\/\/floridalawyers360.com\/wp-content\/uploads\/2024\/02\/orlando-dui-acc1-copy.webp\"><img fetchpriority=\"high\" decoding=\"async\" class=\"alignnone size-full wp-image-3010\" src=\"https:\/\/floridalawyers360.com\/wp-content\/uploads\/2024\/02\/orlando-dui-acc1-copy.webp\" alt=\"DUI accident in Orlando\" width=\"500\" height=\"334\" srcset=\"https:\/\/floridalawyers360.com\/wp-content\/uploads\/2024\/02\/orlando-dui-acc1-copy.webp 500w, https:\/\/floridalawyers360.com\/wp-content\/uploads\/2024\/02\/orlando-dui-acc1-copy-300x200.webp 300w\" sizes=\"(max-width: 500px) 100vw, 500px\" \/><\/a><\/p>\n<h2>\u00bfQu\u00e9 da\u00f1os puedo obtener de un accidente de DUI?<\/h2>\n<p>Los da\u00f1os punitivos son adicionales a los da\u00f1os compensatorios, como una expresi\u00f3n de la pol\u00edtica p\u00fablica.<\/p>\n<p>Los da\u00f1os punitivos para las v\u00edctimas son expresamente permitidos por la legislatura de la Florida contra los conductores ebrios como un m\u00e9todo de castigar a las personas que han causado da\u00f1o, y para disuadir a otros de hacer lo mismo.<\/p>\n<p>Si usted tiene alguna pregunta, a continuaci\u00f3n, dar a nuestro experimentado equipo de abogados de accidentes de coche Orlando una llamada GRATIS hoy.<\/p>\n<h2>El papel de Florida Lawyers 360 en casos de accidentes de DUI<\/h2>\n<p>En Florida Lawyers 360, un bufete de abogados de renombre con una fuerte presencia en Orlando, los accidentes de DUI no son s\u00f3lo casos legales; son oportunidades para defender la justicia y abogar por los necesitados.<\/p>\n<p>El equipo de abogados de la firma posee una amplia experiencia en el manejo de casos complejos de DUI, ofreciendo orientaci\u00f3n jur\u00eddica integral, apoyo inquebrantable, y la defensa implacable de sus clientes.<\/p>\n<p>He aqu\u00ed un vistazo m\u00e1s de cerca el papel fundamental desempe\u00f1ado por Florida Lawyers 360 en casos de accidentes de DUI:<\/p>\n<h3>Experiencia Legal y Defensa<\/h3>\n<p>Florida Lawyers 360 cuenta con un equipo de experimentados profesionales del derecho con un profundo conocimiento de las leyes de DUI de la Florida, los estatutos y procedimientos legales.<\/p>\n<p>Aprovechando su experiencia, proporcionan orientaci\u00f3n estrat\u00e9gica y defensa vigorosa para los clientes, asegurando que sus derechos est\u00e1n protegidos y sus intereses est\u00e1n representados con diligencia durante todo el proceso legal.<\/p>\n<h3>Estrategias de Defensa a la Medida<\/h3>\n<p>Reconociendo que cada caso de accidente de DUI es \u00fanico, los abogados de Florida Lawyers 360 adoptan un enfoque personalizado a la defensa.<\/p>\n<p>Ellos analizan meticulosamente las circunstancias que rodean el incidente, examinan las pruebas disponibles, y elaboran estrategias de defensa a medida destinadas a lograr los mejores resultados posibles para sus clientes.<\/p>\n<h3>Investigaci\u00f3n minuciosa y preparaci\u00f3n del caso<\/h3>\n<p>La construcci\u00f3n de una defensa s\u00f3lida requiere una preparaci\u00f3n meticulosa y una investigaci\u00f3n exhaustiva.<\/p>\n<p>Florida Lawyers 360 no deja piedra sin mover en la recopilaci\u00f3n de pruebas, entrevistando a testigos, y la realizaci\u00f3n de an\u00e1lisis forenses para descubrir detalles cruciales que pueden reforzar los casos de sus clientes.<\/p>\n<h3>Negociaci\u00f3n y Acuerdo<\/h3>\n<p>Mientras que la preparaci\u00f3n para el juicio es crucial, Florida Lawyers 360 reconoce el valor de explorar opciones de acuerdo cuando sea apropiado.<\/p>\n<p>Los h\u00e1biles negociadores de la firma entablan un di\u00e1logo constructivo con las partes contrarias, las compa\u00f1\u00edas de seguros y los fiscales, buscando resoluciones favorables que mitiguen el impacto de los accidentes de DUI en las vidas de sus clientes.<\/p>\n<h3>Defensa en los tribunales<\/h3>\n<p>En los casos en que el litigio es inevitable, los abogados de Florida Lawyers 360 est\u00e1n preparados para defender celosamente a sus clientes en la sala del tribunal.<\/p>\n<p>Armados con argumentos persuasivos, pruebas convincentes y amplia experiencia en juicios, presentan una defensa formidable, desafiando las afirmaciones de la fiscal\u00eda y abogando incansablemente por la absoluci\u00f3n o mitigaci\u00f3n de los cargos.<\/p>\n<h3>Apoyo y orientaci\u00f3n compasivos<\/h3>\n<p>M\u00e1s all\u00e1 de su perspicacia legal, los abogados de Florida Lawyers 360 proporcionan apoyo compasivo y orientaci\u00f3n a los clientes durante lo que a menudo es un momento tumultuoso y emocionalmente dif\u00edcil.<\/p>\n<p>Ofrecen tranquilidad, empat\u00eda y una comunicaci\u00f3n clara, asegurando que los clientes se sientan empoderados e informados en cada paso del camino.<\/p>\n<p><a href=\"https:\/\/floridalawyers360.com\/wp-content\/uploads\/2024\/02\/orlando-dui-acc2-copy.webp\"><img decoding=\"async\" class=\"alignnone size-full wp-image-3009\" src=\"https:\/\/floridalawyers360.com\/wp-content\/uploads\/2024\/02\/orlando-dui-acc2-copy.webp\" alt=\"Contact our Orlando DUI Accident Lawyers today\" width=\"500\" height=\"334\" srcset=\"https:\/\/floridalawyers360.com\/wp-content\/uploads\/2024\/02\/orlando-dui-acc2-copy.webp 500w, https:\/\/floridalawyers360.com\/wp-content\/uploads\/2024\/02\/orlando-dui-acc2-copy-300x200.webp 300w\" sizes=\"(max-width: 500px) 100vw, 500px\" \/><\/a><\/p>\n<h2>P\u00f3ngase en contacto con nuestros abogados de accidentes de DUI hoy<\/h2>\n<p>En las secuelas de un accidente de DUI en Orlando, FL, la orientaci\u00f3n y la defensa de los profesionales jur\u00eddicos cualificados puede hacer toda la diferencia en el logro de un resultado favorable y navegar por las complejidades del sistema legal.<\/p>\n<p>Florida Lawyers 360 se destaca como un faro de esperanza y apoyo a las personas que luchan con las secuelas de este tipo de eventos traum\u00e1ticos.<\/p>\n<p>A trav\u00e9s de su compromiso inquebrantable con la justicia, el enfoque personalizado a la defensa, y la defensa del cliente compasivo, que sirven como aliados de confianza para los necesitados, esforz\u00e1ndose por restaurar la esperanza, proteger los derechos, y asegurar resultados justos en los casos de accidentes de DUI.<\/p>\n<p>P\u00f3ngase en contacto con nosotros hoy en <a href=\"tel:+19544487355\"><i class=\"fa fa-phone-alt\"><\/i>954-448-7355<\/a> para programar su revisi\u00f3n inicial del caso gratis.<\/p>\n","protected":false},"excerpt":{"rendered":"<p>En la vibrante ciudad de Orlando, Florida, el ajetreo y el bullicio de la vida cotidiana a menudo se cruzan con eventos desafortunados como los accidentes de DUI. Estos incidentes no s\u00f3lo plantean riesgos significativos para la seguridad p\u00fablica, sino que tambi\u00e9n empujan a las personas en un torbellino de complejidades legales y confusi\u00f3n emocional. [&hellip;]<\/p>\n","protected":false},"author":22,"featured_media":0,"parent":5930,"menu_order":0,"comment_status":"closed","ping_status":"closed","template":"","meta":{"_acf_changed":false,"anchor_text":"","footnotes":""},"categories":[],"tags":[],"class_list":["post-5951","page","type-page","status-publish","hentry"],"acf":[],"_links":{"self":[{"href":"https:\/\/floridalawyers360.com\/es\/wp-json\/wp\/v2\/pages\/5951","targetHints":{"allow":["GET"]}}],"collection":[{"href":"https:\/\/floridalawyers360.com\/es\/wp-json\/wp\/v2\/pages"}],"about":[{"href":"https:\/\/floridalawyers360.com\/es\/wp-json\/wp\/v2\/types\/page"}],"author":[{"embeddable":true,"href":"https:\/\/floridalawyers360.com\/es\/wp-json\/wp\/v2\/users\/22"}],"replies":[{"embeddable":true,"href":"https:\/\/floridalawyers360.com\/es\/wp-json\/wp\/v2\/comments?post=5951"}],"version-history":[{"count":3,"href":"https:\/\/floridalawyers360.com\/es\/wp-json\/wp\/v2\/pages\/5951\/revisions"}],"predecessor-version":[{"id":6276,"href":"https:\/\/floridalawyers360.com\/es\/wp-json\/wp\/v2\/pages\/5951\/revisions\/6276"}],"up":[{"embeddable":true,"href":"https:\/\/floridalawyers360.com\/es\/wp-json\/wp\/v2\/pages\/5930"}],"wp:attachment":[{"href":"https:\/\/floridalawyers360.com\/es\/wp-json\/wp\/v2\/media?parent=5951"}],"wp:term":[{"taxonomy":"category","embeddable":true,"href":"https:\/\/floridalawyers360.com\/es\/wp-json\/wp\/v2\/categories?post=5951"},{"taxonomy":"post_tag","embeddable":true,"href":"https:\/\/floridalawyers360.com\/es\/wp-json\/wp\/v2\/tags?post=5951"}],"curies":[{"name":"wp","href":"https:\/\/api.w.org\/{rel}","templated":true}]}}