{"id":5947,"date":"2024-02-14T09:48:06","date_gmt":"2024-02-14T14:48:06","guid":{"rendered":"https:\/\/floridalawyers360.com\/orlando\/orlando-dog-bite-lawyer\/"},"modified":"2024-03-21T01:24:15","modified_gmt":"2024-03-21T06:24:15","slug":"abogado-de-mordeduras-de-perro","status":"publish","type":"page","link":"https:\/\/floridalawyers360.com\/es\/orlando\/abogado-de-mordeduras-de-perro\/","title":{"rendered":"Mordeduras de perro"},"content":{"rendered":"<p>Seg\u00fan Dogsbite.org, en 2012 se produjeron 38 muertes en Estados Unidos por mordeduras de perro.<\/p>\n<p>Los pit bulls contribuyeron al 61% de estas muertes, a pesar de que solo representan el 5% de la poblaci\u00f3n canina total de Estados Unidos. Los rottweilers y los pit bulls juntos representan el 73% de todos los ataques mortales de perros entre 2005 y 2012.<\/p>\n<p>De las v\u00edctimas de mordeduras de perro en 2012, la mitad eran adultos y la otra mitad ni\u00f1os de ocho a\u00f1os o menos. Los hombres son v\u00edctimas de mordeduras de perro con m\u00e1s frecuencia que las mujeres. La mayor\u00eda de las personas son mordidas por perros a los que visitan o con los que conviven.<\/p>\n<p>Cada a\u00f1o, m\u00e1s de 500 floridanos sufren mordeduras de perro lo suficientemente graves como para requerir hospitalizaci\u00f3n, y una media de dos residentes de Florida mueren cada a\u00f1o por mordeduras de perro. Si usted o un ser querido ha sufrido lesiones por el ataque de un perro p\u00f3ngase en contacto con nuestros abogados de mordeduras de perro en Orlando.<\/p>\n<p>Llame a nuestra firma de lesiones personales en <a href=\"tel:+19544487355\"><i class=\"fa fa-phone-alt\"><\/i>954-448-7355<\/a> hoy para programar su consulta gratuita.<\/p>\n\t\t<div data-elementor-type=\"section\" data-elementor-id=\"208\" class=\"elementor elementor-208\" data-elementor-post-type=\"elementor_library\">\n\t\t\t\t\t<section class=\"elementor-section elementor-top-section elementor-element elementor-element-485e576a elementor-section-boxed elementor-section-height-default elementor-section-height-default\" data-id=\"485e576a\" data-element_type=\"section\" data-e-type=\"section\">\n\t\t\t\t\t\t<div class=\"elementor-container elementor-column-gap-default\">\n\t\t\t\t\t<div class=\"elementor-column elementor-col-100 elementor-top-column elementor-element elementor-element-635c38c0\" data-id=\"635c38c0\" data-element_type=\"column\" data-e-type=\"column\">\n\t\t\t<div class=\"elementor-widget-wrap elementor-element-populated\">\n\t\t\t\t\t\t<div class=\"elementor-element elementor-element-3ba95c8a elementor-toc--minimized-on-tablet elementor-widget elementor-widget-table-of-contents\" data-id=\"3ba95c8a\" data-element_type=\"widget\" data-e-type=\"widget\" data-settings=\"{&quot;exclude_headings_by_selector&quot;:&quot;.toc-remove&quot;,&quot;headings_by_tags&quot;:[&quot;h2&quot;,&quot;h3&quot;],&quot;marker_view&quot;:&quot;numbers&quot;,&quot;no_headings_message&quot;:&quot;No headings were found on this page.&quot;,&quot;minimize_box&quot;:&quot;yes&quot;,&quot;minimized_on&quot;:&quot;tablet&quot;,&quot;hierarchical_view&quot;:&quot;yes&quot;,&quot;min_height&quot;:{&quot;unit&quot;:&quot;px&quot;,&quot;size&quot;:&quot;&quot;,&quot;sizes&quot;:[]},&quot;min_height_tablet&quot;:{&quot;unit&quot;:&quot;px&quot;,&quot;size&quot;:&quot;&quot;,&quot;sizes&quot;:[]},&quot;min_height_mobile&quot;:{&quot;unit&quot;:&quot;px&quot;,&quot;size&quot;:&quot;&quot;,&quot;sizes&quot;:[]}}\" data-widget_type=\"table-of-contents.default\">\n\t\t\t\t\t\t\t\t\t<div class=\"elementor-toc__header\">\n\t\t\t\t\t\t<div class=\"elementor-toc__header-title\">\n\t\t\t\tTable of Contents\t\t\t<\/div>\n\t\t\t\t\t\t\t\t\t\t<div class=\"elementor-toc__toggle-button elementor-toc__toggle-button--expand\" role=\"button\" tabindex=\"0\" aria-controls=\"elementor-toc__3ba95c8a\" aria-expanded=\"true\" aria-label=\"Open table of contents\"><svg aria-hidden=\"true\" class=\"e-font-icon-svg e-fas-chevron-down\" viewBox=\"0 0 448 512\" xmlns=\"http:\/\/www.w3.org\/2000\/svg\"><path d=\"M207.029 381.476L12.686 187.132c-9.373-9.373-9.373-24.569 0-33.941l22.667-22.667c9.357-9.357 24.522-9.375 33.901-.04L224 284.505l154.745-154.021c9.379-9.335 24.544-9.317 33.901.04l22.667 22.667c9.373 9.373 9.373 24.569 0 33.941L240.971 381.476c-9.373 9.372-24.569 9.372-33.942 0z\"><\/path><\/svg><\/div>\n\t\t\t\t<div class=\"elementor-toc__toggle-button elementor-toc__toggle-button--collapse\" role=\"button\" tabindex=\"0\" aria-controls=\"elementor-toc__3ba95c8a\" aria-expanded=\"true\" aria-label=\"Close table of contents\"><svg aria-hidden=\"true\" class=\"e-font-icon-svg e-fas-chevron-up\" viewBox=\"0 0 448 512\" xmlns=\"http:\/\/www.w3.org\/2000\/svg\"><path d=\"M240.971 130.524l194.343 194.343c9.373 9.373 9.373 24.569 0 33.941l-22.667 22.667c-9.357 9.357-24.522 9.375-33.901.04L224 227.495 69.255 381.516c-9.379 9.335-24.544 9.317-33.901-.04l-22.667-22.667c-9.373-9.373-9.373-24.569 0-33.941L207.03 130.525c9.372-9.373 24.568-9.373 33.941-.001z\"><\/path><\/svg><\/div>\n\t\t\t\t\t<\/div>\n\t\t\t\t<div id=\"elementor-toc__3ba95c8a\" class=\"elementor-toc__body\">\n\t\t\t<div class=\"elementor-toc__spinner-container\">\n\t\t\t\t<svg class=\"elementor-toc__spinner eicon-animation-spin e-font-icon-svg e-eicon-loading\" aria-hidden=\"true\" viewBox=\"0 0 1000 1000\" xmlns=\"http:\/\/www.w3.org\/2000\/svg\"><path d=\"M500 975V858C696 858 858 696 858 500S696 142 500 142 142 304 142 500H25C25 237 238 25 500 25S975 237 975 500 763 975 500 975Z\"><\/path><\/svg>\t\t\t<\/div>\n\t\t<\/div>\n\t\t\t\t\t\t<\/div>\n\t\t\t\t\t<\/div>\n\t\t<\/div>\n\t\t\t\t\t<\/div>\n\t\t<\/section>\n\t\t\t\t<\/div>\n\t\t\n<h2>Evoluci\u00f3n de la norma del Common Law a la responsabilidad objetiva<\/h2>\n<p>La llamada regla de la mordedura \u00fanica fue creada hace cientos de a\u00f1os por los tribunales brit\u00e1nicos, bas\u00e1ndose en la teor\u00eda de que un individuo deb\u00eda ser legalmente responsable de cualquier da\u00f1o causado por su perro. La responsabilidad se basaba en la teor\u00eda de que el propietario del perro sab\u00eda que el animal en cuesti\u00f3n era peligroso.<\/p>\n<p>Para recuperar la indemnizaci\u00f3n, la parte perjudicada ten\u00eda que demostrar que el demandado era el propietario del perro, que el perro era peligroso, que el propietario sab\u00eda que el perro era peligroso porque el perro hab\u00eda mordido anteriormente a otra persona en circunstancias similares, y que la mordedura actual caus\u00f3 lesiones a la v\u00edctima.<\/p>\n<p>El propietario podr\u00eda plantear como defensa afirmativa el argumento de que el demandante provoc\u00f3 al perro o estaba invadiendo propiedad privada.<\/p>\n<p>Debido a las dificultades para demostrar que un propietario sab\u00eda que el perro era peligroso, las demandas por mordedura de perro seg\u00fan esta norma eran muy dif\u00edciles de probar.<\/p>\n<p>La norma inglesa result\u00f3 ser problem\u00e1tica, ya que la v\u00edctima del primer ataque de un animal no dispon\u00eda de recursos legales, y los propietarios de perros no estaban debidamente incentivados para asegurarse de que su perro se comportaba correctamente.<\/p>\n<p><a href=\"https:\/\/floridalawyers360.com\/wp-content\/uploads\/2024\/02\/orlando-dog-bite1-copy.webp\"><img fetchpriority=\"high\" decoding=\"async\" class=\"alignnone size-full wp-image-3007\" src=\"https:\/\/floridalawyers360.com\/wp-content\/uploads\/2024\/02\/orlando-dog-bite1-copy.webp\" alt=\"Man suffering from a dog bite on his hand\" width=\"500\" height=\"334\" srcset=\"https:\/\/floridalawyers360.com\/wp-content\/uploads\/2024\/02\/orlando-dog-bite1-copy.webp 500w, https:\/\/floridalawyers360.com\/wp-content\/uploads\/2024\/02\/orlando-dog-bite1-copy-300x200.webp 300w\" sizes=\"(max-width: 500px) 100vw, 500px\" \/><\/a><\/p>\n<h2>El Estatuto Moderno de Mordeduras de Perro de Florida<\/h2>\n<p>El descontento con la ley brit\u00e1nica condujo a la promulgaci\u00f3n de F.S. \u00a7767.04, la disposici\u00f3n sobre mordeduras de perro, en 1949. El llamado estatuto de mordedura de perro impone una responsabilidad estricta a los propietarios de perros, eliminando el requisito de que los propietarios tengan conocimiento de la ferocidad del perro.<\/p>\n<p>La ley original a\u00fan permit\u00eda al propietario del perro eludir su responsabilidad si la persona mordida provocaba al perro, o si las palabras \u00abPerro malo\u00bb aparec\u00edan de forma destacada en las instalaciones.<\/p>\n<p>En 1993 se revis\u00f3 la ley en tres aspectos importantes.<\/p>\n<p>En primer lugar, el legislador suprimi\u00f3 la defensa afirmativa de provocaci\u00f3n. En segundo lugar, se introdujo una disposici\u00f3n sobre negligencia comparativa, de modo que aunque la ley prevea la responsabilidad objetiva, la culpa comparativa seguir\u00e1 reduciendo la responsabilidad global del propietario en un porcentaje igual.<\/p>\n<p>Como se\u00f1al\u00f3 el tribunal en Huie contra Wipperfurth, la defensa de provocaci\u00f3n se sustituy\u00f3 esencialmente por una norma de negligencia comparativa.<\/p>\n<p>El estatuto impone una responsabilidad estricta al propietario de un perro que muerda a otra persona que se encuentre en un lugar p\u00fablico, o legalmente en un lugar privado. El estatuto s\u00f3lo se aplica a las lesiones causadas por mordeduras de perro.<\/p>\n<p>Si usted resulta herido por un perro de otra manera, todav\u00eda puede demostrar que el propietario es responsable en virtud de las teor\u00edas tradicionales de negligencia. As\u00ed, por ejemplo, si un perro que no lleva correa le atropella y sufre lesiones, puede demandar al due\u00f1o por negligencia.<\/p>\n<p>Sin embargo, la responsabilidad objetiva s\u00f3lo se aplica a las mordeduras de perro.<\/p>\n<p><a href=\"https:\/\/floridalawyers360.com\/wp-content\/uploads\/2024\/03\/Orlando-Dog-Bite-Infographic-copy.webp\"><img decoding=\"async\" class=\"alignnone size-full wp-image-4813\" src=\"https:\/\/floridalawyers360.com\/wp-content\/uploads\/2024\/03\/Orlando-Dog-Bite-Infographic-copy.webp\" alt=\"Orlando Dog Bite Lawyer\" width=\"801\" height=\"2001\" srcset=\"https:\/\/floridalawyers360.com\/wp-content\/uploads\/2024\/03\/Orlando-Dog-Bite-Infographic-copy.webp 801w, https:\/\/floridalawyers360.com\/wp-content\/uploads\/2024\/03\/Orlando-Dog-Bite-Infographic-copy-120x300.webp 120w, https:\/\/floridalawyers360.com\/wp-content\/uploads\/2024\/03\/Orlando-Dog-Bite-Infographic-copy-410x1024.webp 410w, https:\/\/floridalawyers360.com\/wp-content\/uploads\/2024\/03\/Orlando-Dog-Bite-Infographic-copy-768x1919.webp 768w, https:\/\/floridalawyers360.com\/wp-content\/uploads\/2024\/03\/Orlando-Dog-Bite-Infographic-copy-615x1536.webp 615w\" sizes=\"(max-width: 801px) 100vw, 801px\" \/><\/a><\/p>\n<h2>\u00bfQu\u00e9 cubre una reclamaci\u00f3n por mordedura de perro?<\/h2>\n<p>Muchas p\u00f3lizas de seguro de hogar ofrecen cobertura por mordeduras de perro. Por lo tanto, es importante que, si le muerde un perro, solicite una copia de la p\u00f3liza del propietario del perro, para poder revisar la cobertura de la p\u00f3liza y solicitarla.<\/p>\n<p>Seg\u00fan la jurisprudencia de Florida, cada mordedura de perro que cause lesiones a una v\u00edctima distinta es un suceso \u00fanico, lo indique o no el texto de la p\u00f3liza.<\/p>\n<p>Las mordeduras de perro est\u00e1n espec\u00edficamente excluidas de la cobertura en algunas p\u00f3lizas de seguros que tienen una exclusi\u00f3n espec\u00edfica para lesiones causadas por perros. En American Strategic Ins. Co. v. Lucas-Solomon, 927 So. 2d 184 (Fla. 2d DCA 2006), por ejemplo, el tribunal confirm\u00f3 una exclusi\u00f3n.<\/p>\n<p>El tribunal confirm\u00f3 la exclusi\u00f3n de lesiones por mordedura de perro en la pol\u00edtica.<\/p>\n<h2>\u00bfCu\u00e1nto tiempo tengo para presentar una demanda por mordedura de perro en Orlando?<\/h2>\n<p>Florida tiene un estatuto de cuatro a\u00f1os de limitaciones en las reclamaciones presentadas por una persona lesionada despu\u00e9s de una lesi\u00f3n por mordedura de perro. Perder el plazo de cuatro a\u00f1os dar\u00e1 lugar a renunciar a su derecho a la acci\u00f3n legal, por lo que cualquier demanda debe ser presentada dentro del per\u00edodo de cuatro a\u00f1os para preservar sus derechos.<\/p>\n<p><a href=\"https:\/\/floridalawyers360.com\/wp-content\/uploads\/2024\/02\/orlando-dog-bite2-copy.webp\"><img decoding=\"async\" class=\"alignnone size-full wp-image-3006\" src=\"https:\/\/floridalawyers360.com\/wp-content\/uploads\/2024\/02\/orlando-dog-bite2-copy.webp\" alt=\"Orlando Dog Bite Lawyer\" width=\"500\" height=\"334\" srcset=\"https:\/\/floridalawyers360.com\/wp-content\/uploads\/2024\/02\/orlando-dog-bite2-copy.webp 500w, https:\/\/floridalawyers360.com\/wp-content\/uploads\/2024\/02\/orlando-dog-bite2-copy-300x200.webp 300w\" sizes=\"(max-width: 500px) 100vw, 500px\" \/><\/a><\/p>\n<h2>Llame a nuestros abogados de Orlando mordedura de perro para una revisi\u00f3n gratuita de casos<\/h2>\n<p>Hay dos defensas que los abogados de lesiones personales enfrentan al presentar una demanda por mordedura de perro: el propietario puede alegar que el demandante estaba invadiendo, y puede plantear la culpa comparativa. La ley de mordeduras de perro de Florida s\u00f3lo proporciona cobertura a las personas lesionadas que se encontraban legalmente en el lugar donde se produjo la mordedura.<\/p>\n<p>Por lo tanto, una persona que est\u00e1 invadiendo una propiedad privada no est\u00e1 legalmente presente, y no puede recuperar los da\u00f1os en virtud de la ley.<\/p>\n<p>La culpa comparativa es la segunda defensa, aunque no es una defensa completa. Sin embargo, puede compensar cualquier responsabilidad, reduciendo la indemnizaci\u00f3n por da\u00f1os y perjuicios en el mismo porcentaje que la parte de culpa del demandado en la mordedura.<\/p>\n<p>Un ejemplo de esto es si, mientras est\u00e1s cenando en casa de un amigo, pisas accidentalmente la pata de su perro. El perro responde mordi\u00e9ndote.<\/p>\n<p>El jurado decide que usted tiene un 30% de responsabilidad por la mordedura, ya que le pis\u00f3 la pata, por lo que si considera que sus da\u00f1os ascienden a 50.000 $, s\u00f3lo podr\u00e1 cobrar 35.000 $.<\/p>\n","protected":false},"excerpt":{"rendered":"<p>Seg\u00fan Dogsbite.org, en 2012 se produjeron 38 muertes en Estados Unidos por mordeduras de perro. Los pit bulls contribuyeron al 61% de estas muertes, a pesar de que solo representan el 5% de la poblaci\u00f3n canina total de Estados Unidos. Los rottweilers y los pit bulls juntos representan el 73% de todos los ataques mortales [&hellip;]<\/p>\n","protected":false},"author":22,"featured_media":0,"parent":5930,"menu_order":0,"comment_status":"closed","ping_status":"closed","template":"","meta":{"_acf_changed":false,"anchor_text":"","footnotes":""},"categories":[],"tags":[],"class_list":["post-5947","page","type-page","status-publish","hentry"],"acf":[],"_links":{"self":[{"href":"https:\/\/floridalawyers360.com\/es\/wp-json\/wp\/v2\/pages\/5947","targetHints":{"allow":["GET"]}}],"collection":[{"href":"https:\/\/floridalawyers360.com\/es\/wp-json\/wp\/v2\/pages"}],"about":[{"href":"https:\/\/floridalawyers360.com\/es\/wp-json\/wp\/v2\/types\/page"}],"author":[{"embeddable":true,"href":"https:\/\/floridalawyers360.com\/es\/wp-json\/wp\/v2\/users\/22"}],"replies":[{"embeddable":true,"href":"https:\/\/floridalawyers360.com\/es\/wp-json\/wp\/v2\/comments?post=5947"}],"version-history":[{"count":4,"href":"https:\/\/floridalawyers360.com\/es\/wp-json\/wp\/v2\/pages\/5947\/revisions"}],"predecessor-version":[{"id":6281,"href":"https:\/\/floridalawyers360.com\/es\/wp-json\/wp\/v2\/pages\/5947\/revisions\/6281"}],"up":[{"embeddable":true,"href":"https:\/\/floridalawyers360.com\/es\/wp-json\/wp\/v2\/pages\/5930"}],"wp:attachment":[{"href":"https:\/\/floridalawyers360.com\/es\/wp-json\/wp\/v2\/media?parent=5947"}],"wp:term":[{"taxonomy":"category","embeddable":true,"href":"https:\/\/floridalawyers360.com\/es\/wp-json\/wp\/v2\/categories?post=5947"},{"taxonomy":"post_tag","embeddable":true,"href":"https:\/\/floridalawyers360.com\/es\/wp-json\/wp\/v2\/tags?post=5947"}],"curies":[{"name":"wp","href":"https:\/\/api.w.org\/{rel}","templated":true}]}}