{"id":5943,"date":"2024-02-14T09:47:39","date_gmt":"2024-02-14T14:47:39","guid":{"rendered":"https:\/\/floridalawyers360.com\/orlando\/orlando-compensable-work-injuries\/"},"modified":"2024-03-13T06:41:45","modified_gmt":"2024-03-13T11:41:45","slug":"accidentes-de-trabajo-indemnizables","status":"publish","type":"page","link":"https:\/\/floridalawyers360.com\/es\/orlando\/accidentes-de-trabajo-indemnizables\/","title":{"rendered":"Accidentes de trabajo indemnizables"},"content":{"rendered":"<p>\u00bfTiene Orlando accidentes de trabajo indemnizables? La indemnizaci\u00f3n laboral es un tipo de cobertura de protecci\u00f3n que tiene una empresa. Proporciona a los representantes una cobertura monetaria en caso de accidente laboral. Es probable que d\u00e9 los costos de tratamiento, el pago de los salarios perdidos, y otros.<\/p>\n<p>Si se lesiona en el trabajo, registrar y tramitar las necesidades de una garant\u00eda de indemnizaci\u00f3n por accidente laboral puede convertirse en una tarea abrumadora.<\/p>\n<p>En consecuencia, es fundamental encontrar el apoyo de nuestros abogados de compensaci\u00f3n de trabajadores de Orlando consumados.<\/p>\n<p>Ofrecemos consultas introductorias gratuitas, donde vamos a escuchar a usted, responder a cualquier pregunta que pueda tener, y dar el mejor movimiento leg\u00edtimo de hacer. Le guiaremos a trav\u00e9s de cada uno de los medios del caso de lesiones laborales indemnizables de Orlando.<\/p>\n<p>P\u00f3ngase en contacto con nosotros para descubrir m\u00e1s acerca de su circunstancia y familiarizarse con el mejor movimiento leg\u00edtimo para hacer. Ll\u00e1menos hoy al <a href=\"tel:+19544487355\"><i class=\"fa fa-phone-alt\"><\/i>954-448-7355<\/a>.<\/p>\n\t\t<div data-elementor-type=\"section\" data-elementor-id=\"208\" class=\"elementor elementor-208\" data-elementor-post-type=\"elementor_library\">\n\t\t\t\t\t<section class=\"elementor-section elementor-top-section elementor-element elementor-element-485e576a elementor-section-boxed elementor-section-height-default elementor-section-height-default\" data-id=\"485e576a\" data-element_type=\"section\" data-e-type=\"section\">\n\t\t\t\t\t\t<div class=\"elementor-container elementor-column-gap-default\">\n\t\t\t\t\t<div class=\"elementor-column elementor-col-100 elementor-top-column elementor-element elementor-element-635c38c0\" data-id=\"635c38c0\" data-element_type=\"column\" data-e-type=\"column\">\n\t\t\t<div class=\"elementor-widget-wrap elementor-element-populated\">\n\t\t\t\t\t\t<div class=\"elementor-element elementor-element-3ba95c8a elementor-toc--minimized-on-tablet elementor-widget elementor-widget-table-of-contents\" data-id=\"3ba95c8a\" data-element_type=\"widget\" data-e-type=\"widget\" data-settings=\"{&quot;exclude_headings_by_selector&quot;:&quot;.toc-remove&quot;,&quot;headings_by_tags&quot;:[&quot;h2&quot;,&quot;h3&quot;],&quot;marker_view&quot;:&quot;numbers&quot;,&quot;no_headings_message&quot;:&quot;No se ha encontrado ning\\u00fan encabezado en esta p\\u00e1gina.&quot;,&quot;minimize_box&quot;:&quot;yes&quot;,&quot;minimized_on&quot;:&quot;tablet&quot;,&quot;hierarchical_view&quot;:&quot;yes&quot;,&quot;min_height&quot;:{&quot;unit&quot;:&quot;px&quot;,&quot;size&quot;:&quot;&quot;,&quot;sizes&quot;:[]},&quot;min_height_tablet&quot;:{&quot;unit&quot;:&quot;px&quot;,&quot;size&quot;:&quot;&quot;,&quot;sizes&quot;:[]},&quot;min_height_mobile&quot;:{&quot;unit&quot;:&quot;px&quot;,&quot;size&quot;:&quot;&quot;,&quot;sizes&quot;:[]}}\" data-widget_type=\"table-of-contents.default\">\n\t\t\t\t\t\t\t\t\t<div class=\"elementor-toc__header\">\n\t\t\t\t\t\t<div class=\"elementor-toc__header-title\">\n\t\t\t\tTable of Contents\t\t\t<\/div>\n\t\t\t\t\t\t\t\t\t\t<div class=\"elementor-toc__toggle-button elementor-toc__toggle-button--expand\" role=\"button\" tabindex=\"0\" aria-controls=\"elementor-toc__3ba95c8a\" aria-expanded=\"true\" aria-label=\"Abrir la tabla de contenidos\"><svg aria-hidden=\"true\" class=\"e-font-icon-svg e-fas-chevron-down\" viewBox=\"0 0 448 512\" xmlns=\"http:\/\/www.w3.org\/2000\/svg\"><path d=\"M207.029 381.476L12.686 187.132c-9.373-9.373-9.373-24.569 0-33.941l22.667-22.667c9.357-9.357 24.522-9.375 33.901-.04L224 284.505l154.745-154.021c9.379-9.335 24.544-9.317 33.901.04l22.667 22.667c9.373 9.373 9.373 24.569 0 33.941L240.971 381.476c-9.373 9.372-24.569 9.372-33.942 0z\"><\/path><\/svg><\/div>\n\t\t\t\t<div class=\"elementor-toc__toggle-button elementor-toc__toggle-button--collapse\" role=\"button\" tabindex=\"0\" aria-controls=\"elementor-toc__3ba95c8a\" aria-expanded=\"true\" aria-label=\"Cerrar la tabla de contenidos\"><svg aria-hidden=\"true\" class=\"e-font-icon-svg e-fas-chevron-up\" viewBox=\"0 0 448 512\" xmlns=\"http:\/\/www.w3.org\/2000\/svg\"><path d=\"M240.971 130.524l194.343 194.343c9.373 9.373 9.373 24.569 0 33.941l-22.667 22.667c-9.357 9.357-24.522 9.375-33.901.04L224 227.495 69.255 381.516c-9.379 9.335-24.544 9.317-33.901-.04l-22.667-22.667c-9.373-9.373-9.373-24.569 0-33.941L207.03 130.525c9.372-9.373 24.568-9.373 33.941-.001z\"><\/path><\/svg><\/div>\n\t\t\t\t\t<\/div>\n\t\t\t\t<div id=\"elementor-toc__3ba95c8a\" class=\"elementor-toc__body\">\n\t\t\t<div class=\"elementor-toc__spinner-container\">\n\t\t\t\t<svg class=\"elementor-toc__spinner eicon-animation-spin e-font-icon-svg e-eicon-loading\" aria-hidden=\"true\" viewBox=\"0 0 1000 1000\" xmlns=\"http:\/\/www.w3.org\/2000\/svg\"><path d=\"M500 975V858C696 858 858 696 858 500S696 142 500 142 142 304 142 500H25C25 237 238 25 500 25S975 237 975 500 763 975 500 975Z\"><\/path><\/svg>\t\t\t<\/div>\n\t\t<\/div>\n\t\t\t\t\t\t<\/div>\n\t\t\t\t\t<\/div>\n\t\t<\/div>\n\t\t\t\t\t<\/div>\n\t\t<\/section>\n\t\t\t\t<\/div>\n\t\t\n<h2>\u00bfCu\u00e1les son las lesiones de trabajo compensable Orlando en la Florida?<\/h2>\n<p>Para un representante para obtener beneficios de compensaci\u00f3n por accidente, debe haber un accidente que es compensable. Sobre la base de las leyes de beneficios de Compensaci\u00f3n de la Florida, un representante debe apoyar ya sea enfermedad profesional o lesiones accidentales para que un caso sea visto como compensable.<\/p>\n<p>Con todo, los beneficios de compensaci\u00f3n a los trabajadores, posiblemente, se convertir\u00e1 en un factor integral cuando las lesiones se demuestra que son una secuela de un accidente y por lo tanto puede ser visto como Orlando compensable lesiones de trabajo.<\/p>\n<p>Posteriormente, los tribunales de la Florida simplemente conceder lesiones de trabajo compensables Orlando con beneficios de compensaci\u00f3n de trabajadores si se establecen tres elementos:<\/p>\n<ul>\n<li>Los da\u00f1os que soport\u00f3 un trabajador son secuela de un accidente<\/li>\n<li>Las lesiones sufridas por el trabajador son consecuencia de la empresa<\/li>\n<li>Las lesiones sufridas por el trabajador se produjeron en el transcurso de la actividad empresarial (durante el trabajo).<\/li>\n<\/ul>\n<p>&nbsp;<\/p>\n<p><a href=\"https:\/\/floridalawyers360.com\/wp-content\/uploads\/2024\/02\/orlando-wc-compensable1-copy.webp\"><img fetchpriority=\"high\" decoding=\"async\" class=\"alignnone size-full wp-image-3001\" src=\"https:\/\/floridalawyers360.com\/wp-content\/uploads\/2024\/02\/orlando-wc-compensable1-copy.webp\" alt=\"Workers' Compensation Compensable Injuries\" width=\"500\" height=\"334\" srcset=\"https:\/\/floridalawyers360.com\/wp-content\/uploads\/2024\/02\/orlando-wc-compensable1-copy.webp 500w, https:\/\/floridalawyers360.com\/wp-content\/uploads\/2024\/02\/orlando-wc-compensable1-copy-300x200.webp 300w\" sizes=\"(max-width: 500px) 100vw, 500px\" \/><\/a><\/p>\n<p>Adem\u00e1s, tal y como indica la ley de ventajas indemnizatorias de Florida, la investigaci\u00f3n de compensabilidad requiere un accidente que haya &#8216;Incapacitado&#8217; al especialista.<\/p>\n<p>NOTA: el t\u00e9rmino \u00abdiscapacitado\u00bb b\u00e1sicamente significa una incapacidad para adquirir la paga a la luz de un problema f\u00edsico a un trabajador que se produjo debido a una lesi\u00f3n relacionada con el negocio.&#8217;<\/p>\n<p>En vista de ello, el trabajador debe demostrar posteriormente que la lesi\u00f3n<\/p>\n<ul>\n<li>Le incapacit\u00f3 para trabajar o percibir un salario similar al que percib\u00eda antes de que se produjera la lesi\u00f3n en una empresa similar u otra empresa.<\/li>\n<li>su incapacidad se debi\u00f3 al accidente<\/li>\n<\/ul>\n<h2>Lesiones comunes en el \u00e1mbito de la indemnizaci\u00f3n por accidente de trabajo<\/h2>\n<ul>\n<li>Lesiones de espalda (lesiones nerviosas, distensiones musculares, lesiones de las v\u00e9rtebras o pases, lesiones de tejidos delicados, y as\u00ed sucesivamente)<\/li>\n<li>(bursitis, tendinitis, afecci\u00f3n del paso carpiano, etc.)<\/li>\n<li>Peleas y agresiones: un trabajador puede tener derecho a prestaciones compensatorias por lesiones en caso de que la cuesti\u00f3n se identifique con el trabajo y punto.<\/li>\n<li>Infecciones relacionadas con el trabajo (irritaci\u00f3n debida a lesiones en el entorno de trabajo, irritaciones provocadas por instrumentos, dolencias por aire comprimido, cualquier<\/li>\n<li>tipo de da\u00f1o, c\u00e1ncer relacionado con el amianto, problemas de audici\u00f3n, enfermedades provocadas por la exposici\u00f3n a compuestos sint\u00e9ticos, etc.).<\/li>\n<li>Lesiones por accidentes de ferreter\u00eda provocadas por el mal uso o la rotura de aparatos<\/li>\n<\/ul>\n<p>&nbsp;<\/p>\n<p>Es imperativo tomar nota de la idea de que la lesi\u00f3n asume una parte fundamental. Por lo tanto, la idea del accidente debe ser evidente y efectivamente razonable de un accidente espec\u00edfico. Por ejemplo, las lesiones por resbal\u00f3n y ca\u00edda pueden distinguirse eficazmente, lo que hace que la personalidad de las lesiones sea muy evidente por s\u00ed misma.<\/p>\n<p>En consecuencia, la idea de la lesi\u00f3n no es evidente, un representante probablemente no estar\u00e1 en riesgo de obtener una indemnizaci\u00f3n.<\/p>\n<p>Para saber si sus lesiones (lesiones cl\u00ednicas o condici\u00f3n) son vistos como lesiones laborales compensables Orlando y est\u00e1n cubiertos por la ley de ventaja de lesiones de compensaci\u00f3n del representante, es agudo para hacer frente a un abogado de compensaci\u00f3n de trabajadores consumados en la Florida.<\/p>\n<p><a href=\"https:\/\/floridalawyers360.com\/wp-content\/uploads\/2024\/02\/orlando-wc-compensable2-copy.webp\"><img decoding=\"async\" class=\"alignnone wp-image-3000 size-full\" src=\"https:\/\/floridalawyers360.com\/wp-content\/uploads\/2024\/02\/orlando-wc-compensable2-copy.webp\" alt=\"Compensable Work Injuries | Back injury to worker\" width=\"500\" height=\"334\" srcset=\"https:\/\/floridalawyers360.com\/wp-content\/uploads\/2024\/02\/orlando-wc-compensable2-copy.webp 500w, https:\/\/floridalawyers360.com\/wp-content\/uploads\/2024\/02\/orlando-wc-compensable2-copy-300x200.webp 300w\" sizes=\"(max-width: 500px) 100vw, 500px\" \/><\/a><\/p>\n<h2>\u00bfCu\u00e1l es la suma que puedo obtener por mis lesiones laborales indemnizables en Orlando?<\/h2>\n<p>La suma que obtendr\u00e1 en una indemnizaci\u00f3n laboral variar\u00e1 dependiendo del grado del impacto.<\/p>\n<h3>Incapacidad Temporal<\/h3>\n<p>En caso de que tus lesiones sean transitorias y te impidan trabajar mientras te recuperas, entonces cumplir\u00e1s todos los requisitos para obtener la prestaci\u00f3n por incapacidad temporal total (ITT).<\/p>\n<ul>\n<li>Tenga en cuenta que esta ventaja no cubre los siete d\u00edas iniciales de la incapacidad, salvo si acaba estando de baja m\u00e1s de 21 d\u00edas.<\/li>\n<li>La ventaja apenas agrega hasta 2\/3 de su semana normal despu\u00e9s de la paga de la semana en la hora del accidente y es simplemente pagadera mientras un a\u00f1o en que ser\u00e1 minusv\u00e1lido.<\/li>\n<li>Traducci\u00f3n realizada con la versi\u00f3n gratuita del traductor DeepL.com<\/li>\n<\/ul>\n<h3>Incapacidad permanente<\/h3>\n<p>Por lo que respecta a la incapacidad permanente, la ventaja ser\u00e1 diferente en funci\u00f3n de la lesi\u00f3n. Se valorar\u00e1 el acompa\u00f1amiento: &#8211;<\/p>\n<ul>\n<li><strong>P\u00e9rdida de utilizaci\u00f3n reservada<\/strong>: Si pierde una parte concreta de su cuerpo (dedos, desgarro, brazo, etc.), pierde la audici\u00f3n o la visi\u00f3n, podr\u00e1 obtener una indemnizaci\u00f3n por incapacidad permanente parcial, que se basar\u00e1 en un calendario que indique el mayor n\u00famero de meses para esa sensaci\u00f3n o parte. Via occasion, a deficiency of, or lasting injury to an organ or some portion of their body grant $20,000.<\/li>\n<li><strong>Incapacidad Total Perpetua<\/strong>: Un trabajador est\u00e1 calificado para asegurar beneficios de incapacidad absoluta duradera para el resto de su vida precisamente a la misma tasa que la ventaja TTD.<\/li>\n<\/ul>\n<p>Llame a nuestros abogados acerca de sus lesiones de trabajo compensables Orlando hoy<\/p>\n<h2>Llame a nuestros abogados hoy para discutir sus lesiones de trabajo compensables en Orlando<\/h2>\n<p>Ll\u00e1menos hoy para averiguar acerca de su caso y el mejor movimiento legal para hacer. En la Coalici\u00f3n de Abogados de Compensaci\u00f3n de Trabajadores de Orlando, damos gratis las administraciones introductorias de asesoramiento. Consiga su ayuda legal hoy para las lesiones de trabajo compensables de Orlando; alcanzando a nuestro abogado de lesi\u00f3n de la remuneraci\u00f3n en <a href=\"tel:+19544487355\"><i class=\"fa fa-phone-alt\"><\/i>954-448-7355<\/a>.<\/p>\n","protected":false},"excerpt":{"rendered":"<p>\u00bfTiene Orlando accidentes de trabajo indemnizables? La indemnizaci\u00f3n laboral es un tipo de cobertura de protecci\u00f3n que tiene una empresa. Proporciona a los representantes una cobertura monetaria en caso de accidente laboral. Es probable que d\u00e9 los costos de tratamiento, el pago de los salarios perdidos, y otros. Si se lesiona en el trabajo, registrar [&hellip;]<\/p>\n","protected":false},"author":22,"featured_media":0,"parent":5930,"menu_order":0,"comment_status":"closed","ping_status":"closed","template":"","meta":{"_acf_changed":false,"anchor_text":"","footnotes":""},"categories":[],"tags":[],"class_list":["post-5943","page","type-page","status-publish","hentry"],"acf":[],"_links":{"self":[{"href":"https:\/\/floridalawyers360.com\/es\/wp-json\/wp\/v2\/pages\/5943","targetHints":{"allow":["GET"]}}],"collection":[{"href":"https:\/\/floridalawyers360.com\/es\/wp-json\/wp\/v2\/pages"}],"about":[{"href":"https:\/\/floridalawyers360.com\/es\/wp-json\/wp\/v2\/types\/page"}],"author":[{"embeddable":true,"href":"https:\/\/floridalawyers360.com\/es\/wp-json\/wp\/v2\/users\/22"}],"replies":[{"embeddable":true,"href":"https:\/\/floridalawyers360.com\/es\/wp-json\/wp\/v2\/comments?post=5943"}],"version-history":[{"count":3,"href":"https:\/\/floridalawyers360.com\/es\/wp-json\/wp\/v2\/pages\/5943\/revisions"}],"predecessor-version":[{"id":5946,"href":"https:\/\/floridalawyers360.com\/es\/wp-json\/wp\/v2\/pages\/5943\/revisions\/5946"}],"up":[{"embeddable":true,"href":"https:\/\/floridalawyers360.com\/es\/wp-json\/wp\/v2\/pages\/5930"}],"wp:attachment":[{"href":"https:\/\/floridalawyers360.com\/es\/wp-json\/wp\/v2\/media?parent=5943"}],"wp:term":[{"taxonomy":"category","embeddable":true,"href":"https:\/\/floridalawyers360.com\/es\/wp-json\/wp\/v2\/categories?post=5943"},{"taxonomy":"post_tag","embeddable":true,"href":"https:\/\/floridalawyers360.com\/es\/wp-json\/wp\/v2\/tags?post=5943"}],"curies":[{"name":"wp","href":"https:\/\/api.w.org\/{rel}","templated":true}]}}