{"id":5934,"date":"2024-02-14T09:46:51","date_gmt":"2024-02-14T14:46:51","guid":{"rendered":"https:\/\/floridalawyers360.com\/orlando\/orlando-bicycle-accident-lawyer\/"},"modified":"2024-03-21T01:21:08","modified_gmt":"2024-03-21T06:21:08","slug":"abogado-de-accidentes-de-bicicleta-en-orlando","status":"publish","type":"page","link":"https:\/\/floridalawyers360.com\/es\/orlando\/abogado-de-accidentes-de-bicicleta-en-orlando\/","title":{"rendered":"Accidentes de bicicleta"},"content":{"rendered":"<p>Florida Lawyers 360 es un distinguido bufete de abogados con sede en <a href=\"\/orlando\/\">Orlando, FL<\/a>, especializado en casos de lesiones personales, en particular los relacionados con accidentes de bicicleta.<\/p>\n<p>Con un fuerte compromiso con la justicia y un historial de \u00e9xito en la defensa, la <a href=\"\/about-us\/\">firma<\/a> se ha ganado una reputaci\u00f3n como un recurso de confianza para las personas que buscan representaci\u00f3n legal en las secuelas de un accidente de bicicleta.<\/p>\n<p>Si usted ha sido lesionado debido a un accidente de bicicleta, p\u00f3ngase en contacto con nosotros hoy en <a href=\"tel:+19544487355\"><i class=\"fa fa-phone-alt\"><\/i>954-448-7355<\/a>.<\/p>\n\t\t<div data-elementor-type=\"section\" data-elementor-id=\"208\" class=\"elementor elementor-208\" data-elementor-post-type=\"elementor_library\">\n\t\t\t\t\t<section class=\"elementor-section elementor-top-section elementor-element elementor-element-485e576a elementor-section-boxed elementor-section-height-default elementor-section-height-default\" data-id=\"485e576a\" data-element_type=\"section\" data-e-type=\"section\">\n\t\t\t\t\t\t<div class=\"elementor-container elementor-column-gap-default\">\n\t\t\t\t\t<div class=\"elementor-column elementor-col-100 elementor-top-column elementor-element elementor-element-635c38c0\" data-id=\"635c38c0\" data-element_type=\"column\" data-e-type=\"column\">\n\t\t\t<div class=\"elementor-widget-wrap elementor-element-populated\">\n\t\t\t\t\t\t<div class=\"elementor-element elementor-element-3ba95c8a elementor-toc--minimized-on-tablet elementor-widget elementor-widget-table-of-contents\" data-id=\"3ba95c8a\" data-element_type=\"widget\" data-e-type=\"widget\" data-settings=\"{&quot;exclude_headings_by_selector&quot;:&quot;.toc-remove&quot;,&quot;headings_by_tags&quot;:[&quot;h2&quot;,&quot;h3&quot;],&quot;marker_view&quot;:&quot;numbers&quot;,&quot;no_headings_message&quot;:&quot;No se ha encontrado ning\\u00fan encabezado en esta p\\u00e1gina.&quot;,&quot;minimize_box&quot;:&quot;yes&quot;,&quot;minimized_on&quot;:&quot;tablet&quot;,&quot;hierarchical_view&quot;:&quot;yes&quot;,&quot;min_height&quot;:{&quot;unit&quot;:&quot;px&quot;,&quot;size&quot;:&quot;&quot;,&quot;sizes&quot;:[]},&quot;min_height_tablet&quot;:{&quot;unit&quot;:&quot;px&quot;,&quot;size&quot;:&quot;&quot;,&quot;sizes&quot;:[]},&quot;min_height_mobile&quot;:{&quot;unit&quot;:&quot;px&quot;,&quot;size&quot;:&quot;&quot;,&quot;sizes&quot;:[]}}\" data-widget_type=\"table-of-contents.default\">\n\t\t\t\t\t\t\t\t\t<div class=\"elementor-toc__header\">\n\t\t\t\t\t\t<div class=\"elementor-toc__header-title\">\n\t\t\t\tTable of Contents\t\t\t<\/div>\n\t\t\t\t\t\t\t\t\t\t<div class=\"elementor-toc__toggle-button elementor-toc__toggle-button--expand\" role=\"button\" tabindex=\"0\" aria-controls=\"elementor-toc__3ba95c8a\" aria-expanded=\"true\" aria-label=\"Abrir la tabla de contenidos\"><svg aria-hidden=\"true\" class=\"e-font-icon-svg e-fas-chevron-down\" viewBox=\"0 0 448 512\" xmlns=\"http:\/\/www.w3.org\/2000\/svg\"><path d=\"M207.029 381.476L12.686 187.132c-9.373-9.373-9.373-24.569 0-33.941l22.667-22.667c9.357-9.357 24.522-9.375 33.901-.04L224 284.505l154.745-154.021c9.379-9.335 24.544-9.317 33.901.04l22.667 22.667c9.373 9.373 9.373 24.569 0 33.941L240.971 381.476c-9.373 9.372-24.569 9.372-33.942 0z\"><\/path><\/svg><\/div>\n\t\t\t\t<div class=\"elementor-toc__toggle-button elementor-toc__toggle-button--collapse\" role=\"button\" tabindex=\"0\" aria-controls=\"elementor-toc__3ba95c8a\" aria-expanded=\"true\" aria-label=\"Cerrar la tabla de contenidos\"><svg aria-hidden=\"true\" class=\"e-font-icon-svg e-fas-chevron-up\" viewBox=\"0 0 448 512\" xmlns=\"http:\/\/www.w3.org\/2000\/svg\"><path d=\"M240.971 130.524l194.343 194.343c9.373 9.373 9.373 24.569 0 33.941l-22.667 22.667c-9.357 9.357-24.522 9.375-33.901.04L224 227.495 69.255 381.516c-9.379 9.335-24.544 9.317-33.901-.04l-22.667-22.667c-9.373-9.373-9.373-24.569 0-33.941L207.03 130.525c9.372-9.373 24.568-9.373 33.941-.001z\"><\/path><\/svg><\/div>\n\t\t\t\t\t<\/div>\n\t\t\t\t<div id=\"elementor-toc__3ba95c8a\" class=\"elementor-toc__body\">\n\t\t\t<div class=\"elementor-toc__spinner-container\">\n\t\t\t\t<svg class=\"elementor-toc__spinner eicon-animation-spin e-font-icon-svg e-eicon-loading\" aria-hidden=\"true\" viewBox=\"0 0 1000 1000\" xmlns=\"http:\/\/www.w3.org\/2000\/svg\"><path d=\"M500 975V858C696 858 858 696 858 500S696 142 500 142 142 304 142 500H25C25 237 238 25 500 25S975 237 975 500 763 975 500 975Z\"><\/path><\/svg>\t\t\t<\/div>\n\t\t<\/div>\n\t\t\t\t\t\t<\/div>\n\t\t\t\t\t<\/div>\n\t\t<\/div>\n\t\t\t\t\t<\/div>\n\t\t<\/section>\n\t\t\t\t<\/div>\n\t\t\n<h2>Experiencia en la Ley de Accidentes de Bicicleta<\/h2>\n<p>En Florida Lawyers 360, nuestro equipo de abogados cuenta con una amplia experiencia en el campo de la ley de accidentes de bicicleta.<\/p>\n<p>Poseen un profundo conocimiento de los estatutos y reglamentos pertinentes que rigen los accidentes de bicicleta en la Florida, lo que les permite navegar por las complejidades jur\u00eddicas de cada caso con precisi\u00f3n y eficacia.<\/p>\n<p>Con su conocimiento especializado y experiencia, nuestros abogados est\u00e1n bien equipados para abogar en\u00e9rgicamente en nombre de nuestros clientes y buscar la m\u00e1xima compensaci\u00f3n por sus lesiones y p\u00e9rdidas.<\/p>\n<p><a href=\"https:\/\/floridalawyers360.com\/wp-content\/uploads\/2024\/02\/orlando-bicycle-acc3-copy.webp\"><img fetchpriority=\"high\" decoding=\"async\" class=\"alignnone size-full wp-image-2989\" src=\"https:\/\/floridalawyers360.com\/wp-content\/uploads\/2024\/02\/orlando-bicycle-acc3-copy.webp\" alt=\"bicycle on the side of a road after an accident\" width=\"500\" height=\"334\" srcset=\"https:\/\/floridalawyers360.com\/wp-content\/uploads\/2024\/02\/orlando-bicycle-acc3-copy.webp 500w, https:\/\/floridalawyers360.com\/wp-content\/uploads\/2024\/02\/orlando-bicycle-acc3-copy-300x200.webp 300w\" sizes=\"(max-width: 500px) 100vw, 500px\" \/><\/a><\/p>\n<h2>\u00bfQu\u00e9 hacer si usted est\u00e1 en un accidente de bicicleta?<\/h2>\n<p>Debido al clima, Florida tiene muchos ciclistas en las carreteras. Por desgracia, Florida es tambi\u00e9n el<a href=\"http:\/\/articles.orlandosentinel.com\/2012-08-11\/news\/os-bicycle-sidebar-20120811_1_deadliest-state-bike-lanes-death-toll\" target=\"_blank\" rel=\"noopener\"> estado m\u00e1s mort\u00edfero del pa\u00eds para los ciclistas<\/a>, probablemente en gran parte porque el ciclismo es una realidad durante todo el a\u00f1o.<\/p>\n<p>Estos son los pasos que debe seguir si usted est\u00e1 involucrado en un accidente de bicicleta:<\/p>\n<h3>Llame a la polic\u00eda<\/h3>\n<p>Llame siempre a la polic\u00eda despu\u00e9s de un accidente. Denuncie el accidente, aunque no crea que est\u00e1 herido o que su bicicleta ha sufrido da\u00f1os. Muchos ciclistas piensan que no se han lesionado inmediatamente despu\u00e9s de un accidente, pero luego el dolor aparece ese mismo d\u00eda, o incluso m\u00e1s adelante.<\/p>\n<p>A veces los da\u00f1os en una bicicleta no son evidentes a simple vista, y no lo ser\u00e1n hasta que la inspeccione el taller de bicicletas. Por eso debes denunciar todos los accidentes a la polic\u00eda, incluso los que afecten a las condiciones de la carretera (como baches), a perros o a objetos inanimados.<\/p>\n<h3>Escucha y recuerda<\/h3>\n<p>No s\u00f3lo debes escuchar atentamente lo que la otra parte te diga sobre su interpretaci\u00f3n de c\u00f3mo ocurri\u00f3 el accidente, sino hacer lo posible por memorizarlo.<\/p>\n<p>Puedes preguntar si puedes grabarlo en tu smartphone, o puedes tomar notas, pero es importante que memorices lo que te cuentan, por si la historia cambia m\u00e1s adelante.<\/p>\n<h3>No admitas la culpa<\/h3>\n<p>Como regla general, es mejor para cualquier persona en un accidente de mantener su propio comentario sobre el accidente a un di\u00e1logo interno en este momento. Cualquier cosa que digas puede y ser\u00e1 utilizada en tu contra en negociaciones posteriores, o en un juicio, as\u00ed que ten cuidado con lo que dices en la escena de un accidente.<\/p>\n<p>Disculparse por el accidente o aceptar verbalmente la culpa puede comprometer seriamente su recuperaci\u00f3n. No es posible que una evaluaci\u00f3n de la culpa se haga justo despu\u00e9s de un accidente, antes de que la escena y la secuencia de eventos hayan sido analizadas y revisadas a fondo.<\/p>\n<h3>Conserve las pruebas<\/h3>\n<p>Cualquiera que sea el estado de su moto, casco, ropa, iluminaci\u00f3n, piel y otros bienes afectados por el accidente deben ser preservados. Si no has resultado herido, puedes sentir la tentaci\u00f3n de ir directamente a la tienda de bicicletas para que te la arreglen.<\/p>\n<p>Si lo hace antes de hablar de su caso con un abogado, puede poner en peligro su capacidad de obtener una indemnizaci\u00f3n completa por los da\u00f1os sufridos.<\/p>\n<h3>Informe del accidente a su aseguradora<\/h3>\n<p>Aunque suene extra\u00f1o, si tienes un accidente de <a href=\"https:\/\/floridalawyers360.com\/tampa\/bicycle-accident-lawyer\/\">bicicleta<\/a>, debes informar a tu compa\u00f1\u00eda de seguros de coche lo antes posible. No es necesario que llame a la compa\u00f1\u00eda de seguros de la parte culpable; de eso se encargar\u00e1 su aseguradora o su abogado.<\/p>\n<p>Sin embargo, si tu accidente de bicicleta fue con un cami\u00f3n o un coche, puede que tengas derecho a algunas prestaciones de tu propia p\u00f3liza de seguro de coche.<\/p>\n<p><a href=\"https:\/\/floridalawyers360.com\/wp-content\/uploads\/2024\/02\/orlando-bicycle-acc1-copy.webp\"><img decoding=\"async\" class=\"alignnone size-full wp-image-2988\" src=\"https:\/\/floridalawyers360.com\/wp-content\/uploads\/2024\/02\/orlando-bicycle-acc1-copy.webp\" alt=\"Orlando Bicycle Accident Lawyer\" width=\"500\" height=\"334\" srcset=\"https:\/\/floridalawyers360.com\/wp-content\/uploads\/2024\/02\/orlando-bicycle-acc1-copy.webp 500w, https:\/\/floridalawyers360.com\/wp-content\/uploads\/2024\/02\/orlando-bicycle-acc1-copy-300x200.webp 300w\" sizes=\"(max-width: 500px) 100vw, 500px\" \/><\/a><\/p>\n<h3>Presente primero todas las facturas m\u00e9dicas a su propio seguro de autom\u00f3vil<\/h3>\n<p>Antes de presentar las facturas de la atenci\u00f3n hospitalaria o m\u00e9dica a su proveedor de seguro de salud para el pago, usted debe pedirles que primero presentar las facturas a su seguro de auto.<\/p>\n<p>La ley de Florida hace que el seguro de coche sea el principal, lo que significa que debe pagar todas las facturas m\u00e9dicas primero, hasta que se agote la cobertura, antes de que su seguro m\u00e9dico privado deba pagar. Su seguro de autom\u00f3vil est\u00e1 en el gancho para sus facturas m\u00e9dicas, incluso antes de la parte culpable, dada la ley de Florida sin culpa.<\/p>\n<p>Sin embargo, su proveedor de seguros de autom\u00f3viles no puede aumentar sus tasas porque usted estaba en un accidente que no fue su culpa. Su compa\u00f1\u00eda de seguros est\u00e1 obligada a pagar los beneficios bajo su cobertura PIP a cambio de las primas que usted paga, y es el primero en la fila.<\/p>\n<h3>Guarde toda la documentaci\u00f3n del accidente<\/h3>\n<p>Cualquier documentaci\u00f3n sobre el accidente que le proporcionen las fuerzas del orden, como un informe policial, una copia de la citaci\u00f3n emitida a la parte culpable o cualquier otra informaci\u00f3n, debe recogerla y entreg\u00e1rsela a su abogado si tiene uno.<\/p>\n<p>Si no tiene abogado, guarde los documentos para su uso posterior. La informaci\u00f3n suele contener datos importantes, como el nombre de la compa\u00f1\u00eda de seguros de la otra parte.<\/p>\n<h3>Documente sus lesiones f\u00edsicas<\/h3>\n<p>Es importante que crees y guardes documentaci\u00f3n en el lugar del accidente sobre tu estado f\u00edsico y tus lesiones. Aseg\u00farese de que hay un mont\u00f3n de fotograf\u00edas de su estado f\u00edsico, contusiones, erupciones en la carretera, cortes y otras lesiones f\u00edsicas.<\/p>\n<p>Si tienes que usar muletas, llevar una escayola o utilizar alguna otra tecnolog\u00eda de asistencia, hazte fotografiar us\u00e1ndolas y guarda las fotograf\u00edas como prueba.<\/p>\n<p>En el momento en que sus lesiones sean graves, debe llevar un diario de todos los dolores y molestias que experimenta y de las actividades que no puede realizar, ya que no recordar\u00e1 estos detalles dentro de un a\u00f1o, o incluso dentro de seis meses.<\/p>\n<h3>Fotograf\u00ede el lugar del accidente<\/h3>\n<p>Tome numerosas fotograf\u00edas y grabe en v\u00eddeo, si puede, el lugar donde se produjo el accidente, aunque la carretera no parezca haber sufrido un accidente.<\/p>\n<p>Para cuando su caso llegue a juicio, si es necesario, puede que haya nuevas se\u00f1ales, que la carretera haya sido repavimentada y que ya no existan otras condiciones que pudieran estar relacionadas con su accidente. Es importante documentar la escena del accidente antes de que cambie.<\/p>\n<p>Cualquier escombro o marca de derrape que haya quedado como consecuencia del accidente debe fotografiarse con detenimiento y, si es posible, colocar una moneda en la fotograf\u00eda o alg\u00fan otro objeto peque\u00f1o para proporcionar una sensaci\u00f3n de escala.<\/p>\n<h3>No ignore una citaci\u00f3n de tr\u00e1fico que le hayan puesto<\/h3>\n<p>Si recibe una citaci\u00f3n en la escena de su accidente, no debe ignorarla. Eso no significa que usted tiene que seguir adelante y pagar, y si la culpa es un problema en su accidente, es probable que deba impugnar la multa.<\/p>\n<h3>Consulte a un abogado de accidentes de bicicleta<\/h3>\n<p>Los accidentes de bicicleta pueden ser graves, con ramificaciones en los tribunales penales, tribunales de tr\u00e1fico y tribunales civiles. Hay plazos comprimidos en los que las multas deben ser abordados, o sus derechos pueden verse comprometidos.<\/p>\n<p>Usted debe, como m\u00ednimo, tener una consulta con un <a href=\"\/orlando\/car-accident-lawyer\/\">abogado<\/a> que maneja las reclamaciones de accidentes de bicicleta con regularidad. La mayor\u00eda de las consultas iniciales para asuntos como este pueden ser gratuitas, y despu\u00e9s de esa consulta usted estar\u00e1 en una mejor posici\u00f3n para determinar si necesita o no un abogado que le represente.<\/p>\n<p>Al igual que en los accidentes entre dos veh\u00edculos, cuanto m\u00e1s complejas y graves sean las lesiones, m\u00e1s probable es que deba contratar a un abogado.<\/p>\n<p><a href=\"https:\/\/floridalawyers360.com\/wp-content\/uploads\/2024\/03\/Orlando-Bicycle-Accident-Infographic-copy.webp\"><img decoding=\"async\" class=\"alignnone size-full wp-image-4807\" src=\"https:\/\/floridalawyers360.com\/wp-content\/uploads\/2024\/03\/Orlando-Bicycle-Accident-Infographic-copy.webp\" alt=\"Orlando Bicycle Accident Lawyer\" width=\"800\" height=\"2001\" srcset=\"https:\/\/floridalawyers360.com\/wp-content\/uploads\/2024\/03\/Orlando-Bicycle-Accident-Infographic-copy.webp 800w, https:\/\/floridalawyers360.com\/wp-content\/uploads\/2024\/03\/Orlando-Bicycle-Accident-Infographic-copy-120x300.webp 120w, https:\/\/floridalawyers360.com\/wp-content\/uploads\/2024\/03\/Orlando-Bicycle-Accident-Infographic-copy-409x1024.webp 409w, https:\/\/floridalawyers360.com\/wp-content\/uploads\/2024\/03\/Orlando-Bicycle-Accident-Infographic-copy-768x1921.webp 768w, https:\/\/floridalawyers360.com\/wp-content\/uploads\/2024\/03\/Orlando-Bicycle-Accident-Infographic-copy-614x1536.webp 614w\" sizes=\"(max-width: 800px) 100vw, 800px\" \/><\/a><\/p>\n<h2>Investigaci\u00f3n Minuciosa y Defensa<\/h2>\n<p>En Florida Lawyers 360, creemos en no dejar piedra sin mover cuando se trata de abogar por nuestros clientes.<\/p>\n<p>Nuestros abogados llevan a cabo investigaciones exhaustivas sobre las circunstancias que rodean cada accidente de bicicleta, la recopilaci\u00f3n de pruebas, entrevistando a testigos, y consultar con expertos, seg\u00fan sea necesario para construir casos fuertes y convincentes en nombre de nuestros clientes.<\/p>\n<p>Estamos comprometidos a responsabilizar a las partes negligentes por sus acciones y luchar incansablemente para asegurar la justicia y la compensaci\u00f3n que nuestros clientes merecen.<\/p>\n<h2>Comunicaci\u00f3n y apoyo transparentes<\/h2>\n<p>Entendemos que navegar por el proceso legal puede ser desalentador, especialmente para las personas que est\u00e1n lidiando con las secuelas f\u00edsicas, emocionales y financieras de un accidente de bicicleta.<\/p>\n<p>Es por eso que, en Florida Lawyers 360, damos prioridad a la comunicaci\u00f3n transparente y el apoyo continuo a nuestros clientes.<\/p>\n<p>Nuestros abogados mantienen a nuestros clientes informados e involucrados en cada etapa de sus casos, proporcionando actualizaciones peri\u00f3dicas, respondiendo preguntas y ofreciendo orientaci\u00f3n y tranquilidad a lo largo del camino.<\/p>\n<p>Estamos dedicados a asegurar que nuestros clientes se sientan capacitados y apoyados durante todo el proceso legal, desde la consulta inicial hasta la resoluci\u00f3n del caso.<\/p>\n<h2>Contacte a Florida Lawyers 360 Abogados de Accidentes de Bicicleta<\/h2>\n<p>Florida Lawyers 360 se erige como un faro de esperanza y apoyo para las v\u00edctimas de accidentes de bicicleta en Orlando, FL. Con su experiencia legal sin igual, enfoque personalizado, y la dedicaci\u00f3n inquebrantable a la justicia, se han ganado una reputaci\u00f3n como defensores de confianza para aquellos que lo necesitan.<\/p>\n<p>Ya sea navegando por las complejidades del sistema legal o luchando incansablemente por una compensaci\u00f3n justa, el equipo de Florida Lawyers 360 se compromete a asegurar el mejor resultado posible para todos y cada uno de los clientes que atienden.<\/p>\n<p><a href=\"\/contact\/\">P\u00f3ngase en contacto con<\/a> nuestro equipo legal a <a href=\"tel:+19544487355\"><i class=\"fa fa-phone-alt\"><\/i>954-448-7355<\/a> para su evaluaci\u00f3n inicial del caso sin costo alguno.<\/p>\n","protected":false},"excerpt":{"rendered":"<p>Florida Lawyers 360 es un distinguido bufete de abogados con sede en Orlando, FL, especializado en casos de lesiones personales, en particular los relacionados con accidentes de bicicleta. Con un fuerte compromiso con la justicia y un historial de \u00e9xito en la defensa, la firma se ha ganado una reputaci\u00f3n como un recurso de confianza [&hellip;]<\/p>\n","protected":false},"author":22,"featured_media":0,"parent":5930,"menu_order":0,"comment_status":"closed","ping_status":"closed","template":"","meta":{"_acf_changed":false,"anchor_text":"","footnotes":""},"categories":[],"tags":[],"class_list":["post-5934","page","type-page","status-publish","hentry"],"acf":[],"_links":{"self":[{"href":"https:\/\/floridalawyers360.com\/es\/wp-json\/wp\/v2\/pages\/5934","targetHints":{"allow":["GET"]}}],"collection":[{"href":"https:\/\/floridalawyers360.com\/es\/wp-json\/wp\/v2\/pages"}],"about":[{"href":"https:\/\/floridalawyers360.com\/es\/wp-json\/wp\/v2\/types\/page"}],"author":[{"embeddable":true,"href":"https:\/\/floridalawyers360.com\/es\/wp-json\/wp\/v2\/users\/22"}],"replies":[{"embeddable":true,"href":"https:\/\/floridalawyers360.com\/es\/wp-json\/wp\/v2\/comments?post=5934"}],"version-history":[{"count":5,"href":"https:\/\/floridalawyers360.com\/es\/wp-json\/wp\/v2\/pages\/5934\/revisions"}],"predecessor-version":[{"id":6275,"href":"https:\/\/floridalawyers360.com\/es\/wp-json\/wp\/v2\/pages\/5934\/revisions\/6275"}],"up":[{"embeddable":true,"href":"https:\/\/floridalawyers360.com\/es\/wp-json\/wp\/v2\/pages\/5930"}],"wp:attachment":[{"href":"https:\/\/floridalawyers360.com\/es\/wp-json\/wp\/v2\/media?parent=5934"}],"wp:term":[{"taxonomy":"category","embeddable":true,"href":"https:\/\/floridalawyers360.com\/es\/wp-json\/wp\/v2\/categories?post=5934"},{"taxonomy":"post_tag","embeddable":true,"href":"https:\/\/floridalawyers360.com\/es\/wp-json\/wp\/v2\/tags?post=5934"}],"curies":[{"name":"wp","href":"https:\/\/api.w.org\/{rel}","templated":true}]}}