{"id":5930,"date":"2024-02-08T11:39:27","date_gmt":"2024-02-08T16:39:27","guid":{"rendered":"https:\/\/floridalawyers360.com\/orlando\/"},"modified":"2024-03-13T05:40:10","modified_gmt":"2024-03-13T10:40:10","slug":"orlando","status":"publish","type":"page","link":"https:\/\/floridalawyers360.com\/es\/orlando\/","title":{"rendered":"Orlando"},"content":{"rendered":"<p>\u00bfSe ha lesionado en un accidente de tr\u00e1fico, laboral o por un resbal\u00f3n en Orlando? Florida Lawyers 360 est\u00e1 aqu\u00ed para ayudar. Nuestro equipo legal le tratar\u00e1 como una persona, no como un n\u00famero, y estamos comprometidos a obtener los mejores resultados para usted y su familia.<\/p>\n<p>Hemos ganado millones de d\u00f3lares en nombre de nuestros clientes. Perm\u00edtanos centrarnos en luchar contra la compa\u00f1\u00eda de seguros para que usted pueda centrarse en mejorar. Puede ponerse en contacto con nosotros en cualquier momento 24\/7 para una consulta gratuita.<\/p>\n","protected":false},"excerpt":{"rendered":"<p>\u00bfSe ha lesionado en un accidente de tr\u00e1fico, laboral o por un resbal\u00f3n en Orlando? Florida Lawyers 360 est\u00e1 aqu\u00ed para ayudar. Nuestro equipo legal le tratar\u00e1 como una persona, no como un n\u00famero, y estamos comprometidos a obtener los mejores resultados para usted y su familia. Hemos ganado millones de d\u00f3lares en nombre de [&hellip;]<\/p>\n","protected":false},"author":22,"featured_media":3461,"parent":0,"menu_order":0,"comment_status":"closed","ping_status":"closed","template":"","meta":{"_acf_changed":false,"anchor_text":"","footnotes":""},"categories":[],"tags":[],"class_list":["post-5930","page","type-page","status-publish","has-post-thumbnail","hentry"],"acf":[],"_links":{"self":[{"href":"https:\/\/floridalawyers360.com\/es\/wp-json\/wp\/v2\/pages\/5930","targetHints":{"allow":["GET"]}}],"collection":[{"href":"https:\/\/floridalawyers360.com\/es\/wp-json\/wp\/v2\/pages"}],"about":[{"href":"https:\/\/floridalawyers360.com\/es\/wp-json\/wp\/v2\/types\/page"}],"author":[{"embeddable":true,"href":"https:\/\/floridalawyers360.com\/es\/wp-json\/wp\/v2\/users\/22"}],"replies":[{"embeddable":true,"href":"https:\/\/floridalawyers360.com\/es\/wp-json\/wp\/v2\/comments?post=5930"}],"version-history":[{"count":2,"href":"https:\/\/floridalawyers360.com\/es\/wp-json\/wp\/v2\/pages\/5930\/revisions"}],"predecessor-version":[{"id":5933,"href":"https:\/\/floridalawyers360.com\/es\/wp-json\/wp\/v2\/pages\/5930\/revisions\/5933"}],"wp:featuredmedia":[{"embeddable":true,"href":"https:\/\/floridalawyers360.com\/es\/wp-json\/wp\/v2\/media\/3461"}],"wp:attachment":[{"href":"https:\/\/floridalawyers360.com\/es\/wp-json\/wp\/v2\/media?parent=5930"}],"wp:term":[{"taxonomy":"category","embeddable":true,"href":"https:\/\/floridalawyers360.com\/es\/wp-json\/wp\/v2\/categories?post=5930"},{"taxonomy":"post_tag","embeddable":true,"href":"https:\/\/floridalawyers360.com\/es\/wp-json\/wp\/v2\/tags?post=5930"}],"curies":[{"name":"wp","href":"https:\/\/api.w.org\/{rel}","templated":true}]}}