{"id":5926,"date":"2024-02-14T09:38:21","date_gmt":"2024-02-14T14:38:21","guid":{"rendered":"https:\/\/floridalawyers360.com\/melbourne\/workers-compensation-claim-process-in-melbourne-fl\/"},"modified":"2024-03-13T05:25:07","modified_gmt":"2024-03-13T10:25:07","slug":"proceso-de-reclamacion-de-indemnizacion-por-accidente-laboral-en-melbourne","status":"publish","type":"page","link":"https:\/\/floridalawyers360.com\/es\/melbourne\/proceso-de-reclamacion-de-indemnizacion-por-accidente-laboral-en-melbourne\/","title":{"rendered":"Proceso de reclamaci\u00f3n de indemnizaci\u00f3n por accidente laboral en Melbourne"},"content":{"rendered":"<p>Tener preguntas acerca de su proceso de reclamaci\u00f3n de indemnizaci\u00f3n de los trabajadores en Melbourne es comprensible dada su redacci\u00f3n confusa y cambiantes reglamentos.<\/p>\n<p>Es posible que se pregunte si su lesi\u00f3n estar\u00e1 cubierta o c\u00f3mo iniciar el proceso de presentaci\u00f3n. Estamos aqu\u00ed para proporcionarle algunas respuestas sencillas a estas preguntas importantes.<\/p>\n<p>Los abogados de compensaci\u00f3n de trabajadores que trabajan en la Coalici\u00f3n de Abogados de Compensaci\u00f3n de Trabajadores de la Florida tienen mucha experiencia representando a clientes como usted. Nos mantenemos al d\u00eda con la creciente lista de estatutos utilizados para determinar la elegibilidad y los montos de los beneficios.<\/p>\n<p>Y estamos m\u00e1s que felices de compartir lo que sabemos para ayudar a nuestros clientes a recibir compensaci\u00f3n.<\/p>\n<p>Si usted se encuentra en una situaci\u00f3n en la que el proveedor de seguros no quiere proporcionar una indemnizaci\u00f3n por su lesi\u00f3n, entonces le aconsejamos ponerse en contacto con nuestro equipo legal de inmediato. Ll\u00e1menos cuando lo necesite al <a href=\"tel:+19544487355\"><i class=\"fa fa-phone-alt\"><\/i>954-448-7355<\/a> para una revisi\u00f3n gratuita de su reclamaci\u00f3n.<\/p>\n\t\t<div data-elementor-type=\"section\" data-elementor-id=\"208\" class=\"elementor elementor-208\" data-elementor-post-type=\"elementor_library\">\n\t\t\t\t\t<section class=\"elementor-section elementor-top-section elementor-element elementor-element-485e576a elementor-section-boxed elementor-section-height-default elementor-section-height-default\" data-id=\"485e576a\" data-element_type=\"section\" data-e-type=\"section\">\n\t\t\t\t\t\t<div class=\"elementor-container elementor-column-gap-default\">\n\t\t\t\t\t<div class=\"elementor-column elementor-col-100 elementor-top-column elementor-element elementor-element-635c38c0\" data-id=\"635c38c0\" data-element_type=\"column\" data-e-type=\"column\">\n\t\t\t<div class=\"elementor-widget-wrap elementor-element-populated\">\n\t\t\t\t\t\t<div class=\"elementor-element elementor-element-3ba95c8a elementor-toc--minimized-on-tablet elementor-widget elementor-widget-table-of-contents\" data-id=\"3ba95c8a\" data-element_type=\"widget\" data-e-type=\"widget\" data-settings=\"{&quot;exclude_headings_by_selector&quot;:&quot;.toc-remove&quot;,&quot;headings_by_tags&quot;:[&quot;h2&quot;,&quot;h3&quot;],&quot;marker_view&quot;:&quot;numbers&quot;,&quot;no_headings_message&quot;:&quot;No se ha encontrado ning\\u00fan encabezado en esta p\\u00e1gina.&quot;,&quot;minimize_box&quot;:&quot;yes&quot;,&quot;minimized_on&quot;:&quot;tablet&quot;,&quot;hierarchical_view&quot;:&quot;yes&quot;,&quot;min_height&quot;:{&quot;unit&quot;:&quot;px&quot;,&quot;size&quot;:&quot;&quot;,&quot;sizes&quot;:[]},&quot;min_height_tablet&quot;:{&quot;unit&quot;:&quot;px&quot;,&quot;size&quot;:&quot;&quot;,&quot;sizes&quot;:[]},&quot;min_height_mobile&quot;:{&quot;unit&quot;:&quot;px&quot;,&quot;size&quot;:&quot;&quot;,&quot;sizes&quot;:[]}}\" data-widget_type=\"table-of-contents.default\">\n\t\t\t\t\t\t\t\t\t<div class=\"elementor-toc__header\">\n\t\t\t\t\t\t<div class=\"elementor-toc__header-title\">\n\t\t\t\tTable of Contents\t\t\t<\/div>\n\t\t\t\t\t\t\t\t\t\t<div class=\"elementor-toc__toggle-button elementor-toc__toggle-button--expand\" role=\"button\" tabindex=\"0\" aria-controls=\"elementor-toc__3ba95c8a\" aria-expanded=\"true\" aria-label=\"Abrir la tabla de contenidos\"><svg aria-hidden=\"true\" class=\"e-font-icon-svg e-fas-chevron-down\" viewBox=\"0 0 448 512\" xmlns=\"http:\/\/www.w3.org\/2000\/svg\"><path d=\"M207.029 381.476L12.686 187.132c-9.373-9.373-9.373-24.569 0-33.941l22.667-22.667c9.357-9.357 24.522-9.375 33.901-.04L224 284.505l154.745-154.021c9.379-9.335 24.544-9.317 33.901.04l22.667 22.667c9.373 9.373 9.373 24.569 0 33.941L240.971 381.476c-9.373 9.372-24.569 9.372-33.942 0z\"><\/path><\/svg><\/div>\n\t\t\t\t<div class=\"elementor-toc__toggle-button elementor-toc__toggle-button--collapse\" role=\"button\" tabindex=\"0\" aria-controls=\"elementor-toc__3ba95c8a\" aria-expanded=\"true\" aria-label=\"Cerrar la tabla de contenidos\"><svg aria-hidden=\"true\" class=\"e-font-icon-svg e-fas-chevron-up\" viewBox=\"0 0 448 512\" xmlns=\"http:\/\/www.w3.org\/2000\/svg\"><path d=\"M240.971 130.524l194.343 194.343c9.373 9.373 9.373 24.569 0 33.941l-22.667 22.667c-9.357 9.357-24.522 9.375-33.901.04L224 227.495 69.255 381.516c-9.379 9.335-24.544 9.317-33.901-.04l-22.667-22.667c-9.373-9.373-9.373-24.569 0-33.941L207.03 130.525c9.372-9.373 24.568-9.373 33.941-.001z\"><\/path><\/svg><\/div>\n\t\t\t\t\t<\/div>\n\t\t\t\t<div id=\"elementor-toc__3ba95c8a\" class=\"elementor-toc__body\">\n\t\t\t<div class=\"elementor-toc__spinner-container\">\n\t\t\t\t<svg class=\"elementor-toc__spinner eicon-animation-spin e-font-icon-svg e-eicon-loading\" aria-hidden=\"true\" viewBox=\"0 0 1000 1000\" xmlns=\"http:\/\/www.w3.org\/2000\/svg\"><path d=\"M500 975V858C696 858 858 696 858 500S696 142 500 142 142 304 142 500H25C25 237 238 25 500 25S975 237 975 500 763 975 500 975Z\"><\/path><\/svg>\t\t\t<\/div>\n\t\t<\/div>\n\t\t\t\t\t\t<\/div>\n\t\t\t\t\t<\/div>\n\t\t<\/div>\n\t\t\t\t\t<\/div>\n\t\t<\/section>\n\t\t\t\t<\/div>\n\t\t\n<h2>\u00bfC\u00f3mo puedo saber si mi lesi\u00f3n estar\u00e1 cubierta por una indemnizaci\u00f3n por accidente laboral?<\/h2>\n<p>Muchos proveedores de seguros har\u00e1n todo lo posible para encontrar excepciones y lagunas que impiden a los empleados de recibir sus beneficios completos. Menos beneficios para usted significa menos dinero tomado de sus negocios.<\/p>\n<p>Pero s\u00f3lo porque un proveedor de seguros dice que usted no es elegible no significa que usted debe creerles.<\/p>\n<p>En cambio, significa que usted debe ponerse en contacto con un abogado de compensaci\u00f3n de trabajadores para revisar su caso. Vamos a trabajar con usted para averiguar si usted realmente califica y luego luchar por sus derechos como ciudadano de la Florida.<\/p>\n<p>Ayuda a tener una comprensi\u00f3n b\u00e1sica de las directrices de compensaci\u00f3n de trabajadores y lo que se necesita para recibir cobertura. Usted puede utilizar estas directrices b\u00e1sicas para determinar por s\u00ed mismo si usted es elegible para recibir beneficios.<\/p>\n<p>Las siguientes lesiones relacionadas con el trabajo est\u00e1n cubiertas por las p\u00f3lizas de compensaci\u00f3n de trabajadores de Florida:<\/p>\n<ul>\n<li>Cualquier enfermedad o lesi\u00f3n que sea el resultado de una acci\u00f3n repetitiva<\/li>\n<li>Cualquier lesi\u00f3n derivada del manejo de maquinaria<\/li>\n<li>Agravaci\u00f3n o aceleraci\u00f3n de una enfermedad preexistente.<\/li>\n<li>Cualquier lesi\u00f3n provocada por un resbal\u00f3n, tropiezo o ca\u00edda.<\/li>\n<li>Cualquier lesi\u00f3n causada por un accidente de tr\u00e1fico durante el desempe\u00f1o de su trabajo<\/li>\n<li>Cualquier enfermedad causada por la exposici\u00f3n a productos qu\u00edmicos, materiales, humos o moho peligrosos.<\/li>\n<\/ul>\n<p>&nbsp;<\/p>\n<p><a href=\"https:\/\/floridalawyers360.com\/wp-content\/uploads\/2024\/03\/melbourne-wc-claim1-copy.webp\"><img fetchpriority=\"high\" decoding=\"async\" class=\"alignnone size-full wp-image-3298\" src=\"https:\/\/floridalawyers360.com\/wp-content\/uploads\/2024\/03\/melbourne-wc-claim1-copy.webp\" alt=\"Injured worker filing a workers' compensation claim\" width=\"500\" height=\"334\" srcset=\"https:\/\/floridalawyers360.com\/wp-content\/uploads\/2024\/03\/melbourne-wc-claim1-copy.webp 500w, https:\/\/floridalawyers360.com\/wp-content\/uploads\/2024\/03\/melbourne-wc-claim1-copy-300x200.webp 300w\" sizes=\"(max-width: 500px) 100vw, 500px\" \/><\/a><\/p>\n<p>Florida es considerablemente m\u00e1s indulgente que muchos otros estados a la hora de determinar si un accidente puede estar cubierto por la compensaci\u00f3n de los trabajadores. Por ejemplo, la lesi\u00f3n no tiene que ser necesariamente el resultado de un accidente imprevisto.<\/p>\n<p>Las lesiones causadas por movimientos repetitivos y estr\u00e9s est\u00e1n cubiertas aunque formen parte de su rutina laboral normal. Hay algunos casos en los que siempre se denegar\u00e1 una reclamaci\u00f3n.<\/p>\n<p>Son los siguientes:<\/p>\n<ul>\n<li>Cualquier lesi\u00f3n en la que m\u00e1s del 50 por ciento de la misma se haya producido fuera del trabajo<\/li>\n<li>Cualquier lesi\u00f3n autoinfligida u obtenida intencionadamente para recibir una indemnizaci\u00f3n por accidente de trabajo<\/li>\n<li>Cualquier lesi\u00f3n que se haya producido en estado de embriaguez o bajo la influencia de drogas<\/li>\n<li>Cualquier lesi\u00f3n que se produzca porque el empleado se neg\u00f3 a seguir los protocolos de seguridad conocidos o cuando el equipo de seguridad disponible<\/li>\n<\/ul>\n<h2>\u00bfCu\u00e1nto tiempo tiene para presentar una reclamaci\u00f3n de indemnizaci\u00f3n por accidente laboral en Florida?<\/h2>\n<p>Es imperativo que usted comience el proceso de presentaci\u00f3n tan pronto como sea posible. Su empleador, un supervisor, un agente de Recursos Humanos debe ser notificado de su lesi\u00f3n inmediatamente. Tiene 30 d\u00edas desde el momento de la lesi\u00f3n para informar a su empleador.<\/p>\n<p>Si no informa de la lesi\u00f3n en ese plazo, se le denegar\u00e1n las prestaciones.<\/p>\n<p>La solicitud de indemnizaci\u00f3n por accidente de trabajo, tambi\u00e9n conocida como petici\u00f3n de prestaciones, debe presentarse en un plazo de dos a\u00f1os a partir de la lesi\u00f3n o no podr\u00e1 seguir adelante con la solicitud.<\/p>\n<p><a href=\"https:\/\/floridalawyers360.com\/wp-content\/uploads\/2024\/03\/melbourne-wc-claim2-copy.webp\"><img decoding=\"async\" class=\"alignnone size-full wp-image-3297\" src=\"https:\/\/floridalawyers360.com\/wp-content\/uploads\/2024\/03\/melbourne-wc-claim2-copy.webp\" alt=\"Workers' compensation claims have a deadline you must meet\" width=\"500\" height=\"334\" srcset=\"https:\/\/floridalawyers360.com\/wp-content\/uploads\/2024\/03\/melbourne-wc-claim2-copy.webp 500w, https:\/\/floridalawyers360.com\/wp-content\/uploads\/2024\/03\/melbourne-wc-claim2-copy-300x200.webp 300w\" sizes=\"(max-width: 500px) 100vw, 500px\" \/><\/a><\/p>\n<h2>\u00bfC\u00f3mo presentar una reclamaci\u00f3n de indemnizaci\u00f3n por accidente laboral en Florida?<\/h2>\n<p>Presentar una reclamaci\u00f3n de indemnizaci\u00f3n por accidente laboral no tiene por qu\u00e9 ser un proceso complejo. Las lesiones menores con peque\u00f1os pagos a menudo se manejan con rapidez por ambas partes. Son las reclamaciones m\u00e1s grandes con lesiones graves las que tienden a retrasarse con obst\u00e1culos legales.<\/p>\n<p>Aqu\u00ed est\u00e1 el proceso est\u00e1ndar para la presentaci\u00f3n de una reclamaci\u00f3n de compensaci\u00f3n de trabajadores en la Florida.<\/p>\n<h3>Informe de la lesi\u00f3n<\/h3>\n<p>Recuerde, usted tiene s\u00f3lo 30 d\u00edas desde el momento de la lesi\u00f3n para presentar un informe con su empleador. No le sugerimos que espere tanto tiempo. Cuanto antes presente su informe, antes podr\u00e1 seguir adelante con la recepci\u00f3n de sus beneficios.<\/p>\n<p>Es probable que quiera disponer de ellas lo antes posible para cubrir las pr\u00f3ximas facturas m\u00e9dicas.<\/p>\n<p>Si la lesi\u00f3n no requiere atenci\u00f3n de emergencia, entonces t\u00f3mese el tiempo para averiguar qu\u00e9 proveedores m\u00e9dicos est\u00e1n cubiertos por la p\u00f3liza de seguro de compensaci\u00f3n de trabajadores de su empresa. La p\u00f3liza de seguro s\u00f3lo cubrir\u00e1 la asistencia sanitaria que se reciba de un proveedor autorizado.<\/p>\n<p>Por supuesto, en situaciones de emergencia, no podr\u00e1 esperar a recibir esta informaci\u00f3n.<\/p>\n<h3>La lesi\u00f3n es reportada por el empleador<\/h3>\n<p>El empresario presenta el primer parte de lesiones en un plazo de siete d\u00edas a partir de la recepci\u00f3n de la notificaci\u00f3n de la lesi\u00f3n. El empresario presenta el parte a su compa\u00f1\u00eda de seguros, que le enviar\u00e1 un paquete informativo en un plazo de tres d\u00edas.<\/p>\n<p>Ese paquete contendr\u00e1 su copia del informe, as\u00ed como informaci\u00f3n legal adicional.<\/p>\n<p><a href=\"https:\/\/floridalawyers360.com\/wp-content\/uploads\/2024\/03\/melbourne-wc-claim3-copy.webp\"><img decoding=\"async\" class=\"alignnone size-full wp-image-3296\" src=\"https:\/\/floridalawyers360.com\/wp-content\/uploads\/2024\/03\/melbourne-wc-claim3-copy.webp\" alt=\"Melbourne Workers' Compensation Claim\" width=\"500\" height=\"334\" srcset=\"https:\/\/floridalawyers360.com\/wp-content\/uploads\/2024\/03\/melbourne-wc-claim3-copy.webp 500w, https:\/\/floridalawyers360.com\/wp-content\/uploads\/2024\/03\/melbourne-wc-claim3-copy-300x200.webp 300w\" sizes=\"(max-width: 500px) 100vw, 500px\" \/><\/a><\/p>\n<h3>Solicitud aceptada o denegada<\/h3>\n<p>Si el proceso se desarrolla sin contratiempos, la aseguradora aceptar\u00e1 la solicitud y usted recibir\u00e1 el primer cheque de prestaciones en un plazo de 21 d\u00edas. La cuant\u00eda del cheque depende de la gravedad de la lesi\u00f3n.<\/p>\n<p>Durante este plazo, las lesiones pueden clasificarse como Incapacidad Temporal Parcial (TPD) o Incapacidad Temporal Total (TTD).<\/p>\n<p>La cuant\u00eda se calcula como un porcentaje del salario semanal medio de las 13 semanas anteriores al accidente, con un m\u00e1ximo semanal que se establece anualmente.<\/p>\n<p>Un proveedor de seguros puede esperar hasta 120 d\u00edas para declarar que ha denegado una reclamaci\u00f3n. Ahora puede empezar el tedioso trabajo de impugnar la reclamaci\u00f3n y presentar peticiones ante la Oficina de Jueces de Reclamaciones de Indemnizaci\u00f3n.<\/p>\n<p>Es en este punto que usted querr\u00e1 ponerse en contacto con nuestras oficinas de abogados. Trabajaremos con usted para asegurar que las pruebas correctas sean recopiladas y est\u00e9n disponibles en todo momento.<\/p>\n<h2>Llame hoy para obtener ayuda con el proceso de reclamaci\u00f3n de compensaci\u00f3n de trabajadores en Melbourne<\/h2>\n<p>Esperamos que su reclamo de compensaci\u00f3n de trabajadores de Florida se desarrolle sin problemas. Pero sepa que estamos aqu\u00ed para luchar por sus derechos en cualquier escenario.<\/p>\n<p>Usted debe esperar que sus beneficios comiencen a llegar en el plazo de un mes si el proveedor de seguros no tiene intenci\u00f3n de disputar o negar la reclamaci\u00f3n. Si tarda m\u00e1s, entonces es un buen indicador de que van a resistirse a hacer los pagos.<\/p>\n<p>Si usted est\u00e1 preocupado acerca de su reclamo o la elegibilidad de su lesi\u00f3n, entonces llame a nuestros abogados expertos en compensaci\u00f3n de trabajadores en la Coalici\u00f3n de Abogados de Compensaci\u00f3n de Trabajadores de la Florida hoy llamando al <a href=\"tel:+19544487355\"><i class=\"fa fa-phone-alt\"><\/i>954-448-7355<\/a>.<\/p>\n","protected":false},"excerpt":{"rendered":"<p>Tener preguntas acerca de su proceso de reclamaci\u00f3n de indemnizaci\u00f3n de los trabajadores en Melbourne es comprensible dada su redacci\u00f3n confusa y cambiantes reglamentos. Es posible que se pregunte si su lesi\u00f3n estar\u00e1 cubierta o c\u00f3mo iniciar el proceso de presentaci\u00f3n. Estamos aqu\u00ed para proporcionarle algunas respuestas sencillas a estas preguntas importantes. Los abogados de [&hellip;]<\/p>\n","protected":false},"author":22,"featured_media":0,"parent":5904,"menu_order":0,"comment_status":"closed","ping_status":"closed","template":"","meta":{"_acf_changed":false,"anchor_text":"","footnotes":""},"categories":[],"tags":[],"class_list":["post-5926","page","type-page","status-publish","hentry"],"acf":[],"_links":{"self":[{"href":"https:\/\/floridalawyers360.com\/es\/wp-json\/wp\/v2\/pages\/5926","targetHints":{"allow":["GET"]}}],"collection":[{"href":"https:\/\/floridalawyers360.com\/es\/wp-json\/wp\/v2\/pages"}],"about":[{"href":"https:\/\/floridalawyers360.com\/es\/wp-json\/wp\/v2\/types\/page"}],"author":[{"embeddable":true,"href":"https:\/\/floridalawyers360.com\/es\/wp-json\/wp\/v2\/users\/22"}],"replies":[{"embeddable":true,"href":"https:\/\/floridalawyers360.com\/es\/wp-json\/wp\/v2\/comments?post=5926"}],"version-history":[{"count":3,"href":"https:\/\/floridalawyers360.com\/es\/wp-json\/wp\/v2\/pages\/5926\/revisions"}],"predecessor-version":[{"id":5929,"href":"https:\/\/floridalawyers360.com\/es\/wp-json\/wp\/v2\/pages\/5926\/revisions\/5929"}],"up":[{"embeddable":true,"href":"https:\/\/floridalawyers360.com\/es\/wp-json\/wp\/v2\/pages\/5904"}],"wp:attachment":[{"href":"https:\/\/floridalawyers360.com\/es\/wp-json\/wp\/v2\/media?parent=5926"}],"wp:term":[{"taxonomy":"category","embeddable":true,"href":"https:\/\/floridalawyers360.com\/es\/wp-json\/wp\/v2\/categories?post=5926"},{"taxonomy":"post_tag","embeddable":true,"href":"https:\/\/floridalawyers360.com\/es\/wp-json\/wp\/v2\/tags?post=5926"}],"curies":[{"name":"wp","href":"https:\/\/api.w.org\/{rel}","templated":true}]}}