{"id":5922,"date":"2024-02-14T09:39:17","date_gmt":"2024-02-14T14:39:17","guid":{"rendered":"https:\/\/floridalawyers360.com\/melbourne\/workers-compensation-benefits-in-melbourne-fl\/"},"modified":"2024-03-13T05:18:07","modified_gmt":"2024-03-13T10:18:07","slug":"prestaciones-por-accidentes-de-trabajo-en-melbourne","status":"publish","type":"page","link":"https:\/\/floridalawyers360.com\/es\/melbourne\/prestaciones-por-accidentes-de-trabajo-en-melbourne\/","title":{"rendered":"Prestaciones por accidentes de trabajo en Melbourne"},"content":{"rendered":"<p>Las lesiones pueden tener un impacto significativo en la capacidad de alguien para hacer su trabajo y ganar un salario. Si usted ha sufrido una lesi\u00f3n relacionada con el trabajo, usted puede calificar para beneficios de compensaci\u00f3n de trabajadores en Melbourne.<\/p>\n<p>Nuestros experimentados abogados de compensaci\u00f3n de trabajadores son expertos en conseguirle la compensaci\u00f3n que se merece.<\/p>\n<div class=\"embed-container\"><iframe src=\"https:\/\/www.youtube.com\/embed\/F_bhPvcE9lw\" frameborder=\"0\" allowfullscreen=\"allowfullscreen\"><\/iframe><\/div>\n<p>Coalici\u00f3n de Abogados de Compensaci\u00f3n de Trabajadores de la Florida puede ayudarle a averiguar si usted cumple con los est\u00e1ndares para los beneficios y luchar\u00e1 para asegurarse de que usted es capaz de acceder a cualquier y todos los beneficios que se le debe.<\/p>\n\t\t<div data-elementor-type=\"section\" data-elementor-id=\"208\" class=\"elementor elementor-208\" data-elementor-post-type=\"elementor_library\">\n\t\t\t\t\t<section class=\"elementor-section elementor-top-section elementor-element elementor-element-485e576a elementor-section-boxed elementor-section-height-default elementor-section-height-default\" data-id=\"485e576a\" data-element_type=\"section\" data-e-type=\"section\">\n\t\t\t\t\t\t<div class=\"elementor-container elementor-column-gap-default\">\n\t\t\t\t\t<div class=\"elementor-column elementor-col-100 elementor-top-column elementor-element elementor-element-635c38c0\" data-id=\"635c38c0\" data-element_type=\"column\" data-e-type=\"column\">\n\t\t\t<div class=\"elementor-widget-wrap elementor-element-populated\">\n\t\t\t\t\t\t<div class=\"elementor-element elementor-element-3ba95c8a elementor-toc--minimized-on-tablet elementor-widget elementor-widget-table-of-contents\" data-id=\"3ba95c8a\" data-element_type=\"widget\" data-e-type=\"widget\" data-settings=\"{&quot;exclude_headings_by_selector&quot;:&quot;.toc-remove&quot;,&quot;headings_by_tags&quot;:[&quot;h2&quot;,&quot;h3&quot;],&quot;marker_view&quot;:&quot;numbers&quot;,&quot;no_headings_message&quot;:&quot;No se ha encontrado ning\\u00fan encabezado en esta p\\u00e1gina.&quot;,&quot;minimize_box&quot;:&quot;yes&quot;,&quot;minimized_on&quot;:&quot;tablet&quot;,&quot;hierarchical_view&quot;:&quot;yes&quot;,&quot;min_height&quot;:{&quot;unit&quot;:&quot;px&quot;,&quot;size&quot;:&quot;&quot;,&quot;sizes&quot;:[]},&quot;min_height_tablet&quot;:{&quot;unit&quot;:&quot;px&quot;,&quot;size&quot;:&quot;&quot;,&quot;sizes&quot;:[]},&quot;min_height_mobile&quot;:{&quot;unit&quot;:&quot;px&quot;,&quot;size&quot;:&quot;&quot;,&quot;sizes&quot;:[]}}\" data-widget_type=\"table-of-contents.default\">\n\t\t\t\t\t\t\t\t\t<div class=\"elementor-toc__header\">\n\t\t\t\t\t\t<div class=\"elementor-toc__header-title\">\n\t\t\t\tTable of Contents\t\t\t<\/div>\n\t\t\t\t\t\t\t\t\t\t<div class=\"elementor-toc__toggle-button elementor-toc__toggle-button--expand\" role=\"button\" tabindex=\"0\" aria-controls=\"elementor-toc__3ba95c8a\" aria-expanded=\"true\" aria-label=\"Abrir la tabla de contenidos\"><svg aria-hidden=\"true\" class=\"e-font-icon-svg e-fas-chevron-down\" viewBox=\"0 0 448 512\" xmlns=\"http:\/\/www.w3.org\/2000\/svg\"><path d=\"M207.029 381.476L12.686 187.132c-9.373-9.373-9.373-24.569 0-33.941l22.667-22.667c9.357-9.357 24.522-9.375 33.901-.04L224 284.505l154.745-154.021c9.379-9.335 24.544-9.317 33.901.04l22.667 22.667c9.373 9.373 9.373 24.569 0 33.941L240.971 381.476c-9.373 9.372-24.569 9.372-33.942 0z\"><\/path><\/svg><\/div>\n\t\t\t\t<div class=\"elementor-toc__toggle-button elementor-toc__toggle-button--collapse\" role=\"button\" tabindex=\"0\" aria-controls=\"elementor-toc__3ba95c8a\" aria-expanded=\"true\" aria-label=\"Cerrar la tabla de contenidos\"><svg aria-hidden=\"true\" class=\"e-font-icon-svg e-fas-chevron-up\" viewBox=\"0 0 448 512\" xmlns=\"http:\/\/www.w3.org\/2000\/svg\"><path d=\"M240.971 130.524l194.343 194.343c9.373 9.373 9.373 24.569 0 33.941l-22.667 22.667c-9.357 9.357-24.522 9.375-33.901.04L224 227.495 69.255 381.516c-9.379 9.335-24.544 9.317-33.901-.04l-22.667-22.667c-9.373-9.373-9.373-24.569 0-33.941L207.03 130.525c9.372-9.373 24.568-9.373 33.941-.001z\"><\/path><\/svg><\/div>\n\t\t\t\t\t<\/div>\n\t\t\t\t<div id=\"elementor-toc__3ba95c8a\" class=\"elementor-toc__body\">\n\t\t\t<div class=\"elementor-toc__spinner-container\">\n\t\t\t\t<svg class=\"elementor-toc__spinner eicon-animation-spin e-font-icon-svg e-eicon-loading\" aria-hidden=\"true\" viewBox=\"0 0 1000 1000\" xmlns=\"http:\/\/www.w3.org\/2000\/svg\"><path d=\"M500 975V858C696 858 858 696 858 500S696 142 500 142 142 304 142 500H25C25 237 238 25 500 25S975 237 975 500 763 975 500 975Z\"><\/path><\/svg>\t\t\t<\/div>\n\t\t<\/div>\n\t\t\t\t\t\t<\/div>\n\t\t\t\t\t<\/div>\n\t\t<\/div>\n\t\t\t\t\t<\/div>\n\t\t<\/section>\n\t\t\t\t<\/div>\n\t\t\n<h2>Florida Compensaci\u00f3n a los Trabajadores L\u00edmites de Ingresos<\/h2>\n<p>Beneficios de compensaci\u00f3n de trabajadores en Melbourne se basan en el ingreso semanal promedio de un trabajador gan\u00f3 durante las \u00faltimas 13 semanas antes del accidente. Por lo general, la indemnizaci\u00f3n es del 66%, o dos tercios del salario medio de un trabajador.<\/p>\n<p>Esta indemnizaci\u00f3n est\u00e1 sujeta a las compensaciones del seguro de desempleo y de la Seguridad Social.<\/p>\n<p>Aunque la compensaci\u00f3n de los trabajadores est\u00e1 dise\u00f1ada para restaurar algunos de los salarios perdidos despu\u00e9s de una lesi\u00f3n, hay l\u00edmites en la cantidad que un trabajador lesionado puede recibir.<\/p>\n<p>Florida limita los pagos a una tasa equivalente al 100% del salario semanal medio del estado de Florida. Actualmente, esto significa que el pago m\u00e1ximo que puede recibir un trabajador es de 746 d\u00f3lares.<\/p>\n<p><a href=\"https:\/\/floridalawyers360.com\/wp-content\/uploads\/2024\/03\/melbourne-wc-benefits1-copy.webp\"><img fetchpriority=\"high\" decoding=\"async\" class=\"alignnone size-full wp-image-3316\" src=\"https:\/\/floridalawyers360.com\/wp-content\/uploads\/2024\/03\/melbourne-wc-benefits1-copy.webp\" alt=\"Workers' Compensation benefits limited\" width=\"500\" height=\"334\" srcset=\"https:\/\/floridalawyers360.com\/wp-content\/uploads\/2024\/03\/melbourne-wc-benefits1-copy.webp 500w, https:\/\/floridalawyers360.com\/wp-content\/uploads\/2024\/03\/melbourne-wc-benefits1-copy-300x200.webp 300w\" sizes=\"(max-width: 500px) 100vw, 500px\" \/><\/a><\/p>\n<h2>Tipos de beneficios de compensaci\u00f3n de trabajadores de Melbourne<\/h2>\n<p>Hay diferentes tipos de beneficios disponibles para los trabajadores en Florida. A continuaci\u00f3n, usted puede encontrar m\u00e1s informaci\u00f3n sobre los diferentes tipos de beneficios que usted puede tener derecho.<\/p>\n<h2>Beneficios por incapacidad total temporal en FL Workers&#8217; Comp (TTD)<\/h2>\n<p>Los trabajadores que son elegibles para los beneficios TTD han sufrido una lesi\u00f3n que los ha dejado totalmente incapacitados. Aunque el trabajador no puede hacer una recuperaci\u00f3n completa, se espera que vean una mejora en su condici\u00f3n.<\/p>\n<p>Las prestaciones suelen ser dos tercios del salario semanal medio del trabajador en las trece semanas anteriores al accidente. Sin embargo, las personas con lesiones extremadamente graves pueden tener derecho a m\u00e1s prestaciones.<\/p>\n<p>Una vez que un empleado cumple los requisitos para recibir prestaciones TTD, puede seguir recibiendo estas prestaciones hasta 104 semanas o cuando un m\u00e9dico considere que el trabajador ha alcanzado el punto de m\u00e1xima mejor\u00eda m\u00e9dica (MMI).<\/p>\n<p>En ese momento, la reclamaci\u00f3n puede reclasificarse como reclamaci\u00f3n por incapacidad permanente.<\/p>\n<h2>Beneficios de Incapacidad Parcial Temporal en FL Workers&#8217; Comp (TPD)<\/h2>\n<p>TPD beneficios est\u00e1n dirigidos a los empleados lesionados que pueden volver al trabajo con algunas restricciones. Como ejemplo, un m\u00e9dico puede recomendar que un trabajador trabaje menos horas o la transici\u00f3n a la luz de trabajo.<\/p>\n<p>Esto puede suponer que el trabajador gane menos dinero que antes de lesionarse.<\/p>\n<p>Estas prestaciones est\u00e1n dise\u00f1adas para compensar parte de la diferencia entre lo que ganaba el trabajador antes de la lesi\u00f3n y lo que gana actualmente.<\/p>\n<p>Las prestaciones se determinan restando el salario medio actual del trabajador del 80 % de su salario medio anterior. El trabajador tiene derecho a percibir el 80 % de la diferencia.<\/p>\n<p>Si tiene derecho a las prestaciones TPD, puede percibirlas durante un m\u00e1ximo de 104 semanas o hasta que un m\u00e9dico le diagnostique una MMI.<\/p>\n<p>Si sus ingresos cambian durante este periodo, las prestaciones que reciba tambi\u00e9n pueden cambiar. Si ha sufrido una incapacidad permanente, puede optar a futuras prestaciones.<\/p>\n<p><a href=\"https:\/\/floridalawyers360.com\/wp-content\/uploads\/2024\/03\/melbourne-wc-benefits2-copy.webp\"><img decoding=\"async\" class=\"alignnone size-full wp-image-3315\" src=\"https:\/\/floridalawyers360.com\/wp-content\/uploads\/2024\/03\/melbourne-wc-benefits2-copy.webp\" alt=\"Workers' Compensation benefits types\" width=\"500\" height=\"334\" srcset=\"https:\/\/floridalawyers360.com\/wp-content\/uploads\/2024\/03\/melbourne-wc-benefits2-copy.webp 500w, https:\/\/floridalawyers360.com\/wp-content\/uploads\/2024\/03\/melbourne-wc-benefits2-copy-300x200.webp 300w\" sizes=\"(max-width: 500px) 100vw, 500px\" \/><\/a><\/p>\n<h2>Beneficios por Incapacidad Parcial Permanente en FL Workers&#8217; Comp (PPD)<\/h2>\n<p>Si una lesi\u00f3n le deja con una lesi\u00f3n duradera, es posible que ya no pueda ganar tanto como lo hac\u00eda antes de su accidente. Los beneficios PPD pueden compensar algunos de esos salarios perdidos.<\/p>\n<p>Para tener derecho a estas prestaciones, deber\u00e1 ser evaluado por un m\u00e9dico, que le asignar\u00e1 un grado de incapacidad.<\/p>\n<p>Hay dos tipos diferentes de clasificaciones de deterioro PPD: las extremidades y las clasificaciones de toda la persona. La valoraci\u00f3n de las extremidades incluye quemaduras, da\u00f1os neurol\u00f3gicos y p\u00e9rdida de extremidades. En el caso de la persona en su totalidad, se incluyen las lesiones de espalda, cuello, cabeza y torso.<\/p>\n<p>Los beneficios pueden variar en funci\u00f3n del nivel de deterioro y otros factores, como el tipo de trabajo que hac\u00eda antes del accidente.<\/p>\n<h2>Beneficios de Incapacidad Total Permanente en FL Workers&#8217; Comp (PTD)<\/h2>\n<p>Si un accidente le ha dejado con lesiones tan graves que ya no son capaces de encontrar cualquier empleo dentro de un radio de 50 millas de su casa, y un m\u00e9dico ha declarado que ha alcanzado MMI, usted puede calificar para PTD.<\/p>\n<p>Las normas para las prestaciones por PTD son muy estrictas y muchos trabajadores incapacitados no las cumplen.<\/p>\n<p>Si re\u00fane los requisitos para recibir prestaciones por PTD, podr\u00e1 percibir pagos por incapacidad hasta los 75 a\u00f1os. Si tiene m\u00e1s de 70 a\u00f1os cuando se produce la lesi\u00f3n, puede recibir prestaciones durante los cinco a\u00f1os siguientes.<\/p>\n<p>Las prestaciones suelen equivaler a dos tercios del salario medio del trabajador antes del accidente. Tambi\u00e9n existe un incremento del 3% por el coste de la vida que se mantendr\u00e1 hasta que el trabajador cumpla 62 a\u00f1os.<\/p>\n<h2>\u00bfC\u00f3mo se calculan las prestaciones por accidentes de trabajo en Melbourne?<\/h2>\n<p>Para calcular lo que es probable que reciba en beneficios de compensaci\u00f3n de trabajadores, usted debe sumar todos sus ingresos durante las \u00faltimas 13 semanas.<\/p>\n<p>Aseg\u00farese de incluir las horas extraordinarias o bonificaciones que se pagaron durante este per\u00edodo de tiempo. Una vez que tenga la suma total, usted debe calcular su salario semanal promedio.<\/p>\n<p>A partir de ah\u00ed, debe calcular lo que ser\u00edan dos tercios de ese salario medio. Eso es lo que usted debe recibir en beneficios. Tenga en cuenta que en la Florida, los beneficios de compensaci\u00f3n de trabajadores tienen un tope de $ 971 por semana.<\/p>\n<p>Algunos tipos de beneficios, como los beneficios TTD y PTD, tambi\u00e9n tienen en cuenta otros factores, como sus ingresos actuales y la gravedad de la lesi\u00f3n, al determinar los beneficios.<\/p>\n<p>Si quiere tener una idea m\u00e1s precisa de lo que puede recibir, la opci\u00f3n m\u00e1s segura es consultar a un abogado.<\/p>\n<p><a href=\"https:\/\/floridalawyers360.com\/wp-content\/uploads\/2024\/03\/melbourne-wc-benefits3-copy.webp\"><img decoding=\"async\" class=\"alignnone size-full wp-image-3314\" src=\"https:\/\/floridalawyers360.com\/wp-content\/uploads\/2024\/03\/melbourne-wc-benefits3-copy.webp\" alt=\"Can my Workers' Compensation Benefits be taxed?\" width=\"500\" height=\"334\" srcset=\"https:\/\/floridalawyers360.com\/wp-content\/uploads\/2024\/03\/melbourne-wc-benefits3-copy.webp 500w, https:\/\/floridalawyers360.com\/wp-content\/uploads\/2024\/03\/melbourne-wc-benefits3-copy-300x200.webp 300w\" sizes=\"(max-width: 500px) 100vw, 500px\" \/><\/a><\/p>\n<h2>\u00bfEst\u00e1n sujetas a impuestos las prestaciones de indemnizaci\u00f3n por accidente de trabajo de Melbourne?<\/h2>\n<p>Sus beneficios de compensaci\u00f3n de trabajadores no est\u00e1n sujetos a impuestos estatales o federales. El IRS no cuenta la compensaci\u00f3n de los trabajadores como ingresos, lo que significa que no es necesario incluir los beneficios que usted recibe cuando la presentaci\u00f3n de impuestos para ese a\u00f1o.<\/p>\n<p>Si usted est\u00e1 recibiendo beneficios de TTD o PTD, sus beneficios no ser\u00e1n gravados, pero usted pagar\u00e1 impuestos sobre los salarios que gana de su empleador.<\/p>\n<h2>P\u00f3ngase en contacto con nuestros abogados con experiencia para obtener ayuda con los beneficios de compensaci\u00f3n de trabajadores en Melbourne<\/h2>\n<p>A pesar de que los beneficios de compensaci\u00f3n laboral fueron creados para ayudar a los trabajadores lesionados, no siempre es f\u00e1cil acceder a estos beneficios. Afortunadamente, trabajar con Workers&#8217; Compensation Lawyers Coalition Florida har\u00e1 que este proceso sea mucho m\u00e1s sencillo.<\/p>\n<p>No dude en ponerse en contacto con nosotros en <a href=\"tel:+19544487355\"><i class=\"fa fa-phone-alt\"><\/i>954-448-7355<\/a> si desea saber m\u00e1s.<\/p>\n","protected":false},"excerpt":{"rendered":"<p>Las lesiones pueden tener un impacto significativo en la capacidad de alguien para hacer su trabajo y ganar un salario. Si usted ha sufrido una lesi\u00f3n relacionada con el trabajo, usted puede calificar para beneficios de compensaci\u00f3n de trabajadores en Melbourne. Nuestros experimentados abogados de compensaci\u00f3n de trabajadores son expertos en conseguirle la compensaci\u00f3n que [&hellip;]<\/p>\n","protected":false},"author":22,"featured_media":0,"parent":5904,"menu_order":0,"comment_status":"closed","ping_status":"closed","template":"","meta":{"_acf_changed":false,"anchor_text":"","footnotes":""},"categories":[],"tags":[],"class_list":["post-5922","page","type-page","status-publish","hentry"],"acf":[],"_links":{"self":[{"href":"https:\/\/floridalawyers360.com\/es\/wp-json\/wp\/v2\/pages\/5922","targetHints":{"allow":["GET"]}}],"collection":[{"href":"https:\/\/floridalawyers360.com\/es\/wp-json\/wp\/v2\/pages"}],"about":[{"href":"https:\/\/floridalawyers360.com\/es\/wp-json\/wp\/v2\/types\/page"}],"author":[{"embeddable":true,"href":"https:\/\/floridalawyers360.com\/es\/wp-json\/wp\/v2\/users\/22"}],"replies":[{"embeddable":true,"href":"https:\/\/floridalawyers360.com\/es\/wp-json\/wp\/v2\/comments?post=5922"}],"version-history":[{"count":3,"href":"https:\/\/floridalawyers360.com\/es\/wp-json\/wp\/v2\/pages\/5922\/revisions"}],"predecessor-version":[{"id":5925,"href":"https:\/\/floridalawyers360.com\/es\/wp-json\/wp\/v2\/pages\/5922\/revisions\/5925"}],"up":[{"embeddable":true,"href":"https:\/\/floridalawyers360.com\/es\/wp-json\/wp\/v2\/pages\/5904"}],"wp:attachment":[{"href":"https:\/\/floridalawyers360.com\/es\/wp-json\/wp\/v2\/media?parent=5922"}],"wp:term":[{"taxonomy":"category","embeddable":true,"href":"https:\/\/floridalawyers360.com\/es\/wp-json\/wp\/v2\/categories?post=5922"},{"taxonomy":"post_tag","embeddable":true,"href":"https:\/\/floridalawyers360.com\/es\/wp-json\/wp\/v2\/tags?post=5922"}],"curies":[{"name":"wp","href":"https:\/\/api.w.org\/{rel}","templated":true}]}}