{"id":5918,"date":"2024-02-14T09:37:19","date_gmt":"2024-02-14T14:37:19","guid":{"rendered":"https:\/\/floridalawyers360.com\/melbourne\/reporting-a-work-injury-in-melbourne-fl\/"},"modified":"2024-03-13T05:08:11","modified_gmt":"2024-03-13T10:08:11","slug":"comunicar-un-accidente-laboral-en-melbourne","status":"publish","type":"page","link":"https:\/\/floridalawyers360.com\/es\/melbourne\/comunicar-un-accidente-laboral-en-melbourne\/","title":{"rendered":"Comunicar un accidente laboral en Melbourne"},"content":{"rendered":"<p>\u00bfHa sufrido una lesi\u00f3n grave en el lugar de trabajo en Melbourne, Florida? Bueno, usted es elegible para recibir beneficios de compensaci\u00f3n despu\u00e9s de presentar una reclamaci\u00f3n de indemnizaci\u00f3n laboral.<\/p>\n<p>Si no est\u00e1 seguro de c\u00f3mo comenzar con la denuncia de una lesi\u00f3n laboral en Melbourne, necesita ayuda de los mejores <a href=\"\/melbourne\/workers-compensation-lawyer\/\">abogados de<\/a> indemnizaci\u00f3n laboral de Florida.<\/p>\n<div class=\"embed-container\"><iframe src=\"https:\/\/www.youtube.com\/embed\/seSGqAbmNRg\" frameborder=\"0\" allowfullscreen=\"allowfullscreen\"><span data-mce-type=\"bookmark\" style=\"display: inline-block; width: 0px; overflow: hidden; line-height: 0;\" class=\"mce_SELRES_start\"><\/span><\/iframe><\/div>\n<p>En la Coalici\u00f3n de Abogados de Compensaci\u00f3n Laboral de Florida, podemos ayudarle a presentar una reclamaci\u00f3n y asegurarnos de que reciba la compensaci\u00f3n m\u00e1xima que merece por su enfermedad o lesiones relacionadas con el trabajo.<\/p>\n<p>Estamos listos para darle una consulta inicial gratuita para entender su caso. Ll\u00e1menos hoy al <a href=\"tel:+19544487355\"><i class=\"fa fa-phone-alt\"><\/i>954-448-7355<\/a>.<\/p>\n\t\t<div data-elementor-type=\"section\" data-elementor-id=\"208\" class=\"elementor elementor-208\" data-elementor-post-type=\"elementor_library\">\n\t\t\t\t\t<section class=\"elementor-section elementor-top-section elementor-element elementor-element-485e576a elementor-section-boxed elementor-section-height-default elementor-section-height-default\" data-id=\"485e576a\" data-element_type=\"section\" data-e-type=\"section\">\n\t\t\t\t\t\t<div class=\"elementor-container elementor-column-gap-default\">\n\t\t\t\t\t<div class=\"elementor-column elementor-col-100 elementor-top-column elementor-element elementor-element-635c38c0\" data-id=\"635c38c0\" data-element_type=\"column\" data-e-type=\"column\">\n\t\t\t<div class=\"elementor-widget-wrap elementor-element-populated\">\n\t\t\t\t\t\t<div class=\"elementor-element elementor-element-3ba95c8a elementor-toc--minimized-on-tablet elementor-widget elementor-widget-table-of-contents\" data-id=\"3ba95c8a\" data-element_type=\"widget\" data-e-type=\"widget\" data-settings=\"{&quot;exclude_headings_by_selector&quot;:&quot;.toc-remove&quot;,&quot;headings_by_tags&quot;:[&quot;h2&quot;,&quot;h3&quot;],&quot;marker_view&quot;:&quot;numbers&quot;,&quot;no_headings_message&quot;:&quot;No se ha encontrado ning\\u00fan encabezado en esta p\\u00e1gina.&quot;,&quot;minimize_box&quot;:&quot;yes&quot;,&quot;minimized_on&quot;:&quot;tablet&quot;,&quot;hierarchical_view&quot;:&quot;yes&quot;,&quot;min_height&quot;:{&quot;unit&quot;:&quot;px&quot;,&quot;size&quot;:&quot;&quot;,&quot;sizes&quot;:[]},&quot;min_height_tablet&quot;:{&quot;unit&quot;:&quot;px&quot;,&quot;size&quot;:&quot;&quot;,&quot;sizes&quot;:[]},&quot;min_height_mobile&quot;:{&quot;unit&quot;:&quot;px&quot;,&quot;size&quot;:&quot;&quot;,&quot;sizes&quot;:[]}}\" data-widget_type=\"table-of-contents.default\">\n\t\t\t\t\t\t\t\t\t<div class=\"elementor-toc__header\">\n\t\t\t\t\t\t<div class=\"elementor-toc__header-title\">\n\t\t\t\tTable of Contents\t\t\t<\/div>\n\t\t\t\t\t\t\t\t\t\t<div class=\"elementor-toc__toggle-button elementor-toc__toggle-button--expand\" role=\"button\" tabindex=\"0\" aria-controls=\"elementor-toc__3ba95c8a\" aria-expanded=\"true\" aria-label=\"Abrir la tabla de contenidos\"><svg aria-hidden=\"true\" class=\"e-font-icon-svg e-fas-chevron-down\" viewBox=\"0 0 448 512\" xmlns=\"http:\/\/www.w3.org\/2000\/svg\"><path d=\"M207.029 381.476L12.686 187.132c-9.373-9.373-9.373-24.569 0-33.941l22.667-22.667c9.357-9.357 24.522-9.375 33.901-.04L224 284.505l154.745-154.021c9.379-9.335 24.544-9.317 33.901.04l22.667 22.667c9.373 9.373 9.373 24.569 0 33.941L240.971 381.476c-9.373 9.372-24.569 9.372-33.942 0z\"><\/path><\/svg><\/div>\n\t\t\t\t<div class=\"elementor-toc__toggle-button elementor-toc__toggle-button--collapse\" role=\"button\" tabindex=\"0\" aria-controls=\"elementor-toc__3ba95c8a\" aria-expanded=\"true\" aria-label=\"Cerrar la tabla de contenidos\"><svg aria-hidden=\"true\" class=\"e-font-icon-svg e-fas-chevron-up\" viewBox=\"0 0 448 512\" xmlns=\"http:\/\/www.w3.org\/2000\/svg\"><path d=\"M240.971 130.524l194.343 194.343c9.373 9.373 9.373 24.569 0 33.941l-22.667 22.667c-9.357 9.357-24.522 9.375-33.901.04L224 227.495 69.255 381.516c-9.379 9.335-24.544 9.317-33.901-.04l-22.667-22.667c-9.373-9.373-9.373-24.569 0-33.941L207.03 130.525c9.372-9.373 24.568-9.373 33.941-.001z\"><\/path><\/svg><\/div>\n\t\t\t\t\t<\/div>\n\t\t\t\t<div id=\"elementor-toc__3ba95c8a\" class=\"elementor-toc__body\">\n\t\t\t<div class=\"elementor-toc__spinner-container\">\n\t\t\t\t<svg class=\"elementor-toc__spinner eicon-animation-spin e-font-icon-svg e-eicon-loading\" aria-hidden=\"true\" viewBox=\"0 0 1000 1000\" xmlns=\"http:\/\/www.w3.org\/2000\/svg\"><path d=\"M500 975V858C696 858 858 696 858 500S696 142 500 142 142 304 142 500H25C25 237 238 25 500 25S975 237 975 500 763 975 500 975Z\"><\/path><\/svg>\t\t\t<\/div>\n\t\t<\/div>\n\t\t\t\t\t\t<\/div>\n\t\t\t\t\t<\/div>\n\t\t<\/div>\n\t\t\t\t\t<\/div>\n\t\t<\/section>\n\t\t\t\t<\/div>\n\t\t\n<h2>\u00bfCu\u00e1nto tiempo tengo para denunciar una lesi\u00f3n laboral en Melbourne, FL?<\/h2>\n<p>El primer paso para presentar un reclamo de compensaci\u00f3n laboral es notificar a su empleador. En Melbourne, Florida, debe informar sus lesiones dentro de los 30 d\u00edas.<\/p>\n<p>Si desarrolla una afecci\u00f3n o enfermedad con el tiempo, debe notificar a su empleador dentro de los 30 d\u00edas de descubrir la relaci\u00f3n con sus actividades laborales. Tenga en cuenta que, si usted no notifica a su empleador dentro de este plazo, es probable que pierda sus beneficios.<\/p>\n<p>Cuando notifique el accidente a su empresa, aseg\u00farese de facilitarle muchos detalles sobre el mismo. Por ejemplo<\/p>\n<ul>\n<li>Cu\u00e1ndo ocurri\u00f3 el accidente<\/li>\n<li>C\u00f3mo se lesion\u00f3<\/li>\n<li>S\u00edntomas de la lesi\u00f3n<\/li>\n<\/ul>\n<p>&nbsp;<\/p>\n<p>Siempre es una buena idea tener un representante legal inmediatamente despu\u00e9s de haber sido lesionado. Es por eso que usted debe llamar a nuestro bufete de abogados inmediatamente despu\u00e9s de haber sido herido en el trabajo para que podamos empezar a trabajar en su caso inmediatamente antes de que expire el plazo.<\/p>\n<p><a href=\"https:\/\/floridalawyers360.com\/wp-content\/uploads\/2024\/03\/melbourne-work-injury1-copy.webp\"><img fetchpriority=\"high\" decoding=\"async\" class=\"alignnone size-full wp-image-3306\" src=\"https:\/\/floridalawyers360.com\/wp-content\/uploads\/2024\/03\/melbourne-work-injury1-copy.webp\" alt=\"Injure worker due to a work injury\" width=\"500\" height=\"334\" srcset=\"https:\/\/floridalawyers360.com\/wp-content\/uploads\/2024\/03\/melbourne-work-injury1-copy.webp 500w, https:\/\/floridalawyers360.com\/wp-content\/uploads\/2024\/03\/melbourne-work-injury1-copy-300x200.webp 300w\" sizes=\"(max-width: 500px) 100vw, 500px\" \/><\/a><\/p>\n<h2>\u00bfA qui\u00e9n tengo que informar de mi lesi\u00f3n laboral?<\/h2>\n<p>Despu\u00e9s de lesionarte en el trabajo, debes informar de las lesiones a tu empresa, al representante de tu empresa o a tu supervisor inmediato. Aseg\u00farese de notificar las lesiones por escrito si es posible, pero tambi\u00e9n puede hacerlo verbalmente.<\/p>\n<p>Sin embargo, es una buena idea tener pruebas de la notificaci\u00f3n en caso de que su empleador la niegue durante el proceso de reclamaci\u00f3n.<\/p>\n<p>Cuando notifiques tu lesi\u00f3n, debes tomar nota de la hora, la persona notificada y su funci\u00f3n en la organizaci\u00f3n. De esa manera, en caso de cualquier disputa, usted tiene la evidencia para confirmar que usted realmente hizo una notificaci\u00f3n dentro de los 30 d\u00edas de aviso.<\/p>\n<p>En la Coalici\u00f3n de Abogados de Compensaci\u00f3n de Trabajadores de Florida, entendemos que su empleador podr\u00eda tratar de frustrarlo en esta etapa. Ll\u00e1menos hoy mismo y le explicaremos la forma correcta de hacer esta notificaci\u00f3n para evitar el acoso de su empleador.<\/p>\n<h2>\u00bfCu\u00e1les son las responsabilidades del empleador despu\u00e9s de una lesi\u00f3n en el lugar de trabajo en Melbourne, FL?<\/h2>\n<p>Si usted ha sufrido una lesi\u00f3n en el trabajo, su empleador tiene las siguientes responsabilidades:<\/p>\n<ul>\n<li>En primer lugar, debe asegurarse de que su lesi\u00f3n sea tratada lo antes posible. Si se trata de una emergencia, su empleador debe llamar al 911 de inmediato.<\/li>\n<li>En segundo lugar, debe seguir <a href=\"https:\/\/www.osha.gov\/workers\/employer-responsibilities#:~:text=Under%20the%20OSH%20law%2C%20employers,to%20provide%20a%20safe%20workplace.&amp;text=Provide%20a%20workplace%20free%20from,conform%20to%20applicable%20OSHA%20standards.\" target=\"_blank\" rel=\"noopener\">las recomendaciones de la OSHA<\/a>. En este caso, su empresario debe notificar a la agencia inmediatamente despu\u00e9s de una lesi\u00f3n laboral grave. Seg\u00fan las recomendaciones de la OSHA, los empresarios deben notificar las muertes relacionadas con el trabajo en un plazo de 8 horas y las hospitalizaciones, p\u00e9rdidas oculares o amputaciones en un plazo de 24 horas.<\/li>\n<li>En tercer lugar, su empresa debe revisar el plan de emergencia y seguir los planes aqu\u00ed descritos para gestionar las lesiones laborales. Si no dispone de un plan de emergencia, debe crearlo inmediatamente.<\/li>\n<li>Su empresario debe asegurarse de que los dem\u00e1s empleados se encuentran en un lugar seguro despu\u00e9s de que usted haya sufrido una lesi\u00f3n o enfermedad relacionada con el trabajo. Deber\u00eda poder reducir el riesgo de que haya m\u00e1s trabajadores lesionados.<\/li>\n<li>Su empleador debe revisar la situaci\u00f3n que caus\u00f3 que usted se lesionara en el trabajo y determinar la gravedad.<\/li>\n<li>Su empresario debe documentar sus lesiones haciendo v\u00eddeos o fotos. Tambi\u00e9n debe hablar con otros empleados que hayan presenciado el accidente.<\/li>\n<li>Su empresario debe mantener siempre una comunicaci\u00f3n honesta y abierta durante todo el proceso. Tambi\u00e9n debe ser honesto sobre el proceso del seguro y la presentaci\u00f3n de una reclamaci\u00f3n.<\/li>\n<\/ul>\n<p>&nbsp;<\/p>\n<p>Si tiene problemas para ponerse en contacto con su empleador o \u00e9ste no puede cumplir con sus responsabilidades como se ha mencionado anteriormente, puede hablar con uno de nuestros abogados que le ayudar\u00e1 en el proceso. De este modo, estar\u00e1 protegido en caso de que ocurra algo.<\/p>\n<p>Ll\u00e1menos hoy mismo al <a href=\"tel:+19544487355\"><i class=\"fa fa-phone-alt\"><\/i>954-448-7355<\/a>y obtenga la mejor ayuda legal de nuestros experimentados abogados en Melbourne, FL.<\/p>\n<p><a href=\"https:\/\/floridalawyers360.com\/wp-content\/uploads\/2024\/03\/melbourne-report-work-injury2-copy.webp\"><img decoding=\"async\" class=\"alignnone size-full wp-image-3305\" src=\"https:\/\/floridalawyers360.com\/wp-content\/uploads\/2024\/03\/melbourne-report-work-injury2-copy.webp\" alt=\"After a work injury, report a work injury and file a claim\" width=\"500\" height=\"334\" srcset=\"https:\/\/floridalawyers360.com\/wp-content\/uploads\/2024\/03\/melbourne-report-work-injury2-copy.webp 500w, https:\/\/floridalawyers360.com\/wp-content\/uploads\/2024\/03\/melbourne-report-work-injury2-copy-300x200.webp 300w\" sizes=\"(max-width: 500px) 100vw, 500px\" \/><\/a><\/p>\n<h2>\u00bfCu\u00e1les son las responsabilidades del empleado despu\u00e9s de una lesi\u00f3n en el lugar de trabajo en Melbourne, FL?<\/h2>\n<h3>Despu\u00e9s de lesionarse en el trabajo, debe hacer lo siguiente.<\/h3>\n<ul>\n<li>Notifique a su empleador dentro de los 30 d\u00edas sobre su lesi\u00f3n en el lugar de trabajo. Si no notifica a su empleador, perder\u00e1 los <a href=\"https:\/\/floridalawyers360.com\/how-much-florida-personal-injury-claim-worth\/\">beneficios de compensaci\u00f3n<\/a> que deber\u00eda recibir. Tome nota de a qui\u00e9n ha notificado y h\u00e1galo siempre por escrito para tener pruebas para su reclamaci\u00f3n de indemnizaci\u00f3n.<\/li>\n<li>A continuaci\u00f3n, debe recibir atenci\u00f3n m\u00e9dica inmediatamente. Para obtener los mejores resultados, acuda siempre a un m\u00e9dico recomendado por su empresa o su compa\u00f1\u00eda de seguros.<\/li>\n<li>Documente sus lesiones y s\u00edntomas durante el proceso de tratamiento, ya que le resultar\u00e1 \u00fatil a la hora de reclamar la indemnizaci\u00f3n. Si aparecen nuevos s\u00edntomas como consecuencia de la lesi\u00f3n anterior, tambi\u00e9n debe documentarlos y notificarlos a su empresa lo antes posible.<\/li>\n<li>Contrate a un abogado especialista en indemnizaci\u00f3n laboral en Melbourne, FL para que lo ayude con este proceso. Nuestro bufete de abogados est\u00e1 equipado y listo para manejar su caso hoy mismo. Ll\u00e1menos ahora para comenzar con su reclamaci\u00f3n de indemnizaci\u00f3n laboral.<\/li>\n<\/ul>\n<h2>\u00bfPor qu\u00e9 elegirnos al denunciar una lesi\u00f3n laboral en Melbourne?<\/h2>\n<p>\u00bfSe est\u00e1 preguntando por qu\u00e9 necesita contratar a los abogados de indemnizaci\u00f3n laboral Coalition Florida para su lesi\u00f3n laboral en Melbourne, Florida? Bueno, somos la mejor oportunidad que tiene de obtener una compensaci\u00f3n completa por las lesiones laborales que ha sufrido.<\/p>\n<p>Si usted es nuevo en esto, es posible que no tenga idea de c\u00f3mo negociar con las compa\u00f1\u00edas de seguros o con su empleador. Estamos aqu\u00ed para ayudarle. Con nuestra experiencia, su reclamaci\u00f3n estar\u00e1 en las manos m\u00e1s seguras posibles.<\/p>\n<p>Por otra parte, con nuestro historial de \u00e9xitos, podemos garantizarle que obtendr\u00e1 la m\u00e1xima indemnizaci\u00f3n que se merece. Sabemos que la compa\u00f1\u00eda de seguros puede intentar obligarle a aceptar una oferta m\u00e1s baja, pero nosotros estamos de su lado.<\/p>\n<p>Conocemos sus trucos y estamos preparados para luchar por usted. Contrate a nuestro bufete de abogados hoy mismo para que podamos ayudarlo con su reclamo de indemnizaci\u00f3n laboral en Melbourne, FL.<\/p>\n","protected":false},"excerpt":{"rendered":"<p>\u00bfHa sufrido una lesi\u00f3n grave en el lugar de trabajo en Melbourne, Florida? Bueno, usted es elegible para recibir beneficios de compensaci\u00f3n despu\u00e9s de presentar una reclamaci\u00f3n de indemnizaci\u00f3n laboral. Si no est\u00e1 seguro de c\u00f3mo comenzar con la denuncia de una lesi\u00f3n laboral en Melbourne, necesita ayuda de los mejores abogados de indemnizaci\u00f3n laboral [&hellip;]<\/p>\n","protected":false},"author":22,"featured_media":0,"parent":5904,"menu_order":0,"comment_status":"closed","ping_status":"closed","template":"","meta":{"_acf_changed":false,"anchor_text":"","footnotes":""},"categories":[],"tags":[],"class_list":["post-5918","page","type-page","status-publish","hentry"],"acf":[],"_links":{"self":[{"href":"https:\/\/floridalawyers360.com\/es\/wp-json\/wp\/v2\/pages\/5918","targetHints":{"allow":["GET"]}}],"collection":[{"href":"https:\/\/floridalawyers360.com\/es\/wp-json\/wp\/v2\/pages"}],"about":[{"href":"https:\/\/floridalawyers360.com\/es\/wp-json\/wp\/v2\/types\/page"}],"author":[{"embeddable":true,"href":"https:\/\/floridalawyers360.com\/es\/wp-json\/wp\/v2\/users\/22"}],"replies":[{"embeddable":true,"href":"https:\/\/floridalawyers360.com\/es\/wp-json\/wp\/v2\/comments?post=5918"}],"version-history":[{"count":3,"href":"https:\/\/floridalawyers360.com\/es\/wp-json\/wp\/v2\/pages\/5918\/revisions"}],"predecessor-version":[{"id":5921,"href":"https:\/\/floridalawyers360.com\/es\/wp-json\/wp\/v2\/pages\/5918\/revisions\/5921"}],"up":[{"embeddable":true,"href":"https:\/\/floridalawyers360.com\/es\/wp-json\/wp\/v2\/pages\/5904"}],"wp:attachment":[{"href":"https:\/\/floridalawyers360.com\/es\/wp-json\/wp\/v2\/media?parent=5918"}],"wp:term":[{"taxonomy":"category","embeddable":true,"href":"https:\/\/floridalawyers360.com\/es\/wp-json\/wp\/v2\/categories?post=5918"},{"taxonomy":"post_tag","embeddable":true,"href":"https:\/\/floridalawyers360.com\/es\/wp-json\/wp\/v2\/tags?post=5918"}],"curies":[{"name":"wp","href":"https:\/\/api.w.org\/{rel}","templated":true}]}}