{"id":5914,"date":"2024-02-14T09:36:35","date_gmt":"2024-02-14T14:36:35","guid":{"rendered":"https:\/\/floridalawyers360.com\/melbourne\/melbourne-workers-compensation-lawyer\/"},"modified":"2024-03-13T01:25:45","modified_gmt":"2024-03-13T06:25:45","slug":"melbourne-compensacion-a-los-trabajadores-abogado","status":"publish","type":"page","link":"https:\/\/floridalawyers360.com\/es\/melbourne\/melbourne-compensacion-a-los-trabajadores-abogado\/","title":{"rendered":"Melbourne Compensaci\u00f3n a los Trabajadores Abogado"},"content":{"rendered":"<p>Las leyes del Estado de Florida otorgan a todos los empleados, ya sea en el campo o en la oficina, el derecho a una indemnizaci\u00f3n por lesiones sufridas en el trabajo. Los abogados de indemnizaci\u00f3n laboral de Melbourne pueden ayudar a garantizar el cumplimiento de estas leyes.<\/p>\n<p>Si bien la mayor\u00eda de los empleadores cuentan con medidas de seguridad, los accidentes pueden ocurrir inesperadamente, y algunas de las lesiones pueden ser graves. El rendimiento del trabajador lesionado puede verse afectado, al igual que otros aspectos de su vida.<\/p>\n<p>\u00bfC\u00f3mo pueden asegurarse los trabajadores de que volver\u00e1n a ponerse en pie despu\u00e9s de pasar por un incidente de este tipo? Ah\u00ed es donde un abogado de indemnizaci\u00f3n laboral de Melbourne se convierte en una disposici\u00f3n esencial, salvaguardando los intereses de los empleados cuando se ven implicados en un accidente laboral.<\/p>\n<p>Aunque los trabajadores tienen derecho a ser indemnizados por las lesiones sufridas en el trabajo, no todos los empleadores respetan esta ley. Si usted vive y trabaja en Melbourne, Florida, y busca ayuda para manejar un asunto de este tipo, en Florida Lawyers 360 podemos ayudarle.<\/p>\n<p>Contamos con abogados altamente capacitados y dedicados que luchar\u00e1n por sus derechos e intereses. Llame hoy mismo a nuestras oficinas de Melbourne al <a href=\"tel:+19544487355\"><i class=\"fa fa-phone-alt\"><\/i>954-448-7355<\/a> para hablar con un abogado y obtener m\u00e1s informaci\u00f3n sobre c\u00f3mo podemos ayudarlo.<\/p>\n\t\t<div data-elementor-type=\"section\" data-elementor-id=\"208\" class=\"elementor elementor-208\" data-elementor-post-type=\"elementor_library\">\n\t\t\t\t\t<section class=\"elementor-section elementor-top-section elementor-element elementor-element-485e576a elementor-section-boxed elementor-section-height-default elementor-section-height-default\" data-id=\"485e576a\" data-element_type=\"section\" data-e-type=\"section\">\n\t\t\t\t\t\t<div class=\"elementor-container elementor-column-gap-default\">\n\t\t\t\t\t<div class=\"elementor-column elementor-col-100 elementor-top-column elementor-element elementor-element-635c38c0\" data-id=\"635c38c0\" data-element_type=\"column\" data-e-type=\"column\">\n\t\t\t<div class=\"elementor-widget-wrap elementor-element-populated\">\n\t\t\t\t\t\t<div class=\"elementor-element elementor-element-3ba95c8a elementor-toc--minimized-on-tablet elementor-widget elementor-widget-table-of-contents\" data-id=\"3ba95c8a\" data-element_type=\"widget\" data-e-type=\"widget\" data-settings=\"{&quot;exclude_headings_by_selector&quot;:&quot;.toc-remove&quot;,&quot;headings_by_tags&quot;:[&quot;h2&quot;,&quot;h3&quot;],&quot;marker_view&quot;:&quot;numbers&quot;,&quot;no_headings_message&quot;:&quot;No se ha encontrado ning\\u00fan encabezado en esta p\\u00e1gina.&quot;,&quot;minimize_box&quot;:&quot;yes&quot;,&quot;minimized_on&quot;:&quot;tablet&quot;,&quot;hierarchical_view&quot;:&quot;yes&quot;,&quot;min_height&quot;:{&quot;unit&quot;:&quot;px&quot;,&quot;size&quot;:&quot;&quot;,&quot;sizes&quot;:[]},&quot;min_height_tablet&quot;:{&quot;unit&quot;:&quot;px&quot;,&quot;size&quot;:&quot;&quot;,&quot;sizes&quot;:[]},&quot;min_height_mobile&quot;:{&quot;unit&quot;:&quot;px&quot;,&quot;size&quot;:&quot;&quot;,&quot;sizes&quot;:[]}}\" data-widget_type=\"table-of-contents.default\">\n\t\t\t\t\t\t\t\t\t<div class=\"elementor-toc__header\">\n\t\t\t\t\t\t<div class=\"elementor-toc__header-title\">\n\t\t\t\tTable of Contents\t\t\t<\/div>\n\t\t\t\t\t\t\t\t\t\t<div class=\"elementor-toc__toggle-button elementor-toc__toggle-button--expand\" role=\"button\" tabindex=\"0\" aria-controls=\"elementor-toc__3ba95c8a\" aria-expanded=\"true\" aria-label=\"Abrir la tabla de contenidos\"><svg aria-hidden=\"true\" class=\"e-font-icon-svg e-fas-chevron-down\" viewBox=\"0 0 448 512\" xmlns=\"http:\/\/www.w3.org\/2000\/svg\"><path d=\"M207.029 381.476L12.686 187.132c-9.373-9.373-9.373-24.569 0-33.941l22.667-22.667c9.357-9.357 24.522-9.375 33.901-.04L224 284.505l154.745-154.021c9.379-9.335 24.544-9.317 33.901.04l22.667 22.667c9.373 9.373 9.373 24.569 0 33.941L240.971 381.476c-9.373 9.372-24.569 9.372-33.942 0z\"><\/path><\/svg><\/div>\n\t\t\t\t<div class=\"elementor-toc__toggle-button elementor-toc__toggle-button--collapse\" role=\"button\" tabindex=\"0\" aria-controls=\"elementor-toc__3ba95c8a\" aria-expanded=\"true\" aria-label=\"Cerrar la tabla de contenidos\"><svg aria-hidden=\"true\" class=\"e-font-icon-svg e-fas-chevron-up\" viewBox=\"0 0 448 512\" xmlns=\"http:\/\/www.w3.org\/2000\/svg\"><path d=\"M240.971 130.524l194.343 194.343c9.373 9.373 9.373 24.569 0 33.941l-22.667 22.667c-9.357 9.357-24.522 9.375-33.901.04L224 227.495 69.255 381.516c-9.379 9.335-24.544 9.317-33.901-.04l-22.667-22.667c-9.373-9.373-9.373-24.569 0-33.941L207.03 130.525c9.372-9.373 24.568-9.373 33.941-.001z\"><\/path><\/svg><\/div>\n\t\t\t\t\t<\/div>\n\t\t\t\t<div id=\"elementor-toc__3ba95c8a\" class=\"elementor-toc__body\">\n\t\t\t<div class=\"elementor-toc__spinner-container\">\n\t\t\t\t<svg class=\"elementor-toc__spinner eicon-animation-spin e-font-icon-svg e-eicon-loading\" aria-hidden=\"true\" viewBox=\"0 0 1000 1000\" xmlns=\"http:\/\/www.w3.org\/2000\/svg\"><path d=\"M500 975V858C696 858 858 696 858 500S696 142 500 142 142 304 142 500H25C25 237 238 25 500 25S975 237 975 500 763 975 500 975Z\"><\/path><\/svg>\t\t\t<\/div>\n\t\t<\/div>\n\t\t\t\t\t\t<\/div>\n\t\t\t\t\t<\/div>\n\t\t<\/div>\n\t\t\t\t\t<\/div>\n\t\t<\/section>\n\t\t\t\t<\/div>\n\t\t\n<h2>\u00bfQu\u00e9 es la indemnizaci\u00f3n por accidente laboral?<\/h2>\n<p>La indemnizaci\u00f3n por accidente de trabajo tiene por objeto proteger y mantener la seguridad financiera de los trabajadores que se lesionan durante el trabajo.<\/p>\n<p>Se trata de un sistema que cubre diferentes gastos o p\u00e9rdidas, incluidos los costes de tratamiento\/m\u00e9dico, los gastos de terapia y recuperaci\u00f3n y la p\u00e9rdida de ingresos durante el periodo de tratamiento y recuperaci\u00f3n, entre otros da\u00f1os.<\/p>\n<p>Algunas de las prestaciones ocasionadas por el programa de indemnizaci\u00f3n incluyen:<\/p>\n<p>Salarios anteriores a la lesi\u00f3n, a partir de 20 $ semanales si el trabajador sufre una discapacidad f\u00edsica. Son prestaciones v\u00e1lidas desde el momento en que el trabajador no puede reanudar su trabajo para ganarse la vida tras el accidente.<\/p>\n<p>Si se lesiona estando de servicio, su abogado tambi\u00e9n puede asegurarse de que se incluyan en el acuerdo las prestaciones por incapacidad permanente, incluido el tratamiento, la fisioterapia, los costes de las recetas, las prestaciones m\u00e9dicas y las prestaciones de rehabilitaci\u00f3n.<\/p>\n<p>Las prestaciones por incapacidad total temporal dependen del diagn\u00f3stico del m\u00e9dico que determine que el empleado debe estar un tiempo de baja laboral para su tratamiento y recuperaci\u00f3n.<\/p>\n<p>Las prestaciones cesan una vez que el m\u00e9dico determina que las posibilidades de mejora (recuperaci\u00f3n) son escasas aunque el trabajador est\u00e9 recibiendo los m\u00e1ximos cuidados m\u00e9dicos.<\/p>\n<p>Cada Estado tiene leyes diferentes en materia de indemnizaci\u00f3n por accidente laboral. Por lo tanto, las normas de un estado pueden no aplicarse en otro. Por lo tanto, las posibles prestaciones concedidas en un caso de reclamaci\u00f3n de indemnizaci\u00f3n podr\u00edan no ser las mismas.<\/p>\n<p>Para resolver este tipo de problemas, es necesario trabajar con un abogado experto en indemnizaci\u00f3n laboral.<\/p>\n<p>Su abogado de indemnizaci\u00f3n laboral de Melbourne lo ayudar\u00e1 a comprender las leyes del estado de Florida para saber qu\u00e9 esperar mientras lucha por sus derechos como empleado que busca una indemnizaci\u00f3n por lesiones sufridas en un accidente mientras estaba de servicio.<\/p>\n<p><a href=\"https:\/\/floridalawyers360.com\/wp-content\/uploads\/2024\/03\/melbourne-wc1-copy.webp\"><img fetchpriority=\"high\" decoding=\"async\" class=\"alignnone size-full wp-image-3312\" src=\"https:\/\/floridalawyers360.com\/wp-content\/uploads\/2024\/03\/melbourne-wc1-copy.webp\" alt=\"Injured on the job, call our Melbourne Workers' Compensation Lawyers\" width=\"500\" height=\"334\" srcset=\"https:\/\/floridalawyers360.com\/wp-content\/uploads\/2024\/03\/melbourne-wc1-copy.webp 500w, https:\/\/floridalawyers360.com\/wp-content\/uploads\/2024\/03\/melbourne-wc1-copy-300x200.webp 300w\" sizes=\"(max-width: 500px) 100vw, 500px\" \/><\/a><\/p>\n<h2>\u00bfQu\u00e9 debo hacer si me lesiono en el trabajo?<\/h2>\n<p>Las medidas que tome para proteger sus derechos a una indemnizaci\u00f3n despu\u00e9s de un accidente laboral juegan un papel importante en sus posibilidades de obtener los m\u00e1ximos beneficios.<\/p>\n<p>A continuaci\u00f3n se presentan algunas de las cosas que nuestros abogados de compensaci\u00f3n de trabajadores de Melbourne en la Florida Abogados 360 siempre aconsejan a la gente a hacer cuando se lesiona cuando se trabaja en la oficina o en el campo:<\/p>\n<h3>Informe a sus superiores<\/h3>\n<p>Si se lesiona en la oficina o en el campo, debe informar a su supervisor, gerente, funcionario administrativo o empleador. Tienes derecho legal a notific\u00e1rselo y asegurarte de que el accidente quede debidamente documentado y los registros se guarden para futuras consultas.<\/p>\n<h3>Busque atenci\u00f3n m\u00e9dica<\/h3>\n<p>Debes ir al hospital y hacerte un chequeo para asegurarte de que tus lesiones no son mortales ni pueden afectar negativamente a tu modo de vida.<\/p>\n<p>El m\u00e9dico te examinar\u00e1 y elaborar\u00e1 un informe m\u00e9dico completo en el que se detallar\u00e1 la naturaleza de tus lesiones, el tratamiento necesario y el posible proceso de recuperaci\u00f3n. Aseg\u00farese de pedir una copia del informe m\u00e9dico para utilizarla al presentar su reclamaci\u00f3n de indemnizaci\u00f3n.<\/p>\n<h3>Haz fotos de las lesiones visibles<\/h3>\n<p>Ser\u00eda \u00fatil que utilizaras tu tel\u00e9fono para hacer fotos de cualquier lesi\u00f3n evidente o perceptible que hayas sufrido en el accidente. Puedes pedir a un compa\u00f1ero de trabajo que te ayude a hacerlo si t\u00fa no puedes.<\/p>\n<p>Las im\u00e1genes deben ser claras, detallar d\u00f3nde y c\u00f3mo est\u00e1s herido y d\u00f3nde ocurri\u00f3 el incidente. Su abogado las utilizar\u00e1 como prueba para apoyar su reclamaci\u00f3n.<\/p>\n<h3>Presentar una reclamaci\u00f3n de indemnizaci\u00f3n por accidente laboral<\/h3>\n<p>Por \u00faltimo, lo mejor ser\u00eda hacer planes adecuados para presentar una demanda en busca de una indemnizaci\u00f3n por sus lesiones. Si desea obtener los m\u00e1ximos beneficios en su reclamaci\u00f3n, deber\u00eda considerar la posibilidad de recurrir a la experiencia de un abogado experto en indemnizaci\u00f3n por accidente laboral de Melbourne.<\/p>\n<h2>\u00bfPor qu\u00e9 debo contratar a un abogado de Melbourne Compensaci\u00f3n a los Trabajadores?<\/h2>\n<p>Tener que luchar contra su empleador y el proveedor de seguros para asegurarse de que usted reciba los beneficios a los que tiene derecho legalmente cuando se lesiona en el trabajo, mientras recibe tratamiento o se recupera, puede ser desalentador.<\/p>\n<p>Usted no deber\u00eda tener que soportar tales dificultades cuando hay profesionales de la ley en la Florida que pueden ayudar.<\/p>\n<p>Cuando usted acude a Florida Lawyers 360 para que le ayuden, encontrar\u00e1 abogados expertos en compensaci\u00f3n laboral que se comprometer\u00e1n a luchar por sus derechos e intereses.<\/p>\n<p>Usted no tendr\u00e1 que preocuparse por los aspectos legales de la lucha porque nosotros lo representaremos, permiti\u00e9ndole concentrarse en el tratamiento y en mejorarse.<\/p>\n<p>Su abogado supervisar\u00e1 todas las negociaciones cuando su empleador acepte llevar el caso extrajudicialmente. Le aconsejamos encarecidamente que no hable ni se comunique con las aseguradoras sin la presencia de su abogado.<\/p>\n<p>Nos esforzaremos por garantizar que reciba un acuerdo justo.<\/p>\n<p>Y si las negociaciones fracasan, llevaremos el asunto a los tribunales, presentando un caso s\u00f3lido que har\u00e1 que el resultado se decante a su favor. Por lo tanto, ll\u00e1menos hoy mismo al <a href=\"tel:+19544487355\"><i class=\"fa fa-phone-alt\"><\/i>954-448-7355<\/a> para saber m\u00e1s sobre c\u00f3mo podemos ayudarle.<\/p>\n<p><a href=\"https:\/\/floridalawyers360.com\/wp-content\/uploads\/2024\/03\/melbourne-wc2-copy.webp\"><img decoding=\"async\" class=\"alignnone size-full wp-image-3311\" src=\"https:\/\/floridalawyers360.com\/wp-content\/uploads\/2024\/03\/melbourne-wc2-copy.webp\" alt=\"How much does a workers' compensation lawyer cost\" width=\"500\" height=\"334\" srcset=\"https:\/\/floridalawyers360.com\/wp-content\/uploads\/2024\/03\/melbourne-wc2-copy.webp 500w, https:\/\/floridalawyers360.com\/wp-content\/uploads\/2024\/03\/melbourne-wc2-copy-300x200.webp 300w\" sizes=\"(max-width: 500px) 100vw, 500px\" \/><\/a><\/p>\n<h2>\u00bfCu\u00e1nto cuesta contratar a un abogado de indemnizaci\u00f3n laboral de Melbourne?<\/h2>\n<p>No tiene que preocuparse mucho por contratar a un abogado de indemnizaci\u00f3n laboral de Melbourne si decide contratarnos. Programaremos una consulta gratuita y una evaluaci\u00f3n del caso para determinar si vale la pena seguir adelante y qu\u00e9 puede esperar.<\/p>\n<p>Luego manejaremos el asunto sobre la base de honorarios condicionales, que ser\u00e1 lo que usted nos pague despu\u00e9s de ayudarle a ganar su caso de indemnizaci\u00f3n.<\/p>\n<p>La cuota ser\u00e1 un peque\u00f1o porcentaje de las ganancias, que le informaremos antes de tomar nuevas medidas en su representaci\u00f3n.<\/p>\n<h2>\u00bfQu\u00e9 debo hacer si me deniegan la indemnizaci\u00f3n por accidente laboral?<\/h2>\n<p>Diferentes factores pueden estar en juego si su reclamo de compensaci\u00f3n de trabajadores es negado. Sin embargo, usted debe hacer lo que pueda para averiguar por qu\u00e9 fue negada y si puede apelar la decisi\u00f3n. Por lo tanto, a continuaci\u00f3n le indicamos las dos acciones que debe emprender:<\/p>\n<p>Averig\u00fce por qu\u00e9 su empresa o su compa\u00f1\u00eda de seguros han denegado su solicitud. Deben aclarar los motivos de tal decisi\u00f3n y presentarlos por escrito. Los motivos pueden variar, incluidos algunos errores t\u00e9cnicos involuntarios al tramitar la reclamaci\u00f3n.<\/p>\n<p>Si no encuentra motivos legales para la denegaci\u00f3n, puede recurrir la decisi\u00f3n. Esta es una de las razones para trabajar estrechamente con un abogado experto en indemnizaci\u00f3n por accidente de trabajo, si quiere tener \u00e9xito en su empe\u00f1o legal y asegurarse de que su reclamaci\u00f3n no sea rechazada de nuevo.<\/p>\n<h2>\u00bfMe pueden despedir por presentar una reclamaci\u00f3n de indemnizaci\u00f3n por accidente laboral?<\/h2>\n<p>Seg\u00fan las leyes del Estado de Florida, todo trabajador tiene derecho a presentar una reclamaci\u00f3n de indemnizaci\u00f3n por accidente laboral cuando se lesiona en el trabajo. Como tal, su empleador no debe, y est\u00e1 legalmente prohibido, despedirle despu\u00e9s de presentar la reclamaci\u00f3n.<\/p>\n<p>Eso significa que usted puede demandarlos si lo despiden por tomar tal acci\u00f3n.<\/p>\n<p>En Florida Lawyers 360, un abogado de indemnizaci\u00f3n laboral de Melbourne tomar\u00e1 nota de dicha conducta y la tendr\u00e1 en cuenta mientras buscamos la indemnizaci\u00f3n m\u00e1xima que usted se merece por sus lesiones laborales.<\/p>\n<h2>\u00bfExiste un l\u00edmite de tiempo para presentar una reclamaci\u00f3n de indemnizaci\u00f3n laboral en Melbourne, FL?<\/h2>\n<p>La ley del Estado de Florida tiene un plazo de prescripci\u00f3n para presentar una reclamaci\u00f3n de indemnizaci\u00f3n laboral, un per\u00edodo de dos a\u00f1os a partir de la fecha en que ocurri\u00f3 el accidente.<\/p>\n<p>Cuanto antes acuda a nosotros para que lo ayudemos a iniciar el proceso legal, antes podr\u00e1 presentar su reclamaci\u00f3n un abogado especialista en indemnizaci\u00f3n laboral de Melbourne.<\/p>\n<p><a href=\"https:\/\/floridalawyers360.com\/wp-content\/uploads\/2024\/03\/melbourne-wc3-copy.webp\"><img decoding=\"async\" class=\"alignnone size-full wp-image-3310\" src=\"https:\/\/floridalawyers360.com\/wp-content\/uploads\/2024\/03\/melbourne-wc3-copy.webp\" alt=\"Can I sue my employer for workers' compensation\" width=\"500\" height=\"334\" srcset=\"https:\/\/floridalawyers360.com\/wp-content\/uploads\/2024\/03\/melbourne-wc3-copy.webp 500w, https:\/\/floridalawyers360.com\/wp-content\/uploads\/2024\/03\/melbourne-wc3-copy-300x200.webp 300w\" sizes=\"(max-width: 500px) 100vw, 500px\" \/><\/a><\/p>\n<h2>\u00bfPuedo demandar a mi empresario?<\/h2>\n<p>Aunque los motivos para demandar a su empleador por el accidente son complicados y difieren, usted debe tener suficientes factores que ameriten tomar tal acci\u00f3n.<\/p>\n<p>Sin embargo, usted podr\u00eda ser elegible para demandar a su empleador si lo despidieron debido a la presentaci\u00f3n de una reclamaci\u00f3n de compensaci\u00f3n de trabajadores por las lesiones que manch\u00f3 en el trabajo.<\/p>\n<h2>\u00bfPuedo presentar una reclamaci\u00f3n de compensaci\u00f3n laboral como contratista independiente?<\/h2>\n<p>La Secci\u00f3n 440.02(15)(c)3) de las leyes del Estado de Florida proh\u00edbe a los contratistas independientes presentar una reclamaci\u00f3n de compensaci\u00f3n de los trabajadores ya que est\u00e1n indirectamente bajo el empleo de sus pagadores. Hable con su abogado de compensaci\u00f3n legal por accidentes de trabajo de Melbourne para conocer sus derechos.<\/p>\n<h2>\u00bfCu\u00e1nto vale mi reclamaci\u00f3n de indemnizaci\u00f3n laboral de Melbourne?<\/h2>\n<p>Los beneficios a los que tiene derecho por su reclamo de indemnizaci\u00f3n laboral pueden variar, siendo mayores o menores seg\u00fan los factores imperantes.<\/p>\n<p>Algunas de las cosas que su abogado de compensaci\u00f3n de trabajadores de Melbourne tendr\u00e1 en cuenta incluyen la gravedad de las lesiones y su impacto en su salud y forma de vida.<\/p>\n<p>Esto significa que la indemnizaci\u00f3n que se le conceda cubrir\u00e1 lo siguiente:<\/p>\n<ul>\n<li>Su tratamiento y facturas m\u00e9dicas, estipul\u00e1ndose en algunos casos que lo haga con un m\u00e9dico espec\u00edfico o autorizado.<\/li>\n<li>Todos los gastos de rehabilitaci\u00f3n en que incurra durante su proceso de recuperaci\u00f3n.<\/li>\n<li>Un porcentaje de sus salarios perdidos.<\/li>\n<li>Los costes de la medicaci\u00f3n recetada que est\u00e9 utilizando o vaya a utilizar a largo plazo.<\/li>\n<li>Los gastos de desplazamiento en los que incurra cuando busque tratamiento o acuda a fisioterapia y rehabilitaci\u00f3n.<\/li>\n<li>Puede incluir una prestaci\u00f3n sustitutoria por p\u00e9rdida de ingresos. Suele consistir en dos tercios de sus ingresos semanales medios y suele tener un tope de 575 d\u00f3lares.<\/li>\n<li>Prestaci\u00f3n por incapacidad permanente parcial (PPD), seg\u00fan lo estipulado en las directrices de la Asociaci\u00f3n M\u00e9dica Americana, que es una cantidad adicional de dinero que se concede en funci\u00f3n de la calificaci\u00f3n de incapacidad autorizada por el m\u00e9dico tratante.<\/li>\n<\/ul>\n<p>&nbsp;<\/p>\n<p><a href=\"https:\/\/floridalawyers360.com\/wp-content\/uploads\/2024\/03\/melbourne-wc4-copy.webp\"><img loading=\"lazy\" decoding=\"async\" class=\"alignnone size-full wp-image-3309\" src=\"https:\/\/floridalawyers360.com\/wp-content\/uploads\/2024\/03\/melbourne-wc4-copy.webp\" alt=\"Melbourne Workers' Compensation Lawyer\" width=\"500\" height=\"334\" srcset=\"https:\/\/floridalawyers360.com\/wp-content\/uploads\/2024\/03\/melbourne-wc4-copy.webp 500w, https:\/\/floridalawyers360.com\/wp-content\/uploads\/2024\/03\/melbourne-wc4-copy-300x200.webp 300w\" sizes=\"(max-width: 500px) 100vw, 500px\" \/><\/a><\/p>\n<h2>Llame A Nuestras Oficinas Legales En Melbourne, FL Para Saber Mas<\/h2>\n<p>De acuerdo con las leyes del Estado de Florida, usted tiene derecho a solicitar una indemnizaci\u00f3n por las lesiones que sufri\u00f3 mientras trabajaba. Por lo tanto, no tema presentar un reclamo de compensaci\u00f3n laboral pensando que corre el riesgo de perder su empleo.<\/p>\n<p>Llame a Florida Lawyers 360 si necesita ayuda con este asunto.<\/p>\n<p>Nuestros experimentados abogados de indemnizaci\u00f3n laboral en Melbourne, Florida, est\u00e1n listos para escucharlo, programar una revisi\u00f3n gratuita de su caso y asesorarlo sobre el mejor camino a seguir. Ll\u00e1menos hoy al <a href=\"tel:+19544487355\"><i class=\"fa fa-phone-alt\"><\/i>954-448-7355<\/a> y descubra c\u00f3mo podemos ayudarle.<\/p>\n","protected":false},"excerpt":{"rendered":"<p>Las leyes del Estado de Florida otorgan a todos los empleados, ya sea en el campo o en la oficina, el derecho a una indemnizaci\u00f3n por lesiones sufridas en el trabajo. Los abogados de indemnizaci\u00f3n laboral de Melbourne pueden ayudar a garantizar el cumplimiento de estas leyes. Si bien la mayor\u00eda de los empleadores cuentan [&hellip;]<\/p>\n","protected":false},"author":22,"featured_media":0,"parent":5904,"menu_order":0,"comment_status":"closed","ping_status":"closed","template":"","meta":{"_acf_changed":false,"anchor_text":"","footnotes":""},"categories":[],"tags":[],"class_list":["post-5914","page","type-page","status-publish","hentry"],"acf":[],"_links":{"self":[{"href":"https:\/\/floridalawyers360.com\/es\/wp-json\/wp\/v2\/pages\/5914","targetHints":{"allow":["GET"]}}],"collection":[{"href":"https:\/\/floridalawyers360.com\/es\/wp-json\/wp\/v2\/pages"}],"about":[{"href":"https:\/\/floridalawyers360.com\/es\/wp-json\/wp\/v2\/types\/page"}],"author":[{"embeddable":true,"href":"https:\/\/floridalawyers360.com\/es\/wp-json\/wp\/v2\/users\/22"}],"replies":[{"embeddable":true,"href":"https:\/\/floridalawyers360.com\/es\/wp-json\/wp\/v2\/comments?post=5914"}],"version-history":[{"count":3,"href":"https:\/\/floridalawyers360.com\/es\/wp-json\/wp\/v2\/pages\/5914\/revisions"}],"predecessor-version":[{"id":5917,"href":"https:\/\/floridalawyers360.com\/es\/wp-json\/wp\/v2\/pages\/5914\/revisions\/5917"}],"up":[{"embeddable":true,"href":"https:\/\/floridalawyers360.com\/es\/wp-json\/wp\/v2\/pages\/5904"}],"wp:attachment":[{"href":"https:\/\/floridalawyers360.com\/es\/wp-json\/wp\/v2\/media?parent=5914"}],"wp:term":[{"taxonomy":"category","embeddable":true,"href":"https:\/\/floridalawyers360.com\/es\/wp-json\/wp\/v2\/categories?post=5914"},{"taxonomy":"post_tag","embeddable":true,"href":"https:\/\/floridalawyers360.com\/es\/wp-json\/wp\/v2\/tags?post=5914"}],"curies":[{"name":"wp","href":"https:\/\/api.w.org\/{rel}","templated":true}]}}