{"id":5910,"date":"2024-02-14T09:35:56","date_gmt":"2024-02-14T14:35:56","guid":{"rendered":"https:\/\/floridalawyers360.com\/melbourne\/melbourne-personal-injury-lawyer\/"},"modified":"2024-03-13T01:17:28","modified_gmt":"2024-03-13T06:17:28","slug":"melbourne-abogado-de-lesiones-personales","status":"publish","type":"page","link":"https:\/\/floridalawyers360.com\/es\/melbourne\/melbourne-abogado-de-lesiones-personales\/","title":{"rendered":"Melbourne Abogado de Lesiones Personales"},"content":{"rendered":"<p>\u00bfEst\u00e1 involucrado en un accidente de coche en Melbourne, Florida debido a la culpa de otra parte? Si es as\u00ed, la ley de Florida le permite reclamar una indemnizaci\u00f3n por sus lesiones a la parte responsable.<\/p>\n<p>Hubo un total de 328,670 choques en Florida en 2015. M\u00e1s de 213,913 personas resultaron heridas como resultado de estos accidentes. Los abogados de lesiones personales de Melbourne pueden ayudarle a navegar por estas situaciones legales.<\/p>\n<p>Florida es un estado que practica la negligencia comparativa pura donde su compensaci\u00f3n depende de su porcentaje de participaci\u00f3n en el accidente.<\/p>\n<p>Por ejemplo, si usted tuvo un 25% de culpa en causar el accidente, no ser\u00e1 compensado al 100% por las lesiones que sufri\u00f3 como resultado del choque. De hecho, el juez o el jurado reducir\u00e1n su indemnizaci\u00f3n al 75% del total debido a su implicaci\u00f3n en el accidente.<\/p>\n<p>Demostrar la negligencia de la parte culpable es extremadamente importante para obtener una indemnizaci\u00f3n por sus lesiones.<\/p>\n<p>Por eso necesita contratar al mejor abogado de lesiones personales para que se encargue de su demanda. Melbourne tiene su propia cuota de abogados de lesiones personales, pero no todos son creados iguales.<\/p>\n<p>Cuando usted est\u00e1 buscando el mejor abogado de lesiones personales Melbourne para manejar su caso, usted no tiene que buscar m\u00e1s all\u00e1 de Florida Abogados 360. Somos su socio de confianza para preparar y presentar su caso de manera que obtenga la m\u00e1xima compensaci\u00f3n por sus lesiones.<\/p>\n<p>Llame Florida Abogados 360 en <a href=\"tel:+19544487355\"><i class=\"fa fa-phone-alt\"><\/i>954-448-7355<\/a> hoy para manejar su demanda de accidente de coche en Melbourne FL y obtener la m\u00e1xima compensaci\u00f3n por sus lesiones.<\/p>\n\t\t<div data-elementor-type=\"section\" data-elementor-id=\"208\" class=\"elementor elementor-208\" data-elementor-post-type=\"elementor_library\">\n\t\t\t\t\t<section class=\"elementor-section elementor-top-section elementor-element elementor-element-485e576a elementor-section-boxed elementor-section-height-default elementor-section-height-default\" data-id=\"485e576a\" data-element_type=\"section\" data-e-type=\"section\">\n\t\t\t\t\t\t<div class=\"elementor-container elementor-column-gap-default\">\n\t\t\t\t\t<div class=\"elementor-column elementor-col-100 elementor-top-column elementor-element elementor-element-635c38c0\" data-id=\"635c38c0\" data-element_type=\"column\" data-e-type=\"column\">\n\t\t\t<div class=\"elementor-widget-wrap elementor-element-populated\">\n\t\t\t\t\t\t<div class=\"elementor-element elementor-element-3ba95c8a elementor-toc--minimized-on-tablet elementor-widget elementor-widget-table-of-contents\" data-id=\"3ba95c8a\" data-element_type=\"widget\" data-e-type=\"widget\" data-settings=\"{&quot;exclude_headings_by_selector&quot;:&quot;.toc-remove&quot;,&quot;headings_by_tags&quot;:[&quot;h2&quot;,&quot;h3&quot;],&quot;marker_view&quot;:&quot;numbers&quot;,&quot;no_headings_message&quot;:&quot;No se ha encontrado ning\\u00fan encabezado en esta p\\u00e1gina.&quot;,&quot;minimize_box&quot;:&quot;yes&quot;,&quot;minimized_on&quot;:&quot;tablet&quot;,&quot;hierarchical_view&quot;:&quot;yes&quot;,&quot;min_height&quot;:{&quot;unit&quot;:&quot;px&quot;,&quot;size&quot;:&quot;&quot;,&quot;sizes&quot;:[]},&quot;min_height_tablet&quot;:{&quot;unit&quot;:&quot;px&quot;,&quot;size&quot;:&quot;&quot;,&quot;sizes&quot;:[]},&quot;min_height_mobile&quot;:{&quot;unit&quot;:&quot;px&quot;,&quot;size&quot;:&quot;&quot;,&quot;sizes&quot;:[]}}\" data-widget_type=\"table-of-contents.default\">\n\t\t\t\t\t\t\t\t\t<div class=\"elementor-toc__header\">\n\t\t\t\t\t\t<div class=\"elementor-toc__header-title\">\n\t\t\t\tTable of Contents\t\t\t<\/div>\n\t\t\t\t\t\t\t\t\t\t<div class=\"elementor-toc__toggle-button elementor-toc__toggle-button--expand\" role=\"button\" tabindex=\"0\" aria-controls=\"elementor-toc__3ba95c8a\" aria-expanded=\"true\" aria-label=\"Abrir la tabla de contenidos\"><svg aria-hidden=\"true\" class=\"e-font-icon-svg e-fas-chevron-down\" viewBox=\"0 0 448 512\" xmlns=\"http:\/\/www.w3.org\/2000\/svg\"><path d=\"M207.029 381.476L12.686 187.132c-9.373-9.373-9.373-24.569 0-33.941l22.667-22.667c9.357-9.357 24.522-9.375 33.901-.04L224 284.505l154.745-154.021c9.379-9.335 24.544-9.317 33.901.04l22.667 22.667c9.373 9.373 9.373 24.569 0 33.941L240.971 381.476c-9.373 9.372-24.569 9.372-33.942 0z\"><\/path><\/svg><\/div>\n\t\t\t\t<div class=\"elementor-toc__toggle-button elementor-toc__toggle-button--collapse\" role=\"button\" tabindex=\"0\" aria-controls=\"elementor-toc__3ba95c8a\" aria-expanded=\"true\" aria-label=\"Cerrar la tabla de contenidos\"><svg aria-hidden=\"true\" class=\"e-font-icon-svg e-fas-chevron-up\" viewBox=\"0 0 448 512\" xmlns=\"http:\/\/www.w3.org\/2000\/svg\"><path d=\"M240.971 130.524l194.343 194.343c9.373 9.373 9.373 24.569 0 33.941l-22.667 22.667c-9.357 9.357-24.522 9.375-33.901.04L224 227.495 69.255 381.516c-9.379 9.335-24.544 9.317-33.901-.04l-22.667-22.667c-9.373-9.373-9.373-24.569 0-33.941L207.03 130.525c9.372-9.373 24.568-9.373 33.941-.001z\"><\/path><\/svg><\/div>\n\t\t\t\t\t<\/div>\n\t\t\t\t<div id=\"elementor-toc__3ba95c8a\" class=\"elementor-toc__body\">\n\t\t\t<div class=\"elementor-toc__spinner-container\">\n\t\t\t\t<svg class=\"elementor-toc__spinner eicon-animation-spin e-font-icon-svg e-eicon-loading\" aria-hidden=\"true\" viewBox=\"0 0 1000 1000\" xmlns=\"http:\/\/www.w3.org\/2000\/svg\"><path d=\"M500 975V858C696 858 858 696 858 500S696 142 500 142 142 304 142 500H25C25 237 238 25 500 25S975 237 975 500 763 975 500 975Z\"><\/path><\/svg>\t\t\t<\/div>\n\t\t<\/div>\n\t\t\t\t\t\t<\/div>\n\t\t\t\t\t<\/div>\n\t\t<\/div>\n\t\t\t\t\t<\/div>\n\t\t<\/section>\n\t\t\t\t<\/div>\n\t\t\n<h2>\u00bfQu\u00e9 hacer tras un accidente de tr\u00e1fico?<\/h2>\n<p>Muchas v\u00edctimas entran en p\u00e1nico poco despu\u00e9s de un accidente de coche y olvidan lo que tienen que hacer. Por otra parte, la descarga inmediata de adrenalina le har\u00e1 confundido en cuanto a lo que debe hacer despu\u00e9s del incidente.<\/p>\n<p>Estos son algunos de los pasos m\u00e1s importantes que debe tomar poco despu\u00e9s de un accidente automovil\u00edstico en Melbourne FL:<\/p>\n<h3>Informe de su accidente a las autoridades policiales<\/h3>\n<p>Este es un paso importante a tomar poco despu\u00e9s de un accidente de coche en Melbourne. Aseg\u00farese de obtener una copia del informe policial, ya que juega un papel importante en la prueba de la negligencia del conductor culpable.<\/p>\n<h3>Obtenga ayuda m\u00e9dica incluso si usted piensa que no est\u00e1 lesionado<\/h3>\n<p>Es posible que no sienta ning\u00fan dolor poco despu\u00e9s del accidente debido al subid\u00f3n de adrenalina. Pero debe recibir tratamiento m\u00e9dico y guardar un historial del mismo para demostrar que ha sufrido lesiones como consecuencia del accidente.<\/p>\n<h3>Haz fotos del lugar del accidente<\/h3>\n<p>Esto ayudar\u00e1 a demostrar qui\u00e9n tuvo la culpa del accidente.<\/p>\n<p><a href=\"https:\/\/floridalawyers360.com\/wp-content\/uploads\/2024\/03\/melbourne-pi1-copy.webp\"><img fetchpriority=\"high\" decoding=\"async\" class=\"alignnone size-full wp-image-3302\" src=\"https:\/\/floridalawyers360.com\/wp-content\/uploads\/2024\/03\/melbourne-pi1-copy.webp\" alt=\"Try to remember to document and take photos of the scene after a personal injury\" width=\"500\" height=\"334\" srcset=\"https:\/\/floridalawyers360.com\/wp-content\/uploads\/2024\/03\/melbourne-pi1-copy.webp 500w, https:\/\/floridalawyers360.com\/wp-content\/uploads\/2024\/03\/melbourne-pi1-copy-300x200.webp 300w\" sizes=\"(max-width: 500px) 100vw, 500px\" \/><\/a><\/p>\n<h3>Intercambie informaci\u00f3n con el otro conductor<\/h3>\n<p>Debes intercambiar tu carn\u00e9 de conducir, seguro e informaci\u00f3n de contacto con el otro conductor. No olvides anotar las direcciones, nombres y n\u00fameros de tel\u00e9fono de los testigos del accidente.<\/p>\n<h3>No admitas nunca la culpa<\/h3>\n<p>No mencione nada hasta que hable con un abogado calificado en lesiones personales de Florida Lawyers 360.<\/p>\n<h3>Llame a un abogado profesional y experto en accidentes automovil\u00edsticos<\/h3>\n<p>El abogado se encargar\u00e1 de su demanda y obtendr\u00e1 la m\u00e1xima compensaci\u00f3n por sus lesiones.<\/p>\n<h2>\u00bfPor qu\u00e9 necesita un abogado especializado en lesiones personales de Melbourne?<\/h2>\n<p>Un abogado especializado en accidentes automovil\u00edsticos ayudar\u00e1 a construir un caso s\u00f3lido y a presentarlo en su nombre. De hecho, presentar una demanda por lesiones personales es un proceso bastante complejo que requiere experiencia y conocimiento de la <a href=\"http:\/\/www.leg.state.fl.us\/Statutes\/index.cfm?App_mode=Display_Statute&amp;URL=0600-0699\/0627\/Sections\/0627.736.html\" target=\"_blank\" rel=\"noopener\">ley de lesiones personales en Florida<\/a>.<\/p>\n<p>Los abogados de Florida Lawyers 360 son su mejor opci\u00f3n para llevar el caso y obtener la m\u00e1xima indemnizaci\u00f3n. He aqu\u00ed por qu\u00e9 usted necesita un abogado de accidente de coche para manejar su caso.<\/p>\n<ul>\n<li>Ellos preparan su caso y presentan la demanda de acuerdo a los requisitos legales en el estado<\/li>\n<li>Negociar\u00e1n con las compa\u00f1\u00edas de seguros en su nombre<\/li>\n<li>Llevar\u00e1n su caso a juicio si la compa\u00f1\u00eda de seguros no ofrece la m\u00e1xima indemnizaci\u00f3n por sus lesiones<\/li>\n<\/ul>\n<p>&nbsp;<\/p>\n<p><a href=\"https:\/\/floridalawyers360.com\/wp-content\/uploads\/2024\/03\/melbourne-pi2-copy.webp\"><img decoding=\"async\" class=\"alignnone size-full wp-image-3301\" src=\"https:\/\/floridalawyers360.com\/wp-content\/uploads\/2024\/03\/melbourne-pi2-copy.webp\" alt=\"Speaking to a lawyer after a personal injury\" width=\"500\" height=\"334\" srcset=\"https:\/\/floridalawyers360.com\/wp-content\/uploads\/2024\/03\/melbourne-pi2-copy.webp 500w, https:\/\/floridalawyers360.com\/wp-content\/uploads\/2024\/03\/melbourne-pi2-copy-300x200.webp 300w\" sizes=\"(max-width: 500px) 100vw, 500px\" \/><\/a><\/p>\n<h2>\u00bfCu\u00e1les son los tipos de da\u00f1os que puede recuperar?<\/h2>\n<p>Hay tres tipos b\u00e1sicos de da\u00f1os y perjuicios que puede recuperar en Florida: econ\u00f3micos, no econ\u00f3micos y punitivos.<\/p>\n<p>Los da\u00f1os <strong>econ\u00f3micos<\/strong> son bastante f\u00e1ciles de calcular y pueden incluir p\u00e9rdida de ingresos, facturas m\u00e9dicas, gastos m\u00e9dicos futuros y p\u00e9rdida de calidad de vida.<\/p>\n<p>Los da\u00f1os <strong>no<\/strong> econ\u00f3micos incluyen angustia mental, dolor, sufrimiento y p\u00e9rdida de compa\u00f1\u00eda. De hecho, los da\u00f1os no econ\u00f3micos son algunos de los m\u00e1s dif\u00edciles de calcular.<\/p>\n<p>Por otro lado, los <strong>da\u00f1os punitivos<\/strong> pretenden castigar a la parte responsable por su comportamiento imprudente. Disuadir\u00e1 a otros conductores de comportarse imprudentemente en las carreteras.<\/p>\n<h2>\u00bfC\u00f3mo se determina la responsabilidad en Florida?<\/h2>\n<p>Florida es un estado de pura negligencia comparativa donde usted es compensado de acuerdo a su participaci\u00f3n en el accidente. Si usted es responsable en un 25% de la causa del accidente, recibir\u00e1 s\u00f3lo el 75% del monto total de la indemnizaci\u00f3n.<\/p>\n<p>Hay cuatro elementos que deben ser probados por el abogado de lesiones personales de Melbourne para reclamar una indemnizaci\u00f3n de la parte culpable.<\/p>\n<ul>\n<li>La parte culpable ten\u00eda un deber de cuidado hacia la v\u00edctima<\/li>\n<li>Incumpli\u00f3 su deber de cuidado al conducir de forma temeraria<\/li>\n<li>El incumplimiento provoc\u00f3 el accidente<\/li>\n<li>El accidente caus\u00f3 todas las lesiones a la v\u00edctima<\/li>\n<\/ul>\n<h2>\u00bfCu\u00e1nto tiempo tiene para presentar una demanda por lesiones personales en Florida?<\/h2>\n<p>El estatuto de limitaciones de Florida entrar\u00e1 en vigor cuatro a\u00f1os despu\u00e9s de la fecha del accidente. Debe presentar su caso ante un abogado de lesiones personales de Melbourne antes de ese plazo.<\/p>\n<h2>\u00bfCu\u00e1nto cuesta un abogado de lesiones personales de Melbourne?<\/h2>\n<p>Usted no paga nada por contratar a un abogado de lesiones personales en Florida Lawyers 360 porque nuestros abogados trabajan con honorarios condicionales. Usted debe pagar un porcentaje de la indemnizaci\u00f3n que se le otorgue despu\u00e9s de que el abogado gane el caso por usted.<\/p>\n<p><a href=\"https:\/\/floridalawyers360.com\/wp-content\/uploads\/2024\/03\/melbourne-pi3-copy.webp\"><img decoding=\"async\" class=\"alignnone size-full wp-image-3300\" src=\"https:\/\/floridalawyers360.com\/wp-content\/uploads\/2024\/03\/melbourne-pi3-copy.webp\" alt=\"Melbourne Personal Injury Lawyer\" width=\"500\" height=\"334\" srcset=\"https:\/\/floridalawyers360.com\/wp-content\/uploads\/2024\/03\/melbourne-pi3-copy.webp 500w, https:\/\/floridalawyers360.com\/wp-content\/uploads\/2024\/03\/melbourne-pi3-copy-300x200.webp 300w\" sizes=\"(max-width: 500px) 100vw, 500px\" \/><\/a><\/p>\n<h2>Tipos de casos de lesiones personales que manejan los abogados especializados en lesiones personales de Melbourne:<\/h2>\n<p>Manejamos una amplia variedad de casos de lesiones personales, incluyendo:<\/p>\n<ul>\n<li><a href=\"https:\/\/floridalawyers360.com\/melbourne\/car-accident-lawyer\/\">Accidentes automovil\u00edsticos<\/a><\/li>\n<li>Accidentes de camiones<\/li>\n<li>Accidentes de bicicleta<\/li>\n<li>Accidentes de motocicleta<\/li>\n<li>Accidentes de Uber<\/li>\n<li>Mordeduras de perro<\/li>\n<li>Mala praxis m\u00e9dica<\/li>\n<li><a href=\"\/melbourne\/workers-compensation-lawyer\/\">Accidentes laborales<\/a><\/li>\n<li>Muertes por negligencia<\/li>\n<\/ul>\n<h2>Conclusi\u00f3n<\/h2>\n<p>Cuando usted o alguien de su familia resulta lesionado en un accidente automovil\u00edstico en Melbourne FL por culpa de otra persona, tiene derecho a reclamar una indemnizaci\u00f3n por los da\u00f1os sufridos. Usted necesita contratar al mejor abogado de lesiones personales en Melbourne para manejar su caso.<\/p>\n<p>Llame hoy mismo a Florida Lawyers 360 al <a href=\"tel:+19544487355\"><i class=\"fa fa-phone-alt\"><\/i>954-448-7355<\/a> para manejar su demanda por accidente automovil\u00edstico en Melbourne FL y obtener la m\u00e1xima indemnizaci\u00f3n por sus lesiones.<\/p>\n","protected":false},"excerpt":{"rendered":"<p>\u00bfEst\u00e1 involucrado en un accidente de coche en Melbourne, Florida debido a la culpa de otra parte? Si es as\u00ed, la ley de Florida le permite reclamar una indemnizaci\u00f3n por sus lesiones a la parte responsable. Hubo un total de 328,670 choques en Florida en 2015. M\u00e1s de 213,913 personas resultaron heridas como resultado de [&hellip;]<\/p>\n","protected":false},"author":22,"featured_media":0,"parent":5904,"menu_order":0,"comment_status":"closed","ping_status":"closed","template":"","meta":{"_acf_changed":false,"anchor_text":"","footnotes":""},"categories":[],"tags":[],"class_list":["post-5910","page","type-page","status-publish","hentry"],"acf":[],"_links":{"self":[{"href":"https:\/\/floridalawyers360.com\/es\/wp-json\/wp\/v2\/pages\/5910","targetHints":{"allow":["GET"]}}],"collection":[{"href":"https:\/\/floridalawyers360.com\/es\/wp-json\/wp\/v2\/pages"}],"about":[{"href":"https:\/\/floridalawyers360.com\/es\/wp-json\/wp\/v2\/types\/page"}],"author":[{"embeddable":true,"href":"https:\/\/floridalawyers360.com\/es\/wp-json\/wp\/v2\/users\/22"}],"replies":[{"embeddable":true,"href":"https:\/\/floridalawyers360.com\/es\/wp-json\/wp\/v2\/comments?post=5910"}],"version-history":[{"count":3,"href":"https:\/\/floridalawyers360.com\/es\/wp-json\/wp\/v2\/pages\/5910\/revisions"}],"predecessor-version":[{"id":5913,"href":"https:\/\/floridalawyers360.com\/es\/wp-json\/wp\/v2\/pages\/5910\/revisions\/5913"}],"up":[{"embeddable":true,"href":"https:\/\/floridalawyers360.com\/es\/wp-json\/wp\/v2\/pages\/5904"}],"wp:attachment":[{"href":"https:\/\/floridalawyers360.com\/es\/wp-json\/wp\/v2\/media?parent=5910"}],"wp:term":[{"taxonomy":"category","embeddable":true,"href":"https:\/\/floridalawyers360.com\/es\/wp-json\/wp\/v2\/categories?post=5910"},{"taxonomy":"post_tag","embeddable":true,"href":"https:\/\/floridalawyers360.com\/es\/wp-json\/wp\/v2\/tags?post=5910"}],"curies":[{"name":"wp","href":"https:\/\/api.w.org\/{rel}","templated":true}]}}