{"id":5906,"date":"2024-02-14T09:35:28","date_gmt":"2024-02-14T14:35:28","guid":{"rendered":"https:\/\/floridalawyers360.com\/melbourne\/melbourne-car-accident-lawyer\/"},"modified":"2024-03-13T01:10:33","modified_gmt":"2024-03-13T06:10:33","slug":"melbourne-abogado-de-accidente-de-coche","status":"publish","type":"page","link":"https:\/\/floridalawyers360.com\/es\/melbourne\/melbourne-abogado-de-accidente-de-coche\/","title":{"rendered":"Melbourne Abogado de Accidente de Coche"},"content":{"rendered":"<p>Los accidentes de coche son un problema grave, no s\u00f3lo en Florida sino en todo el pa\u00eds. Seg\u00fan el Departamento de Seguridad Vial y Veh\u00edculos de Motor de Florida, cada a\u00f1o se registran en el estado unos 200.000 accidentes de coche, con una media de 600 choques al d\u00eda.<\/p>\n<p>Estos accidentes son mortales y se sabe que son una de las principales causas de muerte en el estado. A pesar de ser completamente evitables, la gente sigue siendo negligente mientras est\u00e1 en la carretera.<\/p>\n<p>Conducci\u00f3n distra\u00edda, el incumplimiento de las normas de tr\u00e1fico, mensajes de texto mientras se conduce, y conducir bajo la influencia son algunos de los factores m\u00e1s comunes que contribuyen a los accidentes de coche y Melbourne abogados de accidentes de coche est\u00e1n aqu\u00ed para ayudar.<\/p>\n<p>Afortunadamente, Florida no aprueba este tipo de comportamiento y si usted o un ser querido ha sido v\u00edctima de un comportamiento negligente en la carretera, usted es elegible para una indemnizaci\u00f3n.<\/p>\n<p>Sin embargo, la mayor\u00eda de las v\u00edctimas suelen estar traumatizadas o en una posici\u00f3n en la que son incapaces de llevar a los responsables ante la justicia.<\/p>\n<p>Aqu\u00ed es donde Florida Lawyers 360 entra en escena. Los abogados de accidentes automovil\u00edsticos de Melbourne est\u00e1n aqu\u00ed para ayudarle. Nuestro equipo de abogados de accidentes automovil\u00edsticos le ayudar\u00e1 a comprender sus derechos y opciones legales cuando se trata de un caso de accidente automovil\u00edstico.<\/p>\n<p>Comun\u00edquese hoy mismo con nuestros abogados de lesiones personales de Melbourne al <a href=\"tel:+19544487355\"><i class=\"fa fa-phone-alt\"><\/i>954-448-7355<\/a> para una consulta inicial gratuita.<\/p>\n\t\t<div data-elementor-type=\"section\" data-elementor-id=\"208\" class=\"elementor elementor-208\" data-elementor-post-type=\"elementor_library\">\n\t\t\t\t\t<section class=\"elementor-section elementor-top-section elementor-element elementor-element-485e576a elementor-section-boxed elementor-section-height-default elementor-section-height-default\" data-id=\"485e576a\" data-element_type=\"section\" data-e-type=\"section\">\n\t\t\t\t\t\t<div class=\"elementor-container elementor-column-gap-default\">\n\t\t\t\t\t<div class=\"elementor-column elementor-col-100 elementor-top-column elementor-element elementor-element-635c38c0\" data-id=\"635c38c0\" data-element_type=\"column\" data-e-type=\"column\">\n\t\t\t<div class=\"elementor-widget-wrap elementor-element-populated\">\n\t\t\t\t\t\t<div class=\"elementor-element elementor-element-3ba95c8a elementor-toc--minimized-on-tablet elementor-widget elementor-widget-table-of-contents\" data-id=\"3ba95c8a\" data-element_type=\"widget\" data-e-type=\"widget\" data-settings=\"{&quot;exclude_headings_by_selector&quot;:&quot;.toc-remove&quot;,&quot;headings_by_tags&quot;:[&quot;h2&quot;,&quot;h3&quot;],&quot;marker_view&quot;:&quot;numbers&quot;,&quot;no_headings_message&quot;:&quot;No se ha encontrado ning\\u00fan encabezado en esta p\\u00e1gina.&quot;,&quot;minimize_box&quot;:&quot;yes&quot;,&quot;minimized_on&quot;:&quot;tablet&quot;,&quot;hierarchical_view&quot;:&quot;yes&quot;,&quot;min_height&quot;:{&quot;unit&quot;:&quot;px&quot;,&quot;size&quot;:&quot;&quot;,&quot;sizes&quot;:[]},&quot;min_height_tablet&quot;:{&quot;unit&quot;:&quot;px&quot;,&quot;size&quot;:&quot;&quot;,&quot;sizes&quot;:[]},&quot;min_height_mobile&quot;:{&quot;unit&quot;:&quot;px&quot;,&quot;size&quot;:&quot;&quot;,&quot;sizes&quot;:[]}}\" data-widget_type=\"table-of-contents.default\">\n\t\t\t\t\t\t\t\t\t<div class=\"elementor-toc__header\">\n\t\t\t\t\t\t<div class=\"elementor-toc__header-title\">\n\t\t\t\tTable of Contents\t\t\t<\/div>\n\t\t\t\t\t\t\t\t\t\t<div class=\"elementor-toc__toggle-button elementor-toc__toggle-button--expand\" role=\"button\" tabindex=\"0\" aria-controls=\"elementor-toc__3ba95c8a\" aria-expanded=\"true\" aria-label=\"Abrir la tabla de contenidos\"><svg aria-hidden=\"true\" class=\"e-font-icon-svg e-fas-chevron-down\" viewBox=\"0 0 448 512\" xmlns=\"http:\/\/www.w3.org\/2000\/svg\"><path d=\"M207.029 381.476L12.686 187.132c-9.373-9.373-9.373-24.569 0-33.941l22.667-22.667c9.357-9.357 24.522-9.375 33.901-.04L224 284.505l154.745-154.021c9.379-9.335 24.544-9.317 33.901.04l22.667 22.667c9.373 9.373 9.373 24.569 0 33.941L240.971 381.476c-9.373 9.372-24.569 9.372-33.942 0z\"><\/path><\/svg><\/div>\n\t\t\t\t<div class=\"elementor-toc__toggle-button elementor-toc__toggle-button--collapse\" role=\"button\" tabindex=\"0\" aria-controls=\"elementor-toc__3ba95c8a\" aria-expanded=\"true\" aria-label=\"Cerrar la tabla de contenidos\"><svg aria-hidden=\"true\" class=\"e-font-icon-svg e-fas-chevron-up\" viewBox=\"0 0 448 512\" xmlns=\"http:\/\/www.w3.org\/2000\/svg\"><path d=\"M240.971 130.524l194.343 194.343c9.373 9.373 9.373 24.569 0 33.941l-22.667 22.667c-9.357 9.357-24.522 9.375-33.901.04L224 227.495 69.255 381.516c-9.379 9.335-24.544 9.317-33.901-.04l-22.667-22.667c-9.373-9.373-9.373-24.569 0-33.941L207.03 130.525c9.372-9.373 24.568-9.373 33.941-.001z\"><\/path><\/svg><\/div>\n\t\t\t\t\t<\/div>\n\t\t\t\t<div id=\"elementor-toc__3ba95c8a\" class=\"elementor-toc__body\">\n\t\t\t<div class=\"elementor-toc__spinner-container\">\n\t\t\t\t<svg class=\"elementor-toc__spinner eicon-animation-spin e-font-icon-svg e-eicon-loading\" aria-hidden=\"true\" viewBox=\"0 0 1000 1000\" xmlns=\"http:\/\/www.w3.org\/2000\/svg\"><path d=\"M500 975V858C696 858 858 696 858 500S696 142 500 142 142 304 142 500H25C25 237 238 25 500 25S975 237 975 500 763 975 500 975Z\"><\/path><\/svg>\t\t\t<\/div>\n\t\t<\/div>\n\t\t\t\t\t\t<\/div>\n\t\t\t\t\t<\/div>\n\t\t<\/div>\n\t\t\t\t\t<\/div>\n\t\t<\/section>\n\t\t\t\t<\/div>\n\t\t\n<h2>\u00bfCu\u00e1nto cuesta un abogado de accidente de coche Melbourne?<\/h2>\n<p>La mayor\u00eda, si no todos los abogados de lesiones personales en todo el estado operan en un acuerdo de contingencia. Esto significa que usted s\u00f3lo paga los honorarios del abogado si gana el caso, ya sea por un veredicto favorable en el tribunal o por obtener un acuerdo.<\/p>\n<p>Por el contrario, si el abogado no consigue el acuerdo que usted necesita, usted no paga nada.<\/p>\n<p>Si el caso prospera, tu abogado se llevar\u00e1 un porcentaje acordado del total de los da\u00f1os y perjuicios que hayas recibido. Esto anima al abogado a dedicar sus habilidades y esfuerzos a la b\u00fasqueda de la m\u00e1xima compensaci\u00f3n por sus lesiones y da\u00f1os.<\/p>\n<p>Florida Lawyers 360 opera de manera similar. Usted no paga nada a un abogado de accidentes automovil\u00edsticos en Melbourne a menos que obtengamos dinero por sus p\u00e9rdidas. Esa es nuestra Garant\u00eda de No Pago de Honorarios.<\/p>\n<h2>\u00bfQu\u00e9 hacer tras un accidente de tr\u00e1fico?<\/h2>\n<p><a href=\"https:\/\/www.thebalance.com\/i-had-a-car-accident-now-what-2645472\" target=\"_blank\" rel=\"noopener\">Ha tenido un accidente de tr\u00e1fico, \u00bfy ahora qu\u00e9?<\/a><\/p>\n<h3>Llamar a la polic\u00eda<\/h3>\n<p>Llamar a las autoridades competentes es lo primero que debes hacer, independientemente de la gravedad del accidente. Esto no s\u00f3lo es requerido por la ley, pero tener un informe oficial de la polic\u00eda hace que sea m\u00e1s f\u00e1cil hacer un caso s\u00f3lido.<\/p>\n<h3>Investiga a la otra parte<\/h3>\n<p>Si es posible, mira a tu alrededor para asegurarte de que todo el mundo est\u00e1 bien. No abandones el lugar hasta que la polic\u00eda te haya dado el visto bueno.<\/p>\n<h3>Intercambia informaci\u00f3n<\/h3>\n<p>A continuaci\u00f3n, anota los nombres, datos de contacto, detalles del seguro y cualquier otra informaci\u00f3n relevante. Facilita tambi\u00e9n tus datos al otro conductor.<\/p>\n<p><a href=\"https:\/\/floridalawyers360.com\/wp-content\/uploads\/2024\/03\/melbourne-car-acc1-copy.webp\"><img fetchpriority=\"high\" decoding=\"async\" class=\"alignnone size-full wp-image-3294\" src=\"https:\/\/floridalawyers360.com\/wp-content\/uploads\/2024\/03\/melbourne-car-acc1-copy.webp\" alt=\"Contact our Melbourne Car Accident Lawyers today\" width=\"500\" height=\"334\" srcset=\"https:\/\/floridalawyers360.com\/wp-content\/uploads\/2024\/03\/melbourne-car-acc1-copy.webp 500w, https:\/\/floridalawyers360.com\/wp-content\/uploads\/2024\/03\/melbourne-car-acc1-copy-300x200.webp 300w\" sizes=\"(max-width: 500px) 100vw, 500px\" \/><\/a><\/p>\n<h3>Graba la escena<\/h3>\n<p>Si puedes moverte, intenta documentar todo lo que haya en el lugar del accidente. Esto incluye tomar fotograf\u00edas y v\u00eddeos de tus lesiones, da\u00f1os, estado de la carretera, marcas de derrape, etc. Esta informaci\u00f3n ser\u00e1 vital para probar tu reclamaci\u00f3n.<\/p>\n<h3>Nunca admitas la culpa<\/h3>\n<p>Lo \u00faltimo que quieres es disculparte o admitir la culpa, ya que s\u00f3lo comprometer\u00e1 tu capacidad para solicitar una indemnizaci\u00f3n.<\/p>\n<h3>Busque atenci\u00f3n m\u00e9dica<\/h3>\n<p>Esta es una de las cosas m\u00e1s importantes que hay que hacer despu\u00e9s de un accidente. Aunque te encuentres bien, algunas lesiones tardan en manifestarse, y si no te examina un especialista m\u00e9dico, ser\u00e1 dif\u00edcil reclamar por tus lesiones.<\/p>\n<p>Adem\u00e1s, las compa\u00f1\u00edas de seguros exigen un informe oficial de un m\u00e9dico a la hora de reclamar.<\/p>\n<h3>Llama a un abogado de accidentes de tr\u00e1fico<\/h3>\n<p>Tambi\u00e9n es importante que te pongas en contacto con un abogado experto en accidentes de tr\u00e1fico lo antes posible. Cuanto antes se involucren en su caso, mayores ser\u00e1n las posibilidades de obtener un buen resultado. Los abogados de accidentes de tr\u00e1fico de Melbourne est\u00e1n esperando a que les llame.<\/p>\n<h2>\u00bfCu\u00e1l es la indemnizaci\u00f3n media por accidente de tr\u00e1fico en Melbourne?<\/h2>\n<p>Despu\u00e9s de un accidente grave, la gente suele preguntarse por la cuant\u00eda de la indemnizaci\u00f3n que puede obtener a trav\u00e9s de un acuerdo judicial. Sin embargo, la respuesta es que no existe una cantidad media.<\/p>\n<p>Esto se debe a que la cantidad de dinero concedida var\u00eda enormemente en funci\u00f3n de una serie de factores como la gravedad de la lesi\u00f3n, la naturaleza del incidente y las p\u00f3lizas de seguro implicadas.<\/p>\n<p>La cantidad exacta para su demanda requiere la recopilaci\u00f3n de informaci\u00f3n que es mejor interpretado por un abogado competente Melbourne accidente de coche.<\/p>\n<h2>\u00bfPor qu\u00e9 necesito un abogado?<\/h2>\n<p>No puede confiar en que una compa\u00f1\u00eda de seguros le proporcione informaci\u00f3n importante, ya que nunca est\u00e1n de su lado cuando se trata de reclamaciones. Si bien le ofrecer\u00e1n una indemnizaci\u00f3n, su inter\u00e9s es otorgarle la menor cantidad posible.<\/p>\n<p>Por eso es importante no aceptar nunca un acuerdo antes de consultar a un abogado competente en accidentes de coche en Melbourne.<\/p>\n<p>Nuestro equipo har\u00e1 todo lo que est\u00e9 en nuestras manos para ayudarle a obtener el m\u00e1ximo acuerdo posible haciendo lo siguiente:<\/p>\n<h3>Preparar el caso y presentar una reclamaci\u00f3n<\/h3>\n<p>Su abogado de accidentes de coche de Melbourne examinar\u00e1 minuciosamente cada elemento de su caso para determinar la parte culpable, el importe de la indemnizaci\u00f3n que usted merece y tambi\u00e9n construir\u00e1 un caso s\u00f3lido para usted.<\/p>\n<p>A continuaci\u00f3n, le ayudar\u00e1 a asegurarse de que presenta su reclamaci\u00f3n de acuerdo con la ley y dentro del plazo establecido.<\/p>\n<p>Tenga en cuenta que el incumplimiento del plazo y los errores en el proceso de presentaci\u00f3n de la reclamaci\u00f3n pueden impedirle solicitar una indemnizaci\u00f3n.<\/p>\n<p><a href=\"https:\/\/floridalawyers360.com\/wp-content\/uploads\/2024\/03\/melbourne-car-acc2-copy.webp\"><img decoding=\"async\" class=\"alignnone size-full wp-image-3293\" src=\"https:\/\/floridalawyers360.com\/wp-content\/uploads\/2024\/03\/melbourne-car-acc2-copy.webp\" alt=\"After a Car Accident exchanging info\" width=\"500\" height=\"334\" srcset=\"https:\/\/floridalawyers360.com\/wp-content\/uploads\/2024\/03\/melbourne-car-acc2-copy.webp 500w, https:\/\/floridalawyers360.com\/wp-content\/uploads\/2024\/03\/melbourne-car-acc2-copy-300x200.webp 300w\" sizes=\"(max-width: 500px) 100vw, 500px\" \/><\/a><\/p>\n<h3>Negociaci\u00f3n del acuerdo<\/h3>\n<p>Este es un paso importante que requiere grandes habilidades de negociaci\u00f3n si desea una indemnizaci\u00f3n justa. Los abogados de accidentes de tr\u00e1fico de Melbourne tienen experiencia y saben qu\u00e9 hacer para negociar un acuerdo justo.<\/p>\n<h3>Representaci\u00f3n ante los tribunales<\/h3>\n<p>Si no puede llegar a un acuerdo justo con la parte responsable, su abogado estar\u00e1 preparado para llevar el caso ante los tribunales. Por eso es importante contratar a un abogado con experiencia en llevar casos de lesiones personales ante los tribunales.<\/p>\n<h2>\u00bfQu\u00e9 tipo de da\u00f1os puedo recuperar en Florida?<\/h2>\n<p>Los da\u00f1os y perjuicios implican la cantidad estimada de dinero a la que usted tiene derecho por las lesiones sufridas debido a la negligencia de otra parte. En Florida, usted puede recuperar los siguientes tipos de da\u00f1os:<\/p>\n<h3>Econ\u00f3micos<\/h3>\n<p>Estos le reembolsan el dinero que ha perdido o perder\u00e1 en el futuro debido al accidente. Estos incluyen facturas m\u00e9dicas, reparaci\u00f3n del coche, p\u00e9rdida de ingresos, gastos de transporte, etc.<\/p>\n<h3>No econ\u00f3micos<\/h3>\n<p>Suelen referirse a la angustia emocional y f\u00edsica experimentada por el accidente y que afecta a su calidad de vida. Consisten, en cierta medida, en desfiguraci\u00f3n, incapacidad, angustia mental, dolor f\u00edsico, molestias y p\u00e9rdida de consorcio.<\/p>\n<h3>Punitivos<\/h3>\n<p>Son indemnizaciones que se conceden en casos en que la conducta del demandado se considera maliciosa o deplorable. Se conceden para castigar al infractor y disuadir a otros de comportamientos similares.<\/p>\n<h2>\u00bfC\u00f3mo se determina la culpa en Florida?<\/h2>\n<p>Para que usted pueda recuperar los da\u00f1os, tendr\u00e1 que demostrar que la otra parte tuvo la culpa del incidente. Como tal, su abogado necesitar\u00e1 probar los siguientes aspectos de negligencia:<\/p>\n<ol>\n<li>La otra parte le deb\u00eda un deber de cuidado para actuar de manera responsable.<\/li>\n<li>La otra parte incumpli\u00f3 su deber de diligencia al no actuar de forma responsable<\/li>\n<li>El accidente que provoc\u00f3 las lesiones se debi\u00f3 a la negligencia de la otra parte<\/li>\n<li>El accidente provoc\u00f3 lesiones y da\u00f1os<\/li>\n<\/ol>\n<h2>\u00bfCu\u00e1nto tiempo tengo para presentar una demanda en Florida?<\/h2>\n<p>El plazo de prescripci\u00f3n para las reclamaciones por lesiones personales, incluidos los accidentes de coche, es de 4 a\u00f1os a partir de la fecha del incidente.<\/p>\n<h2>\u00bfC\u00f3mo puede ayudarme un abogado a presentar mi reclamaci\u00f3n al seguro?<\/h2>\n<p>Hay un procedimiento que debe seguir para presentar una reclamaci\u00f3n por accidente de coche. Florida es un estado sin culpa, lo que significa que usted necesita tratar con su compa\u00f1\u00eda de seguros en primer lugar para la soluci\u00f3n.<\/p>\n<p>Usted necesita notificar tanto a su compa\u00f1\u00eda de seguros como a la de la otra parte de su intenci\u00f3n de presentar una reclamaci\u00f3n. Usted debe dejar que su abogado de accidente de coche Melbourne manejar esto, ya que cualquier error puede poner en peligro su caso.<\/p>\n<p>Su abogado de accidentes de coche en Melbourne tambi\u00e9n redactar\u00e1 una carta con todas las pruebas y la informaci\u00f3n relativa a las lesiones y los da\u00f1os sufridos. A continuaci\u00f3n, iniciar\u00e1 las negociaciones y preparar\u00e1 su caso para el juicio si no se llega a un acuerdo favorable.<\/p>\n<p><a href=\"https:\/\/floridalawyers360.com\/wp-content\/uploads\/2024\/03\/melbourne-car-acc3-copy.webp\"><img decoding=\"async\" class=\"alignnone size-full wp-image-3292\" src=\"https:\/\/floridalawyers360.com\/wp-content\/uploads\/2024\/03\/melbourne-car-acc3-copy.webp\" alt=\"Melbourne Car Accident Lawyer\" width=\"500\" height=\"334\" srcset=\"https:\/\/floridalawyers360.com\/wp-content\/uploads\/2024\/03\/melbourne-car-acc3-copy.webp 500w, https:\/\/floridalawyers360.com\/wp-content\/uploads\/2024\/03\/melbourne-car-acc3-copy-300x200.webp 300w\" sizes=\"(max-width: 500px) 100vw, 500px\" \/><\/a><\/p>\n<h2>\u00bfQu\u00e9 pasa si el otro conductor no tiene seguro?<\/h2>\n<p>Tratar con un conductor sin seguro es el aspecto m\u00e1s dif\u00edcil de la b\u00fasqueda de compensaci\u00f3n despu\u00e9s de un accidente. Sin embargo, si usted tiene cobertura de motorista sin seguro, la cuesti\u00f3n se vuelve menos complicada ya que su compa\u00f1\u00eda de seguros est\u00e1 obligada a compensarle.<\/p>\n<p>Una vez m\u00e1s, su abogado de accidente de coche Melbourne debe darle un asesoramiento s\u00f3lido cuando se trata de conductores sin seguro y sus opciones legales.<\/p>\n<p>Si los da\u00f1os est\u00e1n m\u00e1s all\u00e1 de su cobertura de motorista sin seguro, usted tambi\u00e9n tiene la opci\u00f3n de presentar una demanda contra el conductor culpable.<\/p>\n<p>Si est\u00e1n luchando financieramente, algunas opciones incluyen pedir cuotas mensuales, embargar su cuenta bancaria y los salarios, as\u00ed como la incautaci\u00f3n de sus bienes personales con un embargo.<\/p>\n<h2>Contrate hoy mismo a un abogado cualificado especializado en accidentes de tr\u00e1fico en Melbourne.<\/h2>\n<p>Nadie anticipa un accidente automovil\u00edstico y estar involucrado en uno es casi siempre estresante y traumatizante. Si usted o un ser querido ha sido lesionado debido a las acciones negligentes de otra persona en la carretera, usted tiene derecho a una indemnizaci\u00f3n.<\/p>\n<p>Sin embargo, el proceso puede ser muy complicado, algo con lo que apenas puede lidiar cuando ya est\u00e1 dolorido.<\/p>\n<p>Para que sea m\u00e1s f\u00e1cil para usted y sus seres queridos, considere la posibilidad de obtener la asistencia de representantes legales calificados de Florida Abogados 360. Nuestro equipo se dedica a luchar por los derechos de las personas y asegurarse de que obtengan la compensaci\u00f3n que merecen.<\/p>\n<p>\u00a1P\u00f3ngase en contacto hoy en <a href=\"tel:+19544487355\"><i class=\"fa fa-phone-alt\"><\/i>954-448-7355<\/a>!<\/p>\n","protected":false},"excerpt":{"rendered":"<p>Los accidentes de coche son un problema grave, no s\u00f3lo en Florida sino en todo el pa\u00eds. Seg\u00fan el Departamento de Seguridad Vial y Veh\u00edculos de Motor de Florida, cada a\u00f1o se registran en el estado unos 200.000 accidentes de coche, con una media de 600 choques al d\u00eda. Estos accidentes son mortales y se [&hellip;]<\/p>\n","protected":false},"author":22,"featured_media":0,"parent":5904,"menu_order":0,"comment_status":"closed","ping_status":"closed","template":"","meta":{"_acf_changed":false,"anchor_text":"","footnotes":""},"categories":[],"tags":[],"class_list":["post-5906","page","type-page","status-publish","hentry"],"acf":[],"_links":{"self":[{"href":"https:\/\/floridalawyers360.com\/es\/wp-json\/wp\/v2\/pages\/5906","targetHints":{"allow":["GET"]}}],"collection":[{"href":"https:\/\/floridalawyers360.com\/es\/wp-json\/wp\/v2\/pages"}],"about":[{"href":"https:\/\/floridalawyers360.com\/es\/wp-json\/wp\/v2\/types\/page"}],"author":[{"embeddable":true,"href":"https:\/\/floridalawyers360.com\/es\/wp-json\/wp\/v2\/users\/22"}],"replies":[{"embeddable":true,"href":"https:\/\/floridalawyers360.com\/es\/wp-json\/wp\/v2\/comments?post=5906"}],"version-history":[{"count":3,"href":"https:\/\/floridalawyers360.com\/es\/wp-json\/wp\/v2\/pages\/5906\/revisions"}],"predecessor-version":[{"id":5909,"href":"https:\/\/floridalawyers360.com\/es\/wp-json\/wp\/v2\/pages\/5906\/revisions\/5909"}],"up":[{"embeddable":true,"href":"https:\/\/floridalawyers360.com\/es\/wp-json\/wp\/v2\/pages\/5904"}],"wp:attachment":[{"href":"https:\/\/floridalawyers360.com\/es\/wp-json\/wp\/v2\/media?parent=5906"}],"wp:term":[{"taxonomy":"category","embeddable":true,"href":"https:\/\/floridalawyers360.com\/es\/wp-json\/wp\/v2\/categories?post=5906"},{"taxonomy":"post_tag","embeddable":true,"href":"https:\/\/floridalawyers360.com\/es\/wp-json\/wp\/v2\/tags?post=5906"}],"curies":[{"name":"wp","href":"https:\/\/api.w.org\/{rel}","templated":true}]}}