{"id":5904,"date":"2024-02-08T11:39:18","date_gmt":"2024-02-08T16:39:18","guid":{"rendered":"https:\/\/floridalawyers360.com\/melbourne\/"},"modified":"2024-03-13T01:02:30","modified_gmt":"2024-03-13T06:02:30","slug":"melbourne","status":"publish","type":"page","link":"https:\/\/floridalawyers360.com\/es\/melbourne\/","title":{"rendered":"Melbourne"},"content":{"rendered":"<p>Si usted o un ser querido ha sido v\u00edctima de un accidente de coche, lesiones personales o lesiones en el trabajo en Melbourne, Florida Abogados 360 est\u00e1 aqu\u00ed para ayudar. Le trataremos como a una persona, no como a un n\u00famero, y nos comprometemos a obtener los mejores resultados para usted y su familia.<\/p>\n<p>Hemos ganado millones de d\u00f3lares en nombre de nuestros clientes. Perm\u00edtanos centrarnos en luchar contra la compa\u00f1\u00eda de seguros para que usted pueda centrarse en mejorar. Puede ponerse en contacto con nosotros en cualquier momento 24\/7 para una consulta gratuita.<\/p>\n","protected":false},"excerpt":{"rendered":"<p>Si usted o un ser querido ha sido v\u00edctima de un accidente de coche, lesiones personales o lesiones en el trabajo en Melbourne, Florida Abogados 360 est\u00e1 aqu\u00ed para ayudar. Le trataremos como a una persona, no como a un n\u00famero, y nos comprometemos a obtener los mejores resultados para usted y su familia. Hemos [&hellip;]<\/p>\n","protected":false},"author":22,"featured_media":3460,"parent":0,"menu_order":0,"comment_status":"closed","ping_status":"closed","template":"","meta":{"_acf_changed":false,"anchor_text":"","footnotes":""},"categories":[],"tags":[],"class_list":["post-5904","page","type-page","status-publish","has-post-thumbnail","hentry"],"acf":[],"_links":{"self":[{"href":"https:\/\/floridalawyers360.com\/es\/wp-json\/wp\/v2\/pages\/5904","targetHints":{"allow":["GET"]}}],"collection":[{"href":"https:\/\/floridalawyers360.com\/es\/wp-json\/wp\/v2\/pages"}],"about":[{"href":"https:\/\/floridalawyers360.com\/es\/wp-json\/wp\/v2\/types\/page"}],"author":[{"embeddable":true,"href":"https:\/\/floridalawyers360.com\/es\/wp-json\/wp\/v2\/users\/22"}],"replies":[{"embeddable":true,"href":"https:\/\/floridalawyers360.com\/es\/wp-json\/wp\/v2\/comments?post=5904"}],"version-history":[{"count":1,"href":"https:\/\/floridalawyers360.com\/es\/wp-json\/wp\/v2\/pages\/5904\/revisions"}],"predecessor-version":[{"id":5905,"href":"https:\/\/floridalawyers360.com\/es\/wp-json\/wp\/v2\/pages\/5904\/revisions\/5905"}],"wp:featuredmedia":[{"embeddable":true,"href":"https:\/\/floridalawyers360.com\/es\/wp-json\/wp\/v2\/media\/3460"}],"wp:attachment":[{"href":"https:\/\/floridalawyers360.com\/es\/wp-json\/wp\/v2\/media?parent=5904"}],"wp:term":[{"taxonomy":"category","embeddable":true,"href":"https:\/\/floridalawyers360.com\/es\/wp-json\/wp\/v2\/categories?post=5904"},{"taxonomy":"post_tag","embeddable":true,"href":"https:\/\/floridalawyers360.com\/es\/wp-json\/wp\/v2\/tags?post=5904"}],"curies":[{"name":"wp","href":"https:\/\/api.w.org\/{rel}","templated":true}]}}