{"id":5898,"date":"2024-02-14T09:31:12","date_gmt":"2024-02-14T14:31:12","guid":{"rendered":"https:\/\/floridalawyers360.com\/largo\/largo-workers-compensation-lawyer\/"},"modified":"2024-03-13T00:55:51","modified_gmt":"2024-03-13T05:55:51","slug":"largo-compensacion-a-los-trabajadores-abogado","status":"publish","type":"page","link":"https:\/\/floridalawyers360.com\/es\/largo\/largo-compensacion-a-los-trabajadores-abogado\/","title":{"rendered":"Largo Compensaci\u00f3n a los Trabajadores Abogado"},"content":{"rendered":"<p>Un abogado de Compensaci\u00f3n al Trabajador de Largo puede ayudarle a navegar el sistema legal. Este sistema fue creado \u00fanicamente para proteger a aquellos que han sido v\u00edctimas de lesiones en el lugar de trabajo. En Florida los beneficios se ofrecen a los trabajadores lesionados, independientemente de su culpa.<\/p>\n<p>Eso significa que el trabajador puede recibir los beneficios de la compensaci\u00f3n de los trabajadores, incluso si \u00e9l es el responsable del incidente que dio lugar a las lesiones.<\/p>\n<p>Un abogado de lesiones personales de Largo puede ayudarle si usted ha sido lesionado mientras trabajaba. Obtenga una consulta gratuita de un abogado de compensaci\u00f3n laboral que conozca bien la junta de compensaci\u00f3n laboral.<\/p>\n\t\t<div data-elementor-type=\"section\" data-elementor-id=\"208\" class=\"elementor elementor-208\" data-elementor-post-type=\"elementor_library\">\n\t\t\t\t\t<section class=\"elementor-section elementor-top-section elementor-element elementor-element-485e576a elementor-section-boxed elementor-section-height-default elementor-section-height-default\" data-id=\"485e576a\" data-element_type=\"section\" data-e-type=\"section\">\n\t\t\t\t\t\t<div class=\"elementor-container elementor-column-gap-default\">\n\t\t\t\t\t<div class=\"elementor-column elementor-col-100 elementor-top-column elementor-element elementor-element-635c38c0\" data-id=\"635c38c0\" data-element_type=\"column\" data-e-type=\"column\">\n\t\t\t<div class=\"elementor-widget-wrap elementor-element-populated\">\n\t\t\t\t\t\t<div class=\"elementor-element elementor-element-3ba95c8a elementor-toc--minimized-on-tablet elementor-widget elementor-widget-table-of-contents\" data-id=\"3ba95c8a\" data-element_type=\"widget\" data-e-type=\"widget\" data-settings=\"{&quot;exclude_headings_by_selector&quot;:&quot;.toc-remove&quot;,&quot;headings_by_tags&quot;:[&quot;h2&quot;,&quot;h3&quot;],&quot;marker_view&quot;:&quot;numbers&quot;,&quot;no_headings_message&quot;:&quot;No headings were found on this page.&quot;,&quot;minimize_box&quot;:&quot;yes&quot;,&quot;minimized_on&quot;:&quot;tablet&quot;,&quot;hierarchical_view&quot;:&quot;yes&quot;,&quot;min_height&quot;:{&quot;unit&quot;:&quot;px&quot;,&quot;size&quot;:&quot;&quot;,&quot;sizes&quot;:[]},&quot;min_height_tablet&quot;:{&quot;unit&quot;:&quot;px&quot;,&quot;size&quot;:&quot;&quot;,&quot;sizes&quot;:[]},&quot;min_height_mobile&quot;:{&quot;unit&quot;:&quot;px&quot;,&quot;size&quot;:&quot;&quot;,&quot;sizes&quot;:[]}}\" data-widget_type=\"table-of-contents.default\">\n\t\t\t\t\t\t\t\t\t<div class=\"elementor-toc__header\">\n\t\t\t\t\t\t<div class=\"elementor-toc__header-title\">\n\t\t\t\tTable of Contents\t\t\t<\/div>\n\t\t\t\t\t\t\t\t\t\t<div class=\"elementor-toc__toggle-button elementor-toc__toggle-button--expand\" role=\"button\" tabindex=\"0\" aria-controls=\"elementor-toc__3ba95c8a\" aria-expanded=\"true\" aria-label=\"Open table of contents\"><svg aria-hidden=\"true\" class=\"e-font-icon-svg e-fas-chevron-down\" viewBox=\"0 0 448 512\" xmlns=\"http:\/\/www.w3.org\/2000\/svg\"><path d=\"M207.029 381.476L12.686 187.132c-9.373-9.373-9.373-24.569 0-33.941l22.667-22.667c9.357-9.357 24.522-9.375 33.901-.04L224 284.505l154.745-154.021c9.379-9.335 24.544-9.317 33.901.04l22.667 22.667c9.373 9.373 9.373 24.569 0 33.941L240.971 381.476c-9.373 9.372-24.569 9.372-33.942 0z\"><\/path><\/svg><\/div>\n\t\t\t\t<div class=\"elementor-toc__toggle-button elementor-toc__toggle-button--collapse\" role=\"button\" tabindex=\"0\" aria-controls=\"elementor-toc__3ba95c8a\" aria-expanded=\"true\" aria-label=\"Close table of contents\"><svg aria-hidden=\"true\" class=\"e-font-icon-svg e-fas-chevron-up\" viewBox=\"0 0 448 512\" xmlns=\"http:\/\/www.w3.org\/2000\/svg\"><path d=\"M240.971 130.524l194.343 194.343c9.373 9.373 9.373 24.569 0 33.941l-22.667 22.667c-9.357 9.357-24.522 9.375-33.901.04L224 227.495 69.255 381.516c-9.379 9.335-24.544 9.317-33.901-.04l-22.667-22.667c-9.373-9.373-9.373-24.569 0-33.941L207.03 130.525c9.372-9.373 24.568-9.373 33.941-.001z\"><\/path><\/svg><\/div>\n\t\t\t\t\t<\/div>\n\t\t\t\t<div id=\"elementor-toc__3ba95c8a\" class=\"elementor-toc__body\">\n\t\t\t<div class=\"elementor-toc__spinner-container\">\n\t\t\t\t<svg class=\"elementor-toc__spinner eicon-animation-spin e-font-icon-svg e-eicon-loading\" aria-hidden=\"true\" viewBox=\"0 0 1000 1000\" xmlns=\"http:\/\/www.w3.org\/2000\/svg\"><path d=\"M500 975V858C696 858 858 696 858 500S696 142 500 142 142 304 142 500H25C25 237 238 25 500 25S975 237 975 500 763 975 500 975Z\"><\/path><\/svg>\t\t\t<\/div>\n\t\t<\/div>\n\t\t\t\t\t\t<\/div>\n\t\t\t\t\t<\/div>\n\t\t<\/div>\n\t\t\t\t\t<\/div>\n\t\t<\/section>\n\t\t\t\t<\/div>\n\t\t\n<h2>\u00bfEst\u00e1 usted cubierto por el seguro de accidentes de trabajo?<\/h2>\n<p>La gente puede estar preocupada porque su empresa no est\u00e1 cubierta por el seguro de indemnizaci\u00f3n de los trabajadores. Podr\u00edan quedar expuestos en caso de accidente. Con la excepci\u00f3n de unos pocos casos, la mayor\u00eda de las empresas est\u00e1n en la Florida est\u00e1n cubiertos por el sistema de compensaci\u00f3n de trabajadores.<\/p>\n<p>La ley dice que si usted trabaja para una empresa que opera en una industria diferente de la construcci\u00f3n y tiene al menos cuatro empleados, ya sea a tiempo completo o parcial, entonces el empleador est\u00e1 obligado a tener un seguro de compensaci\u00f3n a los trabajadores.<\/p>\n<p>Los empleadores en la industria de la construcci\u00f3n est\u00e1n obligados a tener seguro de compensaci\u00f3n de trabajadores. Para obtener m\u00e1s informaci\u00f3n un abogado de compensaci\u00f3n de trabajadores de Largo Florida puede ayudarle.<\/p>\n<p><a href=\"https:\/\/floridalawyers360.com\/wp-content\/uploads\/2024\/02\/largo-wc1-copy.webp\"><img fetchpriority=\"high\" decoding=\"async\" class=\"alignnone size-full wp-image-3261\" src=\"https:\/\/floridalawyers360.com\/wp-content\/uploads\/2024\/02\/largo-wc1-copy.webp\" alt=\"Contact our Largo Workers' Compensation Lawyer if injured at work\" width=\"500\" height=\"334\" srcset=\"https:\/\/floridalawyers360.com\/wp-content\/uploads\/2024\/02\/largo-wc1-copy.webp 500w, https:\/\/floridalawyers360.com\/wp-content\/uploads\/2024\/02\/largo-wc1-copy-300x200.webp 300w\" sizes=\"(max-width: 500px) 100vw, 500px\" \/><\/a><\/p>\n<h2>\u00bfQu\u00e9 medidas debe tomar tras sufrir un accidente laboral?<\/h2>\n<p>Hay algunos pasos que usted debe hacer en el caso de que usted ha sido lesionado en un accidente de trabajo. Al principio, antes de llamar a un abogado de compensaci\u00f3n de trabajadores de Largo debe notificar a su empleador tan pronto como sea posible.<\/p>\n<p>Esto incluye informar a su supervisor inmediatamente, o a cualquier otro funcionario de la oficina.<\/p>\n<p>Usted puede informar a su empleador por tel\u00e9fono, en persona o por escrito. Si informa a su empresa, debe pedirle que rellene la notificaci\u00f3n de lesi\u00f3n cuando pueda, para asegurarse de que la reclamaci\u00f3n llega al proveedor de seguros de su empresa.<\/p>\n<p>Si has sufrido una lesi\u00f3n, tambi\u00e9n debes buscar tratamiento m\u00e9dico. Visite al m\u00e9dico de la empresa cuando \u00e9sta disponga de uno. Tambi\u00e9n puede visitar a su propio m\u00e9dico si hay uno en su empresa.<\/p>\n<p>Es importante que busques atenci\u00f3n m\u00e9dica lo antes posible para asegurarte de que las lesiones que has sufrido quedan documentadas y no se pueden impugnar m\u00e1s adelante.<\/p>\n<p>Despu\u00e9s de haber dado aviso a su empleador y atenci\u00f3n m\u00e9dica, usted puede buscar un abogado de lesiones personales que tenga conocimientos sobre la competencia de los trabajadores de la Florida para recibir asesoramiento.<\/p>\n<h2>\u00bfCu\u00e1ndo debo comunicar mi accidente de trabajo?<\/h2>\n<p>Los trabajadores lesionados tienen que notificar el accidente de trabajo inmediatamente, pero deben hacerlo en un plazo m\u00e1ximo de 30 d\u00edas a partir de la fecha en que se produjo el incidente. Su reclamaci\u00f3n podr\u00eda ser rechazada si no notifica su lesi\u00f3n en el plazo establecido.<\/p>\n<h2>\u00bfQu\u00e9 ocurre si su empresario no puede notificar la lesi\u00f3n?<\/h2>\n<p>El empresario de su trabajo es el responsable de notificarle el incidente. Para asegurarse de que su reclamaci\u00f3n se tramita con rapidez y de que usted recibe las prestaciones lo antes posible, su empresario debe notific\u00e1rselo sin demora a su compa\u00f1\u00eda de seguros.<\/p>\n<p>Si no pueden declarar el siniestro o ponerse en contacto con la compa\u00f1\u00eda de seguros y hacer un informe del accidente por su cuenta.<\/p>\n<p>La informaci\u00f3n sobre la indemnizaci\u00f3n por accidente de trabajo debe estar expuesta en la oficina. Tambi\u00e9n debe contener los datos de contacto de la compa\u00f1\u00eda de seguros.<\/p>\n<p>Para obtener ayuda, marque Compensaci\u00f3n a los Trabajadores Florida la Oficina de Asistencia al Empleado, as\u00ed como la Oficina del Defensor del Pueblo.<\/p>\n<p><a href=\"https:\/\/floridalawyers360.com\/wp-content\/uploads\/2024\/02\/largo-wc2-copy.webp\"><img decoding=\"async\" class=\"alignnone size-full wp-image-3262\" src=\"https:\/\/floridalawyers360.com\/wp-content\/uploads\/2024\/02\/largo-wc2-copy.webp\" alt=\"Report you work injury and call a workers' compensation lawyer\" width=\"500\" height=\"334\" srcset=\"https:\/\/floridalawyers360.com\/wp-content\/uploads\/2024\/02\/largo-wc2-copy.webp 500w, https:\/\/floridalawyers360.com\/wp-content\/uploads\/2024\/02\/largo-wc2-copy-300x200.webp 300w\" sizes=\"(max-width: 500px) 100vw, 500px\" \/><\/a><\/p>\n<h2>\u00bfSon las reclamaciones de indemnizaci\u00f3n por accidente laboral lo mismo que las demandas?<\/h2>\n<p>Cualquiera que nunca haya tenido que tratar con la indemnizaci\u00f3n por accidente laboral puede sentirse confundido. Si bien puede parecer sensato pensar que una reclamaci\u00f3n de compensaci\u00f3n de trabajadores es lo mismo que una demanda contra su empleador Sin embargo, la realidad es diferente.<\/p>\n<p>Una reclamaci\u00f3n de indemnizaci\u00f3n por accidente laboral no es una demanda contra su empresa. Es una reclamaci\u00f3n contra la p\u00f3liza de seguro que contrat\u00f3 su empleador. Un abogado con experiencia en compensaci\u00f3n de trabajadores puede ayudarle a aprender m\u00e1s sobre la ley de compensaci\u00f3n de trabajadores.<\/p>\n<h2>\u00bfTiene usted la opci\u00f3n de demandar en lugar de presentar una reclamaci\u00f3n de compensaci\u00f3n de trabajadores?<\/h2>\n<p>\u00bfTiene usted la opci\u00f3n de demandar a su compa\u00f1ero de trabajo o empleador, en lugar de presentar una reclamaci\u00f3n de compensaci\u00f3n de trabajadores? Lamentablemente, no. En Florida, as\u00ed como en otros estados, la ley de compensaci\u00f3n de trabajadores se conoce como un recurso exclusivo.<\/p>\n<p>Esto significa que un empleado no est\u00e1 en condiciones de presentar ninguna demanda por lesiones personales contra su empleador, incluso si no se presentan reclamaciones de compensaci\u00f3n de los trabajadores.<\/p>\n<p>La \u00fanica excepci\u00f3n son las demandas por lesiones en el lugar de trabajo en las que interviene un tercero. \u00c9stas a\u00fan pueden presentarse ante los tribunales.<\/p>\n<p>Por ejemplo, si un empleado de otra empresa que entr\u00f3 en su lugar de trabajo le lesion\u00f3, usted podr\u00eda interponer una demanda civil contra ese individuo, pero no contra la empresa para la que trabaja.<\/p>\n<p><a href=\"https:\/\/floridalawyers360.com\/wp-content\/uploads\/2024\/02\/largo-wc3-copy.webp\"><img decoding=\"async\" class=\"alignnone size-full wp-image-3263\" src=\"https:\/\/floridalawyers360.com\/wp-content\/uploads\/2024\/02\/largo-wc3-copy.webp\" alt=\"Workers' Compensation Lawyer with client\" width=\"500\" height=\"334\" srcset=\"https:\/\/floridalawyers360.com\/wp-content\/uploads\/2024\/02\/largo-wc3-copy.webp 500w, https:\/\/floridalawyers360.com\/wp-content\/uploads\/2024\/02\/largo-wc3-copy-300x200.webp 300w\" sizes=\"(max-width: 500px) 100vw, 500px\" \/><\/a><\/p>\n<h2>Determinaci\u00f3n de la culpa en el curso de una reclamaci\u00f3n de indemnizaci\u00f3n por accidente laboral<\/h2>\n<p>El sistema de compensaci\u00f3n a los trabajadores funciona \u00absin culpa\u00bb. Esto es diferente de otros casos de lesiones personales. Las prestaciones de la compensaci\u00f3n de los trabajadores pueden pagarse independientemente de qui\u00e9n sea el responsable del accidente.<\/p>\n<p>Esto es algo excelente para los trabajadores. Elimina la necesidad de culpar a su jefe o a sus compa\u00f1eros de trabajo. Esto ayuda a acelerar el proceso, ya que la investigaci\u00f3n de la ra\u00edz del incidente no tiene por qu\u00e9 llevar m\u00e1s tiempo.<\/p>\n<p>Tambi\u00e9n es un buen aspecto para los empleados, ya que no les preocupa tener que pagar facturas m\u00e9dicas de alto coste si son responsables del incidente.<\/p>\n<p>La ley establece que la responsabilidad de un empleado s\u00f3lo importa si la lesi\u00f3n del empleado fue resultado de cualquier tipo de alcohol consumido en el trabajo o de la intenci\u00f3n de hacerse da\u00f1o. En tales casos, la reclamaci\u00f3n de indemnizaci\u00f3n por accidente laboral puede ser rechazada.<\/p>\n<p>Sin embargo, si se le niega la reclamaci\u00f3n y la persona que est\u00e1 acusada de cometer fraude sin duda en contacto con un abogado de compensaci\u00f3n de trabajadores Largo inmediatamente.<\/p>\n<h2>\u00bfQu\u00e9 beneficios ofrece un abogado de compensaci\u00f3n de trabajadores de Largo?<\/h2>\n<p>Lo m\u00e1s importante, los empleadores est\u00e1n obligados a cubrir todos los gastos m\u00e9dicos asociados con su lesi\u00f3n en el lugar de trabajo. Los trabajadores tambi\u00e9n pueden ser compensados por cualquier tiempo que no son capaces de trabajar debido a estas lesiones.<\/p>\n<p>La compensaci\u00f3n se paga a 2\/3 de su salario semanal antes de la lesi\u00f3n. Otro beneficio es que los beneficios de la compensaci\u00f3n de los trabajadores no son deducibles de impuestos, lo que significa que m\u00e1s de lo que recibe se mantiene en sus bolsillos.<\/p>\n<p>Un abogado de compensaci\u00f3n de trabajadores puede ayudar con todo esto como buenos abogados de compensaci\u00f3n de trabajadores deben conocer todos los aspectos del seguro.<\/p>\n<h2>\u00bfCu\u00e1nto tiempo puede recibir beneficios de compensaci\u00f3n de trabajadores?<\/h2>\n<p>En la Florida, los trabajadores se les permite recibir beneficios por p\u00e9rdida de salario para el caso de que est\u00e9n en un no-trabajo o restringido las horas de trabajo para el trabajo ligero en el lugar sin opciones de trabajo ligero ofrecido por el empleador. I<\/p>\n<p>n estos casos, los trabajadores tienen derecho a un m\u00e1ximo de 104 semanas adicionales de beneficios.<\/p>\n<p><a href=\"https:\/\/floridalawyers360.com\/wp-content\/uploads\/2024\/02\/largo-wc4-copy.webp\"><img loading=\"lazy\" decoding=\"async\" class=\"alignnone size-full wp-image-3264\" src=\"https:\/\/floridalawyers360.com\/wp-content\/uploads\/2024\/02\/largo-wc4-copy.webp\" alt=\"What happens if you are still hurt\" width=\"500\" height=\"334\" srcset=\"https:\/\/floridalawyers360.com\/wp-content\/uploads\/2024\/02\/largo-wc4-copy.webp 500w, https:\/\/floridalawyers360.com\/wp-content\/uploads\/2024\/02\/largo-wc4-copy-300x200.webp 300w\" sizes=\"(max-width: 500px) 100vw, 500px\" \/><\/a><\/p>\n<h2>\u00bfQu\u00e9 ocurre si sigue lesionado despu\u00e9s de 104 semanas?<\/h2>\n<p>Es estupendo saber que quienes sufren lesiones tienen derecho a recibir dos a\u00f1os de indemnizaci\u00f3n. Pero, \u00bfqu\u00e9 pasa si sufres lesiones graves y no puedes recuperarte en dos a\u00f1os? En ese caso, puede tener derecho a una indemnizaci\u00f3n por incapacidad permanente.<\/p>\n<p>Si tus lesiones son lo suficientemente graves como para justificarlo, las prestaciones por incapacidad permanente total se conceden hasta los 75 a\u00f1os.<\/p>\n<h2>\u00bfPuede elegir su propio m\u00e9dico?<\/h2>\n<p>Hay algunas excepciones a la regla general, sin embargo, en t\u00e9rminos generales, la persona no tiene derecho a elegir a su propio m\u00e9dico en el caso de la indemnizaci\u00f3n por accidente de trabajo.<\/p>\n<p>Esto se debe al hecho de que en la mayor\u00eda de los casos las compa\u00f1\u00edas de seguros seleccionar\u00e1n al m\u00e9dico. Dicho esto, como trabajador lesionado tiene derecho a presentar una \u00fanica solicitud de cambio de m\u00e9dico.<\/p>\n<p>Si la compa\u00f1\u00eda de seguros no elige un nuevo m\u00e9dico para que le vea en un plazo de cinco d\u00edas, usted tiene derecho a consultar al m\u00e9dico de su elecci\u00f3n. Obtenga el asesoramiento de un abogado con experiencia en compensaci\u00f3n de trabajadores en <a href=\"https:\/\/en.wikipedia.org\/wiki\/Largo,_Florida\" target=\"_blank\" rel=\"noopener\">Largo, FL<\/a> para obtener su consejo sobre sus opciones.<\/p>\n<h2>\u00bfQu\u00e9 tan r\u00e1pido se debe presentar un reclamo de Compensaci\u00f3n de Trabajadores Largo?<\/h2>\n<p>El plazo para presentar una reclamaci\u00f3n de beneficios es en realidad de dos a\u00f1os. Esto puede variar dependiendo de las circunstancias especificas.<\/p>\n<p>Adem\u00e1s, a pesar de que un trabajador tiene dos a\u00f1os para presentar una reclamaci\u00f3n, la realidad es que el retraso en la presentaci\u00f3n de informes del accidente a su empleador o la b\u00fasqueda de atenci\u00f3n m\u00e9dica podr\u00eda llevar a obstaculizar gravemente o destruir su capacidad para presentar una reclamaci\u00f3n de compensaci\u00f3n de trabajadores eficaz para los beneficios.<\/p>\n<p>Por lo tanto, es imperativo actuar r\u00e1pido y conectarse con un abogado calificado en compensaci\u00f3n al trabajador de Largo Florida para iniciar el proceso de reclamaci\u00f3n. Para mas detalles sobre el tiempo limite para reclamos de compensacion al trabajador en Florida visite esta pagina.<\/p>\n<p><a href=\"https:\/\/floridalawyers360.com\/wp-content\/uploads\/2024\/02\/largo-wc5-copy.webp\"><img loading=\"lazy\" decoding=\"async\" class=\"alignnone size-full wp-image-3265\" src=\"https:\/\/floridalawyers360.com\/wp-content\/uploads\/2024\/02\/largo-wc5-copy.webp\" alt=\"Can you be fired for filing a workers' compensation claim\" width=\"500\" height=\"334\" srcset=\"https:\/\/floridalawyers360.com\/wp-content\/uploads\/2024\/02\/largo-wc5-copy.webp 500w, https:\/\/floridalawyers360.com\/wp-content\/uploads\/2024\/02\/largo-wc5-copy-300x200.webp 300w\" sizes=\"(max-width: 500px) 100vw, 500px\" \/><\/a><\/p>\n<h2>\u00bfPuede ser despedido por presentar una demanda de compensaci\u00f3n al trabajador en Largo?<\/h2>\n<p>Esta es una preocupaci\u00f3n t\u00edpica entre los trabajadores lesionados, que est\u00e1n preocupados de que si se presentan con una reclamaci\u00f3n de compensaci\u00f3n de trabajadores que podr\u00edan ser castigados o despedidos por su empleador.<\/p>\n<p>No hay raz\u00f3n para que los empleados teman ser despedidos por presentar un reclamo de compensaci\u00f3n al trabajador. Esta es una raz\u00f3n para preocuparse. El abogado de compensacion al trabajador y el empleador tienen que estar bien informados sobre como funciona el seguro de compensacion al trabajador.<\/p>\n<p>Los empleadores de la Florida no se les permite despedir a los empleados que han presentado una reclamaci\u00f3n de indemnizaci\u00f3n de los trabajadores con un abogado personal. De hecho, los empleadores se enfrentar\u00edan a una grave responsabilidad civil cuando despiden a alguien s\u00f3lo para presentar una reclamaci\u00f3n de compensaci\u00f3n del trabajador.<\/p>\n<p>El trabajador podr\u00eda demandar al empleador por haber sido despedido debido a razones injustificables, y posiblemente pedir una indemnizaci\u00f3n por da\u00f1os y perjuicios.<\/p>\n<h2>\u00bfLesionado en el Trabajo? \u00a1Un Abogado de Compensacion al Trabajador de Largo esta Aqui para Ayudarlo!<\/h2>\n<p>As\u00ed que si usted ha sufrido una lesi\u00f3n en el trabajo en Largo despu\u00e9s de notificar a su empleador y luego buscar atenci\u00f3n m\u00e9dica, p\u00f3ngase en contacto con un Abogado de Compensaci\u00f3n al Trabajador de Largo Florida para programar una consulta gratuita.<\/p>\n<p>Llame a <a href=\"\/es\/contacto\/\">Florida Lawyers 360<\/a> al <a href=\"tel:+19544487355\"><i class=\"fa fa-phone-alt\"><\/i>954-448-7355<\/a>.<\/p>\n","protected":false},"excerpt":{"rendered":"<p>Un abogado de Compensaci\u00f3n al Trabajador de Largo puede ayudarle a navegar el sistema legal. Este sistema fue creado \u00fanicamente para proteger a aquellos que han sido v\u00edctimas de lesiones en el lugar de trabajo. En Florida los beneficios se ofrecen a los trabajadores lesionados, independientemente de su culpa. Eso significa que el trabajador puede [&hellip;]<\/p>\n","protected":false},"author":22,"featured_media":0,"parent":5888,"menu_order":0,"comment_status":"closed","ping_status":"closed","template":"","meta":{"_acf_changed":false,"anchor_text":"","footnotes":""},"categories":[],"tags":[],"class_list":["post-5898","page","type-page","status-publish","hentry"],"acf":[],"_links":{"self":[{"href":"https:\/\/floridalawyers360.com\/es\/wp-json\/wp\/v2\/pages\/5898","targetHints":{"allow":["GET"]}}],"collection":[{"href":"https:\/\/floridalawyers360.com\/es\/wp-json\/wp\/v2\/pages"}],"about":[{"href":"https:\/\/floridalawyers360.com\/es\/wp-json\/wp\/v2\/types\/page"}],"author":[{"embeddable":true,"href":"https:\/\/floridalawyers360.com\/es\/wp-json\/wp\/v2\/users\/22"}],"replies":[{"embeddable":true,"href":"https:\/\/floridalawyers360.com\/es\/wp-json\/wp\/v2\/comments?post=5898"}],"version-history":[{"count":3,"href":"https:\/\/floridalawyers360.com\/es\/wp-json\/wp\/v2\/pages\/5898\/revisions"}],"predecessor-version":[{"id":5901,"href":"https:\/\/floridalawyers360.com\/es\/wp-json\/wp\/v2\/pages\/5898\/revisions\/5901"}],"up":[{"embeddable":true,"href":"https:\/\/floridalawyers360.com\/es\/wp-json\/wp\/v2\/pages\/5888"}],"wp:attachment":[{"href":"https:\/\/floridalawyers360.com\/es\/wp-json\/wp\/v2\/media?parent=5898"}],"wp:term":[{"taxonomy":"category","embeddable":true,"href":"https:\/\/floridalawyers360.com\/es\/wp-json\/wp\/v2\/categories?post=5898"},{"taxonomy":"post_tag","embeddable":true,"href":"https:\/\/floridalawyers360.com\/es\/wp-json\/wp\/v2\/tags?post=5898"}],"curies":[{"name":"wp","href":"https:\/\/api.w.org\/{rel}","templated":true}]}}