{"id":5894,"date":"2024-02-14T09:30:43","date_gmt":"2024-02-14T14:30:43","guid":{"rendered":"https:\/\/floridalawyers360.com\/largo\/largo-personal-injury-lawyer\/"},"modified":"2024-03-13T00:48:00","modified_gmt":"2024-03-13T05:48:00","slug":"largo-abogado-de-lesiones-personales","status":"publish","type":"page","link":"https:\/\/floridalawyers360.com\/es\/largo\/largo-abogado-de-lesiones-personales\/","title":{"rendered":"Largo Abogado de Lesiones Personales"},"content":{"rendered":"<p>Nuestros abogados de lesiones personales en Largo ayudan a las v\u00edctimas a presentar una demanda legal para recuperar la compensaci\u00f3n por una lesi\u00f3n o accidente causado por la negligencia de otro. Estas demandas pueden ser presentadas en un tribunal civil o fuera de los tribunales en funci\u00f3n de los t\u00e9rminos del acuerdo negociado.<\/p>\n<p>Los casos de lesiones personales pueden ser tan variados como las opciones que tienen las personas de resultar lesionadas. Ejemplos de casos de lesiones personales incluyen:<\/p>\n<ul>\n<li>Reclamaciones por accidente de coche\/lesi\u00f3n<\/li>\n<li>Reclamaciones por negligencia m\u00e9dica<\/li>\n<li>Casos de responsabilidad de locales (como resbalones y ca\u00eddas)<\/li>\n<li>Reclamaciones de responsabilidad por productos defectuosos<\/li>\n<li>Casos de lesiones en el lugar de trabajo<\/li>\n<\/ul>\n<p>&nbsp;<\/p>\n<p>En Florida Lawyers 360, nuestro equipo tiene experiencia en el manejo de casos de lesiones personales y compensaci\u00f3n laboral. Para una consulta gratuita, p\u00f3ngase en contacto con nuestro bufete de abogados de lesiones personales Largo cuando usted ha sido herido por la negligencia de un individuo.<\/p>\n\t\t<div data-elementor-type=\"section\" data-elementor-id=\"208\" class=\"elementor elementor-208\" data-elementor-post-type=\"elementor_library\">\n\t\t\t\t\t<section class=\"elementor-section elementor-top-section elementor-element elementor-element-485e576a elementor-section-boxed elementor-section-height-default elementor-section-height-default\" data-id=\"485e576a\" data-element_type=\"section\" data-e-type=\"section\">\n\t\t\t\t\t\t<div class=\"elementor-container elementor-column-gap-default\">\n\t\t\t\t\t<div class=\"elementor-column elementor-col-100 elementor-top-column elementor-element elementor-element-635c38c0\" data-id=\"635c38c0\" data-element_type=\"column\" data-e-type=\"column\">\n\t\t\t<div class=\"elementor-widget-wrap elementor-element-populated\">\n\t\t\t\t\t\t<div class=\"elementor-element elementor-element-3ba95c8a elementor-toc--minimized-on-tablet elementor-widget elementor-widget-table-of-contents\" data-id=\"3ba95c8a\" data-element_type=\"widget\" data-e-type=\"widget\" data-settings=\"{&quot;exclude_headings_by_selector&quot;:&quot;.toc-remove&quot;,&quot;headings_by_tags&quot;:[&quot;h2&quot;,&quot;h3&quot;],&quot;marker_view&quot;:&quot;numbers&quot;,&quot;no_headings_message&quot;:&quot;No headings were found on this page.&quot;,&quot;minimize_box&quot;:&quot;yes&quot;,&quot;minimized_on&quot;:&quot;tablet&quot;,&quot;hierarchical_view&quot;:&quot;yes&quot;,&quot;min_height&quot;:{&quot;unit&quot;:&quot;px&quot;,&quot;size&quot;:&quot;&quot;,&quot;sizes&quot;:[]},&quot;min_height_tablet&quot;:{&quot;unit&quot;:&quot;px&quot;,&quot;size&quot;:&quot;&quot;,&quot;sizes&quot;:[]},&quot;min_height_mobile&quot;:{&quot;unit&quot;:&quot;px&quot;,&quot;size&quot;:&quot;&quot;,&quot;sizes&quot;:[]}}\" data-widget_type=\"table-of-contents.default\">\n\t\t\t\t\t\t\t\t\t<div class=\"elementor-toc__header\">\n\t\t\t\t\t\t<div class=\"elementor-toc__header-title\">\n\t\t\t\tTable of Contents\t\t\t<\/div>\n\t\t\t\t\t\t\t\t\t\t<div class=\"elementor-toc__toggle-button elementor-toc__toggle-button--expand\" role=\"button\" tabindex=\"0\" aria-controls=\"elementor-toc__3ba95c8a\" aria-expanded=\"true\" aria-label=\"Open table of contents\"><svg aria-hidden=\"true\" class=\"e-font-icon-svg e-fas-chevron-down\" viewBox=\"0 0 448 512\" xmlns=\"http:\/\/www.w3.org\/2000\/svg\"><path d=\"M207.029 381.476L12.686 187.132c-9.373-9.373-9.373-24.569 0-33.941l22.667-22.667c9.357-9.357 24.522-9.375 33.901-.04L224 284.505l154.745-154.021c9.379-9.335 24.544-9.317 33.901.04l22.667 22.667c9.373 9.373 9.373 24.569 0 33.941L240.971 381.476c-9.373 9.372-24.569 9.372-33.942 0z\"><\/path><\/svg><\/div>\n\t\t\t\t<div class=\"elementor-toc__toggle-button elementor-toc__toggle-button--collapse\" role=\"button\" tabindex=\"0\" aria-controls=\"elementor-toc__3ba95c8a\" aria-expanded=\"true\" aria-label=\"Close table of contents\"><svg aria-hidden=\"true\" class=\"e-font-icon-svg e-fas-chevron-up\" viewBox=\"0 0 448 512\" xmlns=\"http:\/\/www.w3.org\/2000\/svg\"><path d=\"M240.971 130.524l194.343 194.343c9.373 9.373 9.373 24.569 0 33.941l-22.667 22.667c-9.357 9.357-24.522 9.375-33.901.04L224 227.495 69.255 381.516c-9.379 9.335-24.544 9.317-33.901-.04l-22.667-22.667c-9.373-9.373-9.373-24.569 0-33.941L207.03 130.525c9.372-9.373 24.568-9.373 33.941-.001z\"><\/path><\/svg><\/div>\n\t\t\t\t\t<\/div>\n\t\t\t\t<div id=\"elementor-toc__3ba95c8a\" class=\"elementor-toc__body\">\n\t\t\t<div class=\"elementor-toc__spinner-container\">\n\t\t\t\t<svg class=\"elementor-toc__spinner eicon-animation-spin e-font-icon-svg e-eicon-loading\" aria-hidden=\"true\" viewBox=\"0 0 1000 1000\" xmlns=\"http:\/\/www.w3.org\/2000\/svg\"><path d=\"M500 975V858C696 858 858 696 858 500S696 142 500 142 142 304 142 500H25C25 237 238 25 500 25S975 237 975 500 763 975 500 975Z\"><\/path><\/svg>\t\t\t<\/div>\n\t\t<\/div>\n\t\t\t\t\t\t<\/div>\n\t\t\t\t\t<\/div>\n\t\t<\/div>\n\t\t\t\t\t<\/div>\n\t\t<\/section>\n\t\t\t\t<\/div>\n\t\t\n<h2>\u00bfCu\u00e1ndo debe ponerse en contacto con un abogado de lesiones personales de Largo?<\/h2>\n<p>La respuesta corta es actuar inmediatamente. Si usted ha sido lesionado en un caso de lesiones personales en Largo, Florida, es esencial que act\u00fae tan pronto como pueda. Existen numerosas razones.<\/p>\n<p>La primera, cuanto antes se ponga en contacto con un abogado experto en lesiones personales de Largo, m\u00e1s r\u00e1pido podr\u00e1 el abogado comenzar a reunir las pruebas necesarias para presentar una acci\u00f3n.<\/p>\n<p>Se necesita tiempo para reunir los registros m\u00e9dicos, obtener declaraciones de testigos, as\u00ed como investigar la causa del accidente. Su abogado de lesiones personales de Largo puede necesitar m\u00e1s tiempo. Tambi\u00e9n es importante moverse r\u00e1pido porque las pruebas podr\u00edan desaparecer.<\/p>\n<p>Su abogado debe empezar a buscar tan pronto como sea posible para asegurarse de que cualquier evidencia, testigos o videos pueden ser descubiertos y guardados. Cuanto m\u00e1s espere, menos probable ser\u00e1 esto.<\/p>\n<p>El estatuto de limitaciones es algo que usted no debe pensar si usted no toma acci\u00f3n lo suficientemente r\u00e1pido.<\/p>\n<p>El abogado de lesiones personales de Largo estar\u00e1 al tanto de la situaci\u00f3n as\u00ed como de cualquier plazo que sea importante y se asegurar\u00e1 de que los plazos se cumplan con tiempo suficiente para hacer lugar. Es como tener una carga menos sobre sus hombros.<\/p>\n<p><a href=\"https:\/\/floridalawyers360.com\/wp-content\/uploads\/2024\/02\/largo-pi1-copy.webp\"><img fetchpriority=\"high\" decoding=\"async\" class=\"alignnone size-full wp-image-3269\" src=\"https:\/\/floridalawyers360.com\/wp-content\/uploads\/2024\/02\/largo-pi1-copy.webp\" alt=\"Contact our Personal Injury Lawyers today\" width=\"500\" height=\"334\" srcset=\"https:\/\/floridalawyers360.com\/wp-content\/uploads\/2024\/02\/largo-pi1-copy.webp 500w, https:\/\/floridalawyers360.com\/wp-content\/uploads\/2024\/02\/largo-pi1-copy-300x200.webp 300w\" sizes=\"(max-width: 500px) 100vw, 500px\" \/><\/a><\/p>\n<h2>\u00bfC\u00f3mo se determina la responsabilidad en un caso de lesiones personales en Largo?<\/h2>\n<p>Su abogado de lesiones personales de Largo debe demostrar cuatro \u00e1reas de negligencia para responsabilizar a la parte responsable y solicitar una indemnizaci\u00f3n.<\/p>\n<ul>\n<li>Obligaci\u00f3n de cuidado: La parte culpable es responsable de garantizar su seguridad. Conducir es un ejemplo de este deber.<\/li>\n<li>Infracci\u00f3n del deber: La persona responsable no estaba cumpliendo con su deber de cuidado.<\/li>\n<li>Causalidad: Su acto negligente caus\u00f3 su lesi\u00f3n.<\/li>\n<li>Da\u00f1os y perjuicios: Has sufrido da\u00f1os y perjuicios, incluidas p\u00e9rdidas econ\u00f3micas y sufrimiento.<\/li>\n<\/ul>\n<h2>\u00bfPuedo presentar una demanda aunque sea culpable de mi lesi\u00f3n?<\/h2>\n<p>Los casos de lesiones personales pueden ser dif\u00edciles. En algunos casos, una de las partes tiene el 100 % de la culpa, mientras que la otra parte es completamente responsable. Esto no siempre es cierto.<\/p>\n<p>Esto puede causar serios problemas a las personas que sufren lesiones personales en ciertos estados. Pueden perder reclamaciones de indemnizaci\u00f3n.<\/p>\n<p>Por ejemplo, en un lugar como Carolina del Norte, si un demandante se considera responsable en un uno por ciento del incidente que provoc\u00f3 sus lesiones, toda la demanda ser\u00e1 retirada de los tribunales.<\/p>\n<p>Afortunadamente, este no es el caso de Florida. Esto se debe a que Florida se encuentra entre los 13 estados que han adoptado un sistema legal basado en la negligencia comparativa.<\/p>\n<p>Eso significa que una persona puede presentar una demanda contra otra u otras, incluso si esa persona es parcialmente responsable de causar el incidente.<\/p>\n<p>Queda bien ilustrado en un ejemplo en el que un accidente de tr\u00e1fico fue el resultado de una conducci\u00f3n temeraria y se descubri\u00f3 que la v\u00edctima giraba delante del conductor sin intermitente en funcionamiento.<\/p>\n<p>El jurado podr\u00eda determinar que la persona que result\u00f3 herida es responsable en un 10% del accidente y asignar el 90% al conductor que lo provoc\u00f3. Si el jurado concluye que el caso vale 100.000 d\u00f3lares, el demandante podr\u00eda obtener 90.000 d\u00f3lares.<\/p>\n<p>Sin embargo, la proporci\u00f3n de su parte se ver\u00e1 reducida por la cantidad concedida a la v\u00edctima.<\/p>\n<h2>\u00bfQu\u00e9 es la negligencia comparativa pura en los casos de lesiones personales en Florida?<\/h2>\n<p>No s\u00f3lo es cierto que Florida permite a una persona que es parcialmente responsable de causar las lesiones que sufren a demandar por da\u00f1os y perjuicios, sin embargo, el estado da un paso m\u00e1s all\u00e1 y permite a una persona demandar incluso cuando son m\u00e1s culpables que la otra persona.<\/p>\n<p>Florida utiliza un sistema de negligencia comparativa pura, lo que significa que usted puede demandar por da\u00f1os y perjuicios, incluso cuando \u00e9l o es 100% culpable.<\/p>\n<p>Es crucial tener en cuenta que en estas circunstancias la cantidad que una persona puede recuperar se reducir\u00e1 por la cantidad de culpa. Es por eso que es beneficioso trabajar con un abogado experto en lesiones personales que sabe la mejor manera de manejar su caso.<\/p>\n<p><a href=\"https:\/\/floridalawyers360.com\/wp-content\/uploads\/2024\/02\/largo-pi2-copy.webp\"><img decoding=\"async\" class=\"alignnone size-full wp-image-3268\" src=\"https:\/\/floridalawyers360.com\/wp-content\/uploads\/2024\/02\/largo-pi2-copy.webp\" alt=\"Our Personal Injury Lawyer in Largo is here to fight for you\" width=\"500\" height=\"334\" srcset=\"https:\/\/floridalawyers360.com\/wp-content\/uploads\/2024\/02\/largo-pi2-copy.webp 500w, https:\/\/floridalawyers360.com\/wp-content\/uploads\/2024\/02\/largo-pi2-copy-300x200.webp 300w\" sizes=\"(max-width: 500px) 100vw, 500px\" \/><\/a><\/p>\n<h2>\u00bfCu\u00e1nto vale mi caso de lesiones en Largo?<\/h2>\n<p>Aunque es una pregunta que muchas personas les gustar\u00eda saber cu\u00e1l es la respuesta, sin embargo, la verdad es que no es posible responder antes de escuchar los detalles de su situaci\u00f3n. Esto se debe a que no hay una f\u00f3rmula espec\u00edfica para determinar lo que vale una demanda por lesiones.<\/p>\n<p>Hay muchos factores que afectan a la cantidad que obtendr\u00e1, as\u00ed que lo mejor es consultar a un abogado con experiencia en lesiones personales Largo para su caso espec\u00edfico.<\/p>\n<h2>\u00bfQu\u00e9 da\u00f1os se pueden recuperar en un caso de lesiones personales en Largo?<\/h2>\n<p>Sobre la base de las caracter\u00edsticas espec\u00edficas de cada caso, las v\u00edctimas pueden ser adjudicados uno o m\u00e1s de tres tipos de da\u00f1os.<\/p>\n<h3>Da\u00f1os econ\u00f3micos<\/h3>\n<p>Los da\u00f1os econ\u00f3micos son cosas tangibles que se pueden sumar y restar, con costes claros que no admiten discusi\u00f3n. Incluyen los gastos m\u00e9dicos o los honorarios del m\u00e9dico, as\u00ed como los gastos de rehabilitaci\u00f3n.<\/p>\n<p>Estos da\u00f1os tambi\u00e9n incluyen da\u00f1os a la propiedad, bajas laborales y otros perjuicios.<\/p>\n<h3>Da\u00f1os no econ\u00f3micos<\/h3>\n<p>Sin embargo, los da\u00f1os no econ\u00f3micos no pueden cuantificarse en t\u00e9rminos monetarios. Se trata de cosas como el dolor y la reducci\u00f3n de la capacidad de ganancia.<\/p>\n<p>Puede ser dif\u00edcil calcular el valor de estas cosas y, como resultado, es mucho m\u00e1s t\u00edpico que las partes implicadas en un caso de lesiones personales debatan sobre estas cosas.<\/p>\n<h3>Da\u00f1os punitivos<\/h3>\n<p>Los da\u00f1os punitivos no pretenden compensar a las v\u00edctimas como otros da\u00f1os. S\u00f3lo se utilizan en determinadas situaciones para penalizar a la parte culpable por negligencia grave o mala conducta intencionada.<\/p>\n<h2>\u00bfDebe aceptar la primera oferta de acuerdo?<\/h2>\n<p>Muchas reclamaciones no llegan a un juez. Abogados de Lesiones Personales de Largo son expertos en trabajar con las compa\u00f1\u00edas de seguros con el fin de lograr acuerdos justos. Esto le ahorrar\u00e1 tiempo y dinero.<\/p>\n<p>Aunque cada caso es \u00fanico y particular, no es una idea ideal aceptar cualquier oferta de liquidaci\u00f3n. Las ofertas de conciliaci\u00f3n suelen hacerse sabiendo que la otra parte se resistir\u00e1 y suelen ser peque\u00f1as. Esto permite negociar al alza.<\/p>\n<p>Otro inconveniente de aceptar una oferta antes de tiempo es que usted podr\u00eda llegar a un acuerdo antes de comprender plenamente la gravedad de las lesiones.<\/p>\n<p>Un ejemplo de c\u00f3mo esto puede ser especialmente peligroso es si acepta el acuerdo s\u00f3lo para descubrir que necesita m\u00e1s tratamiento m\u00e9dico para tratar sus lesiones, por ejemplo, cirug\u00eda.<\/p>\n<p>Si el acuerdo ya se ha alcanzado, no se revisar\u00e1 para tener en cuenta los nuevos costes, y usted ser\u00e1 responsable de ellos.<\/p>\n<p>Es importante que busque un abogado experto en lesiones personales de Florida para evaluar su caso y discutir cualquier opci\u00f3n de acuerdo.<\/p>\n<p>Nuestros abogados personales de Largo tienen la experiencia y la habilidad para evaluar si la oferta es razonable. Tambi\u00e9n pueden ayudarle a decidir si aceptar la oferta tiene sentido.<\/p>\n<p><a href=\"https:\/\/floridalawyers360.com\/wp-content\/uploads\/2024\/02\/largo-pi3-copy.webp\"><img decoding=\"async\" class=\"alignnone size-full wp-image-3267\" src=\"https:\/\/floridalawyers360.com\/wp-content\/uploads\/2024\/02\/largo-pi3-copy.webp\" alt=\"Personal Injury Law\" width=\"500\" height=\"334\" srcset=\"https:\/\/floridalawyers360.com\/wp-content\/uploads\/2024\/02\/largo-pi3-copy.webp 500w, https:\/\/floridalawyers360.com\/wp-content\/uploads\/2024\/02\/largo-pi3-copy-300x200.webp 300w\" sizes=\"(max-width: 500px) 100vw, 500px\" \/><\/a><\/p>\n<h2>\u00bfCu\u00e1l es el estatuto de limitaciones para presentar un caso de lesiones personales en Largo, FL?<\/h2>\n<p>El tiempo, cuando se trata de demandas por lesiones personales en Florida es crucial. Esto se debe a que el estatuto de limitaciones establece una fecha de vencimiento para los demandantes que deseen presentar demandas.<\/p>\n<p>En Florida las personas que sufren lesiones personales tienen cuatro a\u00f1os a partir de la fecha de la lesi\u00f3n para presentar una demanda contra la parte responsable.<\/p>\n<p>Puede variar dependiendo de la situaci\u00f3n y la naturaleza de la lesi\u00f3n. En el caso de homicidio culposo que involucra a los familiares de la v\u00edctima se le da dos a\u00f1os para presentar una demanda. Haga clic aqu\u00ed para obtener m\u00e1s informaci\u00f3n sobre el plazo para presentar una demanda.<\/p>\n<h2>\u00bfQu\u00e9 ocurre si presento mi reclamaci\u00f3n demasiado tarde?<\/h2>\n<p>Los plazos de prescripci\u00f3n son esenciales e impiden que la gente presente reclamaciones durante a\u00f1os, o incluso a\u00f1os despu\u00e9s de los hechos. Si retrasa la presentaci\u00f3n de una reclamaci\u00f3n hasta que haya transcurrido el plazo de prescripci\u00f3n, su reclamaci\u00f3n quedar\u00e1 excluida de los tribunales, independientemente de lo buenos que sean sus argumentos.<\/p>\n<p>Es bueno saber que la ley no exige que usted presente su caso dentro del plazo establecido.<\/p>\n<h2>Nuestros Abogados de Lesiones Personales en Largo est\u00e1n aqu\u00ed para ayudarle &#8211; \u00a1Llame Ahora!<\/h2>\n<p>Nuestro equipo en Florida Lawyers 360 puede ayudarle si ha sufrido lesiones debido a la negligencia o descuido de otra persona. Estamos comprometidos a proporcionar resultados sobresalientes, atenci\u00f3n personal e integridad inequ\u00edvoca.<\/p>\n<p>Cont\u00e1ctenos en cualquier momento 24\/7 al <a href=\"tel:+19544487355\"><i class=\"fa fa-phone-alt\"><\/i>954-448-7355<\/a>. Para una revisi\u00f3n gratuita de su caso, \u00a1p\u00f3ngase en contacto con nosotros!<\/p>\n","protected":false},"excerpt":{"rendered":"<p>Nuestros abogados de lesiones personales en Largo ayudan a las v\u00edctimas a presentar una demanda legal para recuperar la compensaci\u00f3n por una lesi\u00f3n o accidente causado por la negligencia de otro. Estas demandas pueden ser presentadas en un tribunal civil o fuera de los tribunales en funci\u00f3n de los t\u00e9rminos del acuerdo negociado. Los casos [&hellip;]<\/p>\n","protected":false},"author":22,"featured_media":0,"parent":5888,"menu_order":0,"comment_status":"closed","ping_status":"closed","template":"","meta":{"_acf_changed":false,"anchor_text":"","footnotes":""},"categories":[],"tags":[],"class_list":["post-5894","page","type-page","status-publish","hentry"],"acf":[],"_links":{"self":[{"href":"https:\/\/floridalawyers360.com\/es\/wp-json\/wp\/v2\/pages\/5894","targetHints":{"allow":["GET"]}}],"collection":[{"href":"https:\/\/floridalawyers360.com\/es\/wp-json\/wp\/v2\/pages"}],"about":[{"href":"https:\/\/floridalawyers360.com\/es\/wp-json\/wp\/v2\/types\/page"}],"author":[{"embeddable":true,"href":"https:\/\/floridalawyers360.com\/es\/wp-json\/wp\/v2\/users\/22"}],"replies":[{"embeddable":true,"href":"https:\/\/floridalawyers360.com\/es\/wp-json\/wp\/v2\/comments?post=5894"}],"version-history":[{"count":3,"href":"https:\/\/floridalawyers360.com\/es\/wp-json\/wp\/v2\/pages\/5894\/revisions"}],"predecessor-version":[{"id":5897,"href":"https:\/\/floridalawyers360.com\/es\/wp-json\/wp\/v2\/pages\/5894\/revisions\/5897"}],"up":[{"embeddable":true,"href":"https:\/\/floridalawyers360.com\/es\/wp-json\/wp\/v2\/pages\/5888"}],"wp:attachment":[{"href":"https:\/\/floridalawyers360.com\/es\/wp-json\/wp\/v2\/media?parent=5894"}],"wp:term":[{"taxonomy":"category","embeddable":true,"href":"https:\/\/floridalawyers360.com\/es\/wp-json\/wp\/v2\/categories?post=5894"},{"taxonomy":"post_tag","embeddable":true,"href":"https:\/\/floridalawyers360.com\/es\/wp-json\/wp\/v2\/tags?post=5894"}],"curies":[{"name":"wp","href":"https:\/\/api.w.org\/{rel}","templated":true}]}}