{"id":5888,"date":"2024-02-08T11:39:08","date_gmt":"2024-02-08T16:39:08","guid":{"rendered":"https:\/\/floridalawyers360.com\/largo\/"},"modified":"2024-03-13T00:31:45","modified_gmt":"2024-03-13T05:31:45","slug":"largo","status":"publish","type":"page","link":"https:\/\/floridalawyers360.com\/es\/largo\/","title":{"rendered":"Largo"},"content":{"rendered":"<p>Si usted est\u00e1 sufriendo de lesiones debido a un accidente de coche, un incidente relacionado con el trabajo, o lesiones personales, tales como un resbal\u00f3n y ca\u00edda en Largo, Florida Abogados 360 est\u00e1 aqu\u00ed para ayudarle. Hemos ganado millones en nombre de nuestros clientes, y vamos a luchar por nada menos que <b>la m\u00e1xima indemnizaci\u00f3n que se merece<\/b>.<\/p>\n<p>Nuestro equipo est\u00e1 disponible las 24 horas del d\u00eda, los 7 d\u00edas de la semana, para responder a sus preguntas, proporcionarle una estimaci\u00f3n del valor de su reclamaci\u00f3n y guiarle a trav\u00e9s del proceso de presentaci\u00f3n y obtenci\u00f3n de su reclamaci\u00f3n. P\u00f3ngase en contacto con nuestra oficina hoy mismo para programar una revisi\u00f3n gratuita y sin riesgo de su caso.<\/p>\n<p>Obtenga la representaci\u00f3n agresiva que necesita, mientras <b>usted no paga nada a menos que ganemos su caso<\/b><\/p>\n","protected":false},"excerpt":{"rendered":"<p>Si usted est\u00e1 sufriendo de lesiones debido a un accidente de coche, un incidente relacionado con el trabajo, o lesiones personales, tales como un resbal\u00f3n y ca\u00edda en Largo, Florida Abogados 360 est\u00e1 aqu\u00ed para ayudarle. Hemos ganado millones en nombre de nuestros clientes, y vamos a luchar por nada menos que la m\u00e1xima indemnizaci\u00f3n [&hellip;]<\/p>\n","protected":false},"author":22,"featured_media":3459,"parent":0,"menu_order":0,"comment_status":"closed","ping_status":"closed","template":"","meta":{"_acf_changed":false,"anchor_text":"","footnotes":""},"categories":[],"tags":[],"class_list":["post-5888","page","type-page","status-publish","has-post-thumbnail","hentry"],"acf":[],"_links":{"self":[{"href":"https:\/\/floridalawyers360.com\/es\/wp-json\/wp\/v2\/pages\/5888","targetHints":{"allow":["GET"]}}],"collection":[{"href":"https:\/\/floridalawyers360.com\/es\/wp-json\/wp\/v2\/pages"}],"about":[{"href":"https:\/\/floridalawyers360.com\/es\/wp-json\/wp\/v2\/types\/page"}],"author":[{"embeddable":true,"href":"https:\/\/floridalawyers360.com\/es\/wp-json\/wp\/v2\/users\/22"}],"replies":[{"embeddable":true,"href":"https:\/\/floridalawyers360.com\/es\/wp-json\/wp\/v2\/comments?post=5888"}],"version-history":[{"count":1,"href":"https:\/\/floridalawyers360.com\/es\/wp-json\/wp\/v2\/pages\/5888\/revisions"}],"predecessor-version":[{"id":5889,"href":"https:\/\/floridalawyers360.com\/es\/wp-json\/wp\/v2\/pages\/5888\/revisions\/5889"}],"wp:featuredmedia":[{"embeddable":true,"href":"https:\/\/floridalawyers360.com\/es\/wp-json\/wp\/v2\/media\/3459"}],"wp:attachment":[{"href":"https:\/\/floridalawyers360.com\/es\/wp-json\/wp\/v2\/media?parent=5888"}],"wp:term":[{"taxonomy":"category","embeddable":true,"href":"https:\/\/floridalawyers360.com\/es\/wp-json\/wp\/v2\/categories?post=5888"},{"taxonomy":"post_tag","embeddable":true,"href":"https:\/\/floridalawyers360.com\/es\/wp-json\/wp\/v2\/tags?post=5888"}],"curies":[{"name":"wp","href":"https:\/\/api.w.org\/{rel}","templated":true}]}}