{"id":5884,"date":"2024-02-14T09:17:09","date_gmt":"2024-02-14T14:17:09","guid":{"rendered":"https:\/\/floridalawyers360.com\/lakeland\/workers-compensation-claim-process-in-lakeland-fl\/"},"modified":"2024-03-13T00:21:52","modified_gmt":"2024-03-13T05:21:52","slug":"proceso-de-reclamacion-de-compensacion-laboral-en-lakeland","status":"publish","type":"page","link":"https:\/\/floridalawyers360.com\/es\/lakeland\/proceso-de-reclamacion-de-compensacion-laboral-en-lakeland\/","title":{"rendered":"Proceso de Reclamaci\u00f3n de Compensaci\u00f3n Laboral en Lakeland"},"content":{"rendered":"<p>Uno de los momentos m\u00e1s dif\u00edciles en la vida de una persona es cuando se lesiona. No va a saber c\u00f3mo se va a desarrollar la fase de recuperaci\u00f3n ni c\u00f3mo va a ganar el dinero suficiente para mantenerse.<\/p>\n<div class=\"embed-container\"><iframe src=\"https:\/\/www.youtube.com\/embed\/_DsK-dYywWw\" frameborder=\"0\" allowfullscreen=\"allowfullscreen\"><\/iframe><\/div>\n<p>Por eso existen las prestaciones por accidentes de trabajo. Usted va a tener la capacidad de aprovechar estos beneficios para asegurarse de que est\u00e1 plenamente compensado por todo lo que ha tenido lugar.<\/p>\n<p>En la Coalici\u00f3n de Abogados de Compensaci\u00f3n de Trabajadores de la Florida, vamos a garantizar las medidas adecuadas se establecen para ayudar con sus necesidades legales cuando se trata del proceso de reclamo de compensaci\u00f3n de trabajadores.<\/p>\n<p>Estamos bien considerados como uno de los mejores bufetes de abogados en la regi\u00f3n y entender lo que las regulaciones locales se trata.<\/p>\n<p>Nuestro objetivo ser\u00e1 comprender mejor cu\u00e1les son sus necesidades a corto y largo plazo. Esto incluir\u00e1 el an\u00e1lisis de sus requisitos legales de cara al futuro.<\/p>\n<p>Para obtener m\u00e1s informaci\u00f3n sobre lo que podemos hacer por usted, por favor, t\u00f3mese el tiempo para llegar a nosotros en [tel\u00e9fono]. Nuestro bufete de abogados en la Coalici\u00f3n de Abogados de Compensaci\u00f3n de Trabajadores de la Florida est\u00e1 listo para ayudar de inmediato.<\/p>\n<p><span style=\"font-weight: 400;\">\t\t<div data-elementor-type=\"section\" data-elementor-id=\"208\" class=\"elementor elementor-208\" data-elementor-post-type=\"elementor_library\">\n\t\t\t\t\t<section class=\"elementor-section elementor-top-section elementor-element elementor-element-485e576a elementor-section-boxed elementor-section-height-default elementor-section-height-default\" data-id=\"485e576a\" data-element_type=\"section\" data-e-type=\"section\">\n\t\t\t\t\t\t<div class=\"elementor-container elementor-column-gap-default\">\n\t\t\t\t\t<div class=\"elementor-column elementor-col-100 elementor-top-column elementor-element elementor-element-635c38c0\" data-id=\"635c38c0\" data-element_type=\"column\" data-e-type=\"column\">\n\t\t\t<div class=\"elementor-widget-wrap elementor-element-populated\">\n\t\t\t\t\t\t<div class=\"elementor-element elementor-element-3ba95c8a elementor-toc--minimized-on-tablet elementor-widget elementor-widget-table-of-contents\" data-id=\"3ba95c8a\" data-element_type=\"widget\" data-e-type=\"widget\" data-settings=\"{&quot;exclude_headings_by_selector&quot;:&quot;.toc-remove&quot;,&quot;headings_by_tags&quot;:[&quot;h2&quot;,&quot;h3&quot;],&quot;marker_view&quot;:&quot;numbers&quot;,&quot;no_headings_message&quot;:&quot;No headings were found on this page.&quot;,&quot;minimize_box&quot;:&quot;yes&quot;,&quot;minimized_on&quot;:&quot;tablet&quot;,&quot;hierarchical_view&quot;:&quot;yes&quot;,&quot;min_height&quot;:{&quot;unit&quot;:&quot;px&quot;,&quot;size&quot;:&quot;&quot;,&quot;sizes&quot;:[]},&quot;min_height_tablet&quot;:{&quot;unit&quot;:&quot;px&quot;,&quot;size&quot;:&quot;&quot;,&quot;sizes&quot;:[]},&quot;min_height_mobile&quot;:{&quot;unit&quot;:&quot;px&quot;,&quot;size&quot;:&quot;&quot;,&quot;sizes&quot;:[]}}\" data-widget_type=\"table-of-contents.default\">\n\t\t\t\t\t\t\t\t\t<div class=\"elementor-toc__header\">\n\t\t\t\t\t\t<div class=\"elementor-toc__header-title\">\n\t\t\t\tTable of Contents\t\t\t<\/div>\n\t\t\t\t\t\t\t\t\t\t<div class=\"elementor-toc__toggle-button elementor-toc__toggle-button--expand\" role=\"button\" tabindex=\"0\" aria-controls=\"elementor-toc__3ba95c8a\" aria-expanded=\"true\" aria-label=\"Open table of contents\"><svg aria-hidden=\"true\" class=\"e-font-icon-svg e-fas-chevron-down\" viewBox=\"0 0 448 512\" xmlns=\"http:\/\/www.w3.org\/2000\/svg\"><path d=\"M207.029 381.476L12.686 187.132c-9.373-9.373-9.373-24.569 0-33.941l22.667-22.667c9.357-9.357 24.522-9.375 33.901-.04L224 284.505l154.745-154.021c9.379-9.335 24.544-9.317 33.901.04l22.667 22.667c9.373 9.373 9.373 24.569 0 33.941L240.971 381.476c-9.373 9.372-24.569 9.372-33.942 0z\"><\/path><\/svg><\/div>\n\t\t\t\t<div class=\"elementor-toc__toggle-button elementor-toc__toggle-button--collapse\" role=\"button\" tabindex=\"0\" aria-controls=\"elementor-toc__3ba95c8a\" aria-expanded=\"true\" aria-label=\"Close table of contents\"><svg aria-hidden=\"true\" class=\"e-font-icon-svg e-fas-chevron-up\" viewBox=\"0 0 448 512\" xmlns=\"http:\/\/www.w3.org\/2000\/svg\"><path d=\"M240.971 130.524l194.343 194.343c9.373 9.373 9.373 24.569 0 33.941l-22.667 22.667c-9.357 9.357-24.522 9.375-33.901.04L224 227.495 69.255 381.516c-9.379 9.335-24.544 9.317-33.901-.04l-22.667-22.667c-9.373-9.373-9.373-24.569 0-33.941L207.03 130.525c9.372-9.373 24.568-9.373 33.941-.001z\"><\/path><\/svg><\/div>\n\t\t\t\t\t<\/div>\n\t\t\t\t<div id=\"elementor-toc__3ba95c8a\" class=\"elementor-toc__body\">\n\t\t\t<div class=\"elementor-toc__spinner-container\">\n\t\t\t\t<svg class=\"elementor-toc__spinner eicon-animation-spin e-font-icon-svg e-eicon-loading\" aria-hidden=\"true\" viewBox=\"0 0 1000 1000\" xmlns=\"http:\/\/www.w3.org\/2000\/svg\"><path d=\"M500 975V858C696 858 858 696 858 500S696 142 500 142 142 304 142 500H25C25 237 238 25 500 25S975 237 975 500 763 975 500 975Z\"><\/path><\/svg>\t\t\t<\/div>\n\t\t<\/div>\n\t\t\t\t\t\t<\/div>\n\t\t\t\t\t<\/div>\n\t\t<\/div>\n\t\t\t\t\t<\/div>\n\t\t<\/section>\n\t\t\t\t<\/div>\n\t\t<\/span><\/p>\n<h2>\u00bfC\u00f3mo Asegurar que Mi Lesi\u00f3n Ser\u00e1 Cubierta por un Reclamo de Compensaci\u00f3n al Trabajador?<\/h2>\n<p>Supongamos que usted ha sido lesionado en el trabajo y est\u00e1 tratando de aprender m\u00e1s acerca de sus opciones legales.<\/p>\n<p>Esta es una posici\u00f3n com\u00fan que la gente se encuentra en y usted va a querer actuar tan pronto como sea posible. El objetivo es comenzar por evaluar la lesi\u00f3n en el lugar de trabajo con la que tuvo que lidiar y c\u00f3mo va a afectar su reclamo en general.<\/p>\n<p>En la Coalici\u00f3n de Abogados de Compensaci\u00f3n de Trabajadores de la Florida, vamos a estar aqu\u00ed para ayudarle en cada paso del camino.<\/p>\n<p>El primer paso en el proceso va a incluir la evaluaci\u00f3n de sus datos m\u00e9dicos para ver si la lesi\u00f3n en el lugar de trabajo es viable para la reclamaci\u00f3n.<\/p>\n<p>Estas lesiones pueden incluir:<\/p>\n<ul>\n<li>Accidentes de tr\u00e1fico<\/li>\n<li>Ca\u00eddas y resbalones<\/li>\n<li>Ca\u00edda de objetos<\/li>\n<li>Lesiones repetitivas<\/li>\n<li>Quemaduras<\/li>\n<li>Fracturas<\/li>\n<li>Par\u00e1lisis<\/li>\n<\/ul>\n<p>&nbsp;<\/p>\n<p><a href=\"https:\/\/floridalawyers360.com\/wp-content\/uploads\/2024\/02\/lakeland-claim1-copy.webp\"><img fetchpriority=\"high\" decoding=\"async\" class=\"alignnone size-full wp-image-3229\" src=\"https:\/\/floridalawyers360.com\/wp-content\/uploads\/2024\/02\/lakeland-claim1-copy.webp\" alt=\"Lakeland Workers' Comp Claim\" width=\"500\" height=\"334\" srcset=\"https:\/\/floridalawyers360.com\/wp-content\/uploads\/2024\/02\/lakeland-claim1-copy.webp 500w, https:\/\/floridalawyers360.com\/wp-content\/uploads\/2024\/02\/lakeland-claim1-copy-300x200.webp 300w\" sizes=\"(max-width: 500px) 100vw, 500px\" \/><\/a><\/p>\n<p>El objetivo es asegurarse de que tiene una fuerte demanda y que s\u00f3lo va a suceder cuando vamos a trav\u00e9s de los detalles de su caso.<\/p>\n<p>En la Coalici\u00f3n de Abogados de Compensaci\u00f3n de Trabajadores de la Florida, siempre vamos a poner en el trabajo duro para ayudar. Esto va a incluir la evaluaci\u00f3n de las pruebas, que le guiar\u00e1 por el camino correcto, y asegurarse de que una estrategia legal fuerte se pone juntos.<\/p>\n<p>Cuando hayamos terminado con el proceso, usted sabr\u00e1 que la reclamaci\u00f3n se llevar\u00e1 a cabo seg\u00fan lo previsto.<\/p>\n<p>Para m\u00e1s informaci\u00f3n sobre lo que podemos hacer por usted, ll\u00e1menos al <a href=\"tel:+19544487355\"><i class=\"fa fa-phone-alt\"><\/i>954-448-7355<\/a>.<\/p>\n<h2>\u00bfCu\u00e1nto tiempo tiene para presentar una reclamaci\u00f3n de compensaci\u00f3n de trabajadores en Florida?<\/h2>\n<p>Cuando se trata de presentar una demanda de compensaci\u00f3n de trabajadores, usted se va a enfocar en los detalles del caso y eso es genial.<\/p>\n<p>Sin embargo, \u00bfqu\u00e9 pasa con el estatuto de limitaciones en el estado de Florida para este tipo de casos legales? Usted siempre querr\u00e1 asegurarse de que tiene tiempo suficiente para presentar la demanda sin que sea rechazada por el tribunal estatal.<\/p>\n<p>En general, usted va a tener dos a\u00f1os desde el momento de la lesi\u00f3n en el lugar de trabajo para iniciar la reclamaci\u00f3n. Es importante que la presente dentro de este plazo para asegurarse de que va a trav\u00e9s de los beneficios de compensaci\u00f3n de trabajadores que est\u00e1 buscando.<\/p>\n<p>Si desea averiguar si usted es viable para este tipo de reclamaci\u00f3n, estamos m\u00e1s que encantados de ayudarle en la Coalici\u00f3n de Abogados de Compensaci\u00f3n de Trabajadores de Florida.<\/p>\n<p>Vamos a ir a trav\u00e9s de estos detalles del caso con usted y analizar mejor lo que debe suceder. Si desea consultar con nosotros en la Coalici\u00f3n de Abogados de Compensaci\u00f3n de Trabajadores de la Florida, por favor llame a la firma al <a href=\"tel:+19544487355\"><i class=\"fa fa-phone-alt\"><\/i>954-448-7355<\/a> inmediatamente.<\/p>\n<h2><a style=\"font-size: 16px;\" href=\"https:\/\/floridalawyers360.com\/wp-content\/uploads\/2024\/02\/lakeland-claim2-copy.webp\"><img decoding=\"async\" class=\"alignnone size-full wp-image-3230\" src=\"https:\/\/floridalawyers360.com\/wp-content\/uploads\/2024\/02\/lakeland-claim2-copy.webp\" alt=\"File a work injury claim\" width=\"500\" height=\"334\" srcset=\"https:\/\/floridalawyers360.com\/wp-content\/uploads\/2024\/02\/lakeland-claim2-copy.webp 500w, https:\/\/floridalawyers360.com\/wp-content\/uploads\/2024\/02\/lakeland-claim2-copy-300x200.webp 300w\" sizes=\"(max-width: 500px) 100vw, 500px\" \/><\/a><\/h2>\n<h2>\u00bfC\u00f3mo presentar la reclamaci\u00f3n de compensaci\u00f3n de trabajadores en Florida?<\/h2>\n<p>Cuando es el momento de seguir adelante con una reclamaci\u00f3n de indemnizaci\u00f3n de los trabajadores, usted va a querer asegurarse de que va a trav\u00e9s de lo necesario. Hay regulaciones espec\u00edficas en el lugar que van a tener que ser adherido a la derecha de inmediato.<\/p>\n<p>Dado que esto puede ser un proceso complicado, recomendamos encarecidamente consultar con nuestro bufete de abogados en la Coalici\u00f3n de Abogados de Compensaci\u00f3n de Trabajadores de Florida.<\/p>\n<p>El bufete de abogados va a empezar por establecer una sesi\u00f3n de consulta con usted. Esto nos va a permitir obtener una mejor lectura de los detalles del caso, lo que pas\u00f3, y lo que debe ocurrir en el futuro. Nuestro objetivo va a ser para asegurarse de que todo es herm\u00e9tico a medida que avanzamos con el proceso.<\/p>\n<p>Nuestro objetivo sigue siendo establecer altos est\u00e1ndares y eso es lo que vamos a hacer en su nombre.<\/p>\n<p>Una vez que tenemos todos los detalles del caso en la mano, la Coalici\u00f3n de Abogados de Compensaci\u00f3n de Trabajadores de la Florida va a empezar a trabajar en la presentaci\u00f3n de la reclamaci\u00f3n legal dentro del plazo establecido por la Florida.<\/p>\n<p>Esto va a incluir la presentaci\u00f3n de la demanda de compensaci\u00f3n de trabajadores legalmente a la corte estatal. Una vez que hagamos esto, el proceso va a avanzar de la manera que usted desea.<\/p>\n<p>Si desea obtener m\u00e1s informaci\u00f3n sobre el proceso de reclamaciones, ll\u00e1menos al <a href=\"tel:+19544487355\"><i class=\"fa fa-phone-alt\"><\/i>954-448-7355<\/a>.<\/p>\n<h2>Conclusi\u00f3n<\/h2>\n<p>Puede ser desalentador no saber qu\u00e9 va a pasar despu\u00e9s de lesionarse.<\/p>\n<p>En la Coalici\u00f3n de Abogados de Compensaci\u00f3n de Trabajadores de la Florida, nos damos cuenta de lo dif\u00edcil que esto puede ser. Usted va a querer una resoluci\u00f3n inmediata y no va a suceder. Es por eso que es muy recomendable para los clientes en Lakeland a venir a nuestro bufete de abogados.<\/p>\n<p>Estamos bien equipados para manejar este tipo de casos y siempre poner nuestro mejor pie adelante. Usted va a tener amplios recursos legales que lo respalden y eso es lo que nos distingue. Usted se sentir\u00e1 bien sobre el valor que est\u00e1 recibiendo y eso es lo que nos hace un gran ajuste.<\/p>\n<p>Para obtener m\u00e1s informaci\u00f3n sobre el valor que va a obtener, por favor tome el tiempo para llamar <a href=\"tel:+19544487355\"><i class=\"fa fa-phone-alt\"><\/i>954-448-7355<\/a>. Concertaremos una consulta detallada con usted para empezar.<\/p>\n","protected":false},"excerpt":{"rendered":"<p>Uno de los momentos m\u00e1s dif\u00edciles en la vida de una persona es cuando se lesiona. No va a saber c\u00f3mo se va a desarrollar la fase de recuperaci\u00f3n ni c\u00f3mo va a ganar el dinero suficiente para mantenerse. Por eso existen las prestaciones por accidentes de trabajo. Usted va a tener la capacidad de [&hellip;]<\/p>\n","protected":false},"author":22,"featured_media":0,"parent":5862,"menu_order":0,"comment_status":"closed","ping_status":"closed","template":"","meta":{"_acf_changed":false,"anchor_text":"","footnotes":""},"categories":[],"tags":[],"class_list":["post-5884","page","type-page","status-publish","hentry"],"acf":[],"_links":{"self":[{"href":"https:\/\/floridalawyers360.com\/es\/wp-json\/wp\/v2\/pages\/5884","targetHints":{"allow":["GET"]}}],"collection":[{"href":"https:\/\/floridalawyers360.com\/es\/wp-json\/wp\/v2\/pages"}],"about":[{"href":"https:\/\/floridalawyers360.com\/es\/wp-json\/wp\/v2\/types\/page"}],"author":[{"embeddable":true,"href":"https:\/\/floridalawyers360.com\/es\/wp-json\/wp\/v2\/users\/22"}],"replies":[{"embeddable":true,"href":"https:\/\/floridalawyers360.com\/es\/wp-json\/wp\/v2\/comments?post=5884"}],"version-history":[{"count":3,"href":"https:\/\/floridalawyers360.com\/es\/wp-json\/wp\/v2\/pages\/5884\/revisions"}],"predecessor-version":[{"id":5887,"href":"https:\/\/floridalawyers360.com\/es\/wp-json\/wp\/v2\/pages\/5884\/revisions\/5887"}],"up":[{"embeddable":true,"href":"https:\/\/floridalawyers360.com\/es\/wp-json\/wp\/v2\/pages\/5862"}],"wp:attachment":[{"href":"https:\/\/floridalawyers360.com\/es\/wp-json\/wp\/v2\/media?parent=5884"}],"wp:term":[{"taxonomy":"category","embeddable":true,"href":"https:\/\/floridalawyers360.com\/es\/wp-json\/wp\/v2\/categories?post=5884"},{"taxonomy":"post_tag","embeddable":true,"href":"https:\/\/floridalawyers360.com\/es\/wp-json\/wp\/v2\/tags?post=5884"}],"curies":[{"name":"wp","href":"https:\/\/api.w.org\/{rel}","templated":true}]}}