{"id":5880,"date":"2024-02-14T09:16:18","date_gmt":"2024-02-14T14:16:18","guid":{"rendered":"https:\/\/floridalawyers360.com\/lakeland\/workers-compensation-benefits-in-lakeland-fl\/"},"modified":"2024-03-13T00:16:28","modified_gmt":"2024-03-13T05:16:28","slug":"beneficios-de-compensacion-laboral-en-lakeland","status":"publish","type":"page","link":"https:\/\/floridalawyers360.com\/es\/lakeland\/beneficios-de-compensacion-laboral-en-lakeland\/","title":{"rendered":"Beneficios de Compensaci\u00f3n Laboral en Lakeland"},"content":{"rendered":"<p>Cada Lakeland, FL negocio con al menos cuatro empleados est\u00e1 obligado por ley a proporcionar seguro de compensaci\u00f3n de trabajadores. Puede proteger a los empleados de la p\u00e9rdida de salarios y costosas facturas m\u00e9dicas cuando se utiliza correctamente.<\/p>\n<p>Desafortunadamente, a menudo conduce a la enemistad entre los trabajadores, los empleadores y los proveedores de seguros.<\/p>\n<p>Las grandes empresas tienden a preocuparse m\u00e1s por su cuenta de resultados que por el bienestar de sus empleados. Lesionarse en el trabajo representa una p\u00e9rdida econ\u00f3mica para la empresa y pueden hacer todo lo posible por evitar una indemnizaci\u00f3n completa.<\/p>\n<p>El seguro de compensaci\u00f3n de trabajadores de su empleador le proporciona los beneficios de compensaci\u00f3n de trabajadores en Lakeland que necesita para ayudarle a superar la lesi\u00f3n sufrida mientras trabajaba.<\/p>\n<div class=\"embed-container\"><iframe src=\"https:\/\/www.youtube.com\/embed\/BflQT5i2us0\" frameborder=\"0\" allowfullscreen=\"allowfullscreen\"><\/iframe><\/div>\n<p>Puede estar seguro de que esas grandes empresas y proveedores de seguros tienen un equipo jur\u00eddico trabajando para encontrar lagunas y mitigar las p\u00e9rdidas.<\/p>\n<p>Usted tambi\u00e9n merece tener su propia representaci\u00f3n legal experta. Los abogados de compensaci\u00f3n de trabajadores aqu\u00ed en la Coalici\u00f3n de Abogados de Compensaci\u00f3n de Trabajadores de la Florida est\u00e1n aqu\u00ed para ayudar.<\/p>\n<p>Es por eso que hemos compilado esta informaci\u00f3n que cubre temas importantes de compensaci\u00f3n de trabajadores como los l\u00edmites de ingresos, tipos de beneficios, y las directrices fiscales de la Florida.<\/p>\n<p>A diferencia de otras empresas, siempre ponemos las necesidades de nuestros clientes en primer lugar. Entendemos lo devastador que puede ser una lesi\u00f3n en el lugar de trabajo. Nuestros abogados han estado en el negocio durante mucho tiempo y nos hemos enfrentado a toda variedad de t\u00e1cticas legales.<\/p>\n<p>Nos esforzamos por llevar las cosas a una resoluci\u00f3n pac\u00edfica y aceptable, pero no tenemos miedo de ser agresivos para las necesidades de nuestros clientes. Si usted ha presentado recientemente una reclamaci\u00f3n de indemnizaci\u00f3n de los trabajadores, a continuaci\u00f3n, llame a nuestra oficina 24\/7 en [tel\u00e9fono] y estaremos all\u00ed para ayudar.<\/p>\n\t\t<div data-elementor-type=\"section\" data-elementor-id=\"208\" class=\"elementor elementor-208\" data-elementor-post-type=\"elementor_library\">\n\t\t\t\t\t<section class=\"elementor-section elementor-top-section elementor-element elementor-element-485e576a elementor-section-boxed elementor-section-height-default elementor-section-height-default\" data-id=\"485e576a\" data-element_type=\"section\" data-e-type=\"section\">\n\t\t\t\t\t\t<div class=\"elementor-container elementor-column-gap-default\">\n\t\t\t\t\t<div class=\"elementor-column elementor-col-100 elementor-top-column elementor-element elementor-element-635c38c0\" data-id=\"635c38c0\" data-element_type=\"column\" data-e-type=\"column\">\n\t\t\t<div class=\"elementor-widget-wrap elementor-element-populated\">\n\t\t\t\t\t\t<div class=\"elementor-element elementor-element-3ba95c8a elementor-toc--minimized-on-tablet elementor-widget elementor-widget-table-of-contents\" data-id=\"3ba95c8a\" data-element_type=\"widget\" data-e-type=\"widget\" data-settings=\"{&quot;exclude_headings_by_selector&quot;:&quot;.toc-remove&quot;,&quot;headings_by_tags&quot;:[&quot;h2&quot;,&quot;h3&quot;],&quot;marker_view&quot;:&quot;numbers&quot;,&quot;no_headings_message&quot;:&quot;No headings were found on this page.&quot;,&quot;minimize_box&quot;:&quot;yes&quot;,&quot;minimized_on&quot;:&quot;tablet&quot;,&quot;hierarchical_view&quot;:&quot;yes&quot;,&quot;min_height&quot;:{&quot;unit&quot;:&quot;px&quot;,&quot;size&quot;:&quot;&quot;,&quot;sizes&quot;:[]},&quot;min_height_tablet&quot;:{&quot;unit&quot;:&quot;px&quot;,&quot;size&quot;:&quot;&quot;,&quot;sizes&quot;:[]},&quot;min_height_mobile&quot;:{&quot;unit&quot;:&quot;px&quot;,&quot;size&quot;:&quot;&quot;,&quot;sizes&quot;:[]}}\" data-widget_type=\"table-of-contents.default\">\n\t\t\t\t\t\t\t\t\t<div class=\"elementor-toc__header\">\n\t\t\t\t\t\t<div class=\"elementor-toc__header-title\">\n\t\t\t\tTable of Contents\t\t\t<\/div>\n\t\t\t\t\t\t\t\t\t\t<div class=\"elementor-toc__toggle-button elementor-toc__toggle-button--expand\" role=\"button\" tabindex=\"0\" aria-controls=\"elementor-toc__3ba95c8a\" aria-expanded=\"true\" aria-label=\"Open table of contents\"><svg aria-hidden=\"true\" class=\"e-font-icon-svg e-fas-chevron-down\" viewBox=\"0 0 448 512\" xmlns=\"http:\/\/www.w3.org\/2000\/svg\"><path d=\"M207.029 381.476L12.686 187.132c-9.373-9.373-9.373-24.569 0-33.941l22.667-22.667c9.357-9.357 24.522-9.375 33.901-.04L224 284.505l154.745-154.021c9.379-9.335 24.544-9.317 33.901.04l22.667 22.667c9.373 9.373 9.373 24.569 0 33.941L240.971 381.476c-9.373 9.372-24.569 9.372-33.942 0z\"><\/path><\/svg><\/div>\n\t\t\t\t<div class=\"elementor-toc__toggle-button elementor-toc__toggle-button--collapse\" role=\"button\" tabindex=\"0\" aria-controls=\"elementor-toc__3ba95c8a\" aria-expanded=\"true\" aria-label=\"Close table of contents\"><svg aria-hidden=\"true\" class=\"e-font-icon-svg e-fas-chevron-up\" viewBox=\"0 0 448 512\" xmlns=\"http:\/\/www.w3.org\/2000\/svg\"><path d=\"M240.971 130.524l194.343 194.343c9.373 9.373 9.373 24.569 0 33.941l-22.667 22.667c-9.357 9.357-24.522 9.375-33.901.04L224 227.495 69.255 381.516c-9.379 9.335-24.544 9.317-33.901-.04l-22.667-22.667c-9.373-9.373-9.373-24.569 0-33.941L207.03 130.525c9.372-9.373 24.568-9.373 33.941-.001z\"><\/path><\/svg><\/div>\n\t\t\t\t\t<\/div>\n\t\t\t\t<div id=\"elementor-toc__3ba95c8a\" class=\"elementor-toc__body\">\n\t\t\t<div class=\"elementor-toc__spinner-container\">\n\t\t\t\t<svg class=\"elementor-toc__spinner eicon-animation-spin e-font-icon-svg e-eicon-loading\" aria-hidden=\"true\" viewBox=\"0 0 1000 1000\" xmlns=\"http:\/\/www.w3.org\/2000\/svg\"><path d=\"M500 975V858C696 858 858 696 858 500S696 142 500 142 142 304 142 500H25C25 237 238 25 500 25S975 237 975 500 763 975 500 975Z\"><\/path><\/svg>\t\t\t<\/div>\n\t\t<\/div>\n\t\t\t\t\t\t<\/div>\n\t\t\t\t\t<\/div>\n\t\t<\/div>\n\t\t\t\t\t<\/div>\n\t\t<\/section>\n\t\t\t\t<\/div>\n\t\t\n<h2>L\u00edmites de Ingresos de Compensaci\u00f3n Laboral en Florida<\/h2>\n<p>El Cap\u00edtulo 440 del Estatuto de Florida describe varios t\u00e9rminos y cifras clave, incluida la compensaci\u00f3n semanal m\u00e1xima.<\/p>\n<p>La cantidad final que usted recibe puede variar ligeramente dependiendo del tipo de beneficios que reciba. Sin embargo, estos valores suelen extraerse del mismo c\u00e1lculo con el mismo l\u00edmite m\u00e1ximo.<\/p>\n<p>El importe semanal m\u00e1ximo que puede recibir de la compensaci\u00f3n por accidente de trabajo cambia cada a\u00f1o. Se calcula en noviembre utilizando el salario semanal medio de Florida que pagan los empresarios que cumplen los requisitos de la Ley de Indemnizaci\u00f3n por Desempleo de Florida.<\/p>\n<p>El m\u00e1ximo semanal actual en el estado de Florida es de 1.011,07 d\u00f3lares.<\/p>\n<h2>Tipos de beneficios de compensaci\u00f3n para trabajadores de Florida<\/h2>\n<p>Los beneficios requeridos de compensaci\u00f3n de trabajadores de Florida est\u00e1n disponibles en tres categor\u00edas:<\/p>\n<ul>\n<li>Beneficios M\u00e9dicos<\/li>\n<li>Beneficios por Muerte<\/li>\n<li>P\u00e9rdida de Salarios \/ Compensaci\u00f3n Monetaria<\/li>\n<\/ul>\n<p>&nbsp;<\/p>\n<p><a href=\"https:\/\/floridalawyers360.com\/wp-content\/uploads\/2024\/02\/lakeland-wc-benefits1-copy.webp\"><img fetchpriority=\"high\" decoding=\"async\" class=\"alignnone size-full wp-image-3247\" src=\"https:\/\/floridalawyers360.com\/wp-content\/uploads\/2024\/02\/lakeland-wc-benefits1-copy.webp\" alt=\"Lakeland Workers' Compensation benefits lawyer can help you through the process\" width=\"500\" height=\"334\" srcset=\"https:\/\/floridalawyers360.com\/wp-content\/uploads\/2024\/02\/lakeland-wc-benefits1-copy.webp 500w, https:\/\/floridalawyers360.com\/wp-content\/uploads\/2024\/02\/lakeland-wc-benefits1-copy-300x200.webp 300w\" sizes=\"(max-width: 500px) 100vw, 500px\" \/><\/a><\/p>\n<p>Las prestaciones m\u00e9dicas le proporcionar\u00e1n acceso a tratamiento m\u00e9dico a trav\u00e9s del proveedor de seguros de la empresa. Esa cobertura debe incluir un m\u00e9dico de cabecera y un especialista, todos los tratamientos y cuidados necesarios y el reembolso de los gastos de desplazamiento para recibir atenci\u00f3n m\u00e9dica.<\/p>\n<p>Esto incluye las visitas a un m\u00e9dico privado. Debe ser un m\u00e9dico autorizado por el proveedor de seguros.<\/p>\n<p>Las prestaciones por fallecimiento pueden variar, pero existe un m\u00e1ximo estatal de 150.000 $ en Florida. Estos fondos est\u00e1n destinados a cubrir los gastos funerarios, las prestaciones de educaci\u00f3n para el c\u00f3nyuge y la indemnizaci\u00f3n proporcionada a cualquier dependiente.<\/p>\n<p>La \u00faltima categor\u00eda es donde encontramos las prestaciones semanales de compensaci\u00f3n a los trabajadores que se pagan al trabajador lesionado. Estas prestaciones pueden desglosarse a su vez en cuatro grupos diferentes.<\/p>\n<p>El grupo que se aplique a su situaci\u00f3n depender\u00e1 de la lesi\u00f3n y del progreso de su tratamiento actual.<\/p>\n<p>Los grupos son:<\/p>\n<h3>Beneficios por Incapacidad Total Temporal en Florida Workers&#8217; Comp(TTD)<\/h3>\n<p>Los beneficios TTD se aplican a los empleados que no pueden volver al trabajo debido a su lesi\u00f3n. Son una forma temporal de beneficios y no pueden ser recibidos por un per\u00edodo superior a 104 semanas.<\/p>\n<p>Tambi\u00e9n pueden llegar a su fin cuando un m\u00e9dico determine que ha alcanzado la mejor\u00eda m\u00e9dica m\u00e1xima (MMI). No puede percibir prestaciones TTD durante los 7 primeros d\u00edas de su incapacidad, a menos que \u00e9sta dure m\u00e1s de 21 d\u00edas.<\/p>\n<p>Las prestaciones TTD se abonan cada dos semanas. La cuant\u00eda suele ser igual al 66,67 % de su salario medio semanal. La cuant\u00eda m\u00e1xima de la indemnizaci\u00f3n se determina en funci\u00f3n del a\u00f1o del accidente.<\/p>\n<p>Por ejemplo, si ocurri\u00f3 en 2021, entonces el l\u00edmite semanal m\u00e1ximo es de 1.011 d\u00f3lares. Si ocurri\u00f3 en 2020, entonces el m\u00e1ximo ser\u00eda de 971 d\u00f3lares.<\/p>\n<p>Hay algunas lesiones clasificadas como \u00abgraves\u00bb que tienen un pago de prestaciones ligeramente superior. En esos casos, el pago de la prestaci\u00f3n durante los 6 primeros meses puede llegar al 80% de su salario medio semanal.<\/p>\n<p>Las lesiones graves incluyen la p\u00e9rdida total de un miembro o la p\u00e9rdida de visi\u00f3n.<\/p>\n<h3>Beneficios por Incapacidad Parcial Temporal en la Compensaci\u00f3n al Trabajador de Florida (TPD)<\/h3>\n<p>TPD beneficios son aplicables en los casos en que el empleado es capaz de volver al trabajo despu\u00e9s de la lesi\u00f3n, pero en una capacidad limitada. Esto sucede a menudo cuando una lesi\u00f3n causa restricciones f\u00edsicas.<\/p>\n<p>Su m\u00e9dico puede restringir el n\u00famero de horas que puede trabajar a la semana o limitar el tipo de trabajo que realiza. Al igual que ocurre con las prestaciones TTD, tambi\u00e9n puede recibir prestaciones TPD durante un m\u00e1ximo de 104 semanas o hasta que su m\u00e9dico le proporcione una declaraci\u00f3n MMI.<\/p>\n<p>Las prestaciones por incapacidad temporal s\u00f3lo est\u00e1n disponibles si gana menos del 80 % de su salario semanal medio anterior. La cuant\u00eda que percibe se calcula en funci\u00f3n de sus ingresos anteriores y de sus ingresos actuales.<\/p>\n<p>Su finalidad es complementar sus ingresos actuales para compensar su lesi\u00f3n.<\/p>\n<p><a href=\"https:\/\/floridalawyers360.com\/wp-content\/uploads\/2024\/02\/lakeland-wc-benefits2-copy.webp\"><img decoding=\"async\" class=\"alignnone size-full wp-image-3246\" src=\"https:\/\/floridalawyers360.com\/wp-content\/uploads\/2024\/02\/lakeland-wc-benefits2-copy.webp\" alt=\"Prestaciones por accidentes laborales\" width=\"500\" height=\"334\" srcset=\"https:\/\/floridalawyers360.com\/wp-content\/uploads\/2024\/02\/lakeland-wc-benefits2-copy.webp 500w, https:\/\/floridalawyers360.com\/wp-content\/uploads\/2024\/02\/lakeland-wc-benefits2-copy-300x200.webp 300w\" sizes=\"(max-width: 500px) 100vw, 500px\" \/><\/a><\/p>\n<h3>Beneficios de Ingresos por Deterioro en la Comp. de Trabajadores de Florida (IIB)<\/h3>\n<p>Tambi\u00e9n conocido como Incapacidad Parcial Permanente (PPD), estos beneficios est\u00e1n disponibles despu\u00e9s de recibir un diagn\u00f3stico MMI de un m\u00e9dico. Despu\u00e9s de recibir una declaraci\u00f3n de MMI su m\u00e9dico tambi\u00e9n le proporcionar\u00e1 una calificaci\u00f3n de incapacidad permanente.<\/p>\n<p>La duraci\u00f3n de las prestaciones var\u00eda en funci\u00f3n del porcentaje de PIR.<\/p>\n<p>Por ejemplo, un PIR del 21 % le permitir\u00e1 percibir prestaciones durante seis semanas. La cuant\u00eda de los cheques equivale al 75 % de los ingresos semanales anteriores si el trabajador no ha vuelto a trabajar.<\/p>\n<p>Si han vuelto a trabajar y ganan lo mismo que antes, entonces ese porcentaje puede disminuir en un 50 por ciento.<\/p>\n<h3>Beneficios por Incapacidad Total Permanente en Florida Workers&#8217; Comp (PTD)<\/h3>\n<p>Este \u00faltimo grupo se aplica a los trabajadores que sufren lesiones tan graves que son incapaces de volver al trabajo. Deben ser capaces de demostrar que no pueden recibir empleo dentro de un radio de cincuenta millas.<\/p>\n<p>Los requisitos para recibir prestaciones por PTD son muy estrictos y la aprobaci\u00f3n puede ser dif\u00edcil de recibir en una zona poblada con abundantes oportunidades de empleo. Los trabajadores que re\u00fanan los requisitos para la PTD recibir\u00e1n prestaciones hasta que cumplan los 75 a\u00f1os.<\/p>\n<h2>\u00bfC\u00f3mo se calculan las prestaciones de compensaci\u00f3n de los trabajadores de Florida?<\/h2>\n<p>El factor clave en el c\u00e1lculo de los beneficios de compensaci\u00f3n de trabajadores es su salario semanal promedio (AWW). Cada una de las categor\u00edas anteriores paga un porcentaje de su AWW durante la duraci\u00f3n de los beneficios.<\/p>\n<p>Su salario medio semanal se calcula a partir de los datos de las 13 semanas anteriores a la lesi\u00f3n. Si no ha trabajado al menos tres cuartas partes de las trece semanas anteriores, se utilizar\u00e1 el salario medio semanal de un trabajador de la misma empresa y puesto similar.<\/p>\n<p><a href=\"https:\/\/floridalawyers360.com\/wp-content\/uploads\/2024\/02\/lakeland-wc-benefits3-copy.webp\"><img decoding=\"async\" class=\"alignnone size-full wp-image-3245\" src=\"https:\/\/floridalawyers360.com\/wp-content\/uploads\/2024\/02\/lakeland-wc-benefits3-copy.webp\" alt=\"Can my workers' compensation benefits be taxed. Talk with our legal team to get the help you need.\" width=\"500\" height=\"334\" srcset=\"https:\/\/floridalawyers360.com\/wp-content\/uploads\/2024\/02\/lakeland-wc-benefits3-copy.webp 500w, https:\/\/floridalawyers360.com\/wp-content\/uploads\/2024\/02\/lakeland-wc-benefits3-copy-300x200.webp 300w\" sizes=\"(max-width: 500px) 100vw, 500px\" \/><\/a><\/p>\n<h2>\u00bfEst\u00e1n sujetas a impuestos las prestaciones por compensaci\u00f3n de los trabajadores de Florida?<\/h2>\n<p>No. Las prestaciones de indemnizaci\u00f3n por accidente de trabajo de Florida no suelen estar sujetas a impuestos. Sin embargo, usted pagar\u00e1 impuestos sobre cualquier salario que gane por su empleo durante el per\u00edodo en que recibe beneficios.<\/p>\n<p>Por ejemplo, si usted vuelve a trabajar mientras recibe beneficios de Incapacidad Parcial Temporal, entonces usted continuar\u00e1 pagando impuestos sobre esos salarios, incluso si son limitados.<\/p>\n<h2>Llame a nuestros abogados hoy para obtener ayuda para entender los beneficios de compensaci\u00f3n de trabajadores en Lakeland<\/h2>\n<p>La ley de Florida hace que sea f\u00e1cil de calcular cu\u00e1nto se le debe y por cu\u00e1nto tiempo usted recibir\u00e1 beneficios de compensaci\u00f3n de trabajadores. Su m\u00e9dico le proporcionar\u00e1 los registros necesarios para demostrar si usted es aplicable para cualquiera de los beneficios mencionados anteriormente.<\/p>\n<p>Si el proveedor de seguros tiene la intenci\u00f3n de disputar esas reclamaciones, entonces le aconsejamos trabajar con un abogado de compensaci\u00f3n de trabajadores de la Florida. T\u00f3mese un momento para ponerse en contacto con nuestra oficina en cualquier momento del d\u00eda en <a href=\"tel:+19544487355\"><i class=\"fa fa-phone-alt\"><\/i>954-448-7355<\/a> si necesita ayuda con su reclamo de compensaci\u00f3n de trabajadores.<\/p>\n","protected":false},"excerpt":{"rendered":"<p>Cada Lakeland, FL negocio con al menos cuatro empleados est\u00e1 obligado por ley a proporcionar seguro de compensaci\u00f3n de trabajadores. Puede proteger a los empleados de la p\u00e9rdida de salarios y costosas facturas m\u00e9dicas cuando se utiliza correctamente. Desafortunadamente, a menudo conduce a la enemistad entre los trabajadores, los empleadores y los proveedores de seguros. [&hellip;]<\/p>\n","protected":false},"author":22,"featured_media":0,"parent":5862,"menu_order":0,"comment_status":"closed","ping_status":"closed","template":"","meta":{"_acf_changed":false,"anchor_text":"","footnotes":""},"categories":[],"tags":[],"class_list":["post-5880","page","type-page","status-publish","hentry"],"acf":[],"_links":{"self":[{"href":"https:\/\/floridalawyers360.com\/es\/wp-json\/wp\/v2\/pages\/5880","targetHints":{"allow":["GET"]}}],"collection":[{"href":"https:\/\/floridalawyers360.com\/es\/wp-json\/wp\/v2\/pages"}],"about":[{"href":"https:\/\/floridalawyers360.com\/es\/wp-json\/wp\/v2\/types\/page"}],"author":[{"embeddable":true,"href":"https:\/\/floridalawyers360.com\/es\/wp-json\/wp\/v2\/users\/22"}],"replies":[{"embeddable":true,"href":"https:\/\/floridalawyers360.com\/es\/wp-json\/wp\/v2\/comments?post=5880"}],"version-history":[{"count":3,"href":"https:\/\/floridalawyers360.com\/es\/wp-json\/wp\/v2\/pages\/5880\/revisions"}],"predecessor-version":[{"id":5883,"href":"https:\/\/floridalawyers360.com\/es\/wp-json\/wp\/v2\/pages\/5880\/revisions\/5883"}],"up":[{"embeddable":true,"href":"https:\/\/floridalawyers360.com\/es\/wp-json\/wp\/v2\/pages\/5862"}],"wp:attachment":[{"href":"https:\/\/floridalawyers360.com\/es\/wp-json\/wp\/v2\/media?parent=5880"}],"wp:term":[{"taxonomy":"category","embeddable":true,"href":"https:\/\/floridalawyers360.com\/es\/wp-json\/wp\/v2\/categories?post=5880"},{"taxonomy":"post_tag","embeddable":true,"href":"https:\/\/floridalawyers360.com\/es\/wp-json\/wp\/v2\/tags?post=5880"}],"curies":[{"name":"wp","href":"https:\/\/api.w.org\/{rel}","templated":true}]}}