{"id":5872,"date":"2024-02-14T09:14:51","date_gmt":"2024-02-14T14:14:51","guid":{"rendered":"https:\/\/floridalawyers360.com\/lakeland\/lakeland-workers-compensation-lawyer\/"},"modified":"2024-03-13T00:03:09","modified_gmt":"2024-03-13T05:03:09","slug":"abogado-de-indemnizacion-por-accidentes-laborales","status":"publish","type":"page","link":"https:\/\/floridalawyers360.com\/es\/lakeland\/abogado-de-indemnizacion-por-accidentes-laborales\/","title":{"rendered":"Lakeland Abogado de indemnizaci\u00f3n por accidentes laborales"},"content":{"rendered":"<p>\u00bfSe ha lesionado en el trabajo? \u00bfSe pregunta si tiene derecho a una indemnizaci\u00f3n? Si no est\u00e1 familiarizado con el seguro de compensaci\u00f3n laboral, necesita nuestra ayuda.<\/p>\n<p>Los abogados de compensaci\u00f3n de trabajadores en Florida Lawyers 360 est\u00e1n aqu\u00ed para ayudarle a obtener la compensaci\u00f3n que se merece despu\u00e9s de sufrir una lesi\u00f3n en el trabajo. Llame <a href=\"tel:+19544487355\"><i class=\"fa fa-phone-alt\"><\/i>954-448-7355<\/a> ahora para programar una consulta gratuita con nuestros abogados de lesiones personales en Lakeland.<\/p>\n\t\t<div data-elementor-type=\"section\" data-elementor-id=\"208\" class=\"elementor elementor-208\" data-elementor-post-type=\"elementor_library\">\n\t\t\t\t\t<section class=\"elementor-section elementor-top-section elementor-element elementor-element-485e576a elementor-section-boxed elementor-section-height-default elementor-section-height-default\" data-id=\"485e576a\" data-element_type=\"section\" data-e-type=\"section\">\n\t\t\t\t\t\t<div class=\"elementor-container elementor-column-gap-default\">\n\t\t\t\t\t<div class=\"elementor-column elementor-col-100 elementor-top-column elementor-element elementor-element-635c38c0\" data-id=\"635c38c0\" data-element_type=\"column\" data-e-type=\"column\">\n\t\t\t<div class=\"elementor-widget-wrap elementor-element-populated\">\n\t\t\t\t\t\t<div class=\"elementor-element elementor-element-3ba95c8a elementor-toc--minimized-on-tablet elementor-widget elementor-widget-table-of-contents\" data-id=\"3ba95c8a\" data-element_type=\"widget\" data-e-type=\"widget\" data-settings=\"{&quot;exclude_headings_by_selector&quot;:&quot;.toc-remove&quot;,&quot;headings_by_tags&quot;:[&quot;h2&quot;,&quot;h3&quot;],&quot;marker_view&quot;:&quot;numbers&quot;,&quot;no_headings_message&quot;:&quot;No se ha encontrado ning\\u00fan encabezado en esta p\\u00e1gina.&quot;,&quot;minimize_box&quot;:&quot;yes&quot;,&quot;minimized_on&quot;:&quot;tablet&quot;,&quot;hierarchical_view&quot;:&quot;yes&quot;,&quot;min_height&quot;:{&quot;unit&quot;:&quot;px&quot;,&quot;size&quot;:&quot;&quot;,&quot;sizes&quot;:[]},&quot;min_height_tablet&quot;:{&quot;unit&quot;:&quot;px&quot;,&quot;size&quot;:&quot;&quot;,&quot;sizes&quot;:[]},&quot;min_height_mobile&quot;:{&quot;unit&quot;:&quot;px&quot;,&quot;size&quot;:&quot;&quot;,&quot;sizes&quot;:[]}}\" data-widget_type=\"table-of-contents.default\">\n\t\t\t\t\t\t\t\t\t<div class=\"elementor-toc__header\">\n\t\t\t\t\t\t<div class=\"elementor-toc__header-title\">\n\t\t\t\tTable of Contents\t\t\t<\/div>\n\t\t\t\t\t\t\t\t\t\t<div class=\"elementor-toc__toggle-button elementor-toc__toggle-button--expand\" role=\"button\" tabindex=\"0\" aria-controls=\"elementor-toc__3ba95c8a\" aria-expanded=\"true\" aria-label=\"Abrir la tabla de contenidos\"><svg aria-hidden=\"true\" class=\"e-font-icon-svg e-fas-chevron-down\" viewBox=\"0 0 448 512\" xmlns=\"http:\/\/www.w3.org\/2000\/svg\"><path d=\"M207.029 381.476L12.686 187.132c-9.373-9.373-9.373-24.569 0-33.941l22.667-22.667c9.357-9.357 24.522-9.375 33.901-.04L224 284.505l154.745-154.021c9.379-9.335 24.544-9.317 33.901.04l22.667 22.667c9.373 9.373 9.373 24.569 0 33.941L240.971 381.476c-9.373 9.372-24.569 9.372-33.942 0z\"><\/path><\/svg><\/div>\n\t\t\t\t<div class=\"elementor-toc__toggle-button elementor-toc__toggle-button--collapse\" role=\"button\" tabindex=\"0\" aria-controls=\"elementor-toc__3ba95c8a\" aria-expanded=\"true\" aria-label=\"Cerrar la tabla de contenidos\"><svg aria-hidden=\"true\" class=\"e-font-icon-svg e-fas-chevron-up\" viewBox=\"0 0 448 512\" xmlns=\"http:\/\/www.w3.org\/2000\/svg\"><path d=\"M240.971 130.524l194.343 194.343c9.373 9.373 9.373 24.569 0 33.941l-22.667 22.667c-9.357 9.357-24.522 9.375-33.901.04L224 227.495 69.255 381.516c-9.379 9.335-24.544 9.317-33.901-.04l-22.667-22.667c-9.373-9.373-9.373-24.569 0-33.941L207.03 130.525c9.372-9.373 24.568-9.373 33.941-.001z\"><\/path><\/svg><\/div>\n\t\t\t\t\t<\/div>\n\t\t\t\t<div id=\"elementor-toc__3ba95c8a\" class=\"elementor-toc__body\">\n\t\t\t<div class=\"elementor-toc__spinner-container\">\n\t\t\t\t<svg class=\"elementor-toc__spinner eicon-animation-spin e-font-icon-svg e-eicon-loading\" aria-hidden=\"true\" viewBox=\"0 0 1000 1000\" xmlns=\"http:\/\/www.w3.org\/2000\/svg\"><path d=\"M500 975V858C696 858 858 696 858 500S696 142 500 142 142 304 142 500H25C25 237 238 25 500 25S975 237 975 500 763 975 500 975Z\"><\/path><\/svg>\t\t\t<\/div>\n\t\t<\/div>\n\t\t\t\t\t\t<\/div>\n\t\t\t\t\t<\/div>\n\t\t<\/div>\n\t\t\t\t\t<\/div>\n\t\t<\/section>\n\t\t\t\t<\/div>\n\t\t\n<h2>\u00bfQu\u00e9 es la indemnizaci\u00f3n por accidente de trabajo?<\/h2>\n<p>La indemnizaci\u00f3n por accidente de trabajo es un sistema por el cual, si te lesionas en el trabajo, tienes derecho a algunas prestaciones como las siguientes.<\/p>\n<ul>\n<li>Tratamiento m\u00e9dico, incluidas las estancias hospitalarias en las que la compa\u00f1\u00eda de seguros de tu empresa lo paga todo.<\/li>\n<li>Prestaci\u00f3n por incapacidad total temporal, que puede recibir si su m\u00e9dico le ordena permanecer de baja durante el tiempo reglamentario.<\/li>\n<li>Fisioterapia en caso de que necesite rehabilitaci\u00f3n tras la lesi\u00f3n sufrida en el trabajo.<\/li>\n<li>Recetas para cualquier medicamento que reciba como consecuencia de la lesi\u00f3n sufrida en el trabajo.<\/li>\n<li>Gastos de desplazamiento necesarios al m\u00e9dico, al centro de rehabilitaci\u00f3n para fisioterapia y mucho m\u00e1s.<\/li>\n<li>Rehabilitaci\u00f3n profesional en funci\u00f3n del tipo de lesi\u00f3n sufrida.<\/li>\n<\/ul>\n<p>&nbsp;<\/p>\n<p>Tenga en cuenta que cada caso de compensaci\u00f3n laboral es diferente seg\u00fan el estado. Por lo tanto, si usted ha sido lesionado en Lakeland, FL, necesita trabajar con los mejores abogados de compensaci\u00f3n de trabajadores de Lakeland en Florida Lawyers 360.<\/p>\n<p>Hemos trabajado en numerosos casos de compensaci\u00f3n de trabajadores a lo largo de los a\u00f1os y tenemos el conocimiento suficiente para manejar su caso sin ning\u00fan problema. Ll\u00e1menos ahora y haga una cita para hablar con uno de nuestros abogados.<\/p>\n<p><a href=\"https:\/\/floridalawyers360.com\/wp-content\/uploads\/2024\/02\/lakeland-wc1-copy.webp\"><img fetchpriority=\"high\" decoding=\"async\" class=\"alignnone size-full wp-image-3242\" src=\"https:\/\/floridalawyers360.com\/wp-content\/uploads\/2024\/02\/lakeland-wc1-copy.webp\" alt=\"Injured on the job, hire a workers' compensation lawyer\" width=\"500\" height=\"334\" srcset=\"https:\/\/floridalawyers360.com\/wp-content\/uploads\/2024\/02\/lakeland-wc1-copy.webp 500w, https:\/\/floridalawyers360.com\/wp-content\/uploads\/2024\/02\/lakeland-wc1-copy-300x200.webp 300w\" sizes=\"(max-width: 500px) 100vw, 500px\" \/><\/a><\/p>\n<h2>\u00bfQu\u00e9 debo hacer si me lastimo en el trabajo en Lakeland, FL?<\/h2>\n<p>Si usted estaba atendiendo a sus deberes como usted est\u00e1 empleado para hacer y se lastiman, aqu\u00ed hay algunos pasos que debe tomar inmediatamente.<\/p>\n<h3>Notif\u00edquelo a su empresario<\/h3>\n<p>Debe notificar inmediatamente a su empresario que se ha lesionado en el ejercicio de sus funciones. Tenga en cuenta que esto se utilizar\u00e1 como prueba en la reclamaci\u00f3n de indemnizaci\u00f3n.<\/p>\n<h3>Busque asistencia m\u00e9dica<\/h3>\n<p>No dejes que la lesi\u00f3n empeore. Aseg\u00farate de que acudes inmediatamente al m\u00e9dico y sigue sus instrucciones al pie de la letra. No seguir las instrucciones del m\u00e9dico puede perjudicar tu solicitud de indemnizaci\u00f3n.<\/p>\n<h3>Registre sus lesiones<\/h3>\n<p>Inmediatamente despu\u00e9s de lesionarte, tienes que dejar constancia por escrito de tus lesiones y de los s\u00edntomas que has sufrido a consecuencia de ellas.<\/p>\n<p>Tenga en cuenta que las lesiones pueden empeorar con el tiempo, por lo que debe registrarlo todo para poder recibir una indemnizaci\u00f3n justa por las lesiones sufridas como consecuencia del accidente de trabajo.<\/p>\n<h3>Tome fotograf\u00edas<\/h3>\n<p>Si has sufrido lesiones visibles mientras realizabas tu trabajo, necesitas tomar fotograf\u00edas de todo tal y como aparece. Mejor a\u00fan, puedes tomar v\u00eddeos de la lesi\u00f3n para tener las mejores pruebas para tu reclamaci\u00f3n de indemnizaci\u00f3n.<\/p>\n<h3>Presenta una reclamaci\u00f3n<\/h3>\n<p>No tienes por qu\u00e9 pagar de tu bolsillo todos los gastos derivados de las lesiones laborales. M\u00e1s bien, usted necesita para presentar una reclamaci\u00f3n de compensaci\u00f3n de trabajadores inmediatamente.<\/p>\n<p>Gracias a Florida Lawyers 360, usted cuenta con el mejor abogado de lesiones en Lakeland, Florida. Trabajaremos diligentemente para asegurarnos de que obtenga una indemnizaci\u00f3n por las lesiones sufridas. \u00a1Estamos listos para empezar a trabajar en su caso!<\/p>\n<p>\u00a1Ll\u00e1menos ahora para hacer una cita!<\/p>\n<p><a href=\"https:\/\/floridalawyers360.com\/wp-content\/uploads\/2024\/02\/lakeland-wc2-copy.webp\"><img decoding=\"async\" class=\"alignnone size-full wp-image-3241\" src=\"https:\/\/floridalawyers360.com\/wp-content\/uploads\/2024\/02\/lakeland-wc2-copy.webp\" alt=\"A work-related injury\" width=\"500\" height=\"334\" srcset=\"https:\/\/floridalawyers360.com\/wp-content\/uploads\/2024\/02\/lakeland-wc2-copy.webp 500w, https:\/\/floridalawyers360.com\/wp-content\/uploads\/2024\/02\/lakeland-wc2-copy-300x200.webp 300w\" sizes=\"(max-width: 500px) 100vw, 500px\" \/><\/a><\/p>\n<h2>\u00bfPor qu\u00e9 debo contratar a un abogado de compensaci\u00f3n de trabajadores para mi reclamo?<\/h2>\n<p>\u00bfSe est\u00e1 preguntando si necesita o no contratar los servicios de un abogado de lesiones de Lakeland despu\u00e9s de un accidente de trabajo en Florida? Bueno, aqu\u00ed est\u00e1n algunas de las razones por las que usted debe contratar Florida Abogados 360 hoy.<\/p>\n<h3>Base de contingencia<\/h3>\n<p>En primer lugar, trabajamos sobre una base de contingencia por lo que no tiene que preocuparse por los honorarios legales. Si usted no recibe compensaci\u00f3n, usted no tiene que preocuparse por pagarnos. Por eso somos lo suficientemente diligentes para trabajar en su caso y asegurarnos de que reciba su compensaci\u00f3n.<\/p>\n<h3>Beneficios a los que tiene derecho<\/h3>\n<p>Como su abogado, verificaremos los beneficios a los que usted tiene derecho despu\u00e9s de una lesi\u00f3n en el trabajo. Es posible que usted no sea consciente del tipo de compensaci\u00f3n que debe recibir despu\u00e9s de una lesi\u00f3n en el trabajo.<\/p>\n<p>Despu\u00e9s de haber trabajado en numerosos casos de compensaci\u00f3n de trabajadores en los \u00faltimos a\u00f1os, entendemos las leyes relativas a los da\u00f1os y nos aseguraremos de que usted reciba cada cantidad que se le debe.<\/p>\n<h3>Proteja sus derechos<\/h3>\n<p>Si usted se lesiona en el trabajo, usted tiene derechos. Tenga en cuenta que su empleador o su compa\u00f1\u00eda de seguros pueden no informarle de estos derechos. Nosotros estamos aqu\u00ed para ayudarle.<\/p>\n<p>Entendemos las leyes de compensaci\u00f3n al trabajador en Florida y estamos aqu\u00ed para asegurarnos de que usted conozca sus derechos y lo que se le debe despu\u00e9s de una lesi\u00f3n sufrida en el trabajo.<\/p>\n<h3>Resoluci\u00f3n r\u00e1pida<\/h3>\n<p>Dependiendo de la naturaleza del caso de compensaci\u00f3n de los trabajadores, los desaf\u00edos pueden surgir en el camino. Bueno, ya que tenemos mucha experiencia en el manejo de estos casos, estamos listos para resolver cualquier problema que pueda surgir en el camino.<\/p>\n<h3>Representaci\u00f3n en juicio<\/h3>\n<p>Si su caso termina en la corte, estamos listos para ayudar. Tenemos mucha experiencia en juicios y podemos presentar su reclamo de compensaci\u00f3n laboral en la corte para asegurarnos de que reciba la cantidad de compensaci\u00f3n que se merece.<\/p>\n<p>\u00a1Ll\u00e1menos ahora para que podamos empezar a trabajar en su caso inmediatamente!<\/p>\n<h2>\u00bfQu\u00e9 puedo hacer si me deniegan la indemnizaci\u00f3n por accidente de trabajo?<\/h2>\n<p>Si le deniegan la indemnizaci\u00f3n, tiene derecho a recurrir la denegaci\u00f3n. En primer lugar, puede intentar resolver la disputa con su empleador mediante negociaciones informales. A continuaci\u00f3n, debe presentar una petici\u00f3n de prestaciones ante la oficina de los jueces de compensaci\u00f3n.<\/p>\n<p>El juez ordenar\u00e1 una conferencia de mediaci\u00f3n en la que ambas partes intentar\u00e1n llegar a una soluci\u00f3n amistosa. Si la mediaci\u00f3n no tiene \u00e9xito, se celebrar\u00e1 una vista ante la OJCC en la que se presentar\u00e1n pruebas.<\/p>\n<p>A partir de entonces, el juez tiene 30 d\u00edas para determinar si se le conceder\u00e1n o no sus beneficios de compensaci\u00f3n. Florida Lawyers 360, est\u00e1 aqu\u00ed para ayudarle durante el proceso de apelaci\u00f3n.<\/p>\n<p>Lo representaremos a lo largo de todo el desalentador proceso para asegurarnos de que reciba sin falta la compensaci\u00f3n que le corresponde.<\/p>\n<h2>\u00bfPuedo ser Despedido por Presentar una Demanda de Compensaci\u00f3n Laboral?<\/h2>\n<p>En Florida, usted no puede ser despedido por presentar una reclamaci\u00f3n de compensaci\u00f3n al trabajador. Como empleado, usted tiene derecho a los beneficios de compensaci\u00f3n de trabajadores, incluso si usted es responsable del accidente en el primer lugar.<\/p>\n<p><a href=\"https:\/\/floridalawyers360.com\/wp-content\/uploads\/2024\/02\/lakeland-wc3-copy.webp\"><img decoding=\"async\" class=\"alignnone size-full wp-image-3240\" src=\"https:\/\/floridalawyers360.com\/wp-content\/uploads\/2024\/02\/lakeland-wc3-copy.webp\" alt=\"Workers' Compensation Work Injury Claim\" width=\"500\" height=\"334\" srcset=\"https:\/\/floridalawyers360.com\/wp-content\/uploads\/2024\/02\/lakeland-wc3-copy.webp 500w, https:\/\/floridalawyers360.com\/wp-content\/uploads\/2024\/02\/lakeland-wc3-copy-300x200.webp 300w\" sizes=\"(max-width: 500px) 100vw, 500px\" \/><\/a><\/p>\n<h2>\u00bfCu\u00e1l es el plazo para presentar una reclamaci\u00f3n de compensaci\u00f3n de trabajadores en Lakeland?<\/h2>\n<p>En Florida, si usted ha sufrido una lesi\u00f3n en el trabajo, usted tiene un per\u00edodo de 30 d\u00edas para reportar sus lesiones. Si una condici\u00f3n se desarrolla con el tiempo despu\u00e9s de las lesiones iniciales, tambi\u00e9n tiene 30 d\u00edas para reportar la condici\u00f3n a su empleador y revelar la relaci\u00f3n con las lesiones iniciales.<\/p>\n<p>El incumplimiento de estos plazos implica la p\u00e9rdida total o parcial de las prestaciones.<\/p>\n<h2>\u00bfPuedo demandar a mi empresario tras lesionarme en el trabajo?<\/h2>\n<p>No se le permite demandar a su empleador despu\u00e9s de sufrir un accidente laboral. Si su empresa le proporciona un seguro de accidentes laborales, est\u00e1 protegida frente a una demanda por da\u00f1os personales que usted pudiera presentar como consecuencia de las mismas lesiones.<\/p>\n<p>B\u00e1sicamente, la demanda de compensaci\u00f3n de los trabajadores es un intercambio en el que usted renuncia al derecho de demandar a su empleador para que pueda recibir una compensaci\u00f3n en gastos m\u00e9dicos y salarios perdidos, independientemente de la parte responsable.<\/p>\n<h2>\u00bfPuede un contratista independiente presentar una reclamaci\u00f3n de compensaci\u00f3n de trabajadores en Florida?<\/h2>\n<p>Si usted es un contratista independiente que trabaja para un empleador en Lakeland, FL, usted no tiene derecho a presentar una reclamaci\u00f3n de compensaci\u00f3n de trabajadores despu\u00e9s de sufrir lesiones en el trabajo.<\/p>\n<p>Usted es un empresario o un empleado en el aspecto de las normas de compensaci\u00f3n de trabajadores.<\/p>\n<p><a href=\"https:\/\/floridalawyers360.com\/wp-content\/uploads\/2024\/02\/lakeland-wc4-copy.webp\"><img loading=\"lazy\" decoding=\"async\" class=\"alignnone size-full wp-image-3239\" src=\"https:\/\/floridalawyers360.com\/wp-content\/uploads\/2024\/02\/lakeland-wc4-copy.webp\" alt=\"Lakeland Workers' Compensation Lawyer\" width=\"500\" height=\"334\" srcset=\"https:\/\/floridalawyers360.com\/wp-content\/uploads\/2024\/02\/lakeland-wc4-copy.webp 500w, https:\/\/floridalawyers360.com\/wp-content\/uploads\/2024\/02\/lakeland-wc4-copy-300x200.webp 300w\" sizes=\"(max-width: 500px) 100vw, 500px\" \/><\/a><\/p>\n<h2>\u00bfCu\u00e1nto vale mi reclamo de compensaci\u00f3n de trabajadores Lakeland?<\/h2>\n<p>\u00bfSe est\u00e1 preguntando cu\u00e1nto puede recibir realmente despu\u00e9s de presentar una demanda de compensaci\u00f3n de trabajadores en Lakeland? Bueno, al elegir Florida Lawyers 360, podemos asegurarnos de que usted est\u00e1 cubierto para los siguientes gastos que se producen como resultado de sus lesiones.<\/p>\n<ul>\n<li>Todas sus facturas m\u00e9dicas resultantes del accidente siempre y cuando sea tratado por m\u00e9dicos tratantes autorizados.<\/li>\n<li>Los gastos de rehabilitaci\u00f3n de las lesiones sufridas en el trabajo.<\/li>\n<li>Un porcentaje de los salarios dejados de percibir por las lesiones.<\/li>\n<li>Medicamentos recetados para las lesiones.<\/li>\n<li>Los gastos de desplazamiento necesarios para el tratamiento de las lesiones sufridas en el trabajo.<\/li>\n<li>Su prestaci\u00f3n sustitutoria por p\u00e9rdida de ingresos. Asciende a 2\/3 del salario medio semanal con un tope de 575 d\u00f3lares cada semana.<\/li>\n<li>Incapacidad parcial permanente y una cantidad adicional de dinero si el m\u00e9dico tratante autorizado le otorga una calificaci\u00f3n de incapacidad de acuerdo con las directrices de la Asociaci\u00f3n M\u00e9dica Americana.<\/li>\n<\/ul>\n<h2>Programe una consulta gratuita con un abogado de lesiones de Lakeland<\/h2>\n<p>Independientemente del tipo de trabajo que usted est\u00e1 haciendo, usted tiene el potencial de sufrir lesiones en un momento u otro. Es importante trabajar con el mejor bufete de abogados de lesiones personales para asegurarse de que est\u00e1 cubierto en caso de tales lesiones.<\/p>\n<p>Llame hoy mismo a Florida Lawyers 360 al <a href=\"tel:+19544487355\"><i class=\"fa fa-phone-alt\"><\/i>954-448-7355<\/a> y obtenga la mejor asistencia que necesita para presentar una demanda de indemnizaci\u00f3n laboral en Lakeland, FL.<\/p>\n","protected":false},"excerpt":{"rendered":"<p>\u00bfSe ha lesionado en el trabajo? \u00bfSe pregunta si tiene derecho a una indemnizaci\u00f3n? Si no est\u00e1 familiarizado con el seguro de compensaci\u00f3n laboral, necesita nuestra ayuda. Los abogados de compensaci\u00f3n de trabajadores en Florida Lawyers 360 est\u00e1n aqu\u00ed para ayudarle a obtener la compensaci\u00f3n que se merece despu\u00e9s de sufrir una lesi\u00f3n en el [&hellip;]<\/p>\n","protected":false},"author":22,"featured_media":0,"parent":5862,"menu_order":0,"comment_status":"closed","ping_status":"closed","template":"","meta":{"_acf_changed":false,"anchor_text":"","footnotes":""},"categories":[],"tags":[],"class_list":["post-5872","page","type-page","status-publish","hentry"],"acf":[],"_links":{"self":[{"href":"https:\/\/floridalawyers360.com\/es\/wp-json\/wp\/v2\/pages\/5872","targetHints":{"allow":["GET"]}}],"collection":[{"href":"https:\/\/floridalawyers360.com\/es\/wp-json\/wp\/v2\/pages"}],"about":[{"href":"https:\/\/floridalawyers360.com\/es\/wp-json\/wp\/v2\/types\/page"}],"author":[{"embeddable":true,"href":"https:\/\/floridalawyers360.com\/es\/wp-json\/wp\/v2\/users\/22"}],"replies":[{"embeddable":true,"href":"https:\/\/floridalawyers360.com\/es\/wp-json\/wp\/v2\/comments?post=5872"}],"version-history":[{"count":3,"href":"https:\/\/floridalawyers360.com\/es\/wp-json\/wp\/v2\/pages\/5872\/revisions"}],"predecessor-version":[{"id":5875,"href":"https:\/\/floridalawyers360.com\/es\/wp-json\/wp\/v2\/pages\/5872\/revisions\/5875"}],"up":[{"embeddable":true,"href":"https:\/\/floridalawyers360.com\/es\/wp-json\/wp\/v2\/pages\/5862"}],"wp:attachment":[{"href":"https:\/\/floridalawyers360.com\/es\/wp-json\/wp\/v2\/media?parent=5872"}],"wp:term":[{"taxonomy":"category","embeddable":true,"href":"https:\/\/floridalawyers360.com\/es\/wp-json\/wp\/v2\/categories?post=5872"},{"taxonomy":"post_tag","embeddable":true,"href":"https:\/\/floridalawyers360.com\/es\/wp-json\/wp\/v2\/tags?post=5872"}],"curies":[{"name":"wp","href":"https:\/\/api.w.org\/{rel}","templated":true}]}}