{"id":5868,"date":"2024-02-14T09:14:13","date_gmt":"2024-02-14T14:14:13","guid":{"rendered":"https:\/\/floridalawyers360.com\/lakeland\/lakeland-personal-injury-lawyer\/"},"modified":"2024-03-12T23:50:40","modified_gmt":"2024-03-13T04:50:40","slug":"lakeland-abogado-de-lesiones-personales","status":"publish","type":"page","link":"https:\/\/floridalawyers360.com\/es\/lakeland\/lakeland-abogado-de-lesiones-personales\/","title":{"rendered":"Lakeland Abogado de Lesiones Personales"},"content":{"rendered":"<p>Un caso de lesiones personales es aquel en que una persona sufre un da\u00f1o y otra persona (o entidad como una empresa) puede ser considerada responsable de causarlo. La persona responsable responde de los da\u00f1os causados y puede ser legalmente obligada a indemnizar al perjudicado.<\/p>\n<p>Si usted ha sido lesionado en un accidente o como resultado de la negligencia o las acciones de otro, entonces usted puede tener un recurso legal para recuperar las p\u00e9rdidas que experiment\u00f3 a trav\u00e9s de una demanda por lesiones personales.<\/p>\n<p>Se recomienda consultar a un abogado de lesiones personales de Lakeland para evaluar si usted tiene o no motivos para un caso, los tipos de p\u00e9rdidas (da\u00f1os) que usted puede demandar, y la cantidad que usted puede demandar.<\/p>\n<p>P\u00f3ngase en contacto con el bufete de abogados de lesiones Lakeland de Florida Lawyers 360 en <a href=\"tel:+19544487355\"><i class=\"fa fa-phone-alt\"><\/i>954-448-7355<\/a> para una consulta gratuita para evaluar su reclamo hoy.<\/p>\n\t\t<div data-elementor-type=\"section\" data-elementor-id=\"208\" class=\"elementor elementor-208\" data-elementor-post-type=\"elementor_library\">\n\t\t\t\t\t<section class=\"elementor-section elementor-top-section elementor-element elementor-element-485e576a elementor-section-boxed elementor-section-height-default elementor-section-height-default\" data-id=\"485e576a\" data-element_type=\"section\" data-e-type=\"section\">\n\t\t\t\t\t\t<div class=\"elementor-container elementor-column-gap-default\">\n\t\t\t\t\t<div class=\"elementor-column elementor-col-100 elementor-top-column elementor-element elementor-element-635c38c0\" data-id=\"635c38c0\" data-element_type=\"column\" data-e-type=\"column\">\n\t\t\t<div class=\"elementor-widget-wrap elementor-element-populated\">\n\t\t\t\t\t\t<div class=\"elementor-element elementor-element-3ba95c8a elementor-toc--minimized-on-tablet elementor-widget elementor-widget-table-of-contents\" data-id=\"3ba95c8a\" data-element_type=\"widget\" data-e-type=\"widget\" data-settings=\"{&quot;exclude_headings_by_selector&quot;:&quot;.toc-remove&quot;,&quot;headings_by_tags&quot;:[&quot;h2&quot;,&quot;h3&quot;],&quot;marker_view&quot;:&quot;numbers&quot;,&quot;no_headings_message&quot;:&quot;No headings were found on this page.&quot;,&quot;minimize_box&quot;:&quot;yes&quot;,&quot;minimized_on&quot;:&quot;tablet&quot;,&quot;hierarchical_view&quot;:&quot;yes&quot;,&quot;min_height&quot;:{&quot;unit&quot;:&quot;px&quot;,&quot;size&quot;:&quot;&quot;,&quot;sizes&quot;:[]},&quot;min_height_tablet&quot;:{&quot;unit&quot;:&quot;px&quot;,&quot;size&quot;:&quot;&quot;,&quot;sizes&quot;:[]},&quot;min_height_mobile&quot;:{&quot;unit&quot;:&quot;px&quot;,&quot;size&quot;:&quot;&quot;,&quot;sizes&quot;:[]}}\" data-widget_type=\"table-of-contents.default\">\n\t\t\t\t\t\t\t\t\t<div class=\"elementor-toc__header\">\n\t\t\t\t\t\t<div class=\"elementor-toc__header-title\">\n\t\t\t\tTable of Contents\t\t\t<\/div>\n\t\t\t\t\t\t\t\t\t\t<div class=\"elementor-toc__toggle-button elementor-toc__toggle-button--expand\" role=\"button\" tabindex=\"0\" aria-controls=\"elementor-toc__3ba95c8a\" aria-expanded=\"true\" aria-label=\"Open table of contents\"><svg aria-hidden=\"true\" class=\"e-font-icon-svg e-fas-chevron-down\" viewBox=\"0 0 448 512\" xmlns=\"http:\/\/www.w3.org\/2000\/svg\"><path d=\"M207.029 381.476L12.686 187.132c-9.373-9.373-9.373-24.569 0-33.941l22.667-22.667c9.357-9.357 24.522-9.375 33.901-.04L224 284.505l154.745-154.021c9.379-9.335 24.544-9.317 33.901.04l22.667 22.667c9.373 9.373 9.373 24.569 0 33.941L240.971 381.476c-9.373 9.372-24.569 9.372-33.942 0z\"><\/path><\/svg><\/div>\n\t\t\t\t<div class=\"elementor-toc__toggle-button elementor-toc__toggle-button--collapse\" role=\"button\" tabindex=\"0\" aria-controls=\"elementor-toc__3ba95c8a\" aria-expanded=\"true\" aria-label=\"Close table of contents\"><svg aria-hidden=\"true\" class=\"e-font-icon-svg e-fas-chevron-up\" viewBox=\"0 0 448 512\" xmlns=\"http:\/\/www.w3.org\/2000\/svg\"><path d=\"M240.971 130.524l194.343 194.343c9.373 9.373 9.373 24.569 0 33.941l-22.667 22.667c-9.357 9.357-24.522 9.375-33.901.04L224 227.495 69.255 381.516c-9.379 9.335-24.544 9.317-33.901-.04l-22.667-22.667c-9.373-9.373-9.373-24.569 0-33.941L207.03 130.525c9.372-9.373 24.568-9.373 33.941-.001z\"><\/path><\/svg><\/div>\n\t\t\t\t\t<\/div>\n\t\t\t\t<div id=\"elementor-toc__3ba95c8a\" class=\"elementor-toc__body\">\n\t\t\t<div class=\"elementor-toc__spinner-container\">\n\t\t\t\t<svg class=\"elementor-toc__spinner eicon-animation-spin e-font-icon-svg e-eicon-loading\" aria-hidden=\"true\" viewBox=\"0 0 1000 1000\" xmlns=\"http:\/\/www.w3.org\/2000\/svg\"><path d=\"M500 975V858C696 858 858 696 858 500S696 142 500 142 142 304 142 500H25C25 237 238 25 500 25S975 237 975 500 763 975 500 975Z\"><\/path><\/svg>\t\t\t<\/div>\n\t\t<\/div>\n\t\t\t\t\t\t<\/div>\n\t\t\t\t\t<\/div>\n\t\t<\/div>\n\t\t\t\t\t<\/div>\n\t\t<\/section>\n\t\t\t\t<\/div>\n\t\t\n<h2>\u00bfQu\u00e9 debo hacer despu\u00e9s de una lesi\u00f3n?<\/h2>\n<p>Despu\u00e9s de sufrir una lesi\u00f3n en Lakeland, Florida, tomar estas medidas puede ayudar significativamente a la hora de presentar una reclamaci\u00f3n:<\/p>\n<p>Busque atenci\u00f3n m\u00e9dica tan pronto como sea posible &#8211; su salud es la principal preocupaci\u00f3n despu\u00e9s de una lesi\u00f3n. Visite una sala de emergencias o a un m\u00e9dico lo antes posible despu\u00e9s de lesionarse. Conserve todos los historiales m\u00e9dicos de los tratamientos recibidos, las notas del m\u00e9dico y las facturas. Tambi\u00e9n puedes hacer fotos de la lesi\u00f3n.<\/p>\n<ul>\n<li><strong>Haz fotos o v\u00eddeos &#8211;<\/strong>\u00a0documenta el lugar donde se produjo la lesi\u00f3n, qu\u00e9 la caus\u00f3 y cualquier otra prueba pertinente.<\/li>\n<li><strong>Anota nombres<\/strong> &#8211; Anota los nombres y datos de contacto de cualquier persona que haya presenciado el suceso que caus\u00f3 la lesi\u00f3n. M\u00e1s adelante podr\u00e1 ponerse en contacto con ellas para que declaren o incluso testifiquen en su favor.<\/li>\n<li><strong>Informa del accidente a una autoridad competente &#8211;<\/strong>\u00a0el propietario de un edificio, el gerente de una empresa, un supervisor en el lugar de trabajo o la polic\u00eda en caso de accidente de coche.<\/li>\n<li><strong>No admitas la culpa<\/strong> &#8211; No digas nada que pueda interpretarse como admisi\u00f3n de culpa. Aparte de proporcionar informaci\u00f3n de contacto, seguro y lesiones, es mejor no decir nada en absoluto hasta que su abogado est\u00e9 presente.<\/li>\n<li><strong>P\u00f3ngase en contacto con un abogado<\/strong> &#8211; Llame a un abogado para averiguar qu\u00e9 debe hacer a continuaci\u00f3n.<\/li>\n<\/ul>\n<p>&nbsp;<\/p>\n<p><a href=\"https:\/\/floridalawyers360.com\/wp-content\/uploads\/2024\/02\/lakeland-pi1-copy.webp\"><img fetchpriority=\"high\" decoding=\"async\" class=\"alignnone size-full wp-image-3232\" src=\"https:\/\/floridalawyers360.com\/wp-content\/uploads\/2024\/02\/lakeland-pi1-copy.webp\" alt=\"Lakeland personal injury lawyer\" width=\"500\" height=\"334\" srcset=\"https:\/\/floridalawyers360.com\/wp-content\/uploads\/2024\/02\/lakeland-pi1-copy.webp 500w, https:\/\/floridalawyers360.com\/wp-content\/uploads\/2024\/02\/lakeland-pi1-copy-300x200.webp 300w\" sizes=\"(max-width: 500px) 100vw, 500px\" \/><\/a><\/p>\n<h2>\u00bfPor qu\u00e9 necesito un abogado?<\/h2>\n<ul>\n<li>Un abogado evaluar\u00e1 su caso de lesiones personales y lo preparar\u00e1 para presentar una demanda.<\/li>\n<li>Los abogados negociar\u00e1n con la parte responsable, sus abogados o los proveedores de seguros para garantizar que usted reciba una compensaci\u00f3n justa por sus p\u00e9rdidas.<\/li>\n<li>Presentar\u00e1n su caso ante el tribunal y le proporcionar\u00e1n representaci\u00f3n legal experta en cada paso del camino.<\/li>\n<\/ul>\n<p>&nbsp;<\/p>\n<p>En la mayor\u00eda de los casos, se recomienda llegar a un acuerdo extrajudicial en un caso de lesiones personales. Los juicios pueden ser largos y costosos, adem\u00e1s de que no hay certeza sobre el resultado. Nunca puede estar seguro de si el juez y el jurado fallar\u00e1n a su favor o qu\u00e9 cantidad se le conceder\u00e1.<\/p>\n<p>Sin embargo, si la parte responsable se niega a llegar a un acuerdo u ofrece una cantidad inferior a la justa, su abogado llevar\u00e1 su caso ante los tribunales en su nombre.<\/p>\n<h2>\u00bfQu\u00e9 tipos de da\u00f1os puedo recuperar en Lakeland, Florida?<\/h2>\n<p>Los da\u00f1os se refieren a las p\u00e9rdidas que usted experiment\u00f3 como resultado de sus lesiones. Hay tres categor\u00edas de da\u00f1os que usted puede reclamar en el estado de Florida:<\/p>\n<h3>Da\u00f1os econ\u00f3micos<\/h3>\n<p>Los da\u00f1os econ\u00f3micos se refieren a p\u00e9rdidas a las que puede atribuirse una cantidad monetaria exacta. Por ejemplo, gastos m\u00e9dicos y p\u00e9rdida de ingresos tanto actuales como futuros.<\/p>\n<p>Los da\u00f1os a la propiedad y el aumento de los gastos dom\u00e9sticos, como la contrataci\u00f3n de un servicio de limpieza o jardiner\u00eda para ayudar con las tareas, tambi\u00e9n pueden formar parte de una demanda en Florida.<\/p>\n<h3>Da\u00f1os no econ\u00f3micos<\/h3>\n<p>Los da\u00f1os no econ\u00f3micos se refieren a las p\u00e9rdidas sufridas a las que no puede atribuirse un valor monetario exacto. Por ejemplo, dolor y sufrimiento, p\u00e9rdida del disfrute de la vida, desfiguraci\u00f3n, deterioro y p\u00e9rdida de consorcio o compa\u00f1\u00eda.<\/p>\n<p>La cantidad que se atribuye a los da\u00f1os no econ\u00f3micos es relativa a la cantidad de sufrimiento que experiment\u00f3 la parte perjudicada.<\/p>\n<h3>Da\u00f1os punitivos<\/h3>\n<p>Los da\u00f1os punitivos se conceden cuando se considera que la parte responsable fue indebidamente imprudente o deliberada en su comportamiento causante de la lesi\u00f3n. El objetivo es evitar que la parte vuelva a realizar ese comportamiento castig\u00e1ndola econ\u00f3micamente.<\/p>\n<p>Sin embargo, la parte perjudicada se beneficia de los da\u00f1os punitivos m\u00e1s all\u00e1 de sus otras reclamaciones por da\u00f1os. Hay que se\u00f1alar que los tribunales rara vez conceden indemnizaciones punitivas.<\/p>\n<p><a href=\"https:\/\/floridalawyers360.com\/wp-content\/uploads\/2024\/02\/lakeland-pi2-copy.webp\"><img decoding=\"async\" class=\"alignnone size-full wp-image-3233\" src=\"https:\/\/floridalawyers360.com\/wp-content\/uploads\/2024\/02\/lakeland-pi2-copy.webp\" alt=\"Personal Injury Law\" width=\"500\" height=\"334\" srcset=\"https:\/\/floridalawyers360.com\/wp-content\/uploads\/2024\/02\/lakeland-pi2-copy.webp 500w, https:\/\/floridalawyers360.com\/wp-content\/uploads\/2024\/02\/lakeland-pi2-copy-300x200.webp 300w\" sizes=\"(max-width: 500px) 100vw, 500px\" \/><\/a><\/p>\n<h2>\u00bfC\u00f3mo se determina la responsabilidad?<\/h2>\n<p>El estado de Florida practica la negligencia comparativa cuando se trata de casos de lesiones personales. Esto asigna un grado de culpa y por lo tanto de responsabilidad a cada parte implicada en la causa de la lesi\u00f3n.<\/p>\n<p>Mientras que el grado de culpa no impide que la parte lesionada presente una demanda, la cantidad de compensaci\u00f3n que reciba ser\u00e1 relativa al grado de culpa.<\/p>\n<p>Por ejemplo, si se determina que usted tuvo un 40% de culpa en causar su propia lesi\u00f3n, la otra parte s\u00f3lo tendr\u00e1 que pagar el 60% de los da\u00f1os y perjuicios que se concedan.<\/p>\n<p>Es muy recomendable consultar a un abogado para determinar el grado de culpa y responsabilidad que existe en su caso de lesiones personales.<\/p>\n<p>Se utilizan cuatro elementos para determinar la responsabilidad:<\/p>\n<ul>\n<li><strong>Deber de diligencia<\/strong>\u00a0es la responsabilidad que tiene cada persona de evitar que otra sufra da\u00f1os, ya sea por su negligencia o por acciones intencionadas.<\/li>\n<li><strong>Incumplimiento del deber de diligencia<\/strong>\u00a0es cuando la parte ha sido negligente en la prestaci\u00f3n del deber de diligencia.<\/li>\n<li><strong>Causalidad<\/strong>\u00a0requiere la prueba de que el incumplimiento del deber de diligencia fue la causa de la lesi\u00f3n o del suceso que dio lugar a la lesi\u00f3n.<\/li>\n<li><strong>Da\u00f1os y perjuicios<\/strong>\u00a0la parte perjudicada debe probar que ha sufrido una p\u00e9rdida como consecuencia de la lesi\u00f3n.<\/li>\n<\/ul>\n<h2>\u00bfCu\u00e1nto tiempo tengo para presentar una demanda por lesiones personales en Florida?<\/h2>\n<p>El estatuto de limitaciones para casos de lesiones personales en el estado de Florida es de cuatro a\u00f1os. Esto significa que usted tiene exactamente cuatro a\u00f1os a partir de la fecha en que se produjo la lesi\u00f3n para presentar su demanda.<\/p>\n<p><a href=\"https:\/\/floridalawyers360.com\/wp-content\/uploads\/2024\/02\/lakeland-pi3-copy.webp\"><img decoding=\"async\" class=\"alignnone size-full wp-image-3234\" src=\"https:\/\/floridalawyers360.com\/wp-content\/uploads\/2024\/02\/lakeland-pi3-copy.webp\" alt=\"How much will a personal injury lawyer cost\" width=\"500\" height=\"334\" srcset=\"https:\/\/floridalawyers360.com\/wp-content\/uploads\/2024\/02\/lakeland-pi3-copy.webp 500w, https:\/\/floridalawyers360.com\/wp-content\/uploads\/2024\/02\/lakeland-pi3-copy-300x200.webp 300w\" sizes=\"(max-width: 500px) 100vw, 500px\" \/><\/a><\/p>\n<h2>\u00bfCu\u00e1nto cuesta un abogado de lesiones personales en Lakeland?<\/h2>\n<p>Florida Lawyers 360 trabaja en base a contingencia. Esto significa que nuestros honorarios legales dependen de que ganemos su caso. Si usted no recibe ninguna compensaci\u00f3n, entonces no nos pagan.<\/p>\n<p>Cuando ganamos su caso, cobraremos un peque\u00f1o porcentaje de la cantidad que se concede o el acuerdo para cubrir nuestros honorarios legales.<\/p>\n<h2>Tipos de casos de lesiones personales que manejamos en Florida Lawyers 360<\/h2>\n<p>Los casos de lesiones personales pueden tomar muchas formas diferentes. En Florida Lawyers 360 nos especializamos en manejar los siguientes tipos de casos de lesiones personales:<\/p>\n<ul>\n<li>Todo tipo de Accidentes de Autom\u00f3vil<\/li>\n<li>Indemnizaciones laborales<\/li>\n<li>Mordeduras de perro<\/li>\n<li>Agravios intencionados<\/li>\n<\/ul>\n<p>Si usted ha sido lesionado como resultado de la negligencia o acciones de otra persona, usted puede tener motivos para demandar por cualquier p\u00e9rdida que haya sufrido como resultado de su lesi\u00f3n.<\/p>\n<p>Para obtener m\u00e1s informaci\u00f3n sobre la ley de lesiones personales y programar una consulta gratuita para que su caso de lesiones personales sea evaluado, p\u00f3ngase en contacto con Florida Lawyers 360 hoy en <a href=\"tel:+19544487355\"><i class=\"fa fa-phone-alt\"><\/i>954-448-7355<\/a>.<\/p>\n","protected":false},"excerpt":{"rendered":"<p>Un caso de lesiones personales es aquel en que una persona sufre un da\u00f1o y otra persona (o entidad como una empresa) puede ser considerada responsable de causarlo. La persona responsable responde de los da\u00f1os causados y puede ser legalmente obligada a indemnizar al perjudicado. Si usted ha sido lesionado en un accidente o como [&hellip;]<\/p>\n","protected":false},"author":22,"featured_media":0,"parent":5862,"menu_order":0,"comment_status":"closed","ping_status":"closed","template":"","meta":{"_acf_changed":false,"anchor_text":"","footnotes":""},"categories":[],"tags":[],"class_list":["post-5868","page","type-page","status-publish","hentry"],"acf":[],"_links":{"self":[{"href":"https:\/\/floridalawyers360.com\/es\/wp-json\/wp\/v2\/pages\/5868","targetHints":{"allow":["GET"]}}],"collection":[{"href":"https:\/\/floridalawyers360.com\/es\/wp-json\/wp\/v2\/pages"}],"about":[{"href":"https:\/\/floridalawyers360.com\/es\/wp-json\/wp\/v2\/types\/page"}],"author":[{"embeddable":true,"href":"https:\/\/floridalawyers360.com\/es\/wp-json\/wp\/v2\/users\/22"}],"replies":[{"embeddable":true,"href":"https:\/\/floridalawyers360.com\/es\/wp-json\/wp\/v2\/comments?post=5868"}],"version-history":[{"count":3,"href":"https:\/\/floridalawyers360.com\/es\/wp-json\/wp\/v2\/pages\/5868\/revisions"}],"predecessor-version":[{"id":5871,"href":"https:\/\/floridalawyers360.com\/es\/wp-json\/wp\/v2\/pages\/5868\/revisions\/5871"}],"up":[{"embeddable":true,"href":"https:\/\/floridalawyers360.com\/es\/wp-json\/wp\/v2\/pages\/5862"}],"wp:attachment":[{"href":"https:\/\/floridalawyers360.com\/es\/wp-json\/wp\/v2\/media?parent=5868"}],"wp:term":[{"taxonomy":"category","embeddable":true,"href":"https:\/\/floridalawyers360.com\/es\/wp-json\/wp\/v2\/categories?post=5868"},{"taxonomy":"post_tag","embeddable":true,"href":"https:\/\/floridalawyers360.com\/es\/wp-json\/wp\/v2\/tags?post=5868"}],"curies":[{"name":"wp","href":"https:\/\/api.w.org\/{rel}","templated":true}]}}