{"id":5864,"date":"2024-02-14T09:08:48","date_gmt":"2024-02-14T14:08:48","guid":{"rendered":"https:\/\/floridalawyers360.com\/lakeland\/lakeland-car-accident-lawyer\/"},"modified":"2024-03-12T23:38:50","modified_gmt":"2024-03-13T04:38:50","slug":"abogado-de-accidentes-de-trafico","status":"publish","type":"page","link":"https:\/\/floridalawyers360.com\/es\/lakeland\/abogado-de-accidentes-de-trafico\/","title":{"rendered":"Lakeland Abogado de accidentes de tr\u00e1fico"},"content":{"rendered":"<p>Los accidentes de tr\u00e1fico se producen por muchas razones, como distracciones al volante, condiciones meteorol\u00f3gicas adversas, animales, infracciones de tr\u00e1fico e incluso conductores cansados.<\/p>\n<p>Seg\u00fan la NHTSA (National Highway Traffic Safety Administration), los accidentes de tr\u00e1fico causan m\u00e1s lesiones y muertes en comparaci\u00f3n con otros tipos de accidentes, como los accidentes por resbalones y ca\u00eddas.<\/p>\n<p>Sin embargo, si usted es v\u00edctima de un accidente de tr\u00e1fico que fue causado por otro conductor, usted tiene el derecho a ser compensado por las lesiones que pueda haber sufrido.<\/p>\n<p>P\u00f3ngase en contacto con uno de nuestros abogados de accidentes de coche de Florida Lawyers 360 Lakeland en [tel\u00e9fono], y vamos a empezar a trabajar en su caso.<\/p>\n\t\t<div data-elementor-type=\"section\" data-elementor-id=\"208\" class=\"elementor elementor-208\" data-elementor-post-type=\"elementor_library\">\n\t\t\t\t\t<section class=\"elementor-section elementor-top-section elementor-element elementor-element-485e576a elementor-section-boxed elementor-section-height-default elementor-section-height-default\" data-id=\"485e576a\" data-element_type=\"section\" data-e-type=\"section\">\n\t\t\t\t\t\t<div class=\"elementor-container elementor-column-gap-default\">\n\t\t\t\t\t<div class=\"elementor-column elementor-col-100 elementor-top-column elementor-element elementor-element-635c38c0\" data-id=\"635c38c0\" data-element_type=\"column\" data-e-type=\"column\">\n\t\t\t<div class=\"elementor-widget-wrap elementor-element-populated\">\n\t\t\t\t\t\t<div class=\"elementor-element elementor-element-3ba95c8a elementor-toc--minimized-on-tablet elementor-widget elementor-widget-table-of-contents\" data-id=\"3ba95c8a\" data-element_type=\"widget\" data-e-type=\"widget\" data-settings=\"{&quot;exclude_headings_by_selector&quot;:&quot;.toc-remove&quot;,&quot;headings_by_tags&quot;:[&quot;h2&quot;,&quot;h3&quot;],&quot;marker_view&quot;:&quot;numbers&quot;,&quot;no_headings_message&quot;:&quot;No se ha encontrado ning\\u00fan encabezado en esta p\\u00e1gina.&quot;,&quot;minimize_box&quot;:&quot;yes&quot;,&quot;minimized_on&quot;:&quot;tablet&quot;,&quot;hierarchical_view&quot;:&quot;yes&quot;,&quot;min_height&quot;:{&quot;unit&quot;:&quot;px&quot;,&quot;size&quot;:&quot;&quot;,&quot;sizes&quot;:[]},&quot;min_height_tablet&quot;:{&quot;unit&quot;:&quot;px&quot;,&quot;size&quot;:&quot;&quot;,&quot;sizes&quot;:[]},&quot;min_height_mobile&quot;:{&quot;unit&quot;:&quot;px&quot;,&quot;size&quot;:&quot;&quot;,&quot;sizes&quot;:[]}}\" data-widget_type=\"table-of-contents.default\">\n\t\t\t\t\t\t\t\t\t<div class=\"elementor-toc__header\">\n\t\t\t\t\t\t<div class=\"elementor-toc__header-title\">\n\t\t\t\tTable of Contents\t\t\t<\/div>\n\t\t\t\t\t\t\t\t\t\t<div class=\"elementor-toc__toggle-button elementor-toc__toggle-button--expand\" role=\"button\" tabindex=\"0\" aria-controls=\"elementor-toc__3ba95c8a\" aria-expanded=\"true\" aria-label=\"Abrir la tabla de contenidos\"><svg aria-hidden=\"true\" class=\"e-font-icon-svg e-fas-chevron-down\" viewBox=\"0 0 448 512\" xmlns=\"http:\/\/www.w3.org\/2000\/svg\"><path d=\"M207.029 381.476L12.686 187.132c-9.373-9.373-9.373-24.569 0-33.941l22.667-22.667c9.357-9.357 24.522-9.375 33.901-.04L224 284.505l154.745-154.021c9.379-9.335 24.544-9.317 33.901.04l22.667 22.667c9.373 9.373 9.373 24.569 0 33.941L240.971 381.476c-9.373 9.372-24.569 9.372-33.942 0z\"><\/path><\/svg><\/div>\n\t\t\t\t<div class=\"elementor-toc__toggle-button elementor-toc__toggle-button--collapse\" role=\"button\" tabindex=\"0\" aria-controls=\"elementor-toc__3ba95c8a\" aria-expanded=\"true\" aria-label=\"Cerrar la tabla de contenidos\"><svg aria-hidden=\"true\" class=\"e-font-icon-svg e-fas-chevron-up\" viewBox=\"0 0 448 512\" xmlns=\"http:\/\/www.w3.org\/2000\/svg\"><path d=\"M240.971 130.524l194.343 194.343c9.373 9.373 9.373 24.569 0 33.941l-22.667 22.667c-9.357 9.357-24.522 9.375-33.901.04L224 227.495 69.255 381.516c-9.379 9.335-24.544 9.317-33.901-.04l-22.667-22.667c-9.373-9.373-9.373-24.569 0-33.941L207.03 130.525c9.372-9.373 24.568-9.373 33.941-.001z\"><\/path><\/svg><\/div>\n\t\t\t\t\t<\/div>\n\t\t\t\t<div id=\"elementor-toc__3ba95c8a\" class=\"elementor-toc__body\">\n\t\t\t<div class=\"elementor-toc__spinner-container\">\n\t\t\t\t<svg class=\"elementor-toc__spinner eicon-animation-spin e-font-icon-svg e-eicon-loading\" aria-hidden=\"true\" viewBox=\"0 0 1000 1000\" xmlns=\"http:\/\/www.w3.org\/2000\/svg\"><path d=\"M500 975V858C696 858 858 696 858 500S696 142 500 142 142 304 142 500H25C25 237 238 25 500 25S975 237 975 500 763 975 500 975Z\"><\/path><\/svg>\t\t\t<\/div>\n\t\t<\/div>\n\t\t\t\t\t\t<\/div>\n\t\t\t\t\t<\/div>\n\t\t<\/div>\n\t\t\t\t\t<\/div>\n\t\t<\/section>\n\t\t\t\t<\/div>\n\t\t\n<h2>\u00bfCu\u00e1nto cuesta un abogado de accidente de coche?<\/h2>\n<p>Los casos de accidentes de coche no son f\u00e1ciles de tratar, por eso debe contratar a un abogado con experiencia en lesiones personales para que trabaje en su caso. Hay dos factores clave que debe tener en cuenta al contratar a un abogado de accidentes de coche.<\/p>\n<p>Estos factores son la calidad de los servicios jur\u00eddicos y los honorarios legales. Aseg\u00farese de que contrata a un abogado que conoce la ley y puede ofrecer servicios de calidad sin insistir en el pago por adelantado.<\/p>\n<p>En Florida Lawyers 360, estamos comprometidos y listos para luchar por los derechos de nuestros clientes. Por lo tanto, nos enfocamos en obtener un acuerdo justo sin pedir honorarios legales por adelantado.<\/p>\n<p>Sin embargo, trabajamos en base a contingencia, lo que significa que nuestra firma recibe un porcentaje del acuerdo del cliente como honorarios legales.<\/p>\n<h2>\u00bfQu\u00e9 debo hacer tras un accidente de tr\u00e1fico?<\/h2>\n<p>Despu\u00e9s de un accidente de coche debe seguir los siguientes pasos:<\/p>\n<h3>P\u00f3ngase en contacto con la polic\u00eda<\/h3>\n<p>La polic\u00eda investigar\u00e1 el asunto y presentar\u00e1 un informe. Por eso debe ponerse en contacto con la polic\u00eda inmediatamente despu\u00e9s de sufrir un accidente de coche. No d\u00e9 por sentado que la otra parte actuar\u00e1 y se pondr\u00e1 en contacto con la polic\u00eda.<\/p>\n<p>En lugar de eso, ll\u00e1malos t\u00fa mismo para estar seguro de que el asunto ha sido denunciado.<\/p>\n<p><a href=\"https:\/\/floridalawyers360.com\/wp-content\/uploads\/2024\/02\/lakeland-car-acc1-copy.webp\"><img fetchpriority=\"high\" decoding=\"async\" class=\"alignnone size-full wp-image-3227\" src=\"https:\/\/floridalawyers360.com\/wp-content\/uploads\/2024\/02\/lakeland-car-acc1-copy.webp\" alt=\"Call a Lakeland Car Accident Lawyer\" width=\"500\" height=\"334\" srcset=\"https:\/\/floridalawyers360.com\/wp-content\/uploads\/2024\/02\/lakeland-car-acc1-copy.webp 500w, https:\/\/floridalawyers360.com\/wp-content\/uploads\/2024\/02\/lakeland-car-acc1-copy-300x200.webp 300w\" sizes=\"(max-width: 500px) 100vw, 500px\" \/><\/a><\/p>\n<h3>Investiga a los dem\u00e1s implicados<\/h3>\n<p>No intentes abandonar el lugar del accidente. En su lugar, comprueba si las otras partes implicadas necesitan ayuda. A veces, las v\u00edctimas de un accidente de coche quedan atrapadas en el siniestro y no pueden liberarse sin ayuda.<\/p>\n<p>Otras pueden estar inconscientes como consecuencia del impacto o la colisi\u00f3n. Por lo tanto, aseg\u00farate de que todas las partes implicadas est\u00e1n bien antes de marcharte.<\/p>\n<h3>Intercambiar informaci\u00f3n<\/h3>\n<p>Intercambiar informaci\u00f3n personal es un requisito legal. Debes intercambiar informaci\u00f3n con las partes implicadas en el accidente.<\/p>\n<p>Los datos que debe proporcionar a la otra parte son los datos de contacto, la direcci\u00f3n f\u00edsica, los datos del seguro del conductor, el modelo y la marca del veh\u00edculo, as\u00ed como las matr\u00edculas de todos los veh\u00edculos implicados.<\/p>\n<h3>Registre la escena<\/h3>\n<p>Debes documentarlo todo antes de abandonar el lugar de los hechos. Utiliza tu tel\u00e9fono para grabar un v\u00eddeo del accidente o hacer fotos.<\/p>\n<p>Adem\u00e1s, aseg\u00farate de capturar todos los detalles importantes, como el n\u00famero de veh\u00edculos implicados en el accidente, de d\u00f3nde ven\u00eda cada veh\u00edculo, as\u00ed como la ubicaci\u00f3n. Toda esta informaci\u00f3n es importante sobre todo si piensas presentar una demanda contra la parte responsable.<\/p>\n<h3>Nunca admitas la culpa<\/h3>\n<p>Nunca admitas la culpa despu\u00e9s de un accidente de coche. Esto se debe a que todav\u00eda puede estar en estado de shock. Espere a que llegue la polic\u00eda y haga su declaraci\u00f3n despu\u00e9s de hablar con un abogado especializado en accidentes de tr\u00e1fico. Si admite la culpa, se le considerar\u00e1 responsable de los da\u00f1os y lesiones sufridos tras el accidente de coche.<\/p>\n<p>Por lo tanto, deje que la polic\u00eda y los investigadores determinen qu\u00e9 parte tuvo la culpa.<\/p>\n<h3>Busque atenci\u00f3n m\u00e9dica<\/h3>\n<p>Debe buscar atenci\u00f3n m\u00e9dica despu\u00e9s de un accidente de coche. Esto se debe a que la mayor\u00eda de las v\u00edctimas de accidentes de coche suelen experimentar dolor y otros problemas de salud unos d\u00edas despu\u00e9s.<\/p>\n<p>No tardes demasiado en acudir al m\u00e9dico porque algunas lesiones no pueden detectarse f\u00e1cilmente pero tienen efectos a largo plazo, como los traumatismos craneoencef\u00e1licos o las conmociones cerebrales. Estas lesiones pueden provocar cambios cognitivos y de comportamiento si no se tratan cuando se detectan en una fase temprana.<\/p>\n<h3>Llame a un abogado de accidentes de tr\u00e1fico<\/h3>\n<p>Despu\u00e9s de llamar a la polic\u00eda, la segunda persona a la que deber\u00eda llamar es a un abogado especializado en accidentes de tr\u00e1fico. Un abogado de accidentes de tr\u00e1fico puede orientarle sobre c\u00f3mo tratar con cada una de las partes implicadas en el accidente.<\/p>\n<p>Otra raz\u00f3n por la que deber\u00eda ponerse en contacto con un abogado de accidentes de tr\u00e1fico es que puede aconsejarle sobre c\u00f3mo redactar o dar su declaraci\u00f3n. Por \u00faltimo, su abogado de accidente de coche tendr\u00e1 el privilegio de empezar a trabajar en su caso mediante la recopilaci\u00f3n de toda la informaci\u00f3n necesaria que est\u00e1 disponible en la escena.<\/p>\n<p><a href=\"https:\/\/floridalawyers360.com\/wp-content\/uploads\/2024\/02\/lakeland-car-acc2-copy.webp\"><img decoding=\"async\" class=\"alignnone size-full wp-image-3226\" src=\"https:\/\/floridalawyers360.com\/wp-content\/uploads\/2024\/02\/lakeland-car-acc2-copy.webp\" alt=\"Car Accident Settlement\" width=\"500\" height=\"334\" srcset=\"https:\/\/floridalawyers360.com\/wp-content\/uploads\/2024\/02\/lakeland-car-acc2-copy.webp 500w, https:\/\/floridalawyers360.com\/wp-content\/uploads\/2024\/02\/lakeland-car-acc2-copy-300x200.webp 300w\" sizes=\"(max-width: 500px) 100vw, 500px\" \/><\/a><\/p>\n<h2>\u00bfCu\u00e1l es la indemnizaci\u00f3n media por accidente de tr\u00e1fico?<\/h2>\n<p>De acuerdo con la pol\u00edtica de seguros sin culpa de la Florida, todos los conductores est\u00e1n obligados a tener un PIP (Personal Injury Protection), que compensa a los conductores por las lesiones sufridas cuando se involucran en un accidente de coche. La cantidad m\u00ednima requerida en PIP es de $ 10,000.<\/p>\n<p>Sin embargo, cuando se trata de la liquidaci\u00f3n promedio, usted necesita entender que puede ser m\u00e1s de $ 10.000 o menos, dependiendo de varios factores tales como la gravedad de las lesiones de la v\u00edctima son, gastos m\u00e9dicos, dolor y sufrimiento, as\u00ed como no ser capaz de disfrutar de la vida.<\/p>\n<h2>\u00bfCu\u00e1ndo debo buscar un abogado para mi accidente de coche?<\/h2>\n<p>No cometa el error de llamar a la compa\u00f1\u00eda de seguros sin antes ponerse en contacto con su abogado especializado en accidentes de tr\u00e1fico. Esto se debe a que los proveedores de seguros buscar\u00e1n razones para negarle su reclamaci\u00f3n o asegurarse de que se le conceda la menor cantidad.<\/p>\n<p>Por esta raz\u00f3n, debe ponerse en contacto con un abogado especializado en accidentes de tr\u00e1fico antes de hablar con la compa\u00f1\u00eda de seguros.<\/p>\n<h2>\u00bfPor qu\u00e9 necesito un abogado de accidentes de coche Lakeland?<\/h2>\n<p>Nuestros abogados pueden ayudar a su reclamo de accidente de coche a trav\u00e9s de su experiencia con:<\/p>\n<h3>C\u00f3mo presentar una demanda<\/h3>\n<p>Contar con un abogado experto en accidentes de tr\u00e1fico a su lado aumenta sus posibilidades de obtener un acuerdo justo. Esto se debe a que su representante legal continuar\u00e1 con la preparaci\u00f3n del caso y la presentaci\u00f3n de su demanda mientras usted se centra en recuperarse de sus lesiones.<\/p>\n<p>Su abogado de accidentes de tr\u00e1fico reunir\u00e1 todos los documentos necesarios para su caso y se asegurar\u00e1 de que su demanda se presente a tiempo.<\/p>\n<h3>Negociaci\u00f3n del acuerdo<\/h3>\n<p>Su abogado de accidentes de tr\u00e1fico tambi\u00e9n negociar\u00e1 con la compa\u00f1\u00eda de seguros un acuerdo justo. No cometa el error de negociar con las partes implicadas.<\/p>\n<p>Esto se debe a que los ajustadores de seguros le convencer\u00e1n para que acepte lo que le ofrecen o intentar\u00e1n negarle su reclamaci\u00f3n ech\u00e1ndole la culpa a usted.<\/p>\n<p>Por lo tanto, para evitar estos casos y evitar la p\u00e9rdida de tiempo en conseguir su reclamo, deje que su abogado de accidente de coche negociar con la compa\u00f1\u00eda de seguros en su nombre.<\/p>\n<h3>Representaci\u00f3n ante los tribunales<\/h3>\n<p>Si su caso va a juicio, su abogado de accidentes de coche le presentar\u00e1 ante el tribunal y utilizar\u00e1 todas las pruebas reunidas para construir un caso s\u00f3lido. La preparaci\u00f3n del juicio requiere planificaci\u00f3n y experiencia, ya que debe hacerse correctamente sin cometer errores.<\/p>\n<p>Adem\u00e1s de reunir suficientes pruebas para apoyar su caso, su abogado de accidentes de coche tambi\u00e9n debe preparar a los testigos para el interrogatorio.<\/p>\n<p><a href=\"https:\/\/floridalawyers360.com\/wp-content\/uploads\/2024\/02\/lakeland-car-acc3-copy.webp\"><img decoding=\"async\" class=\"alignnone wp-image-3225 size-full\" src=\"https:\/\/floridalawyers360.com\/wp-content\/uploads\/2024\/02\/lakeland-car-acc3-copy.webp\" alt=\"What can you expect from a car accident damages\" width=\"500\" height=\"334\" srcset=\"https:\/\/floridalawyers360.com\/wp-content\/uploads\/2024\/02\/lakeland-car-acc3-copy.webp 500w, https:\/\/floridalawyers360.com\/wp-content\/uploads\/2024\/02\/lakeland-car-acc3-copy-300x200.webp 300w\" sizes=\"(max-width: 500px) 100vw, 500px\" \/><\/a><\/p>\n<h2>\u00bfCu\u00e1nto puedo esperar recibir por mis da\u00f1os?<\/h2>\n<p>Despu\u00e9s de presentar una demanda, puede esperar recibir un acuerdo completo por todos sus da\u00f1os o menos de lo que vale la reclamaci\u00f3n real. Esto se debe a que hay otros factores que se tienen en cuenta a la hora de calcular el valor de la reclamaci\u00f3n por lesiones de un cliente.<\/p>\n<p>Algunos de estos factores son la responsabilidad civil, los salarios perdidos y los gastos m\u00e9dicos. Adem\u00e1s, tambi\u00e9n debe comprender que su acuerdo puede reducirse si el jurado decide que usted tambi\u00e9n tuvo la culpa en un determinado porcentaje.<\/p>\n<h2>\u00bfQu\u00e9 tipo de da\u00f1os puedo recuperar en Lakeland, FL?<\/h2>\n<p>Usted es capaz de recuperar los siguientes tipos de da\u00f1os a trav\u00e9s de una demanda de accidente de coche de la Florida:<\/p>\n<h3>Econ\u00f3micos<\/h3>\n<p>Este tipo de da\u00f1os beneficia a las v\u00edctimas recuperando numerosos gastos, como salarios o empleo perdidos, propiedad da\u00f1ada, reparaci\u00f3n o sustituci\u00f3n, as\u00ed como servicios dom\u00e9sticos para la v\u00edctima si es necesario.<\/p>\n<h3>No econ\u00f3micos<\/h3>\n<p>Los da\u00f1os no econ\u00f3micos compensan a las v\u00edctimas por sus p\u00e9rdidas no monetarias. Ejemplos de p\u00e9rdidas monetarias son la angustia emocional, el sufrimiento y el dolor, la p\u00e9rdida de compa\u00f1\u00eda y el consorcio.<\/p>\n<h3>Punitivos<\/h3>\n<p>Este tipo de da\u00f1os no ayuda a la v\u00edctima a recuperarse de ninguna p\u00e9rdida. En cambio, los da\u00f1os punitivos se conceden para castigar al demandado por conducta imprudente.<\/p>\n<h2>\u00bfC\u00f3mo se determina la culpa en accidentes de coche Lakeland?<\/h2>\n<p>En Lakeland, FL, la culpa se determina mediante la aplicaci\u00f3n de la ley de negligencia comparativa. Adem\u00e1s, la polic\u00eda y los investigadores utilizan el mismo principio para determinar el nivel de culpa de cada parte.<\/p>\n<h2>\u00bfCu\u00e1nto tiempo tengo para presentar una demanda en Lakeland?<\/h2>\n<p>De acuerdo con el estatuto de limitaciones en la Florida, las v\u00edctimas de accidentes automovil\u00edsticos tienen al menos 4 a\u00f1os para presentar su reclamo. Por otra parte, usted debe hacer esto con la ayuda de un abogado de accidente de coche.<\/p>\n<h2>\u00bfC\u00f3mo puede ayudarme un abogado a presentar mi reclamaci\u00f3n al seguro?<\/h2>\n<p>Su abogado de accidentes de tr\u00e1fico tambi\u00e9n puede ayudarle a presentar su reclamaci\u00f3n al seguro, que es un proceso largo. Tendr\u00e1 que ponerse en contacto con los profesionales de reclamaciones, recopilar informaci\u00f3n sobre el accidente y los da\u00f1os, ponerse en contacto con la compa\u00f1\u00eda de seguros y negociar con el especialista en reclamaciones.<\/p>\n<p>Adem\u00e1s, corre el riesgo de que le denieguen la reclamaci\u00f3n al seguro si no trabaja de la mano de un representante legal.<\/p>\n<p><a href=\"https:\/\/floridalawyers360.com\/wp-content\/uploads\/2024\/02\/lakeland-car-acc4-copy.webp\"><img loading=\"lazy\" decoding=\"async\" class=\"alignnone size-full wp-image-3224\" src=\"https:\/\/floridalawyers360.com\/wp-content\/uploads\/2024\/02\/lakeland-car-acc4-copy.webp\" alt=\"Get a car accident lawyer to help with the insurance claim\" width=\"500\" height=\"334\" srcset=\"https:\/\/floridalawyers360.com\/wp-content\/uploads\/2024\/02\/lakeland-car-acc4-copy.webp 500w, https:\/\/floridalawyers360.com\/wp-content\/uploads\/2024\/02\/lakeland-car-acc4-copy-300x200.webp 300w\" sizes=\"(max-width: 500px) 100vw, 500px\" \/><\/a><\/p>\n<h2>\u00bfQu\u00e9 pasa si el otro conductor no tiene seguro?<\/h2>\n<p>El Estado de Florida exige que todos los conductores est\u00e9n asegurados. Sin embargo, todav\u00eda hay algunos que no cumplen con la ley y terminan complicando las cosas cuando se ven involucrados en un accidente. Adem\u00e1s, los conductores sin seguro corren el riesgo de que el Estado les suspenda la licencia o les imponga multas enormes por esa infracci\u00f3n.<\/p>\n<p>Usted tambi\u00e9n necesita entender que un conductor sin seguro no puede compensarle por sus da\u00f1os y por lo tanto, s\u00f3lo puede confiar en PIP (Personal Injury Protection) para recuperar toda su p\u00e9rdida.<\/p>\n<h2>Presente su reclamaci\u00f3n con Florida Lawyers 360<\/h2>\n<p>Si usted sufre lesiones leves o graves como resultado de un accidente automovil\u00edstico causado por un conductor imprudente, p\u00f3ngase en contacto con nuestro equipo legal en Florida Lawyers 360, y le ayudaremos a buscar una compensaci\u00f3n por sus da\u00f1os.<\/p>\n<p>Llame a nuestra firma de lesiones personales al <a href=\"tel:+19544487355\"><i class=\"fa fa-phone-alt\"><\/i>954-448-7355<\/a> para programar su consulta gratuita.<\/p>\n","protected":false},"excerpt":{"rendered":"<p>Los accidentes de tr\u00e1fico se producen por muchas razones, como distracciones al volante, condiciones meteorol\u00f3gicas adversas, animales, infracciones de tr\u00e1fico e incluso conductores cansados. Seg\u00fan la NHTSA (National Highway Traffic Safety Administration), los accidentes de tr\u00e1fico causan m\u00e1s lesiones y muertes en comparaci\u00f3n con otros tipos de accidentes, como los accidentes por resbalones y ca\u00eddas. [&hellip;]<\/p>\n","protected":false},"author":22,"featured_media":0,"parent":5862,"menu_order":0,"comment_status":"closed","ping_status":"closed","template":"","meta":{"_acf_changed":false,"anchor_text":"","footnotes":""},"categories":[],"tags":[],"class_list":["post-5864","page","type-page","status-publish","hentry"],"acf":[],"_links":{"self":[{"href":"https:\/\/floridalawyers360.com\/es\/wp-json\/wp\/v2\/pages\/5864","targetHints":{"allow":["GET"]}}],"collection":[{"href":"https:\/\/floridalawyers360.com\/es\/wp-json\/wp\/v2\/pages"}],"about":[{"href":"https:\/\/floridalawyers360.com\/es\/wp-json\/wp\/v2\/types\/page"}],"author":[{"embeddable":true,"href":"https:\/\/floridalawyers360.com\/es\/wp-json\/wp\/v2\/users\/22"}],"replies":[{"embeddable":true,"href":"https:\/\/floridalawyers360.com\/es\/wp-json\/wp\/v2\/comments?post=5864"}],"version-history":[{"count":3,"href":"https:\/\/floridalawyers360.com\/es\/wp-json\/wp\/v2\/pages\/5864\/revisions"}],"predecessor-version":[{"id":5867,"href":"https:\/\/floridalawyers360.com\/es\/wp-json\/wp\/v2\/pages\/5864\/revisions\/5867"}],"up":[{"embeddable":true,"href":"https:\/\/floridalawyers360.com\/es\/wp-json\/wp\/v2\/pages\/5862"}],"wp:attachment":[{"href":"https:\/\/floridalawyers360.com\/es\/wp-json\/wp\/v2\/media?parent=5864"}],"wp:term":[{"taxonomy":"category","embeddable":true,"href":"https:\/\/floridalawyers360.com\/es\/wp-json\/wp\/v2\/categories?post=5864"},{"taxonomy":"post_tag","embeddable":true,"href":"https:\/\/floridalawyers360.com\/es\/wp-json\/wp\/v2\/tags?post=5864"}],"curies":[{"name":"wp","href":"https:\/\/api.w.org\/{rel}","templated":true}]}}