{"id":5862,"date":"2024-02-08T11:38:51","date_gmt":"2024-02-08T16:38:51","guid":{"rendered":"https:\/\/floridalawyers360.com\/lakeland\/"},"modified":"2024-03-12T23:29:47","modified_gmt":"2024-03-13T04:29:47","slug":"lakeland","status":"publish","type":"page","link":"https:\/\/floridalawyers360.com\/es\/lakeland\/","title":{"rendered":"Lakeland"},"content":{"rendered":"<p>Si usted es v\u00edctima de un accidente de coche, lesiones personales o lesiones en el lugar de trabajo en Lakeland, Florida Abogados 360 est\u00e1 aqu\u00ed para ayudar. Nuestro equipo le tratar\u00e1 como a una persona, no como a un n\u00famero, y nos comprometemos a obtener los mejores resultados para usted y su familia.<\/p>\n<p>Hemos conseguido millones de d\u00f3lares para nuestros clientes. Perm\u00edtanos centrarnos en luchar contra la compa\u00f1\u00eda de seguros para que usted pueda centrarse en mejorar. P\u00f3ngase en contacto con nosotros en cualquier momento. Estamos disponibles 24\/7 para una evaluaci\u00f3n gratuita de su caso.<\/p>\n","protected":false},"excerpt":{"rendered":"<p>Si usted es v\u00edctima de un accidente de coche, lesiones personales o lesiones en el lugar de trabajo en Lakeland, Florida Abogados 360 est\u00e1 aqu\u00ed para ayudar. Nuestro equipo le tratar\u00e1 como a una persona, no como a un n\u00famero, y nos comprometemos a obtener los mejores resultados para usted y su familia. Hemos conseguido [&hellip;]<\/p>\n","protected":false},"author":22,"featured_media":3457,"parent":0,"menu_order":0,"comment_status":"closed","ping_status":"closed","template":"","meta":{"_acf_changed":false,"anchor_text":"","footnotes":""},"categories":[],"tags":[],"class_list":["post-5862","page","type-page","status-publish","has-post-thumbnail","hentry"],"acf":[],"_links":{"self":[{"href":"https:\/\/floridalawyers360.com\/es\/wp-json\/wp\/v2\/pages\/5862","targetHints":{"allow":["GET"]}}],"collection":[{"href":"https:\/\/floridalawyers360.com\/es\/wp-json\/wp\/v2\/pages"}],"about":[{"href":"https:\/\/floridalawyers360.com\/es\/wp-json\/wp\/v2\/types\/page"}],"author":[{"embeddable":true,"href":"https:\/\/floridalawyers360.com\/es\/wp-json\/wp\/v2\/users\/22"}],"replies":[{"embeddable":true,"href":"https:\/\/floridalawyers360.com\/es\/wp-json\/wp\/v2\/comments?post=5862"}],"version-history":[{"count":1,"href":"https:\/\/floridalawyers360.com\/es\/wp-json\/wp\/v2\/pages\/5862\/revisions"}],"predecessor-version":[{"id":5863,"href":"https:\/\/floridalawyers360.com\/es\/wp-json\/wp\/v2\/pages\/5862\/revisions\/5863"}],"wp:featuredmedia":[{"embeddable":true,"href":"https:\/\/floridalawyers360.com\/es\/wp-json\/wp\/v2\/media\/3457"}],"wp:attachment":[{"href":"https:\/\/floridalawyers360.com\/es\/wp-json\/wp\/v2\/media?parent=5862"}],"wp:term":[{"taxonomy":"category","embeddable":true,"href":"https:\/\/floridalawyers360.com\/es\/wp-json\/wp\/v2\/categories?post=5862"},{"taxonomy":"post_tag","embeddable":true,"href":"https:\/\/floridalawyers360.com\/es\/wp-json\/wp\/v2\/tags?post=5862"}],"curies":[{"name":"wp","href":"https:\/\/api.w.org\/{rel}","templated":true}]}}