{"id":5858,"date":"2024-02-15T14:34:14","date_gmt":"2024-02-15T19:34:14","guid":{"rendered":"https:\/\/floridalawyers360.com\/lake-city\/lake-city-abogado-de-indemnizacion-por-accidentes-laborales\/workers-compensation-claim-process-in-lake-city-fl\/"},"modified":"2024-03-12T23:11:45","modified_gmt":"2024-03-13T04:11:45","slug":"proceso-de-reclamacion-de-indemnizacion-laboral-en-lake-city","status":"publish","type":"page","link":"https:\/\/floridalawyers360.com\/es\/lake-city\/lake-city-abogado-de-indemnizacion-por-accidentes-laborales\/proceso-de-reclamacion-de-indemnizacion-laboral-en-lake-city\/","title":{"rendered":"Proceso de reclamaci\u00f3n de indemnizaci\u00f3n laboral en Lake City"},"content":{"rendered":"<p>La compensaci\u00f3n de los trabajadores existe para pagar prestaciones vitales a los empleados cuando sufren lesiones profesionales o enferman a causa de su trabajo, independientemente de la culpa. Las indemnizaciones por accidente laboral incluyen atenci\u00f3n m\u00e9dica y tratamiento continuo, pagos para cubrir la p\u00e9rdida de ingresos e incluso indemnizaciones por fallecimiento. La presentaci\u00f3n de reclamaciones de indemnizaci\u00f3n por accidente laboral puede ser un proceso largo.<\/p>\n<p>En Lake City, Florida, la mayor\u00eda de las empresas est\u00e1n obligadas a tener un seguro de compensaci\u00f3n de trabajadores para sus empleados. Los requisitos espec\u00edficos de cobertura de los trabajadores se basan en el n\u00famero de empleados, el tipo de industria y la organizaci\u00f3n de la empresa.<\/p>\n<p>Sin embargo, para que los trabajadores puedan reclamar con \u00e9xito los beneficios de compensaci\u00f3n laboral, deben tomar medidas espec\u00edficas, seguir ciertas reglas y cumplir con plazos estrictos.<\/p>\n<p>Los abogados de compensaci\u00f3n de trabajadores de Lake City en Florida Lawyers 360 ayudar a los empleados lesionados en la recuperaci\u00f3n de los beneficios de compensaci\u00f3n de trabajadores de la Florida. Nuestro objetivo es garantizar que los trabajadores lesionados tengan los recursos, las herramientas, el conocimiento y la representaci\u00f3n que necesitan para garantizar que las reclamaciones se reembolsen adecuadamente.<\/p>\n<p>Ll\u00e1menos hoy al <a href=\"tel:+19544487355\"><i class=\"fa fa-phone-alt\"><\/i>954-448-7355<\/a> para una consulta gratuita.<\/p>\n\t\t<div data-elementor-type=\"section\" data-elementor-id=\"208\" class=\"elementor elementor-208\" data-elementor-post-type=\"elementor_library\">\n\t\t\t\t\t<section class=\"elementor-section elementor-top-section elementor-element elementor-element-485e576a elementor-section-boxed elementor-section-height-default elementor-section-height-default\" data-id=\"485e576a\" data-element_type=\"section\" data-e-type=\"section\">\n\t\t\t\t\t\t<div class=\"elementor-container elementor-column-gap-default\">\n\t\t\t\t\t<div class=\"elementor-column elementor-col-100 elementor-top-column elementor-element elementor-element-635c38c0\" data-id=\"635c38c0\" data-element_type=\"column\" data-e-type=\"column\">\n\t\t\t<div class=\"elementor-widget-wrap elementor-element-populated\">\n\t\t\t\t\t\t<div class=\"elementor-element elementor-element-3ba95c8a elementor-toc--minimized-on-tablet elementor-widget elementor-widget-table-of-contents\" data-id=\"3ba95c8a\" data-element_type=\"widget\" data-e-type=\"widget\" data-settings=\"{&quot;exclude_headings_by_selector&quot;:&quot;.toc-remove&quot;,&quot;headings_by_tags&quot;:[&quot;h2&quot;,&quot;h3&quot;],&quot;marker_view&quot;:&quot;numbers&quot;,&quot;no_headings_message&quot;:&quot;No headings were found on this page.&quot;,&quot;minimize_box&quot;:&quot;yes&quot;,&quot;minimized_on&quot;:&quot;tablet&quot;,&quot;hierarchical_view&quot;:&quot;yes&quot;,&quot;min_height&quot;:{&quot;unit&quot;:&quot;px&quot;,&quot;size&quot;:&quot;&quot;,&quot;sizes&quot;:[]},&quot;min_height_tablet&quot;:{&quot;unit&quot;:&quot;px&quot;,&quot;size&quot;:&quot;&quot;,&quot;sizes&quot;:[]},&quot;min_height_mobile&quot;:{&quot;unit&quot;:&quot;px&quot;,&quot;size&quot;:&quot;&quot;,&quot;sizes&quot;:[]}}\" data-widget_type=\"table-of-contents.default\">\n\t\t\t\t\t\t\t\t\t<div class=\"elementor-toc__header\">\n\t\t\t\t\t\t<div class=\"elementor-toc__header-title\">\n\t\t\t\tTable of Contents\t\t\t<\/div>\n\t\t\t\t\t\t\t\t\t\t<div class=\"elementor-toc__toggle-button elementor-toc__toggle-button--expand\" role=\"button\" tabindex=\"0\" aria-controls=\"elementor-toc__3ba95c8a\" aria-expanded=\"true\" aria-label=\"Open table of contents\"><svg aria-hidden=\"true\" class=\"e-font-icon-svg e-fas-chevron-down\" viewBox=\"0 0 448 512\" xmlns=\"http:\/\/www.w3.org\/2000\/svg\"><path d=\"M207.029 381.476L12.686 187.132c-9.373-9.373-9.373-24.569 0-33.941l22.667-22.667c9.357-9.357 24.522-9.375 33.901-.04L224 284.505l154.745-154.021c9.379-9.335 24.544-9.317 33.901.04l22.667 22.667c9.373 9.373 9.373 24.569 0 33.941L240.971 381.476c-9.373 9.372-24.569 9.372-33.942 0z\"><\/path><\/svg><\/div>\n\t\t\t\t<div class=\"elementor-toc__toggle-button elementor-toc__toggle-button--collapse\" role=\"button\" tabindex=\"0\" aria-controls=\"elementor-toc__3ba95c8a\" aria-expanded=\"true\" aria-label=\"Close table of contents\"><svg aria-hidden=\"true\" class=\"e-font-icon-svg e-fas-chevron-up\" viewBox=\"0 0 448 512\" xmlns=\"http:\/\/www.w3.org\/2000\/svg\"><path d=\"M240.971 130.524l194.343 194.343c9.373 9.373 9.373 24.569 0 33.941l-22.667 22.667c-9.357 9.357-24.522 9.375-33.901.04L224 227.495 69.255 381.516c-9.379 9.335-24.544 9.317-33.901-.04l-22.667-22.667c-9.373-9.373-9.373-24.569 0-33.941L207.03 130.525c9.372-9.373 24.568-9.373 33.941-.001z\"><\/path><\/svg><\/div>\n\t\t\t\t\t<\/div>\n\t\t\t\t<div id=\"elementor-toc__3ba95c8a\" class=\"elementor-toc__body\">\n\t\t\t<div class=\"elementor-toc__spinner-container\">\n\t\t\t\t<svg class=\"elementor-toc__spinner eicon-animation-spin e-font-icon-svg e-eicon-loading\" aria-hidden=\"true\" viewBox=\"0 0 1000 1000\" xmlns=\"http:\/\/www.w3.org\/2000\/svg\"><path d=\"M500 975V858C696 858 858 696 858 500S696 142 500 142 142 304 142 500H25C25 237 238 25 500 25S975 237 975 500 763 975 500 975Z\"><\/path><\/svg>\t\t\t<\/div>\n\t\t<\/div>\n\t\t\t\t\t\t<\/div>\n\t\t\t\t\t<\/div>\n\t\t<\/div>\n\t\t\t\t\t<\/div>\n\t\t<\/section>\n\t\t\t\t<\/div>\n\t\t\n<h2>\u00bfC\u00f3mo presentar la reclamaci\u00f3n de indemnizaci\u00f3n por accidente laboral en Florida?<\/h2>\n<p>Despu\u00e9s de sufrir una lesi\u00f3n en el trabajo, debe actuar con rapidez y hacer las cosas correctamente desde el principio para proteger su derecho a una indemnizaci\u00f3n.<\/p>\n<p>A continuaci\u00f3n, encontrar\u00e1 un desglose exhaustivo de los pasos necesarios para presentar una reclamaci\u00f3n de indemnizaci\u00f3n por accidente laboral en Florida, desde el momento en que sufre una lesi\u00f3n hasta la \u00faltima fase de una apelaci\u00f3n tras una reclamaci\u00f3n denegada:<\/p>\n<ul>\n<li><strong>Paso 1: Informar de la lesi\u00f3n<\/strong><\/li>\n<li><strong>Paso 2: Obtener tratamiento m\u00e9dico<\/strong><\/li>\n<li><strong>Paso 3: Su empleador reporta la lesi\u00f3n<\/strong><\/li>\n<li><strong>Paso 4: La compa\u00f1\u00eda de compensaci\u00f3n de trabajadores del empleador env\u00eda el paquete de informaci\u00f3n al empleado lesionado<\/strong><\/li>\n<li><strong>Paso 5: La compa\u00f1\u00eda de compensaci\u00f3n de trabajadores del empleador acepta la reclamaci\u00f3n<\/strong><\/li>\n<\/ul>\n<p>Si su reclamo de compensaci\u00f3n de trabajadores tiene \u00e9xito, usted puede esperar recibir el primer cheque de beneficios dentro de los 21 d\u00edas despu\u00e9s de reportar su lesi\u00f3n. Los beneficios que reciba depender\u00e1n de si usted califica para incapacidad total temporal o incapacidad parcial temporal y si su lesi\u00f3n es \u00abcrucial\u00bb.<\/p>\n<p><a href=\"https:\/\/floridalawyers360.com\/wp-content\/uploads\/2024\/02\/lake-city-claim-process2-copy.webp\"><img fetchpriority=\"high\" decoding=\"async\" class=\"alignnone size-full wp-image-2923\" src=\"https:\/\/floridalawyers360.com\/wp-content\/uploads\/2024\/02\/lake-city-claim-process2-copy.webp\" alt=\"Workers' Compensation Claim\" width=\"500\" height=\"334\" srcset=\"https:\/\/floridalawyers360.com\/wp-content\/uploads\/2024\/02\/lake-city-claim-process2-copy.webp 500w, https:\/\/floridalawyers360.com\/wp-content\/uploads\/2024\/02\/lake-city-claim-process2-copy-300x200.webp 300w\" sizes=\"(max-width: 500px) 100vw, 500px\" \/><\/a><\/p>\n<p>Deber\u00e1 seguir recibiendo cheques cada dos semanas de la compa\u00f1\u00eda de seguros hasta que vuelva al trabajo o pasen 104 semanas. Recibir\u00e1s una calificaci\u00f3n de incapacidad permanente si alcanzas la MMI (m\u00e1xima mejor\u00eda m\u00e9dica).<\/p>\n<p><strong>Paso 6: La compa\u00f1\u00eda de accidentes de trabajo del empresario deniega la reclamaci\u00f3n<\/strong><\/p>\n<p>\u00bfQu\u00e9 sucede cuando su reclamo de compensaci\u00f3n de trabajadores es disputado? Un patr\u00f3n y su portador de los trabajadores de los comp pueden disputar su demanda de los trabajadores de los comp cuando no creen que sus lesiones o enfermedad ocurrieron dentro del alcance o del curso del empleo.<\/p>\n<p>Cuando esto sucede, usted todav\u00eda tiene opciones, y su reclamo puede proceder siguiendo los pasos a continuaci\u00f3n:<\/p>\n<p><strong>Paso 7: Hacer un \u00abesfuerzo de buena fe\u00bb para resolver las disputas sobre las prestaciones<\/strong><\/p>\n<p><strong>Paso 8: Petici\u00f3n de beneficios de compensaci\u00f3n laboral<\/strong><\/p>\n<p><strong>Paso 9: La compa\u00f1\u00eda de seguros del empleador responde a la petici\u00f3n<\/strong><\/p>\n<p><strong>Paso 10 La disputa se somete a mediaci\u00f3n<\/strong><\/p>\n<p><strong>Paso 11: Se resuelve el caso<\/strong><\/p>\n<p>No todos los conflictos laborales pueden resolverse a trav\u00e9s de la mediaci\u00f3n. Cuando su reclamo es negado, y no se llega a un acuerdo, quedan otras opciones para que usted recupere la compensaci\u00f3n que merece.<\/p>\n<p>A continuaci\u00f3n se presentan los pasos involucrados en un proceso de reclamaci\u00f3n de compensaci\u00f3n de trabajadores cuando una reclamaci\u00f3n es negada, y la mediaci\u00f3n falla:<\/p>\n<p><strong>Paso 12: El caso pasa a la audiencia previa al juicio<\/strong><\/p>\n<p><strong>Paso 13: Audiencia final<\/strong><\/p>\n<p><strong>Paso 14: El JCC (Juez de Reclamaciones de Indemnizaci\u00f3n) dicta sentencia<\/strong><\/p>\n<p><strong>Paso 15: Las partes est\u00e1n de acuerdo con la decisi\u00f3n<\/strong><\/p>\n<p>Si todas las partes, es decir, el trabajador lesionado y el empleador\/la compa\u00f1\u00eda de seguros, est\u00e1n satisfechas con el fallo del JCC, \u00e9ste se convierte en definitivo.<\/p>\n<p>Si el Juez de Reclamaciones de Indemnizaci\u00f3n falla a su favor y admite su reclamaci\u00f3n, usted debe recibir la indemnizaci\u00f3n ordenada por el tribunal, incluyendo una suma global, honorarios de abogado, intereses y multas, y pagos peri\u00f3dicos.<\/p>\n<p><strong>Paso 16: Una o m\u00e1s partes no est\u00e1n de acuerdo con la decisi\u00f3n<\/strong><\/p>\n<p>\u00bfNo est\u00e1 de acuerdo con la decisi\u00f3n del CCM tras la audiencia? Tiene 30 d\u00edas a partir de la fecha de la decisi\u00f3n para presentar una notificaci\u00f3n de apelaci\u00f3n. Puede apelar ante el Tribunal de Apelaciones del Primer Distrito y solicitar all\u00ed los beneficios de compensaci\u00f3n de trabajadores.<\/p>\n<p>Abajo est\u00e1n los pasos involucrados en un reclamo de compensaci\u00f3n al trabajador cuando usted no est\u00e1 de acuerdo con la decisi\u00f3n del JCC.<\/p>\n<p><strong>Paso 17: El JCC env\u00eda el expediente de la apelaci\u00f3n al Tribunal de Apelaciones del Primer Distrito<\/strong><\/p>\n<p><strong>Paso 18: El Tribunal de Apelaciones del Primer Distrito Emite una Decisi\u00f3n Final<\/strong><\/p>\n<p>El proceso de reclamaci\u00f3n de compensaci\u00f3n de trabajadores de Florida puede ser complejo, y los errores pueden ser costosos. Es com\u00fan que los empleadores\/las compa\u00f1\u00edas de seguros utilicen las complejidades del sistema para manipular a los trabajadores lesionados y quitarles los beneficios a los que tienen derecho.<\/p>\n<p>Si usted tiene preguntas sobre el proceso de reclamaci\u00f3n de compensaci\u00f3n de trabajadores en Lake City, FL, y quiere proteger sus intereses, busque el asesoramiento de Florida Lawyers 360. Podemos proporcionarle una consulta 100% gratuita y confidencial sobre su caso.<\/p>\n<p><a href=\"https:\/\/floridalawyers360.com\/wp-content\/uploads\/2024\/02\/lake-city-claim-process1-copy.webp\"><img decoding=\"async\" class=\"alignnone size-full wp-image-2921\" src=\"https:\/\/floridalawyers360.com\/wp-content\/uploads\/2024\/02\/lake-city-claim-process1-copy.webp\" alt=\"Filing a Workers' Comp Claim\" width=\"500\" height=\"334\" srcset=\"https:\/\/floridalawyers360.com\/wp-content\/uploads\/2024\/02\/lake-city-claim-process1-copy.webp 500w, https:\/\/floridalawyers360.com\/wp-content\/uploads\/2024\/02\/lake-city-claim-process1-copy-300x200.webp 300w\" sizes=\"(max-width: 500px) 100vw, 500px\" \/><\/a><\/p>\n<h2>\u00bfC\u00f3mo puedo saber si una reclamaci\u00f3n de indemnizaci\u00f3n laboral cubrir\u00e1 mi lesi\u00f3n?<\/h2>\n<p>La compensaci\u00f3n de los trabajadores puede ser incre\u00edblemente valiosa cuando usted se lesiona en el trabajo, y obtener una compensaci\u00f3n completa puede ser una tarea dif\u00edcil.<\/p>\n<p>Salvo contadas excepciones, la compensaci\u00f3n de los trabajadores cubre las lesiones y enfermedades que los empleados sufren en el curso o \u00e1mbito de su empleo. En otras palabras, si usted estaba realizando una actividad que beneficia a su empleador en Florida, su lesi\u00f3n estar\u00e1 cubierta.<\/p>\n<p>Por ejemplo, un trabajador de la construcci\u00f3n golpeado o atrapado entre equipos mientras trabaja en una obra estar\u00eda cubierto. Las lesiones y enfermedades causadas por tareas laborales repetitivas tambi\u00e9n entran dentro del \u00e1mbito y el curso del empleo.<\/p>\n<p>Por ejemplo, si levantar, empujar y tirar constantemente en un almac\u00e9n le provoca una hernia discal, su lesi\u00f3n estar\u00e1 cubierta por la indemnizaci\u00f3n por accidente de trabajo.<\/p>\n<h2>\u00bfQu\u00e9 pasa si me lesiono en el trabajo durante un descanso o despu\u00e9s de fichar?<\/h2>\n<p>\u00bfTe estabas tomando un descanso en la cafeter\u00eda o en la sala de descanso de tu empresa cuando te lesionaste? En ese caso, la indemnizaci\u00f3n sigue cubriendo la lesi\u00f3n. Sin embargo, si deja el lugar de trabajo, por lo general no ser\u00e1 elegible para la compensaci\u00f3n de los trabajadores a menos que sus actividades estaban promoviendo los intereses de su empleador.<\/p>\n<p>Por ejemplo, usted sufri\u00f3 una lesi\u00f3n durante un almuerzo de negocios fuera de las instalaciones.<\/p>\n<p>La compensaci\u00f3n de los trabajadores cubre las lesiones que se producen en un lugar de trabajo o est\u00e1n relacionados con el trabajo, incluso si el reloj hacia fuera para el d\u00eda. Esto incluye normalmente las lesiones que se producen en una plaza de aparcamiento controlada o propiedad de su empleador.<\/p>\n<p>Si usted marca el reloj y sale de las instalaciones de la empresa, las lesiones que se produzcan no est\u00e1n cubiertas.<\/p>\n<h2>\u00bfY si me lesiono fuera del trabajo?<\/h2>\n<p>Los trabajadores que se lesionan fuera del lugar de trabajo s\u00f3lo estar\u00e1n cubiertos si sus actividades estaban relacionadas con el trabajo o beneficiaban a su empresa. Por ejemplo, podr\u00eda tener derecho a prestaciones si su lesi\u00f3n se produce<\/p>\n<ul>\n<li>Mientras viajaba entre dos lugares de trabajo;<\/li>\n<li>Mientras trabaja desde casa;<\/li>\n<li>Durante una formaci\u00f3n relacionada con el trabajo;<\/li>\n<li>mientras atiende una llamada de trabajo en el coche, y<\/li>\n<li>fuera de servicio durante un viaje de trabajo.<\/li>\n<\/ul>\n<p>&nbsp;<\/p>\n<p>Ya sea que usted estaba tomando un descanso o que hab\u00eda fichado a cabo, si su lesi\u00f3n cae dentro del \u00e1mbito o curso de su empleo cuando suceden, usted podr\u00eda calificar para la compensaci\u00f3n de trabajadores. Mientras que los trabajadores de compensaci\u00f3n en la Florida cubre un sinn\u00famero de tipos de lesiones, las m\u00e1s comunes tienden a ser:<\/p>\n<ul>\n<li>Resbalones y ca\u00eddas<\/li>\n<li>Accidentes de veh\u00edculos<\/li>\n<li>Enredos de m\u00e1quinas<\/li>\n<li>Lesiones por ca\u00edda de objetos<\/li>\n<li>Electrocuciones<\/li>\n<li>Lesiones por movimientos repetitivos<\/li>\n<\/ul>\n<h2>\u00bfQu\u00e9 lesiones no cubre la compensaci\u00f3n de trabajadores?<\/h2>\n<p>No todas las lesiones ser\u00e1n cubiertas por la compensaci\u00f3n de trabajadores. Hay exclusiones que podr\u00edan dar lugar a una reclamaci\u00f3n denegada, incluyendo:<\/p>\n<ul>\n<li><strong>Intoxicaci\u00f3n o abuso de sustancias<\/strong>: Compensaci\u00f3n de trabajadores no puede cubrir sus lesiones si usted estaba intoxicado y que contribuy\u00f3 a su lesi\u00f3n.<\/li>\n<li><strong>Desplazamientos<\/strong>: Por lo general, la indemnizaci\u00f3n por accidente de trabajo no cubre los desplazamientos de ida y vuelta al trabajo. Usted puede ser cubierto s\u00f3lo si la lesi\u00f3n se produjo mientras que en un veh\u00edculo de la empresa.<\/li>\n<li><strong>Peleas en el lugar de trabajo<\/strong>: Las lesiones causadas por peleas en el lugar de trabajo se consideran autoinfligidas y est\u00e1n excluidas de la cobertura de la compensaci\u00f3n de los trabajadores.<\/li>\n<\/ul>\n<p>&nbsp;<\/p>\n<p>Adem\u00e1s, la compensaci\u00f3n de los trabajadores por lo general no cubre el estr\u00e9s u otros trastornos psiqui\u00e1tricos, las lesiones sufridas al hacer el tonto, violar las pol\u00edticas de la empresa, o cometer un delito.<\/p>\n<p>Si alguna de las situaciones anteriores se aplica a su caso, hable con un abogado de compensaci\u00f3n de trabajadores de Lake City para aprender m\u00e1s acerca de su elegibilidad para la compensaci\u00f3n.<\/p>\n<p><a href=\"https:\/\/floridalawyers360.com\/wp-content\/uploads\/2024\/02\/lake-city-claim-process3-copy.webp\"><img decoding=\"async\" class=\"alignnone size-full wp-image-2922\" src=\"https:\/\/floridalawyers360.com\/wp-content\/uploads\/2024\/02\/lake-city-claim-process3-copy.webp\" alt=\"Lake City Workers' Compensation Claim process\" width=\"500\" height=\"334\" srcset=\"https:\/\/floridalawyers360.com\/wp-content\/uploads\/2024\/02\/lake-city-claim-process3-copy.webp 500w, https:\/\/floridalawyers360.com\/wp-content\/uploads\/2024\/02\/lake-city-claim-process3-copy-300x200.webp 300w\" sizes=\"(max-width: 500px) 100vw, 500px\" \/><\/a><\/p>\n<h2>\u00bfCu\u00e1nto tiempo tiene para presentar una reclamaci\u00f3n de indemnizaci\u00f3n por accidente laboral en Florida?<\/h2>\n<p>Seg\u00fan el cap\u00edtulo 440 del Estatuto de Florida, los trabajadores lesionados que sufren una lesi\u00f3n en el curso o alcance del empleo deben informar de la lesi\u00f3n a su empleador tan pronto como sea posible, pero a m\u00e1s tardar 30 d\u00edas despu\u00e9s de la lesi\u00f3n o manifestaci\u00f3n inicial de la lesi\u00f3n.<\/p>\n<p>No informar de la lesi\u00f3n laboral puede dar lugar a la denegaci\u00f3n de la reclamaci\u00f3n.<\/p>\n<p>\u00bfLa definici\u00f3n de \u00abcuidados necesarios\u00bb de su empresario es distinta de la suya? Dispone de dos a\u00f1os a partir de la fecha de la lesi\u00f3n para presentar una solicitud de prestaciones ante la Divisi\u00f3n de Audiencias Administrativas. Aqu\u00ed intervendr\u00e1 un juez para determinar qu\u00e9 recursos pueden resolver las diferencias.<\/p>\n<p>Podr\u00eda optar a una indemnizaci\u00f3n adicional.<\/p>\n<p>Los plazos se vuelven un poco m\u00e1s grises para las lesiones o enfermedades acumuladas relacionadas con el trabajo. Por ejemplo, supongamos que eres dise\u00f1ador web y desarrollas el s\u00edndrome del t\u00fanel carpiano con el tiempo debido a actividades repetitivas. Por lo general, el plazo para notificar la lesi\u00f3n o enfermedad empieza a contar a partir de ese momento:<\/p>\n<ul>\n<li>Te das de baja a causa de la lesi\u00f3n.<\/li>\n<li>Sabes que tu trabajo ha causado la lesi\u00f3n.<\/li>\n<\/ul>\n<h2>Recurra a la ayuda de abogados con experiencia en compensaci\u00f3n laboral de Lake City<\/h2>\n<p>La mejor manera de asegurarse de tomar las medidas correctas al presentar una reclamaci\u00f3n de compensaci\u00f3n de trabajadores es trabajar con un abogado con experiencia y conocimientos.<\/p>\n<p>En Florida Lawyers 360, nuestros abogados de compensaci\u00f3n de trabajadores de Lake City trabajan todos los d\u00edas para entender lo que es correcto para cada trabajador lesionado por ah\u00ed.<\/p>\n<p>Despu\u00e9s de una lesi\u00f3n de trabajo, usted tiene mucho que seguir &#8211; incluyendo su recuperaci\u00f3n &#8211; y navegar por el proceso de reclamaci\u00f3n de compensaci\u00f3n de trabajadores es una de esas cosas que usted necesita consultar a un abogado experto.<\/p>\n<p>Ll\u00e1menos hoy al <a href=\"tel:+19544487355\"><i class=\"fa fa-phone-alt\"><\/i>954-448-7355<\/a> para comenzar con su proceso de reclamaci\u00f3n de compensaci\u00f3n de trabajadores.<\/p>\n","protected":false},"excerpt":{"rendered":"<p>La compensaci\u00f3n de los trabajadores existe para pagar prestaciones vitales a los empleados cuando sufren lesiones profesionales o enferman a causa de su trabajo, independientemente de la culpa. Las indemnizaciones por accidente laboral incluyen atenci\u00f3n m\u00e9dica y tratamiento continuo, pagos para cubrir la p\u00e9rdida de ingresos e incluso indemnizaciones por fallecimiento. La presentaci\u00f3n de reclamaciones [&hellip;]<\/p>\n","protected":false},"author":22,"featured_media":0,"parent":5845,"menu_order":0,"comment_status":"closed","ping_status":"closed","template":"","meta":{"_acf_changed":false,"anchor_text":"","footnotes":""},"categories":[],"tags":[],"class_list":["post-5858","page","type-page","status-publish","hentry"],"acf":[],"_links":{"self":[{"href":"https:\/\/floridalawyers360.com\/es\/wp-json\/wp\/v2\/pages\/5858","targetHints":{"allow":["GET"]}}],"collection":[{"href":"https:\/\/floridalawyers360.com\/es\/wp-json\/wp\/v2\/pages"}],"about":[{"href":"https:\/\/floridalawyers360.com\/es\/wp-json\/wp\/v2\/types\/page"}],"author":[{"embeddable":true,"href":"https:\/\/floridalawyers360.com\/es\/wp-json\/wp\/v2\/users\/22"}],"replies":[{"embeddable":true,"href":"https:\/\/floridalawyers360.com\/es\/wp-json\/wp\/v2\/comments?post=5858"}],"version-history":[{"count":3,"href":"https:\/\/floridalawyers360.com\/es\/wp-json\/wp\/v2\/pages\/5858\/revisions"}],"predecessor-version":[{"id":5861,"href":"https:\/\/floridalawyers360.com\/es\/wp-json\/wp\/v2\/pages\/5858\/revisions\/5861"}],"up":[{"embeddable":true,"href":"https:\/\/floridalawyers360.com\/es\/wp-json\/wp\/v2\/pages\/5845"}],"wp:attachment":[{"href":"https:\/\/floridalawyers360.com\/es\/wp-json\/wp\/v2\/media?parent=5858"}],"wp:term":[{"taxonomy":"category","embeddable":true,"href":"https:\/\/floridalawyers360.com\/es\/wp-json\/wp\/v2\/categories?post=5858"},{"taxonomy":"post_tag","embeddable":true,"href":"https:\/\/floridalawyers360.com\/es\/wp-json\/wp\/v2\/tags?post=5858"}],"curies":[{"name":"wp","href":"https:\/\/api.w.org\/{rel}","templated":true}]}}