{"id":5854,"date":"2024-02-15T14:24:30","date_gmt":"2024-02-15T19:24:30","guid":{"rendered":"https:\/\/floridalawyers360.com\/lake-city\/lake-city-abogado-de-indemnizacion-por-accidentes-laborales\/workers-compensation-benefits-in-lake-city\/"},"modified":"2024-03-12T23:01:06","modified_gmt":"2024-03-13T04:01:06","slug":"prestaciones-por-accidentes-laborales-en-lake-city","status":"publish","type":"page","link":"https:\/\/floridalawyers360.com\/es\/lake-city\/lake-city-abogado-de-indemnizacion-por-accidentes-laborales\/prestaciones-por-accidentes-laborales-en-lake-city\/","title":{"rendered":"Prestaciones por accidentes laborales en Lake City"},"content":{"rendered":"<p>En Florida Lawyers 360, nuestros abogados de compensaci\u00f3n de trabajadores de Lake City se comprometen a ayudar a los empleados lesionados en el trabajo a recuperar los beneficios de compensaci\u00f3n de trabajadores a los que tienen derecho seg\u00fan la ley de Florida. Tambi\u00e9n ayudamos a las familias cuyos seres queridos han sufrido accidentes mortales relacionados con el trabajo a recuperar los beneficios por fallecimiento.<\/p>\n<p>No importa la situaci\u00f3n que enfrenta actualmente, siempre se puede contar con nuestra experiencia para buscar el m\u00e1ximo de beneficios de compensaci\u00f3n de trabajadores en su nombre y se asegurar\u00e1 de que no se le niega injustamente los beneficios que se merece.<\/p>\n<p>Ll\u00e1menos hoy para programar una consulta gratuita.<\/p>\n\t\t<div data-elementor-type=\"section\" data-elementor-id=\"208\" class=\"elementor elementor-208\" data-elementor-post-type=\"elementor_library\">\n\t\t\t\t\t<section class=\"elementor-section elementor-top-section elementor-element elementor-element-485e576a elementor-section-boxed elementor-section-height-default elementor-section-height-default\" data-id=\"485e576a\" data-element_type=\"section\" data-e-type=\"section\">\n\t\t\t\t\t\t<div class=\"elementor-container elementor-column-gap-default\">\n\t\t\t\t\t<div class=\"elementor-column elementor-col-100 elementor-top-column elementor-element elementor-element-635c38c0\" data-id=\"635c38c0\" data-element_type=\"column\" data-e-type=\"column\">\n\t\t\t<div class=\"elementor-widget-wrap elementor-element-populated\">\n\t\t\t\t\t\t<div class=\"elementor-element elementor-element-3ba95c8a elementor-toc--minimized-on-tablet elementor-widget elementor-widget-table-of-contents\" data-id=\"3ba95c8a\" data-element_type=\"widget\" data-e-type=\"widget\" data-settings=\"{&quot;exclude_headings_by_selector&quot;:&quot;.toc-remove&quot;,&quot;headings_by_tags&quot;:[&quot;h2&quot;,&quot;h3&quot;],&quot;marker_view&quot;:&quot;numbers&quot;,&quot;no_headings_message&quot;:&quot;No headings were found on this page.&quot;,&quot;minimize_box&quot;:&quot;yes&quot;,&quot;minimized_on&quot;:&quot;tablet&quot;,&quot;hierarchical_view&quot;:&quot;yes&quot;,&quot;min_height&quot;:{&quot;unit&quot;:&quot;px&quot;,&quot;size&quot;:&quot;&quot;,&quot;sizes&quot;:[]},&quot;min_height_tablet&quot;:{&quot;unit&quot;:&quot;px&quot;,&quot;size&quot;:&quot;&quot;,&quot;sizes&quot;:[]},&quot;min_height_mobile&quot;:{&quot;unit&quot;:&quot;px&quot;,&quot;size&quot;:&quot;&quot;,&quot;sizes&quot;:[]}}\" data-widget_type=\"table-of-contents.default\">\n\t\t\t\t\t\t\t\t\t<div class=\"elementor-toc__header\">\n\t\t\t\t\t\t<div class=\"elementor-toc__header-title\">\n\t\t\t\tTable of Contents\t\t\t<\/div>\n\t\t\t\t\t\t\t\t\t\t<div class=\"elementor-toc__toggle-button elementor-toc__toggle-button--expand\" role=\"button\" tabindex=\"0\" aria-controls=\"elementor-toc__3ba95c8a\" aria-expanded=\"true\" aria-label=\"Open table of contents\"><svg aria-hidden=\"true\" class=\"e-font-icon-svg e-fas-chevron-down\" viewBox=\"0 0 448 512\" xmlns=\"http:\/\/www.w3.org\/2000\/svg\"><path d=\"M207.029 381.476L12.686 187.132c-9.373-9.373-9.373-24.569 0-33.941l22.667-22.667c9.357-9.357 24.522-9.375 33.901-.04L224 284.505l154.745-154.021c9.379-9.335 24.544-9.317 33.901.04l22.667 22.667c9.373 9.373 9.373 24.569 0 33.941L240.971 381.476c-9.373 9.372-24.569 9.372-33.942 0z\"><\/path><\/svg><\/div>\n\t\t\t\t<div class=\"elementor-toc__toggle-button elementor-toc__toggle-button--collapse\" role=\"button\" tabindex=\"0\" aria-controls=\"elementor-toc__3ba95c8a\" aria-expanded=\"true\" aria-label=\"Close table of contents\"><svg aria-hidden=\"true\" class=\"e-font-icon-svg e-fas-chevron-up\" viewBox=\"0 0 448 512\" xmlns=\"http:\/\/www.w3.org\/2000\/svg\"><path d=\"M240.971 130.524l194.343 194.343c9.373 9.373 9.373 24.569 0 33.941l-22.667 22.667c-9.357 9.357-24.522 9.375-33.901.04L224 227.495 69.255 381.516c-9.379 9.335-24.544 9.317-33.901-.04l-22.667-22.667c-9.373-9.373-9.373-24.569 0-33.941L207.03 130.525c9.372-9.373 24.568-9.373 33.941-.001z\"><\/path><\/svg><\/div>\n\t\t\t\t\t<\/div>\n\t\t\t\t<div id=\"elementor-toc__3ba95c8a\" class=\"elementor-toc__body\">\n\t\t\t<div class=\"elementor-toc__spinner-container\">\n\t\t\t\t<svg class=\"elementor-toc__spinner eicon-animation-spin e-font-icon-svg e-eicon-loading\" aria-hidden=\"true\" viewBox=\"0 0 1000 1000\" xmlns=\"http:\/\/www.w3.org\/2000\/svg\"><path d=\"M500 975V858C696 858 858 696 858 500S696 142 500 142 142 304 142 500H25C25 237 238 25 500 25S975 237 975 500 763 975 500 975Z\"><\/path><\/svg>\t\t\t<\/div>\n\t\t<\/div>\n\t\t\t\t\t\t<\/div>\n\t\t\t\t\t<\/div>\n\t\t<\/div>\n\t\t\t\t\t<\/div>\n\t\t<\/section>\n\t\t\t\t<\/div>\n\t\t\n<h2>L\u00edmites de Ingresos de Compensaci\u00f3n Laboral de Florida<\/h2>\n<p>Los beneficios por incapacidad tienen un tope m\u00e1ximo de ingresos semanales de $1,099 a partir del 1 de enero de 2022. Otras limitaciones pueden aplicarse dependiendo del tipo de incapacidad &#8211; Incapacidad Total Temporal (TTD) o Incapacidad Parcial Temporal (TPD).<\/p>\n<p>Las prestaciones por incapacidad temporal total ascienden al 66,67 % o a dos tercios de su salario semanal medio (SST) justo antes de la lesi\u00f3n, hasta el m\u00e1ximo legal que se ajusta anualmente. En cambio, las prestaciones por incapacidad temporal equivalen al 80 % de la diferencia entre el 80 % del salario semanal medio y otros ingresos que el trabajador pueda percibir despu\u00e9s de la lesi\u00f3n.<\/p>\n<p>Puede ser dif\u00edcil determinar cu\u00e1les son los l\u00edmites de ingresos de la compensaci\u00f3n de trabajadores de Florida. Es por eso que no debe dudar en ponerse en contacto con los experimentados abogados de compensaci\u00f3n de trabajadores de Lake City, FL en Florida Lawyers 360 si tiene alguna pregunta relacionada con los l\u00edmites de ingresos de su compensaci\u00f3n de trabajadores.<\/p>\n<p><a href=\"https:\/\/floridalawyers360.com\/wp-content\/uploads\/2024\/02\/lake-city-workers-comp-benefits1-copy.webp\"><img fetchpriority=\"high\" decoding=\"async\" class=\"alignnone size-full wp-image-2930\" src=\"https:\/\/floridalawyers360.com\/wp-content\/uploads\/2024\/02\/lake-city-workers-comp-benefits1-copy.webp\" alt=\"Lake City Workers' Compensation Benefits\" width=\"500\" height=\"334\" srcset=\"https:\/\/floridalawyers360.com\/wp-content\/uploads\/2024\/02\/lake-city-workers-comp-benefits1-copy.webp 500w, https:\/\/floridalawyers360.com\/wp-content\/uploads\/2024\/02\/lake-city-workers-comp-benefits1-copy-300x200.webp 300w\" sizes=\"(max-width: 500px) 100vw, 500px\" \/><\/a><\/p>\n<h2>Tipos de prestaciones de compensaci\u00f3n laboral en Florida<\/h2>\n<p>En Florida, si la lesi\u00f3n o enfermedad que sufri\u00f3 mientras trabajaba le provoc\u00f3 una incapacidad que le impide trabajar de forma permanente o temporal, puede tener derecho a recibir una compensaci\u00f3n salarial por su incapacidad.<\/p>\n<p>El importe de la compensaci\u00f3n salarial que puede recibir a trav\u00e9s de la compensaci\u00f3n de los trabajadores depender\u00e1 de su tipo de discapacidad. Estos son los 4 tipos principales de prestaciones de compensaci\u00f3n de trabajadores en Florida:<\/p>\n<h3>Prestaciones por Incapacidad Total Temporal en la Indemnizaci\u00f3n por Accidentes de Trabajo de Florida (TTD)<\/h3>\n<p>Usted ser\u00e1 elegible para recibir beneficios salariales por Incapacidad Total Temporal (TTD) cuando el m\u00e9dico tratante autorizado proporcione la opini\u00f3n de que usted est\u00e1 completamente incapacitado para realizar su trabajo.<\/p>\n<p>Se denomina Temporal porque la mayor\u00eda de las personas volver\u00e1n a realizar alg\u00fan nivel de tareas relacionadas con el trabajo despu\u00e9s de recibir atenci\u00f3n m\u00e9dica.<\/p>\n<p>Si est\u00e1 en situaci\u00f3n de Incapacidad Total Temporal (TTD), tiene derecho a percibir una indemnizaci\u00f3n equivalente a dos tercios del salario habitual. Para calcular su TTD, primero debe determinar cu\u00e1l es su Salario Semanal Medio (AWW).<\/p>\n<p>Su AWW se define bajo la ley de Florida como el salario semanal promedio que se gan\u00f3 durante las 13 semanas anteriores al accidente que caus\u00f3 su incapacidad.<\/p>\n<h3>Beneficios por Incapacidad Parcial Temporal en la Compensaci\u00f3n al Trabajador de Florida (TPD)<\/h3>\n<p>Usted puede calificar para Incapacidad Parcial Temporal (TPD) si usted es capaz de volver a trabajar, pero s\u00f3lo son capaces de trabajar con ciertas restricciones, tales como movimiento limitado, horas limitadas, o el tipo de trabajo limitado, y no ha alcanzado la M\u00e1xima Mejor\u00eda M\u00e9dica (MMI).<\/p>\n<p>Tambi\u00e9n puede optar a la incapacidad temporal parcial y recibir una indemnizaci\u00f3n adicional si no puede ganar al menos el 80 % de su salario habitual anterior.<\/p>\n<p>TPD tambi\u00e9n se paga sobre la base de la cantidad de su Salario Semanal Promedio (AWW), junto con la cantidad de dinero ganado sobre una base semanal despu\u00e9s de regresar al trabajo ligero deber.<\/p>\n<h3>Beneficios por Incapacidad Parcial Permanente en la Compensaci\u00f3n al Trabajador de Florida (PPD)<\/h3>\n<p>Usted puede calificar para una compensaci\u00f3n salarial basada en el deterioro conocido como Incapacidad Parcial Permanente (PPD) en Florida si no se espera que su condici\u00f3n m\u00e9dica mejore despu\u00e9s de sufrir una lesi\u00f3n. Un m\u00e9dico tendr\u00e1 que declarar que usted ha alcanzado la Mejor\u00eda M\u00e9dica M\u00e1xima (MMI) seg\u00fan su opini\u00f3n cualificada y profesional.<\/p>\n<p>Se le asignar\u00e1 un grado de incapacidad y es posible que se le impongan restricciones laborales permanentes. En \u00faltima instancia, las prestaciones que reciba vendr\u00e1n determinadas por su estado de salud y su grado de incapacidad.<\/p>\n<p>El pago puede continuar hasta el l\u00edmite de tiempo espec\u00edfico establecido para el tipo y grado de discapacidad o hasta la muerte.<\/p>\n<h3>Beneficios por Incapacidad Total Permanente en la Compensaci\u00f3n de Trabajadores de Florida (PTD)<\/h3>\n<p>Usted puede calificar para los beneficios de Incapacidad Total Permanente (PTD) en Florida si ha alcanzado su M\u00e1xima Mejor\u00eda M\u00e9dica (MMI) y las lesiones de su accidente de trabajo o enfermedad son tan graves que no puede volver a trabajar.<\/p>\n<p>El pago de las prestaciones por incapacidad total permanente (PTD) puede continuar hasta que cumpla 75 a\u00f1os. Sin embargo, pueden interrumpirse los pagos si se descubre que es f\u00edsicamente capaz de desempe\u00f1ar un empleo en un radio de 50 millas de su domicilio.<\/p>\n<p><a href=\"https:\/\/floridalawyers360.com\/wp-content\/uploads\/2024\/02\/lake-city-workers-comp-benefits2-copy.webp\"><img decoding=\"async\" class=\"alignnone size-full wp-image-2931\" src=\"https:\/\/floridalawyers360.com\/wp-content\/uploads\/2024\/02\/lake-city-workers-comp-benefits2-copy.webp\" alt=\"Types of disability benefits\" width=\"500\" height=\"334\" srcset=\"https:\/\/floridalawyers360.com\/wp-content\/uploads\/2024\/02\/lake-city-workers-comp-benefits2-copy.webp 500w, https:\/\/floridalawyers360.com\/wp-content\/uploads\/2024\/02\/lake-city-workers-comp-benefits2-copy-300x200.webp 300w\" sizes=\"(max-width: 500px) 100vw, 500px\" \/><\/a><\/p>\n<h2>Prestaciones adicionales<\/h2>\n<p>La compensaci\u00f3n de los trabajadores en Florida tambi\u00e9n proporciona beneficios adicionales, que incluyen:<\/p>\n<h3>Prestaciones m\u00e9dicas<\/h3>\n<p>La indemnizaci\u00f3n por accidente de trabajo paga todos los cuidados m\u00e9dicos necesarios para tratar una enfermedad o lesi\u00f3n relacionada con el trabajo, siempre que el tratamiento sea prescrito por el m\u00e9dico tratante y autorizado por la compa\u00f1\u00eda de seguros.<\/p>\n<p>Tambi\u00e9n tienes derecho a los gastos asociados a los desplazamientos para acudir a las citas con el m\u00e9dico y para obtener la medicaci\u00f3n prescrita.<\/p>\n<h3>Rehabilitaci\u00f3n profesional<\/h3>\n<p>Si no puede reincorporarse a su puesto de trabajo habitual tras una enfermedad o lesi\u00f3n laboral, puede recibir asesoramiento profesional, servicios de colocaci\u00f3n y otro tipo de ayuda para encontrar un nuevo empleo.<\/p>\n<p>Si necesita educaci\u00f3n o formaci\u00f3n adicional para conseguir un empleo adecuado, la indemnizaci\u00f3n por accidente de trabajo puede pagarle la educaci\u00f3n, pero s\u00f3lo durante 26 o 52 semanas.<\/p>\n<h3>Prestaciones por fallecimiento<\/h3>\n<p>Si un empleado fallece como consecuencia de una enfermedad o lesi\u00f3n en el lugar de trabajo o relacionada con el trabajo en Lake City, Florida, el c\u00f3nyuge, los hijos u otros familiares dependientes del trabajador tienen derecho a recibir prestaciones por fallecimiento en virtud de la ley.<\/p>\n<p>Los beneficios depender\u00e1n del n\u00famero de dependientes, pero no pueden exceder dos tercios del Salario Semanal Promedio (AWW) del trabajador o $150,000 en total. La indemnizaci\u00f3n por accidente de trabajo tambi\u00e9n paga hasta 7.500 $ por gastos de funeral y entierro.<\/p>\n<p>Si usted ha sufrido efectos permanentes de un lugar de trabajo o lesiones o enfermedades relacionadas con el trabajo, puede contar con nuestros abogados de compensaci\u00f3n de trabajadores de Lake City, FL en Florida Lawyers 360 para ayudarle a obtener un acuerdo justo.<\/p>\n<p>Ll\u00e1menos hoy para programar una consulta gratuita y sin compromiso con nuestros abogados de lesiones de trabajo.<\/p>\n<h2>\u00bfC\u00f3mo se calculan las prestaciones de compensaci\u00f3n de los trabajadores de Florida?<\/h2>\n<p>La compensaci\u00f3n de los trabajadores de Florida utiliza el t\u00e9rmino \u00abtasa de compensaci\u00f3n\u00bb para referirse a la cantidad en d\u00f3lares de los beneficios peri\u00f3dicos pagados durante los per\u00edodos en los que un trabajador lesionado est\u00e1 en un estado de \u00abno trabajo\u00bb.<\/p>\n<p>Las prestaciones pueden ser por Incapacidad Total Permanente (Permanent Total Disability, PTD) o por Incapacidad Total Temporal (Temporary Total Disability, TTD) y se calculan al 66% del Salario Semanal Medio (Average Weekly Wage, AWW).<\/p>\n<p>El salario medio semanal (SST), por su parte, se calcula utilizando diversos m\u00e9todos. El m\u00e1s habitual consiste en hacer una media aritm\u00e9tica de los ingresos brutos durante las 13 semanas inmediatamente anteriores al accidente.<\/p>\n<p>En algunas situaciones, sin embargo, puede ser m\u00e1s equitativo considerar el contrato original de contrataci\u00f3n o los registros salariales de un empleador similar.<\/p>\n<p>Si se trata de empleados que trabajan por temporadas o en sectores en los que los ingresos del trabajador var\u00edan significativamente en funci\u00f3n de la \u00e9poca del a\u00f1o, puede ser m\u00e1s adecuado utilizar una media de las 52 semanas anteriores al accidente.<\/p>\n<p>Existen otros m\u00e9todos para calcular el AWW y pueden ser m\u00e1s adecuados en determinadas circunstancias.<\/p>\n<p>Los abogados expertos en indemnizaci\u00f3n laboral de Lake City FL de Florida Lawyers 360 pueden determinar si todos los c\u00e1lculos se han realizado correctamente y garantizar que se han aplicado los m\u00e9todos de c\u00e1lculo m\u00e1s adecuados.<\/p>\n<p>Ll\u00e1menos hoy mismo para averiguar si sus beneficios de compensaci\u00f3n laboral o los de su ser querido se han calculado correctamente.<\/p>\n<p><a href=\"https:\/\/floridalawyers360.com\/wp-content\/uploads\/2024\/02\/lake-city-workers-comp-benefits3-copy.webp\"><img decoding=\"async\" class=\"alignnone size-full wp-image-2932\" src=\"https:\/\/floridalawyers360.com\/wp-content\/uploads\/2024\/02\/lake-city-workers-comp-benefits3-copy.webp\" alt=\"Workers' Compensation Benefits - Not Taxed in Florida\" width=\"500\" height=\"334\" srcset=\"https:\/\/floridalawyers360.com\/wp-content\/uploads\/2024\/02\/lake-city-workers-comp-benefits3-copy.webp 500w, https:\/\/floridalawyers360.com\/wp-content\/uploads\/2024\/02\/lake-city-workers-comp-benefits3-copy-300x200.webp 300w\" sizes=\"(max-width: 500px) 100vw, 500px\" \/><\/a><\/p>\n<h2>\u00bfEst\u00e1n sujetas a impuestos las prestaciones de compensaci\u00f3n de los trabajadores de Florida?<\/h2>\n<p>Las prestaciones de compensaci\u00f3n a los trabajadores en Florida est\u00e1n exentas de impuestos. Las prestaciones por incapacidad que se pagan por lesi\u00f3n en acto de servicio para el empleo p\u00fablico tambi\u00e9n est\u00e1n exentas de impuestos, pero los empleados por incapacidad para las pensiones de los empleados privados est\u00e1n sujetos a impuestos.<\/p>\n<p>Tenga en cuenta, sin embargo, que los beneficios de compensaci\u00f3n de trabajadores pueden ser gravados en ciertas situaciones. Por ejemplo, si vuelve a trabajar mientras sigue percibiendo prestaciones por incapacidad, los nuevos ingresos estar\u00e1n sujetos a impuestos.<\/p>\n<p>Por eso debe consultar a un especialista en fiscalidad o a un abogado especializado en indemnizaciones por accidentes de trabajo para averiguar si su situaci\u00f3n concreta implica o no prestaciones imponibles.<\/p>\n<h2>\u00a1Contacte a nuestros abogados de Compensaci\u00f3n Laboral en Lake City, FL en Florida Lawyers 360!<\/h2>\n<p>Los empleadores en la Florida tienen la obligaci\u00f3n de proporcionar un seguro de compensaci\u00f3n laboral. Por lo general, su objetivo es compensar a los empleados por cualquier p\u00e9rdida financiera incurrida como resultado de una enfermedad o lesi\u00f3n en el lugar de trabajo o relacionada con el trabajo.<\/p>\n<p>Si cree que no se le est\u00e1n proporcionando los beneficios de compensaci\u00f3n laboral a los que tiene derecho seg\u00fan la ley de Florida, llame hoy mismo a nuestros abogados altamente cualificados y experimentados en compensaci\u00f3n laboral de Florida Lawyers 360.<\/p>\n<p>Si llama, un miembro de nuestro equipo legal hablar\u00e1 con usted para discutir los detalles espec\u00edficos de su caso junto con lo que podemos hacer para ayudarle hoy. Ll\u00e1menos hoy mismo para programar su consulta gratuita y sin compromiso y la evaluaci\u00f3n de su caso.<\/p>\n","protected":false},"excerpt":{"rendered":"<p>En Florida Lawyers 360, nuestros abogados de compensaci\u00f3n de trabajadores de Lake City se comprometen a ayudar a los empleados lesionados en el trabajo a recuperar los beneficios de compensaci\u00f3n de trabajadores a los que tienen derecho seg\u00fan la ley de Florida. Tambi\u00e9n ayudamos a las familias cuyos seres queridos han sufrido accidentes mortales relacionados [&hellip;]<\/p>\n","protected":false},"author":22,"featured_media":0,"parent":5845,"menu_order":0,"comment_status":"closed","ping_status":"closed","template":"","meta":{"_acf_changed":false,"anchor_text":"","footnotes":""},"categories":[],"tags":[],"class_list":["post-5854","page","type-page","status-publish","hentry"],"acf":[],"_links":{"self":[{"href":"https:\/\/floridalawyers360.com\/es\/wp-json\/wp\/v2\/pages\/5854","targetHints":{"allow":["GET"]}}],"collection":[{"href":"https:\/\/floridalawyers360.com\/es\/wp-json\/wp\/v2\/pages"}],"about":[{"href":"https:\/\/floridalawyers360.com\/es\/wp-json\/wp\/v2\/types\/page"}],"author":[{"embeddable":true,"href":"https:\/\/floridalawyers360.com\/es\/wp-json\/wp\/v2\/users\/22"}],"replies":[{"embeddable":true,"href":"https:\/\/floridalawyers360.com\/es\/wp-json\/wp\/v2\/comments?post=5854"}],"version-history":[{"count":3,"href":"https:\/\/floridalawyers360.com\/es\/wp-json\/wp\/v2\/pages\/5854\/revisions"}],"predecessor-version":[{"id":5857,"href":"https:\/\/floridalawyers360.com\/es\/wp-json\/wp\/v2\/pages\/5854\/revisions\/5857"}],"up":[{"embeddable":true,"href":"https:\/\/floridalawyers360.com\/es\/wp-json\/wp\/v2\/pages\/5845"}],"wp:attachment":[{"href":"https:\/\/floridalawyers360.com\/es\/wp-json\/wp\/v2\/media?parent=5854"}],"wp:term":[{"taxonomy":"category","embeddable":true,"href":"https:\/\/floridalawyers360.com\/es\/wp-json\/wp\/v2\/categories?post=5854"},{"taxonomy":"post_tag","embeddable":true,"href":"https:\/\/floridalawyers360.com\/es\/wp-json\/wp\/v2\/tags?post=5854"}],"curies":[{"name":"wp","href":"https:\/\/api.w.org\/{rel}","templated":true}]}}