{"id":5845,"date":"2024-02-14T09:26:00","date_gmt":"2024-02-14T14:26:00","guid":{"rendered":"https:\/\/floridalawyers360.com\/lake-city\/lake-city-workers-compensation-lawyer\/"},"modified":"2024-03-12T08:05:06","modified_gmt":"2024-03-12T13:05:06","slug":"lake-city-abogado-de-indemnizacion-por-accidentes-laborales","status":"publish","type":"page","link":"https:\/\/floridalawyers360.com\/es\/lake-city\/lake-city-abogado-de-indemnizacion-por-accidentes-laborales\/","title":{"rendered":"Lake City Abogado de indemnizaci\u00f3n por accidentes laborales"},"content":{"rendered":"<p>Un abogado de compensaci\u00f3n de trabajadores de Lake City puede guiarlo a trav\u00e9s del sistema legal de compensaci\u00f3n de trabajadores. Este sistema fue establecido para proteger a los trabajadores que han sido lesionados en el trabajo. Estos beneficios est\u00e1n disponibles para todos los trabajadores lesionados en Florida, independientemente de la culpa.<\/p>\n<p>Eso significa que un trabajador puede obtener beneficios de compensaci\u00f3n laboral incluso si es el responsable del incidente que caus\u00f3 las lesiones.<\/p>\n<p>Un abogado de Lake City podr\u00eda ayudarle en caso de que haya sufrido una lesi\u00f3n en el trabajo. Un abogado de indemnizaci\u00f3n laboral que conozca la normativa puede ofrecerle una consulta gratuita.<\/p>\n\t\t<div data-elementor-type=\"section\" data-elementor-id=\"208\" class=\"elementor elementor-208\" data-elementor-post-type=\"elementor_library\">\n\t\t\t\t\t<section class=\"elementor-section elementor-top-section elementor-element elementor-element-485e576a elementor-section-boxed elementor-section-height-default elementor-section-height-default\" data-id=\"485e576a\" data-element_type=\"section\" data-e-type=\"section\">\n\t\t\t\t\t\t<div class=\"elementor-container elementor-column-gap-default\">\n\t\t\t\t\t<div class=\"elementor-column elementor-col-100 elementor-top-column elementor-element elementor-element-635c38c0\" data-id=\"635c38c0\" data-element_type=\"column\" data-e-type=\"column\">\n\t\t\t<div class=\"elementor-widget-wrap elementor-element-populated\">\n\t\t\t\t\t\t<div class=\"elementor-element elementor-element-3ba95c8a elementor-toc--minimized-on-tablet elementor-widget elementor-widget-table-of-contents\" data-id=\"3ba95c8a\" data-element_type=\"widget\" data-e-type=\"widget\" data-settings=\"{&quot;exclude_headings_by_selector&quot;:&quot;.toc-remove&quot;,&quot;headings_by_tags&quot;:[&quot;h2&quot;,&quot;h3&quot;],&quot;marker_view&quot;:&quot;numbers&quot;,&quot;no_headings_message&quot;:&quot;No headings were found on this page.&quot;,&quot;minimize_box&quot;:&quot;yes&quot;,&quot;minimized_on&quot;:&quot;tablet&quot;,&quot;hierarchical_view&quot;:&quot;yes&quot;,&quot;min_height&quot;:{&quot;unit&quot;:&quot;px&quot;,&quot;size&quot;:&quot;&quot;,&quot;sizes&quot;:[]},&quot;min_height_tablet&quot;:{&quot;unit&quot;:&quot;px&quot;,&quot;size&quot;:&quot;&quot;,&quot;sizes&quot;:[]},&quot;min_height_mobile&quot;:{&quot;unit&quot;:&quot;px&quot;,&quot;size&quot;:&quot;&quot;,&quot;sizes&quot;:[]}}\" data-widget_type=\"table-of-contents.default\">\n\t\t\t\t\t\t\t\t\t<div class=\"elementor-toc__header\">\n\t\t\t\t\t\t<div class=\"elementor-toc__header-title\">\n\t\t\t\tTable of Contents\t\t\t<\/div>\n\t\t\t\t\t\t\t\t\t\t<div class=\"elementor-toc__toggle-button elementor-toc__toggle-button--expand\" role=\"button\" tabindex=\"0\" aria-controls=\"elementor-toc__3ba95c8a\" aria-expanded=\"true\" aria-label=\"Open table of contents\"><svg aria-hidden=\"true\" class=\"e-font-icon-svg e-fas-chevron-down\" viewBox=\"0 0 448 512\" xmlns=\"http:\/\/www.w3.org\/2000\/svg\"><path d=\"M207.029 381.476L12.686 187.132c-9.373-9.373-9.373-24.569 0-33.941l22.667-22.667c9.357-9.357 24.522-9.375 33.901-.04L224 284.505l154.745-154.021c9.379-9.335 24.544-9.317 33.901.04l22.667 22.667c9.373 9.373 9.373 24.569 0 33.941L240.971 381.476c-9.373 9.372-24.569 9.372-33.942 0z\"><\/path><\/svg><\/div>\n\t\t\t\t<div class=\"elementor-toc__toggle-button elementor-toc__toggle-button--collapse\" role=\"button\" tabindex=\"0\" aria-controls=\"elementor-toc__3ba95c8a\" aria-expanded=\"true\" aria-label=\"Close table of contents\"><svg aria-hidden=\"true\" class=\"e-font-icon-svg e-fas-chevron-up\" viewBox=\"0 0 448 512\" xmlns=\"http:\/\/www.w3.org\/2000\/svg\"><path d=\"M240.971 130.524l194.343 194.343c9.373 9.373 9.373 24.569 0 33.941l-22.667 22.667c-9.357 9.357-24.522 9.375-33.901.04L224 227.495 69.255 381.516c-9.379 9.335-24.544 9.317-33.901-.04l-22.667-22.667c-9.373-9.373-9.373-24.569 0-33.941L207.03 130.525c9.372-9.373 24.568-9.373 33.941-.001z\"><\/path><\/svg><\/div>\n\t\t\t\t\t<\/div>\n\t\t\t\t<div id=\"elementor-toc__3ba95c8a\" class=\"elementor-toc__body\">\n\t\t\t<div class=\"elementor-toc__spinner-container\">\n\t\t\t\t<svg class=\"elementor-toc__spinner eicon-animation-spin e-font-icon-svg e-eicon-loading\" aria-hidden=\"true\" viewBox=\"0 0 1000 1000\" xmlns=\"http:\/\/www.w3.org\/2000\/svg\"><path d=\"M500 975V858C696 858 858 696 858 500S696 142 500 142 142 304 142 500H25C25 237 238 25 500 25S975 237 975 500 763 975 500 975Z\"><\/path><\/svg>\t\t\t<\/div>\n\t\t<\/div>\n\t\t\t\t\t\t<\/div>\n\t\t\t\t\t<\/div>\n\t\t<\/div>\n\t\t\t\t\t<\/div>\n\t\t<\/section>\n\t\t\t\t<\/div>\n\t\t\n<h2>\u00bfEst\u00e1 usted cubierto por el seguro de accidentes de trabajo?<\/h2>\n<p>A muchos trabajadores les preocupa que la empresa para la que trabajan no tenga cobertura de accidentes laborales. Esto puede dejarlos vulnerables en caso de accidente. Salvo algunas excepciones, muchos empleadores en Florida est\u00e1n cubiertos por el sistema de compensaci\u00f3n de trabajadores.<\/p>\n<p>Los empleadores de otras industrias aparte de la construcci\u00f3n necesitan tener cobertura de seguro de compensaci\u00f3n laboral. Los empleadores que trabajan en el campo de la construcci\u00f3n est\u00e1n obligados a tener un seguro de compensaci\u00f3n laboral.<\/p>\n<p>Un abogado de compensaci\u00f3n de trabajadores de Lake City puede proporcionar m\u00e1s informaci\u00f3n.<\/p>\n<h2>\u00bfQu\u00e9 hacer si se lesiona accidentalmente en el trabajo?<\/h2>\n<p>Hay algunas cosas que hacer cuando usted ha sido herido en un accidente de trabajo. Antes de llamar a los abogados de compensaci\u00f3n de trabajadores, es importante informar a su empleador tan pronto como sea posible. Esto significa decirle a su supervisor inmediato o alg\u00fan otro empleado en una posici\u00f3n de autoridad en la oficina.<\/p>\n<p>Esta notificaci\u00f3n puede ocurrir en persona, verbalmente y por escrito. Cuando informe a su empleador, es mejor pedirle que rellene una notificaci\u00f3n de lesi\u00f3n cuando pueda, para tener la certeza de que la reclamaci\u00f3n llegar\u00e1 a la compa\u00f1\u00eda de seguros del empleador.<\/p>\n<p>Si te has lesionado tambi\u00e9n debes buscar tratamiento m\u00e9dico. Acuda al m\u00e9dico de la empresa en caso de que \u00e9sta disponga de uno. Si no, acuda a su propio m\u00e9dico.<\/p>\n<p>Es crucial que busques atenci\u00f3n m\u00e9dica siempre que puedas para que el alcance de tus lesiones quede documentado y no pueda ser anulado posteriormente.<\/p>\n<p>Una vez que haya notificado a su empleador del incidente y recibido atenci\u00f3n m\u00e9dica, debe ponerse en contacto con un abogado de lesiones personales en Lake City que est\u00e9 familiarizado con la competencia en el lugar de trabajo en Florida para buscar orientaci\u00f3n.<\/p>\n<p><a href=\"https:\/\/floridalawyers360.com\/wp-content\/uploads\/2024\/02\/lake-city-workers-comp1-copy.webp\"><img fetchpriority=\"high\" decoding=\"async\" class=\"alignnone size-full wp-image-2900\" src=\"https:\/\/floridalawyers360.com\/wp-content\/uploads\/2024\/02\/lake-city-workers-comp1-copy.webp\" alt=\"Workplace Injury\" width=\"500\" height=\"334\" srcset=\"https:\/\/floridalawyers360.com\/wp-content\/uploads\/2024\/02\/lake-city-workers-comp1-copy.webp 500w, https:\/\/floridalawyers360.com\/wp-content\/uploads\/2024\/02\/lake-city-workers-comp1-copy-300x200.webp 300w\" sizes=\"(max-width: 500px) 100vw, 500px\" \/><\/a><\/p>\n<h2>\u00bfCu\u00e1ndo debo comunicar mi accidente de trabajo?<\/h2>\n<p>Los trabajadores lesionados deben informar al lugar de trabajo del incidente tan pronto como puedan; sin embargo, deben notificar el accidente a m\u00e1s tardar 30 d\u00edas despu\u00e9s de que se haya producido. Su reclamaci\u00f3n puede ser denegada si no informa de su lesi\u00f3n en el plazo especificado.<\/p>\n<h2>\u00bfQu\u00e9 ocurrir\u00e1 si su empresario no quiere informar de su lesi\u00f3n?<\/h2>\n<p>Adem\u00e1s de informar del incidente a su empresario, \u00e9ste tiene sus propias obligaciones. Su empresario debe comunicar la lesi\u00f3n a su compa\u00f1\u00eda de seguros r\u00e1pidamente para que la reclamaci\u00f3n se tramite a tiempo y usted pueda empezar a recibir sus prestaciones sin demora.<\/p>\n<p>Tambi\u00e9n puede llamar a la compa\u00f1\u00eda de seguros con la que est\u00e1 asegurado para comunicar el siniestro si no aceptan.<\/p>\n<p>En la oficina debe haber informaci\u00f3n sobre la indemnizaci\u00f3n por accidente laboral. La informaci\u00f3n deber\u00eda incluir los datos de contacto de la compa\u00f1\u00eda de seguros. Si no es as\u00ed, p\u00f3ngase en contacto con la Oficina de Asistencia al Empleado y Defensor del Pueblo de Florida, para que le ayuden a localizar esta informaci\u00f3n.<\/p>\n<p>Alternativamente, llame a un abogado en el \u00e1rea local. abogado de indemnizaci\u00f3n laboral de Lake City para obtener ayuda.<\/p>\n<h2>\u00bfEs lo mismo una indemnizaci\u00f3n laboral que una demanda?<\/h2>\n<p>Esto podr\u00eda ser complicado para las personas que no han tratado el tema de la indemnizaci\u00f3n de los trabajadores con anterioridad. Aunque podr\u00eda parecer que las reclamaciones de compensaci\u00f3n de trabajadores son como una demanda contra su empleador, la verdad es muy diferente.<\/p>\n<p>Una reclamaci\u00f3n de compensaci\u00f3n de trabajadores no es una demanda presentada contra su empleador, sino una reclamaci\u00f3n contra la p\u00f3liza de seguro que su empleador ha comprado. Para obtener m\u00e1s informaci\u00f3n sobre las leyes de compensaci\u00f3n de trabajadores un abogado con experiencia en compensaci\u00f3n de trabajadores puede ofrecer una valiosa visi\u00f3n.<\/p>\n<h2>\u00bfPuede usted demandar en lugar de la presentaci\u00f3n de una reclamaci\u00f3n de compensaci\u00f3n de trabajadores?<\/h2>\n<p>\u00bfQu\u00e9 sucede si usted quisiera archivar el pleito contra su patr\u00f3n, o compa\u00f1ero de trabajo algo que archivar una demanda de los trabajadores comp \u00bfEs eso aceptable? Desafortunadamente, no. La compensaci\u00f3n de trabajadores en Florida y otros estados se conoce como un recurso exclusivo.<\/p>\n<p>Esto significa que los empleados no pueden presentar una demanda individual por lesiones contra su empleador, independientemente de si se ha presentado una demanda de compensaci\u00f3n de trabajadores. Las \u00fanicas excepciones incluyen las reclamaciones por lesiones en el lugar de trabajo que implican a un tercero.<\/p>\n<p>\u00c9stas a\u00fan pueden presentarse ante los tribunales. Si, por ejemplo, un visitante de otra empresa que entra en su lugar de trabajo le causa lesiones, puede interponer una demanda civil contra esa persona, pero no contra su empresa.<\/p>\n<p><a href=\"https:\/\/floridalawyers360.com\/wp-content\/uploads\/2024\/02\/lake-city-workers-comp3-copy.webp\"><img decoding=\"async\" class=\"alignnone size-full wp-image-2899\" src=\"https:\/\/floridalawyers360.com\/wp-content\/uploads\/2024\/02\/lake-city-workers-comp3-copy.webp\" alt=\"Lake City Workers' Compensation Lawyer\" width=\"500\" height=\"334\" srcset=\"https:\/\/floridalawyers360.com\/wp-content\/uploads\/2024\/02\/lake-city-workers-comp3-copy.webp 500w, https:\/\/floridalawyers360.com\/wp-content\/uploads\/2024\/02\/lake-city-workers-comp3-copy-300x200.webp 300w\" sizes=\"(max-width: 500px) 100vw, 500px\" \/><\/a><\/p>\n<h2>Reclamaci\u00f3n de indemnizaci\u00f3n laboral: \u00bfC\u00f3mo se determina si la reclamaci\u00f3n es por culpa?<\/h2>\n<p>El sistema de compensaci\u00f3n de trabajadores opera sobre una base de no culpa, que es diferente de otras lesiones personales. Eso significa que los beneficios de compensaci\u00f3n a los trabajadores se pagan independientemente de la negligencia o la naturaleza espec\u00edfica de la lesi\u00f3n.<\/p>\n<p>Esto puede ser una gran cosa para los empleados, eliminando cualquier necesidad de atribuir la culpa a su empleador o compa\u00f1eros de trabajo , y acelerar el proceso a lo largo en el caso de que una investigaci\u00f3n de la ra\u00edz del accidente no es necesario. el proceso.<\/p>\n<p>Tambi\u00e9n es ventajoso porque los empleados no tienen que preocuparse de que se les cargue con elevados gastos m\u00e9dicos si son culpables del siniestro. La culpa de un empleado s\u00f3lo es relevante si la lesi\u00f3n fue resultado de una intoxicaci\u00f3n o de una intenci\u00f3n deliberada de da\u00f1ar a la persona.<\/p>\n<p>Esto puede dar lugar a la denegaci\u00f3n de las solicitudes de indemnizaci\u00f3n por accidente laboral. Sin embargo, si se le niega la reclamaci\u00f3n, y la v\u00edctima es inocente sin duda ponerse en contacto con un abogado de compensaci\u00f3n de trabajadores Lake City sin demora.<\/p>\n<h2>\u00bfCu\u00e1les son los beneficios que un abogado de compensaci\u00f3n laboral de Lake City puede proporcionar?<\/h2>\n<p>Lo primero y m\u00e1s importante es que los empleadores deben cubrir todos los gastos m\u00e9dicos relacionados con su lesi\u00f3n en el lugar de trabajo. Adem\u00e1s, los empleados pueden obtener una indemnizaci\u00f3n por el tiempo de baja laboral debido a estas lesiones.<\/p>\n<p>Esto se paga a 2\/3 de su salario medio semanal antes de la lesi\u00f3n. Otra ventaja es que las prestaciones de la compensaci\u00f3n por accidente de trabajo no est\u00e1n sujetas a impuestos. Esto significa que una mayor parte de lo que gana se queda en su bolsillo.<\/p>\n<p>Un abogado de compensaci\u00f3n de trabajadores puede ayudar con todo esto, como todos los trabajadores excelentes comp abogados deben conocer todos los aspectos de los trabajadores de seguros de compensaci\u00f3n.<\/p>\n<h2>\u00bfCu\u00e1nto tiempo puede recibir beneficios de compensaci\u00f3n de trabajadores?<\/h2>\n<p>Los trabajadores de Florida son capaces de recibir compensaci\u00f3n por p\u00e9rdida de salario, siempre y cuando no est\u00e1n en cualquier estado de trabajo. En estas situaciones, los trabajadores pueden reclamar un m\u00e1ximo de 104 semanas adicionales de beneficios.<\/p>\n<h3>\u00bfQu\u00e9 pasa si sigues lesionado despu\u00e9s de 104 d\u00edas?<\/h3>\n<p>Es estupendo saber que los trabajadores lesionados pueden disfrutar de 2 a\u00f1os de prestaciones. Pero, \u00bfqu\u00e9 pasa si usted est\u00e1 gravemente herido y no se recupera en 2 a\u00f1os? Usted puede ser elegible para recibir beneficios por incapacidad permanente en este caso.<\/p>\n<p>Si las lesiones son lo suficientemente graves como para justificarlo, estas prestaciones por incapacidad permanente total pueden llegar hasta los 75 a\u00f1os.<\/p>\n<h3>\u00bfPuede elegir su propio m\u00e9dico?<\/h3>\n<p>Hay algunas excepciones a la regla general, pero por lo general, una persona no tiene derecho a elegir el m\u00e9dico de su elecci\u00f3n en una reclamaci\u00f3n por lesiones. Esto se debe a que, en la mayor\u00eda de los casos, la compa\u00f1\u00eda de seguros es la que elige al m\u00e9dico.<\/p>\n<p>Sin embargo, como trabajador lesionado, s\u00ed tiene derecho a presentar una \u00fanica solicitud de cambio de m\u00e9dico. Si su compa\u00f1\u00eda de seguros no selecciona un nuevo m\u00e9dico en el plazo de 5 d\u00edas, usted tiene derecho a ser atendido por un m\u00e9dico de su elecci\u00f3n.<\/p>\n<p>Para obtener m\u00e1s informaci\u00f3n sobre sus opciones, consulte a un abogado de compensaci\u00f3n de trabajadores de Lake City.<\/p>\n<p><a href=\"https:\/\/floridalawyers360.com\/wp-content\/uploads\/2024\/02\/lake-city-workers-comp2-copy.webp\"><img decoding=\"async\" class=\"alignnone size-full wp-image-2898\" src=\"https:\/\/floridalawyers360.com\/wp-content\/uploads\/2024\/02\/lake-city-workers-comp2-copy.webp\" alt=\"Can I choose my own doctor after a work-related injury\" width=\"500\" height=\"334\" srcset=\"https:\/\/floridalawyers360.com\/wp-content\/uploads\/2024\/02\/lake-city-workers-comp2-copy.webp 500w, https:\/\/floridalawyers360.com\/wp-content\/uploads\/2024\/02\/lake-city-workers-comp2-copy-300x200.webp 300w\" sizes=\"(max-width: 500px) 100vw, 500px\" \/><\/a><\/p>\n<h2>\u00bfCu\u00e1nto tiempo tengo para presentar una reclamaci\u00f3n de compensaci\u00f3n de trabajadores de Lake City?<\/h2>\n<p>La fecha l\u00edmite para presentar una reclamaci\u00f3n de beneficios es t\u00e9cnicamente de dos a\u00f1os. Puede variar seg\u00fan las circunstancias espec\u00edficas.<\/p>\n<p>Aunque los trabajadores tienen dos a\u00f1os para presentar una reclamaci\u00f3n, cualquier retraso en informar de una lesi\u00f3n a su empleador o la b\u00fasqueda de tratamiento podr\u00eda ser perjudicial o reducir completamente sus posibilidades de recibir beneficios.<\/p>\n<p>Como resultado, es importante que tome medidas r\u00e1pidamente y se ponga en contacto con un abogado calificado de compensaci\u00f3n de trabajadores de Lake City para comenzar el proceso de reclamaci\u00f3n. Para obtener m\u00e1s informaci\u00f3n sobre el l\u00edmite de tiempo para las reclamaciones de compensaci\u00f3n de trabajadores en la Florida ir aqu\u00ed.<\/p>\n<h2>\u00bfPuede usted ser despedido debido a un reclamo de compensaci\u00f3n al trabajador?<\/h2>\n<p>Esta es una preocupaci\u00f3n frecuente entre los trabajadores lesionados, que si se presentan con un reclamo de compensaci\u00f3n del trabajador, podr\u00edan ser castigados o despedidos por su empleador. No hay raz\u00f3n para que los empleados teman ser despedidos por presentar una reclamaci\u00f3n de indemnizaci\u00f3n.<\/p>\n<p>Esto deber\u00eda ser motivo de preocupaci\u00f3n. El abogado de compensaci\u00f3n al trabajador de Lake City y el empleador deben estar al tanto de c\u00f3mo funciona el seguro de compensaci\u00f3n al trabajador.<\/p>\n<p>Los empleadores en la Florida no pueden despedir a los empleados porque presentaron una reclamaci\u00f3n con un abogado de lesiones personales para reclamar el seguro de compensaci\u00f3n de los trabajadores. Los empleadores podr\u00edan enfrentarse a una grave responsabilidad civil cuando despiden a alguien s\u00f3lo para presentar una reclamaci\u00f3n de compensaci\u00f3n al trabajador.<\/p>\n<p>Un trabajador podr\u00eda presentar una demanda contra el empleador de ser despedido por razones injustificadas, posiblemente en busca de da\u00f1os y perjuicios.<\/p>\n<p>Si usted ha sido v\u00edctima de una lesi\u00f3n en el trabajo en Lake City y se lesiona, es importante notificar a su empleador de inmediato y buscar asistencia m\u00e9dica.<\/p>\n<p>Contacte a un Abogado de Compensaci\u00f3n Laboral en Lake City en Florida Lawyers 360 para obtener una consulta sin costo para identificar los siguientes pasos a seguir para ayudarle a obtener su tiempo libre en el trabajo.<\/p>\n","protected":false},"excerpt":{"rendered":"<p>Un abogado de compensaci\u00f3n de trabajadores de Lake City puede guiarlo a trav\u00e9s del sistema legal de compensaci\u00f3n de trabajadores. Este sistema fue establecido para proteger a los trabajadores que han sido lesionados en el trabajo. Estos beneficios est\u00e1n disponibles para todos los trabajadores lesionados en Florida, independientemente de la culpa. Eso significa que un [&hellip;]<\/p>\n","protected":false},"author":22,"featured_media":0,"parent":5833,"menu_order":0,"comment_status":"closed","ping_status":"closed","template":"","meta":{"_acf_changed":false,"anchor_text":"","footnotes":""},"categories":[],"tags":[],"class_list":["post-5845","page","type-page","status-publish","hentry"],"acf":[],"_links":{"self":[{"href":"https:\/\/floridalawyers360.com\/es\/wp-json\/wp\/v2\/pages\/5845","targetHints":{"allow":["GET"]}}],"collection":[{"href":"https:\/\/floridalawyers360.com\/es\/wp-json\/wp\/v2\/pages"}],"about":[{"href":"https:\/\/floridalawyers360.com\/es\/wp-json\/wp\/v2\/types\/page"}],"author":[{"embeddable":true,"href":"https:\/\/floridalawyers360.com\/es\/wp-json\/wp\/v2\/users\/22"}],"replies":[{"embeddable":true,"href":"https:\/\/floridalawyers360.com\/es\/wp-json\/wp\/v2\/comments?post=5845"}],"version-history":[{"count":3,"href":"https:\/\/floridalawyers360.com\/es\/wp-json\/wp\/v2\/pages\/5845\/revisions"}],"predecessor-version":[{"id":5848,"href":"https:\/\/floridalawyers360.com\/es\/wp-json\/wp\/v2\/pages\/5845\/revisions\/5848"}],"up":[{"embeddable":true,"href":"https:\/\/floridalawyers360.com\/es\/wp-json\/wp\/v2\/pages\/5833"}],"wp:attachment":[{"href":"https:\/\/floridalawyers360.com\/es\/wp-json\/wp\/v2\/media?parent=5845"}],"wp:term":[{"taxonomy":"category","embeddable":true,"href":"https:\/\/floridalawyers360.com\/es\/wp-json\/wp\/v2\/categories?post=5845"},{"taxonomy":"post_tag","embeddable":true,"href":"https:\/\/floridalawyers360.com\/es\/wp-json\/wp\/v2\/tags?post=5845"}],"curies":[{"name":"wp","href":"https:\/\/api.w.org\/{rel}","templated":true}]}}