{"id":5841,"date":"2024-02-14T09:25:21","date_gmt":"2024-02-14T14:25:21","guid":{"rendered":"https:\/\/floridalawyers360.com\/lake-city\/lake-city-personal-injury-lawyer\/"},"modified":"2024-03-12T07:54:50","modified_gmt":"2024-03-12T12:54:50","slug":"lake-city-abogado-de-lesiones-personales","status":"publish","type":"page","link":"https:\/\/floridalawyers360.com\/es\/lake-city\/lake-city-abogado-de-lesiones-personales\/","title":{"rendered":"Lake City Abogado de lesiones personales"},"content":{"rendered":"<p>Nuestros abogados de lesiones personales en Lake City ayudan a las v\u00edctimas a buscar compensaci\u00f3n despu\u00e9s de un accidente o lesi\u00f3n que fue el resultado de negligencia. Estos casos pueden ser presentados en un tribunal civil o fuera de la corte de acuerdo con los t\u00e9rminos de un acuerdo.<\/p>\n<p>Los casos de lesiones personales pueden variar en cuanto a las opciones para que una persona se lastime. Los casos m\u00e1s comunes de lesiones personales incluyen lesiones por accidentes automovil\u00edsticos, as\u00ed como reclamaciones por negligencia m\u00e9dica. reclamaciones de responsabilidad de locales (tales como resbalones y ca\u00eddas) y los casos de responsabilidad de productos y casos de lesiones en el lugar de trabajo.<\/p>\n<p>El equipo de Florida Abogados 360 tiene una gran experiencia en el manejo de asuntos relacionados con la indemnizaci\u00f3n de los trabajadores, accidentes automovil\u00edsticos, lesiones personales, as\u00ed como accidente de coche.<\/p>\n<p>Si usted ha sido lesionado debido a la negligencia de otra persona, p\u00f3ngase en contacto con nuestro bufete de abogados de lesiones personales de Lake City para programar una consulta inicial gratuita.<\/p>\n\t\t<div data-elementor-type=\"section\" data-elementor-id=\"208\" class=\"elementor elementor-208\" data-elementor-post-type=\"elementor_library\">\n\t\t\t\t\t<section class=\"elementor-section elementor-top-section elementor-element elementor-element-485e576a elementor-section-boxed elementor-section-height-default elementor-section-height-default\" data-id=\"485e576a\" data-element_type=\"section\" data-e-type=\"section\">\n\t\t\t\t\t\t<div class=\"elementor-container elementor-column-gap-default\">\n\t\t\t\t\t<div class=\"elementor-column elementor-col-100 elementor-top-column elementor-element elementor-element-635c38c0\" data-id=\"635c38c0\" data-element_type=\"column\" data-e-type=\"column\">\n\t\t\t<div class=\"elementor-widget-wrap elementor-element-populated\">\n\t\t\t\t\t\t<div class=\"elementor-element elementor-element-3ba95c8a elementor-toc--minimized-on-tablet elementor-widget elementor-widget-table-of-contents\" data-id=\"3ba95c8a\" data-element_type=\"widget\" data-e-type=\"widget\" data-settings=\"{&quot;exclude_headings_by_selector&quot;:&quot;.toc-remove&quot;,&quot;headings_by_tags&quot;:[&quot;h2&quot;,&quot;h3&quot;],&quot;marker_view&quot;:&quot;numbers&quot;,&quot;no_headings_message&quot;:&quot;No se ha encontrado ning\\u00fan encabezado en esta p\\u00e1gina.&quot;,&quot;minimize_box&quot;:&quot;yes&quot;,&quot;minimized_on&quot;:&quot;tablet&quot;,&quot;hierarchical_view&quot;:&quot;yes&quot;,&quot;min_height&quot;:{&quot;unit&quot;:&quot;px&quot;,&quot;size&quot;:&quot;&quot;,&quot;sizes&quot;:[]},&quot;min_height_tablet&quot;:{&quot;unit&quot;:&quot;px&quot;,&quot;size&quot;:&quot;&quot;,&quot;sizes&quot;:[]},&quot;min_height_mobile&quot;:{&quot;unit&quot;:&quot;px&quot;,&quot;size&quot;:&quot;&quot;,&quot;sizes&quot;:[]}}\" data-widget_type=\"table-of-contents.default\">\n\t\t\t\t\t\t\t\t\t<div class=\"elementor-toc__header\">\n\t\t\t\t\t\t<div class=\"elementor-toc__header-title\">\n\t\t\t\tTable of Contents\t\t\t<\/div>\n\t\t\t\t\t\t\t\t\t\t<div class=\"elementor-toc__toggle-button elementor-toc__toggle-button--expand\" role=\"button\" tabindex=\"0\" aria-controls=\"elementor-toc__3ba95c8a\" aria-expanded=\"true\" aria-label=\"Abrir la tabla de contenidos\"><svg aria-hidden=\"true\" class=\"e-font-icon-svg e-fas-chevron-down\" viewBox=\"0 0 448 512\" xmlns=\"http:\/\/www.w3.org\/2000\/svg\"><path d=\"M207.029 381.476L12.686 187.132c-9.373-9.373-9.373-24.569 0-33.941l22.667-22.667c9.357-9.357 24.522-9.375 33.901-.04L224 284.505l154.745-154.021c9.379-9.335 24.544-9.317 33.901.04l22.667 22.667c9.373 9.373 9.373 24.569 0 33.941L240.971 381.476c-9.373 9.372-24.569 9.372-33.942 0z\"><\/path><\/svg><\/div>\n\t\t\t\t<div class=\"elementor-toc__toggle-button elementor-toc__toggle-button--collapse\" role=\"button\" tabindex=\"0\" aria-controls=\"elementor-toc__3ba95c8a\" aria-expanded=\"true\" aria-label=\"Cerrar la tabla de contenidos\"><svg aria-hidden=\"true\" class=\"e-font-icon-svg e-fas-chevron-up\" viewBox=\"0 0 448 512\" xmlns=\"http:\/\/www.w3.org\/2000\/svg\"><path d=\"M240.971 130.524l194.343 194.343c9.373 9.373 9.373 24.569 0 33.941l-22.667 22.667c-9.357 9.357-24.522 9.375-33.901.04L224 227.495 69.255 381.516c-9.379 9.335-24.544 9.317-33.901-.04l-22.667-22.667c-9.373-9.373-9.373-24.569 0-33.941L207.03 130.525c9.372-9.373 24.568-9.373 33.941-.001z\"><\/path><\/svg><\/div>\n\t\t\t\t\t<\/div>\n\t\t\t\t<div id=\"elementor-toc__3ba95c8a\" class=\"elementor-toc__body\">\n\t\t\t<div class=\"elementor-toc__spinner-container\">\n\t\t\t\t<svg class=\"elementor-toc__spinner eicon-animation-spin e-font-icon-svg e-eicon-loading\" aria-hidden=\"true\" viewBox=\"0 0 1000 1000\" xmlns=\"http:\/\/www.w3.org\/2000\/svg\"><path d=\"M500 975V858C696 858 858 696 858 500S696 142 500 142 142 304 142 500H25C25 237 238 25 500 25S975 237 975 500 763 975 500 975Z\"><\/path><\/svg>\t\t\t<\/div>\n\t\t<\/div>\n\t\t\t\t\t\t<\/div>\n\t\t\t\t\t<\/div>\n\t\t<\/div>\n\t\t\t\t\t<\/div>\n\t\t<\/section>\n\t\t\t\t<\/div>\n\t\t\n<h2>\u00bfQu\u00e9 tan pronto debe ponerse en contacto con un abogado de lesiones personales de Lake City?<\/h2>\n<p>La respuesta r\u00e1pida es actuar de inmediato. Es vital si usted ha sido lesionado en una situaci\u00f3n de lesiones personales en la Florida para tomar medidas tan pronto como sea posible. Las razones son muchas. La m\u00e1s importante es que un abogado de lesiones personales de Lake City tiene la experiencia le ayudar\u00e1 a presentar una reclamaci\u00f3n tan pronto como sea posible.<\/p>\n<p>Se necesita tiempo para compilar los registros m\u00e9dicos, obtener declaraciones de testigos, as\u00ed como investigar lo que llev\u00f3 a las circunstancias del accidente. Su abogado debe ser paciente. Es crucial hacer el trabajo con rapidez, ya que las pruebas tienden a desaparecer.<\/p>\n<p>Su abogado debe empezar a buscar inmediatamente para asegurarse de que los testigos, fotos o v\u00eddeos pueden ser descubiertos y guardados. Es m\u00e1s probable cuanto m\u00e1s espere.<\/p>\n<p>La prescripci\u00f3n es algo que no debe preocuparte si no es tu intenci\u00f3n reaccionar con la suficiente rapidez. Su abogado ser\u00e1 capaz de hacer un seguimiento del caso y de los plazos.<\/p>\n<p>Tambi\u00e9n se asegurar\u00e1 de que los plazos se cumplan con tiempo suficiente. Esto le quitar\u00e1 un peso de encima.<\/p>\n<p><a href=\"https:\/\/floridalawyers360.com\/wp-content\/uploads\/2024\/02\/lake-city-personal-injury1-copy.webp\"><img fetchpriority=\"high\" decoding=\"async\" class=\"alignnone size-full wp-image-2894\" src=\"https:\/\/floridalawyers360.com\/wp-content\/uploads\/2024\/02\/lake-city-personal-injury1-copy.webp\" alt=\"Lake City Personal Injury Lawyer\" width=\"500\" height=\"334\" srcset=\"https:\/\/floridalawyers360.com\/wp-content\/uploads\/2024\/02\/lake-city-personal-injury1-copy.webp 500w, https:\/\/floridalawyers360.com\/wp-content\/uploads\/2024\/02\/lake-city-personal-injury1-copy-300x200.webp 300w\" sizes=\"(max-width: 500px) 100vw, 500px\" \/><\/a><\/p>\n<h2>\u00bfC\u00f3mo se determina la responsabilidad en el caso de una lesi\u00f3n personal?<\/h2>\n<p>Su abogado de lesiones personales de Lake City debe establecer cuatro elementos de negligencia para poder responsabilizar a la parte culpable y recuperar la indemnizaci\u00f3n.<\/p>\n<ul>\n<li><strong>Deber de cuidado<\/strong>: la parte culpable tiene la obligaci\u00f3n de protegerse de las lesiones. Por ejemplo, los conductores tienen el deber de obedecer las leyes de tr\u00e1fico.<\/li>\n<li><strong>Incumplimiento del debe<\/strong>r: la parte responsable no cumpli\u00f3 la obligaci\u00f3n de cuidado.<\/li>\n<li><strong>Causalidad<\/strong>: Su acto negligente provoc\u00f3 la lesi\u00f3n.<\/li>\n<li><strong>Da\u00f1os y perjuicios<\/strong>: Usted ha sufrido da\u00f1os como p\u00e9rdidas econ\u00f3micas y dolor.<\/li>\n<\/ul>\n<h2>\u00bfTengo derecho a presentar una demanda aunque sea parcialmente culpable del accidente?<\/h2>\n<p>Los casos de accidentes personales pueden ser complejos. En algunos casos, la v\u00edctima es 100% responsable y el otro tiene toda la culpa. Sin embargo, no siempre es as\u00ed.<\/p>\n<p>En ciertos estados, esto puede causar serios problemas a los que sufren lesiones personales, con sus reclamaciones de indemnizaci\u00f3n rechazadas por el tribunal. Por ejemplo, en un estado como Carolina del Norte, si se considera que un demandante s\u00f3lo es responsable en un 1 por ciento del incidente que provoc\u00f3 sus lesiones, toda la demanda ser\u00e1 desestimada por el tribunal.<\/p>\n<p>Afortunadamente, no es as\u00ed como se hacen las cosas en Florida. Esto se debe al hecho de que Florida es uno de los 13 estados que han adoptado un sistema de derecho basado en la negligencia comparativa. Esto significa que cualquier persona es capaz de hacer valer una reclamaci\u00f3n contra otro individuo, incluso si es al menos parcialmente responsable del incidente.<\/p>\n<p>Un ejemplo de esto es en el caso de un accidente automovil\u00edstico que fue que fue causado por un conductor desconsiderado, r\u00e1pido, sin embargo, la v\u00edctima se encontr\u00f3 que se han convertido hacia el conductor en ausencia de una se\u00f1al de giro de funcionamiento.<\/p>\n<p>El jurado podr\u00eda decidir que la v\u00edctima es responsable del 10% del siniestro y delegar el 90% de la culpa en el otro conductor. Si el jurado determina que el caso tiene un valor de 100.000 d\u00f3lares, se indemnizar\u00eda al demandante con 90.000 d\u00f3lares, y su parte de responsabilidad se reducir\u00eda en la cuant\u00eda de los da\u00f1os concedidos.<\/p>\n<h2>Negligencia Comparativa Pura<\/h2>\n<p>No s\u00f3lo es cierto que Florida permite a una persona que es responsable de algunas de sus lesiones para presentar una demanda por da\u00f1os y perjuicios, pero el estado tambi\u00e9n da un paso m\u00e1s all\u00e1 y permite a una persona demandar incluso cuando son m\u00e1s responsables que la otra persona.<\/p>\n<p>Florida es un sistema de negligencia comparativa pura que permite al demandante reclamar da\u00f1os y perjuicios aunque sea 100% responsable.<\/p>\n<p>Es crucial tener en cuenta que en estas circunstancias la cantidad que una persona puede recuperar se ver\u00e1 reducida por su grado de culpa. Es imprescindible contratar a un abogado de lesiones personales competente que sea capaz de gestionar su caso.<\/p>\n<p><a href=\"https:\/\/floridalawyers360.com\/wp-content\/uploads\/2024\/02\/lake-city-personal-injury2-copy.webp\"><img decoding=\"async\" class=\"alignnone size-full wp-image-2893\" src=\"https:\/\/floridalawyers360.com\/wp-content\/uploads\/2024\/02\/lake-city-personal-injury2-copy.webp\" alt=\"How much is my personal injury case worth\" width=\"500\" height=\"334\" srcset=\"https:\/\/floridalawyers360.com\/wp-content\/uploads\/2024\/02\/lake-city-personal-injury2-copy.webp 500w, https:\/\/floridalawyers360.com\/wp-content\/uploads\/2024\/02\/lake-city-personal-injury2-copy-300x200.webp 300w\" sizes=\"(max-width: 500px) 100vw, 500px\" \/><\/a><\/p>\n<h2>\u00bfCu\u00e1nto vale mi reclamaci\u00f3n por da\u00f1os personales?<\/h2>\n<p>Aunque es una pregunta frecuente, no se puede responder sin conocer los detalles de su caso concreto. Esto se debe a que no existe una f\u00f3rmula espec\u00edfica para determinar cu\u00e1nto vale una reclamaci\u00f3n por lesiones.<\/p>\n<p>Hay muchos factores que influyen en la cantidad que obtendr\u00e1 como resultado, y siempre es mejor hablar con un abogado profesional de lesiones personales sobre el caso espec\u00edfico que tiene.<\/p>\n<h2>\u00bfQu\u00e9 da\u00f1os y perjuicios puedo reclamar en una demanda por lesiones personales?<\/h2>\n<p>En funci\u00f3n de los hechos de cada caso, es probable que las v\u00edctimas reciban uno de estos tres tipos de indemnizaci\u00f3n.<\/p>\n<h3>Da\u00f1os econ\u00f3micos<\/h3>\n<p>Son los que se pueden sumar y restar, es decir, los da\u00f1os claros y tangibles. Ejemplos de este tipo de da\u00f1os son las facturas del hospital y del m\u00e9dico, los gastos de rehabilitaci\u00f3n, los da\u00f1os materiales y las bajas laborales, etc.<\/p>\n<h3>Da\u00f1os no econ\u00f3micos<\/h3>\n<p>Los da\u00f1os no econ\u00f3micos, por el contrario, no se calculan econ\u00f3micamente. Incluyen el sufrimiento y el dolor, y tambi\u00e9n la disminuci\u00f3n del potencial de ingresos. Son cosas que pueden ser dif\u00edciles de valorar, por lo que es habitual que las partes en un pleito por lesiones discutan sobre ellas.<\/p>\n<h3>Da\u00f1os punitivos<\/h3>\n<p>Los da\u00f1os punitivos no pretenden compensar a las v\u00edctimas, a diferencia de los otros tipos de da\u00f1os. S\u00f3lo pueden utilizarse para penalizar a la parte responsable en casos espec\u00edficos de negligencia involuntaria o grave.<\/p>\n<h2>\u00bfQuiere aceptar la oferta de liquidaci\u00f3n inicial?<\/h2>\n<p>Muchas reclamaciones no van a un juez. Los abogados de lesiones personales de Lake City son expertos en trabajar con las compa\u00f1\u00edas de seguros para llegar a un acuerdo equitativo. Esto puede ahorrar tiempo y dinero.<\/p>\n<p>Aunque cada caso es \u00fanico, generalmente es una mala idea aceptar cualquier oferta de acuerdo. Ofertas de liquidaci\u00f3n son generalmente dise\u00f1ados con el entendimiento de que la otra parte se opondr\u00e1 y por lo general son m\u00e1s bajos. Esto permite negociar al alza.<\/p>\n<p>Otro problema con apresurarse a aceptar una oferta antes de tiempo es que usted puede resolver una disputa antes de que usted es consciente de la gravedad de sus lesiones. Esto puede conducir a lesiones graves cuando usted resuelve un caso sin embargo m\u00e1s tarde se da cuenta de que requiere tratamiento m\u00e9dico adicional.<\/p>\n<p>El cliente es responsable de los gastos si se ha llegado a un acuerdo. En este sentido, es importante contar con un abogado experto en lesiones personales de Lake City para evaluar su caso, as\u00ed como cualquier oferta de liquidaci\u00f3n.<\/p>\n<p>Nuestros abogados de lesiones personales de Lake City tienen el conocimiento y la experiencia para evaluar si el acuerdo es justo. Tambi\u00e9n le ayudar\u00e1n a decidir si aceptar la oferta tiene sentido.<\/p>\n<h2>\u00bfCu\u00e1l es el plazo para presentar una demanda por lesiones personales en Florida?<\/h2>\n<p>Es crucial ser puntual a la hora de presentar demandas por lesiones personales en Florida. Esto se debe a que el estatuto de limitaci\u00f3n establece la fecha l\u00edmite para que los demandantes presenten demandas. En Florida, las personas que sufren lesiones personales disponen de cuatro a\u00f1os desde el momento del incidente para presentar una demanda contra la persona responsable.<\/p>\n<p>El plazo puede variar en funci\u00f3n de las circunstancias espec\u00edficas y del tipo de lesi\u00f3n. En los casos de homicidio culposo, la familia de la v\u00edctima s\u00f3lo dispone de dos a\u00f1os para presentar una demanda.<\/p>\n<p><a href=\"https:\/\/floridalawyers360.com\/wp-content\/uploads\/2024\/02\/lake-city-personal-injury3-copy.webp\"><img decoding=\"async\" class=\"alignnone size-full wp-image-2892\" src=\"https:\/\/floridalawyers360.com\/wp-content\/uploads\/2024\/02\/lake-city-personal-injury3-copy.webp\" alt=\"Filing a personal injury claim\" width=\"500\" height=\"334\" srcset=\"https:\/\/floridalawyers360.com\/wp-content\/uploads\/2024\/02\/lake-city-personal-injury3-copy.webp 500w, https:\/\/floridalawyers360.com\/wp-content\/uploads\/2024\/02\/lake-city-personal-injury3-copy-300x200.webp 300w\" sizes=\"(max-width: 500px) 100vw, 500px\" \/><\/a><\/p>\n<h2>\u00bfQu\u00e9 ocurre si prescribe el delito?<\/h2>\n<p>Los estatutos de limitaciones son importantes y tienen una raz\u00f3n para asegurar que los individuos no son capaces de presentar demandas por a\u00f1os o incluso d\u00e9cadas m\u00e1s tarde que el incidente que caus\u00f3 la limitaci\u00f3n.<\/p>\n<p>Si usted espera hasta despu\u00e9s de que el estatuto de limitaciones expire, entonces su reclamo es rechazado por la corte, no importa que tan s\u00f3lido sea su caso. La buena noticia es que el estatuto de limitaciones s\u00f3lo requiere que su reclamo sea presentado, no que sea completado dentro del per\u00edodo de tiempo asignado.<\/p>\n<h2>P\u00f3ngase en contacto con un bufete de abogados de lesiones personales de Florida<\/h2>\n<p>Si usted ha sido lesionado por la negligencia de las acciones imprudentes de otro, nuestro equipo en Florida Lawyers 360 est\u00e1 aqu\u00ed para ayudarle. Nos esforzamos por ofrecer resultados sobresalientes, atenci\u00f3n personalizada y un compromiso inflexible con la integridad.<\/p>\n<p>Puede contactarnos a cualquier hora del d\u00eda. Cont\u00e1ctenos para una revisi\u00f3n gratuita de su caso.<\/p>\n","protected":false},"excerpt":{"rendered":"<p>Nuestros abogados de lesiones personales en Lake City ayudan a las v\u00edctimas a buscar compensaci\u00f3n despu\u00e9s de un accidente o lesi\u00f3n que fue el resultado de negligencia. Estos casos pueden ser presentados en un tribunal civil o fuera de la corte de acuerdo con los t\u00e9rminos de un acuerdo. Los casos de lesiones personales pueden [&hellip;]<\/p>\n","protected":false},"author":22,"featured_media":0,"parent":5833,"menu_order":0,"comment_status":"closed","ping_status":"closed","template":"","meta":{"_acf_changed":false,"anchor_text":"","footnotes":""},"categories":[],"tags":[],"class_list":["post-5841","page","type-page","status-publish","hentry"],"acf":[],"_links":{"self":[{"href":"https:\/\/floridalawyers360.com\/es\/wp-json\/wp\/v2\/pages\/5841","targetHints":{"allow":["GET"]}}],"collection":[{"href":"https:\/\/floridalawyers360.com\/es\/wp-json\/wp\/v2\/pages"}],"about":[{"href":"https:\/\/floridalawyers360.com\/es\/wp-json\/wp\/v2\/types\/page"}],"author":[{"embeddable":true,"href":"https:\/\/floridalawyers360.com\/es\/wp-json\/wp\/v2\/users\/22"}],"replies":[{"embeddable":true,"href":"https:\/\/floridalawyers360.com\/es\/wp-json\/wp\/v2\/comments?post=5841"}],"version-history":[{"count":3,"href":"https:\/\/floridalawyers360.com\/es\/wp-json\/wp\/v2\/pages\/5841\/revisions"}],"predecessor-version":[{"id":5844,"href":"https:\/\/floridalawyers360.com\/es\/wp-json\/wp\/v2\/pages\/5841\/revisions\/5844"}],"up":[{"embeddable":true,"href":"https:\/\/floridalawyers360.com\/es\/wp-json\/wp\/v2\/pages\/5833"}],"wp:attachment":[{"href":"https:\/\/floridalawyers360.com\/es\/wp-json\/wp\/v2\/media?parent=5841"}],"wp:term":[{"taxonomy":"category","embeddable":true,"href":"https:\/\/floridalawyers360.com\/es\/wp-json\/wp\/v2\/categories?post=5841"},{"taxonomy":"post_tag","embeddable":true,"href":"https:\/\/floridalawyers360.com\/es\/wp-json\/wp\/v2\/tags?post=5841"}],"curies":[{"name":"wp","href":"https:\/\/api.w.org\/{rel}","templated":true}]}}