{"id":5837,"date":"2024-02-14T09:24:56","date_gmt":"2024-02-14T14:24:56","guid":{"rendered":"https:\/\/floridalawyers360.com\/lake-city\/lake-city-car-accident-lawyer\/"},"modified":"2024-03-12T07:48:56","modified_gmt":"2024-03-12T12:48:56","slug":"lake-city-abogado-de-accidentes-de-trafico","status":"publish","type":"page","link":"https:\/\/floridalawyers360.com\/es\/lake-city\/lake-city-abogado-de-accidentes-de-trafico\/","title":{"rendered":"Lake City Abogado de accidentes de tr\u00e1fico"},"content":{"rendered":"<p>Si usted ha estado en un accidente automovil\u00edstico en Lake City o ha sufrido lesiones personales en el transcurso de un accidente, es posible que no sea consciente de que necesita un abogado de accidentes automovil\u00edsticos en Lake City. Es posible que usted sienta que est\u00e1 en condiciones de hacerse cargo del caso por su cuenta.<\/p>\n<p>Mientras que usted puede manejar el caso por s\u00ed mismo sin embargo, usted estar\u00e1 perdiendo muchos beneficios de la contrataci\u00f3n de un abogado de Lake City que maneja los accidentes de coche para usted.<\/p>\n<p>Un abogado de accidentes automovil\u00edsticos en Florida es un experto en esta \u00e1rea. Los abogados son entrenados durante a\u00f1os en la escuela de derecho, seguido con la pr\u00e1ctica de la vida real, el manejo de docenas o cientos de casos similares.<\/p>\n<p>Este tipo de experiencia es extremadamente dif\u00edcil de replicar y tiene enormes beneficios, como conocer las complejidades del intrincado proceso con el que trabajan los abogados de lesiones personales.<\/p>\n<p>Contratar a un bufete de lesiones personales de buena reputaci\u00f3n y hablar con un buen abogado de accidentes automovil\u00edsticos de Lake City podr\u00eda ser extremadamente beneficioso. Sin embargo, usted debe considerar fuertemente tener un abogado con experiencia que es capaz de tomar parte del peso de sus hombros.<\/p>\n<p>Un abogado experimentado en accidentes automovil\u00edsticos de Lake City le ayudar\u00e1 a lo largo del proceso sin necesidad de estar pendiente de los plazos, presentar documentos, responder a consultas y manejar a los ajustadores de seguros y aseguradoras.<\/p>\n<p>Contratar a un abogado de lesiones personales de Lake City significa que una parte externa es responsable de organizar todos los aspectos del proceso de reclamaci\u00f3n, lo que le permite sanar del accidente y seguir adelante con su vida.<\/p>\n\t\t<div data-elementor-type=\"section\" data-elementor-id=\"208\" class=\"elementor elementor-208\" data-elementor-post-type=\"elementor_library\">\n\t\t\t\t\t<section class=\"elementor-section elementor-top-section elementor-element elementor-element-485e576a elementor-section-boxed elementor-section-height-default elementor-section-height-default\" data-id=\"485e576a\" data-element_type=\"section\" data-e-type=\"section\">\n\t\t\t\t\t\t<div class=\"elementor-container elementor-column-gap-default\">\n\t\t\t\t\t<div class=\"elementor-column elementor-col-100 elementor-top-column elementor-element elementor-element-635c38c0\" data-id=\"635c38c0\" data-element_type=\"column\" data-e-type=\"column\">\n\t\t\t<div class=\"elementor-widget-wrap elementor-element-populated\">\n\t\t\t\t\t\t<div class=\"elementor-element elementor-element-3ba95c8a elementor-toc--minimized-on-tablet elementor-widget elementor-widget-table-of-contents\" data-id=\"3ba95c8a\" data-element_type=\"widget\" data-e-type=\"widget\" data-settings=\"{&quot;exclude_headings_by_selector&quot;:&quot;.toc-remove&quot;,&quot;headings_by_tags&quot;:[&quot;h2&quot;,&quot;h3&quot;],&quot;marker_view&quot;:&quot;numbers&quot;,&quot;no_headings_message&quot;:&quot;No headings were found on this page.&quot;,&quot;minimize_box&quot;:&quot;yes&quot;,&quot;minimized_on&quot;:&quot;tablet&quot;,&quot;hierarchical_view&quot;:&quot;yes&quot;,&quot;min_height&quot;:{&quot;unit&quot;:&quot;px&quot;,&quot;size&quot;:&quot;&quot;,&quot;sizes&quot;:[]},&quot;min_height_tablet&quot;:{&quot;unit&quot;:&quot;px&quot;,&quot;size&quot;:&quot;&quot;,&quot;sizes&quot;:[]},&quot;min_height_mobile&quot;:{&quot;unit&quot;:&quot;px&quot;,&quot;size&quot;:&quot;&quot;,&quot;sizes&quot;:[]}}\" data-widget_type=\"table-of-contents.default\">\n\t\t\t\t\t\t\t\t\t<div class=\"elementor-toc__header\">\n\t\t\t\t\t\t<div class=\"elementor-toc__header-title\">\n\t\t\t\tTable of Contents\t\t\t<\/div>\n\t\t\t\t\t\t\t\t\t\t<div class=\"elementor-toc__toggle-button elementor-toc__toggle-button--expand\" role=\"button\" tabindex=\"0\" aria-controls=\"elementor-toc__3ba95c8a\" aria-expanded=\"true\" aria-label=\"Open table of contents\"><svg aria-hidden=\"true\" class=\"e-font-icon-svg e-fas-chevron-down\" viewBox=\"0 0 448 512\" xmlns=\"http:\/\/www.w3.org\/2000\/svg\"><path d=\"M207.029 381.476L12.686 187.132c-9.373-9.373-9.373-24.569 0-33.941l22.667-22.667c9.357-9.357 24.522-9.375 33.901-.04L224 284.505l154.745-154.021c9.379-9.335 24.544-9.317 33.901.04l22.667 22.667c9.373 9.373 9.373 24.569 0 33.941L240.971 381.476c-9.373 9.372-24.569 9.372-33.942 0z\"><\/path><\/svg><\/div>\n\t\t\t\t<div class=\"elementor-toc__toggle-button elementor-toc__toggle-button--collapse\" role=\"button\" tabindex=\"0\" aria-controls=\"elementor-toc__3ba95c8a\" aria-expanded=\"true\" aria-label=\"Close table of contents\"><svg aria-hidden=\"true\" class=\"e-font-icon-svg e-fas-chevron-up\" viewBox=\"0 0 448 512\" xmlns=\"http:\/\/www.w3.org\/2000\/svg\"><path d=\"M240.971 130.524l194.343 194.343c9.373 9.373 9.373 24.569 0 33.941l-22.667 22.667c-9.357 9.357-24.522 9.375-33.901.04L224 227.495 69.255 381.516c-9.379 9.335-24.544 9.317-33.901-.04l-22.667-22.667c-9.373-9.373-9.373-24.569 0-33.941L207.03 130.525c9.372-9.373 24.568-9.373 33.941-.001z\"><\/path><\/svg><\/div>\n\t\t\t\t\t<\/div>\n\t\t\t\t<div id=\"elementor-toc__3ba95c8a\" class=\"elementor-toc__body\">\n\t\t\t<div class=\"elementor-toc__spinner-container\">\n\t\t\t\t<svg class=\"elementor-toc__spinner eicon-animation-spin e-font-icon-svg e-eicon-loading\" aria-hidden=\"true\" viewBox=\"0 0 1000 1000\" xmlns=\"http:\/\/www.w3.org\/2000\/svg\"><path d=\"M500 975V858C696 858 858 696 858 500S696 142 500 142 142 304 142 500H25C25 237 238 25 500 25S975 237 975 500 763 975 500 975Z\"><\/path><\/svg>\t\t\t<\/div>\n\t\t<\/div>\n\t\t\t\t\t\t<\/div>\n\t\t\t\t\t<\/div>\n\t\t<\/div>\n\t\t\t\t\t<\/div>\n\t\t<\/section>\n\t\t\t\t<\/div>\n\t\t\n<h2>\u00bfQu\u00e9 se puede hacer tras un accidente de tr\u00e1fico?<\/h2>\n<p>Los bufetes de abogados de lesiones personales manejan accidentes automovil\u00edsticos sobre una base diaria. Como ver\u00e1, los accidentes ocurren en todo el estado de Florida.<\/p>\n<p>Antes de ponerse en contacto con un abogado de accidentes automovil\u00edsticos en Lake City, usted necesita decidir si desea buscar atenci\u00f3n m\u00e9dica en caso de que haya estado involucrado en un accidente automovil\u00edstico en Lake City, FL.<\/p>\n<p>Si el incidente fue en alg\u00fan momento grave y usted tiene incluso la m\u00e1s m\u00ednima posibilidad de ser herido de alguna manera, es esencial buscar inmediatamente tratamiento m\u00e9dico. Esto es de vital importancia debido a una serie de razones.<\/p>\n<p>La primera es que buscar tratamiento r\u00e1pido puede aumentar tus posibilidades de evitar lesiones y recuperarte m\u00e1s r\u00e1pidamente. Adem\u00e1s, puede registrar las lesiones que sufra inmediatamente y crea un rastro de papel que puede ser \u00fatil m\u00e1s adelante.<\/p>\n<p>Por \u00faltimo, evita que la otra parte o la compa\u00f1\u00eda de seguros de la otra parte aleguen que tus lesiones se produjeron m\u00e1s tarde o que fueron consecuencia de algo distinto al accidente de tr\u00e1fico.<\/p>\n<p>Incluso si tu accidente no fue lo suficientemente grave como para justificar una visita al m\u00e9dico, hay medidas que puedes tomar para prepararte para una posible futura reclamaci\u00f3n por accidente de tr\u00e1fico. El primer paso es intercambiar los datos de contacto y del seguro con el otro conductor.<\/p>\n<p>Es esencial intercambiar informaci\u00f3n de contacto y del seguro con el otro conductor.<\/p>\n<p>Esto permitir\u00e1 a la compa\u00f1\u00eda de seguros que usted tiene que presentar un informe de lesiones que permitir\u00e1 que tanto usted como su abogado para saber a qui\u00e9n contactar. Tambi\u00e9n es importante recoger la informaci\u00f3n de contacto de cualquier persona que pudiera estar presente en el momento del incidente.<\/p>\n<p>Pueden ser de ayuda m\u00e1s adelante si hay una disputa sobre lo sucedido.<\/p>\n<p>Si puedes, fotograf\u00eda ambos veh\u00edculos y el lugar del accidente. Anota toda la informaci\u00f3n que se te ocurra lo antes posible despu\u00e9s del accidente.<\/p>\n<p>Si el conductor del otro veh\u00edculo estaba distra\u00eddo o hablando por el m\u00f3vil o si iba a gran velocidad o si hac\u00eda mal tiempo, todos estos detalles pueden ser relevantes m\u00e1s adelante, pero pueden olvidarse f\u00e1cilmente tras el ajetreo de un accidente.<\/p>\n<p>Es una buena idea anotar tantos detalles como sea posible despu\u00e9s de un accidente.<\/p>\n<p><a href=\"https:\/\/floridalawyers360.com\/wp-content\/uploads\/2024\/02\/lake-city-car-acc1-copy.webp\"><img fetchpriority=\"high\" decoding=\"async\" class=\"alignnone size-full wp-image-2889\" src=\"https:\/\/floridalawyers360.com\/wp-content\/uploads\/2024\/02\/lake-city-car-acc1-copy.webp\" alt=\"Contact our Lake City Car Accident Lawyers today\" width=\"500\" height=\"334\" srcset=\"https:\/\/floridalawyers360.com\/wp-content\/uploads\/2024\/02\/lake-city-car-acc1-copy.webp 500w, https:\/\/floridalawyers360.com\/wp-content\/uploads\/2024\/02\/lake-city-car-acc1-copy-300x200.webp 300w\" sizes=\"(max-width: 500px) 100vw, 500px\" \/><\/a><\/p>\n<h2>Las fotos son cruciales para un abogado de accidente de auto Lake City<\/h2>\n<p>Mucha gente cree que las fotos valen m\u00e1s que 1000 palabras o m\u00e1s. Si el accidente es debatido m\u00e1s tarde, y tal vez la otra parte afirma que no era tan grave como usted piensa, las fotos pueden ser una gran soluci\u00f3n para poner fin a la discusi\u00f3n.<\/p>\n<p>Una fotograf\u00eda de un veh\u00edculo aplastado puede dar al juez o al jurado los detalles que necesitan para saber la gravedad del accidente. Las fotograf\u00edas tambi\u00e9n pueden ser extremadamente \u00fatiles para probar la gravedad de las lesiones, permitiendo a la gente saber inmediatamente y sin largos detalles hasta qu\u00e9 punto una persona result\u00f3 herida.<\/p>\n<p>Si puede, intente tomar algunas fotos del incidente para mostr\u00e1rselas m\u00e1s tarde a su abogado de accidentes de coche en Lake City. Fotograf\u00ede el coche con su smartphone o c\u00e1mara y tome fotos a medida que avanza. Tambi\u00e9n es una buena idea tomar fotos de otros coches implicados en el accidente.<\/p>\n<p>Adem\u00e1s, puede capturar fotos generales de la escena. La seguridad es el factor m\u00e1s importante para preservar el lugar del accidente. No salgas de tu veh\u00edculo y hagas fotos en situaciones en las que no sea seguro hacerlo, ya que esto podr\u00eda empeorar mucho m\u00e1s un accidente que ya es malo.<\/p>\n<h2>\u00bfC\u00f3mo determina un abogado de lesiones personales de Lake City la culpa despu\u00e9s de un accidente de coche?<\/h2>\n<p>Es esencial saber que Florida trata los casos de accidentes automovil\u00edsticos de manera diferente a otros estados si usted est\u00e1 involucrado en un accidente relacionado con Lake City. De hecho, Florida es uno de los 12 estados que tienen leyes de seguro de auto sin culpa.<\/p>\n<p>Estas leyes se implementaron en la d\u00e9cada de 1970 para que sea m\u00e1s f\u00e1cil y m\u00e1s r\u00e1pido para cobrar los da\u00f1os resultantes de un accidente de coche.<\/p>\n<p>La ley obliga a todos los conductores de Florida a contratar un seguro de Protecci\u00f3n de Da\u00f1os Personales (tambi\u00e9n llamado \u00abPIP\u00bb, por sus siglas en ingl\u00e9s) que proporciona cobertura para gastos m\u00e9dicos, p\u00e9rdida de salarios, gastos funerarios y otros costes relacionados, independientemente de la persona responsable del accidente.<\/p>\n<p>Su compa\u00f1\u00eda de seguros debe cubrir sus p\u00e9rdidas independientemente de qui\u00e9n haya sido el responsable del accidente.<\/p>\n<p><a href=\"https:\/\/floridalawyers360.com\/wp-content\/uploads\/2024\/02\/lake-city-car-acc2-copy.webp\"><img decoding=\"async\" class=\"alignnone size-full wp-image-2888\" src=\"https:\/\/floridalawyers360.com\/wp-content\/uploads\/2024\/02\/lake-city-car-acc2-copy.webp\" alt=\"Injured in a car accident\" width=\"500\" height=\"334\" srcset=\"https:\/\/floridalawyers360.com\/wp-content\/uploads\/2024\/02\/lake-city-car-acc2-copy.webp 500w, https:\/\/floridalawyers360.com\/wp-content\/uploads\/2024\/02\/lake-city-car-acc2-copy-300x200.webp 300w\" sizes=\"(max-width: 500px) 100vw, 500px\" \/><\/a><\/p>\n<h2>\u00bfCu\u00e1les son los factores que afectan el valor de un accidente de coche?<\/h2>\n<p>Para todos los abogados de accidentes automovil\u00edsticos de Lake City esta es una pregunta com\u00fan, de hecho, a la mayor\u00eda de los abogados que representan a v\u00edctimas de accidentes automovil\u00edsticos, en general, se les har\u00e1 esta pregunta. Muchas v\u00edctimas de accidentes automovil\u00edsticos est\u00e1n interesadas en saber cu\u00e1l podr\u00eda ser el valor de su caso.<\/p>\n<p>Es dif\u00edcil responder a esta pregunta en t\u00e9rminos generales, ya que cada caso es \u00fanico.<\/p>\n<p>Dicho esto, hay algunas categor\u00edas de da\u00f1os que determinan el valor de un caso de accidente de coche y, la comprensi\u00f3n de los detalles de estas categor\u00edas permitir\u00e1 a un abogado para proporcionar una estimaci\u00f3n m\u00e1s precisa de lo que su caso podr\u00eda valer.<\/p>\n<p>Estos incluyen las facturas m\u00e9dicas anteriores y los gastos m\u00e9dicos futuros, el tiempo de baja laboral o p\u00e9rdida de salarios de la capacidad de ingresos futuros, el dolor y el sufrimiento.<\/p>\n<p>A la hora de determinar la cuant\u00eda de la indemnizaci\u00f3n a la que puede tener derecho, hay algunos factores que deben tenerse en cuenta.<\/p>\n<p>Entre ellos est\u00e1n sus lesiones y las circunstancias del accidente (\u00bffue el resultado de una negligencia o imprudencia, o se debi\u00f3 a una negligencia grave? ), su grado de culpabilidad en el accidente y su historial laboral y su capacidad para ganarse la vida, su estilo de vida e incluso sus expectativas vitales.<\/p>\n<p>Todos estos factores forman parte de la compleja mezcla de factores que se tienen en cuenta a la hora de decidir la cuant\u00eda de la indemnizaci\u00f3n a conceder en un caso de accidente de coche en Florida. Un abogado de accidentes automovil\u00edsticos en Lake City es un recurso invaluable.<\/p>\n<h2>\u00bfCu\u00e1l es el tiempo est\u00e1ndar que le toma a un abogado de Lake City resolver su caso?<\/h2>\n<p>Esta es otra pregunta dif\u00edcil de responder sin conocer los detalles de su caso en particular. Un abogado de accidentes automovil\u00edsticos de Lake City podr\u00eda no ser capaz de estimar el tiempo que se necesita para completarlo.<\/p>\n<p>Porque cada caso es diferente y se basar\u00e1 en las acciones que tome junto con los ajustadores de seguros, as\u00ed como la parte contraria. Hay una mir\u00edada de factores desconocidos que podr\u00edan retrasar su reclamaci\u00f3n o hacerla m\u00e1s dif\u00edcil de resolver.<\/p>\n<p>La mayor\u00eda de las reclamaciones por accidentes de tr\u00e1fico se resuelven en un par de meses. Sin embargo, pueden demorarse durante mucho tiempo cuando el caso va a juicio.<\/p>\n<h2>\u00bfQu\u00e9 sucede cuando un caso de accidente de coche se lleva a juicio?<\/h2>\n<p>Muchos creen que todos los casos de accidentes de coche ser\u00e1n escuchados por un juez y un jurado en un dram\u00e1tico encuentro en la sala del tribunal que algunas personas se ponen nerviosas y quieren evitar. La mejor parte de los casos de accidentes de coche en Lake City es que casi todos se resuelven antes del juicio.<\/p>\n<p>La negociaci\u00f3n es a menudo una forma de resolver las disputas, lo que puede ayudar a ambas partes a ahorrar tiempo y dinero.<\/p>\n<p>S\u00f3lo unas pocas reclamaciones tendr\u00e1n que ser presentadas ante el juez. Sin embargo, es imposible determinar qu\u00e9 reclamaciones ir\u00e1n a juicio.<\/p>\n<p>Esta es la raz\u00f3n por la que es crucial elegir un abogado de accidentes de coche en Lake City con el que se sienta c\u00f3modo, independientemente de si su disputa termina como un acuerdo negociado, o frente al juez.<\/p>\n<p><a href=\"https:\/\/floridalawyers360.com\/wp-content\/uploads\/2024\/02\/lake-city-car-acc3-copy.webp\"><img decoding=\"async\" class=\"alignnone size-full wp-image-2887\" src=\"https:\/\/floridalawyers360.com\/wp-content\/uploads\/2024\/02\/lake-city-car-acc3-copy.webp\" alt=\"Lake City Car Accident Lawyer\" width=\"500\" height=\"334\" srcset=\"https:\/\/floridalawyers360.com\/wp-content\/uploads\/2024\/02\/lake-city-car-acc3-copy.webp 500w, https:\/\/floridalawyers360.com\/wp-content\/uploads\/2024\/02\/lake-city-car-acc3-copy-300x200.webp 300w\" sizes=\"(max-width: 500px) 100vw, 500px\" \/><\/a><\/p>\n<h2>\u00bfCu\u00e1l es el tiempo necesario para presentar una demanda por accidente de coche en Lake City?<\/h2>\n<p>Es una realidad desafortunada que los que sufren de accidentes de coche no se les da tiempo ilimitado para recuperarse y sanar antes de decidir c\u00f3mo quieren manejar su situaci\u00f3n.<\/p>\n<p>La raz\u00f3n de esto es que las reclamaciones derivadas de accidentes de coche dependen de una ley estatal espec\u00edfica que limita el tiempo que una persona puede esperar antes de que sean incapaces de presentar una demanda por da\u00f1os y perjuicios.<\/p>\n<p>Esta ley se llama el estatuto de limitaciones y regula la longitud de tiempo que una persona se le permite presentar una demanda despu\u00e9s de que se lesionan.<\/p>\n<p>No existe un plazo de prescripci\u00f3n est\u00e1ndar. Var\u00eda en funci\u00f3n del lugar de residencia y del tipo de lesi\u00f3n. En Florida, las demandas por lesiones personales contra la parte responsable deben presentarse en un plazo de cuatro a\u00f1os a partir de la fecha de la lesi\u00f3n.<\/p>\n<p>Las personas tienen cuatro a\u00f1os despu\u00e9s de la fecha de la lesi\u00f3n para presentar reclamaciones sin seguro o con seguro insuficiente contra su propia compa\u00f1\u00eda de seguros. Para obtener m\u00e1s informaci\u00f3n sobre este tema, p\u00f3ngase en contacto con un abogado de Lake City para los accidentes de coche hoy.<\/p>\n<h2>Contacte hoy a un abogado de accidentes automovil\u00edsticos en Lake City, Florida<\/h2>\n<p>Si usted ha estado en un accidente, p\u00f3ngase en contacto con un abogado con experiencia en accidentes automovil\u00edsticos en Lake City en Florida Lawyers 360 para que revise y maneje su caso. Hay una serie de decisiones importantes que tomar en los pr\u00f3ximos meses.<\/p>\n","protected":false},"excerpt":{"rendered":"<p>Si usted ha estado en un accidente automovil\u00edstico en Lake City o ha sufrido lesiones personales en el transcurso de un accidente, es posible que no sea consciente de que necesita un abogado de accidentes automovil\u00edsticos en Lake City. Es posible que usted sienta que est\u00e1 en condiciones de hacerse cargo del caso por su [&hellip;]<\/p>\n","protected":false},"author":22,"featured_media":0,"parent":5833,"menu_order":0,"comment_status":"closed","ping_status":"closed","template":"","meta":{"_acf_changed":false,"anchor_text":"","footnotes":""},"categories":[],"tags":[],"class_list":["post-5837","page","type-page","status-publish","hentry"],"acf":[],"_links":{"self":[{"href":"https:\/\/floridalawyers360.com\/es\/wp-json\/wp\/v2\/pages\/5837","targetHints":{"allow":["GET"]}}],"collection":[{"href":"https:\/\/floridalawyers360.com\/es\/wp-json\/wp\/v2\/pages"}],"about":[{"href":"https:\/\/floridalawyers360.com\/es\/wp-json\/wp\/v2\/types\/page"}],"author":[{"embeddable":true,"href":"https:\/\/floridalawyers360.com\/es\/wp-json\/wp\/v2\/users\/22"}],"replies":[{"embeddable":true,"href":"https:\/\/floridalawyers360.com\/es\/wp-json\/wp\/v2\/comments?post=5837"}],"version-history":[{"count":3,"href":"https:\/\/floridalawyers360.com\/es\/wp-json\/wp\/v2\/pages\/5837\/revisions"}],"predecessor-version":[{"id":5840,"href":"https:\/\/floridalawyers360.com\/es\/wp-json\/wp\/v2\/pages\/5837\/revisions\/5840"}],"up":[{"embeddable":true,"href":"https:\/\/floridalawyers360.com\/es\/wp-json\/wp\/v2\/pages\/5833"}],"wp:attachment":[{"href":"https:\/\/floridalawyers360.com\/es\/wp-json\/wp\/v2\/media?parent=5837"}],"wp:term":[{"taxonomy":"category","embeddable":true,"href":"https:\/\/floridalawyers360.com\/es\/wp-json\/wp\/v2\/categories?post=5837"},{"taxonomy":"post_tag","embeddable":true,"href":"https:\/\/floridalawyers360.com\/es\/wp-json\/wp\/v2\/tags?post=5837"}],"curies":[{"name":"wp","href":"https:\/\/api.w.org\/{rel}","templated":true}]}}