{"id":5829,"date":"2024-02-14T09:02:29","date_gmt":"2024-02-14T14:02:29","guid":{"rendered":"https:\/\/floridalawyers360.com\/kissimmee\/workers-compensation-claim-process-in-kissimmee-fl\/"},"modified":"2024-03-12T06:44:34","modified_gmt":"2024-03-12T11:44:34","slug":"proceso-de-reclamo-de-compensacion-laboral-en-kissimmee-fl","status":"publish","type":"page","link":"https:\/\/floridalawyers360.com\/es\/kissimmee\/proceso-de-reclamo-de-compensacion-laboral-en-kissimmee-fl\/","title":{"rendered":"Proceso de Reclamo de Compensaci\u00f3n Laboral en Kissimmee"},"content":{"rendered":"<p>Presentar una reclamaci\u00f3n de indemnizaci\u00f3n por accidente laboral es uno de los procesos m\u00e1s complicados a los que una persona tiene que enfrentarse.<\/p>\n<p>El proceso de reclamaci\u00f3n puede ser dif\u00edcil de navegar por su cuenta. Usted puede no saber qu\u00e9 hacer y tambi\u00e9n puede terminar empeorando su proceso de recuperaci\u00f3n. Por eso recomendamos encarecidamente hablar con un abogado cualificado de la Coalici\u00f3n de Abogados de Compensaci\u00f3n de Trabajadores de Florida.<\/p>\n<p>Somos un bufete de abogados competente y nos aseguraremos de que se tomen las medidas adecuadas en cada paso del camino.<\/p>\n<div class=\"embed-container\"><iframe src=\"https:\/\/www.youtube.com\/embed\/u5r26AEGSEA\" frameborder=\"0\" allowfullscreen=\"allowfullscreen\"><\/iframe><\/div>\n<p>Nuestro equipo legal est\u00e1 cualificado, tiene buena reputaci\u00f3n y es de la zona.<\/p>\n<p>Esto es lo que nos hace los mejores en lo que hacemos. Nuestro objetivo siempre va a ser entender mejor lo que tiene que suceder para su caso y luego llegar a una soluci\u00f3n viable. Si eso es algo que le interesa, por favor, t\u00f3mese el tiempo para llegar a nosotros en [tel\u00e9fono].<\/p>\n<p>Vamos a establecer una consulta inicial para empezar las cosas.<\/p>\n<p><span style=\"font-weight: 400;\">\t\t<div data-elementor-type=\"section\" data-elementor-id=\"208\" class=\"elementor elementor-208\" data-elementor-post-type=\"elementor_library\">\n\t\t\t\t\t<section class=\"elementor-section elementor-top-section elementor-element elementor-element-485e576a elementor-section-boxed elementor-section-height-default elementor-section-height-default\" data-id=\"485e576a\" data-element_type=\"section\" data-e-type=\"section\">\n\t\t\t\t\t\t<div class=\"elementor-container elementor-column-gap-default\">\n\t\t\t\t\t<div class=\"elementor-column elementor-col-100 elementor-top-column elementor-element elementor-element-635c38c0\" data-id=\"635c38c0\" data-element_type=\"column\" data-e-type=\"column\">\n\t\t\t<div class=\"elementor-widget-wrap elementor-element-populated\">\n\t\t\t\t\t\t<div class=\"elementor-element elementor-element-3ba95c8a elementor-toc--minimized-on-tablet elementor-widget elementor-widget-table-of-contents\" data-id=\"3ba95c8a\" data-element_type=\"widget\" data-e-type=\"widget\" data-settings=\"{&quot;exclude_headings_by_selector&quot;:&quot;.toc-remove&quot;,&quot;headings_by_tags&quot;:[&quot;h2&quot;,&quot;h3&quot;],&quot;marker_view&quot;:&quot;numbers&quot;,&quot;no_headings_message&quot;:&quot;No se ha encontrado ning\\u00fan encabezado en esta p\\u00e1gina.&quot;,&quot;minimize_box&quot;:&quot;yes&quot;,&quot;minimized_on&quot;:&quot;tablet&quot;,&quot;hierarchical_view&quot;:&quot;yes&quot;,&quot;min_height&quot;:{&quot;unit&quot;:&quot;px&quot;,&quot;size&quot;:&quot;&quot;,&quot;sizes&quot;:[]},&quot;min_height_tablet&quot;:{&quot;unit&quot;:&quot;px&quot;,&quot;size&quot;:&quot;&quot;,&quot;sizes&quot;:[]},&quot;min_height_mobile&quot;:{&quot;unit&quot;:&quot;px&quot;,&quot;size&quot;:&quot;&quot;,&quot;sizes&quot;:[]}}\" data-widget_type=\"table-of-contents.default\">\n\t\t\t\t\t\t\t\t\t<div class=\"elementor-toc__header\">\n\t\t\t\t\t\t<div class=\"elementor-toc__header-title\">\n\t\t\t\tTable of Contents\t\t\t<\/div>\n\t\t\t\t\t\t\t\t\t\t<div class=\"elementor-toc__toggle-button elementor-toc__toggle-button--expand\" role=\"button\" tabindex=\"0\" aria-controls=\"elementor-toc__3ba95c8a\" aria-expanded=\"true\" aria-label=\"Abrir la tabla de contenidos\"><svg aria-hidden=\"true\" class=\"e-font-icon-svg e-fas-chevron-down\" viewBox=\"0 0 448 512\" xmlns=\"http:\/\/www.w3.org\/2000\/svg\"><path d=\"M207.029 381.476L12.686 187.132c-9.373-9.373-9.373-24.569 0-33.941l22.667-22.667c9.357-9.357 24.522-9.375 33.901-.04L224 284.505l154.745-154.021c9.379-9.335 24.544-9.317 33.901.04l22.667 22.667c9.373 9.373 9.373 24.569 0 33.941L240.971 381.476c-9.373 9.372-24.569 9.372-33.942 0z\"><\/path><\/svg><\/div>\n\t\t\t\t<div class=\"elementor-toc__toggle-button elementor-toc__toggle-button--collapse\" role=\"button\" tabindex=\"0\" aria-controls=\"elementor-toc__3ba95c8a\" aria-expanded=\"true\" aria-label=\"Cerrar la tabla de contenidos\"><svg aria-hidden=\"true\" class=\"e-font-icon-svg e-fas-chevron-up\" viewBox=\"0 0 448 512\" xmlns=\"http:\/\/www.w3.org\/2000\/svg\"><path d=\"M240.971 130.524l194.343 194.343c9.373 9.373 9.373 24.569 0 33.941l-22.667 22.667c-9.357 9.357-24.522 9.375-33.901.04L224 227.495 69.255 381.516c-9.379 9.335-24.544 9.317-33.901-.04l-22.667-22.667c-9.373-9.373-9.373-24.569 0-33.941L207.03 130.525c9.372-9.373 24.568-9.373 33.941-.001z\"><\/path><\/svg><\/div>\n\t\t\t\t\t<\/div>\n\t\t\t\t<div id=\"elementor-toc__3ba95c8a\" class=\"elementor-toc__body\">\n\t\t\t<div class=\"elementor-toc__spinner-container\">\n\t\t\t\t<svg class=\"elementor-toc__spinner eicon-animation-spin e-font-icon-svg e-eicon-loading\" aria-hidden=\"true\" viewBox=\"0 0 1000 1000\" xmlns=\"http:\/\/www.w3.org\/2000\/svg\"><path d=\"M500 975V858C696 858 858 696 858 500S696 142 500 142 142 304 142 500H25C25 237 238 25 500 25S975 237 975 500 763 975 500 975Z\"><\/path><\/svg>\t\t\t<\/div>\n\t\t<\/div>\n\t\t\t\t\t\t<\/div>\n\t\t\t\t\t<\/div>\n\t\t<\/div>\n\t\t\t\t\t<\/div>\n\t\t<\/section>\n\t\t\t\t<\/div>\n\t\t<\/span><\/p>\n<h2>\u00bfC\u00f3mo puedo saber si mi lesi\u00f3n est\u00e1 cubierta por una indemnizaci\u00f3n por accidente laboral?<\/h2>\n<p>Es importante entender los matices de una reclamaci\u00f3n de indemnizaci\u00f3n por accidente laboral.<\/p>\n<p>Usted querr\u00e1 asegurarse de que la lesi\u00f3n que se ha producido cumple los requisitos para este tipo de reclamaci\u00f3n. Es imprescindible asegurarse de que no se deja piedra sin remover y de que se toman las medidas adecuadas desde el primer d\u00eda.<\/p>\n<p>El primer paso consistir\u00e1 en evaluar el tipo de lesi\u00f3n sufrida durante el trabajo y el historial m\u00e9dico correspondiente. El historial m\u00e9dico ser\u00e1 fundamental a la hora de presentar la demanda y demostrar lo ocurrido.<\/p>\n<p><strong>Varias lesiones son viables para la compensaci\u00f3n de los trabajadores.<\/strong><\/p>\n<p>Estas lesiones pueden incluir:<\/p>\n<ul>\n<li>Accidentes vehiculares<\/li>\n<li>Resbalones y ca\u00eddas<\/li>\n<li>Ca\u00edda de Objetos<\/li>\n<li>Lesiones repetitivas<\/li>\n<li>Quemaduras<\/li>\n<li>Fracturas<\/li>\n<li>Par\u00e1lisis<\/li>\n<\/ul>\n<p>&nbsp;<\/p>\n<p><a href=\"https:\/\/floridalawyers360.com\/wp-content\/uploads\/2024\/02\/kissimme-claim-process1-copy.webp\"><img fetchpriority=\"high\" decoding=\"async\" class=\"alignnone wp-image-3200 size-full\" src=\"https:\/\/floridalawyers360.com\/wp-content\/uploads\/2024\/02\/kissimme-claim-process1-copy.webp\" alt=\"Filing a workers' compensation claim\" width=\"500\" height=\"334\" srcset=\"https:\/\/floridalawyers360.com\/wp-content\/uploads\/2024\/02\/kissimme-claim-process1-copy.webp 500w, https:\/\/floridalawyers360.com\/wp-content\/uploads\/2024\/02\/kissimme-claim-process1-copy-300x200.webp 300w\" sizes=\"(max-width: 500px) 100vw, 500px\" \/><\/a><\/p>\n<p>Lo mejor es repasar todo y evaluar c\u00f3mo te lesionaste. El mero hecho de tener este tipo de conocimientos le ayudar\u00e1 mucho a asegurarse de que dispone de una base s\u00f3lida.<\/p>\n<p>Vamos a ayudar a guiar a usted, mientras que la evaluaci\u00f3n de sus registros m\u00e9dicos. Esto puede incluir la evaluaci\u00f3n de la pertinencia de sus pruebas, junto con los posibles problemas que puedan surgir.<\/p>\n<p>S\u00f3lo tener la capacidad de ir a trav\u00e9s de toda esta informaci\u00f3n ser\u00e1 de gran alcance como usted est\u00e1 averiguando lo que funciona y lo que no.<\/p>\n<p>Para obtener m\u00e1s informaci\u00f3n sobre lo que podemos hacer por usted en la Coalici\u00f3n de Abogados de Compensaci\u00f3n de Trabajadores de la Florida, ll\u00e1menos al [tel\u00e9fono].<\/p>\n<p>Este es un gran punto de partida para la construcci\u00f3n de una demanda de compensaci\u00f3n de trabajadores que funciona.<\/p>\n<h2>\u00bfCu\u00e1nto tiempo tiene para presentar una reclamaci\u00f3n de compensaci\u00f3n de trabajadores en Florida?<\/h2>\n<p>Es importante tener en cuenta todo durante este tipo de proceso y que va a incluir el estatuto de limitaciones en la Florida.<\/p>\n<p>Para este tipo de casos, usted va a tener dos a\u00f1os desde que ocurri\u00f3 el accidente. Esto le va a dar tiempo suficiente para averiguar qu\u00e9 hacer y empezar con el proceso de reclamaci\u00f3n.<\/p>\n<p>Lo mejor es recoger tantas pruebas como sea posible en una situaci\u00f3n como esta. Usted va a querer evaluar lo que est\u00e1 pasando con su caso, qu\u00e9 tipo de pruebas que tiene en la mano, y lo que debe evitar centrarse en seguir adelante.<\/p>\n<p>Nuestros expertos legales en la Coalici\u00f3n de Abogados de Compensaci\u00f3n de Trabajadores de la Florida estar\u00e1 all\u00ed en cada paso del camino. Esta experiencia va a asegurar que usted obtenga la reclamaci\u00f3n legal presentada con suficiente antelaci\u00f3n.<\/p>\n<p>Tambi\u00e9n vamos a ir a trav\u00e9s de su estrategia para asegurarse de que la reclamaci\u00f3n es fuerte. Esto incluir\u00e1 los posibles inconvenientes de cada decisi\u00f3n y c\u00f3mo avanzar de manera \u00f3ptima.<\/p>\n<p>Si eso es algo que le interesa, entonces lo mejor es dar a la Coalici\u00f3n de Abogados de Compensaci\u00f3n de Trabajadores de la Florida una llamada al <a href=\"tel:+19544487355\"><i class=\"fa fa-phone-alt\"><\/i>954-448-7355<\/a>.<\/p>\n<h2>\u00bfC\u00f3mo presentar una reclamaci\u00f3n de indemnizaci\u00f3n por accidente laboral en Florida?<\/h2>\n<p>La \u00fanica pregunta que la mayor\u00eda de la gente va a tener tendr\u00e1 que ver con el proceso de reclamaciones.<\/p>\n<p>Para hacer esto de la manera correcta, usted querr\u00e1 hablar con un abogado calificado en la Coalici\u00f3n de Abogados de Compensaci\u00f3n de Trabajadores de la Florida. Vamos a empezar por el trazado de una estrategia legal basada en los detalles de su caso, las pruebas, y todo lo relacionado con el proceso.<\/p>\n<p>Nuestra consulta inicial con usted se va a centrar en este tema. Tambi\u00e9n vamos a tomar el tiempo para repasar el estatuto de limitaciones y c\u00f3mo se aplica a su caso.<\/p>\n<p>Tener este nivel de an\u00e1lisis en su caso va a recorrer un largo camino en la prestaci\u00f3n de la paz de la mente. No vamos a dejar piedra sin remover antes de que se haga la reclamaci\u00f3n legal. Es la mejor manera de asegurarse de que no se comete ning\u00fan error y de que se tramita a la primera para que usted pueda cobrar la indemnizaci\u00f3n.<\/p>\n<p>Teniendo esto en cuenta, la reclamaci\u00f3n legal tendr\u00e1 que ser presentada ante el tribunal estatal.<\/p>\n<p>Lo haremos bas\u00e1ndonos en nuestra experiencia y en el an\u00e1lisis de su caso. El mero hecho de contar con nuestra experiencia le garantizar\u00e1 que va por buen camino, ya que tenemos acceso a una larga lista de recursos.<\/p>\n<p>Para obtener m\u00e1s informaci\u00f3n sobre lo que podemos hacer en la Coalici\u00f3n de Abogados de Compensaci\u00f3n de Trabajadores de la Florida, por favor ll\u00e1menos al [tel\u00e9fono]. Nos aseguraremos de que sea tratado con respeto y de que el proceso se desarrolle seg\u00fan lo previsto.<\/p>\n<p><a href=\"https:\/\/floridalawyers360.com\/wp-content\/uploads\/2024\/02\/kissimmee-claim-process2-copy.webp\"><img decoding=\"async\" class=\"alignnone wp-image-3201 size-full\" src=\"https:\/\/floridalawyers360.com\/wp-content\/uploads\/2024\/02\/kissimmee-claim-process2-copy.webp\" alt=\"Need help with your worker's compensation claim in Kissimmee? Hire teh lawyers at Florida Lawyers 360\" width=\"500\" height=\"334\" srcset=\"https:\/\/floridalawyers360.com\/wp-content\/uploads\/2024\/02\/kissimmee-claim-process2-copy.webp 500w, https:\/\/floridalawyers360.com\/wp-content\/uploads\/2024\/02\/kissimmee-claim-process2-copy-300x200.webp 300w\" sizes=\"(max-width: 500px) 100vw, 500px\" \/><\/a><\/p>\n<h2>P\u00f3ngase en contacto con nosotros, le ayudaremos con su reclamaci\u00f3n de indemnizaci\u00f3n laboral<\/h2>\n<p>Es una de esas situaciones en las que usted luchar\u00e1 por entender lo que debe suceder a continuaci\u00f3n.<\/p>\n<p>En la Coalici\u00f3n de Abogados de Compensaci\u00f3n de Trabajadores de la Florida, vemos esto todo el tiempo. Nuestro equipo legal reconoce el inmenso desaf\u00edo de recuperarse de una lesi\u00f3n en el lugar de trabajo y al mismo tiempo averiguar c\u00f3mo presentar una reclamaci\u00f3n de compensaci\u00f3n de trabajadores.<\/p>\n<p>Es posible que no sepa qu\u00e9 hacer y c\u00f3mo presentar una reclamaci\u00f3n legal en el estado de Florida.<\/p>\n<p>Esta es la raz\u00f3n por la que tener a la Coalici\u00f3n de Abogados de Compensaci\u00f3n Laboral de Florida al frente de su caso es imprescindible. Vamos a guiarle a trav\u00e9s del proceso, ilustrar lo que debe ocurrir, y asegurarse de que usted est\u00e1 tendiendo en la direcci\u00f3n correcta.<\/p>\n<p>Si el objetivo es asegurarse de que est\u00e1 presentando la reclamaci\u00f3n correctamente, lo mejor es empezar con nuestro equipo en <a href=\"tel:+19544487355\"><i class=\"fa fa-phone-alt\"><\/i>954-448-7355<\/a>.<\/p>\n","protected":false},"excerpt":{"rendered":"<p>Presentar una reclamaci\u00f3n de indemnizaci\u00f3n por accidente laboral es uno de los procesos m\u00e1s complicados a los que una persona tiene que enfrentarse. El proceso de reclamaci\u00f3n puede ser dif\u00edcil de navegar por su cuenta. Usted puede no saber qu\u00e9 hacer y tambi\u00e9n puede terminar empeorando su proceso de recuperaci\u00f3n. Por eso recomendamos encarecidamente hablar [&hellip;]<\/p>\n","protected":false},"author":22,"featured_media":0,"parent":5807,"menu_order":0,"comment_status":"closed","ping_status":"closed","template":"","meta":{"_acf_changed":false,"anchor_text":"","footnotes":""},"categories":[],"tags":[],"class_list":["post-5829","page","type-page","status-publish","hentry"],"acf":[],"_links":{"self":[{"href":"https:\/\/floridalawyers360.com\/es\/wp-json\/wp\/v2\/pages\/5829","targetHints":{"allow":["GET"]}}],"collection":[{"href":"https:\/\/floridalawyers360.com\/es\/wp-json\/wp\/v2\/pages"}],"about":[{"href":"https:\/\/floridalawyers360.com\/es\/wp-json\/wp\/v2\/types\/page"}],"author":[{"embeddable":true,"href":"https:\/\/floridalawyers360.com\/es\/wp-json\/wp\/v2\/users\/22"}],"replies":[{"embeddable":true,"href":"https:\/\/floridalawyers360.com\/es\/wp-json\/wp\/v2\/comments?post=5829"}],"version-history":[{"count":3,"href":"https:\/\/floridalawyers360.com\/es\/wp-json\/wp\/v2\/pages\/5829\/revisions"}],"predecessor-version":[{"id":5832,"href":"https:\/\/floridalawyers360.com\/es\/wp-json\/wp\/v2\/pages\/5829\/revisions\/5832"}],"up":[{"embeddable":true,"href":"https:\/\/floridalawyers360.com\/es\/wp-json\/wp\/v2\/pages\/5807"}],"wp:attachment":[{"href":"https:\/\/floridalawyers360.com\/es\/wp-json\/wp\/v2\/media?parent=5829"}],"wp:term":[{"taxonomy":"category","embeddable":true,"href":"https:\/\/floridalawyers360.com\/es\/wp-json\/wp\/v2\/categories?post=5829"},{"taxonomy":"post_tag","embeddable":true,"href":"https:\/\/floridalawyers360.com\/es\/wp-json\/wp\/v2\/tags?post=5829"}],"curies":[{"name":"wp","href":"https:\/\/api.w.org\/{rel}","templated":true}]}}