{"id":5825,"date":"2024-02-14T09:01:15","date_gmt":"2024-02-14T14:01:15","guid":{"rendered":"https:\/\/floridalawyers360.com\/kissimmee\/workers-compensation-benefits-in-kissimmee-fl\/"},"modified":"2024-03-12T06:37:58","modified_gmt":"2024-03-12T11:37:58","slug":"beneficios-de-compensacion-laboral-en-kissimmee","status":"publish","type":"page","link":"https:\/\/floridalawyers360.com\/es\/kissimmee\/beneficios-de-compensacion-laboral-en-kissimmee\/","title":{"rendered":"Beneficios de Compensaci\u00f3n Laboral en Kissimmee"},"content":{"rendered":"<p>Tras sufrir una lesi\u00f3n laboral grave, es probable que su vida se sienta un poco trastornada. Su salud, su econom\u00eda, su carrera y su bienestar general deben de estar por los suelos.<\/p>\n<p>Pues bien, si su empresa tiene una p\u00f3liza de indemnizaci\u00f3n por accidente de trabajo, debe ser indemnizado por las p\u00e9rdidas sufridas para que pueda volver al trabajo lo antes posible. Por supuesto, usted necesita trabajar con los mejores abogados de beneficios de compensaci\u00f3n de trabajadores en la Coalici\u00f3n de Abogados de Compensaci\u00f3n de Trabajadores de Florida.<\/p>\n<p>Estamos a s\u00f3lo una llamada de distancia y nuestra experiencia legal le ser\u00e1 muy \u00fatil durante su reclamaci\u00f3n de indemnizaci\u00f3n. Ll\u00e1menos hoy al [tel\u00e9fono] y obtenga la ayuda legal que necesita durante este tiempo.<\/p>\n<div class=\"embed-container\"><iframe src=\"https:\/\/www.youtube.com\/embed\/PumtGApbDrM\" frameborder=\"0\" allowfullscreen=\"allowfullscreen\"><\/iframe><\/div>\n<h2>Lo Que Usted Necesita Saber Sobre Los Beneficios De Compensacion Al Trabajador En Kissimmee, FL<\/h2>\n<h3>Beneficios por Incapacidad Total Temporal<\/h3>\n<p>En Kissimmee, FL, usted tiene derecho a recibir beneficios por incapacidad total temporal (TTD) si tiene que permanecer fuera del trabajo para recuperarse completamente de sus lesiones. Usted no recibir\u00e1 estos beneficios durante los primeros 7 d\u00edas, pero si tiene que permanecer fuera del trabajo durante 21 d\u00edas, se le pagar\u00e1 por los primeros 7 d\u00edas tambi\u00e9n.<\/p>\n<p>Las prestaciones TTD suelen ser dos tercios de su salario medio semanal antes de sufrir la lesi\u00f3n laboral, hasta 971 d\u00f3lares (para lesiones sufridas en 2020).<\/p>\n<p>Si ha sufrido lesiones graves, como ceguera o par\u00e1lisis, recibir\u00e1 una prestaci\u00f3n m\u00e1s elevada, del 80 % de su salario anterior a la lesi\u00f3n, durante los 6 primeros meses, sin l\u00edmite m\u00e1ximo. No obstante, la cuant\u00eda m\u00ednima legal que puede percibir es de 20 $ semanales.<\/p>\n<p>Seguir\u00e1 percibiendo sus prestaciones TTD hasta que:<\/p>\n<ul>\n<li>Su m\u00e9dico le autoriza a volver al trabajo.<\/li>\n<li>Una vez que ha alcanzado la mejor\u00eda m\u00e9dica m\u00e1xima (MMI), en la que no mejorar\u00e1 ni siquiera con tratamiento m\u00e9dico adicional<\/li>\n<li>Ha alcanzado el n\u00famero m\u00e1ximo de semanas que puede recibir prestaciones por TTD.<\/li>\n<\/ul>\n<p>&nbsp;<\/p>\n<p><a href=\"https:\/\/floridalawyers360.com\/wp-content\/uploads\/2024\/02\/kissimmee-wc-benefits2-copy.webp\"><img fetchpriority=\"high\" decoding=\"async\" class=\"alignnone size-full wp-image-3186\" src=\"https:\/\/floridalawyers360.com\/wp-content\/uploads\/2024\/02\/kissimmee-wc-benefits2-copy.webp\" alt=\"Workers' Compensation benefits\" width=\"500\" height=\"334\" srcset=\"https:\/\/floridalawyers360.com\/wp-content\/uploads\/2024\/02\/kissimmee-wc-benefits2-copy.webp 500w, https:\/\/floridalawyers360.com\/wp-content\/uploads\/2024\/02\/kissimmee-wc-benefits2-copy-300x200.webp 300w\" sizes=\"(max-width: 500px) 100vw, 500px\" \/><\/a><\/p>\n<h3>Prestaciones parciales temporales<\/h3>\n<p>Si usted no ha alcanzado la MMI, pero su m\u00e9dico le autoriza a volver al trabajo con algunas restricciones, usted debe recibir beneficios TPD.<\/p>\n<p>Algunas de las restricciones incluyen no levantar objetos pesados o utilizar un ordenador\/teclado durante un periodo espec\u00edfico.<\/p>\n<p>Si su salario es inferior al que percib\u00eda antes de lesionarse en estas condiciones, sus prestaciones por incapacidad permanente parcial se calcular\u00e1n en funci\u00f3n del 80 % de la diferencia entre su salario actual y el 80 % del salario que percib\u00eda antes de lesionarse.<\/p>\n<h3>Prestaciones por incapacidad parcial permanente<\/h3>\n<p>\u00bfHa finalizado su tratamiento m\u00e9dico? \u00bfHa estado percibiendo sus prestaciones de TTD pero est\u00e1n a punto de expirar en un plazo de 6 semanas y a\u00fan no ha alcanzado la MMI?<\/p>\n<p>Su m\u00e9dico debe evaluarle para determinar si tiene un impedimento duradero o una afecci\u00f3n m\u00e9dica duradera debido a la lesi\u00f3n. Si puede volver a trabajar, su m\u00e9dico le asignar\u00e1 un porcentaje de incapacidad.<\/p>\n<p>\u00c9ste se utilizar\u00e1 para calcular durante cu\u00e1nto tiempo recibir\u00e1 sus prestaciones PPD.<\/p>\n<p>Sus beneficios PPD se calcular\u00e1n como el 75% de su tasa TTD hasta el m\u00e1ximo legal en Florida. Sin embargo, la cantidad se reducir\u00e1 al menos a la mitad, si usted est\u00e1 ganando alguna cantidad o su salario anterior antes de la lesi\u00f3n.<\/p>\n<h3>Prestaciones por incapacidad permanente total<\/h3>\n<p>Si sufre una incapacidad permanente que le impide volver a trabajar, recibir\u00e1 prestaciones por incapacidad permanente total. Suelen concederse con la misma cuant\u00eda que las prestaciones por incapacidad permanente total.<\/p>\n<p>Recibir\u00e1 prestaciones por incapacidad permanente total hasta que cumpla 75 a\u00f1os o durante el resto de su vida si no tiene prestaciones de la Seguridad Social. Tenga en cuenta que las lesiones laborales graves, como la amputaci\u00f3n de una pierna o un brazo o una lesi\u00f3n cerebral grave, suelen considerarse incapacidad permanente total.<\/p>\n<h3>Otras prestaciones<\/h3>\n<p>Adem\u00e1s de las prestaciones por incapacidad mencionadas anteriormente, es probable que reciba los siguientes tipos de prestaciones en su reclamaci\u00f3n de indemnizaci\u00f3n por accidente de trabajo.<\/p>\n<ul>\n<li><strong>Prestaciones m\u00e9dicas<\/strong>: Siempre que el tratamiento lo realice el m\u00e9dico tratante y lo autorice la compa\u00f1\u00eda de seguros, la p\u00f3liza de indemnizaci\u00f3n por accidente de trabajo cubrir\u00e1 todos los gastos m\u00e9dicos, incluidos los desplazamientos de ida y vuelta a las citas con el m\u00e9dico y la medicaci\u00f3n.<\/li>\n<li><strong>Rehabilitaci\u00f3n profesional<\/strong>: \u00bfNo puede volver a trabajar? Es probable que reciba servicios de colocaci\u00f3n, asesoramiento profesional y la ayuda pertinente para encontrar un nuevo empleo. Si necesita reciclaje o formaci\u00f3n para conseguir un buen empleo, la indemnizaci\u00f3n por accidente de trabajo lo cubrir\u00e1 todo, pero hasta 26 o 52 semanas.<\/li>\n<li><strong>Prestaciones por defunci\u00f3n<\/strong>: Si su ser querido ha fallecido a causa de una lesi\u00f3n laboral, puede recibir prestaciones por defunci\u00f3n si es usted el c\u00f3nyuge, los hijos u otras personas a su cargo. La cuant\u00eda total de las prestaciones por defunci\u00f3n vendr\u00e1 determinada por el n\u00famero total de personas a cargo disponibles. Sin embargo, no ser\u00e1 superior a dos tercios del salario semanal medio del fallecido hasta el m\u00e1ximo de las prestaciones ofrecidas en virtud de las prestaciones TTD y un total de 150.000 $. La indemnizaci\u00f3n por accidente de trabajo tambi\u00e9n pagar\u00e1 un m\u00e1ximo de 7.500 $ para gastos de funeral y entierro.<\/li>\n<\/ul>\n<p>&nbsp;<\/p>\n<p><a href=\"https:\/\/floridalawyers360.com\/wp-content\/uploads\/2024\/02\/kissimmee-wc-benefits1-copy.webp\"><img decoding=\"async\" class=\"alignnone size-full wp-image-3184\" src=\"https:\/\/floridalawyers360.com\/wp-content\/uploads\/2024\/02\/kissimmee-wc-benefits1-copy.webp\" alt=\"Kissimmee Workers' Compensation Benefits\" width=\"500\" height=\"334\" srcset=\"https:\/\/floridalawyers360.com\/wp-content\/uploads\/2024\/02\/kissimmee-wc-benefits1-copy.webp 500w, https:\/\/floridalawyers360.com\/wp-content\/uploads\/2024\/02\/kissimmee-wc-benefits1-copy-300x200.webp 300w\" sizes=\"(max-width: 500px) 100vw, 500px\" \/><\/a><\/p>\n<h2>\u00bfExiste alguna limitaci\u00f3n a la hora de recibir prestaciones de compensaci\u00f3n laboral en Florida?<\/h2>\n<p>S\u00ed, los beneficios de compensaci\u00f3n al trabajador s\u00f3lo pagar\u00e1n una porci\u00f3n de sus salarios perdidos. Tenga en cuenta que no pagar\u00e1 ning\u00fan impuesto sobre sus beneficios de compensaci\u00f3n laboral, lo cual es una ventaja para usted.<\/p>\n<p>Sin embargo, usted no recibir\u00e1 ninguna compensaci\u00f3n por el dolor y el sufrimiento que ha sufrido a causa de su lesi\u00f3n. Puede parecer bastante injusto, pero es la contrapartida que recibir\u00e1 en el sistema de compensaci\u00f3n de los trabajadores.<\/p>\n<p>Ten en cuenta que, con el sistema de compensaci\u00f3n de los trabajadores, puedes obtener prestaciones muy r\u00e1pidamente sin ni siquiera presentar una demanda. Adem\u00e1s, no tiene que demostrar que su empresa es culpable de las lesiones que ha sufrido. Sin embargo, no recibir\u00e1 el valor total de sus p\u00e9rdidas.<\/p>\n<h2>P\u00f3ngase en contacto con nuestros abogados de beneficios de compensaci\u00f3n de trabajadores hoy<\/h2>\n<p>\u00bfSe est\u00e1 preguntando por qu\u00e9 necesita trabajar con un abogado de compensaci\u00f3n de trabajadores en Kissimmee, FL?<\/p>\n<p>Bueno, en la Coalici\u00f3n de Abogados de Compensaci\u00f3n de Trabajadores de la Florida, tenemos la experiencia y los conocimientos necesarios para manejar su reclamo de compensaci\u00f3n de trabajadores.<\/p>\n<p>Habiendo trabajado en numerosos casos a lo largo de los a\u00f1os que llevamos en el negocio, estamos capacitados para brindarle la ayuda legal que necesita para obtener los m\u00e1ximos beneficios en su caso. Ll\u00e1menos hoy y hable con los mejores abogados de compensaci\u00f3n de trabajadores en Florida.<\/p>\n","protected":false},"excerpt":{"rendered":"<p>Tras sufrir una lesi\u00f3n laboral grave, es probable que su vida se sienta un poco trastornada. Su salud, su econom\u00eda, su carrera y su bienestar general deben de estar por los suelos. Pues bien, si su empresa tiene una p\u00f3liza de indemnizaci\u00f3n por accidente de trabajo, debe ser indemnizado por las p\u00e9rdidas sufridas para que [&hellip;]<\/p>\n","protected":false},"author":22,"featured_media":0,"parent":5807,"menu_order":0,"comment_status":"closed","ping_status":"closed","template":"","meta":{"_acf_changed":false,"anchor_text":"","footnotes":""},"categories":[],"tags":[],"class_list":["post-5825","page","type-page","status-publish","hentry"],"acf":[],"_links":{"self":[{"href":"https:\/\/floridalawyers360.com\/es\/wp-json\/wp\/v2\/pages\/5825","targetHints":{"allow":["GET"]}}],"collection":[{"href":"https:\/\/floridalawyers360.com\/es\/wp-json\/wp\/v2\/pages"}],"about":[{"href":"https:\/\/floridalawyers360.com\/es\/wp-json\/wp\/v2\/types\/page"}],"author":[{"embeddable":true,"href":"https:\/\/floridalawyers360.com\/es\/wp-json\/wp\/v2\/users\/22"}],"replies":[{"embeddable":true,"href":"https:\/\/floridalawyers360.com\/es\/wp-json\/wp\/v2\/comments?post=5825"}],"version-history":[{"count":3,"href":"https:\/\/floridalawyers360.com\/es\/wp-json\/wp\/v2\/pages\/5825\/revisions"}],"predecessor-version":[{"id":5828,"href":"https:\/\/floridalawyers360.com\/es\/wp-json\/wp\/v2\/pages\/5825\/revisions\/5828"}],"up":[{"embeddable":true,"href":"https:\/\/floridalawyers360.com\/es\/wp-json\/wp\/v2\/pages\/5807"}],"wp:attachment":[{"href":"https:\/\/floridalawyers360.com\/es\/wp-json\/wp\/v2\/media?parent=5825"}],"wp:term":[{"taxonomy":"category","embeddable":true,"href":"https:\/\/floridalawyers360.com\/es\/wp-json\/wp\/v2\/categories?post=5825"},{"taxonomy":"post_tag","embeddable":true,"href":"https:\/\/floridalawyers360.com\/es\/wp-json\/wp\/v2\/tags?post=5825"}],"curies":[{"name":"wp","href":"https:\/\/api.w.org\/{rel}","templated":true}]}}