{"id":5817,"date":"2024-02-14T08:54:39","date_gmt":"2024-02-14T13:54:39","guid":{"rendered":"https:\/\/floridalawyers360.com\/kissimmee\/kissimmee-workers-compensation-lawyer\/"},"modified":"2024-03-12T05:34:54","modified_gmt":"2024-03-12T10:34:54","slug":"kissimmee-compensacion-a-los-trabajadores-abogado","status":"publish","type":"page","link":"https:\/\/floridalawyers360.com\/es\/kissimmee\/kissimmee-compensacion-a-los-trabajadores-abogado\/","title":{"rendered":"Kissimmee Compensaci\u00f3n a los Trabajadores Abogado"},"content":{"rendered":"<p>Si usted est\u00e1 considerando presentar una demanda de compensaci\u00f3n de trabajadores, pero no est\u00e1 familiarizado con todos los procedimientos, un abogado experto en compensaci\u00f3n de trabajadores Kissimmee en Florida Lawyers 360 puede guiarlo a trav\u00e9s del proceso.<\/p>\n<p>Tambi\u00e9n podemos ayudarle a apelar una denegaci\u00f3n o defender sus derechos si ha sido despedido ilegalmente por presentar una reclamaci\u00f3n de compensaci\u00f3n de trabajadores.<\/p>\n<p>Entendemos las leyes y procedimientos de Compensaci\u00f3n Laboral para Florida. Lucharemos agresivamente para asegurar que usted reciba los beneficios a los que tiene derecho. Ll\u00e1menos al <a href=\"tel:+19544487355\"><i class=\"fa fa-phone-alt\"><\/i>954-448-7355<\/a> o p\u00f3ngase en contacto con nosotros en l\u00ednea para programar una consulta gratuita con un abogado de lesiones personales Kissimmee.<\/p>\n\t\t<div data-elementor-type=\"section\" data-elementor-id=\"208\" class=\"elementor elementor-208\" data-elementor-post-type=\"elementor_library\">\n\t\t\t\t\t<section class=\"elementor-section elementor-top-section elementor-element elementor-element-485e576a elementor-section-boxed elementor-section-height-default elementor-section-height-default\" data-id=\"485e576a\" data-element_type=\"section\" data-e-type=\"section\">\n\t\t\t\t\t\t<div class=\"elementor-container elementor-column-gap-default\">\n\t\t\t\t\t<div class=\"elementor-column elementor-col-100 elementor-top-column elementor-element elementor-element-635c38c0\" data-id=\"635c38c0\" data-element_type=\"column\" data-e-type=\"column\">\n\t\t\t<div class=\"elementor-widget-wrap elementor-element-populated\">\n\t\t\t\t\t\t<div class=\"elementor-element elementor-element-3ba95c8a elementor-toc--minimized-on-tablet elementor-widget elementor-widget-table-of-contents\" data-id=\"3ba95c8a\" data-element_type=\"widget\" data-e-type=\"widget\" data-settings=\"{&quot;exclude_headings_by_selector&quot;:&quot;.toc-remove&quot;,&quot;headings_by_tags&quot;:[&quot;h2&quot;,&quot;h3&quot;],&quot;marker_view&quot;:&quot;numbers&quot;,&quot;no_headings_message&quot;:&quot;No se ha encontrado ning\\u00fan encabezado en esta p\\u00e1gina.&quot;,&quot;minimize_box&quot;:&quot;yes&quot;,&quot;minimized_on&quot;:&quot;tablet&quot;,&quot;hierarchical_view&quot;:&quot;yes&quot;,&quot;min_height&quot;:{&quot;unit&quot;:&quot;px&quot;,&quot;size&quot;:&quot;&quot;,&quot;sizes&quot;:[]},&quot;min_height_tablet&quot;:{&quot;unit&quot;:&quot;px&quot;,&quot;size&quot;:&quot;&quot;,&quot;sizes&quot;:[]},&quot;min_height_mobile&quot;:{&quot;unit&quot;:&quot;px&quot;,&quot;size&quot;:&quot;&quot;,&quot;sizes&quot;:[]}}\" data-widget_type=\"table-of-contents.default\">\n\t\t\t\t\t\t\t\t\t<div class=\"elementor-toc__header\">\n\t\t\t\t\t\t<div class=\"elementor-toc__header-title\">\n\t\t\t\tTable of Contents\t\t\t<\/div>\n\t\t\t\t\t\t\t\t\t\t<div class=\"elementor-toc__toggle-button elementor-toc__toggle-button--expand\" role=\"button\" tabindex=\"0\" aria-controls=\"elementor-toc__3ba95c8a\" aria-expanded=\"true\" aria-label=\"Abrir la tabla de contenidos\"><svg aria-hidden=\"true\" class=\"e-font-icon-svg e-fas-chevron-down\" viewBox=\"0 0 448 512\" xmlns=\"http:\/\/www.w3.org\/2000\/svg\"><path d=\"M207.029 381.476L12.686 187.132c-9.373-9.373-9.373-24.569 0-33.941l22.667-22.667c9.357-9.357 24.522-9.375 33.901-.04L224 284.505l154.745-154.021c9.379-9.335 24.544-9.317 33.901.04l22.667 22.667c9.373 9.373 9.373 24.569 0 33.941L240.971 381.476c-9.373 9.372-24.569 9.372-33.942 0z\"><\/path><\/svg><\/div>\n\t\t\t\t<div class=\"elementor-toc__toggle-button elementor-toc__toggle-button--collapse\" role=\"button\" tabindex=\"0\" aria-controls=\"elementor-toc__3ba95c8a\" aria-expanded=\"true\" aria-label=\"Cerrar la tabla de contenidos\"><svg aria-hidden=\"true\" class=\"e-font-icon-svg e-fas-chevron-up\" viewBox=\"0 0 448 512\" xmlns=\"http:\/\/www.w3.org\/2000\/svg\"><path d=\"M240.971 130.524l194.343 194.343c9.373 9.373 9.373 24.569 0 33.941l-22.667 22.667c-9.357 9.357-24.522 9.375-33.901.04L224 227.495 69.255 381.516c-9.379 9.335-24.544 9.317-33.901-.04l-22.667-22.667c-9.373-9.373-9.373-24.569 0-33.941L207.03 130.525c9.372-9.373 24.568-9.373 33.941-.001z\"><\/path><\/svg><\/div>\n\t\t\t\t\t<\/div>\n\t\t\t\t<div id=\"elementor-toc__3ba95c8a\" class=\"elementor-toc__body\">\n\t\t\t<div class=\"elementor-toc__spinner-container\">\n\t\t\t\t<svg class=\"elementor-toc__spinner eicon-animation-spin e-font-icon-svg e-eicon-loading\" aria-hidden=\"true\" viewBox=\"0 0 1000 1000\" xmlns=\"http:\/\/www.w3.org\/2000\/svg\"><path d=\"M500 975V858C696 858 858 696 858 500S696 142 500 142 142 304 142 500H25C25 237 238 25 500 25S975 237 975 500 763 975 500 975Z\"><\/path><\/svg>\t\t\t<\/div>\n\t\t<\/div>\n\t\t\t\t\t\t<\/div>\n\t\t\t\t\t<\/div>\n\t\t<\/div>\n\t\t\t\t\t<\/div>\n\t\t<\/section>\n\t\t\t\t<\/div>\n\t\t\n<h2>\u00bfQu\u00e9 es exactamente la indemnizaci\u00f3n por accidente laboral?<\/h2>\n<p>Si usted es un empleado, es probable que est\u00e9 cubierto por el seguro de Indemnizaci\u00f3n por Accidentes Laborales. Est\u00e1 dise\u00f1ado para compensar a los empleados por lesiones en el lugar de trabajo y proteger a los empresarios de posibles demandas.<\/p>\n<p>Si un empleado se lesiona en el trabajo, o si enferma como consecuencia de las actividades o el entorno laboral, puede presentar una reclamaci\u00f3n de indemnizaci\u00f3n por accidente laboral.<\/p>\n<p>Cuando uno se lesiona y no puede trabajar, puede ser econ\u00f3micamente devastador. Por eso la indemnizaci\u00f3n por accidente de trabajo cubrir\u00e1 los gastos m\u00e9dicos en curso, los salarios perdidos e incluso los cuidados continuados si sufren lesiones graves. Tambi\u00e9n cubrir\u00e1 los gastos del funeral si se produce un fallecimiento.<\/p>\n<p><a href=\"https:\/\/floridalawyers360.com\/wp-content\/uploads\/2024\/02\/kissimmee-wc1-copy.webp\"><img fetchpriority=\"high\" decoding=\"async\" class=\"alignnone size-full wp-image-3188\" src=\"https:\/\/floridalawyers360.com\/wp-content\/uploads\/2024\/02\/kissimmee-wc1-copy.webp\" alt=\"Workers' Compensation\" width=\"500\" height=\"334\" srcset=\"https:\/\/floridalawyers360.com\/wp-content\/uploads\/2024\/02\/kissimmee-wc1-copy.webp 500w, https:\/\/floridalawyers360.com\/wp-content\/uploads\/2024\/02\/kissimmee-wc1-copy-300x200.webp 300w\" sizes=\"(max-width: 500px) 100vw, 500px\" \/><\/a><\/p>\n<h2>Ejemplos de lo que no cubre la indemnizaci\u00f3n laboral<\/h2>\n<p>La indemnizaci\u00f3n por accidente de trabajo no cubre las lesiones derivadas de peleas entre empleados ni los casos en que los empleados se hacen da\u00f1o a s\u00ed mismos intencionadamente. Si un trabajador se lesiona porque estaba intoxicado, esto tampoco estar\u00eda cubierto.<\/p>\n<p>La compensaci\u00f3n de los trabajadores s\u00f3lo se ocupa de las lesiones f\u00edsicas, no da\u00f1o mental. Nuestros abogados en Kissimmee Florida est\u00e1n familiarizados con lo que no est\u00e1 cubierto por la compensaci\u00f3n de trabajadores.<\/p>\n<p>Un individuo que no entiende las leyes de compensaci\u00f3n al trabajador no ser\u00eda capaz de defenderse adecuadamente si un empleador los acusa injustamente de algo que invalidar\u00eda su reclamo.<\/p>\n<p>Es por eso que ponerse en contacto con un abogado local de la Florida ser\u00eda en su mejor inter\u00e9s si alguna vez se encuentra en este tipo de situaci\u00f3n.<\/p>\n<h2>\u00bfQu\u00e9 debe hacer si se lesiona en el trabajo?<\/h2>\n<p>Hay ciertos procedimientos y protocolos que deben seguirse para recibir prestaciones. En primer lugar, debe comunicar al empresario que se ha lesionado. Debe informar de la lesi\u00f3n en un plazo de 30 d\u00edas.<\/p>\n<p>Recibir\u00e1 tratamiento de un proveedor m\u00e9dico autorizado por la empresa o la compa\u00f1\u00eda de seguros. Es importante que lleve un registro escrito de todo lo que le ha ocurrido, incluidos los s\u00edntomas y las lesiones.<\/p>\n<p>Tome fotograf\u00edas de su lesi\u00f3n, si es visible, para que esto pueda utilizarse como prueba que pueda presentarse ante un tribunal. Por \u00faltimo, es importante que presente una reclamaci\u00f3n de indemnizaci\u00f3n por accidente laboral ante un abogado especializado en esta materia.<\/p>\n<h2>\u00bfQu\u00e9 pasar\u00e1 si hay una situaci\u00f3n de emergencia?<\/h2>\n<p>Hay situaciones en las que su empleador no estar\u00e1 accesible en el momento exacto en que ocurri\u00f3 la lesi\u00f3n. Es posible que no puedan hacer las llamadas telef\u00f3nicas necesarias o llevarlo a la sala de emergencias debido a sus lesiones. Si esto ocurre, no se trata de negligencia por parte del empresario.<\/p>\n<p>Simplemente hay que avisarles, lo antes posible, de lo ocurrido. A menudo puedes confiar en otros trabajadores, jefes o capataces de tu trabajo para que te ayuden a conseguir atenci\u00f3n m\u00e9dica inmediata.<\/p>\n<p><a href=\"https:\/\/floridalawyers360.com\/wp-content\/uploads\/2024\/02\/kissimmee-wc2-copy.webp\"><img decoding=\"async\" class=\"alignnone size-full wp-image-3190\" src=\"https:\/\/floridalawyers360.com\/wp-content\/uploads\/2024\/02\/kissimmee-wc2-copy.webp\" alt=\"Visiting a workers's compensation lawyer\" width=\"500\" height=\"334\" srcset=\"https:\/\/floridalawyers360.com\/wp-content\/uploads\/2024\/02\/kissimmee-wc2-copy.webp 500w, https:\/\/floridalawyers360.com\/wp-content\/uploads\/2024\/02\/kissimmee-wc2-copy-300x200.webp 300w\" sizes=\"(max-width: 500px) 100vw, 500px\" \/><\/a><\/p>\n<h2>\u00bfQu\u00e9 ocurre despu\u00e9s de la notificaci\u00f3n a la compa\u00f1\u00eda de seguros?<\/h2>\n<p>Es muy com\u00fan que las reclamaciones de seguros para ser abordados por la Compensaci\u00f3n de Trabajadores dentro de las 24 horas una vez que la reclamaci\u00f3n ha sido presentada oficialmente. Ellos van a llamar para explicar inicialmente cu\u00e1les son sus derechos, y cu\u00e1les ser\u00e1n sus responsabilidades, a medida que avanza a trav\u00e9s de este proceso.<\/p>\n<p>Es importante que no pierda esta llamada y, si la pierde, p\u00f3ngase en contacto con ellos lo antes posible. Tambi\u00e9n recibir\u00e1, por correo ordinario, informaci\u00f3n o un folleto sobre sus derechos, los pasos que debe dar y cu\u00e1les son sus responsabilidades despu\u00e9s de presentar la reclamaci\u00f3n.<\/p>\n<p>Esto suele proporcionarlo la Divisi\u00f3n de la Oficina de Asistencia al Empleado de la Divisi\u00f3n de Indemnizaci\u00f3n por Accidentes de Trabajo.<\/p>\n<h2>Visi\u00f3n General De Los M\u00e9dicos De Compensaci\u00f3n Al Trabajador<\/h2>\n<p>Estos son los m\u00e9dicos que son elegidos oficialmente por su empresa, as\u00ed como por la Compensaci\u00f3n de Trabajadores, para actuar en su nombre como el profesional m\u00e9dico que se ocupar\u00e1 de las cuestiones de compensaci\u00f3n de trabajadores. Usted necesita ser tan veraz como sea posible con respecto a lo que condujo a la lesi\u00f3n.<\/p>\n<p>Cualquier pregunta con respecto a su historial m\u00e9dico, y cualquier condici\u00f3n que usted pueda tener en este momento, tambi\u00e9n debe ser presentada durante su reuni\u00f3n inicial.<\/p>\n<p>Es de vital importancia que usted transmita que esto sucedi\u00f3 en el trabajo y que la lesi\u00f3n fue como resultado de trabajar en su establecimiento.<\/p>\n<p>Si usted ha hecho todo esto, y todav\u00eda se enfrenta a problemas de su empleador, es entonces cuando sin duda querr\u00e1 ponerse en contacto con un abogado de Compensaci\u00f3n al Trabajador en Florida que pueda ayudarle.<\/p>\n<h2>Razones para Contratar a un Abogado de Compensaci\u00f3n Laboral en Kissimmee Florida<\/h2>\n<p>Hay tres razones por las que usted debe contratar a un abogado de compensaci\u00f3n de trabajadores antes de hacer cualquiera de este papeleo por su cuenta.<\/p>\n<p>En primer lugar, contratar a uno de estos abogados en Kissimmee Florida no es tan caro como usted se imagina, algo que a menudo impide que la gente siquiera considere esta opci\u00f3n.<\/p>\n<p>Antes de aceptar su caso, usted hablara con este abogado quien determinara si usted tiene un caso o no. Por lo menos, usted est\u00e1 contratando a un abogado en la Florida para proteger sus derechos, algunos de los cuales ni siquiera puede ser consciente de.<\/p>\n<p><a href=\"https:\/\/floridalawyers360.com\/wp-content\/uploads\/2024\/02\/kissimmee-wc3-copy.webp\"><img decoding=\"async\" class=\"alignnone size-full wp-image-3191\" src=\"https:\/\/floridalawyers360.com\/wp-content\/uploads\/2024\/02\/kissimmee-wc3-copy.webp\" alt=\"Work injury claim\" width=\"500\" height=\"334\" srcset=\"https:\/\/floridalawyers360.com\/wp-content\/uploads\/2024\/02\/kissimmee-wc3-copy.webp 500w, https:\/\/floridalawyers360.com\/wp-content\/uploads\/2024\/02\/kissimmee-wc3-copy-300x200.webp 300w\" sizes=\"(max-width: 500px) 100vw, 500px\" \/><\/a><\/p>\n<h2>\u00bfQu\u00e9 debo hacer si me niegan la indemnizaci\u00f3n por accidente laboral en Florida?<\/h2>\n<p>El paso inicial, antes de contactar a un abogado, es primero reunirse con la compa\u00f1\u00eda de seguros de su empleador, y con su empleador, para ver si hay alg\u00fan problema que pueda ser corregido para que sea aprobado. Si no es as\u00ed, entonces querr\u00e1 ponerse en contacto con la EAO para obtener m\u00e1s informaci\u00f3n sobre lo que debe hacer a continuaci\u00f3n.<\/p>\n<h2>\u00bfMe pueden despedir por reclamar una indemnizaci\u00f3n laboral?<\/h2>\n<p>En general, un empleador no puede simplemente tomar represalias contra un empleado despidi\u00e9ndolo si ha presentado una demanda de compensaci\u00f3n de trabajadores. Es por eso que, si esto ocurre, usted debe contratar a un abogado que puede resolver este problema para usted tan pronto como sea posible.<\/p>\n<h2>\u00bfCu\u00e1l es el estatuto de limitaciones para una demanda de compensaci\u00f3n de trabajadores en Florida?<\/h2>\n<p>Usted tiene hasta dos a\u00f1os a partir de la fecha exacta en que se produjo la lesi\u00f3n para presentar su reclamo. Si no lo hace, su petici\u00f3n de beneficios puede ser prohibida para siempre.<\/p>\n<h2>\u00bfEs posible demandar a su empleador por una lesi\u00f3n laboral?<\/h2>\n<p>Si se lesiona en el trabajo, por lo general no puede demandar a su empleador. Sin embargo, tambi\u00e9n puede recibir beneficios incluso si sus acciones contribuyeron al accidente, como por ejemplo si se distrajo.<\/p>\n<h2>\u00bfPuede un contratista independiente presentar una reclamaci\u00f3n de indemnizaci\u00f3n por accidente laboral en Florida?<\/h2>\n<p>Los contratistas independientes no pueden solicitar una indemnizaci\u00f3n por accidente laboral en Florida. El \u00fanico caso en el que un trabajador independiente puede solicitar una indemnizaci\u00f3n por accidente laboral seg\u00fan el art\u00edculo 440.02(15)(c)3) de los Estatutos de Florida es si trabaja o presta servicios en el sector de la construcci\u00f3n.<\/p>\n<h2>\u00bfQu\u00e9 pagar\u00e1 la compensaci\u00f3n de trabajadores en Florida?<\/h2>\n<p>En el estado de Florida, cualquier gasto m\u00e9dico ser\u00e1 pagado por la Compensaci\u00f3n al Trabajador si se trata de una lesi\u00f3n relacionada con el trabajo. Adem\u00e1s, usted debe seguir las recomendaciones del m\u00e9dico en cuanto a la prescripci\u00f3n de tratamientos para que usted sea elegible para ese dinero.<\/p>\n<p>Adem\u00e1s, tambi\u00e9n se cubrir\u00e1n los gastos de desplazamiento para acudir a las diferentes citas con el m\u00e9dico, as\u00ed como los medicamentos recetados. Tambi\u00e9n pueden incluirse los gastos de rehabilitaci\u00f3n y el coste de los salarios perdidos.<\/p>\n<p>En Florida, por ejemplo, el salario semanal medio que recibir\u00e1 ser\u00e1 aproximadamente 2\/3 de lo que suele ganar, con un m\u00e1ximo de casi 600 d\u00f3lares semanales.<\/p>\n<p>La \u00fanica otra cantidad que se pagar\u00e1 es si el m\u00e9dico tratante autorizado le designa una incapacidad parcial permanente, siempre que \u00e9sta se ajuste a las directrices de la Asociaci\u00f3n M\u00e9dica Americana.<\/p>\n<p><a href=\"https:\/\/floridalawyers360.com\/wp-content\/uploads\/2024\/02\/kissimmee-wc4-copy.webp\"><img loading=\"lazy\" decoding=\"async\" class=\"alignnone size-full wp-image-3189\" src=\"https:\/\/floridalawyers360.com\/wp-content\/uploads\/2024\/02\/kissimmee-wc4-copy.webp\" alt=\"Kissimmee Workers' Compensation Lawyer\" width=\"500\" height=\"334\" srcset=\"https:\/\/floridalawyers360.com\/wp-content\/uploads\/2024\/02\/kissimmee-wc4-copy.webp 500w, https:\/\/floridalawyers360.com\/wp-content\/uploads\/2024\/02\/kissimmee-wc4-copy-300x200.webp 300w\" sizes=\"(max-width: 500px) 100vw, 500px\" \/><\/a><\/p>\n<h2>Revise Su Reclamo Con Nuestro Abogado De Compensacion Al Trabajador De Kissimmee<\/h2>\n<p>Si usted ha sido despedido recientemente por su empleador como resultado de la presentaci\u00f3n de una reclamaci\u00f3n de compensaci\u00f3n de trabajadores, que sin duda tendr\u00e1 que ponerse en contacto con un bufete de abogados de compensaci\u00f3n de trabajadores de la Florida.<\/p>\n<p>Incluso si usted tiene preguntas con respecto a lo que debe hacer a continuaci\u00f3n despu\u00e9s de su lesi\u00f3n, hablar con un abogado de compensaci\u00f3n de trabajadores ser\u00eda el mejor enfoque.<\/p>\n<p>Si tiene alguna pregunta, p\u00f3ngase en contacto con Florida Lawyers 360 en el <a href=\"tel:+19544487355\"><i class=\"fa fa-phone-alt\"><\/i>954-448-7355<\/a>.<\/p>\n","protected":false},"excerpt":{"rendered":"<p>Si usted est\u00e1 considerando presentar una demanda de compensaci\u00f3n de trabajadores, pero no est\u00e1 familiarizado con todos los procedimientos, un abogado experto en compensaci\u00f3n de trabajadores Kissimmee en Florida Lawyers 360 puede guiarlo a trav\u00e9s del proceso. Tambi\u00e9n podemos ayudarle a apelar una denegaci\u00f3n o defender sus derechos si ha sido despedido ilegalmente por presentar [&hellip;]<\/p>\n","protected":false},"author":22,"featured_media":0,"parent":5807,"menu_order":0,"comment_status":"closed","ping_status":"closed","template":"","meta":{"_acf_changed":false,"anchor_text":"","footnotes":""},"categories":[],"tags":[],"class_list":["post-5817","page","type-page","status-publish","hentry"],"acf":[],"_links":{"self":[{"href":"https:\/\/floridalawyers360.com\/es\/wp-json\/wp\/v2\/pages\/5817","targetHints":{"allow":["GET"]}}],"collection":[{"href":"https:\/\/floridalawyers360.com\/es\/wp-json\/wp\/v2\/pages"}],"about":[{"href":"https:\/\/floridalawyers360.com\/es\/wp-json\/wp\/v2\/types\/page"}],"author":[{"embeddable":true,"href":"https:\/\/floridalawyers360.com\/es\/wp-json\/wp\/v2\/users\/22"}],"replies":[{"embeddable":true,"href":"https:\/\/floridalawyers360.com\/es\/wp-json\/wp\/v2\/comments?post=5817"}],"version-history":[{"count":3,"href":"https:\/\/floridalawyers360.com\/es\/wp-json\/wp\/v2\/pages\/5817\/revisions"}],"predecessor-version":[{"id":5820,"href":"https:\/\/floridalawyers360.com\/es\/wp-json\/wp\/v2\/pages\/5817\/revisions\/5820"}],"up":[{"embeddable":true,"href":"https:\/\/floridalawyers360.com\/es\/wp-json\/wp\/v2\/pages\/5807"}],"wp:attachment":[{"href":"https:\/\/floridalawyers360.com\/es\/wp-json\/wp\/v2\/media?parent=5817"}],"wp:term":[{"taxonomy":"category","embeddable":true,"href":"https:\/\/floridalawyers360.com\/es\/wp-json\/wp\/v2\/categories?post=5817"},{"taxonomy":"post_tag","embeddable":true,"href":"https:\/\/floridalawyers360.com\/es\/wp-json\/wp\/v2\/tags?post=5817"}],"curies":[{"name":"wp","href":"https:\/\/api.w.org\/{rel}","templated":true}]}}