{"id":5813,"date":"2024-02-14T08:53:23","date_gmt":"2024-02-14T13:53:23","guid":{"rendered":"https:\/\/floridalawyers360.com\/kissimmee\/kissimmee-personal-injury-lawyer\/"},"modified":"2024-03-12T05:25:01","modified_gmt":"2024-03-12T10:25:01","slug":"kissimmee-abogado-de-lesiones-personales","status":"publish","type":"page","link":"https:\/\/floridalawyers360.com\/es\/kissimmee\/kissimmee-abogado-de-lesiones-personales\/","title":{"rendered":"Kissimmee Abogado de Lesiones Personales"},"content":{"rendered":"<p>\u00bfHa sufrido usted o un ser querido lesiones corporales tras un accidente? Usted puede ser elegible para una compensaci\u00f3n por sus lesiones.<\/p>\n<p>En Florida Lawyers 360, entendemos que cuando su salud y bienestar est\u00e1n en juego, usted no puede darse el lujo de correr riesgos y s\u00f3lo quiere la mejor representaci\u00f3n.<\/p>\n<p>Usted necesitar\u00e1 un abogado de lesiones personales Kissimmee dedicado que tiene experiencia y entiende las demandas por lesiones personales a trav\u00e9s y por medio.<\/p>\n<p>Florida Lawyers 360 han servido a clientes lesionados en toda la Florida, incluyendo Kissimmee, durante a\u00f1os. Proporcionamos servicios legales de primer nivel con respecto a todo tipo de demandas por lesiones corporales que van desde accidentes automovil\u00edsticos hasta lesiones en el lugar de trabajo.<\/p>\n<p>Entendemos que lidiar con una demanda mientras se concentra en su recuperaci\u00f3n puede ser extremadamente estresante para los afectados y sus familias. Nuestro objetivo es manejar los casos de lesiones personales de forma r\u00e1pida y eficiente para que pueda abrir el siguiente cap\u00edtulo de su vida.<\/p>\n<p>P\u00f3ngase en contacto con nuestro bufete de abogados de lesiones personales de la Florida hoy en <a href=\"tel:+19544487355\"><i class=\"fa fa-phone-alt\"><\/i>954-448-7355<\/a> para buscar la compensaci\u00f3n que se merece.<\/p>\n\t\t<div data-elementor-type=\"section\" data-elementor-id=\"208\" class=\"elementor elementor-208\" data-elementor-post-type=\"elementor_library\">\n\t\t\t\t\t<section class=\"elementor-section elementor-top-section elementor-element elementor-element-485e576a elementor-section-boxed elementor-section-height-default elementor-section-height-default\" data-id=\"485e576a\" data-element_type=\"section\" data-e-type=\"section\">\n\t\t\t\t\t\t<div class=\"elementor-container elementor-column-gap-default\">\n\t\t\t\t\t<div class=\"elementor-column elementor-col-100 elementor-top-column elementor-element elementor-element-635c38c0\" data-id=\"635c38c0\" data-element_type=\"column\" data-e-type=\"column\">\n\t\t\t<div class=\"elementor-widget-wrap elementor-element-populated\">\n\t\t\t\t\t\t<div class=\"elementor-element elementor-element-3ba95c8a elementor-toc--minimized-on-tablet elementor-widget elementor-widget-table-of-contents\" data-id=\"3ba95c8a\" data-element_type=\"widget\" data-e-type=\"widget\" data-settings=\"{&quot;exclude_headings_by_selector&quot;:&quot;.toc-remove&quot;,&quot;headings_by_tags&quot;:[&quot;h2&quot;,&quot;h3&quot;],&quot;marker_view&quot;:&quot;numbers&quot;,&quot;no_headings_message&quot;:&quot;No se ha encontrado ning\\u00fan encabezado en esta p\\u00e1gina.&quot;,&quot;minimize_box&quot;:&quot;yes&quot;,&quot;minimized_on&quot;:&quot;tablet&quot;,&quot;hierarchical_view&quot;:&quot;yes&quot;,&quot;min_height&quot;:{&quot;unit&quot;:&quot;px&quot;,&quot;size&quot;:&quot;&quot;,&quot;sizes&quot;:[]},&quot;min_height_tablet&quot;:{&quot;unit&quot;:&quot;px&quot;,&quot;size&quot;:&quot;&quot;,&quot;sizes&quot;:[]},&quot;min_height_mobile&quot;:{&quot;unit&quot;:&quot;px&quot;,&quot;size&quot;:&quot;&quot;,&quot;sizes&quot;:[]}}\" data-widget_type=\"table-of-contents.default\">\n\t\t\t\t\t\t\t\t\t<div class=\"elementor-toc__header\">\n\t\t\t\t\t\t<div class=\"elementor-toc__header-title\">\n\t\t\t\tTable of Contents\t\t\t<\/div>\n\t\t\t\t\t\t\t\t\t\t<div class=\"elementor-toc__toggle-button elementor-toc__toggle-button--expand\" role=\"button\" tabindex=\"0\" aria-controls=\"elementor-toc__3ba95c8a\" aria-expanded=\"true\" aria-label=\"Abrir la tabla de contenidos\"><svg aria-hidden=\"true\" class=\"e-font-icon-svg e-fas-chevron-down\" viewBox=\"0 0 448 512\" xmlns=\"http:\/\/www.w3.org\/2000\/svg\"><path d=\"M207.029 381.476L12.686 187.132c-9.373-9.373-9.373-24.569 0-33.941l22.667-22.667c9.357-9.357 24.522-9.375 33.901-.04L224 284.505l154.745-154.021c9.379-9.335 24.544-9.317 33.901.04l22.667 22.667c9.373 9.373 9.373 24.569 0 33.941L240.971 381.476c-9.373 9.372-24.569 9.372-33.942 0z\"><\/path><\/svg><\/div>\n\t\t\t\t<div class=\"elementor-toc__toggle-button elementor-toc__toggle-button--collapse\" role=\"button\" tabindex=\"0\" aria-controls=\"elementor-toc__3ba95c8a\" aria-expanded=\"true\" aria-label=\"Cerrar la tabla de contenidos\"><svg aria-hidden=\"true\" class=\"e-font-icon-svg e-fas-chevron-up\" viewBox=\"0 0 448 512\" xmlns=\"http:\/\/www.w3.org\/2000\/svg\"><path d=\"M240.971 130.524l194.343 194.343c9.373 9.373 9.373 24.569 0 33.941l-22.667 22.667c-9.357 9.357-24.522 9.375-33.901.04L224 227.495 69.255 381.516c-9.379 9.335-24.544 9.317-33.901-.04l-22.667-22.667c-9.373-9.373-9.373-24.569 0-33.941L207.03 130.525c9.372-9.373 24.568-9.373 33.941-.001z\"><\/path><\/svg><\/div>\n\t\t\t\t\t<\/div>\n\t\t\t\t<div id=\"elementor-toc__3ba95c8a\" class=\"elementor-toc__body\">\n\t\t\t<div class=\"elementor-toc__spinner-container\">\n\t\t\t\t<svg class=\"elementor-toc__spinner eicon-animation-spin e-font-icon-svg e-eicon-loading\" aria-hidden=\"true\" viewBox=\"0 0 1000 1000\" xmlns=\"http:\/\/www.w3.org\/2000\/svg\"><path d=\"M500 975V858C696 858 858 696 858 500S696 142 500 142 142 304 142 500H25C25 237 238 25 500 25S975 237 975 500 763 975 500 975Z\"><\/path><\/svg>\t\t\t<\/div>\n\t\t<\/div>\n\t\t\t\t\t\t<\/div>\n\t\t\t\t\t<\/div>\n\t\t<\/div>\n\t\t\t\t\t<\/div>\n\t\t<\/section>\n\t\t\t\t<\/div>\n\t\t\n<h2>\u00bfQu\u00e9 debo hacer tras sufrir una lesi\u00f3n corporal?<\/h2>\n<p>A menudo hay mucho shock, miedo, confusi\u00f3n e incertidumbre despu\u00e9s de un accidente que resulta en una lesi\u00f3n corporal. Es posible que se encuentre perdido y desconozca los pasos a seguir para garantizar su seguridad y comenzar su demanda por lesiones personales contra la parte responsable de su lesi\u00f3n.<\/p>\n<p>A continuaci\u00f3n se indican los pasos que puede dar para proteger sus intereses inmediatamente despu\u00e9s de un accidente:<\/p>\n<h3>Busque atenci\u00f3n m\u00e9dica<\/h3>\n<p>Si se ha lesionado, busque tratamiento m\u00e9dico de inmediato. Si se trata de una emergencia, p\u00f3ngase en contacto con los servicios de emergencia para que env\u00eden una ambulancia al lugar donde se encuentra.<\/p>\n<p>Recibir tratamiento m\u00e9dico inmediatamente despu\u00e9s de un accidente no s\u00f3lo podr\u00eda mejorar sus probabilidades de recuperarse por completo, sino que tambi\u00e9n podr\u00eda ayudar a documentar sus lesiones. Establecer una conexi\u00f3n entre un accidente y sus lesiones es una parte integral de su demanda por lesiones personales.<\/p>\n<p><a href=\"https:\/\/floridalawyers360.com\/wp-content\/uploads\/2024\/02\/kissimmee-pi1-copy.webp\"><img fetchpriority=\"high\" decoding=\"async\" class=\"alignnone size-full wp-image-3196\" src=\"https:\/\/floridalawyers360.com\/wp-content\/uploads\/2024\/02\/kissimmee-pi1-copy.webp\" alt=\"After a personal injury, get medical attention\" width=\"500\" height=\"334\" srcset=\"https:\/\/floridalawyers360.com\/wp-content\/uploads\/2024\/02\/kissimmee-pi1-copy.webp 500w, https:\/\/floridalawyers360.com\/wp-content\/uploads\/2024\/02\/kissimmee-pi1-copy-300x200.webp 300w\" sizes=\"(max-width: 500px) 100vw, 500px\" \/><\/a><\/p>\n<h3>Documente el accidente y sus lesiones<\/h3>\n<p>Si puede hacerlo sin peligro, permanezca en el lugar del accidente y aproveche para documentar lo sucedido. Una vez que abandone la escena, lo m\u00e1s probable es que las pruebas sean limpiadas, alteradas de alguna manera, o incluso destruidas.<\/p>\n<p>Si tienes tu tel\u00e9fono o c\u00e1mara, haz fotos de los factores relacionados con el accidente, incluyendo:<\/p>\n<ul>\n<li>Escombros<\/li>\n<li>La evoluci\u00f3n de tus lesiones<\/li>\n<li>Fotos amplias que muestren toda la escena<\/li>\n<\/ul>\n<h3>Obtenga informaci\u00f3n de contacto de los testigos<\/h3>\n<p>Normalmente, si se trata de un accidente de tr\u00e1fico, la polic\u00eda obtendr\u00e1 esta informaci\u00f3n. Sin embargo, si se lesion\u00f3 en el trabajo o en un local p\u00fablico o privado, le corresponde a usted obtener los nombres, direcciones de correo electr\u00f3nico, direcciones y n\u00fameros de tel\u00e9fono de cualquier testigo o persona implicada en el accidente.<\/p>\n<p>Puedes utilizar esa informaci\u00f3n para que tu abogado se ponga en contacto con ellos y te ayude a reforzar tu caso.<\/p>\n<h3>Informe del incidente<\/h3>\n<p>Tanto si el accidente ocurri\u00f3 en el trabajo, en una propiedad privada o p\u00fablica, como si fue un accidente de tr\u00e1fico, es imprescindible que denuncies el incidente.<\/p>\n<p>En el caso de un accidente laboral, aseg\u00farate de informar a tu supervisor o empleador. Si te has hecho da\u00f1o en una propiedad p\u00fablica o privada, informa del incidente al administrador de la propiedad y llama a la polic\u00eda. Si has sufrido un accidente de coche, llama inmediatamente al 911.<\/p>\n<h3>Nunca admitas la culpa<\/h3>\n<p>Evite hablar de los factores que rodearon el accidente y nunca admita culpa o culpabilidad.<\/p>\n<h3>P\u00f3ngase en contacto con un abogado de lesiones personales<\/h3>\n<p>Tal vez la segunda cosa m\u00e1s importante que debe hacer despu\u00e9s de sufrir una lesi\u00f3n es ponerse en contacto con un abogado de lesiones personales. Su abogado puede proteger sus derechos e intereses de principio a fin y ayudarle a obtener la indemnizaci\u00f3n justa que le corresponde.<\/p>\n<p><a href=\"https:\/\/floridalawyers360.com\/wp-content\/uploads\/2024\/02\/kissimmee-pi2-copy.webp\"><img decoding=\"async\" class=\"alignnone size-full wp-image-3197\" src=\"https:\/\/floridalawyers360.com\/wp-content\/uploads\/2024\/02\/kissimmee-pi2-copy.webp\" alt=\"Contact a personal injury lawyer in Kissimmee\" width=\"500\" height=\"334\" srcset=\"https:\/\/floridalawyers360.com\/wp-content\/uploads\/2024\/02\/kissimmee-pi2-copy.webp 500w, https:\/\/floridalawyers360.com\/wp-content\/uploads\/2024\/02\/kissimmee-pi2-copy-300x200.webp 300w\" sizes=\"(max-width: 500px) 100vw, 500px\" \/><\/a><\/p>\n<h2>\u00bfPor qu\u00e9 necesito un abogado despu\u00e9s de sufrir una lesi\u00f3n?<\/h2>\n<p>Si usted ha sido herido debido a la negligencia de otro, p\u00f3ngase en contacto con los abogados con experiencia en lesiones personales en la Florida Abogados 360 que tienen experiencia en el avance de todo tipo de casos de lesiones personales.<\/p>\n<p>He aqu\u00ed c\u00f3mo podemos ayudarle:<\/p>\n<h3>Preparaci\u00f3n del caso\/presentaci\u00f3n de la demanda<\/h3>\n<p>Obtener lo que se merece requiere una investigaci\u00f3n meticulosa y un equipo comprometido y capacitado. Tenemos el equipo y los recursos para recopilar pruebas vitales para hacer el trabajo y presentar su demanda a tiempo.<\/p>\n<h3>Negociaciones de conciliaci\u00f3n<\/h3>\n<p>A menudo, las compa\u00f1\u00edas de seguros y los abogados de las partes culpables quieren resolver el caso r\u00e1pidamente pagando un acuerdo mediocre. Nuestros abogados pueden encargarse de todas las comunicaciones con las compa\u00f1\u00edas de seguros y asegurarse de que usted sea compensado completamente por sus lesiones.<\/p>\n<h3>Preparaci\u00f3n de Juicios y Representaci\u00f3n<\/h3>\n<p>Tenemos la experiencia y los conocimientos para representar su caso de lesiones personales en los tribunales.<\/p>\n<h2>\u00bfQu\u00e9 da\u00f1os puedo recuperar por lesiones personales en Florida?<\/h2>\n<p>Si usted o un miembro de su familia ha sido herido en un accidente, hay tres categor\u00edas de \u00abda\u00f1os\u00bb que usted puede ser capaz de obtener, incluyendo:<\/p>\n<ul>\n<li><strong>Da\u00f1os Econ\u00f3micos<\/strong>: Esto puede incluir la p\u00e9rdida de ingresos, la reducci\u00f3n de la capacidad de ganancia, y los gastos m\u00e9dicos pasados y futuros.<\/li>\n<li><strong>Da\u00f1os no econ\u00f3micos<\/strong>: Florida permite a las v\u00edctimas recuperar una indemnizaci\u00f3n por estr\u00e9s emocional, dolor y sufrimiento, p\u00e9rdida del disfrute de la vida \/ deterioro de la calidad de vida.<\/li>\n<li><strong>Acciones Punitivas<\/strong>: Se utilizan en determinados casos para castigar a los demandados por negligencia grave o mala conducta intencionada.<\/li>\n<\/ul>\n<h2>\u00bfC\u00f3mo se determina la responsabilidad o la culpa en Florida?<\/h2>\n<p>Florida sigue la norma de \u00abnegligencia comparativa pura\u00bb. En t\u00e9rminos simples, no hay un umbral para que los demandantes por lesiones personales reciban una indemnizaci\u00f3n. Los demandantes todav\u00eda pueden reclamar una indemnizaci\u00f3n por da\u00f1os y perjuicios, incluso si su porcentaje de culpa supera a los acusados.<\/p>\n<p>Adem\u00e1s, los demandantes por lesiones personales deben probar la negligencia para recibir una indemnizaci\u00f3n. Para probar la negligencia, el demandante debe satisfacer los cuatro elementos de la negligencia:<\/p>\n<ol>\n<li><strong>Existencia de deber de diligencia<\/strong>: Demostrar que el demandado ten\u00eda un deber de diligencia con el demandante.<\/li>\n<li><strong>Incumplimiento del deber de diligencia<\/strong>: Demostrar que las acciones u omisiones del demandado incumplieron la obligaci\u00f3n de diligencia debida.<\/li>\n<li><strong>Causalidad<\/strong>: Demostrar que fue la conducta o inacci\u00f3n del demandado lo que provoc\u00f3 las lesiones del demandante y no otra cosa.<\/li>\n<li><strong>Da\u00f1os y perjuicios<\/strong>: Demostrar que el demandante sufri\u00f3 \u00abda\u00f1os\u00bb -en este caso, una lesi\u00f3n corporal- como resultado de la conducta o inacci\u00f3n del demandado.<\/li>\n<\/ol>\n<p>&nbsp;<\/p>\n<p><a href=\"https:\/\/floridalawyers360.com\/wp-content\/uploads\/2024\/02\/kissimmee-pi3-copy.webp\"><img decoding=\"async\" class=\"alignnone size-full wp-image-3198\" src=\"https:\/\/floridalawyers360.com\/wp-content\/uploads\/2024\/02\/kissimmee-pi3-copy.webp\" alt=\"File a claim with a personal injury lawyer\" width=\"500\" height=\"334\" srcset=\"https:\/\/floridalawyers360.com\/wp-content\/uploads\/2024\/02\/kissimmee-pi3-copy.webp 500w, https:\/\/floridalawyers360.com\/wp-content\/uploads\/2024\/02\/kissimmee-pi3-copy-300x200.webp 300w\" sizes=\"(max-width: 500px) 100vw, 500px\" \/><\/a><\/p>\n<h2>\u00bfDe cu\u00e1nto tiempo dispongo para presentar una demanda por lesiones personales en Florida?<\/h2>\n<p>Las personas lesionadas por la negligencia de alguien en Florida disponen de cuatro a\u00f1os a partir de la fecha de descubrimiento de la lesi\u00f3n o de la fecha del accidente para presentar una demanda ante los tribunales civiles de Florida. Aunque existen excepciones, lo mejor es actuar con rapidez y consultar a un abogado.<\/p>\n<h2>Tipos de casos de lesiones personales en los que los abogados de Florida Lawyers 360 pueden ayudarle<\/h2>\n<p>Florida Lawyers 360 tiene abogados de lesiones personales con la experiencia, tenacidad, conocimiento y compasi\u00f3n para conseguirle la m\u00e1xima compensaci\u00f3n recuperable para su caso de lesiones personales. Nuestro bufete de abogados se enorgullece de manejar una amplia gama de demandas por lesiones, incluyendo:<\/p>\n<ul>\n<li>Accidentes de tr\u00e1fico<\/li>\n<li>Indemnizaci\u00f3n por accidente laboral<\/li>\n<\/ul>\n<h2>P\u00f3ngase en contacto con nuestros abogados expertos en lesiones personales de Kissimmee<\/h2>\n<p>Nuestra dedicaci\u00f3n a los intereses de nuestros clientes y nuestros a\u00f1os de experiencia nos han ense\u00f1ado que cada batalla legal es \u00fanica.<\/p>\n<p>Afortunadamente, tenemos los recursos para ayudar &#8211; independientemente de su situaci\u00f3n. En Florida Lawyers 360, estamos comprometidos a ayudar a las personas lesionadas a obtener una compensaci\u00f3n por el da\u00f1o causado.<\/p>\n<p>Llame a nuestros abogados de lesiones personales de Kissimmee al <a href=\"tel:+19544487355\"><i class=\"fa fa-phone-alt\"><\/i>954-448-7355<\/a> para programar una consulta gratuita y sin riesgo sobre su caso de lesiones, o llene nuestro formulario de contacto en l\u00ednea.<\/p>\n","protected":false},"excerpt":{"rendered":"<p>\u00bfHa sufrido usted o un ser querido lesiones corporales tras un accidente? Usted puede ser elegible para una compensaci\u00f3n por sus lesiones. En Florida Lawyers 360, entendemos que cuando su salud y bienestar est\u00e1n en juego, usted no puede darse el lujo de correr riesgos y s\u00f3lo quiere la mejor representaci\u00f3n. Usted necesitar\u00e1 un abogado [&hellip;]<\/p>\n","protected":false},"author":22,"featured_media":0,"parent":5807,"menu_order":0,"comment_status":"closed","ping_status":"closed","template":"","meta":{"_acf_changed":false,"anchor_text":"","footnotes":""},"categories":[],"tags":[],"class_list":["post-5813","page","type-page","status-publish","hentry"],"acf":[],"_links":{"self":[{"href":"https:\/\/floridalawyers360.com\/es\/wp-json\/wp\/v2\/pages\/5813","targetHints":{"allow":["GET"]}}],"collection":[{"href":"https:\/\/floridalawyers360.com\/es\/wp-json\/wp\/v2\/pages"}],"about":[{"href":"https:\/\/floridalawyers360.com\/es\/wp-json\/wp\/v2\/types\/page"}],"author":[{"embeddable":true,"href":"https:\/\/floridalawyers360.com\/es\/wp-json\/wp\/v2\/users\/22"}],"replies":[{"embeddable":true,"href":"https:\/\/floridalawyers360.com\/es\/wp-json\/wp\/v2\/comments?post=5813"}],"version-history":[{"count":3,"href":"https:\/\/floridalawyers360.com\/es\/wp-json\/wp\/v2\/pages\/5813\/revisions"}],"predecessor-version":[{"id":5816,"href":"https:\/\/floridalawyers360.com\/es\/wp-json\/wp\/v2\/pages\/5813\/revisions\/5816"}],"up":[{"embeddable":true,"href":"https:\/\/floridalawyers360.com\/es\/wp-json\/wp\/v2\/pages\/5807"}],"wp:attachment":[{"href":"https:\/\/floridalawyers360.com\/es\/wp-json\/wp\/v2\/media?parent=5813"}],"wp:term":[{"taxonomy":"category","embeddable":true,"href":"https:\/\/floridalawyers360.com\/es\/wp-json\/wp\/v2\/categories?post=5813"},{"taxonomy":"post_tag","embeddable":true,"href":"https:\/\/floridalawyers360.com\/es\/wp-json\/wp\/v2\/tags?post=5813"}],"curies":[{"name":"wp","href":"https:\/\/api.w.org\/{rel}","templated":true}]}}