{"id":5809,"date":"2024-02-14T08:49:27","date_gmt":"2024-02-14T13:49:27","guid":{"rendered":"https:\/\/floridalawyers360.com\/kissimmee\/kissimmee-car-accident-lawyer\/"},"modified":"2024-03-12T05:14:09","modified_gmt":"2024-03-12T10:14:09","slug":"kissimmee-abogado-de-accidente-de-coche","status":"publish","type":"page","link":"https:\/\/floridalawyers360.com\/es\/kissimmee\/kissimmee-abogado-de-accidente-de-coche\/","title":{"rendered":"Kissimmee Abogado de Accidente de Coche"},"content":{"rendered":"<p>\u00bfHa sufrido usted o un ser querido un accidente de tr\u00e1fico? Tanto si ha sufrido lesiones leves como si ha resultado gravemente herido, necesita una compensaci\u00f3n. Por eso necesita contratar al mejor abogado de accidentes automovil\u00edsticos en Kissimmee.<\/p>\n<p>Gracias a Florida Lawyers 360, usted est\u00e1 cubierto. Con nuestra amplia experiencia en el manejo de accidentes automovil\u00edsticos, podemos asegurarnos de que usted reciba la indemnizaci\u00f3n que le corresponde. Ll\u00e1menos al [tel\u00e9fono] y haga una cita con los mejores abogados de lesiones personales en Kissimmee.<\/p>\n\t\t<div data-elementor-type=\"section\" data-elementor-id=\"208\" class=\"elementor elementor-208\" data-elementor-post-type=\"elementor_library\">\n\t\t\t\t\t<section class=\"elementor-section elementor-top-section elementor-element elementor-element-485e576a elementor-section-boxed elementor-section-height-default elementor-section-height-default\" data-id=\"485e576a\" data-element_type=\"section\" data-e-type=\"section\">\n\t\t\t\t\t\t<div class=\"elementor-container elementor-column-gap-default\">\n\t\t\t\t\t<div class=\"elementor-column elementor-col-100 elementor-top-column elementor-element elementor-element-635c38c0\" data-id=\"635c38c0\" data-element_type=\"column\" data-e-type=\"column\">\n\t\t\t<div class=\"elementor-widget-wrap elementor-element-populated\">\n\t\t\t\t\t\t<div class=\"elementor-element elementor-element-3ba95c8a elementor-toc--minimized-on-tablet elementor-widget elementor-widget-table-of-contents\" data-id=\"3ba95c8a\" data-element_type=\"widget\" data-e-type=\"widget\" data-settings=\"{&quot;exclude_headings_by_selector&quot;:&quot;.toc-remove&quot;,&quot;headings_by_tags&quot;:[&quot;h2&quot;,&quot;h3&quot;],&quot;marker_view&quot;:&quot;numbers&quot;,&quot;no_headings_message&quot;:&quot;No se ha encontrado ning\\u00fan encabezado en esta p\\u00e1gina.&quot;,&quot;minimize_box&quot;:&quot;yes&quot;,&quot;minimized_on&quot;:&quot;tablet&quot;,&quot;hierarchical_view&quot;:&quot;yes&quot;,&quot;min_height&quot;:{&quot;unit&quot;:&quot;px&quot;,&quot;size&quot;:&quot;&quot;,&quot;sizes&quot;:[]},&quot;min_height_tablet&quot;:{&quot;unit&quot;:&quot;px&quot;,&quot;size&quot;:&quot;&quot;,&quot;sizes&quot;:[]},&quot;min_height_mobile&quot;:{&quot;unit&quot;:&quot;px&quot;,&quot;size&quot;:&quot;&quot;,&quot;sizes&quot;:[]}}\" data-widget_type=\"table-of-contents.default\">\n\t\t\t\t\t\t\t\t\t<div class=\"elementor-toc__header\">\n\t\t\t\t\t\t<div class=\"elementor-toc__header-title\">\n\t\t\t\tTable of Contents\t\t\t<\/div>\n\t\t\t\t\t\t\t\t\t\t<div class=\"elementor-toc__toggle-button elementor-toc__toggle-button--expand\" role=\"button\" tabindex=\"0\" aria-controls=\"elementor-toc__3ba95c8a\" aria-expanded=\"true\" aria-label=\"Abrir la tabla de contenidos\"><svg aria-hidden=\"true\" class=\"e-font-icon-svg e-fas-chevron-down\" viewBox=\"0 0 448 512\" xmlns=\"http:\/\/www.w3.org\/2000\/svg\"><path d=\"M207.029 381.476L12.686 187.132c-9.373-9.373-9.373-24.569 0-33.941l22.667-22.667c9.357-9.357 24.522-9.375 33.901-.04L224 284.505l154.745-154.021c9.379-9.335 24.544-9.317 33.901.04l22.667 22.667c9.373 9.373 9.373 24.569 0 33.941L240.971 381.476c-9.373 9.372-24.569 9.372-33.942 0z\"><\/path><\/svg><\/div>\n\t\t\t\t<div class=\"elementor-toc__toggle-button elementor-toc__toggle-button--collapse\" role=\"button\" tabindex=\"0\" aria-controls=\"elementor-toc__3ba95c8a\" aria-expanded=\"true\" aria-label=\"Cerrar la tabla de contenidos\"><svg aria-hidden=\"true\" class=\"e-font-icon-svg e-fas-chevron-up\" viewBox=\"0 0 448 512\" xmlns=\"http:\/\/www.w3.org\/2000\/svg\"><path d=\"M240.971 130.524l194.343 194.343c9.373 9.373 9.373 24.569 0 33.941l-22.667 22.667c-9.357 9.357-24.522 9.375-33.901.04L224 227.495 69.255 381.516c-9.379 9.335-24.544 9.317-33.901-.04l-22.667-22.667c-9.373-9.373-9.373-24.569 0-33.941L207.03 130.525c9.372-9.373 24.568-9.373 33.941-.001z\"><\/path><\/svg><\/div>\n\t\t\t\t\t<\/div>\n\t\t\t\t<div id=\"elementor-toc__3ba95c8a\" class=\"elementor-toc__body\">\n\t\t\t<div class=\"elementor-toc__spinner-container\">\n\t\t\t\t<svg class=\"elementor-toc__spinner eicon-animation-spin e-font-icon-svg e-eicon-loading\" aria-hidden=\"true\" viewBox=\"0 0 1000 1000\" xmlns=\"http:\/\/www.w3.org\/2000\/svg\"><path d=\"M500 975V858C696 858 858 696 858 500S696 142 500 142 142 304 142 500H25C25 237 238 25 500 25S975 237 975 500 763 975 500 975Z\"><\/path><\/svg>\t\t\t<\/div>\n\t\t<\/div>\n\t\t\t\t\t\t<\/div>\n\t\t\t\t\t<\/div>\n\t\t<\/div>\n\t\t\t\t\t<\/div>\n\t\t<\/section>\n\t\t\t\t<\/div>\n\t\t\n<h2>\u00bfCu\u00e1nto cuesta un abogado de accidentes de tr\u00e1fico?<\/h2>\n<p>\u00bfLe preocupa que contratar a un abogado para su reclamaci\u00f3n por accidente de tr\u00e1fico pueda ser demasiado caro? Bueno, si usted ha sido gravemente herido en un accidente de coche, los gastos m\u00e9dicos es probable que se acumulan.<\/p>\n<p>Es por eso que usted necesita contratar a un abogado que pueda ayudarle a obtener la compensaci\u00f3n que se merece para manejar sus gastos m\u00e9dicos y cualquier otra cosa que surja como resultado del accidente de coche.<\/p>\n<p>Por supuesto, al contratar a Florida Lawyers 360, usted no necesita preocuparse por los honorarios legales al principio porque trabajamos sobre una base de contingencia. En pocas palabras, s\u00f3lo se le cobrar\u00e1 por nuestros servicios una vez que haya recibido la compensaci\u00f3n que se merece.<\/p>\n<p>Con esta pol\u00edtica, puede estar seguro de que trabajamos sin descanso para asegurarnos de ganar su caso. Ll\u00e1menos ahora y d\u00e9jenos empezar a trabajar en su caso.<\/p>\n<h2>\u00bfQu\u00e9 debo hacer despu\u00e9s de un accidente de coche en Kissimmee, FL?<\/h2>\n<p>Si usted ha estado involucrado en un accidente de coche, aqu\u00ed hay algunas cosas que usted necesita hacer inmediatamente.<\/p>\n<h3>P\u00f3ngase en Contacto con la Polic\u00eda<\/h3>\n<p>En primer lugar, debe llamar a la polic\u00eda para asegurarse de que registran la escena del accidente. Toma los datos del agente de polic\u00eda que se encuentre en el lugar del accidente para que puedas hacer un seguimiento del informe policial que utilizar\u00e1s en tu reclamaci\u00f3n de indemnizaci\u00f3n.<\/p>\n<h3>No abandones el lugar del accidente<\/h3>\n<p>Independientemente de que hayas causado o no el accidente, no abandones el lugar del accidente. Si usted caus\u00f3 el accidente de coche y abandona la escena, ser\u00e1 clasificado como un conductor que se dio a la fuga y es un delito grave.<\/p>\n<p>En lugar de salir, es necesario comprobar en todos los dem\u00e1s en la escena del accidente. Aseg\u00farese de que est\u00e1n a una distancia segura y no est\u00e1n gravemente heridos.<\/p>\n<p><a href=\"https:\/\/floridalawyers360.com\/wp-content\/uploads\/2024\/02\/kissimmee-car-acc1-copy.webp\"><img fetchpriority=\"high\" decoding=\"async\" class=\"alignnone size-full wp-image-3208\" src=\"https:\/\/floridalawyers360.com\/wp-content\/uploads\/2024\/02\/kissimmee-car-acc1-copy.webp\" alt=\"Kissimmee Car Accident\" width=\"500\" height=\"334\" srcset=\"https:\/\/floridalawyers360.com\/wp-content\/uploads\/2024\/02\/kissimmee-car-acc1-copy.webp 500w, https:\/\/floridalawyers360.com\/wp-content\/uploads\/2024\/02\/kissimmee-car-acc1-copy-300x200.webp 300w\" sizes=\"(max-width: 500px) 100vw, 500px\" \/><\/a><\/p>\n<h3>Intercambiar informaci\u00f3n<\/h3>\n<p>A continuaci\u00f3n, debes intercambiar informaci\u00f3n de contacto y del seguro con todas las personas que se encontraban en el lugar del accidente. Sus declaraciones ser\u00e1n \u00fatiles durante la reclamaci\u00f3n de indemnizaci\u00f3n.<\/p>\n<h3>Grabe el lugar del accidente<\/h3>\n<p>Haz v\u00eddeos y fotos del lugar del accidente. Esta informaci\u00f3n se utilizar\u00e1 en la reclamaci\u00f3n de indemnizaci\u00f3n para identificar la causa del accidente y las partes responsables.<\/p>\n<h3>Nunca admitas la culpa<\/h3>\n<p>Cuando est\u00e9s controlando a las otras partes en el lugar del accidente o intercambiando informaci\u00f3n, aseg\u00farate de no admitir la culpa. Si pide perd\u00f3n o se disculpa por el accidente, se utilizar\u00e1 en su contra. Tenga cuidado con lo que dice.<\/p>\n<h3>Busque atenci\u00f3n m\u00e9dica<\/h3>\n<p>Si sufres lesiones graves despu\u00e9s del accidente, debes buscar atenci\u00f3n m\u00e9dica. Aseg\u00farate de obtener los informes m\u00e9dicos del lugar del accidente o del hospital si tienes que ir all\u00ed. De esta forma, tendr\u00e1 pruebas suficientes sobre el accidente y las lesiones sufridas.<\/p>\n<h3>Llame a un abogado de accidentes de tr\u00e1fico en Kissimmee<\/h3>\n<p>Usted necesita comenzar a trabajar en su reclamo de compensaci\u00f3n tan pronto como sea posible. Por lo tanto, necesita llamar a un abogado de accidentes de coche inmediatamente.<\/p>\n<p>Florida Lawyers 360 est\u00e1 aqu\u00ed para ayudar inmediatamente despu\u00e9s de un accidente de coche. Si no est\u00e1 seguro de c\u00f3mo proceder con su reclamo de compensaci\u00f3n, estamos listos para comenzar a trabajar en su caso y asegurarnos de que reciba una compensaci\u00f3n justa por las lesiones sufridas despu\u00e9s de un accidente automovil\u00edstico en Kissimmee, FL.<\/p>\n<h2>\u00bfCu\u00e1ndo debo buscar un abogado para mi accidente de coche?<\/h2>\n<p>En Florida, el estatuto de limitaciones despu\u00e9s de un accidente de coche es de 4 a\u00f1os. En pocas palabras, si usted presenta su reclamaci\u00f3n despu\u00e9s de cuatro a\u00f1os, se considerar\u00e1 nula y sin efecto por lo que no recibir\u00e1 su compensaci\u00f3n.<\/p>\n<p>Usted necesita contratar a Florida Abogados 360 inmediatamente despu\u00e9s del accidente de coche para asegurarse de que su reclamaci\u00f3n se presenta dentro de los 4 a\u00f1os despu\u00e9s de la fecha del accidente.<\/p>\n<p><a href=\"https:\/\/floridalawyers360.com\/wp-content\/uploads\/2024\/02\/kissimmee-car-acc2-copy.webp\"><img decoding=\"async\" class=\"alignnone size-full wp-image-3207\" src=\"https:\/\/floridalawyers360.com\/wp-content\/uploads\/2024\/02\/kissimmee-car-acc2-copy.webp\" alt=\"Kissimmee Car Accident Lawyer\" width=\"500\" height=\"334\" srcset=\"https:\/\/floridalawyers360.com\/wp-content\/uploads\/2024\/02\/kissimmee-car-acc2-copy.webp 500w, https:\/\/floridalawyers360.com\/wp-content\/uploads\/2024\/02\/kissimmee-car-acc2-copy-300x200.webp 300w\" sizes=\"(max-width: 500px) 100vw, 500px\" \/><\/a><\/p>\n<h2>\u00bfPor qu\u00e9 necesito un abogado?<\/h2>\n<p>\u00bfSe est\u00e1 preguntando si realmente necesita o no un abogado que le ayude a presentar su reclamo de compensaci\u00f3n despu\u00e9s de un accidente automovil\u00edstico en Kissimmee, FL? Bueno, aqu\u00ed hay algunas razones por las que contratar a Florida Lawyers 360 es una buena idea.<\/p>\n<h3>Preparaci\u00f3n del caso\/presentar una demanda<\/h3>\n<p>En la mayor\u00eda de los casos, nuestros clientes pueden no tener ning\u00fan conocimiento legal. Por lo tanto, es dif\u00edcil presentar una demanda y preparar su caso. Bueno, estamos aqu\u00ed para ayudar. Despu\u00e9s de haber manejado numerosos accidentes automovil\u00edsticos en los \u00faltimos a\u00f1os, sabemos la manera correcta de presentar una demanda y preparar el caso.<\/p>\n<p>Podemos ayudar a reunir las pruebas necesarias y los documentos filethe derecho a asegurarse de que usted califica para la indemnizaci\u00f3n despu\u00e9s de un accidente de coche.<\/p>\n<h3>Negociaci\u00f3n del acuerdo<\/h3>\n<p>Las compa\u00f1\u00edas de seguros pueden tratar de ofrecer una cantidad de liquidaci\u00f3n para ver cu\u00e1nto est\u00e1 dispuesto a tomar como compensaci\u00f3n. En la mayor\u00eda de los casos, la primera cantidad ofrecida como acuerdo es demasiado peque\u00f1a. Por eso necesita que le ayudemos en la negociaci\u00f3n.<\/p>\n<p>Si desea llegar a un acuerdo extrajudicial sobre la reclamaci\u00f3n de indemnizaci\u00f3n, estamos aqu\u00ed para ayudarle. Con nuestra amplia experiencia en negociaci\u00f3n, podemos asegurarnos de que reciba una cantidad justa en esta fase.<\/p>\n<h3>Preparaci\u00f3n del juicio y representaci\u00f3n<\/h3>\n<p>Si no llega a un acuerdo por la cantidad ofrecida, el siguiente paso es ir a juicio. Usted necesita tener la mejor representaci\u00f3n y gracias a nuestros abogados litigantes en Florida Lawyers 360, usted est\u00e1 completamente cubierto.<\/p>\n<p>Llame hoy mismo a Florida Lawyers 360 y obtenga la mejor representaci\u00f3n para una demanda de indemnizaci\u00f3n por accidente automovil\u00edstico en Kissimmee, FL.<\/p>\n<p><a href=\"https:\/\/floridalawyers360.com\/wp-content\/uploads\/2024\/02\/kissimmee-car-acc3-copy.webp\"><img decoding=\"async\" class=\"alignnone size-full wp-image-3206\" src=\"https:\/\/floridalawyers360.com\/wp-content\/uploads\/2024\/02\/kissimmee-car-acc3-copy.webp\" alt=\"Car Accident being reviewed\" width=\"500\" height=\"334\" srcset=\"https:\/\/floridalawyers360.com\/wp-content\/uploads\/2024\/02\/kissimmee-car-acc3-copy.webp 500w, https:\/\/floridalawyers360.com\/wp-content\/uploads\/2024\/02\/kissimmee-car-acc3-copy-300x200.webp 300w\" sizes=\"(max-width: 500px) 100vw, 500px\" \/><\/a><\/p>\n<h2>\u00bfQu\u00e9 tipo de da\u00f1os puedo recuperar por mi reclamo de accidente de auto en Kissimmee, FL?<\/h2>\n<p>Algunos de los da\u00f1os que puede recuperar de una demanda por accidente de coche en Kissimmee, FL incluyen los siguientes.<\/p>\n<h3>Da\u00f1os econ\u00f3micos<\/h3>\n<p>Tambi\u00e9n se denominan da\u00f1os compensatorios. En este caso, se le indemnizar\u00e1 por las p\u00e9rdidas econ\u00f3micas sufridas como consecuencia del accidente. Incluyen los gastos m\u00e9dicos actuales y futuros, los salarios perdidos, la p\u00e9rdida de capacidad de ganancia y cualquier otra p\u00e9rdida monetaria relevante.<\/p>\n<h3>Da\u00f1os no econ\u00f3micos<\/h3>\n<p>Est\u00e1n disponibles para compensar a las v\u00edctimas por las p\u00e9rdidas no monetarias sufridas como resultado del accidente de coche. Suelen ser dif\u00edciles de cuantificar y suelen ser objeto de litigio en comparaci\u00f3n con los da\u00f1os econ\u00f3micos.<\/p>\n<p>Incluyen el dolor y el sufrimiento, la angustia mental y la p\u00e9rdida de compa\u00f1\u00eda.<\/p>\n<h3>Da\u00f1os punitivos<\/h3>\n<p>Si la parte responsable es culpable de negligencia grave o mala conducta intencional, el jurado puede llegar a da\u00f1os punitivos que est\u00e1n destinados a castigar a la parte responsable y desalentar la repetici\u00f3n de tal comportamiento en el futuro.<\/p>\n<p>En Florida, la indemnizaci\u00f3n media por accidente de coche es de unos 15.000 d\u00f3lares. Por supuesto, la cantidad ser\u00e1 mayor si las lesiones son graves. Trabajar con los mejores abogados de accidentes de coche en Florida Lawyers 360 le da la mejor oportunidad de recibir la m\u00e1xima compensaci\u00f3n por sus lesiones.<\/p>\n<p>Ll\u00e1menos ahora y podemos empezar a trabajar en su demanda de indemnizaci\u00f3n por accidente de coche inmediatamente.<\/p>\n<h2>\u00bfQu\u00e9 pasa si el otro conductor no tiene seguro?<\/h2>\n<p>Si no tiene seguro de coche, lo m\u00e1s probable es que tenga que pagar los da\u00f1os de su propio bolsillo. Usted es responsable de las p\u00e9rdidas causadas por su negligencia.<\/p>\n<p>En Florida, los conductores sin seguro involucrados en un accidente de coche conllevan un gran riesgo, como una licencia suspendida, da\u00f1os financieros, y mucho m\u00e1s. Es por eso que inmediatamente despu\u00e9s de un accidente de coche es necesario intercambiar informaci\u00f3n sobre el seguro para asegurarse de que todos los conductores involucrados en el accidente est\u00e1n asegurados.<\/p>\n<p><a href=\"https:\/\/floridalawyers360.com\/wp-content\/uploads\/2024\/02\/kissimmee-car-acc4-copy.webp\"><img loading=\"lazy\" decoding=\"async\" class=\"alignnone size-full wp-image-3205\" src=\"https:\/\/floridalawyers360.com\/wp-content\/uploads\/2024\/02\/kissimmee-car-acc4-copy.webp\" alt=\"Kissimmee Car Accident Lawyers at Florida Lawyers 360\" width=\"500\" height=\"334\" srcset=\"https:\/\/floridalawyers360.com\/wp-content\/uploads\/2024\/02\/kissimmee-car-acc4-copy.webp 500w, https:\/\/floridalawyers360.com\/wp-content\/uploads\/2024\/02\/kissimmee-car-acc4-copy-300x200.webp 300w\" sizes=\"(max-width: 500px) 100vw, 500px\" \/><\/a><\/p>\n<h2>Obtenga una revisi\u00f3n gratuita de su reclamaci\u00f3n por accidente de coche<\/h2>\n<p>Un accidente de coche es un incidente desastroso. Puede resultar en lesiones graves y en algunos casos la p\u00e9rdida de la vida. Por lo tanto, si usted o su ser querido ha estado involucrado en un accidente de coche en Kissimmee, es necesario empezar a trabajar con nosotros hoy.<\/p>\n<p>En Florida Lawyers 360, estamos listos para ayudarle a buscar compensaci\u00f3n por cualquier lesi\u00f3n sufrida en un accidente automovil\u00edstico.<\/p>\n<p>Ya que usted tiene 4 a\u00f1os despu\u00e9s de la fecha del accidente para presentar una demanda, podemos asegurarnos de que el estatuto de limitaciones no expire. De esta forma, no hay motivos legales para denegar su indemnizaci\u00f3n.<\/p>\n<p>Con nuestra experiencia, podemos ayudarle a reclamar tanto da\u00f1os econ\u00f3micos como no econ\u00f3micos para asegurarnos de que su vida contin\u00fae sin problemas despu\u00e9s de un accidente de coche.<\/p>\n<p>Llevamos mucho tiempo trabajando en accidentes de coche en Florida. Por lo tanto, entendemos los diversos retos que surgen en este tipo de reclamaciones.<\/p>\n<p>Hemos negociado con varias compa\u00f1\u00edas de seguros a lo largo de los a\u00f1os que llevamos en el negocio, por lo que podemos asegurarnos de que usted reciba una cantidad justa de compensaci\u00f3n. Llame ahora a nuestro bufete de abogados de accidentes automovil\u00edsticos de Florida al <a href=\"tel:+19544487355\"><i class=\"fa fa-phone-alt\"><\/i>954-448-7355<\/a> y comenzaremos a trabajar en su caso de inmediato. \u00a1Estamos aqu\u00ed para ayudarle!<\/p>\n","protected":false},"excerpt":{"rendered":"<p>\u00bfHa sufrido usted o un ser querido un accidente de tr\u00e1fico? Tanto si ha sufrido lesiones leves como si ha resultado gravemente herido, necesita una compensaci\u00f3n. Por eso necesita contratar al mejor abogado de accidentes automovil\u00edsticos en Kissimmee. Gracias a Florida Lawyers 360, usted est\u00e1 cubierto. Con nuestra amplia experiencia en el manejo de accidentes [&hellip;]<\/p>\n","protected":false},"author":22,"featured_media":0,"parent":5807,"menu_order":0,"comment_status":"closed","ping_status":"closed","template":"","meta":{"_acf_changed":false,"anchor_text":"","footnotes":""},"categories":[],"tags":[],"class_list":["post-5809","page","type-page","status-publish","hentry"],"acf":[],"_links":{"self":[{"href":"https:\/\/floridalawyers360.com\/es\/wp-json\/wp\/v2\/pages\/5809","targetHints":{"allow":["GET"]}}],"collection":[{"href":"https:\/\/floridalawyers360.com\/es\/wp-json\/wp\/v2\/pages"}],"about":[{"href":"https:\/\/floridalawyers360.com\/es\/wp-json\/wp\/v2\/types\/page"}],"author":[{"embeddable":true,"href":"https:\/\/floridalawyers360.com\/es\/wp-json\/wp\/v2\/users\/22"}],"replies":[{"embeddable":true,"href":"https:\/\/floridalawyers360.com\/es\/wp-json\/wp\/v2\/comments?post=5809"}],"version-history":[{"count":3,"href":"https:\/\/floridalawyers360.com\/es\/wp-json\/wp\/v2\/pages\/5809\/revisions"}],"predecessor-version":[{"id":5812,"href":"https:\/\/floridalawyers360.com\/es\/wp-json\/wp\/v2\/pages\/5809\/revisions\/5812"}],"up":[{"embeddable":true,"href":"https:\/\/floridalawyers360.com\/es\/wp-json\/wp\/v2\/pages\/5807"}],"wp:attachment":[{"href":"https:\/\/floridalawyers360.com\/es\/wp-json\/wp\/v2\/media?parent=5809"}],"wp:term":[{"taxonomy":"category","embeddable":true,"href":"https:\/\/floridalawyers360.com\/es\/wp-json\/wp\/v2\/categories?post=5809"},{"taxonomy":"post_tag","embeddable":true,"href":"https:\/\/floridalawyers360.com\/es\/wp-json\/wp\/v2\/tags?post=5809"}],"curies":[{"name":"wp","href":"https:\/\/api.w.org\/{rel}","templated":true}]}}