{"id":5803,"date":"2024-02-14T08:37:09","date_gmt":"2024-02-14T13:37:09","guid":{"rendered":"https:\/\/floridalawyers360.com\/jacksonville\/workers-compensation-benefits-in-jacksonville-fl\/"},"modified":"2024-03-12T04:46:34","modified_gmt":"2024-03-12T09:46:34","slug":"beneficios-de-compensacion-laboral-en-jacksonville-fl","status":"publish","type":"page","link":"https:\/\/floridalawyers360.com\/es\/jacksonville\/beneficios-de-compensacion-laboral-en-jacksonville-fl\/","title":{"rendered":"Beneficios de Compensaci\u00f3n Laboral en Jacksonville"},"content":{"rendered":"<p>Si sufre una lesi\u00f3n o enfermedad relacionada con el trabajo en Florida, el seguro de compensaci\u00f3n de los trabajadores puede ayudarle a pagar prestaciones, como atenci\u00f3n m\u00e9dica, prestaciones por incapacidad, salarios perdidos y otras prestaciones.<\/p>\n<p>Adem\u00e1s, si pierde a un familiar debido a una lesi\u00f3n o enfermedad relacionada con el trabajo, puede presentar una reclamaci\u00f3n de indemnizaci\u00f3n por accidente laboral para recuperar las prestaciones por fallecimiento.<\/p>\n<p>No es f\u00e1cil recuperar las prestaciones de indemnizaci\u00f3n por accidente laboral en Jacksonville, Florida. Su empleador y proveedor de seguros pueden negar su reclamo o el de su familia por beneficios m\u00e9dicos, por incapacidad o por muerte. Por lo tanto, puede dejar a usted ya su familia luchando financieramente.<\/p>\n<p>La contrataci\u00f3n de un abogado experto puede ayudarle a recuperar los beneficios de compensaci\u00f3n laboral.<\/p>\n<p>En Florida Lawyers 360, nuestros abogados de compensaci\u00f3n de trabajadores de Jacksonville tienen las habilidades y recursos para ayudar a los trabajadores lesionados o enfermos y a los familiares sobrevivientes de trabajadores que sufrieron accidentes fatales relacionados con el trabajo a recuperar los beneficios de compensaci\u00f3n de trabajadores en Jacksonville, FL.<\/p>\n<p>Podemos ayudarle a recuperar los beneficios m\u00e1ximos permitidos a los que tiene derecho.<\/p>\n<p>Entendemos la situaci\u00f3n que est\u00e1 enfrentando actualmente. Podemos utilizar nuestra cara, habilidades y recursos para ayudarle a recuperar los beneficios m\u00e1ximos de los trabajadores. No vamos a dejar que su empleador y el proveedor de seguros injustamente le niegan los beneficios que por derecho merece.<\/p>\n<p>P\u00f3ngase en contacto con nosotros hoy en <a href=\"tel:+19544487355\"><i class=\"fa fa-phone-alt\"><\/i>954-448-7355<\/a> para reservar una consulta GRATIS.<\/p>\n\t\t<div data-elementor-type=\"section\" data-elementor-id=\"208\" class=\"elementor elementor-208\" data-elementor-post-type=\"elementor_library\">\n\t\t\t\t\t<section class=\"elementor-section elementor-top-section elementor-element elementor-element-485e576a elementor-section-boxed elementor-section-height-default elementor-section-height-default\" data-id=\"485e576a\" data-element_type=\"section\" data-e-type=\"section\">\n\t\t\t\t\t\t<div class=\"elementor-container elementor-column-gap-default\">\n\t\t\t\t\t<div class=\"elementor-column elementor-col-100 elementor-top-column elementor-element elementor-element-635c38c0\" data-id=\"635c38c0\" data-element_type=\"column\" data-e-type=\"column\">\n\t\t\t<div class=\"elementor-widget-wrap elementor-element-populated\">\n\t\t\t\t\t\t<div class=\"elementor-element elementor-element-3ba95c8a elementor-toc--minimized-on-tablet elementor-widget elementor-widget-table-of-contents\" data-id=\"3ba95c8a\" data-element_type=\"widget\" data-e-type=\"widget\" data-settings=\"{&quot;exclude_headings_by_selector&quot;:&quot;.toc-remove&quot;,&quot;headings_by_tags&quot;:[&quot;h2&quot;,&quot;h3&quot;],&quot;marker_view&quot;:&quot;numbers&quot;,&quot;no_headings_message&quot;:&quot;No headings were found on this page.&quot;,&quot;minimize_box&quot;:&quot;yes&quot;,&quot;minimized_on&quot;:&quot;tablet&quot;,&quot;hierarchical_view&quot;:&quot;yes&quot;,&quot;min_height&quot;:{&quot;unit&quot;:&quot;px&quot;,&quot;size&quot;:&quot;&quot;,&quot;sizes&quot;:[]},&quot;min_height_tablet&quot;:{&quot;unit&quot;:&quot;px&quot;,&quot;size&quot;:&quot;&quot;,&quot;sizes&quot;:[]},&quot;min_height_mobile&quot;:{&quot;unit&quot;:&quot;px&quot;,&quot;size&quot;:&quot;&quot;,&quot;sizes&quot;:[]}}\" data-widget_type=\"table-of-contents.default\">\n\t\t\t\t\t\t\t\t\t<div class=\"elementor-toc__header\">\n\t\t\t\t\t\t<div class=\"elementor-toc__header-title\">\n\t\t\t\tTable of Contents\t\t\t<\/div>\n\t\t\t\t\t\t\t\t\t\t<div class=\"elementor-toc__toggle-button elementor-toc__toggle-button--expand\" role=\"button\" tabindex=\"0\" aria-controls=\"elementor-toc__3ba95c8a\" aria-expanded=\"true\" aria-label=\"Open table of contents\"><svg aria-hidden=\"true\" class=\"e-font-icon-svg e-fas-chevron-down\" viewBox=\"0 0 448 512\" xmlns=\"http:\/\/www.w3.org\/2000\/svg\"><path d=\"M207.029 381.476L12.686 187.132c-9.373-9.373-9.373-24.569 0-33.941l22.667-22.667c9.357-9.357 24.522-9.375 33.901-.04L224 284.505l154.745-154.021c9.379-9.335 24.544-9.317 33.901.04l22.667 22.667c9.373 9.373 9.373 24.569 0 33.941L240.971 381.476c-9.373 9.372-24.569 9.372-33.942 0z\"><\/path><\/svg><\/div>\n\t\t\t\t<div class=\"elementor-toc__toggle-button elementor-toc__toggle-button--collapse\" role=\"button\" tabindex=\"0\" aria-controls=\"elementor-toc__3ba95c8a\" aria-expanded=\"true\" aria-label=\"Close table of contents\"><svg aria-hidden=\"true\" class=\"e-font-icon-svg e-fas-chevron-up\" viewBox=\"0 0 448 512\" xmlns=\"http:\/\/www.w3.org\/2000\/svg\"><path d=\"M240.971 130.524l194.343 194.343c9.373 9.373 9.373 24.569 0 33.941l-22.667 22.667c-9.357 9.357-24.522 9.375-33.901.04L224 227.495 69.255 381.516c-9.379 9.335-24.544 9.317-33.901-.04l-22.667-22.667c-9.373-9.373-9.373-24.569 0-33.941L207.03 130.525c9.372-9.373 24.568-9.373 33.941-.001z\"><\/path><\/svg><\/div>\n\t\t\t\t\t<\/div>\n\t\t\t\t<div id=\"elementor-toc__3ba95c8a\" class=\"elementor-toc__body\">\n\t\t\t<div class=\"elementor-toc__spinner-container\">\n\t\t\t\t<svg class=\"elementor-toc__spinner eicon-animation-spin e-font-icon-svg e-eicon-loading\" aria-hidden=\"true\" viewBox=\"0 0 1000 1000\" xmlns=\"http:\/\/www.w3.org\/2000\/svg\"><path d=\"M500 975V858C696 858 858 696 858 500S696 142 500 142 142 304 142 500H25C25 237 238 25 500 25S975 237 975 500 763 975 500 975Z\"><\/path><\/svg>\t\t\t<\/div>\n\t\t<\/div>\n\t\t\t\t\t\t<\/div>\n\t\t\t\t\t<\/div>\n\t\t<\/div>\n\t\t\t\t\t<\/div>\n\t\t<\/section>\n\t\t\t\t<\/div>\n\t\t\n<h2>\u00bfCu\u00e1les son los tipos de prestaciones de indemnizaci\u00f3n por accidente de trabajo en Florida?<\/h2>\n<p>Si su lesi\u00f3n o enfermedad relacionada con el trabajo le produce una incapacidad que le impide trabajar temporal o permanentemente, entonces puede tener derecho a recibir prestaciones por su incapacidad en virtud de la ley de compensaci\u00f3n de los trabajadores en Florida.<\/p>\n<p>Deber\u00e1 tener en cuenta el tipo de incapacidad para determinar las prestaciones que puede recibir en virtud de la ley de compensaci\u00f3n de los trabajadores. Estos son los tipos de beneficios de compensaci\u00f3n al trabajador que puede recibir en Florida:<\/p>\n<h2>Beneficios por Incapacidad Parcial Temporal (TPD)<\/h2>\n<p>Si usted no ha alcanzado la Mejor\u00eda M\u00e9dica M\u00e1xima (MMI) y no puede volver a su trabajo anterior, pero puede hacer un trabajo diferente con ciertas restricciones, como un tipo de trabajo limitado, horas limitadas, o movimiento limitado, entonces usted puede ser elegible para la Incapacidad Parcial Temporal (TPD).<\/p>\n<p>Si no puede ganar el 80 % o m\u00e1s de sus ingresos habituales anteriores, puede recibir tanto prestaciones por Incapacidad Parcial Temporal como una indemnizaci\u00f3n adicional.<\/p>\n<p>Si puede volver a realizar un trabajo ligero despu\u00e9s de su lesi\u00f3n, se le pagar\u00e1 una TPD basada en su Salario Semanal Medio (AWW) y en la cantidad que gane cada semana despu\u00e9s de volver a otro trabajo.<\/p>\n<p><a href=\"https:\/\/floridalawyers360.com\/wp-content\/uploads\/2024\/02\/jacksonville-wc-benefits1-copy.webp\"><img fetchpriority=\"high\" decoding=\"async\" class=\"alignnone size-full wp-image-3165\" src=\"https:\/\/floridalawyers360.com\/wp-content\/uploads\/2024\/02\/jacksonville-wc-benefits1-copy.webp\" alt=\"Jacksonville Workers' Compensation Benefits\" width=\"500\" height=\"334\" srcset=\"https:\/\/floridalawyers360.com\/wp-content\/uploads\/2024\/02\/jacksonville-wc-benefits1-copy.webp 500w, https:\/\/floridalawyers360.com\/wp-content\/uploads\/2024\/02\/jacksonville-wc-benefits1-copy-300x200.webp 300w\" sizes=\"(max-width: 500px) 100vw, 500px\" \/><\/a><\/p>\n<h3>Prestaciones por incapacidad total temporal (TTD)<\/h3>\n<p>Si su m\u00e9dico decide que no puede volver a su puesto de trabajo anterior, puede recibir prestaciones por Incapacidad Total Temporal (TTD). Es Temporal porque es posible que tenga que volver a realizar algunas tareas relacionadas con el trabajo despu\u00e9s de recibir atenci\u00f3n m\u00e9dica.<\/p>\n<p>Si usted es elegible para recibir beneficios TTD en Jacksonville, FLO, entonces su compensaci\u00f3n ser\u00e1 de dos tercios de su ingreso semanal regular. Usted, por lo tanto, necesitar\u00e1 determinar su Salario Semanal Promedio (AWW) para ayudarle a calcular sus beneficios de TTD.<\/p>\n<h3>Prestaciones por incapacidad permanente total (PTD)<\/h3>\n<p>Una vez alcanzada la mejor\u00eda m\u00e9dica m\u00e1xima (MMI), es posible que no pueda volver a su trabajo anterior debido a la gravedad de su lesi\u00f3n o enfermedad laboral. En ese caso, tendr\u00e1 derecho a percibir prestaciones por incapacidad permanente total (IPT).<\/p>\n<p>Puede percibir prestaciones por Incapacidad Permanente Total (IPT) hasta los 75 a\u00f1os. No obstante, si puede realizar alg\u00fan trabajo en un radio de 50 millas de su domicilio, es posible que se suspendan sus prestaciones por PTD.<\/p>\n<h3>Prestaciones por incapacidad permanente parcial (PPD)<\/h3>\n<p>Si su m\u00e9dico considera que su estado de salud no mejorar\u00e1 despu\u00e9s de sufrir una lesi\u00f3n laboral, puede optar a recibir prestaciones PPD. Sin embargo, su m\u00e9dico debe declarar que usted ha alcanzado la mejor\u00eda m\u00e9dica m\u00e1xima (MMI) para recibir prestaciones PPD.<\/p>\n<p>Su m\u00e9dico le dar\u00e1 un grado de incapacidad. Y usted puede ser puesto en restricci\u00f3n de trabajo permanente. Su abogado tendr\u00e1 en cuenta su grado de deterioro y condici\u00f3n m\u00e9dica espec\u00edfica para determinar los beneficios que usted recibir\u00e1.<\/p>\n<p>Usted puede recibir beneficios PPD para el resto de su vida.<\/p>\n<h2>Prestaciones adicionales<\/h2>\n<p>Estas son las prestaciones adicionales que ofrece la compensaci\u00f3n de trabajadores en Florida:<\/p>\n<h3>Prestaciones m\u00e9dicas<\/h3>\n<p>Tratar las lesiones y enfermedades relacionadas con el trabajo cuesta dinero. Por eso, el seguro de accidentes de trabajo cubre los gastos m\u00e9dicos. Si su m\u00e9dico le prescribe un tratamiento y la compa\u00f1\u00eda de seguros lo autoriza, el seguro de accidentes de trabajo pagar\u00e1 el tratamiento.<\/p>\n<p>El seguro de accidentes de trabajo tambi\u00e9n puede cubrir los gastos de viaje de ida y vuelta a la consulta del m\u00e9dico.<\/p>\n<h3>Rehabilitaci\u00f3n profesional<\/h3>\n<p>Si ha sufrido una lesi\u00f3n o enfermedad relacionada con el trabajo y no puede volver a su anterior puesto de trabajo debido a la lesi\u00f3n o enfermedad, puede recibir ayuda para encontrar un nuevo empleo, servicios de colocaci\u00f3n, asesoramiento profesional y mucho m\u00e1s.<\/p>\n<p>Si necesita formaci\u00f3n o educaci\u00f3n adicional para conseguir un nuevo empleo, el seguro de accidentes de trabajo puede pagarle la formaci\u00f3n y la educaci\u00f3n.<\/p>\n<h3>Prestaciones por fallecimiento<\/h3>\n<p>Si un trabajador muere debido a una lesi\u00f3n o enfermedad relacionada con el trabajo en Jacksonville, Florida, entonces los familiares sobrevivientes del trabajador fallecido pueden recibir beneficios por muerte bajo la ley de compensaci\u00f3n de trabajadores.<\/p>\n<p>Sin embargo, las prestaciones por fallecimiento depender\u00e1n del n\u00famero de dependientes. Las prestaciones no superan los 150.000 d\u00f3lares en total ni los dos tercios del salario medio semanal (Average Weekly Wage, AWW) del trabajador fallecido. El seguro de accidentes de trabajo puede cubrir los gastos de sepelio y entierro hasta un m\u00e1ximo de 7.500 $.<\/p>\n<p>Si usted o un ser querido ha sufrido una lesi\u00f3n o enfermedad relacionada con el trabajo en Jacksonville, Florida, puede ponerse en contacto con Florida Lawyers 360 para hablar con nuestros abogados de compensaci\u00f3n de trabajadores.<\/p>\n<p>Estamos listos para ayudarle a obtener un acuerdo justo. Cont\u00e1ctenos al <a href=\"tel:+19544487355\"><i class=\"fa fa-phone-alt\"><\/i>954-448-7355<\/a> para una consulta GRATUITA con uno de nuestros abogados expertos.<\/p>\n<p><a href=\"https:\/\/floridalawyers360.com\/wp-content\/uploads\/2024\/02\/jacksonville-wc-benefits2-copy.webp\"><img decoding=\"async\" class=\"alignnone size-full wp-image-3167\" src=\"https:\/\/floridalawyers360.com\/wp-content\/uploads\/2024\/02\/jacksonville-wc-benefits2-copy.webp\" alt=\"Are workers compensation benefits taxed\" width=\"500\" height=\"334\" srcset=\"https:\/\/floridalawyers360.com\/wp-content\/uploads\/2024\/02\/jacksonville-wc-benefits2-copy.webp 500w, https:\/\/floridalawyers360.com\/wp-content\/uploads\/2024\/02\/jacksonville-wc-benefits2-copy-300x200.webp 300w\" sizes=\"(max-width: 500px) 100vw, 500px\" \/><\/a><\/p>\n<h2>\u00bfSe gravan las prestaciones de compensaci\u00f3n de los trabajadores de Florida?<\/h2>\n<p>No, las prestaciones de compensaci\u00f3n laboral no est\u00e1n gravadas en Florida. Si recibe prestaciones por incapacidad por su lesi\u00f3n o enfermedad relacionada con el trabajo, no tendr\u00e1 que pagar impuestos. Sin embargo, si recibe pensiones por incapacidad, es posible que tenga que pagar impuestos.<\/p>\n<p>En determinadas situaciones, las prestaciones por incapacidad laboral est\u00e1n sujetas a impuestos. Por ejemplo, si un trabajador lesionado vuelve a trabajar mientras percibe prestaciones por incapacidad, los nuevos ingresos estar\u00e1n sujetos a impuestos.<\/p>\n<p>Le recomendamos que hable con un abogado de compensaci\u00f3n de trabajadores para averiguar si sus beneficios de compensaci\u00f3n de trabajadores est\u00e1n sujetos a impuestos.<\/p>\n<h2>\u00bfC\u00f3mo Calculo los Beneficios de Compensaci\u00f3n Laboral en Florida?<\/h2>\n<p>El t\u00e9rmino \u00abtasa de compensaci\u00f3n\u00bb se utiliza bajo la ley de compensaci\u00f3n de trabajadores de Florida para referirse a la cantidad de compensaci\u00f3n que un trabajador lesionado recibe mientras el trabajador lesionado est\u00e1 en un estado de \u00abno trabajo\u00bb.<\/p>\n<p>Los trabajadores lesionados pueden recibir prestaciones por Incapacidad Total Temporal (TTD) o por Incapacidad Total Permanente (PTD). Los trabajadores lesionados pueden utilizar el 66 % de su salario medio semanal (AWW) para calcular sus prestaciones por TTD o PTD.<\/p>\n<p>Sin embargo, existen muchos m\u00e9todos para calcular el Salario Semanal Medio (SST). El m\u00e9todo m\u00e1s com\u00fan consiste en calcular la media de los ingresos brutos semanales durante las 13 semanas inmediatamente anteriores a la lesi\u00f3n o enfermedad laboral. Los trabajadores lesionados pueden consultar sus registros salariales o su contrato para determinar su SST.<\/p>\n<p>Sin embargo, si el trabajador lesionado trabaja por temporadas o en una industria con grandes cambios en los ingresos de los trabajadores, dependiendo de la \u00e9poca del a\u00f1o, entonces el trabajador lesionado puede calcular sus ingresos semanales durante las 52 semanas anteriores a su lesi\u00f3n o enfermedad relacionada con el trabajo.<\/p>\n<p>Es complicado calcular los beneficios de compensaci\u00f3n al trabajador en Florida. Contratar los servicios de nuestros experimentados, conocedores y h\u00e1biles abogados de compensaci\u00f3n de trabajadores puede asegurar que sus c\u00e1lculos se hagan correctamente. Aplicaremos los m\u00e9todos m\u00e1s apropiados para hacer sus c\u00e1lculos.<\/p>\n<p>Cont\u00e1ctenos al [tel\u00e9fono] para ayudarle a calcular sus beneficios de compensaci\u00f3n al trabajador en Jacksonville, Florida.<\/p>\n<h2>\u00bfCu\u00e1les son los l\u00edmites de ingresos para la indemnizaci\u00f3n por incapacidad laboral en Florida?<\/h2>\n<p>El l\u00edmite m\u00e1ximo de ingresos semanales para las prestaciones por incapacidad es de 1.099 d\u00f3lares a partir del 1 de enero de 2022. Pueden aplicarse otras limitaciones, que dependen del tipo de incapacidad, como la Incapacidad Parcial Temporal (TPD) o la Incapacidad Total Temporal (TTD).<\/p>\n<p>Las prestaciones por ITT ascienden a dos tercios o al 66,67 % del salario semanal medio (SST) del trabajador lesionado justo antes de sufrir el accidente de trabajo, hasta el m\u00e1ximo legal ajustado anualmente.<\/p>\n<p>Las prestaciones por incapacidad temporal ascienden al 80 % de la diferencia entre el salario semanal medio del trabajador lesionado y la remuneraci\u00f3n que \u00e9ste puede percibir tras la lesi\u00f3n laboral.<\/p>\n<p>Es muy dif\u00edcil determinar los l\u00edmites de indemnizaci\u00f3n por accidente laboral en Florida. Es aconsejable consultar a un abogado con experiencia y conocimientos en compensaci\u00f3n de trabajadores.<\/p>\n<p>Florida Lawyers 360, puede ayudar a responder todas sus preguntas relacionadas con los l\u00edmites de ingresos de compensaci\u00f3n de trabajadores en Jacksonville, Florida.<\/p>\n<p><a href=\"https:\/\/floridalawyers360.com\/wp-content\/uploads\/2024\/02\/jacksonville-wc-benefits3-copy.webp\"><img decoding=\"async\" class=\"alignnone size-full wp-image-3166\" src=\"https:\/\/floridalawyers360.com\/wp-content\/uploads\/2024\/02\/jacksonville-wc-benefits3-copy.webp\" alt=\"Workers' Compensation Benefits lawyer in Jacksonville, FL\" width=\"500\" height=\"334\" srcset=\"https:\/\/floridalawyers360.com\/wp-content\/uploads\/2024\/02\/jacksonville-wc-benefits3-copy.webp 500w, https:\/\/floridalawyers360.com\/wp-content\/uploads\/2024\/02\/jacksonville-wc-benefits3-copy-300x200.webp 300w\" sizes=\"(max-width: 500px) 100vw, 500px\" \/><\/a><\/p>\n<h2>P\u00f3ngase en contacto con nuestros abogados conocedores de Jacksonville Compensaci\u00f3n a los Trabajadores<\/h2>\n<p>En Florida, la ley requiere que los empleadores tengan seguro de compensaci\u00f3n laboral. El seguro protege a los empleados de lesiones y enfermedades relacionadas con el trabajo. Por lo tanto, si usted se lesiona en un accidente de trabajo, usted no tiene que gastar su propio dinero en atenci\u00f3n m\u00e9dica.<\/p>\n<p>Contratar a un abogado con experiencia y altamente cualificado en compensaci\u00f3n de trabajadores puede ayudarle a recuperar el m\u00e1ximo de beneficios de compensaci\u00f3n de trabajadores en Jacksonville, Florida. Su abogado no permitir\u00e1 que su empleador o compa\u00f1\u00eda de seguros le nieguen sus beneficios de compensaci\u00f3n laboral.<\/p>\n<p>Si desea una representaci\u00f3n legal s\u00f3lida en su caso de indemnizaci\u00f3n laboral en Jacksonville, Florida, no dude en ponerse en contacto con Florida Lawyers 360 llamando al <a href=\"tel:+19544487355\"><i class=\"fa fa-phone-alt\"><\/i>954-448-7355<\/a>. Le ofrecemos una consulta y evaluaci\u00f3n de su caso GRATIS y sin compromiso.<\/p>\n<p>Estamos comprometidos a ayudarle a obtener los m\u00e1ximos beneficios a los que tiene derecho.<\/p>\n","protected":false},"excerpt":{"rendered":"<p>Si sufre una lesi\u00f3n o enfermedad relacionada con el trabajo en Florida, el seguro de compensaci\u00f3n de los trabajadores puede ayudarle a pagar prestaciones, como atenci\u00f3n m\u00e9dica, prestaciones por incapacidad, salarios perdidos y otras prestaciones. Adem\u00e1s, si pierde a un familiar debido a una lesi\u00f3n o enfermedad relacionada con el trabajo, puede presentar una reclamaci\u00f3n [&hellip;]<\/p>\n","protected":false},"author":22,"featured_media":0,"parent":5785,"menu_order":0,"comment_status":"closed","ping_status":"closed","template":"","meta":{"_acf_changed":false,"anchor_text":"","footnotes":""},"categories":[],"tags":[],"class_list":["post-5803","page","type-page","status-publish","hentry"],"acf":[],"_links":{"self":[{"href":"https:\/\/floridalawyers360.com\/es\/wp-json\/wp\/v2\/pages\/5803","targetHints":{"allow":["GET"]}}],"collection":[{"href":"https:\/\/floridalawyers360.com\/es\/wp-json\/wp\/v2\/pages"}],"about":[{"href":"https:\/\/floridalawyers360.com\/es\/wp-json\/wp\/v2\/types\/page"}],"author":[{"embeddable":true,"href":"https:\/\/floridalawyers360.com\/es\/wp-json\/wp\/v2\/users\/22"}],"replies":[{"embeddable":true,"href":"https:\/\/floridalawyers360.com\/es\/wp-json\/wp\/v2\/comments?post=5803"}],"version-history":[{"count":3,"href":"https:\/\/floridalawyers360.com\/es\/wp-json\/wp\/v2\/pages\/5803\/revisions"}],"predecessor-version":[{"id":5806,"href":"https:\/\/floridalawyers360.com\/es\/wp-json\/wp\/v2\/pages\/5803\/revisions\/5806"}],"up":[{"embeddable":true,"href":"https:\/\/floridalawyers360.com\/es\/wp-json\/wp\/v2\/pages\/5785"}],"wp:attachment":[{"href":"https:\/\/floridalawyers360.com\/es\/wp-json\/wp\/v2\/media?parent=5803"}],"wp:term":[{"taxonomy":"category","embeddable":true,"href":"https:\/\/floridalawyers360.com\/es\/wp-json\/wp\/v2\/categories?post=5803"},{"taxonomy":"post_tag","embeddable":true,"href":"https:\/\/floridalawyers360.com\/es\/wp-json\/wp\/v2\/tags?post=5803"}],"curies":[{"name":"wp","href":"https:\/\/api.w.org\/{rel}","templated":true}]}}