{"id":5799,"date":"2024-02-14T08:36:21","date_gmt":"2024-02-14T13:36:21","guid":{"rendered":"https:\/\/floridalawyers360.com\/jacksonville\/reporting-a-work-injury-in-jacksonville-fl\/"},"modified":"2024-03-12T04:36:02","modified_gmt":"2024-03-12T09:36:02","slug":"denuncia-de-un-accidente-laboral-en-jacksonville","status":"publish","type":"page","link":"https:\/\/floridalawyers360.com\/es\/jacksonville\/denuncia-de-un-accidente-laboral-en-jacksonville\/","title":{"rendered":"Denuncia de un accidente laboral en Jacksonville"},"content":{"rendered":"<p>\u00bfQu\u00e9 ocurre si se lesiona mientras trabaja en una plataforma petrol\u00edfera o mientras conduce para una empresa de camiones en Florida? Bueno, probablemente tendr\u00e1 que tratar con compa\u00f1\u00edas de seguros y numerosos empleadores mientras intenta navegar por el complejo sistema de compensaci\u00f3n de trabajadores de Florida.<\/p>\n<p>Desafortunadamente, como usted puede llegar a darse cuenta, este sistema no siempre puede estar dispuesto a compensarle. Pase lo que pase, el paso m\u00e1s importante en el proceso de compensaci\u00f3n de trabajadores es reportar una lesi\u00f3n de trabajo.<\/p>\n<p>Enfermarse o lesionarse en el trabajo es triste y desafortunado, pero las lesiones relacionadas con el trabajo ocurren m\u00e1s a menudo de lo que la mayor\u00eda de la gente piensa. Un estudio realizado por la Oficina de Estad\u00edsticas Laborales de EE.UU. mostr\u00f3 que hubo m\u00e1s de 300 accidentes de trabajo mortales en la Florida s\u00f3lo en 2021.<\/p>\n<p>Cuando sufre una lesi\u00f3n relacionada con el trabajo mientras est\u00e1 involucrado en el negocio de una empresa o en la propiedad de una empresa en Florida, es posible que tenga derecho a solicitar una compensaci\u00f3n por sus lesiones a trav\u00e9s del plan de compensaci\u00f3n para trabajadores que establece su empleador.<\/p>\n<p>Sin embargo, conseguir una indemnizaci\u00f3n no siempre es f\u00e1cil, ya que hay una serie de requisitos que debe cumplir, como informar adecuadamente de una lesi\u00f3n laboral para asegurarse de que recibe el reembolso correcto.<\/p>\n<p>Si necesita ayuda para reportar una lesi\u00f3n de trabajo, un abogado de compensaci\u00f3n de trabajadores puede ayudar.<\/p>\n<p>Los abogados altamente capacitados de compensaci\u00f3n de trabajadores de Jacksonville en Florida Lawyers 360 est\u00e1n familiarizados con los desaf\u00edos que enfrentan los trabajadores lesionados. Le ayudaremos a reportar su lesi\u00f3n relacionada con el trabajo correctamente, lo que mejorar\u00e1 en gran medida sus posibilidades de obtener una indemnizaci\u00f3n.<\/p>\n<p>\u00a1Proteja sus derechos! Cont\u00e1ctenos al <a href=\"tel:+19544487355\"><i class=\"fa fa-phone-alt\"><\/i>954-448-7355<\/a> para una consulta 100% gratuita.<\/p>\n\t\t<div data-elementor-type=\"section\" data-elementor-id=\"208\" class=\"elementor elementor-208\" data-elementor-post-type=\"elementor_library\">\n\t\t\t\t\t<section class=\"elementor-section elementor-top-section elementor-element elementor-element-485e576a elementor-section-boxed elementor-section-height-default elementor-section-height-default\" data-id=\"485e576a\" data-element_type=\"section\" data-e-type=\"section\">\n\t\t\t\t\t\t<div class=\"elementor-container elementor-column-gap-default\">\n\t\t\t\t\t<div class=\"elementor-column elementor-col-100 elementor-top-column elementor-element elementor-element-635c38c0\" data-id=\"635c38c0\" data-element_type=\"column\" data-e-type=\"column\">\n\t\t\t<div class=\"elementor-widget-wrap elementor-element-populated\">\n\t\t\t\t\t\t<div class=\"elementor-element elementor-element-3ba95c8a elementor-toc--minimized-on-tablet elementor-widget elementor-widget-table-of-contents\" data-id=\"3ba95c8a\" data-element_type=\"widget\" data-e-type=\"widget\" data-settings=\"{&quot;exclude_headings_by_selector&quot;:&quot;.toc-remove&quot;,&quot;headings_by_tags&quot;:[&quot;h2&quot;,&quot;h3&quot;],&quot;marker_view&quot;:&quot;numbers&quot;,&quot;no_headings_message&quot;:&quot;No se ha encontrado ning\\u00fan encabezado en esta p\\u00e1gina.&quot;,&quot;minimize_box&quot;:&quot;yes&quot;,&quot;minimized_on&quot;:&quot;tablet&quot;,&quot;hierarchical_view&quot;:&quot;yes&quot;,&quot;min_height&quot;:{&quot;unit&quot;:&quot;px&quot;,&quot;size&quot;:&quot;&quot;,&quot;sizes&quot;:[]},&quot;min_height_tablet&quot;:{&quot;unit&quot;:&quot;px&quot;,&quot;size&quot;:&quot;&quot;,&quot;sizes&quot;:[]},&quot;min_height_mobile&quot;:{&quot;unit&quot;:&quot;px&quot;,&quot;size&quot;:&quot;&quot;,&quot;sizes&quot;:[]}}\" data-widget_type=\"table-of-contents.default\">\n\t\t\t\t\t\t\t\t\t<div class=\"elementor-toc__header\">\n\t\t\t\t\t\t<div class=\"elementor-toc__header-title\">\n\t\t\t\tTable of Contents\t\t\t<\/div>\n\t\t\t\t\t\t\t\t\t\t<div class=\"elementor-toc__toggle-button elementor-toc__toggle-button--expand\" role=\"button\" tabindex=\"0\" aria-controls=\"elementor-toc__3ba95c8a\" aria-expanded=\"true\" aria-label=\"Abrir la tabla de contenidos\"><svg aria-hidden=\"true\" class=\"e-font-icon-svg e-fas-chevron-down\" viewBox=\"0 0 448 512\" xmlns=\"http:\/\/www.w3.org\/2000\/svg\"><path d=\"M207.029 381.476L12.686 187.132c-9.373-9.373-9.373-24.569 0-33.941l22.667-22.667c9.357-9.357 24.522-9.375 33.901-.04L224 284.505l154.745-154.021c9.379-9.335 24.544-9.317 33.901.04l22.667 22.667c9.373 9.373 9.373 24.569 0 33.941L240.971 381.476c-9.373 9.372-24.569 9.372-33.942 0z\"><\/path><\/svg><\/div>\n\t\t\t\t<div class=\"elementor-toc__toggle-button elementor-toc__toggle-button--collapse\" role=\"button\" tabindex=\"0\" aria-controls=\"elementor-toc__3ba95c8a\" aria-expanded=\"true\" aria-label=\"Cerrar la tabla de contenidos\"><svg aria-hidden=\"true\" class=\"e-font-icon-svg e-fas-chevron-up\" viewBox=\"0 0 448 512\" xmlns=\"http:\/\/www.w3.org\/2000\/svg\"><path d=\"M240.971 130.524l194.343 194.343c9.373 9.373 9.373 24.569 0 33.941l-22.667 22.667c-9.357 9.357-24.522 9.375-33.901.04L224 227.495 69.255 381.516c-9.379 9.335-24.544 9.317-33.901-.04l-22.667-22.667c-9.373-9.373-9.373-24.569 0-33.941L207.03 130.525c9.372-9.373 24.568-9.373 33.941-.001z\"><\/path><\/svg><\/div>\n\t\t\t\t\t<\/div>\n\t\t\t\t<div id=\"elementor-toc__3ba95c8a\" class=\"elementor-toc__body\">\n\t\t\t<div class=\"elementor-toc__spinner-container\">\n\t\t\t\t<svg class=\"elementor-toc__spinner eicon-animation-spin e-font-icon-svg e-eicon-loading\" aria-hidden=\"true\" viewBox=\"0 0 1000 1000\" xmlns=\"http:\/\/www.w3.org\/2000\/svg\"><path d=\"M500 975V858C696 858 858 696 858 500S696 142 500 142 142 304 142 500H25C25 237 238 25 500 25S975 237 975 500 763 975 500 975Z\"><\/path><\/svg>\t\t\t<\/div>\n\t\t<\/div>\n\t\t\t\t\t\t<\/div>\n\t\t\t\t\t<\/div>\n\t\t<\/div>\n\t\t\t\t\t<\/div>\n\t\t<\/section>\n\t\t\t\t<\/div>\n\t\t\n<h2>\u00bfDe cu\u00e1nto tiempo dispongo para denunciar un accidente laboral en Florida?<\/h2>\n<p>Despu\u00e9s de sufrir una lesi\u00f3n en el trabajo, es posible que se sienta confundido y no est\u00e9 seguro de qu\u00e9 hacer. Es importante saber c\u00f3mo funciona el sistema de compensaci\u00f3n de los trabajadores con el fin de averiguar sus pr\u00f3ximos pasos.<\/p>\n<p>Hay un par de preguntas que usted necesita hacer, tales como: \u00ab\u00bfCu\u00e1nto tiempo despu\u00e9s de un accidente de trabajo tengo que reportar mi lesi\u00f3n?\u00bb y \u00ab\u00bfQu\u00e9 tipo de lesiones est\u00e1n cubiertas?<\/p>\n<p>La mayor\u00eda de las empresas de Florida est\u00e1n obligadas a tener una p\u00f3liza de compensaci\u00f3n de trabajadores, y usted puede tener derecho a la compensaci\u00f3n de trabajadores si:<\/p>\n<ul>\n<li>Ha sufrido una enfermedad o se ha lesionado en el trabajo.<\/li>\n<li>Su empresa tiene un seguro de accidentes de trabajo y<\/li>\n<li>Usted es un trabajador por cuenta ajena (no un contratista independiente).<\/li>\n<\/ul>\n<p>Aunque puede tener derecho a una indemnizaci\u00f3n por accidente laboral, conseguirla es m\u00e1s dif\u00edcil de lo que cree.<\/p>\n<p>Para obtener una indemnizaci\u00f3n, debe cumplir ciertos requisitos, entre ellos informar adecuadamente a su empresa de la lesi\u00f3n laboral dentro de los plazos estipulados.<\/p>\n<p>Informar de una lesi\u00f3n laboral es el primer paso para presentar una reclamaci\u00f3n de indemnizaci\u00f3n por accidente laboral.<\/p>\n<p>Seg\u00fan el art\u00edculo 440.185 de los Estatutos de Florida, inmediatamente despu\u00e9s de sufrir un accidente laboral que provoque una enfermedad o lesi\u00f3n, est\u00e1 obligado a informar en un plazo de 30 d\u00edas o la empresa o compa\u00f1\u00eda de seguros podr\u00e1 denegar su reclamaci\u00f3n.<\/p>\n<p>Si sufre una enfermedad o afecci\u00f3n que se desarrolla con el tiempo, debe informar de la afecci\u00f3n o enfermedad en un plazo de 30 d\u00edas a partir de la baja por enfermedad o afecci\u00f3n, o en un plazo de 30 d\u00edas a partir del descubrimiento de su conexi\u00f3n con su trabajo u ocupaci\u00f3n.<\/p>\n<p><a href=\"https:\/\/floridalawyers360.com\/wp-content\/uploads\/2024\/02\/jacksonville-reporting-work-injury2-copy.webp\"><img fetchpriority=\"high\" decoding=\"async\" class=\"alignnone size-full wp-image-3155\" src=\"https:\/\/floridalawyers360.com\/wp-content\/uploads\/2024\/02\/jacksonville-reporting-work-injury2-copy.webp\" alt=\"Reporting a work injury\" width=\"500\" height=\"334\" srcset=\"https:\/\/floridalawyers360.com\/wp-content\/uploads\/2024\/02\/jacksonville-reporting-work-injury2-copy.webp 500w, https:\/\/floridalawyers360.com\/wp-content\/uploads\/2024\/02\/jacksonville-reporting-work-injury2-copy-300x200.webp 300w\" sizes=\"(max-width: 500px) 100vw, 500px\" \/><\/a><\/p>\n<h2>\u00bfA qui\u00e9n debo informar de una lesi\u00f3n laboral?<\/h2>\n<p>Tanto si sufre una lesi\u00f3n en el trabajo como si se ve implicado en un accidente mientras trabaja, es fundamental informar de una lesi\u00f3n laboral a su supervisor o empleador lo antes posible.<\/p>\n<p>Las leyes estatales exigen que los trabajadores lesionados informen de una lesi\u00f3n o de su conocimiento de una lesi\u00f3n relacionada con el trabajo en un plazo no superior a 30 d\u00edas desde que tengan conocimiento de la misma o en un plazo de 30 d\u00edas desde que un profesional m\u00e9dico determine que la lesi\u00f3n est\u00e1 relacionada con el trabajo.<\/p>\n<p>Cuando informe a su empresa de una lesi\u00f3n relacionada con el trabajo, debe facilitarle toda la informaci\u00f3n posible. Debe indicar:<\/p>\n<ul>\n<li>Los s\u00edntomas que experimenta en caso de enfermedad<\/li>\n<li>C\u00f3mo se lesion\u00f3<\/li>\n<li>Cu\u00e1ndo ocurri\u00f3 el accidente<\/li>\n<li>D\u00f3nde ocurri\u00f3 el accidente<\/li>\n<\/ul>\n<p>Mientras que usted puede informar a su empleador directamente de su lesi\u00f3n, lo mejor es ponerlo por escrito. Si usted no es capaz de hacerlo, nuestros abogados de compensaci\u00f3n de trabajadores de Jacksonville recomiendan que env\u00ede un correo electr\u00f3nico para demostrar que usted inform\u00f3 de su lesi\u00f3n a su gerente o empleador.<\/p>\n<p>Recuerde tomar nota del gerente o supervisor que su informe de su lesi\u00f3n, as\u00ed como la fecha y hora en que hizo el informe.<\/p>\n<p>A continuaci\u00f3n, debe preguntarles a qu\u00e9 m\u00e9dico del trabajo debe acudir. En Florida, los empleadores est\u00e1n autorizados a elegir el m\u00e9dico de un empleado lesionado a menos que el trabajador lesionado requiera tratamiento de emergencia.<\/p>\n<h2>\u00bfCu\u00e1les son mis responsabilidades despu\u00e9s de una lesi\u00f3n laboral?<\/h2>\n<p>Actualmente, existen leyes estrictas que rigen la forma en que los trabajadores de Florida pueden presentar reclamaciones de indemnizaci\u00f3n, y usted debe seguir estas normas al pie de la letra si quiere que se le reembolse con \u00e9xito.<\/p>\n<p>El Departamento de Servicios Financieros de Florida establece las responsabilidades de un empleado lesionado.<\/p>\n<p>A continuaci\u00f3n se detallan las responsabilidades y obligaciones de un empleado que se ha lesionado en el trabajo:<\/p>\n<ul>\n<li>Informar a su empresario (por escrito o verbalmente) de que se ha lesionado en el trabajo en un plazo de 30 d\u00edas a partir de la fecha del accidente o del descubrimiento de la enfermedad o afecci\u00f3n.<\/li>\n<li>Solicite a su empresario tratamiento o atenci\u00f3n m\u00e9dica. Debe acudir a un m\u00e9dico autorizado por su seguro de accidentes de trabajo o por su empresa.<\/li>\n<li>Si se trata de una emergencia, y su empleador no es capaz de proporcionar un m\u00e9dico aprobado, visite el hospital m\u00e1s cercano e informe a su empleador tan pronto como sea posible sobre el accidente y \/ o lesiones.<\/li>\n<\/ul>\n<p>Cuando acuda al m\u00e9dico:<\/p>\n<ul>\n<li>Describa detalladamente el accidente y las lesiones sufridas.<\/li>\n<li>Responda a todas las preguntas que le haga el m\u00e9dico sobre sus dolencias o lesiones actuales o pasadas.<\/li>\n<li>Obtenga confirmaci\u00f3n del m\u00e9dico tratante de que su enfermedad o lesiones est\u00e1n realmente relacionadas con el trabajo.<\/li>\n<li>Si su lesi\u00f3n est\u00e1 relacionada con el trabajo, averig\u00fce si puede reanudar sus tareas laborales o no.<\/li>\n<li>Si puede reanudar sus tareas, aseg\u00farese de que el m\u00e9dico que le trata le da instrucciones espec\u00edficas sobre las tareas que puede y no puede realizar.<\/li>\n<\/ul>\n<p>Despu\u00e9s de ver al m\u00e9dico:<\/p>\n<ul>\n<li>Hable con su empresario e inf\u00f3rmele de las tareas que, seg\u00fan el m\u00e9dico, puede y no puede realizar.<\/li>\n<li>Si est\u00e1 ingresado en un hospital, p\u00f3ngase en contacto con su empresa e inf\u00f3rmele de lo ocurrido y en qu\u00e9 centro se encuentra.<\/li>\n<li>Entregue a su empresario las notas m\u00e9dicas que pueda necesitar para comprender su situaci\u00f3n.<\/li>\n<li>Pregunte a su empresa si tiene alguna funci\u00f3n o tarea para usted que no requiera que haga cosas que el m\u00e9dico le ha dicho que no puede hacer todav\u00eda.<\/li>\n<li>Ponte en contacto con la compa\u00f1\u00eda de seguros y cu\u00e9ntales lo que te ha dicho el m\u00e9dico sobre tus lesiones, tu situaci\u00f3n laboral y si tu empresa tiene alguna funci\u00f3n o tarea disponible para ti.<\/li>\n<li>Mant\u00e9ngase en contacto con la compa\u00f1\u00eda de seguros y con su empleador a lo largo de su tratamiento y recuperaci\u00f3n.<\/li>\n<\/ul>\n<p>&nbsp;<\/p>\n<p><a href=\"https:\/\/floridalawyers360.com\/wp-content\/uploads\/2024\/02\/jacksonville-reporting-work-injury1-copy.webp\"><img decoding=\"async\" class=\"alignnone size-full wp-image-3156\" src=\"https:\/\/floridalawyers360.com\/wp-content\/uploads\/2024\/02\/jacksonville-reporting-work-injury1-copy.webp\" alt=\"After reporting a work injury, see a doctor right away\" width=\"500\" height=\"334\" srcset=\"https:\/\/floridalawyers360.com\/wp-content\/uploads\/2024\/02\/jacksonville-reporting-work-injury1-copy.webp 500w, https:\/\/floridalawyers360.com\/wp-content\/uploads\/2024\/02\/jacksonville-reporting-work-injury1-copy-300x200.webp 300w\" sizes=\"(max-width: 500px) 100vw, 500px\" \/><\/a><\/p>\n<h2>\u00bfCu\u00e1les son las responsabilidades de mi empleador tras una lesi\u00f3n laboral?<\/h2>\n<p>Su empleador tiene ciertas obligaciones cuando usted sufre una lesi\u00f3n en el trabajo. Entre ellas est\u00e1n:<\/p>\n<ul>\n<li>Su empresario debe ponerse en contacto con su compa\u00f1\u00eda de seguros de accidentes de trabajo e informarles de su lesi\u00f3n en un plazo de 7 d\u00edas a partir de la notificaci\u00f3n de su lesi\u00f3n.<\/li>\n<li>Tu empresa debe colocar en un lugar visible el \u00abcartel antifraude\u00bb y el \u00abcartel de brazos rotos\u00bb con los datos de contacto de la compa\u00f1\u00eda de seguros e instrucciones claras sobre c\u00f3mo pueden informar los empleados de una lesi\u00f3n relacionada con el trabajo.<\/li>\n<\/ul>\n<p>Si su empleador no informa a la compa\u00f1\u00eda de seguros acerca de su enfermedad o lesi\u00f3n relacionada con el trabajo, o no le proporciona la informaci\u00f3n de contacto de la compa\u00f1\u00eda de seguros de compensaci\u00f3n de trabajadores, hable con un abogado de compensaci\u00f3n de trabajadores de Jacksonville para buscar ayuda legal.<\/p>\n<p>Esto puede incluir ponerse en contacto con la Oficina de Asistencia al Empleado y Defensor del Pueblo para obtener ayuda.<\/p>\n<ul>\n<li>Su empresario est\u00e1 obligado a entregarle una copia del parte de lesiones (formulario DFS-F2-DWC-1).<\/li>\n<li>Su empresario est\u00e1 obligado a entregar a la compa\u00f1\u00eda de seguros el informe de remuneraci\u00f3n en un plazo de 14 d\u00edas a partir de la notificaci\u00f3n de su enfermedad o lesi\u00f3n que pueda obligarle a faltar al trabajo durante m\u00e1s de 7 d\u00edas o implique una lesi\u00f3n permanente.<\/li>\n<\/ul>\n<p>Si te autorizan a reincorporarte al trabajo con ciertas restricciones, tu empresa debe hacerlo:<\/p>\n<ul>\n<li>Obtener la lista de restricciones del m\u00e9dico y trabajar con usted para ver qu\u00e9 tipo de tareas puede realizar.<\/li>\n<li>Informe a la compa\u00f1\u00eda de seguros de cu\u00e1ndo volver\u00e1 a trabajar y de si cobrar\u00e1 el mismo salario que antes, y env\u00ede la informaci\u00f3n de ingresos ajustados semanal o quincenalmente para determinar si tiene alguna prestaci\u00f3n pendiente.<\/li>\n<li>Informe a la compa\u00f1\u00eda de seguros si no est\u00e1 en condiciones de reincorporarse al trabajo debido a restricciones m\u00e9dicas o a la falta de tareas apropiadas.<\/li>\n<\/ul>\n<p>\u00bfSu empleador est\u00e1 descuidando sus obligaciones despu\u00e9s de que usted sufriera una lesi\u00f3n en el lugar de trabajo? O su empleador no tiene una pol\u00edtica de compensaci\u00f3n de trabajadores adecuada como lo exigen las leyes estatales.<\/p>\n<p>Hable con los experimentados abogados de compensaci\u00f3n de trabajadores de Jacksonville de Florida Lawyers 360. Podemos ayudarle a presentar una demanda de indemnizaci\u00f3n contra su empleador para obligarles a darle beneficios de compensaci\u00f3n de trabajadores bajo la ley de compensaci\u00f3n de trabajadores de Florida o buscar ayuda legal en los tribunales.<\/p>\n<h2>P\u00f3ngase en contacto con nosotros hoy mismo para denunciar un accidente laboral en Jacksonville FL<\/h2>\n<p>Reportar una lesi\u00f3n laboral dentro de los plazos estipulados es cr\u00edtico. No reportar sus lesiones a tiempo puede reducir en gran medida sus posibilidades de obtener una indemnizaci\u00f3n por su lesi\u00f3n o enfermedad relacionada con el trabajo.<\/p>\n<p>Con oficinas en Jacksonville FL, nuestros abogados de compensaci\u00f3n laboral est\u00e1n listos y dispuestos a proteger el bienestar y los intereses de los empleados lesionados en Florida. El equipo de Florida Lawyers 360 conoce todos los trucos que las compa\u00f1\u00edas de seguros utilizan para negar a los trabajadores la indemnizaci\u00f3n que les corresponde.<\/p>\n<p>Si tiene alguna pregunta con respecto a una lesi\u00f3n relacionada con el trabajo y c\u00f3mo presentar una reclamaci\u00f3n, p\u00f3ngase en contacto con nosotros lo antes posible. Ponga nuestras excepcionales habilidades legales, conocimientos y experiencia a trabajar para usted. \u00a1Ll\u00e1menos al <a href=\"tel:+19544487355\"><i class=\"fa fa-phone-alt\"><\/i>954-448-7355<\/a> para una consulta gratuita!<\/p>\n","protected":false},"excerpt":{"rendered":"<p>\u00bfQu\u00e9 ocurre si se lesiona mientras trabaja en una plataforma petrol\u00edfera o mientras conduce para una empresa de camiones en Florida? Bueno, probablemente tendr\u00e1 que tratar con compa\u00f1\u00edas de seguros y numerosos empleadores mientras intenta navegar por el complejo sistema de compensaci\u00f3n de trabajadores de Florida. Desafortunadamente, como usted puede llegar a darse cuenta, este [&hellip;]<\/p>\n","protected":false},"author":22,"featured_media":0,"parent":5785,"menu_order":0,"comment_status":"closed","ping_status":"closed","template":"","meta":{"_acf_changed":false,"anchor_text":"","footnotes":""},"categories":[],"tags":[],"class_list":["post-5799","page","type-page","status-publish","hentry"],"acf":[],"_links":{"self":[{"href":"https:\/\/floridalawyers360.com\/es\/wp-json\/wp\/v2\/pages\/5799","targetHints":{"allow":["GET"]}}],"collection":[{"href":"https:\/\/floridalawyers360.com\/es\/wp-json\/wp\/v2\/pages"}],"about":[{"href":"https:\/\/floridalawyers360.com\/es\/wp-json\/wp\/v2\/types\/page"}],"author":[{"embeddable":true,"href":"https:\/\/floridalawyers360.com\/es\/wp-json\/wp\/v2\/users\/22"}],"replies":[{"embeddable":true,"href":"https:\/\/floridalawyers360.com\/es\/wp-json\/wp\/v2\/comments?post=5799"}],"version-history":[{"count":3,"href":"https:\/\/floridalawyers360.com\/es\/wp-json\/wp\/v2\/pages\/5799\/revisions"}],"predecessor-version":[{"id":5802,"href":"https:\/\/floridalawyers360.com\/es\/wp-json\/wp\/v2\/pages\/5799\/revisions\/5802"}],"up":[{"embeddable":true,"href":"https:\/\/floridalawyers360.com\/es\/wp-json\/wp\/v2\/pages\/5785"}],"wp:attachment":[{"href":"https:\/\/floridalawyers360.com\/es\/wp-json\/wp\/v2\/media?parent=5799"}],"wp:term":[{"taxonomy":"category","embeddable":true,"href":"https:\/\/floridalawyers360.com\/es\/wp-json\/wp\/v2\/categories?post=5799"},{"taxonomy":"post_tag","embeddable":true,"href":"https:\/\/floridalawyers360.com\/es\/wp-json\/wp\/v2\/tags?post=5799"}],"curies":[{"name":"wp","href":"https:\/\/api.w.org\/{rel}","templated":true}]}}