{"id":5781,"date":"2024-02-14T08:18:48","date_gmt":"2024-02-14T13:18:48","guid":{"rendered":"https:\/\/floridalawyers360.com\/daytona-beach\/workers-compensation-claim-process-in-daytona-beach-fl\/"},"modified":"2024-03-12T00:23:00","modified_gmt":"2024-03-12T05:23:00","slug":"proceso-de-reclamacion-de-indemnizacion-por-accidente-laboral-in-daytona-beach","status":"publish","type":"page","link":"https:\/\/floridalawyers360.com\/es\/daytona-beach\/proceso-de-reclamacion-de-indemnizacion-por-accidente-laboral-in-daytona-beach\/","title":{"rendered":"Proceso de reclamaci\u00f3n de indemnizaci\u00f3n por accidente laboral in Daytona Beach"},"content":{"rendered":"<p>Si usted o un ser querido se ha lesionado o enfermado en el trabajo en el estado de Florida, es posible que tenga derecho a una reclamaci\u00f3n de indemnizaci\u00f3n por accidente laboral. Seguir el proceso de reclamaci\u00f3n de indemnizaci\u00f3n por accidente laboral en Daytona Beach es de vital importancia para garantizar el \u00e9xito de su caso.<\/p>\n<p>El primer paso que debe dar es notificar a su empleador de su lesi\u00f3n o enfermedad. Esto debe hacerse dentro de los 30 d\u00edas de su lesi\u00f3n o enfermedad.<\/p>\n<p>La mayor\u00eda de las empresas tienen una pol\u00edtica para informar de tales situaciones, as\u00ed que aseg\u00farese de seguir su procedimiento para que no se pierda ning\u00fan beneficio potencial de reclamaciones a las que pueda tener derecho. Conserve una copia del parte de lesiones para su archivo.<\/p>\n<div class=\"embed-container\"><iframe src=\"https:\/\/www.youtube.com\/embed\/P3gMufMop1A\" frameborder=\"0\" allowfullscreen=\"allowfullscreen\"><\/iframe><\/div>\n<p>Despu\u00e9s de haber informado de sus lesiones o enfermedad a su empleador, usted querr\u00e1 ponerse en contacto con un abogado de compensaci\u00f3n de trabajadores con experiencia en Daytona Beach, FL en [tel\u00e9fono] para iniciar su proceso de reclamaci\u00f3n. Cuanto antes llame, antes podr\u00e1 comenzar a recibir los beneficios.<\/p>\n<p>Usted puede tener derecho a salarios perdidos, posibles salarios perdidos en el futuro, facturas m\u00e9dicas, rehabilitaci\u00f3n vocacional, rehabilitaci\u00f3n f\u00edsica, y m\u00e1s si su caso es ganado. No deje esto al azar, llame Florida Lawyers 360 en Daytona Beach, FL hoy en <a href=\"tel:+19544487355\"><i class=\"fa fa-phone-alt\"><\/i>954-448-7355<\/a>, y vamos a empezar en su reclamo de inmediato.<\/p>\n<p>Ofrecemos una <strong>consulta gratuita<\/strong>, as\u00ed que no tiene nada que perder al llamarnos. Usted tiene suficiente que hacer s\u00f3lo para recuperarse de sus lesiones o enfermedad, perm\u00edtanos ayudarle a navegar el sistema judicial y ayudarle a recibir la compensaci\u00f3n que se merece.<\/p>\n\t\t<div data-elementor-type=\"section\" data-elementor-id=\"208\" class=\"elementor elementor-208\" data-elementor-post-type=\"elementor_library\">\n\t\t\t\t\t<section class=\"elementor-section elementor-top-section elementor-element elementor-element-485e576a elementor-section-boxed elementor-section-height-default elementor-section-height-default\" data-id=\"485e576a\" data-element_type=\"section\" data-e-type=\"section\">\n\t\t\t\t\t\t<div class=\"elementor-container elementor-column-gap-default\">\n\t\t\t\t\t<div class=\"elementor-column elementor-col-100 elementor-top-column elementor-element elementor-element-635c38c0\" data-id=\"635c38c0\" data-element_type=\"column\" data-e-type=\"column\">\n\t\t\t<div class=\"elementor-widget-wrap elementor-element-populated\">\n\t\t\t\t\t\t<div class=\"elementor-element elementor-element-3ba95c8a elementor-toc--minimized-on-tablet elementor-widget elementor-widget-table-of-contents\" data-id=\"3ba95c8a\" data-element_type=\"widget\" data-e-type=\"widget\" data-settings=\"{&quot;exclude_headings_by_selector&quot;:&quot;.toc-remove&quot;,&quot;headings_by_tags&quot;:[&quot;h2&quot;,&quot;h3&quot;],&quot;marker_view&quot;:&quot;numbers&quot;,&quot;no_headings_message&quot;:&quot;No se ha encontrado ning\\u00fan encabezado en esta p\\u00e1gina.&quot;,&quot;minimize_box&quot;:&quot;yes&quot;,&quot;minimized_on&quot;:&quot;tablet&quot;,&quot;hierarchical_view&quot;:&quot;yes&quot;,&quot;min_height&quot;:{&quot;unit&quot;:&quot;px&quot;,&quot;size&quot;:&quot;&quot;,&quot;sizes&quot;:[]},&quot;min_height_tablet&quot;:{&quot;unit&quot;:&quot;px&quot;,&quot;size&quot;:&quot;&quot;,&quot;sizes&quot;:[]},&quot;min_height_mobile&quot;:{&quot;unit&quot;:&quot;px&quot;,&quot;size&quot;:&quot;&quot;,&quot;sizes&quot;:[]}}\" data-widget_type=\"table-of-contents.default\">\n\t\t\t\t\t\t\t\t\t<div class=\"elementor-toc__header\">\n\t\t\t\t\t\t<div class=\"elementor-toc__header-title\">\n\t\t\t\tTable of Contents\t\t\t<\/div>\n\t\t\t\t\t\t\t\t\t\t<div class=\"elementor-toc__toggle-button elementor-toc__toggle-button--expand\" role=\"button\" tabindex=\"0\" aria-controls=\"elementor-toc__3ba95c8a\" aria-expanded=\"true\" aria-label=\"Abrir la tabla de contenidos\"><svg aria-hidden=\"true\" class=\"e-font-icon-svg e-fas-chevron-down\" viewBox=\"0 0 448 512\" xmlns=\"http:\/\/www.w3.org\/2000\/svg\"><path d=\"M207.029 381.476L12.686 187.132c-9.373-9.373-9.373-24.569 0-33.941l22.667-22.667c9.357-9.357 24.522-9.375 33.901-.04L224 284.505l154.745-154.021c9.379-9.335 24.544-9.317 33.901.04l22.667 22.667c9.373 9.373 9.373 24.569 0 33.941L240.971 381.476c-9.373 9.372-24.569 9.372-33.942 0z\"><\/path><\/svg><\/div>\n\t\t\t\t<div class=\"elementor-toc__toggle-button elementor-toc__toggle-button--collapse\" role=\"button\" tabindex=\"0\" aria-controls=\"elementor-toc__3ba95c8a\" aria-expanded=\"true\" aria-label=\"Cerrar la tabla de contenidos\"><svg aria-hidden=\"true\" class=\"e-font-icon-svg e-fas-chevron-up\" viewBox=\"0 0 448 512\" xmlns=\"http:\/\/www.w3.org\/2000\/svg\"><path d=\"M240.971 130.524l194.343 194.343c9.373 9.373 9.373 24.569 0 33.941l-22.667 22.667c-9.357 9.357-24.522 9.375-33.901.04L224 227.495 69.255 381.516c-9.379 9.335-24.544 9.317-33.901-.04l-22.667-22.667c-9.373-9.373-9.373-24.569 0-33.941L207.03 130.525c9.372-9.373 24.568-9.373 33.941-.001z\"><\/path><\/svg><\/div>\n\t\t\t\t\t<\/div>\n\t\t\t\t<div id=\"elementor-toc__3ba95c8a\" class=\"elementor-toc__body\">\n\t\t\t<div class=\"elementor-toc__spinner-container\">\n\t\t\t\t<svg class=\"elementor-toc__spinner eicon-animation-spin e-font-icon-svg e-eicon-loading\" aria-hidden=\"true\" viewBox=\"0 0 1000 1000\" xmlns=\"http:\/\/www.w3.org\/2000\/svg\"><path d=\"M500 975V858C696 858 858 696 858 500S696 142 500 142 142 304 142 500H25C25 237 238 25 500 25S975 237 975 500 763 975 500 975Z\"><\/path><\/svg>\t\t\t<\/div>\n\t\t<\/div>\n\t\t\t\t\t\t<\/div>\n\t\t\t\t\t<\/div>\n\t\t<\/div>\n\t\t\t\t\t<\/div>\n\t\t<\/section>\n\t\t\t\t<\/div>\n\t\t\n<h2>\u00bfC\u00f3mo puedo saber si mi lesi\u00f3n ser\u00e1 cubierta por una reclamaci\u00f3n de Workers&#8217; Comp?<\/h2>\n<p>Cada caso ser\u00e1 evaluado en su propio m\u00e9rito. Usted necesitar\u00e1 poder probar que sus lesiones o enfermedad ocurrieron debido a algo en el trabajo. Es importante documentar tanto como sea posible. Consigue los nombres y n\u00fameros de tel\u00e9fono de los testigos de tu lesi\u00f3n.<\/p>\n<p>Pide a los testigos que te den una declaraci\u00f3n escrita de su visi\u00f3n de la situaci\u00f3n. Conserve una copia del informe que presente a su empresa.<\/p>\n<p>Si hay lesiones f\u00edsicas, haz fotos de las lesiones y del lugar de los hechos. Todas estas pruebas ser\u00e1n \u00fatiles en la demanda que presente con la ayuda de Florida Lawyers 360 en Daytona Beach, FL. Aseg\u00farese de seguir los requisitos de su compa\u00f1\u00eda para ver al m\u00e9dico.<\/p>\n<p>Algunas compa\u00f1\u00edas tendr\u00e1n m\u00e9dicos espec\u00edficos que usted debe ver a menos que sea una situaci\u00f3n de vida o muerte.<\/p>\n<p>Cuanta m\u00e1s informaci\u00f3n pueda reunir, m\u00e1s f\u00e1cil ser\u00e1 probar su caso. Guarde copias de toda la documentaci\u00f3n m\u00e9dica que le entregue su m\u00e9dico, etc.<\/p>\n<p>Todo esto ser\u00e1 introducido como evidencia por lo que es importante hacer todo lo posible para documentar y obtener esta informaci\u00f3n antes de presentar su reclamo. En Florida Lawyers 360 en Daytona Beach, FL le ayudaremos a saber qu\u00e9 informaci\u00f3n se requiere para su reclamo y c\u00f3mo obtener esa informaci\u00f3n.<\/p>\n<p><a href=\"https:\/\/floridalawyers360.com\/wp-content\/uploads\/2024\/02\/daytona-wc-claim-process1.webp\"><img fetchpriority=\"high\" decoding=\"async\" class=\"alignnone size-full wp-image-3121\" src=\"https:\/\/floridalawyers360.com\/wp-content\/uploads\/2024\/02\/daytona-wc-claim-process1.webp\" alt=\"Daytona Workers' Compensation Claim Process\" width=\"500\" height=\"334\" srcset=\"https:\/\/floridalawyers360.com\/wp-content\/uploads\/2024\/02\/daytona-wc-claim-process1.webp 500w, https:\/\/floridalawyers360.com\/wp-content\/uploads\/2024\/02\/daytona-wc-claim-process1-300x200.webp 300w\" sizes=\"(max-width: 500px) 100vw, 500px\" \/><\/a><\/p>\n<h2>\u00bfCu\u00e1nto Tiempo Tiene Para Presentar Una Demanda De Compensaci\u00f3n Al Trabajador En Daytona Beach, Florida?<\/h2>\n<p>En el estado de Florida, usted tiene un a\u00f1o a partir de la fecha de su lesi\u00f3n o enfermedad para presentar su reclamo. Es importante que presente su reclamo dentro de este plazo o puede perder por completo cualquier beneficio potencial que se le deba por su lesi\u00f3n o enfermedad.<\/p>\n<p>Tambi\u00e9n es importante tener en cuenta que usted est\u00e1 obligado a informar de su lesi\u00f3n o enfermedad a su empleador dentro de los 30 d\u00edas de la lesi\u00f3n o enfermedad. Tenga en cuenta que cuanto antes informe de su lesi\u00f3n o enfermedad, y cuanto antes presente su solicitud de beneficios de compensaci\u00f3n, antes va a recibir alivio financiero.<\/p>\n<h2>\u00bfC\u00f3mo Presentar la Demanda de Compensaci\u00f3n Laboral en Daytona Beach, Florida?<\/h2>\n<p>La mejor manera de presentar un reclamo de Compensaci\u00f3n Laboral en Daytona Beach, Florida, es llamar a Florida Lawyers 360 en Daytona Beach, FL al <a href=\"tel:+19544487355\"><i class=\"fa fa-phone-alt\"><\/i>954-448-7355<\/a> y recibir su consulta gratis hoy.<\/p>\n<p>La consulta es gratuita y no tiene nada que perder llamando. En Florida Lawyers 360 en Daytona Beach, FL hemos revisado miles de casos y ayudado a miles de personas con sus demandas de compensaci\u00f3n al trabajador.<\/p>\n<p>Usted no tiene que hacer esto solo. Nosotros presentaremos todo el papeleo y la documentaci\u00f3n requerida por usted para que pueda concentrarse en su recuperaci\u00f3n.<\/p>\n<p>Si usted o alguien que usted ama ha sido herido o se enferma en el trabajo, es importante notificar a su empleador dentro de los 30 d\u00edas de esa lesi\u00f3n o enfermedad. La mayor\u00eda de las empresas tienen directrices espec\u00edficas sobre c\u00f3mo notificar una lesi\u00f3n o enfermedad en el trabajo.<\/p>\n<p>Aseg\u00farese de familiarizarse con estas directrices antes de que las necesite para que pueda recibir toda la compensaci\u00f3n que le corresponda por sus lesiones o enfermedad.<\/p>\n<p><a href=\"https:\/\/floridalawyers360.com\/wp-content\/uploads\/2024\/02\/daytona-wc-claim-process2-copy.webp\"><img decoding=\"async\" class=\"alignnone size-full wp-image-3122\" src=\"https:\/\/floridalawyers360.com\/wp-content\/uploads\/2024\/02\/daytona-wc-claim-process2-copy.webp\" alt=\"workers' compensation claim process lawyer\" width=\"500\" height=\"334\" srcset=\"https:\/\/floridalawyers360.com\/wp-content\/uploads\/2024\/02\/daytona-wc-claim-process2-copy.webp 500w, https:\/\/floridalawyers360.com\/wp-content\/uploads\/2024\/02\/daytona-wc-claim-process2-copy-300x200.webp 300w\" sizes=\"(max-width: 500px) 100vw, 500px\" \/><\/a><\/p>\n<h2>Nuestros abogados est\u00e1n listos para ayudar con el proceso de reclamaci\u00f3n de compensaci\u00f3n laboral en Daytona Beach<\/h2>\n<p>Despu\u00e9s de haber notificado a su empleador, es hora de llamarnos a Florida Lawyers 360 en Daytona Beach, FL. Puede comunicarse con nosotros por tel\u00e9fono al <a href=\"tel:+19544487355\"><i class=\"fa fa-phone-alt\"><\/i>954-448-7355<\/a>. La consulta es gratuita, as\u00ed que no tendr\u00e1 que pagarnos por esta llamada.<\/p>\n<p>Al momento de su llamada, evaluaremos su situaci\u00f3n y veremos si podemos ayudarle con su reclamo.<\/p>\n<p>Si podemos ayudarle con su reclamo le ayudaremos a guiarlo a trav\u00e9s del proceso de presentar su reclamo e introducir toda la documentaci\u00f3n requerida como evidencia y representarlo en un tribunal de justicia.<\/p>\n<p>Usted tiene mucho que hacer s\u00f3lo recuperarse de su lesi\u00f3n o enfermedad y podemos hacer las cosas en la corte m\u00e1s r\u00e1pido ya que hemos estado haciendo esto durante d\u00e9cadas.<\/p>\n<p>No se arriesgue a perder beneficios potenciales por su lesi\u00f3n o enfermedad. Usted merece compensaci\u00f3n por salarios perdidos, salarios potencialmente perdidos, facturas m\u00e9dicas, terapia f\u00edsica, entrenamiento de rehabilitaci\u00f3n vocacional si es necesario, y m\u00e1s.<\/p>\n<p>Llame hoy mismo a Florida Lawyers 360 en Daytona Beach, FL al <a href=\"tel:+19544487355\"><i class=\"fa fa-phone-alt\"><\/i>954-448-7355<\/a> y comencemos hoy mismo con su reclamaci\u00f3n. Cuanto antes llame, antes podremos comenzar a procesar su reclamo y obtener la compensaci\u00f3n que merece por su lesi\u00f3n o enfermedad.<\/p>\n","protected":false},"excerpt":{"rendered":"<p>Si usted o un ser querido se ha lesionado o enfermado en el trabajo en el estado de Florida, es posible que tenga derecho a una reclamaci\u00f3n de indemnizaci\u00f3n por accidente laboral. Seguir el proceso de reclamaci\u00f3n de indemnizaci\u00f3n por accidente laboral en Daytona Beach es de vital importancia para garantizar el \u00e9xito de su [&hellip;]<\/p>\n","protected":false},"author":22,"featured_media":0,"parent":5759,"menu_order":0,"comment_status":"closed","ping_status":"closed","template":"","meta":{"_acf_changed":false,"anchor_text":"","footnotes":""},"categories":[],"tags":[],"class_list":["post-5781","page","type-page","status-publish","hentry"],"acf":[],"_links":{"self":[{"href":"https:\/\/floridalawyers360.com\/es\/wp-json\/wp\/v2\/pages\/5781","targetHints":{"allow":["GET"]}}],"collection":[{"href":"https:\/\/floridalawyers360.com\/es\/wp-json\/wp\/v2\/pages"}],"about":[{"href":"https:\/\/floridalawyers360.com\/es\/wp-json\/wp\/v2\/types\/page"}],"author":[{"embeddable":true,"href":"https:\/\/floridalawyers360.com\/es\/wp-json\/wp\/v2\/users\/22"}],"replies":[{"embeddable":true,"href":"https:\/\/floridalawyers360.com\/es\/wp-json\/wp\/v2\/comments?post=5781"}],"version-history":[{"count":3,"href":"https:\/\/floridalawyers360.com\/es\/wp-json\/wp\/v2\/pages\/5781\/revisions"}],"predecessor-version":[{"id":5784,"href":"https:\/\/floridalawyers360.com\/es\/wp-json\/wp\/v2\/pages\/5781\/revisions\/5784"}],"up":[{"embeddable":true,"href":"https:\/\/floridalawyers360.com\/es\/wp-json\/wp\/v2\/pages\/5759"}],"wp:attachment":[{"href":"https:\/\/floridalawyers360.com\/es\/wp-json\/wp\/v2\/media?parent=5781"}],"wp:term":[{"taxonomy":"category","embeddable":true,"href":"https:\/\/floridalawyers360.com\/es\/wp-json\/wp\/v2\/categories?post=5781"},{"taxonomy":"post_tag","embeddable":true,"href":"https:\/\/floridalawyers360.com\/es\/wp-json\/wp\/v2\/tags?post=5781"}],"curies":[{"name":"wp","href":"https:\/\/api.w.org\/{rel}","templated":true}]}}