{"id":5777,"date":"2024-02-14T08:17:42","date_gmt":"2024-02-14T13:17:42","guid":{"rendered":"https:\/\/floridalawyers360.com\/daytona-beach\/workers-compensation-benefits-in-daytona-beach-fl\/"},"modified":"2024-03-11T23:59:09","modified_gmt":"2024-03-12T04:59:09","slug":"beneficios-de-compensacion-de-trabajadores-en-daytona-beach","status":"publish","type":"page","link":"https:\/\/floridalawyers360.com\/es\/daytona-beach\/beneficios-de-compensacion-de-trabajadores-en-daytona-beach\/","title":{"rendered":"Beneficios de Compensaci\u00f3n de Trabajadores en Daytona Beach"},"content":{"rendered":"<p>Si usted, o alguien que usted conoce, se ha lesionado o enfermado mientras trabajaba en Daytona Beach, Florida, usted puede tener derecho a beneficios de compensaci\u00f3n laboral en Daytona Beach.<\/p>\n<p>Todas las empresas en el estado de Florida que tienen m\u00e1s de 4 empleados est\u00e1n obligados a tener un plan de seguro de compensaci\u00f3n de trabajadores en su lugar. Es importante que informe a su supervisor de su lesi\u00f3n o enfermedad en un plazo de 30 d\u00edas.<\/p>\n<p>La mayor\u00eda de las empresas cuentan con un plan para informar de dichas lesiones o enfermedades. Aseg\u00farate de saber cu\u00e1l es el plan de tu empresa y c\u00f3mo proceder si te lesionas o enfermas debido a una situaci\u00f3n en el lugar de trabajo.<\/p>\n<div class=\"embed-container\"><iframe src=\"https:\/\/www.youtube.com\/embed\/FkVn9s_plqs\" frameborder=\"0\" allowfullscreen=\"allowfullscreen\"><\/iframe><\/div>\n<p>La mayor\u00eda de las empresas exigen que comunique la lesi\u00f3n o enfermedad a su superior en un plazo de 30 d\u00edas a partir de la lesi\u00f3n o enfermedad. Si no informa de la lesi\u00f3n o enfermedad dentro de este plazo, puede arriesgarse a perder las prestaciones que le corresponden.<\/p>\n<p>No se arriesgue a perder salarios perdidos, pagos de facturas m\u00e9dicas, dolor y sufrimiento, y otras formas de compensaci\u00f3n que se le deben.<\/p>\n<p>Llame hoy mismo a un abogado profesional de compensaci\u00f3n laboral como Florida Lawyers 360 en Daytona Beach, FL y deje que lo ayuden a presentar su reclamo de manera oportuna. Usted recibir\u00e1 una consulta gratuita para su caso y podemos ayudarle en cada paso del camino con su reclamo.<\/p>\n<p>Usted no tiene nada que perder llamando y todo por ganar.<\/p>\n<p>Florida Lawyers 360 en Daytona Beach, FL ha estado en el negocio durante d\u00e9cadas y siempre tratamos a cada cliente como si fuera el \u00fanico cliente que tenemos.<\/p>\n<p>Llame hoy mismo a nuestros abogados de indemnizaci\u00f3n laboral de Daytona Beach al <a href=\"tel:+19544487355\"><i class=\"fa fa-phone-alt\"><\/i>954-448-7355<\/a> para que le mostremos c\u00f3mo podemos ayudarle con su reclamaci\u00f3n de indemnizaci\u00f3n laboral. Usted no est\u00e1 solo cuando nos llame.<\/p>\n\t\t<div data-elementor-type=\"section\" data-elementor-id=\"208\" class=\"elementor elementor-208\" data-elementor-post-type=\"elementor_library\">\n\t\t\t\t\t<section class=\"elementor-section elementor-top-section elementor-element elementor-element-485e576a elementor-section-boxed elementor-section-height-default elementor-section-height-default\" data-id=\"485e576a\" data-element_type=\"section\" data-e-type=\"section\">\n\t\t\t\t\t\t<div class=\"elementor-container elementor-column-gap-default\">\n\t\t\t\t\t<div class=\"elementor-column elementor-col-100 elementor-top-column elementor-element elementor-element-635c38c0\" data-id=\"635c38c0\" data-element_type=\"column\" data-e-type=\"column\">\n\t\t\t<div class=\"elementor-widget-wrap elementor-element-populated\">\n\t\t\t\t\t\t<div class=\"elementor-element elementor-element-3ba95c8a elementor-toc--minimized-on-tablet elementor-widget elementor-widget-table-of-contents\" data-id=\"3ba95c8a\" data-element_type=\"widget\" data-e-type=\"widget\" data-settings=\"{&quot;exclude_headings_by_selector&quot;:&quot;.toc-remove&quot;,&quot;headings_by_tags&quot;:[&quot;h2&quot;,&quot;h3&quot;],&quot;marker_view&quot;:&quot;numbers&quot;,&quot;no_headings_message&quot;:&quot;No se ha encontrado ning\\u00fan encabezado en esta p\\u00e1gina.&quot;,&quot;minimize_box&quot;:&quot;yes&quot;,&quot;minimized_on&quot;:&quot;tablet&quot;,&quot;hierarchical_view&quot;:&quot;yes&quot;,&quot;min_height&quot;:{&quot;unit&quot;:&quot;px&quot;,&quot;size&quot;:&quot;&quot;,&quot;sizes&quot;:[]},&quot;min_height_tablet&quot;:{&quot;unit&quot;:&quot;px&quot;,&quot;size&quot;:&quot;&quot;,&quot;sizes&quot;:[]},&quot;min_height_mobile&quot;:{&quot;unit&quot;:&quot;px&quot;,&quot;size&quot;:&quot;&quot;,&quot;sizes&quot;:[]}}\" data-widget_type=\"table-of-contents.default\">\n\t\t\t\t\t\t\t\t\t<div class=\"elementor-toc__header\">\n\t\t\t\t\t\t<div class=\"elementor-toc__header-title\">\n\t\t\t\tTable of Contents\t\t\t<\/div>\n\t\t\t\t\t\t\t\t\t\t<div class=\"elementor-toc__toggle-button elementor-toc__toggle-button--expand\" role=\"button\" tabindex=\"0\" aria-controls=\"elementor-toc__3ba95c8a\" aria-expanded=\"true\" aria-label=\"Abrir la tabla de contenidos\"><svg aria-hidden=\"true\" class=\"e-font-icon-svg e-fas-chevron-down\" viewBox=\"0 0 448 512\" xmlns=\"http:\/\/www.w3.org\/2000\/svg\"><path d=\"M207.029 381.476L12.686 187.132c-9.373-9.373-9.373-24.569 0-33.941l22.667-22.667c9.357-9.357 24.522-9.375 33.901-.04L224 284.505l154.745-154.021c9.379-9.335 24.544-9.317 33.901.04l22.667 22.667c9.373 9.373 9.373 24.569 0 33.941L240.971 381.476c-9.373 9.372-24.569 9.372-33.942 0z\"><\/path><\/svg><\/div>\n\t\t\t\t<div class=\"elementor-toc__toggle-button elementor-toc__toggle-button--collapse\" role=\"button\" tabindex=\"0\" aria-controls=\"elementor-toc__3ba95c8a\" aria-expanded=\"true\" aria-label=\"Cerrar la tabla de contenidos\"><svg aria-hidden=\"true\" class=\"e-font-icon-svg e-fas-chevron-up\" viewBox=\"0 0 448 512\" xmlns=\"http:\/\/www.w3.org\/2000\/svg\"><path d=\"M240.971 130.524l194.343 194.343c9.373 9.373 9.373 24.569 0 33.941l-22.667 22.667c-9.357 9.357-24.522 9.375-33.901.04L224 227.495 69.255 381.516c-9.379 9.335-24.544 9.317-33.901-.04l-22.667-22.667c-9.373-9.373-9.373-24.569 0-33.941L207.03 130.525c9.372-9.373 24.568-9.373 33.941-.001z\"><\/path><\/svg><\/div>\n\t\t\t\t\t<\/div>\n\t\t\t\t<div id=\"elementor-toc__3ba95c8a\" class=\"elementor-toc__body\">\n\t\t\t<div class=\"elementor-toc__spinner-container\">\n\t\t\t\t<svg class=\"elementor-toc__spinner eicon-animation-spin e-font-icon-svg e-eicon-loading\" aria-hidden=\"true\" viewBox=\"0 0 1000 1000\" xmlns=\"http:\/\/www.w3.org\/2000\/svg\"><path d=\"M500 975V858C696 858 858 696 858 500S696 142 500 142 142 304 142 500H25C25 237 238 25 500 25S975 237 975 500 763 975 500 975Z\"><\/path><\/svg>\t\t\t<\/div>\n\t\t<\/div>\n\t\t\t\t\t\t<\/div>\n\t\t\t\t\t<\/div>\n\t\t<\/div>\n\t\t\t\t\t<\/div>\n\t\t<\/section>\n\t\t\t\t<\/div>\n\t\t\n<h2>Daytona Beach Compensaci\u00f3n de Trabajadores L\u00edmites de Ingresos<\/h2>\n<p>En Daytona Beach Florida, cada caso de compensaci\u00f3n al trabajador es \u00fanico y los l\u00edmites de ingresos finales variar\u00e1n ligeramente dependiendo de los ingresos actuales del empleado. Las \u00faltimas 13 semanas de pago del empleado ser\u00e1 como se evaluar\u00e1 el ingreso final.<\/p>\n<p>Los l\u00edmites de ingresos pagar\u00e1n hasta dos tercios de la paga semanal media del empleado. Existe un l\u00edmite global de 150.000 $ en total.<\/p>\n<h2>Tipos de beneficios de compensaci\u00f3n para trabajadores de Daytona Beach<\/h2>\n<p>Hay cuatro tipos principales de beneficios de compensaci\u00f3n de trabajadores. Estos son los siguientes:<\/p>\n<h3>Beneficios Por Incapacidad Total Temporal En Daytona Beach<\/h3>\n<p>Si la lesi\u00f3n o enfermedad es temporal, este es el tipo de incapacidad que se le otorgar\u00e1.<\/p>\n<h3>Beneficios Por Incapacidad Parcial Temporal En Daytona Beach<\/h3>\n<p>Si su incapacidad es parcial se le otorgar\u00e1 una compensaci\u00f3n de acuerdo a sus lesiones parciales.<\/p>\n<h3>Beneficios Por Incapacidad Parcial Permanente En Daytona Beach<\/h3>\n<p>Una incapacidad parcial permanente ser\u00e1 completamente evaluada dependiendo de la extensi\u00f3n de las lesiones o enfermedad y la compensaci\u00f3n ser\u00e1 otorgada basada en los resultados de esta evaluaci\u00f3n.<\/p>\n<p>Cada caso ser\u00e1 evaluado en su m\u00e9rito individual. Dependiendo de las lesiones o enfermedad, los empleados pueden tener derecho a la p\u00e9rdida de salarios, el pago de facturas m\u00e9dicas, rehabilitaci\u00f3n profesional, rehabilitaci\u00f3n f\u00edsica, la p\u00e9rdida de posibles salarios futuros, dolor y sufrimiento, y m\u00e1s.<\/p>\n<p>En caso de fallecimiento, tambi\u00e9n pueden reembolsarse los gastos funerarios a la familia.<\/p>\n<p><a href=\"https:\/\/floridalawyers360.com\/wp-content\/uploads\/2024\/02\/daytona-wc-benefits1-copy.webp\"><img fetchpriority=\"high\" decoding=\"async\" class=\"alignnone size-full wp-image-3107\" src=\"https:\/\/floridalawyers360.com\/wp-content\/uploads\/2024\/02\/daytona-wc-benefits1-copy.webp\" alt=\"Workers' Compensation Long Term Disability\" width=\"500\" height=\"334\" srcset=\"https:\/\/floridalawyers360.com\/wp-content\/uploads\/2024\/02\/daytona-wc-benefits1-copy.webp 500w, https:\/\/floridalawyers360.com\/wp-content\/uploads\/2024\/02\/daytona-wc-benefits1-copy-300x200.webp 300w\" sizes=\"(max-width: 500px) 100vw, 500px\" \/><\/a><\/p>\n<h2>Beneficios Por Incapacidad Total Permanente En Daytona Beach, Florida<\/h2>\n<p>En el estado de la Florida, cualquier empleador con m\u00e1s de cuatro empleados debe tener seguro de compensaci\u00f3n al trabajador. Si no tienen este seguro de Compensaci\u00f3n de Trabajadores en su lugar entonces est\u00e1n en violaci\u00f3n de las leyes del estado de Florida. El c\u00e1lculo para la incapacidad total permanente es el siguiente:<\/p>\n<p>El salario semanal promedio del empleado se calcula por 66 y 2\/3 por ciento. Este c\u00e1lculo se basar\u00e1 en las \u00faltimas 13 semanas que trabaj\u00f3 el empleado. La cifra final ser\u00e1 la cantidad inicial de pago de su indemnizaci\u00f3n semanal.<\/p>\n<p>Es importante tener en cuenta que la primera semana de la lesi\u00f3n no se cuenta. Adem\u00e1s, los pagos finalizar\u00e1n cuando el empleado cumpla 75 a\u00f1os. Cada caso individual tendr\u00e1 sus propias especificidades y factores contribuyentes.<\/p>\n<h2>\u00bfC\u00f3mo se calculan los beneficios de compensaci\u00f3n laboral de Daytona Beach?<\/h2>\n<p>Los beneficios de compensaci\u00f3n laboral de Daytona Beach se calculan en dos tercios del salario semanal del empleado en las \u00faltimas 13 semanas anteriores a su lesi\u00f3n o enfermedad. Este monto tiene un tope de $971 por semana o $150.000 para toda la vida de los beneficios de compensaci\u00f3n pagados al empleado.<\/p>\n<h2>\u00bfEst\u00e1n gravados los beneficios de compensaci\u00f3n laboral de Daytona Beach, Florida?<\/h2>\n<p>El estado de Florida no tiene un impuesto estatal sobre la renta, por lo que los beneficios de compensaci\u00f3n laboral no est\u00e1n sujetos a impuestos.<\/p>\n<p>Si usted o un ser querido se ha lesionado o enfermado por causas ajenas a su voluntad o debido a la negligencia de otra persona, puede tener derecho a una indemnizaci\u00f3n por accidente laboral.<\/p>\n<p>No se arriesgue a perder las posibles prestaciones por los salarios perdidos, las facturas m\u00e9dicas, la fisioterapia, la rehabilitaci\u00f3n profesional, el dolor y el sufrimiento, etc. Es importante que informe a su supervisor de sus lesiones o enfermedad en los 30 d\u00edas siguientes para poder optar a las prestaciones.<\/p>\n<p><a href=\"https:\/\/floridalawyers360.com\/wp-content\/uploads\/2024\/02\/daytona-wc-benefits2-copy.webp\"><img decoding=\"async\" class=\"alignnone size-full wp-image-3108\" src=\"https:\/\/floridalawyers360.com\/wp-content\/uploads\/2024\/02\/daytona-wc-benefits2-copy.webp\" alt=\"Prestaciones por accidentes laborales\" width=\"500\" height=\"334\" srcset=\"https:\/\/floridalawyers360.com\/wp-content\/uploads\/2024\/02\/daytona-wc-benefits2-copy.webp 500w, https:\/\/floridalawyers360.com\/wp-content\/uploads\/2024\/02\/daytona-wc-benefits2-copy-300x200.webp 300w\" sizes=\"(max-width: 500px) 100vw, 500px\" \/><\/a><\/p>\n<h2>Llame a Nuestra Oficina para Obtener los M\u00e1ximos Beneficios de Compensaci\u00f3n Laboral en Daytona Beach, FL<\/h2>\n<p>Despu\u00e9s de haber informado de su lesi\u00f3n o enfermedad, usted querr\u00e1 llamar a un abogado con experiencia como Florida Lawyers 360 en Daytona Beach, FL en [tel\u00e9fono] para presentar su reclamo de compensaci\u00f3n de trabajadores. Usted obtendr\u00e1 una consulta gratuita para ver si usted tiene un reclamo.<\/p>\n<p>Ya tiene suficiente con recuperarse de sus lesiones o enfermedad, deje la presentaci\u00f3n a un profesional y tenga la seguridad de que se est\u00e1 haciendo todo lo posible para garantizar que recibir\u00e1 la mayor indemnizaci\u00f3n posible por su posible reclamaci\u00f3n de indemnizaci\u00f3n laboral.<\/p>\n<p>Cuanto antes llame, antes podr\u00e1 obtener alg\u00fan alivio financiero para sus facturas m\u00e9dicas, salarios perdidos, dolor y sufrimiento, y mucho m\u00e1s. Usted merece una indemnizaci\u00f3n por sus lesiones o enfermedad y necesita reponer sus salarios perdidos.<\/p>\n<p>No se demore, cuanto antes llame, antes podr\u00e1 recibir ese alivio. Llame hoy mismo a Florida Lawyers 360 en Daytona Beach, FL al <a href=\"tel:+19544487355\"><i class=\"fa fa-phone-alt\"><\/i>954-448-7355<\/a> y comencemos con su demanda de indemnizaci\u00f3n laboral.<\/p>\n","protected":false},"excerpt":{"rendered":"<p>Si usted, o alguien que usted conoce, se ha lesionado o enfermado mientras trabajaba en Daytona Beach, Florida, usted puede tener derecho a beneficios de compensaci\u00f3n laboral en Daytona Beach. Todas las empresas en el estado de Florida que tienen m\u00e1s de 4 empleados est\u00e1n obligados a tener un plan de seguro de compensaci\u00f3n de [&hellip;]<\/p>\n","protected":false},"author":22,"featured_media":0,"parent":5759,"menu_order":0,"comment_status":"closed","ping_status":"closed","template":"","meta":{"_acf_changed":false,"anchor_text":"","footnotes":""},"categories":[],"tags":[],"class_list":["post-5777","page","type-page","status-publish","hentry"],"acf":[],"_links":{"self":[{"href":"https:\/\/floridalawyers360.com\/es\/wp-json\/wp\/v2\/pages\/5777","targetHints":{"allow":["GET"]}}],"collection":[{"href":"https:\/\/floridalawyers360.com\/es\/wp-json\/wp\/v2\/pages"}],"about":[{"href":"https:\/\/floridalawyers360.com\/es\/wp-json\/wp\/v2\/types\/page"}],"author":[{"embeddable":true,"href":"https:\/\/floridalawyers360.com\/es\/wp-json\/wp\/v2\/users\/22"}],"replies":[{"embeddable":true,"href":"https:\/\/floridalawyers360.com\/es\/wp-json\/wp\/v2\/comments?post=5777"}],"version-history":[{"count":3,"href":"https:\/\/floridalawyers360.com\/es\/wp-json\/wp\/v2\/pages\/5777\/revisions"}],"predecessor-version":[{"id":5780,"href":"https:\/\/floridalawyers360.com\/es\/wp-json\/wp\/v2\/pages\/5777\/revisions\/5780"}],"up":[{"embeddable":true,"href":"https:\/\/floridalawyers360.com\/es\/wp-json\/wp\/v2\/pages\/5759"}],"wp:attachment":[{"href":"https:\/\/floridalawyers360.com\/es\/wp-json\/wp\/v2\/media?parent=5777"}],"wp:term":[{"taxonomy":"category","embeddable":true,"href":"https:\/\/floridalawyers360.com\/es\/wp-json\/wp\/v2\/categories?post=5777"},{"taxonomy":"post_tag","embeddable":true,"href":"https:\/\/floridalawyers360.com\/es\/wp-json\/wp\/v2\/tags?post=5777"}],"curies":[{"name":"wp","href":"https:\/\/api.w.org\/{rel}","templated":true}]}}