{"id":5773,"date":"2024-02-14T08:16:43","date_gmt":"2024-02-14T13:16:43","guid":{"rendered":"https:\/\/floridalawyers360.com\/daytona-beach\/reporting-a-work-injury-in-daytona-beach-fl\/"},"modified":"2024-03-11T23:51:13","modified_gmt":"2024-03-12T04:51:13","slug":"denuncia-de-un-accidente-laboral-en-daytona-beach","status":"publish","type":"page","link":"https:\/\/floridalawyers360.com\/es\/daytona-beach\/denuncia-de-un-accidente-laboral-en-daytona-beach\/","title":{"rendered":"Denuncia de un accidente laboral en Daytona Beach"},"content":{"rendered":"<p>Cuando sufre una lesi\u00f3n en el trabajo, necesita dinero para pagar los gastos m\u00e9dicos y encauzar su vida por el buen camino financiero. La indemnizaci\u00f3n por accidente laboral ayuda a los trabajadores lesionados a recuperar las prestaciones por sus lesiones relacionadas con el trabajo, pero no siempre es sencillo.<\/p>\n<p>A veces, la empresa o la compa\u00f1\u00eda de seguros pueden dificultar innecesariamente el cobro de las prestaciones. Dado que est\u00e1n motivados econ\u00f3micamente para reducir sus beneficios o negarlos por completo, puede enfrentarse a una batalla cuesta arriba tratando de recuperar sus beneficios merecidos despu\u00e9s de una lesi\u00f3n en el lugar de trabajo.<\/p>\n<div class=\"embed-container\"><iframe src=\"https:\/\/www.youtube.com\/embed\/9U57pItuJsQ\" frameborder=\"0\" allowfullscreen=\"allowfullscreen\"><\/iframe><\/div>\n<p>En Florida Lawyers 360 en Daytona Beach, Florida, entendemos que la presentaci\u00f3n de una reclamaci\u00f3n de compensaci\u00f3n de trabajadores puede ser algo frustrante. Es por eso que nuestros abogados de compensaci\u00f3n de trabajadores son agresivos en la b\u00fasqueda de los m\u00e1ximos beneficios para nuestros residentes de Daytona Beach.<\/p>\n<p>Nuestros abogados de compensaci\u00f3n de trabajadores de Florida tienen un profundo conocimiento de las leyes de seguros y el proceso de reclamaciones de compensaci\u00f3n de trabajadores. Puede contar con nosotros para obtener los m\u00e1ximos beneficios posibles.<\/p>\n<p>Hable con un abogado calificado en compensaci\u00f3n laboral de Daytona Beach de Florida Lawyers 360 de forma gratuita durante la evaluaci\u00f3n inicial de su caso.<\/p>\n<p>Ll\u00e1menos al <a href=\"tel:+19544487355\"><i class=\"fa fa-phone-alt\"><\/i>954-448-7355<\/a> para concertar una <strong>gratis sin compromiso<\/strong>.<\/p>\n\t\t<div data-elementor-type=\"section\" data-elementor-id=\"208\" class=\"elementor elementor-208\" data-elementor-post-type=\"elementor_library\">\n\t\t\t\t\t<section class=\"elementor-section elementor-top-section elementor-element elementor-element-485e576a elementor-section-boxed elementor-section-height-default elementor-section-height-default\" data-id=\"485e576a\" data-element_type=\"section\" data-e-type=\"section\">\n\t\t\t\t\t\t<div class=\"elementor-container elementor-column-gap-default\">\n\t\t\t\t\t<div class=\"elementor-column elementor-col-100 elementor-top-column elementor-element elementor-element-635c38c0\" data-id=\"635c38c0\" data-element_type=\"column\" data-e-type=\"column\">\n\t\t\t<div class=\"elementor-widget-wrap elementor-element-populated\">\n\t\t\t\t\t\t<div class=\"elementor-element elementor-element-3ba95c8a elementor-toc--minimized-on-tablet elementor-widget elementor-widget-table-of-contents\" data-id=\"3ba95c8a\" data-element_type=\"widget\" data-e-type=\"widget\" data-settings=\"{&quot;exclude_headings_by_selector&quot;:&quot;.toc-remove&quot;,&quot;headings_by_tags&quot;:[&quot;h2&quot;,&quot;h3&quot;],&quot;marker_view&quot;:&quot;numbers&quot;,&quot;no_headings_message&quot;:&quot;No headings were found on this page.&quot;,&quot;minimize_box&quot;:&quot;yes&quot;,&quot;minimized_on&quot;:&quot;tablet&quot;,&quot;hierarchical_view&quot;:&quot;yes&quot;,&quot;min_height&quot;:{&quot;unit&quot;:&quot;px&quot;,&quot;size&quot;:&quot;&quot;,&quot;sizes&quot;:[]},&quot;min_height_tablet&quot;:{&quot;unit&quot;:&quot;px&quot;,&quot;size&quot;:&quot;&quot;,&quot;sizes&quot;:[]},&quot;min_height_mobile&quot;:{&quot;unit&quot;:&quot;px&quot;,&quot;size&quot;:&quot;&quot;,&quot;sizes&quot;:[]}}\" data-widget_type=\"table-of-contents.default\">\n\t\t\t\t\t\t\t\t\t<div class=\"elementor-toc__header\">\n\t\t\t\t\t\t<div class=\"elementor-toc__header-title\">\n\t\t\t\tTable of Contents\t\t\t<\/div>\n\t\t\t\t\t\t\t\t\t\t<div class=\"elementor-toc__toggle-button elementor-toc__toggle-button--expand\" role=\"button\" tabindex=\"0\" aria-controls=\"elementor-toc__3ba95c8a\" aria-expanded=\"true\" aria-label=\"Open table of contents\"><svg aria-hidden=\"true\" class=\"e-font-icon-svg e-fas-chevron-down\" viewBox=\"0 0 448 512\" xmlns=\"http:\/\/www.w3.org\/2000\/svg\"><path d=\"M207.029 381.476L12.686 187.132c-9.373-9.373-9.373-24.569 0-33.941l22.667-22.667c9.357-9.357 24.522-9.375 33.901-.04L224 284.505l154.745-154.021c9.379-9.335 24.544-9.317 33.901.04l22.667 22.667c9.373 9.373 9.373 24.569 0 33.941L240.971 381.476c-9.373 9.372-24.569 9.372-33.942 0z\"><\/path><\/svg><\/div>\n\t\t\t\t<div class=\"elementor-toc__toggle-button elementor-toc__toggle-button--collapse\" role=\"button\" tabindex=\"0\" aria-controls=\"elementor-toc__3ba95c8a\" aria-expanded=\"true\" aria-label=\"Close table of contents\"><svg aria-hidden=\"true\" class=\"e-font-icon-svg e-fas-chevron-up\" viewBox=\"0 0 448 512\" xmlns=\"http:\/\/www.w3.org\/2000\/svg\"><path d=\"M240.971 130.524l194.343 194.343c9.373 9.373 9.373 24.569 0 33.941l-22.667 22.667c-9.357 9.357-24.522 9.375-33.901.04L224 227.495 69.255 381.516c-9.379 9.335-24.544 9.317-33.901-.04l-22.667-22.667c-9.373-9.373-9.373-24.569 0-33.941L207.03 130.525c9.372-9.373 24.568-9.373 33.941-.001z\"><\/path><\/svg><\/div>\n\t\t\t\t\t<\/div>\n\t\t\t\t<div id=\"elementor-toc__3ba95c8a\" class=\"elementor-toc__body\">\n\t\t\t<div class=\"elementor-toc__spinner-container\">\n\t\t\t\t<svg class=\"elementor-toc__spinner eicon-animation-spin e-font-icon-svg e-eicon-loading\" aria-hidden=\"true\" viewBox=\"0 0 1000 1000\" xmlns=\"http:\/\/www.w3.org\/2000\/svg\"><path d=\"M500 975V858C696 858 858 696 858 500S696 142 500 142 142 304 142 500H25C25 237 238 25 500 25S975 237 975 500 763 975 500 975Z\"><\/path><\/svg>\t\t\t<\/div>\n\t\t<\/div>\n\t\t\t\t\t\t<\/div>\n\t\t\t\t\t<\/div>\n\t\t<\/div>\n\t\t\t\t\t<\/div>\n\t\t<\/section>\n\t\t\t\t<\/div>\n\t\t\n<h2>\u00bfHay un l\u00edmite de tiempo para reportar una lesi\u00f3n de trabajo en Daytona Beach, Florida?<\/h2>\n<p>S\u00ed. Cuando sufra una lesi\u00f3n mientras realiza sus tareas laborales, no dude en denunciar el accidente. En Daytona Beach, Florida, los empleados que sufren lesiones o enfermedades en el lugar de trabajo deben informar de sus lesiones a sus empleadores o supervisores inmediatos inmediatamente o antes de que transcurran 30 d\u00edas.<\/p>\n<p>Su empleador tambi\u00e9n debe notificar a la compa\u00f1\u00eda de seguros su reclamaci\u00f3n de indemnizaci\u00f3n por accidente laboral en un plazo de siete d\u00edas. Aseg\u00farese de informar de su lesi\u00f3n a tiempo o se arriesga a perder su derecho a las prestaciones de compensaci\u00f3n de los trabajadores.<\/p>\n<h2>\u00bfA qui\u00e9n debo informar de una lesi\u00f3n laboral?<\/h2>\n<p>Cuando se lesiona en el trabajo, es importante saber que debe informar de inmediato a su supervisor, gerente o empleador. Puede informar por escrito o verbalmente.<\/p>\n<p><a href=\"https:\/\/floridalawyers360.com\/wp-content\/uploads\/2024\/02\/daytona-reporting-work-injury1-copy.webp\"><img fetchpriority=\"high\" decoding=\"async\" class=\"alignnone size-full wp-image-3115\" src=\"https:\/\/floridalawyers360.com\/wp-content\/uploads\/2024\/02\/daytona-reporting-work-injury1-copy.webp\" alt=\"if you suffer a workplace injury, report it right away\" width=\"500\" height=\"334\" srcset=\"https:\/\/floridalawyers360.com\/wp-content\/uploads\/2024\/02\/daytona-reporting-work-injury1-copy.webp 500w, https:\/\/floridalawyers360.com\/wp-content\/uploads\/2024\/02\/daytona-reporting-work-injury1-copy-300x200.webp 300w\" sizes=\"(max-width: 500px) 100vw, 500px\" \/><\/a><\/p>\n<h2>Responsabilidades del empresario tras una lesi\u00f3n laboral<\/h2>\n<p>Los empresarios tienen ciertas responsabilidades despu\u00e9s de que un empleado sufra una lesi\u00f3n en el trabajo. Entre ellas figuran:<\/p>\n<ul>\n<li><strong>Proporcionar Formularios de Reclamaci\u00f3n de Indemnizaci\u00f3n por Accidentes Laborales a los Empresarios Lesionados<\/strong>: Es deber del empleador proporcionar formularios de reclamaci\u00f3n de compensaci\u00f3n de trabajadores a los trabajadores que se lesionan en el trabajo. Los empleadores deben proporcionar estos formularios dentro de las 24 horas despu\u00e9s de recibir un aviso de una lesi\u00f3n o enfermedad relacionada con el trabajo de su empleado.<\/li>\n<li><strong>Presentar un primer parte de lesiones<\/strong>: Si un trabajador sufre una lesi\u00f3n en el lugar de trabajo, su empleador o supervisor inmediato debe rellenar y presentar un documento de Primer Informe de Lesiones y enviarlo a su proveedor de compensaci\u00f3n de trabajadores.<\/li>\n<li><strong>Respetar los derechos de los empleados<\/strong>: Los empresarios son responsables de respetar los derechos de sus trabajadores lesionados. Por ejemplo, los empleadores deben permitir que los trabajadores lesionados que requieran atenci\u00f3n m\u00e9dica busquen atenci\u00f3n m\u00e9dica.<\/li>\n<li><strong>Cooperar con las partes investigadoras<\/strong>: Despu\u00e9s de una lesi\u00f3n en el lugar de trabajo, los empleadores deben cooperar y colaborar con las personas que investigan la reclamaci\u00f3n de compensaci\u00f3n de los trabajadores. Los empleadores est\u00e1n obligados a facilitar documentaci\u00f3n como el expediente personal del empleado o su historial de n\u00f3minas.<\/li>\n<li><strong>Permitir a los empleados reincorporarse a sus puestos<\/strong>: Cuando los empleados han hecho una recuperaci\u00f3n completa y est\u00e1n listos para reanudar sus funciones de trabajo, es responsabilidad de un empleador para darles la bienvenida de nuevo al trabajo.<\/li>\n<li><strong>Cooperar con la junta de compensaci\u00f3n de trabajadores de Florida<\/strong>: Los empleadores de Florida deben ayudar a la junta de compensaci\u00f3n de trabajadores del estado a evitar reclamaciones exageradas o fraudulentas. Por ejemplo, si un empleador no presenta un Primer Informe de Lesiones, puede ser responsable de fraude.<\/li>\n<\/ul>\n<h2>Responsabilidades del trabajador tras un accidente laboral<\/h2>\n<ul>\n<li><strong>Comunicar la lesi\u00f3n<\/strong>: Los empleados que se lesionan en el trabajo son responsables de informar de sus lesiones a su empleador o supervisor inmediato inmediatamente o antes de que finalicen los 30 d\u00edas posteriores a su accidente.<\/li>\n<li><strong>Vuelta al trabajo del empleado<\/strong>: Una vez que el empleado se ha recuperado por completo y desea reincorporarse al trabajo, es su responsabilidad informar al empresario y a la aseguradora mediante una notificaci\u00f3n por escrito.<\/li>\n<li><strong>Cooperar<\/strong>: Los empleados deben cooperar y colaborar con la aseguradora. Por ejemplo, si una aseguradora solicita a un empleado que acuda a un m\u00e9dico de su elecci\u00f3n para someterse a un examen independiente, \u00e9ste debe aceptar ser examinado.<\/li>\n<li><strong>Mantener registros precisos<\/strong>: Los empleados deben mantener registros precisos de todos los formularios y documentos vitales durante todo el proceso de reclamaci\u00f3n.<\/li>\n<li><strong>Actuar con responsabilidad tras una lesi\u00f3n<\/strong>: En el per\u00edodo posterior a una lesi\u00f3n, los empleados deben controlar su comportamiento despu\u00e9s de una lesi\u00f3n o enfermedad en el trabajo y seguir las \u00f3rdenes del m\u00e9dico.<\/li>\n<\/ul>\n<p>Los trabajadores deben notificar a su compa\u00f1\u00eda de seguros o a la empresa cuando cambien de domicilio tras trasladarse o volver a casarse.<\/p>\n<p>Es responsabilidad del trabajador intentar un trabajo aprobado por el m\u00e9dico de compensaci\u00f3n de trabajadores asignado. El trabajador debe intentar el trabajo aunque su salario sea inferior al que ten\u00eda antes de lesionarse.<\/p>\n<p>Cuando se le pide a un trabajador que se someta a una prueba de drogas despu\u00e9s de lesionarse en el trabajo, es su responsabilidad cumplir o justificar el rechazo a la prueba de drogas.<\/p>\n<p>Durante todo el proceso de reclamaci\u00f3n, los trabajadores lesionados est\u00e1n obligados a ser honestos. Los empleados que hacen declaraciones falsas o enga\u00f1osas al reclamar beneficios de compensaci\u00f3n de trabajadores corren el riesgo de ser culpables de un delito menor.<\/p>\n<p><a href=\"https:\/\/floridalawyers360.com\/wp-content\/uploads\/2024\/02\/daytona-reporting-work-injury2-copy.webp\"><img decoding=\"async\" class=\"alignnone size-full wp-image-3114\" src=\"https:\/\/floridalawyers360.com\/wp-content\/uploads\/2024\/02\/daytona-reporting-work-injury2-copy.webp\" alt=\"Reporting a work injury claim form\" width=\"500\" height=\"334\" srcset=\"https:\/\/floridalawyers360.com\/wp-content\/uploads\/2024\/02\/daytona-reporting-work-injury2-copy.webp 500w, https:\/\/floridalawyers360.com\/wp-content\/uploads\/2024\/02\/daytona-reporting-work-injury2-copy-300x200.webp 300w\" sizes=\"(max-width: 500px) 100vw, 500px\" \/><\/a><\/p>\n<h2>Ll\u00e1menos Hoy Cuando Reporte Una Lesi\u00f3n Laboral En Daytona<\/h2>\n<p>Las reclamaciones de compensaci\u00f3n laboral en Florida pueden ser complicadas. Es posible que tenga que lidiar con los empleados intimidantes, testigos poco cooperativos, y la negaci\u00f3n injusta de las reclamaciones de compensaci\u00f3n de trabajadores.<\/p>\n<p>Estos son escollos comunes, y no deben disuadirlo de perseguir beneficios. Cuando denuncie una lesi\u00f3n laboral, llame a un abogado de Florida Lawyers 360 con experiencia y familiarizado con las complejidades de las reclamaciones de indemnizaci\u00f3n por accidente laboral.<\/p>\n<p>Si usted se lesiona despu\u00e9s de un accidente en el trabajo, usted puede ser elegible para solicitar beneficios de compensaci\u00f3n de trabajadores de su empleador.<\/p>\n<p>Los abogados de Florida Lawyers 360 en Daytona Beach, Florida, tienen experiencia y conocimientos sobre las leyes de Florida que cubren las reclamaciones de compensaci\u00f3n de trabajadores.<\/p>\n<p>Podemos ayudarle a entender sus derechos y recuperar los beneficios que le corresponden despu\u00e9s de una lesi\u00f3n en el lugar de trabajo, trabajando con su empleador y proveedor de seguros. Nuestros abogados de Daytona Beach tienen una vasta experiencia en ayudar a los empleados lesionados.<\/p>\n<p>Hemos ayudado a muchos trabajadores a trav\u00e9s de diversas industrias de trabajo en Daytona y en toda la Florida.<\/p>\n<p>Si usted ha sido v\u00edctima de una lesi\u00f3n en el trabajo o enfermedad en Daytona Beach, llame a la Florida Abogados 360 en <a href=\"tel:+19544487355\"><i class=\"fa fa-phone-alt\"><\/i>954-448-7355<\/a> para su evaluaci\u00f3n gratuita de su caso. Tomamos casos de compensaci\u00f3n de trabajadores en contingencia, as\u00ed que no dude en llamarnos.<\/p>\n","protected":false},"excerpt":{"rendered":"<p>Cuando sufre una lesi\u00f3n en el trabajo, necesita dinero para pagar los gastos m\u00e9dicos y encauzar su vida por el buen camino financiero. La indemnizaci\u00f3n por accidente laboral ayuda a los trabajadores lesionados a recuperar las prestaciones por sus lesiones relacionadas con el trabajo, pero no siempre es sencillo. A veces, la empresa o la [&hellip;]<\/p>\n","protected":false},"author":22,"featured_media":0,"parent":5759,"menu_order":0,"comment_status":"closed","ping_status":"closed","template":"","meta":{"_acf_changed":false,"anchor_text":"","footnotes":""},"categories":[],"tags":[],"class_list":["post-5773","page","type-page","status-publish","hentry"],"acf":[],"_links":{"self":[{"href":"https:\/\/floridalawyers360.com\/es\/wp-json\/wp\/v2\/pages\/5773","targetHints":{"allow":["GET"]}}],"collection":[{"href":"https:\/\/floridalawyers360.com\/es\/wp-json\/wp\/v2\/pages"}],"about":[{"href":"https:\/\/floridalawyers360.com\/es\/wp-json\/wp\/v2\/types\/page"}],"author":[{"embeddable":true,"href":"https:\/\/floridalawyers360.com\/es\/wp-json\/wp\/v2\/users\/22"}],"replies":[{"embeddable":true,"href":"https:\/\/floridalawyers360.com\/es\/wp-json\/wp\/v2\/comments?post=5773"}],"version-history":[{"count":3,"href":"https:\/\/floridalawyers360.com\/es\/wp-json\/wp\/v2\/pages\/5773\/revisions"}],"predecessor-version":[{"id":5776,"href":"https:\/\/floridalawyers360.com\/es\/wp-json\/wp\/v2\/pages\/5773\/revisions\/5776"}],"up":[{"embeddable":true,"href":"https:\/\/floridalawyers360.com\/es\/wp-json\/wp\/v2\/pages\/5759"}],"wp:attachment":[{"href":"https:\/\/floridalawyers360.com\/es\/wp-json\/wp\/v2\/media?parent=5773"}],"wp:term":[{"taxonomy":"category","embeddable":true,"href":"https:\/\/floridalawyers360.com\/es\/wp-json\/wp\/v2\/categories?post=5773"},{"taxonomy":"post_tag","embeddable":true,"href":"https:\/\/floridalawyers360.com\/es\/wp-json\/wp\/v2\/tags?post=5773"}],"curies":[{"name":"wp","href":"https:\/\/api.w.org\/{rel}","templated":true}]}}