{"id":5769,"date":"2024-02-14T08:15:37","date_gmt":"2024-02-14T13:15:37","guid":{"rendered":"https:\/\/floridalawyers360.com\/daytona-beach\/daytona-beach-workers-compensation-lawyer\/"},"modified":"2024-03-11T09:12:50","modified_gmt":"2024-03-11T14:12:50","slug":"abogado-de-indemnizacion-por-accidentes-laborales","status":"publish","type":"page","link":"https:\/\/floridalawyers360.com\/es\/daytona-beach\/abogado-de-indemnizacion-por-accidentes-laborales\/","title":{"rendered":"Abogado de indemnizaci\u00f3n por accidentes laborales"},"content":{"rendered":"<p>Los accidentes son frecuentes, sobre todo en el lugar de trabajo. Puede romperse un brazo, torcerse el cuello o lesionarse la espalda por levantar cargas pesadas. Si usted fue herido en el trabajo, usted tiene derecho a una indemnizaci\u00f3n a trav\u00e9s de compensaci\u00f3n a los trabajadores.<\/p>\n<p>Un abogado de compensaci\u00f3n de trabajadores de Daytona Beach Forida es crucial en tal situaci\u00f3n. Ellos est\u00e1n en una mejor posici\u00f3n para ayudarle a obtener beneficios completos. La indemnizaci\u00f3n cubre las facturas m\u00e9dicas, salarios perdidos, y otros paquetes de atenci\u00f3n especial necesaria.<\/p>\n<p>\u00bfNecesita un abogado de compensaci\u00f3n al trabajador que pueda manejar su caso? Llame a Florida Lawyers 360 para obtener ayuda. Tenemos abogados con experiencia en compensaci\u00f3n laboral que han manejado casos para muchos clientes y los han ayudado a recibir compensaci\u00f3n.<\/p>\n<p>Llame hoy al <a href=\"tel:+19544487355\"><i class=\"fa fa-phone-alt\"><\/i>954-448-7355<\/a> para obtener una revisi\u00f3n gratuita de su caso por parte de los abogados de lesiones personales de Daytona Beach de nuestro bufete.<\/p>\n\t\t<div data-elementor-type=\"section\" data-elementor-id=\"208\" class=\"elementor elementor-208\" data-elementor-post-type=\"elementor_library\">\n\t\t\t\t\t<section class=\"elementor-section elementor-top-section elementor-element elementor-element-485e576a elementor-section-boxed elementor-section-height-default elementor-section-height-default\" data-id=\"485e576a\" data-element_type=\"section\" data-e-type=\"section\">\n\t\t\t\t\t\t<div class=\"elementor-container elementor-column-gap-default\">\n\t\t\t\t\t<div class=\"elementor-column elementor-col-100 elementor-top-column elementor-element elementor-element-635c38c0\" data-id=\"635c38c0\" data-element_type=\"column\" data-e-type=\"column\">\n\t\t\t<div class=\"elementor-widget-wrap elementor-element-populated\">\n\t\t\t\t\t\t<div class=\"elementor-element elementor-element-3ba95c8a elementor-toc--minimized-on-tablet elementor-widget elementor-widget-table-of-contents\" data-id=\"3ba95c8a\" data-element_type=\"widget\" data-e-type=\"widget\" data-settings=\"{&quot;exclude_headings_by_selector&quot;:&quot;.toc-remove&quot;,&quot;headings_by_tags&quot;:[&quot;h2&quot;,&quot;h3&quot;],&quot;marker_view&quot;:&quot;numbers&quot;,&quot;no_headings_message&quot;:&quot;No headings were found on this page.&quot;,&quot;minimize_box&quot;:&quot;yes&quot;,&quot;minimized_on&quot;:&quot;tablet&quot;,&quot;hierarchical_view&quot;:&quot;yes&quot;,&quot;min_height&quot;:{&quot;unit&quot;:&quot;px&quot;,&quot;size&quot;:&quot;&quot;,&quot;sizes&quot;:[]},&quot;min_height_tablet&quot;:{&quot;unit&quot;:&quot;px&quot;,&quot;size&quot;:&quot;&quot;,&quot;sizes&quot;:[]},&quot;min_height_mobile&quot;:{&quot;unit&quot;:&quot;px&quot;,&quot;size&quot;:&quot;&quot;,&quot;sizes&quot;:[]}}\" data-widget_type=\"table-of-contents.default\">\n\t\t\t\t\t\t\t\t\t<div class=\"elementor-toc__header\">\n\t\t\t\t\t\t<div class=\"elementor-toc__header-title\">\n\t\t\t\tTable of Contents\t\t\t<\/div>\n\t\t\t\t\t\t\t\t\t\t<div class=\"elementor-toc__toggle-button elementor-toc__toggle-button--expand\" role=\"button\" tabindex=\"0\" aria-controls=\"elementor-toc__3ba95c8a\" aria-expanded=\"true\" aria-label=\"Open table of contents\"><svg aria-hidden=\"true\" class=\"e-font-icon-svg e-fas-chevron-down\" viewBox=\"0 0 448 512\" xmlns=\"http:\/\/www.w3.org\/2000\/svg\"><path d=\"M207.029 381.476L12.686 187.132c-9.373-9.373-9.373-24.569 0-33.941l22.667-22.667c9.357-9.357 24.522-9.375 33.901-.04L224 284.505l154.745-154.021c9.379-9.335 24.544-9.317 33.901.04l22.667 22.667c9.373 9.373 9.373 24.569 0 33.941L240.971 381.476c-9.373 9.372-24.569 9.372-33.942 0z\"><\/path><\/svg><\/div>\n\t\t\t\t<div class=\"elementor-toc__toggle-button elementor-toc__toggle-button--collapse\" role=\"button\" tabindex=\"0\" aria-controls=\"elementor-toc__3ba95c8a\" aria-expanded=\"true\" aria-label=\"Close table of contents\"><svg aria-hidden=\"true\" class=\"e-font-icon-svg e-fas-chevron-up\" viewBox=\"0 0 448 512\" xmlns=\"http:\/\/www.w3.org\/2000\/svg\"><path d=\"M240.971 130.524l194.343 194.343c9.373 9.373 9.373 24.569 0 33.941l-22.667 22.667c-9.357 9.357-24.522 9.375-33.901.04L224 227.495 69.255 381.516c-9.379 9.335-24.544 9.317-33.901-.04l-22.667-22.667c-9.373-9.373-9.373-24.569 0-33.941L207.03 130.525c9.372-9.373 24.568-9.373 33.941-.001z\"><\/path><\/svg><\/div>\n\t\t\t\t\t<\/div>\n\t\t\t\t<div id=\"elementor-toc__3ba95c8a\" class=\"elementor-toc__body\">\n\t\t\t<div class=\"elementor-toc__spinner-container\">\n\t\t\t\t<svg class=\"elementor-toc__spinner eicon-animation-spin e-font-icon-svg e-eicon-loading\" aria-hidden=\"true\" viewBox=\"0 0 1000 1000\" xmlns=\"http:\/\/www.w3.org\/2000\/svg\"><path d=\"M500 975V858C696 858 858 696 858 500S696 142 500 142 142 304 142 500H25C25 237 238 25 500 25S975 237 975 500 763 975 500 975Z\"><\/path><\/svg>\t\t\t<\/div>\n\t\t<\/div>\n\t\t\t\t\t\t<\/div>\n\t\t\t\t\t<\/div>\n\t\t<\/div>\n\t\t\t\t\t<\/div>\n\t\t<\/section>\n\t\t\t\t<\/div>\n\t\t\n<h2>\u00bfQu\u00e9 es la indemnizaci\u00f3n por accidente laboral?<\/h2>\n<p>La indemnizaci\u00f3n por accidente laboral puede definirse como una cobertura que protege y proporciona prestaciones a los empleados que se lesionan durante la jornada laboral. En general, la cobertura ayuda a atender las necesidades del empleado lesionado.<\/p>\n<p>En concreto, cubre las facturas m\u00e9dicas y la p\u00e9rdida de ingresos debida a la baja laboral, entre otras prestaciones como fisioterapia, gastos de viaje necesarios y recetas m\u00e9dicas. Por \u00faltimo, podr\u00eda tener derecho a rehabilitaci\u00f3n profesional.<\/p>\n<p>No tiene que demostrar negligencia por parte de su empresario para recibir indemnizaci\u00f3n por sus lesiones.<\/p>\n<p><a href=\"https:\/\/floridalawyers360.com\/wp-content\/uploads\/2024\/02\/daytona-wc1-copy.webp\"><img fetchpriority=\"high\" decoding=\"async\" class=\"alignnone size-full wp-image-3110\" src=\"https:\/\/floridalawyers360.com\/wp-content\/uploads\/2024\/02\/daytona-wc1-copy.webp\" alt=\"Workplace injury\" width=\"500\" height=\"334\" srcset=\"https:\/\/floridalawyers360.com\/wp-content\/uploads\/2024\/02\/daytona-wc1-copy.webp 500w, https:\/\/floridalawyers360.com\/wp-content\/uploads\/2024\/02\/daytona-wc1-copy-300x200.webp 300w\" sizes=\"(max-width: 500px) 100vw, 500px\" \/><\/a><\/p>\n<h2>\u00bfQu\u00e9 debo hacer si me lesiono en el trabajo?<\/h2>\n<p>Sufrir una lesi\u00f3n en el trabajo es una experiencia estresante. Seguir estos pasos facilitar\u00e1 el proceso de obtener una indemnizaci\u00f3n:<\/p>\n<h3>Comunicar el accidente<\/h3>\n<p>Una cosa que todos los empleados deben saber es que en el momento en que uno se lesiona en el trabajo, debe informar inmediatamente al supervisor o al empresario. Debe informar del incidente en un plazo de 30 d\u00edas o su reclamaci\u00f3n puede ser denegada.<\/p>\n<h3>Recibir tratamiento<\/h3>\n<p>Deber\u00e1 acudir a un m\u00e9dico autorizado por la empresa o la aseguradora. Visitar a un m\u00e9dico es tambi\u00e9n una buena manera de tener pruebas de tus lesiones, as\u00ed que aseg\u00farate de que tienen por escrito todos los detalles necesarios sobre tu lesi\u00f3n.<\/p>\n<p>Tenga un registro bien escrito de su lesi\u00f3n y s\u00edntomas. Haz que el m\u00e9dico incluya cualquier detalle que creas que puede ayudar a tu caso.<\/p>\n<h3>Haz fotos como prueba<\/h3>\n<p>Haz fotos de tus lesiones si son visibles. Las fotos sirven como prueba o evidencia de que, efectivamente, estuviste implicado en un accidente y te lesionaste. Adem\u00e1s, esto se puede presentar tanto a la compa\u00f1\u00eda de seguros como al empleador al acceder al nivel de la lesi\u00f3n.<\/p>\n<p>En caso de que no consigas una indemnizaci\u00f3n leg\u00edtima, puedes presentar esto como prueba a tu abogado de indemnizaci\u00f3n para que te ayude a preparar tu caso.<\/p>\n<h3>Presentar una reclamaci\u00f3n de indemnizaci\u00f3n por accidente laboral<\/h3>\n<p>Aseg\u00farese de presentar una reclamaci\u00f3n de compensaci\u00f3n de trabajadores y aseg\u00farese de tener una copia para usted. Aqu\u00ed en Florida Lawyers 360, nuestro equipo tiene los conocimientos adecuados, habilidades y experiencia para guiar a trav\u00e9s del proceso de presentaci\u00f3n de la reclamaci\u00f3n.<\/p>\n<p>Nuestra primera consulta es gratuita y a trav\u00e9s de esta, usted sabr\u00e1 los beneficios a los que tiene derecho. En Florida, usted debe presentar una petici\u00f3n de beneficios dentro de los dos a\u00f1os siguientes al accidente o lesi\u00f3n.<\/p>\n<h2>\u00bfPor qu\u00e9 debo contratar a un abogado de compensaci\u00f3n de trabajadores de Daytona Beach Florida?<\/h2>\n<p>Aqu\u00ed est\u00e1 c\u00f3mo nuestros abogados expertos de la remuneraci\u00f3n de los trabajadores en nuestra firma pueden ayudarle:<\/p>\n<h3>Construyendo un Caso S\u00f3lido<\/h3>\n<p>Desconocido para muchas personas que presentan un reclamo de compensaci\u00f3n de trabajadores, no es tan f\u00e1cil obtener su compensaci\u00f3n, no importa lo f\u00e1cil que parezca el caso.<\/p>\n<p>Incluso con m\u00faltiples testigos y un historial de trabajo limpio, la reclamaci\u00f3n puede ser denegada.<\/p>\n<p>Contar con un abogado con experiencia en compensaci\u00f3n laboral en Daytona Beach, Florida, le ayudar\u00e1 a construir un caso s\u00f3lido y a reducir las posibilidades de que le denieguen la reclamaci\u00f3n.<\/p>\n<h3>Negociaci\u00f3n con las compa\u00f1\u00edas de seguros<\/h3>\n<p>Las compa\u00f1\u00edas de seguros intentar\u00e1n pagarle menos de lo que le corresponde. Incluso pueden amenazarle dici\u00e9ndole que cualquier oferta que le hagan ser\u00e1 la \u00faltima.<\/p>\n<p>Un abogado que conozca sus t\u00e1cticas cambiar\u00e1 las reglas del juego porque negociar\u00e1 con hechos y le conseguir\u00e1 un buen acuerdo.<\/p>\n<h3>Cuestiones legales relacionadas<\/h3>\n<p>El camino hacia su acuerdo puede no ser tan claro como parece. Sus lesiones pueden ser el resultado de la negligencia de un tercero, lo que significa que habr\u00e1 litigios.<\/p>\n<p>Un abogado de accidentes de trabajo se asegurar\u00e1 de que usted est\u00e9 representado en todos los aspectos.<\/p>\n<p><a href=\"https:\/\/floridalawyers360.com\/wp-content\/uploads\/2024\/02\/daytona-wc2-copy.webp\"><img decoding=\"async\" class=\"alignnone size-full wp-image-3111\" src=\"https:\/\/floridalawyers360.com\/wp-content\/uploads\/2024\/02\/daytona-wc2-copy.webp\" alt=\"Hurt on the job? Contact our workers' compensation lawyer\" width=\"500\" height=\"334\" srcset=\"https:\/\/floridalawyers360.com\/wp-content\/uploads\/2024\/02\/daytona-wc2-copy.webp 500w, https:\/\/floridalawyers360.com\/wp-content\/uploads\/2024\/02\/daytona-wc2-copy-300x200.webp 300w\" sizes=\"(max-width: 500px) 100vw, 500px\" \/><\/a><\/p>\n<h2>\u00bfCu\u00e1nto cuesta contratar a un abogado de indemnizaci\u00f3n por accidente laboral?<\/h2>\n<p>Usted pagar\u00e1 un honorario de contingencia despu\u00e9s de que su compensaci\u00f3n sea concedida. Usted no tiene que pagar nada por adelantado.<\/p>\n<h2>\u00bfQu\u00e9 debo hacer si mi reclamo de Compensaci\u00f3n al Trabajador es negado?<\/h2>\n<p>Al recibir una negaci\u00f3n, usted debe reunirse con su empleador o su compa\u00f1\u00eda de seguros para ver si la reclamaci\u00f3n fue negada debido a un problema espec\u00edfico. Si el problema puede ser resuelto fuera de los tribunales, es mucho m\u00e1s f\u00e1cil para usted.<\/p>\n<h2>\u00bfPuedo ser despedido por presentar una reclamaci\u00f3n de compensaci\u00f3n de trabajadores?<\/h2>\n<p>Seg\u00fan la secci\u00f3n 420.205 de la ley de Florida, un empleador no puede despedir a un empleado por presentar una reclamaci\u00f3n de compensaci\u00f3n de trabajadores. Este acto se conoce como represalia y es ilegal, ya que todo empleado tiene derecho a presentar una reclamaci\u00f3n si ha sufrido lesiones en el lugar de trabajo.<\/p>\n<p>Tenga en cuenta que el empresario puede ceder el puesto de un empleado cuando se lesiona y no puede trabajar.<\/p>\n<h2>\u00bfExiste un l\u00edmite de tiempo para presentar una reclamaci\u00f3n de compensaci\u00f3n laboral en Florida?<\/h2>\n<p>S\u00ed. La reclamaci\u00f3n debe presentarse en el plazo de dos a\u00f1os desde el momento en que se produjo la lesi\u00f3n. Si un empleado recibe beneficios a trav\u00e9s de un programa de compensaci\u00f3n al trabajador y necesita volver a solicitarlos, debe hacerlo dentro del a\u00f1o siguiente al pago de sus \u00faltimos beneficios.<\/p>\n<h2>\u00bfPuedo demandar a mi empresario?<\/h2>\n<p>Una vez que presente la reclamaci\u00f3n de indemnizaci\u00f3n por accidente laboral, tiene prohibido demandar al empresario. Puede haber algunos casos con excepciones. Usted debe obtener el consejo de un abogado de compensaci\u00f3n al trabajador sobre qu\u00e9 hacer.<\/p>\n<h2>\u00bfPuede un Contratista Independiente Presentar una Demanda de Compensaci\u00f3n al Trabajador?<\/h2>\n<p>En general, Florida no permite que los contratistas independientes presenten un reclamo de compensaci\u00f3n al trabajador. El \u00fanico caso en el que un trabajador independiente puede solicitar compensaci\u00f3n laboral es si trabaja o presta servicios en la industria de la construcci\u00f3n.<\/p>\n<p><a href=\"https:\/\/floridalawyers360.com\/wp-content\/uploads\/2024\/02\/daytona-wc3-copy.webp\"><img decoding=\"async\" class=\"alignnone size-full wp-image-3112\" src=\"https:\/\/floridalawyers360.com\/wp-content\/uploads\/2024\/02\/daytona-wc3-copy.webp\" alt=\"Filing a workers' compensation claim\" width=\"500\" height=\"334\" srcset=\"https:\/\/floridalawyers360.com\/wp-content\/uploads\/2024\/02\/daytona-wc3-copy.webp 500w, https:\/\/floridalawyers360.com\/wp-content\/uploads\/2024\/02\/daytona-wc3-copy-300x200.webp 300w\" sizes=\"(max-width: 500px) 100vw, 500px\" \/><\/a><\/p>\n<h2>\u00bfCu\u00e1nto vale mi indemnizaci\u00f3n por accidente laboral?<\/h2>\n<p>Compensaci\u00f3n a los trabajadores liquidaci\u00f3n de siniestros pagar\u00e1 por:<\/p>\n<ul>\n<li>Sus facturas m\u00e9dicas con los m\u00e9dicos tratantes autorizados.<\/li>\n<li>Cualquier coste de rehabilitaci\u00f3n, es decir, en caso de que la lesi\u00f3n haya provocado la p\u00e9rdida de funci\u00f3n en alguna parte del cuerpo.<\/li>\n<li>Un porcentaje de su salario perdido.<\/li>\n<li>Medicamentos recetados necesarios durante el periodo de recuperaci\u00f3n.<\/li>\n<li>Cualquier gasto de viaje necesario relacionado con el tratamiento de su lesi\u00f3n.<\/li>\n<li>Su prestaci\u00f3n sustitutoria por p\u00e9rdida de ingresos, que ser\u00e1 de dos tercios de su salario medio semanal (con un tope de 575 d\u00f3lares semanales).<\/li>\n<li>Incapacidad Parcial Permanente, una suma adicional de dinero si el m\u00e9dico tratante autorizado emite una calificaci\u00f3n de incapacidad de conformidad con las Directrices de la Asociaci\u00f3n M\u00e9dica Americana.<\/li>\n<\/ul>\n<h2>Contacte con Florida Lawyers 360 para una revisi\u00f3n gratuita de su caso<\/h2>\n<p>\u00bfSe ha lesionado o enfermado como resultado de su trabajo?<\/p>\n<p>Usted necesita un abogado experto en compensaci\u00f3n laboral en Daytona Beach Florida que pueda conseguirle su reclamo a la primera para que no tenga que pasar por una situaci\u00f3n estresante sin ninguna ayuda legal profesional.<\/p>\n<p>Llame a nuestro bufete de abogados de compensaci\u00f3n laboral de Florida al <a href=\"tel:+19544487355\"><i class=\"fa fa-phone-alt\"><\/i>954-448-7355<\/a> o complete nuestro formulario de contacto en l\u00ednea para programar una consulta gratuita hoy mismo.<\/p>\n","protected":false},"excerpt":{"rendered":"<p>Los accidentes son frecuentes, sobre todo en el lugar de trabajo. Puede romperse un brazo, torcerse el cuello o lesionarse la espalda por levantar cargas pesadas. Si usted fue herido en el trabajo, usted tiene derecho a una indemnizaci\u00f3n a trav\u00e9s de compensaci\u00f3n a los trabajadores. Un abogado de compensaci\u00f3n de trabajadores de Daytona Beach [&hellip;]<\/p>\n","protected":false},"author":22,"featured_media":0,"parent":5759,"menu_order":0,"comment_status":"closed","ping_status":"closed","template":"","meta":{"_acf_changed":false,"anchor_text":"","footnotes":""},"categories":[97],"tags":[],"class_list":["post-5769","page","type-page","status-publish","hentry","category-compensacion-trabajadores"],"acf":[],"_links":{"self":[{"href":"https:\/\/floridalawyers360.com\/es\/wp-json\/wp\/v2\/pages\/5769","targetHints":{"allow":["GET"]}}],"collection":[{"href":"https:\/\/floridalawyers360.com\/es\/wp-json\/wp\/v2\/pages"}],"about":[{"href":"https:\/\/floridalawyers360.com\/es\/wp-json\/wp\/v2\/types\/page"}],"author":[{"embeddable":true,"href":"https:\/\/floridalawyers360.com\/es\/wp-json\/wp\/v2\/users\/22"}],"replies":[{"embeddable":true,"href":"https:\/\/floridalawyers360.com\/es\/wp-json\/wp\/v2\/comments?post=5769"}],"version-history":[{"count":3,"href":"https:\/\/floridalawyers360.com\/es\/wp-json\/wp\/v2\/pages\/5769\/revisions"}],"predecessor-version":[{"id":5772,"href":"https:\/\/floridalawyers360.com\/es\/wp-json\/wp\/v2\/pages\/5769\/revisions\/5772"}],"up":[{"embeddable":true,"href":"https:\/\/floridalawyers360.com\/es\/wp-json\/wp\/v2\/pages\/5759"}],"wp:attachment":[{"href":"https:\/\/floridalawyers360.com\/es\/wp-json\/wp\/v2\/media?parent=5769"}],"wp:term":[{"taxonomy":"category","embeddable":true,"href":"https:\/\/floridalawyers360.com\/es\/wp-json\/wp\/v2\/categories?post=5769"},{"taxonomy":"post_tag","embeddable":true,"href":"https:\/\/floridalawyers360.com\/es\/wp-json\/wp\/v2\/tags?post=5769"}],"curies":[{"name":"wp","href":"https:\/\/api.w.org\/{rel}","templated":true}]}}