{"id":5765,"date":"2024-02-14T08:11:44","date_gmt":"2024-02-14T13:11:44","guid":{"rendered":"https:\/\/floridalawyers360.com\/daytona-beach\/daytona-beach-personal-injury-lawyer\/"},"modified":"2024-03-11T09:04:14","modified_gmt":"2024-03-11T14:04:14","slug":"abogado-de-lesiones-personales","status":"publish","type":"page","link":"https:\/\/floridalawyers360.com\/es\/daytona-beach\/abogado-de-lesiones-personales\/","title":{"rendered":"Abogado de lesiones personales"},"content":{"rendered":"<p>Una lesi\u00f3n grave puede dejarte destrozado f\u00edsica, econ\u00f3mica y emocionalmente. No est\u00e1 bien tener que sufrir as\u00ed, sobre todo si las lesiones fueron consecuencia de un accidente en el que usted no tuvo la culpa. Si ha sufrido lesiones personales, puede sufrir importantes p\u00e9rdidas econ\u00f3micas.<\/p>\n<p>Si se encuentra en esta situaci\u00f3n, debe ponerse en contacto con los abogados de lesiones personales de Daytona Beach en Florida Lawyers 360 hoy para discutir su caso. Lucharemos agresivamente para recuperar la compensaci\u00f3n por sus gastos y otras p\u00e9rdidas.<\/p>\n<p>Nuestra consulta inicial es gratuita, y usted no paga nada a menos que ganemos su caso.<\/p>\n\t\t<div data-elementor-type=\"section\" data-elementor-id=\"208\" class=\"elementor elementor-208\" data-elementor-post-type=\"elementor_library\">\n\t\t\t\t\t<section class=\"elementor-section elementor-top-section elementor-element elementor-element-485e576a elementor-section-boxed elementor-section-height-default elementor-section-height-default\" data-id=\"485e576a\" data-element_type=\"section\" data-e-type=\"section\">\n\t\t\t\t\t\t<div class=\"elementor-container elementor-column-gap-default\">\n\t\t\t\t\t<div class=\"elementor-column elementor-col-100 elementor-top-column elementor-element elementor-element-635c38c0\" data-id=\"635c38c0\" data-element_type=\"column\" data-e-type=\"column\">\n\t\t\t<div class=\"elementor-widget-wrap elementor-element-populated\">\n\t\t\t\t\t\t<div class=\"elementor-element elementor-element-3ba95c8a elementor-toc--minimized-on-tablet elementor-widget elementor-widget-table-of-contents\" data-id=\"3ba95c8a\" data-element_type=\"widget\" data-e-type=\"widget\" data-settings=\"{&quot;exclude_headings_by_selector&quot;:&quot;.toc-remove&quot;,&quot;headings_by_tags&quot;:[&quot;h2&quot;,&quot;h3&quot;],&quot;marker_view&quot;:&quot;numbers&quot;,&quot;no_headings_message&quot;:&quot;No se ha encontrado ning\\u00fan encabezado en esta p\\u00e1gina.&quot;,&quot;minimize_box&quot;:&quot;yes&quot;,&quot;minimized_on&quot;:&quot;tablet&quot;,&quot;hierarchical_view&quot;:&quot;yes&quot;,&quot;min_height&quot;:{&quot;unit&quot;:&quot;px&quot;,&quot;size&quot;:&quot;&quot;,&quot;sizes&quot;:[]},&quot;min_height_tablet&quot;:{&quot;unit&quot;:&quot;px&quot;,&quot;size&quot;:&quot;&quot;,&quot;sizes&quot;:[]},&quot;min_height_mobile&quot;:{&quot;unit&quot;:&quot;px&quot;,&quot;size&quot;:&quot;&quot;,&quot;sizes&quot;:[]}}\" data-widget_type=\"table-of-contents.default\">\n\t\t\t\t\t\t\t\t\t<div class=\"elementor-toc__header\">\n\t\t\t\t\t\t<div class=\"elementor-toc__header-title\">\n\t\t\t\tTable of Contents\t\t\t<\/div>\n\t\t\t\t\t\t\t\t\t\t<div class=\"elementor-toc__toggle-button elementor-toc__toggle-button--expand\" role=\"button\" tabindex=\"0\" aria-controls=\"elementor-toc__3ba95c8a\" aria-expanded=\"true\" aria-label=\"Abrir la tabla de contenidos\"><svg aria-hidden=\"true\" class=\"e-font-icon-svg e-fas-chevron-down\" viewBox=\"0 0 448 512\" xmlns=\"http:\/\/www.w3.org\/2000\/svg\"><path d=\"M207.029 381.476L12.686 187.132c-9.373-9.373-9.373-24.569 0-33.941l22.667-22.667c9.357-9.357 24.522-9.375 33.901-.04L224 284.505l154.745-154.021c9.379-9.335 24.544-9.317 33.901.04l22.667 22.667c9.373 9.373 9.373 24.569 0 33.941L240.971 381.476c-9.373 9.372-24.569 9.372-33.942 0z\"><\/path><\/svg><\/div>\n\t\t\t\t<div class=\"elementor-toc__toggle-button elementor-toc__toggle-button--collapse\" role=\"button\" tabindex=\"0\" aria-controls=\"elementor-toc__3ba95c8a\" aria-expanded=\"true\" aria-label=\"Cerrar la tabla de contenidos\"><svg aria-hidden=\"true\" class=\"e-font-icon-svg e-fas-chevron-up\" viewBox=\"0 0 448 512\" xmlns=\"http:\/\/www.w3.org\/2000\/svg\"><path d=\"M240.971 130.524l194.343 194.343c9.373 9.373 9.373 24.569 0 33.941l-22.667 22.667c-9.357 9.357-24.522 9.375-33.901.04L224 227.495 69.255 381.516c-9.379 9.335-24.544 9.317-33.901-.04l-22.667-22.667c-9.373-9.373-9.373-24.569 0-33.941L207.03 130.525c9.372-9.373 24.568-9.373 33.941-.001z\"><\/path><\/svg><\/div>\n\t\t\t\t\t<\/div>\n\t\t\t\t<div id=\"elementor-toc__3ba95c8a\" class=\"elementor-toc__body\">\n\t\t\t<div class=\"elementor-toc__spinner-container\">\n\t\t\t\t<svg class=\"elementor-toc__spinner eicon-animation-spin e-font-icon-svg e-eicon-loading\" aria-hidden=\"true\" viewBox=\"0 0 1000 1000\" xmlns=\"http:\/\/www.w3.org\/2000\/svg\"><path d=\"M500 975V858C696 858 858 696 858 500S696 142 500 142 142 304 142 500H25C25 237 238 25 500 25S975 237 975 500 763 975 500 975Z\"><\/path><\/svg>\t\t\t<\/div>\n\t\t<\/div>\n\t\t\t\t\t\t<\/div>\n\t\t\t\t\t<\/div>\n\t\t<\/div>\n\t\t\t\t\t<\/div>\n\t\t<\/section>\n\t\t\t\t<\/div>\n\t\t\n<h2>\u00bfQu\u00e9 debo hacer tras una lesi\u00f3n?<\/h2>\n<p>\u00c9stos son los pasos que debe dar tras una lesi\u00f3n:<\/p>\n<h2>Recibir tratamiento m\u00e9dico si es necesario y llevar un registro de todo el tratamiento.<\/h2>\n<p>Buscar tratamiento m\u00e9dico inmediatamente puede aumentar sus posibilidades de recuperarse completamente. Tambi\u00e9n permite a los m\u00e9dicos documentar sus lesiones y anotar que fueron el resultado del accidente en su historial m\u00e9dico.<\/p>\n<h3>Haz fotos y graba v\u00eddeos si puedes<\/h3>\n<p>Despu\u00e9s de un accidente de coche, usted debe tomar fotos y \/ o im\u00e1genes de v\u00eddeo de la escena del accidente. Usted querr\u00e1 tomar fotos y video de los veh\u00edculos, la escena del accidente, y cualquier \u00e1rbol u otros objetos que puedan haber contribuido al accidente y las lesiones posteriores.<\/p>\n<p>Tambi\u00e9n es buena idea hacer fotos de sus lesiones. En el caso de un accidente laboral, ser\u00eda importante tomar fotos de la maquinaria defectuosa o de un derrame que haya provocado su ca\u00edda.<\/p>\n<p><a href=\"https:\/\/floridalawyers360.com\/wp-content\/uploads\/2024\/02\/daytona-pi1-copy.webp\"><img fetchpriority=\"high\" decoding=\"async\" class=\"alignnone size-full wp-image-3117\" src=\"https:\/\/floridalawyers360.com\/wp-content\/uploads\/2024\/02\/daytona-pi1-copy.webp\" alt=\"Daytona personal injury lawyer\" width=\"500\" height=\"334\" srcset=\"https:\/\/floridalawyers360.com\/wp-content\/uploads\/2024\/02\/daytona-pi1-copy.webp 500w, https:\/\/floridalawyers360.com\/wp-content\/uploads\/2024\/02\/daytona-pi1-copy-300x200.webp 300w\" sizes=\"(max-width: 500px) 100vw, 500px\" \/><\/a><\/p>\n<h3>Consigue los nombres y n\u00fameros de tel\u00e9fono de los testigos<\/h3>\n<p>Pregunte a los testigos que presenciaron el accidente qu\u00e9 recuerdan. Anote sus datos de contacto para que su abogado de lesiones personales pueda ponerse en contacto con ellos m\u00e1s adelante.<\/p>\n<h3>Informe del incidente<\/h3>\n<p>Informe del incidente\/accidente a la autoridad competente. Si se trata de un accidente de tr\u00e1fico, debe denunciarlo a la polic\u00eda. Si se trata de un accidente laboral, debes informar a los supervisores. Despu\u00e9s de notificar el accidente, aseg\u00farese de redactar un informe que le ayude a avanzar en su reclamaci\u00f3n.<\/p>\n<h3>Nunca admitas la culpa<\/h3>\n<p>Comente el incidente s\u00f3lo con su abogado y su m\u00e9dico. Siempre que hable del caso, su abogado debe estar presente. No admitas la culpa ni te disculpes por el accidente. Evite publicar sobre el incidente en las redes sociales o incluso cont\u00e1rselo a amigos y compa\u00f1eros de trabajo.<\/p>\n<h3>Llame a un abogado de lesiones personales<\/h3>\n<p>Si sus lesiones fueron el resultado de la negligencia de otra parte, p\u00f3ngase en contacto con un abogado competente en lesiones personales como los de Florida Abogados 360. Los abogados le ayudar\u00e1n a obtener la compensaci\u00f3n que merece y estar\u00e1n con usted en cada paso de la ley.<\/p>\n<h2>\u00bfPor qu\u00e9 necesito un abogado?<\/h2>\n<p>Si bien es posible manejar un caso de lesiones personales por s\u00ed mismo, no es prudente. Un abogado de lesiones personales Florida Lawyers 360 tiene las habilidades y la experiencia para ayudarle con lo siguiente:<\/p>\n<h3>Preparaci\u00f3n del caso\/presentar una demanda<\/h3>\n<p>Los abogados realizar\u00e1n primero una investigaci\u00f3n exhaustiva despu\u00e9s de aceptar su caso. Si el caso no puede ser resuelto por adelantado con la parte responsable, su abogado trabajar\u00e1 con usted para presentar una demanda en busca de compensaci\u00f3n.<\/p>\n<h3>Negociaci\u00f3n del acuerdo<\/h3>\n<p>Los abogados de lesiones personales est\u00e1n acostumbrados a negociar con las compa\u00f1\u00edas de seguros y revisar\u00e1n los detalles de la p\u00f3liza y utilizar\u00e1n su experiencia para negociar el acuerdo m\u00e1s adecuado basado en las circunstancias espec\u00edficas de su caso.<\/p>\n<h3>Preparaci\u00f3n del juicio y representaci\u00f3n<\/h3>\n<p>Si su abogado no consigue llegar a un acuerdo amistoso con la parte responsable, el caso ir\u00e1 a juicio. Si eso ocurre, el abogado se preparar\u00e1 para el juicio y le representar\u00e1 ante el tribunal para aumentar las posibilidades de obtener un veredicto favorable.<\/p>\n<p><a href=\"https:\/\/floridalawyers360.com\/wp-content\/uploads\/2024\/02\/daytona-pi3-copy.webp\"><img decoding=\"async\" class=\"alignnone size-full wp-image-3118\" src=\"https:\/\/floridalawyers360.com\/wp-content\/uploads\/2024\/02\/daytona-pi3-copy.webp\" alt=\"personal injury claim\" width=\"500\" height=\"334\" srcset=\"https:\/\/floridalawyers360.com\/wp-content\/uploads\/2024\/02\/daytona-pi3-copy.webp 500w, https:\/\/floridalawyers360.com\/wp-content\/uploads\/2024\/02\/daytona-pi3-copy-300x200.webp 300w\" sizes=\"(max-width: 500px) 100vw, 500px\" \/><\/a><\/p>\n<h2>\u00bfQu\u00e9 tipo de da\u00f1os puedo recuperar?<\/h2>\n<p>Estos son los 3 tipos de da\u00f1os que puede recuperar en casos de lesiones personales en Daytona Beach:<\/p>\n<h3>Econ\u00f3micos<\/h3>\n<p>Los da\u00f1os econ\u00f3micos tambi\u00e9n se conocen como da\u00f1os especiales y se otorgan a las v\u00edctimas para recuperar las p\u00e9rdidas financieras asociadas con sus lesiones. Est\u00e1n destinados a aliviar parte o la totalidad de la carga financiera del demandante.<\/p>\n<p>Pueden incluir:<\/p>\n<ul>\n<li>P\u00e9rdida de ingresos<\/li>\n<li>Gastos m\u00e9dicos<\/li>\n<li>Gastos de cuidados personales<\/li>\n<li>Coste de vivir con una discapacidad<\/li>\n<li>Da\u00f1os materiales<\/li>\n<\/ul>\n<h3>Da\u00f1os no econ\u00f3micos<\/h3>\n<p>Los da\u00f1os no econ\u00f3micos tambi\u00e9n se conocen como da\u00f1os generales y son menos tangibles que los econ\u00f3micos. No es tan f\u00e1cil asignarles un valor monetario en comparaci\u00f3n con los da\u00f1os econ\u00f3micos, ya que abarcan el dolor y el sufrimiento en general.<\/p>\n<p>Pueden incluir:<\/p>\n<ul>\n<li>P\u00e9rdida del disfrute de la vida<\/li>\n<li>Dolor y sufrimiento<\/li>\n<li>Angustia mental<\/li>\n<li>P\u00e9rdida de compa\u00f1\u00eda<\/li>\n<\/ul>\n<h3>Punitivos<\/h3>\n<p>Los da\u00f1os punitivos suelen concederse para castigar al demandado por negligencia grave o mala conducta intencionada. El castigo tiene por objeto disuadir a otros de incurrir en conductas similares. En Florida, los da\u00f1os punitivos rara vez se conceden.<\/p>\n<h2>\u00bfC\u00f3mo se determina la responsabilidad?<\/h2>\n<p>La responsabilidad se determina probando los siguientes 4 elementos:<\/p>\n<ol>\n<li><strong>Deber de diligencia<\/strong>: El demandado debe haberle debido un deber de diligencia. Un deber es una obligaci\u00f3n de ajustarse a una norma de conducta.<\/li>\n<li><strong>Incumplimiento del deber de diligencia<\/strong>: Tambi\u00e9n debe demostrar que el demandado incumpli\u00f3 ese deber de diligencia. Incumplir el deber de diligencia es hacer algo mal o no hacer lo que una persona razonable har\u00eda en circunstancias similares.<\/li>\n<li><strong>Causalidad<\/strong>: Debe demostrar que la parte responsable, al incumplir su deber de diligencia, le caus\u00f3 da\u00f1os y perjuicios.<\/li>\n<li><strong>Da\u00f1os y perjuicios<\/strong>: Adem\u00e1s de los 3 elementos de negligencia anteriores, tambi\u00e9n tiene que demostrar que ha sufrido un perjuicio real y tangible que puede ser reparado mediante una indemnizaci\u00f3n monetaria.<\/li>\n<\/ol>\n<h2>\u00bfCu\u00e1nto tiempo tengo para presentar una demanda por lesiones personales en Florida?<\/h2>\n<p>Bajo la ley de Florida, la cantidad de tiempo que tiene para presentar una demanda por lesiones personales, que se conoce como el estatuto de limitaciones es de 4 a\u00f1os para la mayor\u00eda de los tipos de demandas por lesiones personales. Eso significa que usted tiene 4 a\u00f1os a partir de la fecha del accidente\/incidente para presentar su demanda.<\/p>\n<h2>\u00bfCu\u00e1nto costar\u00e1 un abogado de lesiones personales en Daytona Beach?<\/h2>\n<p>Usted puede estar razonablemente preocupado de que no puede pagar un abogado de lesiones personales. Afortunadamente, la mayor\u00eda de los abogados, incluidos los de Florida Lawyers 360, aceptan demandas por lesiones personales en base a honorarios de contingencia.<\/p>\n<p>En pocas palabras, el abogado no cobra honorarios a menos que obtenga una indemnizaci\u00f3n para usted.<\/p>\n<p><a href=\"https:\/\/floridalawyers360.com\/wp-content\/uploads\/2024\/02\/daytona-pi2-copy.webp\"><img decoding=\"async\" class=\"alignnone size-full wp-image-3119\" src=\"https:\/\/floridalawyers360.com\/wp-content\/uploads\/2024\/02\/daytona-pi2-copy.webp\" alt=\"Personal Injury Lawyer\" width=\"500\" height=\"334\" srcset=\"https:\/\/floridalawyers360.com\/wp-content\/uploads\/2024\/02\/daytona-pi2-copy.webp 500w, https:\/\/floridalawyers360.com\/wp-content\/uploads\/2024\/02\/daytona-pi2-copy-300x200.webp 300w\" sizes=\"(max-width: 500px) 100vw, 500px\" \/><\/a><\/p>\n<h2>Tipos de casos de lesiones personales que manejamos en Florida Lawyers 360<\/h2>\n<p>Ayudamos a clientes que han sido lesionados de varias maneras. Algunos de los casos que manejamos incluyen:<\/p>\n<ul>\n<li><strong>Accidentes Automovil\u00edsticos<\/strong>: Nuestros abogados de accidentes automovil\u00edsticos pueden ayudarlo a obtener la totalidad de los da\u00f1os a los que tiene derecho si alguna vez se lesiona en un accidente automovil\u00edstico en Daytona Beach.<\/li>\n<li><strong>Compensaci\u00f3n al Trabajador<\/strong>: Si ha sufrido una lesi\u00f3n o enfermedad en el lugar de trabajo, nuestros abogados de compensaci\u00f3n laboral se asegurar\u00e1n de que reciba la m\u00e1xima compensaci\u00f3n posible.<\/li>\n<\/ul>\n<h2>Llame a Florida Lawyers 360 para su consulta gratuita<\/h2>\n<p>Si usted ha sufrido una lesi\u00f3n personal en Daytona Beach que fue el resultado de la negligencia o acto malicioso de otra persona, p\u00f3ngase en contacto con el equipo legal de Florida Lawyers 360 tan pronto como sea posible para su consulta inicial gratuita.<\/p>\n<p>Como un experimentado bufete de abogados de lesiones personales de Florida, podemos ayudarle a presentar una demanda y exigir una indemnizaci\u00f3n por sus lesiones o p\u00e9rdidas. Llame al <a href=\"tel:+19544487355\"><i class=\"fa fa-phone-alt\"><\/i>954-448-7355<\/a> o cont\u00e1ctenos en l\u00ednea hoy mismo.<\/p>\n","protected":false},"excerpt":{"rendered":"<p>Una lesi\u00f3n grave puede dejarte destrozado f\u00edsica, econ\u00f3mica y emocionalmente. No est\u00e1 bien tener que sufrir as\u00ed, sobre todo si las lesiones fueron consecuencia de un accidente en el que usted no tuvo la culpa. Si ha sufrido lesiones personales, puede sufrir importantes p\u00e9rdidas econ\u00f3micas. Si se encuentra en esta situaci\u00f3n, debe ponerse en contacto [&hellip;]<\/p>\n","protected":false},"author":22,"featured_media":0,"parent":5759,"menu_order":0,"comment_status":"closed","ping_status":"closed","template":"","meta":{"_acf_changed":false,"anchor_text":"","footnotes":""},"categories":[],"tags":[],"class_list":["post-5765","page","type-page","status-publish","hentry"],"acf":[],"_links":{"self":[{"href":"https:\/\/floridalawyers360.com\/es\/wp-json\/wp\/v2\/pages\/5765","targetHints":{"allow":["GET"]}}],"collection":[{"href":"https:\/\/floridalawyers360.com\/es\/wp-json\/wp\/v2\/pages"}],"about":[{"href":"https:\/\/floridalawyers360.com\/es\/wp-json\/wp\/v2\/types\/page"}],"author":[{"embeddable":true,"href":"https:\/\/floridalawyers360.com\/es\/wp-json\/wp\/v2\/users\/22"}],"replies":[{"embeddable":true,"href":"https:\/\/floridalawyers360.com\/es\/wp-json\/wp\/v2\/comments?post=5765"}],"version-history":[{"count":3,"href":"https:\/\/floridalawyers360.com\/es\/wp-json\/wp\/v2\/pages\/5765\/revisions"}],"predecessor-version":[{"id":5768,"href":"https:\/\/floridalawyers360.com\/es\/wp-json\/wp\/v2\/pages\/5765\/revisions\/5768"}],"up":[{"embeddable":true,"href":"https:\/\/floridalawyers360.com\/es\/wp-json\/wp\/v2\/pages\/5759"}],"wp:attachment":[{"href":"https:\/\/floridalawyers360.com\/es\/wp-json\/wp\/v2\/media?parent=5765"}],"wp:term":[{"taxonomy":"category","embeddable":true,"href":"https:\/\/floridalawyers360.com\/es\/wp-json\/wp\/v2\/categories?post=5765"},{"taxonomy":"post_tag","embeddable":true,"href":"https:\/\/floridalawyers360.com\/es\/wp-json\/wp\/v2\/tags?post=5765"}],"curies":[{"name":"wp","href":"https:\/\/api.w.org\/{rel}","templated":true}]}}