{"id":5761,"date":"2024-02-14T08:11:08","date_gmt":"2024-02-14T13:11:08","guid":{"rendered":"https:\/\/floridalawyers360.com\/daytona-beach\/daytona-beach-car-accident-lawyer\/"},"modified":"2024-03-11T08:54:52","modified_gmt":"2024-03-11T13:54:52","slug":"abogado-de-accidentes-de-trafico","status":"publish","type":"page","link":"https:\/\/floridalawyers360.com\/es\/daytona-beach\/abogado-de-accidentes-de-trafico\/","title":{"rendered":"Abogado de accidentes de tr\u00e1fico"},"content":{"rendered":"<p>Los accidentes de tr\u00e1fico suelen provocar lesiones graves y da\u00f1os materiales importantes. Son una de las principales causas de muerte en el estado de Florida. Mientras que algunos accidentes son inevitables, muchos son causados por negligencia del conductor.<\/p>\n<p>En promedio, hay 400.000 accidentes de coche en Florida cada a\u00f1o, lo que lleva a miles de lesiones y cientos de muertes. Las v\u00edctimas de accidentes de coche y sus familias a menudo quedan devastadas y tienen que hacer frente a dificultades financieras, entre otras consecuencias.<\/p>\n<p>Si usted o un ser querido ha resultado herido en un accidente de coche causado por la negligencia de otra persona, tiene algunos derechos legales. Conseguir una indemnizaci\u00f3n por sus lesiones y da\u00f1os puede aliviar enormemente su carga y ayudarle a volver a su vida normal m\u00e1s r\u00e1pidamente.<\/p>\n<p>Sin embargo, navegar por el complejo proceso legal puede ser un reto, especialmente si usted no tiene experiencia con la aplicaci\u00f3n de las leyes.<\/p>\n<p>Usted necesita la asistencia de un abogado con experiencia en accidentes automovil\u00edsticos en Daytona Beach. En Florida Lawyers 360, tenemos un equipo de abogados de lesiones personales compasivos y altamente experimentados que est\u00e1n preparados para ayudarle con su caso.<\/p>\n<p>Estamos comprometidos a ayudar a las v\u00edctimas de accidentes automovil\u00edsticos a obtener la justicia que merecen.<\/p>\n<p>P\u00f3ngase en contacto con nosotros hoy en [tel\u00e9fono] para programar su consulta inicial gratuita donde evaluaremos su caso y le aconsejaremos sobre el mejor curso de acci\u00f3n.<\/p>\n\t\t<div data-elementor-type=\"section\" data-elementor-id=\"208\" class=\"elementor elementor-208\" data-elementor-post-type=\"elementor_library\">\n\t\t\t\t\t<section class=\"elementor-section elementor-top-section elementor-element elementor-element-485e576a elementor-section-boxed elementor-section-height-default elementor-section-height-default\" data-id=\"485e576a\" data-element_type=\"section\" data-e-type=\"section\">\n\t\t\t\t\t\t<div class=\"elementor-container elementor-column-gap-default\">\n\t\t\t\t\t<div class=\"elementor-column elementor-col-100 elementor-top-column elementor-element elementor-element-635c38c0\" data-id=\"635c38c0\" data-element_type=\"column\" data-e-type=\"column\">\n\t\t\t<div class=\"elementor-widget-wrap elementor-element-populated\">\n\t\t\t\t\t\t<div class=\"elementor-element elementor-element-3ba95c8a elementor-toc--minimized-on-tablet elementor-widget elementor-widget-table-of-contents\" data-id=\"3ba95c8a\" data-element_type=\"widget\" data-e-type=\"widget\" data-settings=\"{&quot;exclude_headings_by_selector&quot;:&quot;.toc-remove&quot;,&quot;headings_by_tags&quot;:[&quot;h2&quot;,&quot;h3&quot;],&quot;marker_view&quot;:&quot;numbers&quot;,&quot;no_headings_message&quot;:&quot;No se ha encontrado ning\\u00fan encabezado en esta p\\u00e1gina.&quot;,&quot;minimize_box&quot;:&quot;yes&quot;,&quot;minimized_on&quot;:&quot;tablet&quot;,&quot;hierarchical_view&quot;:&quot;yes&quot;,&quot;min_height&quot;:{&quot;unit&quot;:&quot;px&quot;,&quot;size&quot;:&quot;&quot;,&quot;sizes&quot;:[]},&quot;min_height_tablet&quot;:{&quot;unit&quot;:&quot;px&quot;,&quot;size&quot;:&quot;&quot;,&quot;sizes&quot;:[]},&quot;min_height_mobile&quot;:{&quot;unit&quot;:&quot;px&quot;,&quot;size&quot;:&quot;&quot;,&quot;sizes&quot;:[]}}\" data-widget_type=\"table-of-contents.default\">\n\t\t\t\t\t\t\t\t\t<div class=\"elementor-toc__header\">\n\t\t\t\t\t\t<div class=\"elementor-toc__header-title\">\n\t\t\t\tTable of Contents\t\t\t<\/div>\n\t\t\t\t\t\t\t\t\t\t<div class=\"elementor-toc__toggle-button elementor-toc__toggle-button--expand\" role=\"button\" tabindex=\"0\" aria-controls=\"elementor-toc__3ba95c8a\" aria-expanded=\"true\" aria-label=\"Abrir la tabla de contenidos\"><svg aria-hidden=\"true\" class=\"e-font-icon-svg e-fas-chevron-down\" viewBox=\"0 0 448 512\" xmlns=\"http:\/\/www.w3.org\/2000\/svg\"><path d=\"M207.029 381.476L12.686 187.132c-9.373-9.373-9.373-24.569 0-33.941l22.667-22.667c9.357-9.357 24.522-9.375 33.901-.04L224 284.505l154.745-154.021c9.379-9.335 24.544-9.317 33.901.04l22.667 22.667c9.373 9.373 9.373 24.569 0 33.941L240.971 381.476c-9.373 9.372-24.569 9.372-33.942 0z\"><\/path><\/svg><\/div>\n\t\t\t\t<div class=\"elementor-toc__toggle-button elementor-toc__toggle-button--collapse\" role=\"button\" tabindex=\"0\" aria-controls=\"elementor-toc__3ba95c8a\" aria-expanded=\"true\" aria-label=\"Cerrar la tabla de contenidos\"><svg aria-hidden=\"true\" class=\"e-font-icon-svg e-fas-chevron-up\" viewBox=\"0 0 448 512\" xmlns=\"http:\/\/www.w3.org\/2000\/svg\"><path d=\"M240.971 130.524l194.343 194.343c9.373 9.373 9.373 24.569 0 33.941l-22.667 22.667c-9.357 9.357-24.522 9.375-33.901.04L224 227.495 69.255 381.516c-9.379 9.335-24.544 9.317-33.901-.04l-22.667-22.667c-9.373-9.373-9.373-24.569 0-33.941L207.03 130.525c9.372-9.373 24.568-9.373 33.941-.001z\"><\/path><\/svg><\/div>\n\t\t\t\t\t<\/div>\n\t\t\t\t<div id=\"elementor-toc__3ba95c8a\" class=\"elementor-toc__body\">\n\t\t\t<div class=\"elementor-toc__spinner-container\">\n\t\t\t\t<svg class=\"elementor-toc__spinner eicon-animation-spin e-font-icon-svg e-eicon-loading\" aria-hidden=\"true\" viewBox=\"0 0 1000 1000\" xmlns=\"http:\/\/www.w3.org\/2000\/svg\"><path d=\"M500 975V858C696 858 858 696 858 500S696 142 500 142 142 304 142 500H25C25 237 238 25 500 25S975 237 975 500 763 975 500 975Z\"><\/path><\/svg>\t\t\t<\/div>\n\t\t<\/div>\n\t\t\t\t\t\t<\/div>\n\t\t\t\t\t<\/div>\n\t\t<\/div>\n\t\t\t\t\t<\/div>\n\t\t<\/section>\n\t\t\t\t<\/div>\n\t\t\n<h2>\u00bfCu\u00e1nto cuesta un abogado de accidentes de tr\u00e1fico?<\/h2>\n<p>Muchas v\u00edctimas de accidentes renuncian a la opci\u00f3n de contratar a un abogado por miedo a cu\u00e1nto les va a costar y acaban perjudicando su reclamaci\u00f3n. Lo que mucha gente no sabe es que la mayor\u00eda de los abogados profesionales de accidentes de coche operan en base a honorarios de contingencia.<\/p>\n<p>Esto significa que usted s\u00f3lo les paga despu\u00e9s de que hayan conseguido un acuerdo o veredicto favorable. Por lo tanto, usted no tiene nada que perder, pero todo que ganar con el despido de un abogado.<\/p>\n<h2>\u00bfQu\u00e9 debo hacer despu\u00e9s de un accidente de coche?<\/h2>\n<p>Despu\u00e9s de estar involucrado en un accidente de coche, es importante tomar las siguientes medidas para proteger sus derechos y su bienestar:<\/p>\n<h3>Contactar con la Polic\u00eda<\/h3>\n<p>Seg\u00fan la ley, cuando un accidente resulta en lesiones, muerte y da\u00f1os a la propiedad superiores a $ 500, usted debe informar a la polic\u00eda. Adem\u00e1s, algunas compa\u00f1\u00edas de seguros exigen un informe policial oficial para aprobar una reclamaci\u00f3n.<\/p>\n<h3>Comprueba c\u00f3mo est\u00e1n las dem\u00e1s partes implicadas (\u00a1no te vayas!)<\/h3>\n<p>A continuaci\u00f3n, debes evaluar tu situaci\u00f3n. Echa un vistazo a tu alrededor para saber si todo el mundo est\u00e1 bien o necesita ayuda. Considera tambi\u00e9n la posibilidad de trasladar tu coche a una zona segura, si es posible. No abandones el lugar hasta que la polic\u00eda te haya dado el visto bueno.<\/p>\n<p><a href=\"https:\/\/floridalawyers360.com\/wp-content\/uploads\/2024\/02\/daytona-car-acc1-copy.webp\"><img fetchpriority=\"high\" decoding=\"async\" class=\"alignnone size-full wp-image-3125\" src=\"https:\/\/floridalawyers360.com\/wp-content\/uploads\/2024\/02\/daytona-car-acc1-copy.webp\" alt=\"Contact a car accident lawyer to help with your car accident\" width=\"500\" height=\"334\" srcset=\"https:\/\/floridalawyers360.com\/wp-content\/uploads\/2024\/02\/daytona-car-acc1-copy.webp 500w, https:\/\/floridalawyers360.com\/wp-content\/uploads\/2024\/02\/daytona-car-acc1-copy-300x200.webp 300w\" sizes=\"(max-width: 500px) 100vw, 500px\" \/><\/a><\/p>\n<h3>Intercambiar informaci\u00f3n<\/h3>\n<p>Recuerda recopilar los nombres, datos de contacto e informaci\u00f3n sobre el seguro de los otros conductores implicados en el accidente.<\/p>\n<h3>Graba la escena<\/h3>\n<p>Si tienes un smartphone o una c\u00e1mara, haz tantas fotos y v\u00eddeos como puedas del lugar del accidente. Deben mostrar los da\u00f1os infligidos a los veh\u00edculos, tus lesiones, la presencia o ausencia de marcas de derrape y otros detalles importantes.<\/p>\n<h3>Nunca admitas la culpa<\/h3>\n<p>No admitas la culpa del accidente ante nadie ni te disculpes. Recuerde que la responsabilidad s\u00f3lo se determina tras una investigaci\u00f3n adecuada y exhaustiva.<\/p>\n<h3>Busque atenci\u00f3n m\u00e9dica<\/h3>\n<p>Recibir tratamiento m\u00e9dico es quiz\u00e1 lo m\u00e1s importante que debe hacer despu\u00e9s de un accidente de coche. Adem\u00e1s de garantizar una r\u00e1pida recuperaci\u00f3n, es importante que un especialista m\u00e9dico documente sus lesiones. Esto le ayudar\u00e1 a probar su reclamaci\u00f3n.<\/p>\n<h3>\u00a1Llame a un abogado de accidentes de coche!<\/h3>\n<p>Usted necesita consultar a un abogado de accidente de coche Daytona Beach tan pronto como sea posible. Cuanto antes empiece a investigar su caso, mejor.<\/p>\n<h2>\u00bfCu\u00e1l es la indemnizaci\u00f3n media por accidente de tr\u00e1fico?<\/h2>\n<p>Accidente de coche asentamientos no son est\u00e1ndar y por lo tanto, no hay soluci\u00f3n media accidente de coche. Mientras que la mayor\u00eda de los recursos en l\u00ednea lo ponen en alrededor de $ 10.000 &#8211; $ 20.000, todos los asentamientos son \u00fanicos y var\u00edan en funci\u00f3n de las circunstancias que rodean su caso.<\/p>\n<h2>\u00bfCu\u00e1ndo debo conseguir un abogado para mi accidente de auto?<\/h2>\n<p>Si usted ha sufrido lesiones graves o da\u00f1os despu\u00e9s de un accidente de coche, es en su mejor inter\u00e9s para obtener un abogado de accidente de auto involucrado tan pronto como sea posible, preferiblemente el mismo d\u00eda o unos d\u00edas m\u00e1s tarde si es posible. Tomar medidas r\u00e1pidas ayuda a proteger sus derechos y garantizar el mejor resultado.<\/p>\n<h2>\u00bfPor qu\u00e9 necesito un abogado?<\/h2>\n<p>Aqu\u00ed es c\u00f3mo nuestros abogados experimentados pueden ayudar con su Daytona Beach accidente de coche reclamaci\u00f3n:<\/p>\n<h3>Investigar su caso<\/h3>\n<p>Su abogado investigar\u00e1 a fondo todos los aspectos de su caso para determinar qui\u00e9n exactamente tiene la culpa, determinar el nivel de compensaci\u00f3n que se merece, y construir un caso fuerte para usted. Si usted decide manejar el caso por su cuenta, puede ser muy dif\u00edcil determinar adecuadamente todos estos factores.<\/p>\n<h3>Presente su reclamaci\u00f3n<\/h3>\n<p>Su abogado le ayudar\u00e1 a asegurarse de que presenta correctamente su reclamaci\u00f3n y dentro del plazo establecido. Cualquier error o incumplimiento del plazo puede anular su capacidad para reclamar una indemnizaci\u00f3n. Su abogado le ayudar\u00e1 a asegurarse de que todo se hace correctamente.<\/p>\n<h3>Negociar un acuerdo justo<\/h3>\n<p>Su abogado tendr\u00e1 que determinar si la parte responsable presenta una oferta de acuerdo que le compense plenamente por sus lesiones y da\u00f1os.<\/p>\n<p>Los abogados tienen excelentes habilidades de negociaci\u00f3n y las pondr\u00e1n a trabajar durante la fase de negociaciones para asegurar el mejor nivel de compensaci\u00f3n.<\/p>\n<h3>Representarle ante los tribunales<\/h3>\n<p>En caso de que no se pueda llegar a un acuerdo justo, su abogado debe estar preparado para llevar su caso ante los tribunales. Por eso es crucial que contrate a un abogado que tenga experiencia en llevar casos ante los tribunales.<\/p>\n<p>Los abogados de accidentes de coche en Florida Lawyers 360 tienen una amplia experiencia en la presentaci\u00f3n de casos ante un juez y un jurado.<\/p>\n<h2>\u00bfCu\u00e1nto puedo esperar recibir por mis da\u00f1os?<\/h2>\n<p>El valor de su caso depender\u00e1 de muchos factores como la gravedad de sus lesiones y el nivel de da\u00f1os. Su abogado tendr\u00e1 que determinar los gastos totales y las p\u00e9rdidas que ha sufrido, as\u00ed como los que se espera que sufra en el futuro como consecuencia del accidente.<\/p>\n<p>Florida es un estado sin culpa, lo que significa que, independientemente de qui\u00e9n tenga la culpa, su seguro de Protecci\u00f3n de Lesiones Personales (PIP) deber\u00eda cubrir la mayor parte de sus da\u00f1os hasta un cierto l\u00edmite.<\/p>\n<p>A continuaci\u00f3n se indican los importes m\u00ednimos actuales de cobertura del seguro de autom\u00f3vil:<\/p>\n<ul>\n<li>10.000 $ de protecci\u00f3n por da\u00f1os personales<\/li>\n<li>10.000 $ por accidente en cobertura de da\u00f1os materiales<\/li>\n<li>Su p\u00f3liza PIP debe cubrir<\/li>\n<li>5.000 $ en prestaciones por fallecimiento<\/li>\n<li>Hasta el 80% de los gastos m\u00e9dicos<\/li>\n<li>Hasta el 60% de los salarios perdidos<\/li>\n<li>Reembolso de gastos de viaje por visitas al hospital<\/li>\n<\/ul>\n<p>Si su nivel de da\u00f1os supera la cantidad cubierta por su p\u00f3liza de seguro PIP, puede emprender acciones legales contra la parte culpable y exigir una indemnizaci\u00f3n por la cantidad excedente.<\/p>\n<p><a href=\"https:\/\/floridalawyers360.com\/wp-content\/uploads\/2024\/02\/daytona-car-acc2-copy.webp\"><img decoding=\"async\" class=\"alignnone size-full wp-image-3126\" src=\"https:\/\/floridalawyers360.com\/wp-content\/uploads\/2024\/02\/daytona-car-acc2-copy.webp\" alt=\"Document damages for your car accident lawyer\" width=\"500\" height=\"334\" srcset=\"https:\/\/floridalawyers360.com\/wp-content\/uploads\/2024\/02\/daytona-car-acc2-copy.webp 500w, https:\/\/floridalawyers360.com\/wp-content\/uploads\/2024\/02\/daytona-car-acc2-copy-300x200.webp 300w\" sizes=\"(max-width: 500px) 100vw, 500px\" \/><\/a><\/p>\n<h2>\u00bfQu\u00e9 tipo de da\u00f1os puedo recuperar?<\/h2>\n<p>Las v\u00edctimas pueden recibir los siguientes tipos de da\u00f1os en una demanda por accidente de coche en Florida:<\/p>\n<h3>Econ\u00f3micos<\/h3>\n<p>Este tipo de da\u00f1os le cubre por p\u00e9rdidas verificables que son de naturaleza financiera. Incluyen gastos m\u00e9dicos actuales y futuros, p\u00e9rdida de ingresos, gastos de viaje, costes de reparaci\u00f3n del coche, modificaciones en su casa si queda discapacitado, etc.<\/p>\n<h3>Da\u00f1os no econ\u00f3micos<\/h3>\n<p>Los da\u00f1os no econ\u00f3micos cubren p\u00e9rdidas a las que no puede asignarse un valor monetario objetivo. Incluyen el dolor y el sufrimiento, la p\u00e9rdida de compa\u00f1\u00eda, la p\u00e9rdida del disfrute de la vida, etc.<\/p>\n<h3>Punitivos<\/h3>\n<p>Este tipo de indemnizaci\u00f3n rara vez se concede en casos de accidente de coche. Normalmente se conceden en casos en los que la parte culpable ha actuado con negligencia grave o intencionadamente causando da\u00f1os.<\/p>\n<p>El estado de Florida limita los da\u00f1os punitivos a tres veces la cantidad compensatoria o 500.000 d\u00f3lares, la que sea mayor.<\/p>\n<h2>\u00bfC\u00f3mo se determina la culpa en Florida?<\/h2>\n<p>Para asegurar su recuperaci\u00f3n financiera, un abogado de accidente de coche de Daytona Beach tendr\u00e1 que demostrar que el otro conductor tuvo la culpa del accidente. Para lograr esto \u00e9l o ella necesita probar los siguientes elementos de negligencia:<\/p>\n<ul>\n<li>El otro conductor ten\u00eda la obligaci\u00f3n de conducir con precauci\u00f3n y seguridad.<\/li>\n<li>El otro conductor incumpli\u00f3 su deber de diligencia al no actuar o actuar de un modo que otro conductor razonable habr\u00eda actuado o no habr\u00eda actuado en una situaci\u00f3n similar.<\/li>\n<li>El accidente que provoc\u00f3 sus lesiones fue consecuencia directa de la negligencia del otro conductor.<\/li>\n<li>Debido al accidente, usted sufri\u00f3 lesiones y da\u00f1os indemnizables legalmente.<\/li>\n<\/ul>\n<h2>\u00bfCu\u00e1nto tiempo tengo para presentar una reclamaci\u00f3n?<\/h2>\n<p>El plazo para presentar reclamaciones por accidentes de coche seg\u00fan lo estipulado en la ley de prescripci\u00f3n de Florida es de cuatro a\u00f1os a partir de la fecha del accidente.<\/p>\n<h2>\u00bfC\u00f3mo puede ayudarme un abogado a presentar mi reclamaci\u00f3n al seguro?<\/h2>\n<p>Al presentar una reclamaci\u00f3n por un accidente de coche, hay un cierto procedimiento que debe seguir. Como se discuti\u00f3 anteriormente, la Florida es un estado sin culpa, lo que significa que tendr\u00e1 que recurrir a su compa\u00f1\u00eda de seguros en primer lugar para obtener una indemnizaci\u00f3n.<\/p>\n<p>Usted est\u00e1 obligado a notificar a su compa\u00f1\u00eda de seguros y a la del demandado su intenci\u00f3n de presentar una reclamaci\u00f3n. Para no poner en peligro su caso, debe dejar que su abogado lo haga por usted. No haga ninguna declaraci\u00f3n a su compa\u00f1\u00eda de seguros ni firme ning\u00fan documento hasta que su abogado los haya revisado.<\/p>\n<p>A continuaci\u00f3n, su abogado le ayudar\u00e1 a redactar la carta de demanda con todas las pruebas e informaci\u00f3n cruciales sobre sus lesiones y da\u00f1os, incluidos los documentos m\u00e9dicos, la prueba de la p\u00e9rdida de ingresos y la prueba de otros da\u00f1os y p\u00e9rdidas.<\/p>\n<p>Su abogado entonces iniciar\u00e1 negociaciones con la compa\u00f1\u00eda de seguros y si un acuerdo favorable del establecimiento no es alcanzado sobre, su abogado preparar\u00e1 su caso para el ensayo.<\/p>\n<p><a href=\"https:\/\/floridalawyers360.com\/wp-content\/uploads\/2024\/02\/daytona-car-acc3-copy.webp\"><img decoding=\"async\" class=\"alignnone size-full wp-image-3124\" src=\"https:\/\/floridalawyers360.com\/wp-content\/uploads\/2024\/02\/daytona-car-acc3-copy.webp\" alt=\"What if the other driver doesn't have insurance after a car accident?\" width=\"500\" height=\"334\" srcset=\"https:\/\/floridalawyers360.com\/wp-content\/uploads\/2024\/02\/daytona-car-acc3-copy.webp 500w, https:\/\/floridalawyers360.com\/wp-content\/uploads\/2024\/02\/daytona-car-acc3-copy-300x200.webp 300w\" sizes=\"(max-width: 500px) 100vw, 500px\" \/><\/a><\/p>\n<h2>\u00bfQu\u00e9 pasa si el otro conductor no tiene seguro?<\/h2>\n<p>Estar involucrado en un accidente con un conductor sin seguro plantea varias complicaciones cuando se trata de su recuperaci\u00f3n financiera.<\/p>\n<p>Mientras que usted todav\u00eda tendr\u00e1 que buscar la compensaci\u00f3n de su propia compa\u00f1\u00eda de seguros, si su nivel de da\u00f1os supera la cobertura de su p\u00f3liza, puede ser una buena idea presentar una demanda contra el conductor culpable para obtener alg\u00fan tipo de recurso legal.<\/p>\n<p>Si usted tiene cobertura de motorista sin seguro y su compa\u00f1\u00eda de seguros se niega a pagar, tendr\u00e1 que presentar una demanda contra ellos.<\/p>\n<p>Si presentas una demanda contra un conductor sin seguro que tiene problemas econ\u00f3micos y ganas el caso, recuperar la indemnizaci\u00f3n puede seguir siendo dif\u00edcil, sin embargo, algunas opciones disponibles incluyen pedir cuotas mensuales, embargar bienes personales con un embargo, embargar su salario y su cuenta bancaria.<\/p>\n<h2>Comun\u00edquese con un abogado calificado en accidentes automovil\u00edsticos en Daytona Beach<\/h2>\n<p>Estar involucrado en un accidente completamente evitable y sufrir lesiones y da\u00f1os puede ser una experiencia muy dolorosa y estresante. La parte culpable debe ser considerada responsable. Un accidente de este tipo puede poner su vida patas arriba y dejarle enfrent\u00e1ndose a dificultades financieras.<\/p>\n<p>Para que sea m\u00e1s f\u00e1cil para usted y su familia, usted necesita buscar la ayuda de un bufete de abogados con gran experiencia en accidentes automovil\u00edsticos en Daytona Beach. Nuestros abogados en Florida Lawyers 360 luchar\u00e1n agresivamente por sus derechos y se asegurar\u00e1n de que usted obtenga la compensaci\u00f3n que se merece.<\/p>\n<p>Ll\u00e1menos hoy al <a href=\"tel:+19544487355\"><i class=\"fa fa-phone-alt\"><\/i>954-448-7355<\/a> o llene nuestro formulario de contacto en l\u00ednea para programar una consulta gratuita.<\/p>\n","protected":false},"excerpt":{"rendered":"<p>Los accidentes de tr\u00e1fico suelen provocar lesiones graves y da\u00f1os materiales importantes. Son una de las principales causas de muerte en el estado de Florida. Mientras que algunos accidentes son inevitables, muchos son causados por negligencia del conductor. En promedio, hay 400.000 accidentes de coche en Florida cada a\u00f1o, lo que lleva a miles de [&hellip;]<\/p>\n","protected":false},"author":22,"featured_media":0,"parent":5759,"menu_order":0,"comment_status":"closed","ping_status":"closed","template":"","meta":{"_acf_changed":false,"anchor_text":"","footnotes":""},"categories":[],"tags":[],"class_list":["post-5761","page","type-page","status-publish","hentry"],"acf":[],"_links":{"self":[{"href":"https:\/\/floridalawyers360.com\/es\/wp-json\/wp\/v2\/pages\/5761","targetHints":{"allow":["GET"]}}],"collection":[{"href":"https:\/\/floridalawyers360.com\/es\/wp-json\/wp\/v2\/pages"}],"about":[{"href":"https:\/\/floridalawyers360.com\/es\/wp-json\/wp\/v2\/types\/page"}],"author":[{"embeddable":true,"href":"https:\/\/floridalawyers360.com\/es\/wp-json\/wp\/v2\/users\/22"}],"replies":[{"embeddable":true,"href":"https:\/\/floridalawyers360.com\/es\/wp-json\/wp\/v2\/comments?post=5761"}],"version-history":[{"count":3,"href":"https:\/\/floridalawyers360.com\/es\/wp-json\/wp\/v2\/pages\/5761\/revisions"}],"predecessor-version":[{"id":5764,"href":"https:\/\/floridalawyers360.com\/es\/wp-json\/wp\/v2\/pages\/5761\/revisions\/5764"}],"up":[{"embeddable":true,"href":"https:\/\/floridalawyers360.com\/es\/wp-json\/wp\/v2\/pages\/5759"}],"wp:attachment":[{"href":"https:\/\/floridalawyers360.com\/es\/wp-json\/wp\/v2\/media?parent=5761"}],"wp:term":[{"taxonomy":"category","embeddable":true,"href":"https:\/\/floridalawyers360.com\/es\/wp-json\/wp\/v2\/categories?post=5761"},{"taxonomy":"post_tag","embeddable":true,"href":"https:\/\/floridalawyers360.com\/es\/wp-json\/wp\/v2\/tags?post=5761"}],"curies":[{"name":"wp","href":"https:\/\/api.w.org\/{rel}","templated":true}]}}