{"id":5753,"date":"2024-02-14T08:02:38","date_gmt":"2024-02-14T13:02:38","guid":{"rendered":"https:\/\/floridalawyers360.com\/clermont\/clermont-workers-compensation-lawyer\/"},"modified":"2024-03-11T08:10:39","modified_gmt":"2024-03-11T13:10:39","slug":"abogado-de-indemnizacion-por-accidentes-laborales","status":"publish","type":"page","link":"https:\/\/floridalawyers360.com\/es\/clermont\/abogado-de-indemnizacion-por-accidentes-laborales\/","title":{"rendered":"Clermont Abogado de indemnizaci\u00f3n por accidentes laborales"},"content":{"rendered":"<p>Un abogado de Compensaci\u00f3n al Trabajador de Clermont lo guiar\u00e1 a trav\u00e9s del sistema legal de compensaci\u00f3n al trabajador. Este sistema fue desarrollado para salvaguardar a los trabajadores que sufrieron lesiones mientras estaban en el trabajo.<\/p>\n<p>En Florida, estos beneficios se ofrecen a los trabajadores lesionados, independientemente de la culpa, lo que significa que un empleado puede cobrar los beneficios de compensaci\u00f3n de trabajadores, independientemente de si \u00e9l o ella es responsable del accidente que caus\u00f3 sus lesiones.<\/p>\n<p>Un abogado de lesiones personales en Clermont puede ayudarle si se ha lesionado en el trabajo. P\u00f3ngase en contacto con nosotros para una consulta gratuita de un abogado de compensaci\u00f3n de trabajadores que est\u00e1 bien versado en la junta de compensaci\u00f3n de trabajo.<\/p>\n\t\t<div data-elementor-type=\"section\" data-elementor-id=\"208\" class=\"elementor elementor-208\" data-elementor-post-type=\"elementor_library\">\n\t\t\t\t\t<section class=\"elementor-section elementor-top-section elementor-element elementor-element-485e576a elementor-section-boxed elementor-section-height-default elementor-section-height-default\" data-id=\"485e576a\" data-element_type=\"section\" data-e-type=\"section\">\n\t\t\t\t\t\t<div class=\"elementor-container elementor-column-gap-default\">\n\t\t\t\t\t<div class=\"elementor-column elementor-col-100 elementor-top-column elementor-element elementor-element-635c38c0\" data-id=\"635c38c0\" data-element_type=\"column\" data-e-type=\"column\">\n\t\t\t<div class=\"elementor-widget-wrap elementor-element-populated\">\n\t\t\t\t\t\t<div class=\"elementor-element elementor-element-3ba95c8a elementor-toc--minimized-on-tablet elementor-widget elementor-widget-table-of-contents\" data-id=\"3ba95c8a\" data-element_type=\"widget\" data-e-type=\"widget\" data-settings=\"{&quot;exclude_headings_by_selector&quot;:&quot;.toc-remove&quot;,&quot;headings_by_tags&quot;:[&quot;h2&quot;,&quot;h3&quot;],&quot;marker_view&quot;:&quot;numbers&quot;,&quot;no_headings_message&quot;:&quot;No se ha encontrado ning\\u00fan encabezado en esta p\\u00e1gina.&quot;,&quot;minimize_box&quot;:&quot;yes&quot;,&quot;minimized_on&quot;:&quot;tablet&quot;,&quot;hierarchical_view&quot;:&quot;yes&quot;,&quot;min_height&quot;:{&quot;unit&quot;:&quot;px&quot;,&quot;size&quot;:&quot;&quot;,&quot;sizes&quot;:[]},&quot;min_height_tablet&quot;:{&quot;unit&quot;:&quot;px&quot;,&quot;size&quot;:&quot;&quot;,&quot;sizes&quot;:[]},&quot;min_height_mobile&quot;:{&quot;unit&quot;:&quot;px&quot;,&quot;size&quot;:&quot;&quot;,&quot;sizes&quot;:[]}}\" data-widget_type=\"table-of-contents.default\">\n\t\t\t\t\t\t\t\t\t<div class=\"elementor-toc__header\">\n\t\t\t\t\t\t<div class=\"elementor-toc__header-title\">\n\t\t\t\tTable of Contents\t\t\t<\/div>\n\t\t\t\t\t\t\t\t\t\t<div class=\"elementor-toc__toggle-button elementor-toc__toggle-button--expand\" role=\"button\" tabindex=\"0\" aria-controls=\"elementor-toc__3ba95c8a\" aria-expanded=\"true\" aria-label=\"Abrir la tabla de contenidos\"><svg aria-hidden=\"true\" class=\"e-font-icon-svg e-fas-chevron-down\" viewBox=\"0 0 448 512\" xmlns=\"http:\/\/www.w3.org\/2000\/svg\"><path d=\"M207.029 381.476L12.686 187.132c-9.373-9.373-9.373-24.569 0-33.941l22.667-22.667c9.357-9.357 24.522-9.375 33.901-.04L224 284.505l154.745-154.021c9.379-9.335 24.544-9.317 33.901.04l22.667 22.667c9.373 9.373 9.373 24.569 0 33.941L240.971 381.476c-9.373 9.372-24.569 9.372-33.942 0z\"><\/path><\/svg><\/div>\n\t\t\t\t<div class=\"elementor-toc__toggle-button elementor-toc__toggle-button--collapse\" role=\"button\" tabindex=\"0\" aria-controls=\"elementor-toc__3ba95c8a\" aria-expanded=\"true\" aria-label=\"Cerrar la tabla de contenidos\"><svg aria-hidden=\"true\" class=\"e-font-icon-svg e-fas-chevron-up\" viewBox=\"0 0 448 512\" xmlns=\"http:\/\/www.w3.org\/2000\/svg\"><path d=\"M240.971 130.524l194.343 194.343c9.373 9.373 9.373 24.569 0 33.941l-22.667 22.667c-9.357 9.357-24.522 9.375-33.901.04L224 227.495 69.255 381.516c-9.379 9.335-24.544 9.317-33.901-.04l-22.667-22.667c-9.373-9.373-9.373-24.569 0-33.941L207.03 130.525c9.372-9.373 24.568-9.373 33.941-.001z\"><\/path><\/svg><\/div>\n\t\t\t\t\t<\/div>\n\t\t\t\t<div id=\"elementor-toc__3ba95c8a\" class=\"elementor-toc__body\">\n\t\t\t<div class=\"elementor-toc__spinner-container\">\n\t\t\t\t<svg class=\"elementor-toc__spinner eicon-animation-spin e-font-icon-svg e-eicon-loading\" aria-hidden=\"true\" viewBox=\"0 0 1000 1000\" xmlns=\"http:\/\/www.w3.org\/2000\/svg\"><path d=\"M500 975V858C696 858 858 696 858 500S696 142 500 142 142 304 142 500H25C25 237 238 25 500 25S975 237 975 500 763 975 500 975Z\"><\/path><\/svg>\t\t\t<\/div>\n\t\t<\/div>\n\t\t\t\t\t\t<\/div>\n\t\t\t\t\t<\/div>\n\t\t<\/div>\n\t\t\t\t\t<\/div>\n\t\t<\/section>\n\t\t\t\t<\/div>\n\t\t\n<h2>\u00bfEst\u00e1 usted cubierto por el seguro de accidentes de trabajo?<\/h2>\n<p>Muchos trabajadores est\u00e1n preocupados de que su empleador no proporciona seguro de compensaci\u00f3n de trabajadores en su lugar, lo que podr\u00eda dejarlos en la estacada en caso de que haya un accidente grave.<\/p>\n<p>Afortunadamente, salvo ciertas excepciones que la mayor\u00eda de los empleadores en la Florida est\u00e1n cubiertos bajo el sistema de compensaci\u00f3n de trabajadores.<\/p>\n<p>La ley dice que si su empresa est\u00e1 en cualquier industria que no sea la construcci\u00f3n y tiene al menos cuatro empleados, ya sea a tiempo completo o parcial, entonces el empleador debe tener cobertura de compensaci\u00f3n laboral.<\/p>\n<p>Los empresarios que trabajan en el sector de la construcci\u00f3n deben tener un seguro de indemnizaci\u00f3n por accidentes laborales. Para obtener m\u00e1s informaci\u00f3n puede consultar a un abogado de compensaci\u00f3n de trabajadores de Clermont Florida puede ayudar.<\/p>\n<h2>\u00bfQu\u00e9 hacer si se lesiona en el trabajo?<\/h2>\n<p>Hay algunas cosas a tener en cuenta si usted se lesiona en un accidente de trabajo. En primer lugar, incluso antes de ponerse en contacto con un abogado para la compensaci\u00f3n de los trabajadores, usted debe notificar a su empleador tan pronto como sea posible.<\/p>\n<p>Esto incluye notificar a su supervisor inmediato, o a cualquier otra autoridad supervisora dentro de la oficina.<\/p>\n<p>La notificaci\u00f3n puede ser en persona, oralmente o por escrito. Si notifica su lesi\u00f3n a su empleador, debe insistir en que rellenen una notificaci\u00f3n de lesi\u00f3n lo antes posible para que pueda estar seguro de que su reclamaci\u00f3n llega al proveedor de seguros del empleador.<\/p>\n<p>Si has sufrido una lesi\u00f3n, debes buscar atenci\u00f3n m\u00e9dica. Acude al m\u00e9dico de la empresa si \u00e9sta dispone de uno. Si no, puede acudir a su propio m\u00e9dico. Es importante que acudas al m\u00e9dico siempre que puedas para que quede constancia del alcance de tus lesiones y no se invalide posteriormente.<\/p>\n<p>Una vez que haya informado a su empresa y haya recibido atenci\u00f3n m\u00e9dica, p\u00f3ngase en contacto con un abogado especializado en lesiones personales que est\u00e9 familiarizado con los concursos laborales de Florida para que le asesore.<\/p>\n<p><a href=\"https:\/\/floridalawyers360.com\/wp-content\/uploads\/2024\/02\/clermont-workers-comp1-copy.webp\"><img fetchpriority=\"high\" decoding=\"async\" class=\"alignnone size-full wp-image-2881\" src=\"https:\/\/floridalawyers360.com\/wp-content\/uploads\/2024\/02\/clermont-workers-comp1-copy.webp\" alt=\"Clermont Workers' Compensation Lawyer\" width=\"500\" height=\"334\" srcset=\"https:\/\/floridalawyers360.com\/wp-content\/uploads\/2024\/02\/clermont-workers-comp1-copy.webp 500w, https:\/\/floridalawyers360.com\/wp-content\/uploads\/2024\/02\/clermont-workers-comp1-copy-300x200.webp 300w\" sizes=\"(max-width: 500px) 100vw, 500px\" \/><\/a><\/p>\n<h2>\u00bfCu\u00e1l es el momento ideal para comunicar un accidente laboral?<\/h2>\n<p>Los trabajadores que hayan sufrido un accidente laboral deben notificar el incidente lo antes posible. Pero no deber\u00edan tardar m\u00e1s de 30 d\u00edas naturales tras el incidente. Si no informa de su lesi\u00f3n en los 30 d\u00edas siguientes al incidente, su reclamaci\u00f3n podr\u00eda correr el riesgo de ser rechazada.<\/p>\n<h2>\u00bfQu\u00e9 ocurre si su empresa no quiere notificar la lesi\u00f3n?<\/h2>\n<p>Su empresario tambi\u00e9n es responsable de comunicarle el accidente. Su empleador tiene que notific\u00e1rselo r\u00e1pidamente a su compa\u00f1\u00eda para asegurarse de que su reclamaci\u00f3n se tramita con rapidez y usted puede empezar a recibir las prestaciones r\u00e1pidamente.<\/p>\n<p>Si se niegan a hacer p\u00fablica la reclamaci\u00f3n o ponerse en contacto con la compa\u00f1\u00eda de seguros y reportar el accidente por su cuenta.<\/p>\n<p>La informaci\u00f3n sobre el seguro de accidentes de trabajo debe estar expuesta en la oficina. Deber\u00eda incluir informaci\u00f3n sobre c\u00f3mo ponerse en contacto con la compa\u00f1\u00eda de seguros.<\/p>\n<p>Si no es as\u00ed, llame a la Oficina de Asistencia al Empleado y Defensor del Trabajador de Florida para que le ayuden a encontrar la informaci\u00f3n. O llame a un abogado en el \u00e1rea local. Clermont Florida abogado de compensaci\u00f3n de trabajadores para obtener ayuda.<\/p>\n<h2>\u00bfEs lo mismo una reclamaci\u00f3n de indemnizaci\u00f3n por accidente laboral que una demanda?<\/h2>\n<p>Esto puede resultar confuso para los trabajadores que nunca se han enfrentado al tema de la indemnizaci\u00f3n por accidente laboral. Aunque pueda parecer que una reclamaci\u00f3n de indemnizaci\u00f3n laboral puede ser id\u00e9ntica a una demanda presentada contra un empresario, la realidad es muy diferente.<\/p>\n<p>Una reclamaci\u00f3n de indemnizaci\u00f3n por accidente laboral no es una demanda contra su empresario. Es una reclamaci\u00f3n real contra la p\u00f3liza de seguro que su empleador compr\u00f3. Un buen abogado en compensaci\u00f3n al trabajador le ayudar\u00e1 a entender m\u00e1s sobre la ley que rige la compensaci\u00f3n al trabajador.<\/p>\n<h2>\u00bfTiene Usted Que Demandar o Presentar una Reclamaci\u00f3n de Compensaci\u00f3n Laboral?<\/h2>\n<p>\u00bfExiste alg\u00fan recurso legal contra su empleador o compa\u00f1ero de trabajo en lugar de presentar una demanda de compensaci\u00f3n al trabajador? Desafortunadamente, no. La compensaci\u00f3n laboral en Florida, as\u00ed como en otros estados, se conoce como un recurso exclusivo.<\/p>\n<p>Los empleados no est\u00e1n autorizados a presentar una demanda por lesiones personales contra su empleador , incluso si \u00e9l o ella ya ha presentado una reclamaci\u00f3n de compensaci\u00f3n al trabajador. Las \u00fanicas excepciones son las demandas por lesiones en el lugar de trabajo en las que interviene un tercero.<\/p>\n<p>Pueden presentarse ante los tribunales. Por ejemplo, si cree que un invitado de otra empresa que entr\u00f3 en su lugar de trabajo le caus\u00f3 lesiones, puede presentar una demanda civil contra esa persona, pero no contra su empresa.<\/p>\n<h2>Reclamaci\u00f3n de indemnizaci\u00f3n por accidente laboral: c\u00f3mo determinar si usted es culpable<\/h2>\n<p>El sistema de compensaci\u00f3n de trabajadores es operado sobre una base de \u00abno culpa\u00bb, que es diferente de otras lesiones personales. Esto significa que los beneficios de compensaci\u00f3n de trabajadores se pagan independientemente de la culpa del individuo o la raz\u00f3n precisa de la lesi\u00f3n.<\/p>\n<p>Esto es bueno para los trabajadores. Elimina la necesidad de culpar al empresario o a los compa\u00f1eros. Tambi\u00e9n acelera el proceso, ya que la investigaci\u00f3n sobre la causa del accidente no tiene por qu\u00e9 ralentizarse.<\/p>\n<p>Tambi\u00e9n es beneficioso, ya que los empleados no tienen que preocuparse por tener que hacer frente a costosas facturas m\u00e9dicas en caso de que hayan sido responsables del incidente. La culpa de un empleado s\u00f3lo es relevante si el accidente fue causado por el alcohol o por una intenci\u00f3n deliberada de da\u00f1ar a la persona.<\/p>\n<p>En estos casos puede rechazarse la reclamaci\u00f3n de indemnizaci\u00f3n del trabajador. Si la reclamaci\u00f3n es denegada y la v\u00edctima es inocente, debe ponerse en contacto con un abogado de compensaci\u00f3n de trabajadores de Clermont, Florida, inmediatamente.<\/p>\n<p><a href=\"https:\/\/floridalawyers360.com\/wp-content\/uploads\/2024\/02\/clermont-workers-comp2-copy.webp\"><img decoding=\"async\" class=\"alignnone size-full wp-image-2882\" src=\"https:\/\/floridalawyers360.com\/wp-content\/uploads\/2024\/02\/clermont-workers-comp2-copy.webp\" alt=\"When to see a doctor for a work injury\" width=\"500\" height=\"334\" srcset=\"https:\/\/floridalawyers360.com\/wp-content\/uploads\/2024\/02\/clermont-workers-comp2-copy.webp 500w, https:\/\/floridalawyers360.com\/wp-content\/uploads\/2024\/02\/clermont-workers-comp2-copy-300x200.webp 300w\" sizes=\"(max-width: 500px) 100vw, 500px\" \/><\/a><\/p>\n<h2>\u00bfCu\u00e1les son los beneficios que un abogado de Compensaci\u00f3n de Trabajadores de Clermont proporciona?<\/h2>\n<p>Los empleadores est\u00e1n obligados a hacerse cargo de los gastos m\u00e9dicos resultantes de accidente de trabajo. Adem\u00e1s, los empleados pueden recibir compensaci\u00f3n por el tiempo fuera del trabajo debido a estas lesiones. La cantidad se calcular\u00e1 en dos tercios de su salario semanal antes de la lesi\u00f3n.<\/p>\n<p>Una ventaja adicional es que las indemnizaciones por accidente laboral no son deducibles de impuestos, lo que significa que una mayor parte de lo que gana se queda en sus bolsillos. De todo esto se puede encargar un abogado de indemnizaci\u00f3n laboral.<\/p>\n<p>Los mejores abogados de compensaci\u00f3n de los trabajadores deben ser conocedores de los diversos aspectos de los seguros de indemnizaci\u00f3n.<\/p>\n<h2>\u00bfDurante cu\u00e1nto tiempo obtendr\u00e1 beneficios de compensaci\u00f3n laboral?<\/h2>\n<p>Los trabajadores de Florida pueden seguir teniendo derecho a las prestaciones por p\u00e9rdida de salario mientras no est\u00e9n en ning\u00fan tipo de situaci\u00f3n relacionada con el trabajo. En estos casos, los trabajadores pueden recibir un m\u00e1ximo de 104 semanas adicionales de beneficios.<\/p>\n<h2>\u00bfQu\u00e9 ocurre si sigue lesionado despu\u00e9s de 104 semanas?<\/h2>\n<p>Si bien es bueno saber que los trabajadores lesionados son propensos a recibir dos a\u00f1os de beneficios, \u00bfqu\u00e9 pasa si se lesion\u00f3 gravemente y no totalmente recuperado en 2 a\u00f1os? Podr\u00eda ser posible para calificar para beneficios de incapacidad permanente en este caso.<\/p>\n<p>Las prestaciones por incapacidad permanente total est\u00e1n disponibles hasta que una persona alcanza la edad de 75 a\u00f1os si las lesiones son lo suficientemente graves.<\/p>\n<h2>\u00bfPuede elegir su propio m\u00e9dico?<\/h2>\n<p>Hay excepciones a la norma general, los casos de compensaci\u00f3n de trabajadores no suelen permitir a los clientes elegir su propio m\u00e9dico. La raz\u00f3n de esto es que la mayor\u00eda de los casos ser\u00e1n resueltos por la compa\u00f1\u00eda de seguros.<\/p>\n<p>El lesionado tiene derecho a presentar una \u00fanica solicitud de cambio de m\u00e9dico. Si su compa\u00f1\u00eda de seguros no selecciona un nuevo m\u00e9dico para usted dentro de 5 d\u00edas, usted puede buscar el tratamiento de un m\u00e9dico de su elecci\u00f3n.<\/p>\n<p>Considere la posibilidad de consultar a un abogado de compensaci\u00f3n de trabajadores de Clermont Florida para obtener asesoramiento sobre sus opciones.<\/p>\n<h2>\u00bfCu\u00e1l es el Plazo M\u00e1ximo que Tengo para Presentar una Reclamaci\u00f3n de Compensaci\u00f3n Laboral en Clermont?<\/h2>\n<p>La fecha l\u00edmite para presentar una reclamaci\u00f3n de beneficios es en realidad de dos a\u00f1os. Esto puede variar dependiendo de la situaci\u00f3n particular.<\/p>\n<p>Aunque los trabajadores tienen dos a\u00f1os para presentar reclamaciones, pero cualquier retraso en informar de un accidente a su empleador, o la b\u00fasqueda de atenci\u00f3n m\u00e9dica podr\u00eda reducir significativamente o eliminar sus posibilidades de obtener beneficios.<\/p>\n<p>En este sentido, es imperativo tomar medidas r\u00e1pidamente y buscar un abogado calificado de compensaci\u00f3n de trabajadores de Clermont Florida para iniciar el proceso de reclamaci\u00f3n. Aqu\u00ed hay m\u00e1s informaci\u00f3n sobre el estatuto de limitaciones en Florida para reclamaciones de compensaci\u00f3n de trabajadores.<\/p>\n<p><a href=\"https:\/\/floridalawyers360.com\/wp-content\/uploads\/2024\/02\/clermont-workers-comp3-copy.webp\"><img decoding=\"async\" class=\"alignnone size-full wp-image-2883\" src=\"https:\/\/floridalawyers360.com\/wp-content\/uploads\/2024\/02\/clermont-workers-comp3-copy.webp\" alt=\"Workplace accident claim\" width=\"500\" height=\"334\" srcset=\"https:\/\/floridalawyers360.com\/wp-content\/uploads\/2024\/02\/clermont-workers-comp3-copy.webp 500w, https:\/\/floridalawyers360.com\/wp-content\/uploads\/2024\/02\/clermont-workers-comp3-copy-300x200.webp 300w\" sizes=\"(max-width: 500px) 100vw, 500px\" \/><\/a><\/p>\n<h2>\u00bfLe pueden despedir por una reclamaci\u00f3n de indemnizaci\u00f3n por accidente laboral?<\/h2>\n<p>Los trabajadores que se lesionan suelen estar preocupados de que su empleador pueda despedirlos si presentan una demanda de compensaci\u00f3n al trabajador. Sin embargo, no hay raz\u00f3n para preocuparse por perder su trabajo al presentar una demanda de compensaci\u00f3n al trabajador.<\/p>\n<p>Si este es el caso, entonces el abogado de compensaci\u00f3n al trabajador o el empleador necesita ser educado en la forma en que el seguro de compensaci\u00f3n al trabajador debe ser utilizado.<\/p>\n<p>Los empleadores en Florida no pueden despedir a los trabajadores porque presentaron la reclamaci\u00f3n a trav\u00e9s de un abogado de lesiones personales para el seguro de compensaci\u00f3n de trabajadores. Los empleadores podr\u00edan ser responsables de demandas civiles si despiden a alguien por hacer un reclamo de compensaci\u00f3n de trabajadores.<\/p>\n<p>El trabajador podr\u00eda demandar a su empleador por haber sido despedido debido a razones injustificables, y posiblemente reclamar da\u00f1os y perjuicios.<\/p>\n<p>Si usted ha sido v\u00edctima de una lesi\u00f3n mientras trabajaba en Clermont y se lesiona, es importante notificar a su empleador tan pronto como sea posible y buscar tratamiento m\u00e9dico.<\/p>\n<p>Mientras tanto, contacte a un <a href=\"\/\">Abogado de Compensaci\u00f3n al Trabajador de Clermont Florida<\/a> para obtener una consulta sin costo para identificar los siguientes pasos a seguir para ayudarlo a obtener el tiempo libre del trabajo.<\/p>\n","protected":false},"excerpt":{"rendered":"<p>Un abogado de Compensaci\u00f3n al Trabajador de Clermont lo guiar\u00e1 a trav\u00e9s del sistema legal de compensaci\u00f3n al trabajador. Este sistema fue desarrollado para salvaguardar a los trabajadores que sufrieron lesiones mientras estaban en el trabajo. En Florida, estos beneficios se ofrecen a los trabajadores lesionados, independientemente de la culpa, lo que significa que un [&hellip;]<\/p>\n","protected":false},"author":22,"featured_media":0,"parent":5743,"menu_order":0,"comment_status":"closed","ping_status":"closed","template":"","meta":{"_acf_changed":false,"anchor_text":"","footnotes":""},"categories":[],"tags":[],"class_list":["post-5753","page","type-page","status-publish","hentry"],"acf":[],"_links":{"self":[{"href":"https:\/\/floridalawyers360.com\/es\/wp-json\/wp\/v2\/pages\/5753","targetHints":{"allow":["GET"]}}],"collection":[{"href":"https:\/\/floridalawyers360.com\/es\/wp-json\/wp\/v2\/pages"}],"about":[{"href":"https:\/\/floridalawyers360.com\/es\/wp-json\/wp\/v2\/types\/page"}],"author":[{"embeddable":true,"href":"https:\/\/floridalawyers360.com\/es\/wp-json\/wp\/v2\/users\/22"}],"replies":[{"embeddable":true,"href":"https:\/\/floridalawyers360.com\/es\/wp-json\/wp\/v2\/comments?post=5753"}],"version-history":[{"count":3,"href":"https:\/\/floridalawyers360.com\/es\/wp-json\/wp\/v2\/pages\/5753\/revisions"}],"predecessor-version":[{"id":5756,"href":"https:\/\/floridalawyers360.com\/es\/wp-json\/wp\/v2\/pages\/5753\/revisions\/5756"}],"up":[{"embeddable":true,"href":"https:\/\/floridalawyers360.com\/es\/wp-json\/wp\/v2\/pages\/5743"}],"wp:attachment":[{"href":"https:\/\/floridalawyers360.com\/es\/wp-json\/wp\/v2\/media?parent=5753"}],"wp:term":[{"taxonomy":"category","embeddable":true,"href":"https:\/\/floridalawyers360.com\/es\/wp-json\/wp\/v2\/categories?post=5753"},{"taxonomy":"post_tag","embeddable":true,"href":"https:\/\/floridalawyers360.com\/es\/wp-json\/wp\/v2\/tags?post=5753"}],"curies":[{"name":"wp","href":"https:\/\/api.w.org\/{rel}","templated":true}]}}